{"id":9513,"date":"2025-11-18T05:20:04","date_gmt":"2025-11-18T05:20:04","guid":{"rendered":"https:\/\/www.carliseppf.com\/?post_type=product&#038;p=9513"},"modified":"2025-11-20T09:12:24","modified_gmt":"2025-11-20T09:12:24","slug":"car-transport-wrap-vehicle-paint-protection-film-midnight-purple","status":"publish","type":"product","link":"https:\/\/www.carliseppf.com\/es\/product\/car-transport-wrap-vehicle-paint-protection-film-midnight-purple\/","title":{"rendered":"Envoltura de protecci\u00f3n de pintura para transporte de autom\u00f3viles \u2013 Vinilo met\u00e1lico p\u00farpura medianoche"},"content":{"rendered":"<h2 data-start=\"770\" data-end=\"791\">Resumen del Producto<\/h2>\n<p data-start=\"792\" data-end=\"1129\">Este premium <strong data-start=\"805\" data-end=\"857\">envoltura de transporte de coche, pel\u00edcula de protecci\u00f3n de pintura del veh\u00edculo<\/strong> ofrece un acabado met\u00e1lico p\u00farpura medianoche de alto brillo, combinando estilo y protecci\u00f3n. Perfecto para envolturas completas o parciales, motocicletas, molduras interiores y personalizaciones creativas. El suministro directo de f\u00e1brica garantiza pedidos al por mayor y tama\u00f1os personalizados para instaladores y mayoristas.<\/p>\n<p data-start=\"792\" data-end=\"1129\"><img fetchpriority=\"high\" decoding=\"async\" class=\"alignnone wp-image-9540 size-full\" src=\"https:\/\/www.carliseppf.com\/wp-content\/uploads\/2025\/11\/He15c1bb80314407daedbea52e3dec2505.png_avifclosewebpclose.png\" alt=\"Envoltura de transporte de coche, pel\u00edcula de protecci\u00f3n de pintura del veh\u00edculo\" width=\"800\" height=\"800\" srcset=\"https:\/\/www.carliseppf.com\/wp-content\/uploads\/2025\/11\/He15c1bb80314407daedbea52e3dec2505.png_avifclosewebpclose.png 800w, https:\/\/www.carliseppf.com\/wp-content\/uploads\/2025\/11\/He15c1bb80314407daedbea52e3dec2505.png_avifclosewebpclose-300x300.png 300w, https:\/\/www.carliseppf.com\/wp-content\/uploads\/2025\/11\/He15c1bb80314407daedbea52e3dec2505.png_avifclosewebpclose-150x150.png 150w, https:\/\/www.carliseppf.com\/wp-content\/uploads\/2025\/11\/He15c1bb80314407daedbea52e3dec2505.png_avifclosewebpclose-768x768.png 768w, https:\/\/www.carliseppf.com\/wp-content\/uploads\/2025\/11\/He15c1bb80314407daedbea52e3dec2505.png_avifclosewebpclose-370x370.png 370w, https:\/\/www.carliseppf.com\/wp-content\/uploads\/2025\/11\/He15c1bb80314407daedbea52e3dec2505.png_avifclosewebpclose-120x120.png 120w, https:\/\/www.carliseppf.com\/wp-content\/uploads\/2025\/11\/He15c1bb80314407daedbea52e3dec2505.png_avifclosewebpclose-410x410.png 410w, https:\/\/www.carliseppf.com\/wp-content\/uploads\/2025\/11\/He15c1bb80314407daedbea52e3dec2505.png_avifclosewebpclose-630x630.png 630w, https:\/\/www.carliseppf.com\/wp-content\/uploads\/2025\/11\/He15c1bb80314407daedbea52e3dec2505.png_avifclosewebpclose-730x730.png 730w, https:\/\/www.carliseppf.com\/wp-content\/uploads\/2025\/11\/He15c1bb80314407daedbea52e3dec2505.png_avifclosewebpclose-460x460.png 460w\" sizes=\"(max-width: 800px) 100vw, 800px\" \/><\/p>\n<h2 data-start=\"1131\" data-end=\"1153\">Dise\u00f1o y caracter\u00edsticas<\/h2>\n<ul data-start=\"1154\" data-end=\"1455\">\n<li data-start=\"1154\" data-end=\"1205\">\n<p data-start=\"1156\" data-end=\"1205\">Acabado met\u00e1lico p\u00farpura medianoche de alto brillo audaz<\/p>\n<\/li>\n<li data-start=\"1206\" data-end=\"1268\">\n<p data-start=\"1208\" data-end=\"1268\">Material PET\/PVC suave para profesionales <strong data-start=\"1249\" data-end=\"1266\">pel\u00edcula para envoltura de autos<\/strong><\/p>\n<\/li>\n<li data-start=\"1269\" data-end=\"1338\">\n<p data-start=\"1271\" data-end=\"1338\">Adecuado para carrocer\u00eda completa o parcial <strong data-start=\"1305\" data-end=\"1327\">pel\u00edcula de envoltura para coches<\/strong> proyectos<\/p>\n<\/li>\n<li data-start=\"1339\" data-end=\"1388\">\n<p data-start=\"1341\" data-end=\"1388\">Ideal para crear \u00fanicos <strong data-start=\"1367\" data-end=\"1386\">colores de envoltura de coche<\/strong><\/p>\n<\/li>\n<li data-start=\"1389\" data-end=\"1455\">\n<p data-start=\"1391\" data-end=\"1455\">Perfecto para talleres automotrices, pedidos al por mayor y proyectos personalizados<\/p>\n<\/li>\n<\/ul>\n<h2 data-start=\"1457\" data-end=\"1483\">Material de alta calidad<\/h2>\n<ul data-start=\"1484\" data-end=\"1697\">\n<li data-start=\"1484\" data-end=\"1534\">\n<p data-start=\"1486\" data-end=\"1534\">Vinilo automotriz PET\/PVC duradero y resistente a los rayos UV<\/p>\n<\/li>\n<li data-start=\"1535\" data-end=\"1588\">\n<p data-start=\"1537\" data-end=\"1588\">Resistente a ara\u00f1azos, impermeable y seguro para la pintura OEM<\/p>\n<\/li>\n<li data-start=\"1589\" data-end=\"1637\">\n<p data-start=\"1591\" data-end=\"1637\">Rendimiento duradero en exteriores (3\u20135 a\u00f1os)<\/p>\n<\/li>\n<li data-start=\"1638\" data-end=\"1697\">\n<p data-start=\"1640\" data-end=\"1697\">Compatible con profesionales <strong data-start=\"1669\" data-end=\"1689\">Pel\u00edcula de envoltura para coche 3M<\/strong> herramientas<\/p>\n<\/li>\n<\/ul>\n<h2 data-start=\"1699\" data-end=\"1737\">F\u00e1cil instalaci\u00f3n y personalizaci\u00f3n<\/h2>\n<ul data-start=\"1738\" data-end=\"1949\">\n<li data-start=\"1738\" data-end=\"1790\">\n<p data-start=\"1740\" data-end=\"1790\">Adhesivo con liberaci\u00f3n de aire para una aplicaci\u00f3n sin burbujas<\/p>\n<\/li>\n<li data-start=\"1791\" data-end=\"1842\">\n<p data-start=\"1793\" data-end=\"1842\">Flexible y termoformable para curvas y bordes<\/p>\n<\/li>\n<li data-start=\"1843\" data-end=\"1894\">\n<p data-start=\"1845\" data-end=\"1894\">Rollos personalizables para pedidos al por mayor o en volumen<\/p>\n<\/li>\n<li data-start=\"1895\" data-end=\"1949\">\n<p data-start=\"1897\" data-end=\"1949\">Apto para instaladores profesionales y usuarios de bricolaje<\/p>\n<\/li>\n<\/ul>\n<h2 data-start=\"1951\" data-end=\"1968\">Aplicaciones<\/h2>\n<ul data-start=\"1969\" data-end=\"2181\">\n<li data-start=\"1969\" data-end=\"2022\">\n<p data-start=\"1971\" data-end=\"2022\">Envoltorios completos para veh\u00edculos: coches, SUVs, motocicletas, furgonetas<\/p>\n<\/li>\n<li data-start=\"2023\" data-end=\"2073\">\n<p data-start=\"2025\" data-end=\"2073\">Envoltorios parciales: cap\u00f3s, techos, espejos, spoilers<\/p>\n<\/li>\n<li data-start=\"2074\" data-end=\"2114\">\n<p data-start=\"2076\" data-end=\"2114\">Ajustes interiores y paneles decorativos<\/p>\n<\/li>\n<li data-start=\"2115\" data-end=\"2181\">\n<p data-start=\"2117\" data-end=\"2181\">Ideal para <strong data-start=\"2127\" data-end=\"2149\">envoltura de transporte de coche<\/strong> y proyectos de protecci\u00f3n de pintura<\/p>\n<\/li>\n<\/ul>\n<h2 data-start=\"2183\" data-end=\"2202\">Especificaciones<\/h2>\n<p data-start=\"2203\" data-end=\"2432\">Material: vinilo automotriz PET\/PVC<br data-start=\"2237\" data-end=\"2240\" \/>Color: P\u00farpura Medianoche Met\u00e1lico<br data-start=\"2271\" data-end=\"2274\" \/>Acabado: Alto brillo<br data-start=\"2292\" data-end=\"2295\" \/>Grosor: 150\u2013180 \u03bcm<br data-start=\"2316\" data-end=\"2319\" \/>Adhesivo: Liberaci\u00f3n de aire, reposicionable<br data-start=\"2356\" data-end=\"2359\" \/>Durabilidad: 3\u20135 a\u00f1os en exteriores<br data-start=\"2388\" data-end=\"2391\" \/>Tama\u00f1o del rollo: Personalizable para pedidos al por mayor<\/p>\n<h2 data-start=\"2434\" data-end=\"2453\">Ventajas clave<\/h2>\n<ul data-start=\"2454\" data-end=\"2752\">\n<li data-start=\"2454\" data-end=\"2529\">\n<p data-start=\"2456\" data-end=\"2529\">De grado profesional <strong data-start=\"2475\" data-end=\"2527\">envoltura de transporte de coche, pel\u00edcula de protecci\u00f3n de pintura del veh\u00edculo<\/strong><\/p>\n<\/li>\n<li data-start=\"2530\" data-end=\"2593\">\n<p data-start=\"2532\" data-end=\"2593\">Acabado met\u00e1lico de alto brillo con vibrantes <strong data-start=\"2572\" data-end=\"2591\">colores de envoltura de coche<\/strong><\/p>\n<\/li>\n<li data-start=\"2594\" data-end=\"2634\">\n<p data-start=\"2596\" data-end=\"2634\">Duradero, a prueba de UV, resistente a ara\u00f1azos<\/p>\n<\/li>\n<li data-start=\"2635\" data-end=\"2689\">\n<p data-start=\"2637\" data-end=\"2689\">Directo de f\u00e1brica, completamente personalizable para pedidos al por mayor<\/p>\n<\/li>\n<li data-start=\"2690\" data-end=\"2752\">\n<p data-start=\"2692\" data-end=\"2752\">F\u00e1cil de instalar tanto para bricolaje como para instaladores profesionales<\/p>\n<\/li>\n<\/ul>\n<h2 data-start=\"2754\" data-end=\"2775\">Incluye el paquete<\/h2>\n<ul data-start=\"2776\" data-end=\"2898\">\n<li data-start=\"2776\" data-end=\"2829\">\n<p data-start=\"2778\" data-end=\"2829\">1 Rollo de Vinilo de envoltura de coche met\u00e1lica p\u00farpura medianoche<\/p>\n<\/li>\n<li data-start=\"2830\" data-end=\"2898\">\n<p data-start=\"2832\" data-end=\"2898\">Kit de instalaci\u00f3n opcional: esp\u00e1tula, cuchilla, pa\u00f1o de microfibra<\/p>\n<\/li>\n<\/ul>\n<h2 data-start=\"2900\" data-end=\"2929\">\u00bfPor qu\u00e9 elegir este producto?<\/h2>\n<p data-start=\"2930\" data-end=\"3237\">Este directo de f\u00e1brica <strong data-start=\"2950\" data-end=\"3002\">envoltura de transporte de coche, pel\u00edcula de protecci\u00f3n de pintura del veh\u00edculo<\/strong> ofrece calidad profesional, color vibrante y protecci\u00f3n duradera. Completamente personalizable para pedidos al por mayor o individuales, ideal para instaladores, mayoristas y negocios que ofrecen envolturas de alta calidad <strong data-start=\"3201\" data-end=\"3224\">envoltura de vinilo para coches<\/strong> soluciones.<\/p>","protected":false},"excerpt":{"rendered":"<p data-start=\"853\" data-end=\"1131\">Actualiza tu veh\u00edculo con esto <strong data-start=\"884\" data-end=\"927\">Vinilo de acabado met\u00e1lico p\u00farpura medianoche<\/strong>. Acabado de alto brillo con una pel\u00edcula duradera de PET\/PVC. Adecuado para envolturas profesionales de coches, proyectos de vinilo para envolturas de coches y creaci\u00f3n de colores llamativos para envolturas de coches. Completamente personalizable y disponible para pedidos al por mayor.<\/p>","protected":false},"featured_media":9516,"comment_status":"open","ping_status":"closed","template":"","meta":[],"product_brand":[],"product_cat":[214],"product_tag":[],"class_list":{"0":"post-9513","1":"product","2":"type-product","3":"status-publish","4":"has-post-thumbnail","6":"product_cat-car-vinyl-wrap-film","8":"first","9":"instock","10":"shipping-taxable","11":"product-type-simple"},"_links":{"self":[{"href":"https:\/\/www.carliseppf.com\/es\/wp-json\/wp\/v2\/product\/9513","targetHints":{"allow":["GET"]}}],"collection":[{"href":"https:\/\/www.carliseppf.com\/es\/wp-json\/wp\/v2\/product"}],"about":[{"href":"https:\/\/www.carliseppf.com\/es\/wp-json\/wp\/v2\/types\/product"}],"replies":[{"embeddable":true,"href":"https:\/\/www.carliseppf.com\/es\/wp-json\/wp\/v2\/comments?post=9513"}],"wp:featuredmedia":[{"embeddable":true,"href":"https:\/\/www.carliseppf.com\/es\/wp-json\/wp\/v2\/media\/9516"}],"wp:attachment":[{"href":"https:\/\/www.carliseppf.com\/es\/wp-json\/wp\/v2\/media?parent=9513"}],"wp:term":[{"taxonomy":"product_brand","embeddable":true,"href":"https:\/\/www.carliseppf.com\/es\/wp-json\/wp\/v2\/product_brand?post=9513"},{"taxonomy":"product_cat","embeddable":true,"href":"https:\/\/www.carliseppf.com\/es\/wp-json\/wp\/v2\/product_cat?post=9513"},{"taxonomy":"product_tag","embeddable":true,"href":"https:\/\/www.carliseppf.com\/es\/wp-json\/wp\/v2\/product_tag?post=9513"}],"curies":[{"name":"wp","href":"https:\/\/api.w.org\/{rel}","templated":true}]}}