{"id":9527,"date":"2025-11-18T06:51:01","date_gmt":"2025-11-18T06:51:01","guid":{"rendered":"https:\/\/www.carliseppf.com\/?post_type=product&#038;p=9527"},"modified":"2025-11-20T08:48:54","modified_gmt":"2025-11-20T08:48:54","slug":"vinyl-wrap-for-cars-carbon-fiber-camo","status":"publish","type":"product","link":"https:\/\/www.carliseppf.com\/es\/product\/vinyl-wrap-for-cars-carbon-fiber-camo\/","title":{"rendered":"Envoltura de vinilo de fibra de carbono de camuflaje de alta calidad"},"content":{"rendered":"<h3 data-start=\"1225\" data-end=\"1251\"><strong data-start=\"1229\" data-end=\"1251\">Resumen del Producto<\/strong><\/h3>\n<p data-start=\"1252\" data-end=\"1559\">Este <strong data-start=\"1257\" data-end=\"1288\">envoltura de vinilo premium para coches<\/strong> combina una audaz textura de fibra de carbono 3D con dise\u00f1o de camuflaje. Dise\u00f1ado para profesionales <strong data-start=\"1377\" data-end=\"1390\">vinilos adhesivos para coches<\/strong>, esta pel\u00edcula es perfecta para envolturas completas o parciales, motocicletas, molduras interiores y proyectos al por mayor. El suministro directo de f\u00e1brica la hace ideal para mayoristas y pedidos personalizados.<\/p>\n<p data-start=\"1252\" data-end=\"1559\"><img fetchpriority=\"high\" decoding=\"async\" class=\"alignnone wp-image-9529 size-full\" src=\"https:\/\/www.carliseppf.com\/wp-content\/uploads\/2025\/11\/H5fd831a3b1db4bc6953b256714d3beccn.png_avifclosewebpclose.png\" alt=\"envoltura de vinilo para coches\" width=\"800\" height=\"800\" srcset=\"https:\/\/www.carliseppf.com\/wp-content\/uploads\/2025\/11\/H5fd831a3b1db4bc6953b256714d3beccn.png_avifclosewebpclose.png 800w, https:\/\/www.carliseppf.com\/wp-content\/uploads\/2025\/11\/H5fd831a3b1db4bc6953b256714d3beccn.png_avifclosewebpclose-300x300.png 300w, https:\/\/www.carliseppf.com\/wp-content\/uploads\/2025\/11\/H5fd831a3b1db4bc6953b256714d3beccn.png_avifclosewebpclose-150x150.png 150w, https:\/\/www.carliseppf.com\/wp-content\/uploads\/2025\/11\/H5fd831a3b1db4bc6953b256714d3beccn.png_avifclosewebpclose-768x768.png 768w, https:\/\/www.carliseppf.com\/wp-content\/uploads\/2025\/11\/H5fd831a3b1db4bc6953b256714d3beccn.png_avifclosewebpclose-370x370.png 370w, https:\/\/www.carliseppf.com\/wp-content\/uploads\/2025\/11\/H5fd831a3b1db4bc6953b256714d3beccn.png_avifclosewebpclose-120x120.png 120w, https:\/\/www.carliseppf.com\/wp-content\/uploads\/2025\/11\/H5fd831a3b1db4bc6953b256714d3beccn.png_avifclosewebpclose-410x410.png 410w, https:\/\/www.carliseppf.com\/wp-content\/uploads\/2025\/11\/H5fd831a3b1db4bc6953b256714d3beccn.png_avifclosewebpclose-630x630.png 630w, https:\/\/www.carliseppf.com\/wp-content\/uploads\/2025\/11\/H5fd831a3b1db4bc6953b256714d3beccn.png_avifclosewebpclose-730x730.png 730w, https:\/\/www.carliseppf.com\/wp-content\/uploads\/2025\/11\/H5fd831a3b1db4bc6953b256714d3beccn.png_avifclosewebpclose-460x460.png 460w\" sizes=\"(max-width: 800px) 100vw, 800px\" \/><\/p>\n<hr data-start=\"1561\" data-end=\"1564\" \/>\n<h3 data-start=\"1566\" data-end=\"1601\"><strong data-start=\"1570\" data-end=\"1601\">Caracter\u00edsticas de dise\u00f1o y visuales<\/strong><\/h3>\n<ul data-start=\"1602\" data-end=\"1795\">\n<li data-start=\"1602\" data-end=\"1640\">\n<p data-start=\"1604\" data-end=\"1640\">Patr\u00f3n de camuflaje de fibra de carbono 3D<\/p>\n<\/li>\n<li data-start=\"1641\" data-end=\"1678\">\n<p data-start=\"1643\" data-end=\"1678\">Acabados mate\/brillante en negro fantasma<\/p>\n<\/li>\n<li data-start=\"1679\" data-end=\"1730\">\n<p data-start=\"1681\" data-end=\"1730\">Destaca <strong data-start=\"1690\" data-end=\"1709\">colores de envoltura de coche<\/strong> para un estilo \u00fanico<\/p>\n<\/li>\n<li data-start=\"1731\" data-end=\"1795\">\n<p data-start=\"1733\" data-end=\"1795\">Adecuado para carrocer\u00eda completa o parcial <strong data-start=\"1767\" data-end=\"1784\">envoltura de coche<\/strong> proyectos<\/p>\n<\/li>\n<\/ul>\n<p data-start=\"1797\" data-end=\"1873\">Perfecto para instaladores y talleres que ofrecen <strong data-start=\"1840\" data-end=\"1863\">envoltura de vinilo para coches<\/strong> servicios.<\/p>\n<hr data-start=\"1875\" data-end=\"1878\" \/>\n<h3 data-start=\"1880\" data-end=\"1916\"><strong data-start=\"1884\" data-end=\"1916\">Material de PVC de alta calidad<\/strong><\/h3>\n<ul data-start=\"1917\" data-end=\"2063\">\n<li data-start=\"1917\" data-end=\"1945\">\n<p data-start=\"1919\" data-end=\"1945\">Duradero y resistente a los UV<\/p>\n<\/li>\n<li data-start=\"1946\" data-end=\"1991\">\n<p data-start=\"1948\" data-end=\"1991\">A prueba de ara\u00f1azos, impermeable y protector<\/p>\n<\/li>\n<li data-start=\"1992\" data-end=\"2027\">\n<p data-start=\"1994\" data-end=\"2027\">Seguro para todas las superficies de pintura OEM<\/p>\n<\/li>\n<li data-start=\"2028\" data-end=\"2063\">\n<p data-start=\"2030\" data-end=\"2063\">De larga duraci\u00f3n, 3 a 5 a\u00f1os en exteriores<\/p>\n<\/li>\n<\/ul>\n<p data-start=\"2065\" data-end=\"2146\">Una soluci\u00f3n confiable <strong data-start=\"2076\" data-end=\"2094\">vinilo adhesivo para coches<\/strong> para proyectos profesionales y pedidos al por mayor.<\/p>\n<hr data-start=\"2148\" data-end=\"2151\" \/>\n<h3 data-start=\"2153\" data-end=\"2197\"><strong data-start=\"2157\" data-end=\"2197\">\u00a0F\u00e1cil instalaci\u00f3n y personalizaci\u00f3n<\/strong><\/h3>\n<ul data-start=\"2198\" data-end=\"2418\">\n<li data-start=\"2198\" data-end=\"2250\">\n<p data-start=\"2200\" data-end=\"2250\">Canales de liberaci\u00f3n de aire para una aplicaci\u00f3n sin burbujas<\/p>\n<\/li>\n<li data-start=\"2251\" data-end=\"2306\">\n<p data-start=\"2253\" data-end=\"2306\">Elastible y reposicionable para curvas y bordes<\/p>\n<\/li>\n<li data-start=\"2307\" data-end=\"2359\">\n<p data-start=\"2309\" data-end=\"2359\">Compatible con conformado por calor para una instalaci\u00f3n precisa<\/p>\n<\/li>\n<li data-start=\"2360\" data-end=\"2418\">\n<p data-start=\"2362\" data-end=\"2418\">Disponible en tama\u00f1os personalizados para pedidos al por mayor o en volumen<\/p>\n<\/li>\n<\/ul>\n<p data-start=\"2420\" data-end=\"2477\">Ideal para envolturas completas o parciales <strong data-start=\"2446\" data-end=\"2463\">para coches<\/strong> aplicaciones.<\/p>\n<hr data-start=\"2479\" data-end=\"2482\" \/>\n<h3 data-start=\"2484\" data-end=\"2507\"><strong data-start=\"2488\" data-end=\"2507\">\u00a0Aplicaciones<\/strong><\/h3>\n<ul data-start=\"2508\" data-end=\"2728\">\n<li data-start=\"2508\" data-end=\"2561\">\n<p data-start=\"2510\" data-end=\"2561\">Envolturas completas de veh\u00edculos: coches, SUVs, furgonetas, motocicletas<\/p>\n<\/li>\n<li data-start=\"2562\" data-end=\"2612\">\n<p data-start=\"2564\" data-end=\"2612\">Envoltorios parciales: cap\u00f3s, techos, espejos, spoilers<\/p>\n<\/li>\n<li data-start=\"2613\" data-end=\"2653\">\n<p data-start=\"2615\" data-end=\"2653\">Ajustes interiores y paneles decorativos<\/p>\n<\/li>\n<li data-start=\"2654\" data-end=\"2728\">\n<p data-start=\"2656\" data-end=\"2728\">Perfecto para instaladores y mayoristas que buscan <strong data-start=\"2703\" data-end=\"2726\">envoltura de vinilo para coches<\/strong><\/p>\n<\/li>\n<\/ul>\n<hr data-start=\"2730\" data-end=\"2733\" \/>\n<h3 data-start=\"2735\" data-end=\"2760\"><strong data-start=\"2739\" data-end=\"2760\">\u00a0Especificaciones<\/strong><\/h3>\n<div class=\"_tableContainer_1rjym_1\">\n<div class=\"group _tableWrapper_1rjym_13 flex w-fit flex-col-reverse\" tabindex=\"-1\">\n<table class=\"w-fit min-w-(--thread-content-width)\" data-start=\"2761\" data-end=\"3057\">\n<thead data-start=\"2761\" data-end=\"2782\">\n<tr data-start=\"2761\" data-end=\"2782\">\n<th data-start=\"2761\" data-end=\"2771\" data-col-size=\"sm\">Caracter\u00edstica<\/th>\n<th data-start=\"2771\" data-end=\"2782\" data-col-size=\"sm\">Detalles<\/th>\n<\/tr>\n<\/thead>\n<tbody data-start=\"2805\" data-end=\"3057\">\n<tr data-start=\"2805\" data-end=\"2848\">\n<td data-start=\"2805\" data-end=\"2816\" data-col-size=\"sm\">Material<\/td>\n<td data-start=\"2816\" data-end=\"2848\" data-col-size=\"sm\">Vinilo automotriz de PVC de alta calidad<\/td>\n<\/tr>\n<tr data-start=\"2849\" data-end=\"2889\">\n<td data-start=\"2849\" data-end=\"2859\" data-col-size=\"sm\">Patr\u00f3n<\/td>\n<td data-start=\"2859\" data-end=\"2889\" data-col-size=\"sm\">Camuflaje en fibra de carbono 3D<\/td>\n<\/tr>\n<tr data-start=\"2890\" data-end=\"2913\">\n<td data-start=\"2890\" data-end=\"2898\" data-col-size=\"sm\">Color<\/td>\n<td data-start=\"2898\" data-end=\"2913\" data-col-size=\"sm\">Negro fantasma<\/td>\n<\/tr>\n<tr data-start=\"2914\" data-end=\"2940\">\n<td data-start=\"2914\" data-end=\"2926\" data-col-size=\"sm\">Grosor<\/td>\n<td data-start=\"2926\" data-end=\"2940\" data-col-size=\"sm\">150\u2013180 \u03bcm<\/td>\n<\/tr>\n<tr data-start=\"2941\" data-end=\"2979\">\n<td data-start=\"2941\" data-end=\"2950\" data-col-size=\"sm\">Terminar<\/td>\n<td data-start=\"2950\" data-end=\"2979\" data-col-size=\"sm\">Textura 3D mate \/ brillante<\/td>\n<\/tr>\n<tr data-start=\"2980\" data-end=\"3022\">\n<td data-start=\"2980\" data-end=\"2991\" data-col-size=\"sm\">Adhesivo<\/td>\n<td data-start=\"2991\" data-end=\"3022\" data-col-size=\"sm\">Liberaci\u00f3n de aire, reposicionable<\/td>\n<\/tr>\n<tr data-start=\"3023\" data-end=\"3057\">\n<td data-start=\"3023\" data-end=\"3036\" data-col-size=\"sm\">Durabilidad<\/td>\n<td data-start=\"3036\" data-end=\"3057\" data-col-size=\"sm\">3\u20135 a\u00f1os en exteriores<\/td>\n<\/tr>\n<\/tbody>\n<\/table>\n<\/div>\n<\/div>\n<hr data-start=\"3059\" data-end=\"3062\" \/>\n<h3 data-start=\"3064\" data-end=\"3089\"><strong data-start=\"3068\" data-end=\"3089\">Ventajas clave<\/strong><\/h3>\n<ul data-start=\"3090\" data-end=\"3413\">\n<li data-start=\"3090\" data-end=\"3165\">\n<p data-start=\"3092\" data-end=\"3165\">Dise\u00f1o audaz de camuflaje en fibra de carbono 3D con acabado premium <strong data-start=\"3144\" data-end=\"3163\">colores de envoltura de coche<\/strong><\/p>\n<\/li>\n<li data-start=\"3166\" data-end=\"3211\">\n<p data-start=\"3168\" data-end=\"3211\">Duradero, a prueba de UV <strong data-start=\"3186\" data-end=\"3209\">envoltura de vinilo para coches<\/strong><\/p>\n<\/li>\n<li data-start=\"3212\" data-end=\"3279\">\n<p data-start=\"3214\" data-end=\"3279\">Suministro directo de f\u00e1brica para pedidos al por mayor y proyectos personalizables<\/p>\n<\/li>\n<li data-start=\"3280\" data-end=\"3333\">\n<p data-start=\"3282\" data-end=\"3333\">F\u00e1cil de instalar para profesionales y usuarios de bricolaje<\/p>\n<\/li>\n<li data-start=\"3334\" data-end=\"3413\">\n<p data-start=\"3336\" data-end=\"3413\">Ideal para mayoristas o talleres de envolturas de coches que ofrecen <strong data-start=\"3385\" data-end=\"3402\">envoltura de coche<\/strong> servicios<\/p>\n<\/li>\n<\/ul>\n<hr data-start=\"3415\" data-end=\"3418\" \/>\n<h3 data-start=\"3420\" data-end=\"3447\"><strong data-start=\"3424\" data-end=\"3447\">Incluye el paquete<\/strong><\/h3>\n<ul data-start=\"3448\" data-end=\"3565\">\n<li data-start=\"3448\" data-end=\"3496\">\n<p data-start=\"3450\" data-end=\"3496\">1 Rollo de Vinilo de Camuflaje de Fibra de Carbono<\/p>\n<\/li>\n<li data-start=\"3497\" data-end=\"3565\">\n<p data-start=\"3499\" data-end=\"3565\">Kit de instalaci\u00f3n opcional: esp\u00e1tula, cuchilla, pa\u00f1o de microfibra<\/p>\n<\/li>\n<\/ul>\n<hr data-start=\"3567\" data-end=\"3570\" \/>\n<h3 data-start=\"3572\" data-end=\"3607\"><strong data-start=\"3576\" data-end=\"3607\">\u00bfPor qu\u00e9 elegir este producto?<\/strong><\/h3>\n<p data-start=\"3608\" data-end=\"3850\">Este <strong data-start=\"3613\" data-end=\"3646\">vinilo para envolver coches directo de f\u00e1brica<\/strong> ofrece calidad profesional y opciones completamente personalizables. Ideal para instaladores y mayoristas que buscan alta calidad <strong data-start=\"3773\" data-end=\"3786\">vinilos adhesivos para coches<\/strong>, con destaque <strong data-start=\"3802\" data-end=\"3821\">colores de envoltura de coche<\/strong> y protecci\u00f3n duradera y de larga duraci\u00f3n.<\/p>","protected":false},"excerpt":{"rendered":"<p data-start=\"908\" data-end=\"1191\">Mejora tu veh\u00edculo con esto <strong data-start=\"939\" data-end=\"970\">envoltura de vinilo premium para coches<\/strong>. Directamente de f\u00e1brica y completamente personalizable para pedidos al por mayor, ofrece protecci\u00f3n duradera, \u00fanica <strong data-start=\"1066\" data-end=\"1085\">colores de envoltura de coche<\/strong>, y calidad de grado profesional. Ideal para instaladores y mayoristas que buscan alta calidad <strong data-start=\"1177\" data-end=\"1190\">vinilos adhesivos para coches<\/strong>.<\/p>","protected":false},"featured_media":9528,"comment_status":"open","ping_status":"closed","template":"","meta":[],"product_brand":[],"product_cat":[214],"product_tag":[],"class_list":{"0":"post-9527","1":"product","2":"type-product","3":"status-publish","4":"has-post-thumbnail","6":"product_cat-car-vinyl-wrap-film","8":"first","9":"instock","10":"shipping-taxable","11":"product-type-simple"},"_links":{"self":[{"href":"https:\/\/www.carliseppf.com\/es\/wp-json\/wp\/v2\/product\/9527","targetHints":{"allow":["GET"]}}],"collection":[{"href":"https:\/\/www.carliseppf.com\/es\/wp-json\/wp\/v2\/product"}],"about":[{"href":"https:\/\/www.carliseppf.com\/es\/wp-json\/wp\/v2\/types\/product"}],"replies":[{"embeddable":true,"href":"https:\/\/www.carliseppf.com\/es\/wp-json\/wp\/v2\/comments?post=9527"}],"wp:featuredmedia":[{"embeddable":true,"href":"https:\/\/www.carliseppf.com\/es\/wp-json\/wp\/v2\/media\/9528"}],"wp:attachment":[{"href":"https:\/\/www.carliseppf.com\/es\/wp-json\/wp\/v2\/media?parent=9527"}],"wp:term":[{"taxonomy":"product_brand","embeddable":true,"href":"https:\/\/www.carliseppf.com\/es\/wp-json\/wp\/v2\/product_brand?post=9527"},{"taxonomy":"product_cat","embeddable":true,"href":"https:\/\/www.carliseppf.com\/es\/wp-json\/wp\/v2\/product_cat?post=9527"},{"taxonomy":"product_tag","embeddable":true,"href":"https:\/\/www.carliseppf.com\/es\/wp-json\/wp\/v2\/product_tag?post=9527"}],"curies":[{"name":"wp","href":"https:\/\/api.w.org\/{rel}","templated":true}]}}