{"id":9577,"date":"2025-11-19T07:58:38","date_gmt":"2025-11-19T07:58:38","guid":{"rendered":"https:\/\/www.carliseppf.com\/?post_type=product&#038;p=9577"},"modified":"2025-12-16T03:07:09","modified_gmt":"2025-12-16T03:07:09","slug":"silver-car-wrap-vinyl-film","status":"publish","type":"product","link":"https:\/\/www.carliseppf.com\/es\/product\/silver-car-wrap-vinyl-film\/","title":{"rendered":"Envoltorio brillante y mate plateado para autom\u00f3viles | Envoltura de vinilo PVC para cambio de color"},"content":{"rendered":"<h2 data-start=\"1318\" data-end=\"1339\">\u00a0Resumen del Producto<\/h2>\n<p data-start=\"1340\" data-end=\"1720\">Nuestro <strong data-start=\"1344\" data-end=\"1393\">Vinilo Adhesivo Plateado Brillante y Mate para Cambiar el Color del Coche<\/strong> est\u00e1 dise\u00f1ado para conductores y profesionales que desean un aspecto met\u00e1lico de alta gama con una durabilidad excepcional. Fabricado con PVC de primera calidad, este <strong data-start=\"1527\" data-end=\"1545\">vinilo adhesivo para coches<\/strong> proporciona un rendimiento suave, una instalaci\u00f3n flexible y un acabado elegante tanto para coches como para motocicletas. Ideal para la personalizaci\u00f3n creativa y la protecci\u00f3n exterior duradera.<\/p>\n<p data-start=\"1340\" data-end=\"1720\"><img fetchpriority=\"high\" decoding=\"async\" class=\"alignnone wp-image-9583 size-full\" src=\"https:\/\/www.carliseppf.com\/wp-content\/uploads\/2025\/11\/H62ea2236b8d4465f9a973d2a2e5f85e9V.png_avifclosewebpclose.png\" alt=\"envoltura de coche plateada\" width=\"1080\" height=\"1080\" srcset=\"https:\/\/www.carliseppf.com\/wp-content\/uploads\/2025\/11\/H62ea2236b8d4465f9a973d2a2e5f85e9V.png_avifclosewebpclose.png 1080w, https:\/\/www.carliseppf.com\/wp-content\/uploads\/2025\/11\/H62ea2236b8d4465f9a973d2a2e5f85e9V.png_avifclosewebpclose-300x300.png 300w, https:\/\/www.carliseppf.com\/wp-content\/uploads\/2025\/11\/H62ea2236b8d4465f9a973d2a2e5f85e9V.png_avifclosewebpclose-1024x1024.png 1024w, https:\/\/www.carliseppf.com\/wp-content\/uploads\/2025\/11\/H62ea2236b8d4465f9a973d2a2e5f85e9V.png_avifclosewebpclose-150x150.png 150w, https:\/\/www.carliseppf.com\/wp-content\/uploads\/2025\/11\/H62ea2236b8d4465f9a973d2a2e5f85e9V.png_avifclosewebpclose-768x768.png 768w, https:\/\/www.carliseppf.com\/wp-content\/uploads\/2025\/11\/H62ea2236b8d4465f9a973d2a2e5f85e9V.png_avifclosewebpclose-370x370.png 370w, https:\/\/www.carliseppf.com\/wp-content\/uploads\/2025\/11\/H62ea2236b8d4465f9a973d2a2e5f85e9V.png_avifclosewebpclose-120x120.png 120w, https:\/\/www.carliseppf.com\/wp-content\/uploads\/2025\/11\/H62ea2236b8d4465f9a973d2a2e5f85e9V.png_avifclosewebpclose-840x840.png 840w, https:\/\/www.carliseppf.com\/wp-content\/uploads\/2025\/11\/H62ea2236b8d4465f9a973d2a2e5f85e9V.png_avifclosewebpclose-410x410.png 410w, https:\/\/www.carliseppf.com\/wp-content\/uploads\/2025\/11\/H62ea2236b8d4465f9a973d2a2e5f85e9V.png_avifclosewebpclose-630x630.png 630w, https:\/\/www.carliseppf.com\/wp-content\/uploads\/2025\/11\/H62ea2236b8d4465f9a973d2a2e5f85e9V.png_avifclosewebpclose-730x730.png 730w, https:\/\/www.carliseppf.com\/wp-content\/uploads\/2025\/11\/H62ea2236b8d4465f9a973d2a2e5f85e9V.png_avifclosewebpclose-460x460.png 460w\" sizes=\"(max-width: 1080px) 100vw, 1080px\" \/><\/p>\n<h2 data-start=\"1727\" data-end=\"1744\">Caracter\u00edsticas principales<\/h2>\n<h3 data-start=\"1746\" data-end=\"1781\">\u2714 Vinilo Adhesivo de Primera Calidad para Coches<\/h3>\n<p data-start=\"1782\" data-end=\"1921\">Fabricado con PVC de alta calidad, esta l\u00e1mina garantiza una excelente elasticidad, adherencia y estabilidad para <strong data-start=\"1907\" data-end=\"1920\">vinilos adhesivos para coches<\/strong>.<\/p>\n<h3 data-start=\"1923\" data-end=\"1960\">completos o parciales.<\/h3>\n<p data-start=\"1961\" data-end=\"2084\">\u2714 Acabado Plateado Brillante o Mate <strong data-start=\"1986\" data-end=\"2005\">colores de envoltura de coche<\/strong>Elige entre dos impresionantes<\/p>\n<h3 data-start=\"2086\" data-end=\"2125\">\u2014 un audaz brillo met\u00e1lico brillante o un sutil plateado mate para un estilo moderno.<\/h3>\n<p data-start=\"2126\" data-end=\"2241\">\u2714 Dise\u00f1ado para Coches y Motocicletas<\/p>\n<h3 data-start=\"2243\" data-end=\"2288\">Perfecto para un cambio de color completo del coche, la decoraci\u00f3n de la carrocer\u00eda de la motocicleta, los paneles traseros, los embellecedores, los cap\u00f3s y los detalles personalizados.<\/h3>\n<p data-start=\"2289\" data-end=\"2419\">\u2714 Instalaci\u00f3n sin Burbujas con Liberaci\u00f3n de Aire<\/p>\n<h3 data-start=\"2421\" data-end=\"2449\">\u2714 Duradero y Protector<\/h3>\n<p data-start=\"2450\" data-end=\"2562\">Resistente a ara\u00f1azos, UV, agua y decoloraci\u00f3n\u2014protegiendo la pintura original mientras mejora el estilo.<\/p>\n<h3 data-start=\"2564\" data-end=\"2599\">\u2714 F\u00e1cil de quitar sin da\u00f1o<\/h3>\n<p data-start=\"2600\" data-end=\"2670\">El adhesivo removible permite una eliminaci\u00f3n limpia sin da\u00f1ar la pintura del veh\u00edculo.<\/p>\n<h2 data-start=\"2677\" data-end=\"2720\">\u00bfPor qu\u00e9 elegir este vinilo plateado para coche?<\/h2>\n<ul data-start=\"2722\" data-end=\"3018\">\n<li data-start=\"2722\" data-end=\"2776\">\n<p data-start=\"2724\" data-end=\"2776\">Precios directos de f\u00e1brica con altos est\u00e1ndares de calidad<\/p>\n<\/li>\n<li data-start=\"2777\" data-end=\"2823\">\n<p data-start=\"2779\" data-end=\"2823\">Fuerte efecto met\u00e1lico para un estilo premium<\/p>\n<\/li>\n<li data-start=\"2824\" data-end=\"2871\">\n<p data-start=\"2826\" data-end=\"2871\">Adecuado para curvas complejas y superficies 3D<\/p>\n<\/li>\n<li data-start=\"2872\" data-end=\"2917\">\n<p data-start=\"2874\" data-end=\"2917\">Ideal para talleres de instalaci\u00f3n profesionales<\/p>\n<\/li>\n<li data-start=\"2918\" data-end=\"2970\">\n<p data-start=\"2920\" data-end=\"2970\">Compatible con envolturas completas o peque\u00f1as partes de detalle<\/p>\n<\/li>\n<li data-start=\"2971\" data-end=\"3018\">\n<p data-start=\"2973\" data-end=\"3018\">Apto para pedidos al por mayor, OEM y ODM<\/p>\n<\/li>\n<\/ul>\n<h2 data-start=\"3025\" data-end=\"3054\">Especificaciones t\u00e9cnicas<\/h2>\n<div class=\"_tableContainer_1rjym_1\">\n<div class=\"group _tableWrapper_1rjym_13 flex w-fit flex-col-reverse\" tabindex=\"-1\">\n<table class=\"w-fit min-w-(--thread-content-width)\" data-start=\"3056\" data-end=\"3436\">\n<thead data-start=\"3056\" data-end=\"3082\">\n<tr data-start=\"3056\" data-end=\"3082\">\n<th data-start=\"3056\" data-end=\"3067\" data-col-size=\"sm\"><strong data-start=\"3058\" data-end=\"3066\">Art\u00edculo<\/strong><\/th>\n<th data-start=\"3067\" data-end=\"3082\" data-col-size=\"sm\"><strong data-start=\"3069\" data-end=\"3080\">Detalles<\/strong><\/th>\n<\/tr>\n<\/thead>\n<tbody data-start=\"3109\" data-end=\"3436\">\n<tr data-start=\"3109\" data-end=\"3150\">\n<td data-start=\"3109\" data-end=\"3120\" data-col-size=\"sm\">Material<\/td>\n<td data-start=\"3120\" data-end=\"3150\" data-col-size=\"sm\">Vinilo de grado automotriz de PVC<\/td>\n<\/tr>\n<tr data-start=\"3151\" data-end=\"3191\">\n<td data-start=\"3151\" data-end=\"3159\" data-col-size=\"sm\">Color<\/td>\n<td data-col-size=\"sm\" data-start=\"3159\" data-end=\"3191\">Plateado brillante \/ Plateado mate<\/td>\n<\/tr>\n<tr data-start=\"3192\" data-end=\"3219\">\n<td data-start=\"3192\" data-end=\"3204\" data-col-size=\"sm\">Grosor<\/td>\n<td data-col-size=\"sm\" data-start=\"3204\" data-end=\"3219\">150\u2013180 mic<\/td>\n<\/tr>\n<tr data-start=\"3220\" data-end=\"3252\">\n<td data-start=\"3220\" data-end=\"3237\" data-col-size=\"sm\">Ancho \u00d7 Largo<\/td>\n<td data-col-size=\"sm\" data-start=\"3237\" data-end=\"3252\">1.37m \u00d7 18m<\/td>\n<\/tr>\n<tr data-start=\"3253\" data-end=\"3298\">\n<td data-start=\"3253\" data-end=\"3264\" data-col-size=\"sm\">Adhesivo<\/td>\n<td data-col-size=\"sm\" data-start=\"3264\" data-end=\"3298\">Sensitivo a la presi\u00f3n y removible<\/td>\n<\/tr>\n<tr data-start=\"3299\" data-end=\"3351\">\n<td data-start=\"3299\" data-end=\"3309\" data-col-size=\"sm\">Superficie<\/td>\n<td data-col-size=\"sm\" data-start=\"3309\" data-end=\"3351\">Anti-rayaduras, impermeable, resistente a los UV<\/td>\n<\/tr>\n<tr data-start=\"3352\" data-end=\"3386\">\n<td data-start=\"3352\" data-end=\"3363\" data-col-size=\"sm\">Duraci\u00f3n de vida<\/td>\n<td data-start=\"3363\" data-end=\"3386\" data-col-size=\"sm\">3\u20135 a\u00f1os (exterior)<\/td>\n<\/tr>\n<tr data-start=\"3387\" data-end=\"3436\">\n<td data-start=\"3387\" data-end=\"3401\" data-col-size=\"sm\">Aplicaci\u00f3n<\/td>\n<td data-start=\"3401\" data-end=\"3436\" data-col-size=\"sm\">Coches, motocicletas, camiones, furgonetas<\/td>\n<\/tr>\n<\/tbody>\n<\/table>\n<\/div>\n<\/div>\n<h2 data-start=\"3443\" data-end=\"3460\">\u00a0Aplicaciones<\/h2>\n<h3 data-start=\"3462\" data-end=\"3494\">\u2713 Envoltura completa o parcial de coche<\/h3>\n<p data-start=\"3495\" data-end=\"3571\">Transforma la apariencia del veh\u00edculo con un acabado met\u00e1lico plateado de lujo.<\/p>\n<h3 data-start=\"3573\" data-end=\"3607\">\u2713 Decoraci\u00f3n del cuerpo de motocicleta<\/h3>\n<p data-start=\"3608\" data-end=\"3675\">Perfecto para paneles traseros, carenados laterales y acentos gr\u00e1ficos personalizados.<\/p>\n<h3 data-start=\"3677\" data-end=\"3713\">\u2713 Estilo comercial y de moda<\/h3>\n<p data-start=\"3714\" data-end=\"3772\">Utilizado para branding, publicidad o personalizaci\u00f3n art\u00edstica.<\/p>\n<h3 data-start=\"3774\" data-end=\"3812\">\u2713 Acentos en molduras, paneles y interiores<\/h3>\n<p data-start=\"3813\" data-end=\"3872\">Ideal para cap\u00f3s, techos, espejos, molduras del tablero y m\u00e1s.<\/p>\n<h2 data-start=\"3879\" data-end=\"3896\">Adecuado para<\/h2>\n<ul data-start=\"3897\" data-end=\"4104\">\n<li data-start=\"3897\" data-end=\"3919\">\n<p data-start=\"3899\" data-end=\"3919\">Talleres de envoltura de veh\u00edculos<\/p>\n<\/li>\n<li data-start=\"3920\" data-end=\"3956\">\n<p data-start=\"3922\" data-end=\"3956\">Centros de personalizaci\u00f3n de motocicletas<\/p>\n<\/li>\n<li data-start=\"3957\" data-end=\"3997\">\n<p data-start=\"3959\" data-end=\"3997\">Estudios de detailing y reestilizaci\u00f3n de autos<\/p>\n<\/li>\n<li data-start=\"3998\" data-end=\"4030\">\n<p data-start=\"4000\" data-end=\"4030\">Entusiastas de la modificaci\u00f3n de coches<\/p>\n<\/li>\n<li data-start=\"4031\" data-end=\"4065\">\n<p data-start=\"4033\" data-end=\"4065\">Flotas y veh\u00edculos comerciales<\/p>\n<\/li>\n<li data-start=\"4066\" data-end=\"4104\">\n<p data-start=\"4068\" data-end=\"4104\">Distribuidores mayoristas e importadores<\/p>\n<\/li>\n<\/ul>\n<h2 data-start=\"4111\" data-end=\"4147\">\u00a0Opciones de personalizaci\u00f3n OEM \/ ODM<\/h2>\n<p data-start=\"4148\" data-end=\"4191\">Como fabricante profesional, ofrecemos:<\/p>\n<ul data-start=\"4192\" data-end=\"4388\">\n<li data-start=\"4192\" data-end=\"4265\">\n<p data-start=\"4194\" data-end=\"4265\">Tonos de plata personalizados (plata oscura, plata clara, variaciones met\u00e1licas)<\/p>\n<\/li>\n<li data-start=\"4266\" data-end=\"4320\">\n<p data-start=\"4268\" data-end=\"4320\">Acabados brillantes, mate, satinado, cepillado o con purpurina<\/p>\n<\/li>\n<li data-start=\"4321\" data-end=\"4352\">\n<p data-start=\"4323\" data-end=\"4352\">Embalaje y branding personalizados<\/p>\n<\/li>\n<li data-start=\"4353\" data-end=\"4388\">\n<p data-start=\"4355\" data-end=\"4388\">Producci\u00f3n en masa para mayoristas<\/p>\n<\/li>\n<\/ul>\n<hr data-start=\"4390\" data-end=\"4393\" \/>\n<h2 data-start=\"4395\" data-end=\"4420\">\u00bfPor qu\u00e9 envolver el coche en plata?<\/h2>\n<p data-start=\"4421\" data-end=\"4643\">La plata es un tono atemporal y vers\u00e1til entre todos <strong data-start=\"4472\" data-end=\"4491\">colores de envoltura de coche<\/strong>\u2014profesional, elegante y adecuado para cualquier tipo de veh\u00edculo. Ya sea brillante o mate, la plata crea una mejora visual premium con excelente valor de reventa.<\/p>","protected":false},"excerpt":{"rendered":"<p data-start=\"969\" data-end=\"1267\">Mejora cualquier veh\u00edculo con nuestro <strong data-start=\"1006\" data-end=\"1031\">vinilo adhesivo plateado de primera calidad para coches<\/strong>, disponible tanto en acabados brillantes como mates. Esta l\u00e1mina de PVC para <strong data-start=\"1087\" data-end=\"1114\">cambiar el color del coche<\/strong> ofrece un elegante efecto met\u00e1lico, gran durabilidad y una instalaci\u00f3n sin burbujas, perfecta para coches, motocicletas y proyectos creativos de dise\u00f1o exterior.<\/p>","protected":false},"featured_media":9583,"comment_status":"open","ping_status":"closed","template":"","meta":[],"product_brand":[],"product_cat":[214],"product_tag":[],"class_list":{"0":"post-9577","1":"product","2":"type-product","3":"status-publish","4":"has-post-thumbnail","6":"product_cat-car-vinyl-wrap-film","8":"first","9":"instock","10":"shipping-taxable","11":"product-type-simple"},"_links":{"self":[{"href":"https:\/\/www.carliseppf.com\/es\/wp-json\/wp\/v2\/product\/9577","targetHints":{"allow":["GET"]}}],"collection":[{"href":"https:\/\/www.carliseppf.com\/es\/wp-json\/wp\/v2\/product"}],"about":[{"href":"https:\/\/www.carliseppf.com\/es\/wp-json\/wp\/v2\/types\/product"}],"replies":[{"embeddable":true,"href":"https:\/\/www.carliseppf.com\/es\/wp-json\/wp\/v2\/comments?post=9577"}],"wp:featuredmedia":[{"embeddable":true,"href":"https:\/\/www.carliseppf.com\/es\/wp-json\/wp\/v2\/media\/9583"}],"wp:attachment":[{"href":"https:\/\/www.carliseppf.com\/es\/wp-json\/wp\/v2\/media?parent=9577"}],"wp:term":[{"taxonomy":"product_brand","embeddable":true,"href":"https:\/\/www.carliseppf.com\/es\/wp-json\/wp\/v2\/product_brand?post=9577"},{"taxonomy":"product_cat","embeddable":true,"href":"https:\/\/www.carliseppf.com\/es\/wp-json\/wp\/v2\/product_cat?post=9577"},{"taxonomy":"product_tag","embeddable":true,"href":"https:\/\/www.carliseppf.com\/es\/wp-json\/wp\/v2\/product_tag?post=9577"}],"curies":[{"name":"wp","href":"https:\/\/api.w.org\/{rel}","templated":true}]}}