{"id":9592,"date":"2025-11-19T08:20:23","date_gmt":"2025-11-19T08:20:23","guid":{"rendered":"https:\/\/www.carliseppf.com\/?post_type=product&#038;p=9592"},"modified":"2025-11-20T07:53:59","modified_gmt":"2025-11-20T07:53:59","slug":"yellow-vinyl-car-wrap","status":"publish","type":"product","link":"https:\/\/www.carliseppf.com\/es\/product\/yellow-vinyl-car-wrap\/","title":{"rendered":"Pel\u00edcula de vinilo amarillo de alta calidad para envoltorios de veh\u00edculos para cambio de color y protecci\u00f3n"},"content":{"rendered":"<h2 data-start=\"135\" data-end=\"156\">Resumen del Producto<\/h2>\n<p data-start=\"157\" data-end=\"574\">Mejora tu veh\u00edculo con nuestro <strong data-start=\"187\" data-end=\"220\">envoltura de vinilo amarillo premium<\/strong>, dise\u00f1ada para un estilo de color superior y protecci\u00f3n de pintura duradera. Perfecta para envolturas completas y parciales, esta pel\u00edcula ofrece un acabado suave y un efecto de cambio de color vibrante. Ya seas un instalador profesional o una empresa que busca envolturas en volumen alto, nuestra pel\u00edcula directa de f\u00e1brica ofrece la mejor combinaci\u00f3n de rendimiento, flexibilidad y valor.<\/p>\n<p data-start=\"157\" data-end=\"574\"><img fetchpriority=\"high\" decoding=\"async\" class=\"alignnone size-medium wp-image-9599\" src=\"https:\/\/www.carliseppf.com\/wp-content\/uploads\/2025\/11\/H34b5f89c52e84b9097ef72727cee5241T.png_avifclosewebpclose-300x300.png\" alt=\"envoltura de vinilo para coches\" width=\"300\" height=\"300\" srcset=\"https:\/\/www.carliseppf.com\/wp-content\/uploads\/2025\/11\/H34b5f89c52e84b9097ef72727cee5241T.png_avifclosewebpclose-300x300.png 300w, https:\/\/www.carliseppf.com\/wp-content\/uploads\/2025\/11\/H34b5f89c52e84b9097ef72727cee5241T.png_avifclosewebpclose-1024x1024.png 1024w, https:\/\/www.carliseppf.com\/wp-content\/uploads\/2025\/11\/H34b5f89c52e84b9097ef72727cee5241T.png_avifclosewebpclose-150x150.png 150w, https:\/\/www.carliseppf.com\/wp-content\/uploads\/2025\/11\/H34b5f89c52e84b9097ef72727cee5241T.png_avifclosewebpclose-768x768.png 768w, https:\/\/www.carliseppf.com\/wp-content\/uploads\/2025\/11\/H34b5f89c52e84b9097ef72727cee5241T.png_avifclosewebpclose-370x370.png 370w, https:\/\/www.carliseppf.com\/wp-content\/uploads\/2025\/11\/H34b5f89c52e84b9097ef72727cee5241T.png_avifclosewebpclose-120x120.png 120w, https:\/\/www.carliseppf.com\/wp-content\/uploads\/2025\/11\/H34b5f89c52e84b9097ef72727cee5241T.png_avifclosewebpclose-840x840.png 840w, https:\/\/www.carliseppf.com\/wp-content\/uploads\/2025\/11\/H34b5f89c52e84b9097ef72727cee5241T.png_avifclosewebpclose-410x410.png 410w, https:\/\/www.carliseppf.com\/wp-content\/uploads\/2025\/11\/H34b5f89c52e84b9097ef72727cee5241T.png_avifclosewebpclose-630x630.png 630w, https:\/\/www.carliseppf.com\/wp-content\/uploads\/2025\/11\/H34b5f89c52e84b9097ef72727cee5241T.png_avifclosewebpclose-730x730.png 730w, https:\/\/www.carliseppf.com\/wp-content\/uploads\/2025\/11\/H34b5f89c52e84b9097ef72727cee5241T.png_avifclosewebpclose-460x460.png 460w, https:\/\/www.carliseppf.com\/wp-content\/uploads\/2025\/11\/H34b5f89c52e84b9097ef72727cee5241T.png_avifclosewebpclose.png 1080w\" sizes=\"(max-width: 300px) 100vw, 300px\" \/><\/p>\n<hr data-start=\"576\" data-end=\"579\" \/>\n<h2 data-start=\"581\" data-end=\"598\">\u00a0Caracter\u00edsticas principales<\/h2>\n<h4 data-start=\"600\" data-end=\"633\">\u2714 Vinilo Adhesivo de Primera Calidad para Coches<\/h4>\n<p data-start=\"634\" data-end=\"778\">Esta pel\u00edcula de alto rendimiento est\u00e1 dise\u00f1ada espec\u00edficamente para aplicaciones automotrices, proporcionando durabilidad, elasticidad y adhesi\u00f3n excepcionales.<\/p>\n<h4 data-start=\"780\" data-end=\"818\">\u2714 Colores audaces y con estilo para envolturas de coche<\/h4>\n<p data-start=\"819\" data-end=\"984\">El llamativo tono amarillo realza la apariencia del veh\u00edculo y lo hace destacar en la carretera, ideal para clientes que buscan una transformaci\u00f3n de color brillante y moderna.<\/p>\n<h4 data-start=\"986\" data-end=\"1017\">\u2714 Protecci\u00f3n mejorada de la pintura<\/h4>\n<p data-start=\"1018\" data-end=\"1156\">La pel\u00edcula incluye un recubrimiento anti-rayaduras que ayuda a proteger contra el desgaste diario como polvo, piedras, exposici\u00f3n a los rayos UV y abrasiones menores.<\/p>\n<h4 data-start=\"1158\" data-end=\"1202\">\u2714 Instalaci\u00f3n con liberaci\u00f3n de aire y sin burbujas<\/h4>\n<p data-start=\"1203\" data-end=\"1332\">Construida con tecnolog\u00eda de canales micro para la liberaci\u00f3n de aire, haciendo que la instalaci\u00f3n sea m\u00e1s f\u00e1cil, r\u00e1pida y profesional, incluso para paneles grandes.<\/p>\n<h4 data-start=\"1334\" data-end=\"1369\">\u2714 F\u00e1cil de quitar sin da\u00f1ar<\/h4>\n<p data-start=\"1370\" data-end=\"1486\">Formulada con un adhesivo acr\u00edlico removible, la envoltura puede retirarse sin da\u00f1ar la superficie original de la pintura.<\/p>\n<hr data-start=\"1488\" data-end=\"1491\" \/>\n<h2 data-start=\"1493\" data-end=\"1529\">\u00a0\u00bfPor qu\u00e9 elegir esta envoltura de vinilo para coche?<\/h2>\n<ul data-start=\"1530\" data-end=\"1802\">\n<li data-start=\"1530\" data-end=\"1559\">\n<p data-start=\"1532\" data-end=\"1559\">Producci\u00f3n directa de f\u00e1brica<\/p>\n<\/li>\n<li data-start=\"1560\" data-end=\"1614\">\n<p data-start=\"1562\" data-end=\"1614\">PVC de alta calidad adecuado para temperaturas extremas<\/p>\n<\/li>\n<li data-start=\"1615\" data-end=\"1658\">\n<p data-start=\"1617\" data-end=\"1658\">Durabilidad del color fuerte, resistente a la decoloraci\u00f3n<\/p>\n<\/li>\n<li data-start=\"1659\" data-end=\"1708\">\n<p data-start=\"1661\" data-end=\"1708\">Excelente conformabilidad para curvas y bordes<\/p>\n<\/li>\n<li data-start=\"1709\" data-end=\"1761\">\n<p data-start=\"1711\" data-end=\"1761\">Disponible para venta al por mayor, personalizaci\u00f3n OEM y ODM<\/p>\n<\/li>\n<li data-start=\"1762\" data-end=\"1802\">\n<p data-start=\"1764\" data-end=\"1802\">Precios competitivos para distribuidores<\/p>\n<\/li>\n<\/ul>\n<hr data-start=\"1804\" data-end=\"1807\" \/>\n<h2 data-start=\"1809\" data-end=\"1838\">Especificaciones t\u00e9cnicas<\/h2>\n<div class=\"_tableContainer_1rjym_1\">\n<div class=\"group _tableWrapper_1rjym_13 flex w-fit flex-col-reverse\" tabindex=\"-1\">\n<table class=\"w-fit min-w-(--thread-content-width)\" data-start=\"1839\" data-end=\"2215\">\n<thead data-start=\"1839\" data-end=\"1865\">\n<tr data-start=\"1839\" data-end=\"1865\">\n<th data-start=\"1839\" data-end=\"1850\" data-col-size=\"sm\"><strong data-start=\"1841\" data-end=\"1849\">Art\u00edculo<\/strong><\/th>\n<th data-start=\"1850\" data-end=\"1865\" data-col-size=\"sm\"><strong data-start=\"1852\" data-end=\"1863\">Detalles<\/strong><\/th>\n<\/tr>\n<\/thead>\n<tbody data-start=\"1892\" data-end=\"2215\">\n<tr data-start=\"1892\" data-end=\"1927\">\n<td data-start=\"1892\" data-end=\"1903\" data-col-size=\"sm\">Material<\/td>\n<td data-col-size=\"sm\" data-start=\"1903\" data-end=\"1927\">Vinilo automotriz de PVC<\/td>\n<\/tr>\n<tr data-start=\"1928\" data-end=\"1970\">\n<td data-start=\"1928\" data-end=\"1936\" data-col-size=\"sm\">Color<\/td>\n<td data-col-size=\"sm\" data-start=\"1936\" data-end=\"1970\">Amarillo (opciones brillante \/ mate)<\/td>\n<\/tr>\n<tr data-start=\"1971\" data-end=\"1998\">\n<td data-start=\"1971\" data-end=\"1983\" data-col-size=\"sm\">Grosor<\/td>\n<td data-col-size=\"sm\" data-start=\"1983\" data-end=\"1998\">150\u2013180 mic<\/td>\n<\/tr>\n<tr data-start=\"1999\" data-end=\"2040\">\n<td data-start=\"1999\" data-end=\"2010\" data-col-size=\"sm\">Adhesivo<\/td>\n<td data-col-size=\"sm\" data-start=\"2010\" data-end=\"2040\">Adhesivo acr\u00edlico removible<\/td>\n<\/tr>\n<tr data-start=\"2041\" data-end=\"2090\">\n<td data-start=\"2041\" data-end=\"2055\" data-col-size=\"sm\">Rendimiento<\/td>\n<td data-col-size=\"sm\" data-start=\"2055\" data-end=\"2090\">Antirayaduras, resistente a las condiciones clim\u00e1ticas<\/td>\n<\/tr>\n<tr data-start=\"2091\" data-end=\"2125\">\n<td data-start=\"2091\" data-end=\"2104\" data-col-size=\"sm\">Durabilidad<\/td>\n<td data-col-size=\"sm\" data-start=\"2104\" data-end=\"2125\">Exterior 3\u20135 a\u00f1os<\/td>\n<\/tr>\n<tr data-start=\"2126\" data-end=\"2163\">\n<td data-start=\"2126\" data-end=\"2145\" data-col-size=\"sm\">Temperatura de aplicaci\u00f3n<\/td>\n<td data-col-size=\"sm\" data-start=\"2145\" data-end=\"2163\">+10\u00b0C a +40\u00b0C<\/td>\n<\/tr>\n<tr data-start=\"2164\" data-end=\"2215\">\n<td data-start=\"2164\" data-end=\"2180\" data-col-size=\"sm\">Compatibilidad<\/td>\n<td data-col-size=\"sm\" data-start=\"2180\" data-end=\"2215\">Coches, SUVs, camiones, motocicletas<\/td>\n<\/tr>\n<\/tbody>\n<\/table>\n<\/div>\n<\/div>\n<hr data-start=\"2217\" data-end=\"2220\" \/>\n<h2 data-start=\"2222\" data-end=\"2239\">\u00a0Aplicaciones<\/h2>\n<h4 data-start=\"2241\" data-end=\"2267\">\u2713 Cambio de color en el veh\u00edculo<\/h4>\n<p data-start=\"2268\" data-end=\"2360\">Una soluci\u00f3n r\u00e1pida y rentable para cambiar completamente la apariencia del veh\u00edculo sin repintar.<\/p>\n<h4 data-start=\"2362\" data-end=\"2384\">\u2713 Protecci\u00f3n de pintura<\/h4>\n<p data-start=\"2385\" data-end=\"2460\">La superficie duradera protege la pintura de f\u00e1brica de ara\u00f1azos y impactos leves.<\/p>\n<h4 data-start=\"2462\" data-end=\"2487\">\u2713 Branding comercial<\/h4>\n<p data-start=\"2488\" data-end=\"2571\">Perfecto para veh\u00edculos de empresa, flotas de taxis, furgonetas de reparto o campa\u00f1as promocionales.<\/p>\n<h4 data-start=\"2573\" data-end=\"2610\">\u2713 Envoltorios parciales y gr\u00e1ficos personalizados<\/h4>\n<p data-start=\"2611\" data-end=\"2690\">Ideal para techos, cap\u00f3s, espejos, molduras, franjas de carreras y acentos decorativos.<\/p>\n<hr data-start=\"2692\" data-end=\"2695\" \/>\n<h4 data-start=\"2697\" data-end=\"2714\">\u2b50 Adecuado para<\/h4>\n<ul data-start=\"2715\" data-end=\"2870\">\n<li data-start=\"2715\" data-end=\"2733\">\n<p data-start=\"2717\" data-end=\"2733\">Tiendas de envolturas de autos<\/p>\n<\/li>\n<li data-start=\"2734\" data-end=\"2755\">\n<p data-start=\"2736\" data-end=\"2755\">Centros de detallado<\/p>\n<\/li>\n<li data-start=\"2756\" data-end=\"2772\">\n<p data-start=\"2758\" data-end=\"2772\">Concesionarios de autos<\/p>\n<\/li>\n<li data-start=\"2773\" data-end=\"2803\">\n<p data-start=\"2775\" data-end=\"2803\">Empresas de gesti\u00f3n de flotas<\/p>\n<\/li>\n<li data-start=\"2804\" data-end=\"2836\">\n<p data-start=\"2806\" data-end=\"2836\">Entusiastas de la modificaci\u00f3n de coches<\/p>\n<\/li>\n<li data-start=\"2837\" data-end=\"2870\">\n<p data-start=\"2839\" data-end=\"2870\">Empresas de branding comercial<\/p>\n<\/li>\n<\/ul>\n<hr data-start=\"2872\" data-end=\"2875\" \/>\n<h4 data-start=\"2877\" data-end=\"2905\">\u2b50 Personalizaci\u00f3n OEM \/ ODM<\/h4>\n<p data-start=\"2906\" data-end=\"2946\">Como f\u00e1brica profesional, apoyamos:<\/p>\n<ul data-start=\"2947\" data-end=\"3140\">\n<li data-start=\"2947\" data-end=\"2974\">\n<p data-start=\"2949\" data-end=\"2974\">Tonos amarillos personalizados<\/p>\n<\/li>\n<li data-start=\"2975\" data-end=\"3040\">\n<p data-start=\"2977\" data-end=\"3040\">Texturas especiales (mate, brillante, satinado, met\u00e1lico, nacarado)<\/p>\n<\/li>\n<li data-start=\"3041\" data-end=\"3068\">\n<p data-start=\"3043\" data-end=\"3068\">Longitudes y anchuras personalizadas<\/p>\n<\/li>\n<li data-start=\"3069\" data-end=\"3096\">\n<p data-start=\"3071\" data-end=\"3096\">Embalaje con marca privada<\/p>\n<\/li>\n<li data-start=\"3097\" data-end=\"3140\">\n<p data-start=\"3099\" data-end=\"3140\">Formulaciones exclusivas para distribuidores<\/p>\n<\/li>\n<\/ul>\n<hr data-start=\"3142\" data-end=\"3145\" \/>\n<h4 data-start=\"3147\" data-end=\"3187\">\u2b50 \u00bfPor qu\u00e9 elegir un envoltorio de vinilo amarillo para coche?<\/h4>\n<p data-start=\"3188\" data-end=\"3355\">El amarillo es uno de los m\u00e1s llamativos <strong data-start=\"3227\" data-end=\"3246\">colores de envoltura de coche<\/strong>, simbolizando energ\u00eda, visibilidad y rendimiento deportivo\u2014ideal para quienes quieren que su veh\u00edculo destaque.<\/p>","protected":false},"excerpt":{"rendered":"<p>Experimenta un acabado premium <strong data-start=\"249\" data-end=\"274\">envoltura de vinilo amarillo para coche<\/strong> dise\u00f1ada para cambio completo de color del veh\u00edculo y protecci\u00f3n de pintura. Este vinilo de grado automotriz <strong data-start=\"358\" data-end=\"376\">vinilo adhesivo para coches<\/strong> incluye recubrimiento anti-rayaduras, canales de liberaci\u00f3n de aire y colores vibrantes de larga duraci\u00f3n <strong data-start=\"455\" data-end=\"474\">colores de envoltura de coche<\/strong>\u2014ideal para instaladores profesionales y personalizaci\u00f3n de veh\u00edculos.<\/p>","protected":false},"featured_media":9599,"comment_status":"open","ping_status":"closed","template":"","meta":[],"product_brand":[],"product_cat":[214],"product_tag":[],"class_list":{"0":"post-9592","1":"product","2":"type-product","3":"status-publish","4":"has-post-thumbnail","6":"product_cat-car-vinyl-wrap-film","8":"first","9":"instock","10":"shipping-taxable","11":"product-type-simple"},"_links":{"self":[{"href":"https:\/\/www.carliseppf.com\/es\/wp-json\/wp\/v2\/product\/9592","targetHints":{"allow":["GET"]}}],"collection":[{"href":"https:\/\/www.carliseppf.com\/es\/wp-json\/wp\/v2\/product"}],"about":[{"href":"https:\/\/www.carliseppf.com\/es\/wp-json\/wp\/v2\/types\/product"}],"replies":[{"embeddable":true,"href":"https:\/\/www.carliseppf.com\/es\/wp-json\/wp\/v2\/comments?post=9592"}],"wp:featuredmedia":[{"embeddable":true,"href":"https:\/\/www.carliseppf.com\/es\/wp-json\/wp\/v2\/media\/9599"}],"wp:attachment":[{"href":"https:\/\/www.carliseppf.com\/es\/wp-json\/wp\/v2\/media?parent=9592"}],"wp:term":[{"taxonomy":"product_brand","embeddable":true,"href":"https:\/\/www.carliseppf.com\/es\/wp-json\/wp\/v2\/product_brand?post=9592"},{"taxonomy":"product_cat","embeddable":true,"href":"https:\/\/www.carliseppf.com\/es\/wp-json\/wp\/v2\/product_cat?post=9592"},{"taxonomy":"product_tag","embeddable":true,"href":"https:\/\/www.carliseppf.com\/es\/wp-json\/wp\/v2\/product_tag?post=9592"}],"curies":[{"name":"wp","href":"https:\/\/api.w.org\/{rel}","templated":true}]}}