{"id":9740,"date":"2025-11-20T09:40:19","date_gmt":"2025-11-20T09:40:19","guid":{"rendered":"https:\/\/www.carliseppf.com\/?post_type=product&#038;p=9740"},"modified":"2025-11-20T10:32:26","modified_gmt":"2025-11-20T10:32:26","slug":"3m-car-wrap-film-colors-red-pattern","status":"publish","type":"product","link":"https:\/\/www.carliseppf.com\/es\/product\/3m-car-wrap-film-colors-red-pattern\/","title":{"rendered":"Pel\u00edcula de fibra de carbono PVC con patr\u00f3n rojo \u2013 Colores de pel\u00edculas para envoltorios de autom\u00f3viles 3M"},"content":{"rendered":"<h2 data-start=\"727\" data-end=\"748\">Resumen del Producto<\/h2>\n<p data-start=\"749\" data-end=\"1070\">Este premium <strong data-start=\"762\" data-end=\"789\">Colores de pel\u00edcula de envoltura de coche 3M<\/strong> presenta un PVC de fibra de carbono con patr\u00f3n rojo personalizable, ofreciendo estilo y protecci\u00f3n. Perfecto para envolturas completas o parciales de coches, motocicletas, molduras interiores y dise\u00f1os creativos personalizados. La oferta directa de f\u00e1brica garantiza pedidos al por mayor y tama\u00f1os personalizados para instaladores y mayoristas.<\/p>\n<p data-start=\"749\" data-end=\"1070\"><img fetchpriority=\"high\" decoding=\"async\" class=\"alignnone wp-image-9741 size-full\" src=\"https:\/\/www.carliseppf.com\/wp-content\/uploads\/2025\/11\/H0a02e1d8fabf44a9a051fc032d273f4el.jpg_avifclosewebpclose.png\" alt=\"\" width=\"1027\" height=\"1027\" srcset=\"https:\/\/www.carliseppf.com\/wp-content\/uploads\/2025\/11\/H0a02e1d8fabf44a9a051fc032d273f4el.jpg_avifclosewebpclose.png 1027w, https:\/\/www.carliseppf.com\/wp-content\/uploads\/2025\/11\/H0a02e1d8fabf44a9a051fc032d273f4el.jpg_avifclosewebpclose-300x300.png 300w, https:\/\/www.carliseppf.com\/wp-content\/uploads\/2025\/11\/H0a02e1d8fabf44a9a051fc032d273f4el.jpg_avifclosewebpclose-1024x1024.png 1024w, https:\/\/www.carliseppf.com\/wp-content\/uploads\/2025\/11\/H0a02e1d8fabf44a9a051fc032d273f4el.jpg_avifclosewebpclose-150x150.png 150w, https:\/\/www.carliseppf.com\/wp-content\/uploads\/2025\/11\/H0a02e1d8fabf44a9a051fc032d273f4el.jpg_avifclosewebpclose-768x768.png 768w, https:\/\/www.carliseppf.com\/wp-content\/uploads\/2025\/11\/H0a02e1d8fabf44a9a051fc032d273f4el.jpg_avifclosewebpclose-12x12.png 12w, https:\/\/www.carliseppf.com\/wp-content\/uploads\/2025\/11\/H0a02e1d8fabf44a9a051fc032d273f4el.jpg_avifclosewebpclose-370x370.png 370w, https:\/\/www.carliseppf.com\/wp-content\/uploads\/2025\/11\/H0a02e1d8fabf44a9a051fc032d273f4el.jpg_avifclosewebpclose-120x120.png 120w, https:\/\/www.carliseppf.com\/wp-content\/uploads\/2025\/11\/H0a02e1d8fabf44a9a051fc032d273f4el.jpg_avifclosewebpclose-840x840.png 840w, https:\/\/www.carliseppf.com\/wp-content\/uploads\/2025\/11\/H0a02e1d8fabf44a9a051fc032d273f4el.jpg_avifclosewebpclose-410x410.png 410w, https:\/\/www.carliseppf.com\/wp-content\/uploads\/2025\/11\/H0a02e1d8fabf44a9a051fc032d273f4el.jpg_avifclosewebpclose-630x630.png 630w, https:\/\/www.carliseppf.com\/wp-content\/uploads\/2025\/11\/H0a02e1d8fabf44a9a051fc032d273f4el.jpg_avifclosewebpclose-730x730.png 730w, https:\/\/www.carliseppf.com\/wp-content\/uploads\/2025\/11\/H0a02e1d8fabf44a9a051fc032d273f4el.jpg_avifclosewebpclose-460x460.png 460w\" sizes=\"(max-width: 1027px) 100vw, 1027px\" \/><\/p>\n<h2 data-start=\"1072\" data-end=\"1094\">Dise\u00f1o y caracter\u00edsticas<\/h2>\n<ul data-start=\"1095\" data-end=\"1409\">\n<li data-start=\"1095\" data-end=\"1147\">\n<p data-start=\"1097\" data-end=\"1147\">Acabado de PVC de fibra de carbono con patr\u00f3n rojo personalizable<\/p>\n<\/li>\n<li data-start=\"1148\" data-end=\"1209\">\n<p data-start=\"1150\" data-end=\"1209\">Textura mate para un aspecto profesional <strong data-start=\"1181\" data-end=\"1202\">pel\u00edcula para envoltura de autos<\/strong> y elegante<\/p>\n<\/li>\n<li data-start=\"1210\" data-end=\"1275\">\n<p data-start=\"1212\" data-end=\"1275\">Resistente a ara\u00f1azos, duradero y flexible para curvas y bordes<\/p>\n<\/li>\n<li data-start=\"1276\" data-end=\"1342\">\n<p data-start=\"1278\" data-end=\"1342\">Compatible con profesionales <strong data-start=\"1307\" data-end=\"1334\">Colores de pel\u00edcula de envoltura de coche 3M<\/strong> herramientas<\/p>\n<\/li>\n<li data-start=\"1343\" data-end=\"1409\">\n<p data-start=\"1345\" data-end=\"1409\">Perfecto para talleres automotrices, pedidos al por mayor y proyectos personalizados<\/p>\n<\/li>\n<\/ul>\n<h2 data-start=\"1411\" data-end=\"1437\">Material de alta calidad<\/h2>\n<ul data-start=\"1438\" data-end=\"1607\">\n<li data-start=\"1438\" data-end=\"1474\">\n<p data-start=\"1440\" data-end=\"1474\">Vinilo automotriz de PET\/PVC duradero<\/p>\n<\/li>\n<li data-start=\"1475\" data-end=\"1527\">\n<p data-start=\"1477\" data-end=\"1527\">Resistente a UV, impermeable y seguro para la pintura OEM<\/p>\n<\/li>\n<li data-start=\"1528\" data-end=\"1576\">\n<p data-start=\"1530\" data-end=\"1576\">Rendimiento duradero en exteriores (3\u20135 a\u00f1os)<\/p>\n<\/li>\n<li data-start=\"1577\" data-end=\"1607\">\n<p data-start=\"1579\" data-end=\"1607\">F\u00e1cil de limpiar y mantener<\/p>\n<\/li>\n<\/ul>\n<h2 data-start=\"1609\" data-end=\"1647\">F\u00e1cil instalaci\u00f3n y personalizaci\u00f3n<\/h2>\n<ul data-start=\"1648\" data-end=\"1885\">\n<li data-start=\"1648\" data-end=\"1701\">\n<p data-start=\"1650\" data-end=\"1701\">Adhesivo con liberaci\u00f3n de aire para una instalaci\u00f3n sin burbujas<\/p>\n<\/li>\n<li data-start=\"1702\" data-end=\"1772\">\n<p data-start=\"1704\" data-end=\"1772\">Flexible y moldeable con calor para bordes, curvas y superficies complejas<\/p>\n<\/li>\n<li data-start=\"1773\" data-end=\"1830\">\n<p data-start=\"1775\" data-end=\"1830\">Rollos completamente personalizables para pedidos al por mayor o en volumen<\/p>\n<\/li>\n<li data-start=\"1831\" data-end=\"1885\">\n<p data-start=\"1833\" data-end=\"1885\">Apto para instaladores profesionales y usuarios de bricolaje<\/p>\n<\/li>\n<\/ul>\n<h2 data-start=\"1887\" data-end=\"1904\">Aplicaciones<\/h2>\n<ul data-start=\"1905\" data-end=\"2101\">\n<li data-start=\"1905\" data-end=\"1958\">\n<p data-start=\"1907\" data-end=\"1958\">Envoltorios completos para veh\u00edculos: coches, SUVs, motocicletas, furgonetas<\/p>\n<\/li>\n<li data-start=\"1959\" data-end=\"2009\">\n<p data-start=\"1961\" data-end=\"2009\">Envoltorios parciales: cap\u00f3s, techos, espejos, spoilers<\/p>\n<\/li>\n<li data-start=\"2010\" data-end=\"2050\">\n<p data-start=\"2012\" data-end=\"2050\">Ajustes interiores y paneles decorativos<\/p>\n<\/li>\n<li data-start=\"2051\" data-end=\"2101\">\n<p data-start=\"2053\" data-end=\"2101\">Ideal para <strong data-start=\"2063\" data-end=\"2090\">Colores de pel\u00edcula de envoltura de coche 3M<\/strong> proyectos<\/p>\n<\/li>\n<\/ul>\n<h2 data-start=\"2103\" data-end=\"2122\">Especificaciones<\/h2>\n<p data-start=\"2123\" data-end=\"2347\">Material: vinilo automotriz PET\/PVC<br data-start=\"2157\" data-end=\"2160\" \/>Color: Fibra de carbono con patr\u00f3n rojo<br data-start=\"2191\" data-end=\"2194\" \/>Acabado: Mate<br data-start=\"2207\" data-end=\"2210\" \/>Grosor: 150\u2013180 \u03bcm<br data-start=\"2231\" data-end=\"2234\" \/>Adhesivo: Liberaci\u00f3n de aire, reposicionable<br data-start=\"2271\" data-end=\"2274\" \/>Durabilidad: 3\u20135 a\u00f1os en exteriores<br data-start=\"2303\" data-end=\"2306\" \/>Tama\u00f1o del rollo: Personalizable para pedidos al por mayor<\/p>\n<h2 data-start=\"2349\" data-end=\"2368\">Ventajas clave<\/h2>\n<ul data-start=\"2369\" data-end=\"2642\">\n<li data-start=\"2369\" data-end=\"2416\">\n<p data-start=\"2371\" data-end=\"2416\">Premium <strong data-start=\"2379\" data-end=\"2406\">Colores de pel\u00edcula de envoltura de coche 3M<\/strong> calidad<\/p>\n<\/li>\n<li data-start=\"2417\" data-end=\"2461\">\n<p data-start=\"2419\" data-end=\"2461\">Resistente a ara\u00f1azos, duradero y flexible<\/p>\n<\/li>\n<li data-start=\"2462\" data-end=\"2516\">\n<p data-start=\"2464\" data-end=\"2516\">Directo de f\u00e1brica, completamente personalizable para pedidos al por mayor<\/p>\n<\/li>\n<li data-start=\"2517\" data-end=\"2580\">\n<p data-start=\"2519\" data-end=\"2580\">F\u00e1cil instalaci\u00f3n para usuarios de bricolaje e instaladores profesionales<\/p>\n<\/li>\n<li data-start=\"2581\" data-end=\"2642\">\n<p data-start=\"2583\" data-end=\"2642\">Perfecto para talleres automotrices, instaladores y entusiastas<\/p>\n<\/li>\n<\/ul>\n<h2 data-start=\"2644\" data-end=\"2665\">Incluye el paquete<\/h2>\n<ul data-start=\"2666\" data-end=\"2783\">\n<li data-start=\"2666\" data-end=\"2714\">\n<p data-start=\"2668\" data-end=\"2714\">1 Rollo de vinilo de PVC con fibra de carbono con patr\u00f3n rojo<\/p>\n<\/li>\n<li data-start=\"2715\" data-end=\"2783\">\n<p data-start=\"2717\" data-end=\"2783\">Kit de instalaci\u00f3n opcional: esp\u00e1tula, cuchilla, pa\u00f1o de microfibra<\/p>\n<\/li>\n<\/ul>\n<h2 data-start=\"2785\" data-end=\"2814\">\u00bfPor qu\u00e9 elegir este producto?<\/h2>\n<p data-start=\"2815\" data-end=\"3126\">Este directo de f\u00e1brica <strong data-start=\"2835\" data-end=\"2862\">Colores de pel\u00edcula de envoltura de coche 3M<\/strong> ofrece calidad profesional, acabado vibrante de fibra de carbono con patr\u00f3n rojo y protecci\u00f3n duradera. Totalmente personalizable para pedidos al por mayor o individuales, perfecto para instaladores, mayoristas y negocios que ofrecen vinilos de alta calidad <strong data-start=\"3090\" data-end=\"3113\">envoltura de vinilo para coches<\/strong> soluciones.<\/p>\n<p><iframe title=\"9f6e1b803805320b505fbecd1806eb78 raw\" width=\"1260\" height=\"709\" src=\"https:\/\/www.youtube.com\/embed\/oJv329eN0X0?feature=oembed\" frameborder=\"0\" allow=\"accelerometer; autoplay; clipboard-write; encrypted-media; gyroscope; picture-in-picture; web-share\" referrerpolicy=\"strict-origin-when-cross-origin\" allowfullscreen><\/iframe><\/p>","protected":false},"excerpt":{"rendered":"<p>Transforma tu veh\u00edculo con esto <strong data-start=\"456\" data-end=\"483\">Colores de pel\u00edcula de envoltura de coche 3M<\/strong> en un PVC de fibra de carbono con patr\u00f3n rojo personalizable. Directamente de f\u00e1brica, resistente a ara\u00f1azos, duradero y flexible, ideal para pedidos al por mayor, instaladores profesionales y entusiastas del autom\u00f3vil que buscan soluciones de vinilo de alta calidad.<\/p>","protected":false},"featured_media":9743,"comment_status":"open","ping_status":"closed","template":"","meta":[],"product_brand":[],"product_cat":[214],"product_tag":[],"class_list":{"0":"post-9740","1":"product","2":"type-product","3":"status-publish","4":"has-post-thumbnail","6":"product_cat-car-vinyl-wrap-film","8":"first","9":"instock","10":"shipping-taxable","11":"product-type-simple"},"_links":{"self":[{"href":"https:\/\/www.carliseppf.com\/es\/wp-json\/wp\/v2\/product\/9740","targetHints":{"allow":["GET"]}}],"collection":[{"href":"https:\/\/www.carliseppf.com\/es\/wp-json\/wp\/v2\/product"}],"about":[{"href":"https:\/\/www.carliseppf.com\/es\/wp-json\/wp\/v2\/types\/product"}],"replies":[{"embeddable":true,"href":"https:\/\/www.carliseppf.com\/es\/wp-json\/wp\/v2\/comments?post=9740"}],"wp:featuredmedia":[{"embeddable":true,"href":"https:\/\/www.carliseppf.com\/es\/wp-json\/wp\/v2\/media\/9743"}],"wp:attachment":[{"href":"https:\/\/www.carliseppf.com\/es\/wp-json\/wp\/v2\/media?parent=9740"}],"wp:term":[{"taxonomy":"product_brand","embeddable":true,"href":"https:\/\/www.carliseppf.com\/es\/wp-json\/wp\/v2\/product_brand?post=9740"},{"taxonomy":"product_cat","embeddable":true,"href":"https:\/\/www.carliseppf.com\/es\/wp-json\/wp\/v2\/product_cat?post=9740"},{"taxonomy":"product_tag","embeddable":true,"href":"https:\/\/www.carliseppf.com\/es\/wp-json\/wp\/v2\/product_tag?post=9740"}],"curies":[{"name":"wp","href":"https:\/\/api.w.org\/{rel}","templated":true}]}}