{"id":250,"date":"2024-03-15T17:19:14","date_gmt":"2024-03-15T17:19:14","guid":{"rendered":"https:\/\/www.carliseppf.com\/?page_id=250"},"modified":"2025-11-19T10:01:55","modified_gmt":"2025-11-19T10:01:55","slug":"privacy-policy","status":"publish","type":"page","link":"https:\/\/www.carliseppf.com\/fr\/privacy-policy\/","title":{"rendered":"Politique de confidentialit\u00e9"},"content":{"rendered":"<p>Nous prenons votre vie priv\u00e9e au s\u00e9rieux et cette d\u00e9claration de confidentialit\u00e9 explique comment\u00a0\u00a0(collectivement, \u00ab nous \u00bb, \u00ab notre \u00bb ou \u00ab nos \u00bb) collecte, utilise, partage et traite vos informations.<\/p>\n<p><strong><b>Collecte et utilisation des donn\u00e9es personnelles<\/b><\/strong><\/p>\n<p>Les donn\u00e9es personnelles sont des informations pouvant \u00eatre utilis\u00e9es pour vous identifier directement ou indirectement. Les donn\u00e9es personnelles incluent \u00e9galement des donn\u00e9es anonymis\u00e9es li\u00e9es \u00e0 des informations pouvant \u00eatre utilis\u00e9es pour vous identifier directement ou indirectement. Les donn\u00e9es personnelles n'incluent pas les donn\u00e9es qui ont \u00e9t\u00e9 anonymis\u00e9es de mani\u00e8re irr\u00e9versible ou agr\u00e9g\u00e9es de fa\u00e7on \u00e0 ne plus permettre de vous identifier, que ce soit en combinaison avec d'autres informations ou autrement.<\/p>\n<p><strong><b>Promotion de la s\u00e9curit\u00e9 et de la s\u00fbret\u00e9<\/b><\/strong><\/p>\n<p>Nous respectons les principes de l\u00e9galit\u00e9, de l\u00e9gitimit\u00e9 et de transparence, utilisons et traitons le moins de donn\u00e9es possible dans un cadre limit\u00e9 d'objectif, et prenons des mesures techniques et administratives pour prot\u00e9ger la s\u00e9curit\u00e9 des donn\u00e9es. Nous utilisons les donn\u00e9es personnelles pour aider \u00e0 v\u00e9rifier les comptes et l'activit\u00e9 des utilisateurs, ainsi que pour promouvoir la s\u00e9curit\u00e9 et la s\u00fbret\u00e9, notamment en surveillant la fraude et en enqu\u00eatant sur des activit\u00e9s suspectes ou potentiellement ill\u00e9gales ou des violations de nos termes ou politiques. Un tel traitement est bas\u00e9 sur notre int\u00e9r\u00eat l\u00e9gitime \u00e0 aider \u00e0 garantir la s\u00e9curit\u00e9 de nos produits et services.<\/p>\n<p>Voici une description des types de donn\u00e9es personnelles que nous pouvons collecter et comment nous pouvons les utiliser :<\/p>\n<p><strong><b>Ce que nous collectons comme donn\u00e9es personnelles<\/b><\/strong><\/p>\n<p>\u2170. Donn\u00e9es que vous fournissez :<\/p>\n<p>Nous recueillons les donn\u00e9es personnelles que vous fournissez lorsque vous utilisez nos produits et services ou interagissez autrement avec nous, comme lors de la cr\u00e9ation d\u2019un compte, de la prise de contact, de la participation \u00e0 une enqu\u00eate en ligne, de l\u2019utilisation de notre assistance en ligne ou de notre chat en ligne. Si vous effectuez un achat, nous recueillons des donn\u00e9es personnelles en lien avec cet achat. Ces donn\u00e9es incluent vos donn\u00e9es de paiement, telles que votre num\u00e9ro de carte de cr\u00e9dit ou de d\u00e9bit et autres informations de carte, ainsi que d\u2019autres informations de compte et d\u2019authentification, ainsi que les d\u00e9tails de facturation, d\u2019exp\u00e9dition et de contact.<\/p>\n<p>\u2171. Donn\u00e9es sur l\u2019utilisation de nos services et produits :<\/p>\n<p>Lorsque vous visitez nos sites web, nous pouvons recueillir des donn\u00e9es sur le type d\u2019appareil que vous utilisez, l\u2019identifiant unique de votre appareil, l\u2019adresse IP de votre appareil, votre syst\u00e8me d\u2019exploitation, le type de navigateur Internet que vous utilisez, des informations d\u2019utilisation, des informations de diagnostic, et des informations de localisation provenant ou concernant les ordinateurs, t\u00e9l\u00e9phones ou autres appareils sur lesquels vous installez ou acc\u00e9dez \u00e0 nos produits ou services. Lorsque cela est disponible, nos services peuvent utiliser le GPS, votre adresse IP, et d\u2019autres technologies pour d\u00e9terminer la localisation approximative d\u2019un appareil afin de nous permettre d\u2019am\u00e9liorer nos produits et services.<\/p>\n<p><strong><b>Comment nous utilisons vos donn\u00e9es personnelles<\/b><\/strong><\/p>\n<p>De mani\u00e8re g\u00e9n\u00e9rale, nous utilisons les donn\u00e9es personnelles pour fournir, am\u00e9liorer et d\u00e9velopper nos produits et services, communiquer avec vous, vous proposer des publicit\u00e9s et services cibl\u00e9s, et nous prot\u00e9ger ainsi que nos clients.<\/p>\n<p>\u2170. Fournir, am\u00e9liorer et d\u00e9velopper nos produits et services :<\/p>\n<p>Nous utilisons les donn\u00e9es personnelles pour nous aider \u00e0 fournir, am\u00e9liorer et d\u00e9velopper nos produits, services et publicit\u00e9s. Cela inclut l\u2019utilisation des donn\u00e9es personnelles \u00e0 des fins telles que l\u2019analyse de donn\u00e9es, la recherche et les audits. Un tel traitement est bas\u00e9 sur notre int\u00e9r\u00eat l\u00e9gitime \u00e0 vous offrir des produits et services et pour la continuit\u00e9 de nos activit\u00e9s. Si vous participez \u00e0 un concours ou \u00e0 une autre promotion, nous pouvons utiliser les donn\u00e9es personnelles que vous fournissez pour administrer ces programmes. Certaines de ces activit\u00e9s ont des r\u00e8gles suppl\u00e9mentaires, qui peuvent contenir des informations suppl\u00e9mentaires sur la fa\u00e7on dont nous utilisons les donn\u00e9es personnelles, nous vous encourageons donc \u00e0 lire attentivement ces r\u00e8gles avant de participer.<\/p>\n<p>\u2171. Communiquer avec vous :<\/p>\n<p>Sous r\u00e9serve de votre consentement expr\u00e8s pr\u00e9alable, nous pouvons utiliser les donn\u00e9es personnelles pour vous envoyer des communications marketing concernant nos propres produits et services, communiquer avec vous au sujet de votre compte ou de vos transactions, et vous informer de nos politiques et conditions. Si vous ne souhaitez plus recevoir de communications par e-mail \u00e0 des fins marketing, veuillez nous contacter pour vous d\u00e9sinscrire. Nous pouvons \u00e9galement utiliser vos donn\u00e9es pour traiter et r\u00e9pondre \u00e0 vos demandes lorsque vous nous contactez. Sous r\u00e9serve de votre consentement expr\u00e8s pr\u00e9alable, nous pouvons partager vos donn\u00e9es personnelles avec des partenaires tiers qui peuvent vous envoyer des communications marketing concernant leurs produits et services. Sous r\u00e9serve de votre consentement expr\u00e8s pr\u00e9alable, nous pouvons utiliser les donn\u00e9es personnelles pour personnaliser votre exp\u00e9rience avec nos produits et services et sur des sites et applications tiers, ainsi que pour \u00e9valuer l\u2019efficacit\u00e9 de nos campagnes promotionnelles.<\/p>\n<p>NOTE : Pour toute utilisation de vos donn\u00e9es d\u00e9crite ci-dessus n\u00e9cessitant votre consentement expr\u00e8s pr\u00e9alable, notez que vous pouvez retirer votre consentement en nous contactant.<\/p>\n<p><strong><b>D\u00e9finition des cookies<\/b><\/strong><\/p>\n<p>Les cookies sont de petits morceaux de texte utilis\u00e9s pour stocker des informations sur les navigateurs web. Les cookies sont largement utilis\u00e9s pour stocker et recevoir des identifiants et autres informations sur les ordinateurs, t\u00e9l\u00e9phones et autres appareils. Nous utilisons \u00e9galement d\u2019autres technologies, y compris les donn\u00e9es que nous stockons sur votre navigateur web ou votre appareil, les identifiants associ\u00e9s \u00e0 votre appareil, et d\u2019autres logiciels, \u00e0 des fins similaires. Dans cette d\u00e9claration sur les cookies, nous faisons r\u00e9f\u00e9rence \u00e0 toutes ces technologies sous le nom de cookies<\/p>\n<p><strong><b>Utilisation des cookies<\/b><\/strong><\/p>\n<p>Nous utilisons des cookies pour fournir, prot\u00e9ger et am\u00e9liorer nos produits et services, notamment en personnalisant le contenu, en proposant et en mesurant des publicit\u00e9s, en comprenant le comportement des utilisateurs et en offrant une exp\u00e9rience plus s\u00fbre. Veuillez noter que les cookies sp\u00e9cifiques que nous pouvons utiliser varient en fonction des sites Web et des services que vous utilisez.<\/p>\n<p><strong><b>Divulgation de donn\u00e9es personnelles<\/b><\/strong><\/p>\n<p>Nous mettons certains donn\u00e9es personnelles \u00e0 la disposition de partenaires strat\u00e9giques qui collaborent avec nous pour fournir nos produits et services ou nous aider \u00e0 commercialiser aupr\u00e8s des clients. Les donn\u00e9es personnelles ne seront partag\u00e9es par nos soins avec ces entreprises que pour fournir ou am\u00e9liorer nos produits, services et publicit\u00e9s ; elles ne seront pas partag\u00e9es avec des tiers \u00e0 des fins de marketing pour leur propre compte sans votre consentement expr\u00e8s pr\u00e9alable.<\/p>\n<p><strong><b>Divulgation, stockage, transfert et traitement des donn\u00e9es<\/b><\/strong><\/p>\n<p>\u2170. Respect des obligations l\u00e9gales :<\/p>\n<p>En raison des lois obligatoires en vigueur, certains actes juridiques existent ou ont eu lieu et certaines obligations l\u00e9gales doivent \u00eatre remplies. Traitement des donn\u00e9es personnelles des r\u00e9sidents \u2014 Comme d\u00e9crit ci-dessous, si vous r\u00e9sidez en France, notre traitement de vos donn\u00e9es personnelles sera l\u00e9gitim\u00e9 : chaque fois que nous exigeons votre consentement pour le traitement de vos donn\u00e9es personnelles, ce traitement sera justifi\u00e9 conform\u00e9ment \u00e0 l\u2019Article 6(1) du R\u00e8glement G\u00e9n\u00e9ral sur la Protection des Donn\u00e9es (RGPD).<\/p>\n<p>\u2171. Dans le but de mettre en \u0153uvre ou d'appliquer raisonnablement cet article :<\/p>\n<p>Nous pouvons partager des donn\u00e9es personnelles avec toutes nos soci\u00e9t\u00e9s affili\u00e9es. En cas de fusion, r\u00e9organisation, acquisition, coentreprise, cession, scission, transfert ou vente ou disposition de tout ou partie de notre activit\u00e9, y compris dans le cadre de proc\u00e9dures de faillite ou similaires, nous pouvons transf\u00e9rer toutes les donn\u00e9es personnelles au tiers concern\u00e9. Nous pouvons \u00e9galement divulguer des donn\u00e9es personnelles si nous estimons de bonne foi que la divulgation est raisonnablement n\u00e9cessaire pour prot\u00e9ger nos droits et poursuivre les recours disponibles, faire respecter nos termes et conditions, enqu\u00eater sur la fraude ou prot\u00e9ger nos op\u00e9rations ou utilisateurs.<\/p>\n<p>\u2172. Conformit\u00e9 l\u00e9gale et s\u00e9curit\u00e9 ou protection d\u2019autres droits<\/p>\n<p>Il peut \u00eatre n\u00e9cessaire \u2014 en vertu de la loi, d\u2019un processus juridique, d\u2019un litige et\/ou de demandes des autorit\u00e9s publiques et gouvernementales, \u00e0 l\u2019int\u00e9rieur ou \u00e0 l\u2019ext\u00e9rieur de votre pays de r\u00e9sidence \u2014 pour nous de divulguer des donn\u00e9es personnelles. Nous pouvons \u00e9galement divulguer des donn\u00e9es personnelles si nous d\u00e9terminons que, \u00e0 des fins de s\u00e9curit\u00e9 nationale, d\u2019application de la loi ou d\u2019autres questions d\u2019int\u00e9r\u00eat public, la divulgation est n\u00e9cessaire ou appropri\u00e9e.<\/p>\n<p><strong><b>Enfants<\/b><\/strong><\/p>\n<p>Nos produits et services sont destin\u00e9s aux adultes. En cons\u00e9quence, nous ne collectons, n\u2019utilisons ni ne divulguons sciemment des donn\u00e9es provenant d\u2019enfants de moins de 18 ans. Si nous apprenons que nous avons collect\u00e9 les donn\u00e9es personnelles d\u2019un enfant de moins de 18 ans, ou de l\u2019\u00e2ge minimum \u00e9quivalent selon la juridiction, nous prendrons des mesures pour supprimer ces donn\u00e9es d\u00e8s que possible. Veuillez nous contacter imm\u00e9diatement si vous prenez conscience qu\u2019un enfant de moins de 18 ans vous a fourni des donn\u00e9es personnelles.<\/p>\n<p><strong><b>Vos droits<\/b><\/strong><\/p>\n<p>Nous prenons des mesures raisonnables pour garantir que vos donn\u00e9es personnelles soient exactes, compl\u00e8tes et \u00e0 jour. Vous avez le droit d\u2019acc\u00e9der, de corriger ou de supprimer les donn\u00e9es personnelles que nous collectons. Vous avez \u00e9galement le droit de restreindre ou de vous opposer, \u00e0 tout moment, au traitement ult\u00e9rieur de vos donn\u00e9es personnelles. Vous avez le droit de recevoir vos donn\u00e9es personnelles dans un format structur\u00e9 et standard. Vous pouvez d\u00e9poser une plainte aupr\u00e8s de l\u2019autorit\u00e9 de protection des donn\u00e9es comp\u00e9tente concernant le traitement de vos donn\u00e9es personnelles. Pour prot\u00e9ger la vie priv\u00e9e et la s\u00e9curit\u00e9 de vos donn\u00e9es personnelles, nous pouvons vous demander des informations pour confirmer votre identit\u00e9 et votre droit d\u2019acc\u00e9der \u00e0 ces donn\u00e9es, ainsi que pour rechercher et vous fournir les donn\u00e9es personnelles que nous conservons. Il existe des cas o\u00f9 les lois ou r\u00e9glementations applicables nous permettent ou nous obligent \u00e0 refuser de fournir ou de supprimer tout ou partie des donn\u00e9es personnelles que nous d\u00e9tenons. Vous pouvez nous contacter pour exercer vos droits. Nous r\u00e9pondrons \u00e0 votre demande dans un d\u00e9lai raisonnable, et en tout cas en moins de 30 jours.<\/p>\n<p><strong><b>Sites Web et services tiers<\/b><\/strong><\/p>\n<p>Lorsqu\u2019un client clique sur un lien vers un site Web tiers ayant une relation avec nous, nous n\u2019assumons aucune obligation ou responsabilit\u00e9 quant \u00e0 cette politique en raison de la politique de confidentialit\u00e9 du tiers. Nos sites Web, produits et services peuvent contenir des liens ou vous permettre d\u2019acc\u00e9der \u00e0 des sites, produits et services tiers. Nous ne sommes pas responsables des pratiques de confidentialit\u00e9 employ\u00e9es par ces tiers, ni des informations ou contenus que leurs produits et services contiennent. La pr\u00e9sente d\u00e9claration de confidentialit\u00e9 s\u2019applique uniquement aux donn\u00e9es collect\u00e9es par nos soins via nos produits et services. Nous vous encourageons \u00e0 lire les politiques de confidentialit\u00e9 de tout tiers avant de continuer \u00e0 utiliser leurs sites Web, produits ou services.<\/p>\n<p><strong><b>S\u00e9curit\u00e9, int\u00e9grit\u00e9 et conservation des donn\u00e9es<\/b><\/strong><\/p>\n<p>Nous utilisons des mesures de s\u00e9curit\u00e9 techniques, administratives et physiques raisonnables con\u00e7ues pour prot\u00e9ger et aider \u00e0 pr\u00e9venir l\u2019acc\u00e8s non autoris\u00e9 \u00e0 vos donn\u00e9es, et pour utiliser correctement les donn\u00e9es que nous collectons. Nous conserverons vos donn\u00e9es personnelles aussi longtemps que n\u00e9cessaire pour atteindre les finalit\u00e9s d\u00e9crites dans cette d\u00e9claration de confidentialit\u00e9, sauf si une p\u00e9riode de conservation plus longue est requise ou autoris\u00e9e par la loi.<\/p>\n<p><strong><b>Modifications de cette d\u00e9claration de confidentialit\u00e9<\/b><\/strong><\/p>\n<p>Nous pouvons p\u00e9riodiquement modifier cette D\u00e9claration de Confidentialit\u00e9 pour suivre le rythme des nouvelles technologies, des pratiques industrielles et des exigences r\u00e9glementaires, entre autres raisons. Votre utilisation continue de nos produits et services apr\u00e8s la date d'entr\u00e9e en vigueur de la D\u00e9claration de Confidentialit\u00e9 signifie que vous acceptez la version r\u00e9vis\u00e9e de la D\u00e9claration de Confidentialit\u00e9. Si vous n'acceptez pas la version r\u00e9vis\u00e9e de la D\u00e9claration de Confidentialit\u00e9, veuillez ne pas utiliser nos produits ou services et nous contacter pour fermer tout compte que vous avez pu cr\u00e9er.<\/p>\n<p><strong><b>Confidentialit\u00e9 des mineurs<\/b><\/strong><\/p>\n<p>Nous nous engageons \u00e0 prot\u00e9ger la vie priv\u00e9e des personnes de moins de 18 ans. Nous ne collectons, n'utilisons ni ne divulguons intentionnellement des informations personnelles de quiconque \u00e2g\u00e9 de moins de 18 ans. Si nous prenons conscience que nous avons involontairement collect\u00e9 des donn\u00e9es personnelles d'un mineur, nous prendrons des mesures raisonnables pour supprimer ces informations de nos dossiers. Si vous \u00eates un parent ou un tuteur et que vous pensez que votre enfant nous a fourni des informations personnelles, veuillez nous contacter afin que nous puissions traiter la question rapidement.<\/p>","protected":false},"excerpt":{"rendered":"<p>We take your privacy seriously and this privacy statement explains how\u00a0\u00a0(collectively, \u201cwe,\u201d \u201cus,\u201d or \u201cour\u201d) collects, uses, shares, and processes your information. Collection and Use for Personal Data Personal data&hellip;<\/p>","protected":false},"author":1,"featured_media":0,"parent":0,"menu_order":0,"comment_status":"closed","ping_status":"closed","template":"","meta":{"footnotes":""},"class_list":["post-250","page","type-page","status-publish","hentry"],"_hostinger_reach_plugin_has_subscription_block":false,"_hostinger_reach_plugin_is_elementor":false,"_links":{"self":[{"href":"https:\/\/www.carliseppf.com\/fr\/wp-json\/wp\/v2\/pages\/250","targetHints":{"allow":["GET"]}}],"collection":[{"href":"https:\/\/www.carliseppf.com\/fr\/wp-json\/wp\/v2\/pages"}],"about":[{"href":"https:\/\/www.carliseppf.com\/fr\/wp-json\/wp\/v2\/types\/page"}],"author":[{"embeddable":true,"href":"https:\/\/www.carliseppf.com\/fr\/wp-json\/wp\/v2\/users\/1"}],"replies":[{"embeddable":true,"href":"https:\/\/www.carliseppf.com\/fr\/wp-json\/wp\/v2\/comments?post=250"}],"version-history":[{"count":3,"href":"https:\/\/www.carliseppf.com\/fr\/wp-json\/wp\/v2\/pages\/250\/revisions"}],"predecessor-version":[{"id":9664,"href":"https:\/\/www.carliseppf.com\/fr\/wp-json\/wp\/v2\/pages\/250\/revisions\/9664"}],"wp:attachment":[{"href":"https:\/\/www.carliseppf.com\/fr\/wp-json\/wp\/v2\/media?parent=250"}],"curies":[{"name":"wp","href":"https:\/\/api.w.org\/{rel}","templated":true}]}}