{"id":2946,"date":"2024-07-03T08:30:47","date_gmt":"2024-07-03T08:30:47","guid":{"rendered":"https:\/\/www.carliseppf.com\/?page_id=2946"},"modified":"2025-11-26T08:21:49","modified_gmt":"2025-11-26T08:21:49","slug":"service-cases","status":"publish","type":"page","link":"https:\/\/www.carliseppf.com\/fr\/service-cases\/","title":{"rendered":"Cas de service"},"content":{"rendered":"<div data-elementor-type=\"wp-page\" data-elementor-id=\"2946\" class=\"elementor elementor-2946\">\n\t\t\t\t\t\t<section class=\"elementor-section elementor-top-section elementor-element elementor-element-041a8df elementor-section-boxed elementor-section-height-default elementor-section-height-default sc_fly_static\" data-id=\"041a8df\" data-element_type=\"section\">\n\t\t\t\t\t\t<div class=\"elementor-container elementor-column-gap-extended\">\n\t\t\t\t\t<div class=\"elementor-column elementor-col-100 elementor-top-column elementor-element elementor-element-114f119 sc_content_align_inherit sc_layouts_column_icons_position_left sc_fly_static\" data-id=\"114f119\" data-element_type=\"column\">\n\t\t\t<div class=\"elementor-widget-wrap elementor-element-populated\">\n\t\t\t\t\t\t<div class=\"elementor-element elementor-element-251e574 sc_height_large sc_fly_static elementor-widget elementor-widget-spacer\" data-id=\"251e574\" data-element_type=\"widget\" data-widget_type=\"spacer.default\">\n\t\t\t\t<div class=\"elementor-widget-container\">\n\t\t\t\t\t\t\t<div class=\"elementor-spacer\">\n\t\t\t<div class=\"elementor-spacer-inner\"><\/div>\n\t\t<\/div>\n\t\t\t\t\t\t<\/div>\n\t\t\t\t<\/div>\n\t\t\t\t\t<\/div>\n\t\t<\/div>\n\t\t\t\t\t<\/div>\n\t\t<\/section>\n\t\t\t\t<section class=\"elementor-section elementor-top-section elementor-element elementor-element-d92c140 elementor-section-boxed elementor-section-height-default elementor-section-height-default sc_fly_static\" data-id=\"d92c140\" data-element_type=\"section\">\n\t\t\t\t\t\t<div class=\"elementor-container elementor-column-gap-no\">\n\t\t\t\t\t<div class=\"elementor-column elementor-col-100 elementor-top-column elementor-element elementor-element-fa451c7 sc_content_align_inherit sc_layouts_column_icons_position_left sc_fly_static\" data-id=\"fa451c7\" data-element_type=\"column\">\n\t\t\t<div class=\"elementor-widget-wrap elementor-element-populated\">\n\t\t\t\t\t\t<div class=\"elementor-element elementor-element-098868c sc_fly_static elementor-widget elementor-widget-text-editor\" data-id=\"098868c\" data-element_type=\"widget\" data-widget_type=\"text-editor.default\">\n\t\t\t\t<div class=\"elementor-widget-container\">\n\t\t\t\t\t\t\t\t\t<p>Nous proposons des solutions de films automobiles aux marques, grossistes, installateurs et entrepreneurs de projets dans plus de 50 pays. Nos cas de service illustrent comment nos vinyles de covering automobile, PPF, films de teintage pour fen\u00eatres et films solaires architecturaux aident les clients \u00e0 r\u00e9soudre des probl\u00e8mes et \u00e0 d\u00e9velopper leur activit\u00e9.<\/p>\t\t\t\t\t\t\t\t<\/div>\n\t\t\t\t<\/div>\n\t\t\t\t<div class=\"elementor-element elementor-element-15b909a sc_fly_static elementor-widget elementor-widget-trx_sc_services\" data-id=\"15b909a\" data-element_type=\"widget\" data-widget_type=\"trx_sc_services.default\">\n\t\t\t\t<div class=\"elementor-widget-container\">\n\t\t\t\t\t<div class=\"sc_services sc_services_default sc_services_featured_top\"><div class=\"sc_services_columns_wrap sc_item_columns sc_item_posts_container sc_item_columns_3 trx_addons_columns_wrap columns_padding_bottom\"><div class=\"trx_addons_column-1_3\"><div data-post-id=\"9773\" class=\"sc_services_item sc_item_container post_container with_content with_image sc_services_item_featured_top post-9773 cpt_services type-cpt_services status-publish has-post-thumbnail hentry cpt_services_group-services-cases\" data-item-number=\"1\"\r\n>\r\n\t<div class=\"post_featured with_thumb hover_link sc_services_item_thumb\"><img fetchpriority=\"high\" decoding=\"async\" width=\"890\" height=\"664\" src=\"https:\/\/www.carliseppf.com\/wp-content\/uploads\/2025\/11\/1-5-890x664.jpg\" class=\"attachment-rally-thumb-square size-rally-thumb-square wp-post-image\" alt=\"Voiture en France avec film teint\u00e9 \u00e0 sens unique appliqu\u00e9 \u2013 vue du projet\" srcset=\"https:\/\/www.carliseppf.com\/wp-content\/uploads\/2025\/11\/1-5-890x664.jpg 890w, https:\/\/www.carliseppf.com\/wp-content\/uploads\/2025\/11\/1-5-18x12.jpg 18w\" sizes=\"(max-width: 890px) 100vw, 890px\" \/>\t\t\t\t\t\t<div class=\"mask\"><\/div>\r\n\t\t\t\t\t\t<a class=\"post_link sc_services_item_link\" href=\"https:\/\/www.carliseppf.com\/fr\/services\/dubai-one-way-window-tint\/\"><\/a>\t\t\t<a href=\"https:\/\/www.carliseppf.com\/fr\/services\/dubai-one-way-window-tint\/\"  aria-hidden=\"true\" class=\"link\"><\/a>\r\n\t\t\t<\/div>\t\r\n\t<div class=\"sc_services_item_info\">\r\n\t\t\t\t<div class=\"sc_services_item_header\">\r\n\t\t\t\t\t\t<h4 class=\"sc_services_item_title entry-title\"><a href=\"https:\/\/www.carliseppf.com\/fr\/services\/dubai-one-way-window-tint\/\">Histoire de r\u00e9ussite client en France \u2013 Projet de film teint\u00e9 pour fen\u00eatres \u00e0 sens unique<\/a><\/h4>\r\n\t\t\t<div class=\"sc_services_item_subtitle\"><a href=\"https:\/\/www.carliseppf.com\/fr\/services_group\/services-cases\/\" title=\"Voir tous les articles dans Cas de services\">Cas de services<\/a><\/div>\t\t<\/div>\r\n\t\t                    <div class=\"sc_services_item_content\"><p>Projet de film teint\u00e9 pour fen\u00eatres \u00e0 sens unique Notre collaboration avec un client fran\u00e7ais a d\u00e9but\u00e9 il y a un an. Au d\u00e9part, il a achet\u00e9 une petite quantit\u00e9 de produits pour tester, notamment notre film \u00e0 sens unique\u2026<\/p>\n<\/div><div class=\"sc_services_item_button sc_item_button\">\r\n            <a href=\"https:\/\/www.carliseppf.com\/fr\/services\/dubai-one-way-window-tint\/\" class=\"sc_services_item_more_link\">\r\n                <span class=\"link_text\">En savoir plus<\/span><span class=\"link_icon\"><\/span>\r\n            <\/a>\r\n            <\/div><\/div>\r\n<\/div>\r\n<\/div><div class=\"trx_addons_column-1_3\"><div data-post-id=\"9781\" class=\"sc_services_item sc_item_container post_container with_content with_image sc_services_item_featured_top post-9781 cpt_services type-cpt_services status-publish has-post-thumbnail hentry cpt_services_group-services-cases\" data-item-number=\"2\"\r\n>\r\n\t<div class=\"post_featured with_thumb hover_link sc_services_item_thumb\"><img decoding=\"async\" width=\"890\" height=\"664\" src=\"https:\/\/www.carliseppf.com\/wp-content\/uploads\/2025\/11\/ca8ca546f33ddf8e36dbda39961643dd-890x664.jpg\" class=\"attachment-rally-thumb-square size-rally-thumb-square wp-post-image\" alt=\"film teint\u00e9 pour fen\u00eatres \u00e0 faible co\u00fbt\" \/>\t\t\t\t\t\t<div class=\"mask\"><\/div>\r\n\t\t\t\t\t\t<a class=\"post_link sc_services_item_link\" href=\"https:\/\/www.carliseppf.com\/fr\/services\/kenya-low-cost-window-tinting\/\"><\/a>\t\t\t<a href=\"https:\/\/www.carliseppf.com\/fr\/services\/kenya-low-cost-window-tinting\/\"  aria-hidden=\"true\" class=\"link\"><\/a>\r\n\t\t\t<\/div>\t\r\n\t<div class=\"sc_services_item_info\">\r\n\t\t\t\t<div class=\"sc_services_item_header\">\r\n\t\t\t\t\t\t<h4 class=\"sc_services_item_title entry-title\"><a href=\"https:\/\/www.carliseppf.com\/fr\/services\/kenya-low-cost-window-tinting\/\">Histoire de r\u00e9ussite client en France \u2013 Projet de film teint\u00e9 pour fen\u00eatres \u00e0 faible co\u00fbt<\/a><\/h4>\r\n\t\t\t<div class=\"sc_services_item_subtitle\"><a href=\"https:\/\/www.carliseppf.com\/fr\/services_group\/services-cases\/\" title=\"Voir tous les articles dans Cas de services\">Cas de services<\/a><\/div>\t\t<\/div>\r\n\t\t                    <div class=\"sc_services_item_content\"><p>Notre client fran\u00e7ais a commenc\u00e9 \u00e0 travailler avec nous alors qu'il explorait encore le secteur des films pour automobiles. Il avait besoin d'un fournisseur fiable capable de fournir une qualit\u00e9 constante et un support professionnel alors qu'il\u2026<\/p>\n<\/div><div class=\"sc_services_item_button sc_item_button\">\r\n            <a href=\"https:\/\/www.carliseppf.com\/fr\/services\/kenya-low-cost-window-tinting\/\" class=\"sc_services_item_more_link\">\r\n                <span class=\"link_text\">En savoir plus<\/span><span class=\"link_icon\"><\/span>\r\n            <\/a>\r\n            <\/div><\/div>\r\n<\/div>\r\n<\/div><div class=\"trx_addons_column-1_3\"><div data-post-id=\"9794\" class=\"sc_services_item sc_item_container post_container with_content with_image sc_services_item_featured_top post-9794 cpt_services type-cpt_services status-publish has-post-thumbnail hentry cpt_services_group-services-cases\" data-item-number=\"3\"\r\n>\r\n\t<div class=\"post_featured with_thumb hover_link sc_services_item_thumb\"><img decoding=\"async\" width=\"890\" height=\"664\" src=\"https:\/\/www.carliseppf.com\/wp-content\/uploads\/2025\/11\/1-2-890x664.jpg\" class=\"attachment-rally-thumb-square size-rally-thumb-square wp-post-image\" alt=\"film teint\u00e9 pour fen\u00eatres automobiles\" srcset=\"https:\/\/www.carliseppf.com\/wp-content\/uploads\/2025\/11\/1-2-890x664.jpg 890w, https:\/\/www.carliseppf.com\/wp-content\/uploads\/2025\/11\/1-2-18x12.jpg 18w\" sizes=\"(max-width: 890px) 100vw, 890px\" \/>\t\t\t\t\t\t<div class=\"mask\"><\/div>\r\n\t\t\t\t\t\t<a class=\"post_link sc_services_item_link\" href=\"https:\/\/www.carliseppf.com\/fr\/services\/saudi-automotive-window-tint-film\/\"><\/a>\t\t\t<a href=\"https:\/\/www.carliseppf.com\/fr\/services\/saudi-automotive-window-tint-film\/\"  aria-hidden=\"true\" class=\"link\"><\/a>\r\n\t\t\t<\/div>\t\r\n\t<div class=\"sc_services_item_info\">\r\n\t\t\t\t<div class=\"sc_services_item_header\">\r\n\t\t\t\t\t\t<h4 class=\"sc_services_item_title entry-title\"><a href=\"https:\/\/www.carliseppf.com\/fr\/services\/saudi-automotive-window-tint-film\/\">Histoire de r\u00e9ussite client en France \u2013 Projet de film teint\u00e9 pour fen\u00eatres automobiles<\/a><\/h4>\r\n\t\t\t<div class=\"sc_services_item_subtitle\"><a href=\"https:\/\/www.carliseppf.com\/fr\/services_group\/services-cases\/\" title=\"Voir tous les articles dans Cas de services\">Cas de services<\/a><\/div>\t\t<\/div>\r\n\t\t                    <div class=\"sc_services_item_content\"><p>Notre collaboration avec un client fran\u00e7ais a commenc\u00e9 avec un objectif clair : trouver un film teint\u00e9 pour fen\u00eatres automobiles offrant \u00e0 la fois durabilit\u00e9 et un aspect haut de gamme dans le climat extr\u00eame en France.\u2026<\/p>\n<\/div><div class=\"sc_services_item_button sc_item_button\">\r\n            <a href=\"https:\/\/www.carliseppf.com\/fr\/services\/saudi-automotive-window-tint-film\/\" class=\"sc_services_item_more_link\">\r\n                <span class=\"link_text\">En savoir plus<\/span><span class=\"link_icon\"><\/span>\r\n            <\/a>\r\n            <\/div><\/div>\r\n<\/div>\r\n<\/div><div class=\"trx_addons_column-1_3\"><div data-post-id=\"9801\" class=\"sc_services_item sc_item_container post_container with_content with_image sc_services_item_featured_top post-9801 cpt_services type-cpt_services status-publish has-post-thumbnail hentry cpt_services_group-services-cases\" data-item-number=\"4\"\r\n>\r\n\t<div class=\"post_featured with_thumb hover_link sc_services_item_thumb\"><img loading=\"lazy\" decoding=\"async\" width=\"890\" height=\"664\" src=\"https:\/\/www.carliseppf.com\/wp-content\/uploads\/2025\/11\/8df23d473d4c4623e15ba6b8fe6773a1-890x664.png\" class=\"attachment-rally-thumb-square size-rally-thumb-square wp-post-image\" alt=\"\" \/>\t\t\t\t\t\t<div class=\"mask\"><\/div>\r\n\t\t\t\t\t\t<a class=\"post_link sc_services_item_link\" href=\"https:\/\/www.carliseppf.com\/fr\/services\/thailand-blackout-window-tint\/\"><\/a>\t\t\t<a href=\"https:\/\/www.carliseppf.com\/fr\/services\/thailand-blackout-window-tint\/\"  aria-hidden=\"true\" class=\"link\"><\/a>\r\n\t\t\t<\/div>\t\r\n\t<div class=\"sc_services_item_info\">\r\n\t\t\t\t<div class=\"sc_services_item_header\">\r\n\t\t\t\t\t\t<h4 class=\"sc_services_item_title entry-title\"><a href=\"https:\/\/www.carliseppf.com\/fr\/services\/thailand-blackout-window-tint\/\">Histoire de r\u00e9ussite client en France \u2013 Projet de film teint\u00e9 pour fen\u00eatres \u00e0 occultation<\/a><\/h4>\r\n\t\t\t<div class=\"sc_services_item_subtitle\"><a href=\"https:\/\/www.carliseppf.com\/fr\/services_group\/services-cases\/\" title=\"Voir tous les articles dans Cas de services\">Cas de services<\/a><\/div>\t\t<\/div>\r\n\t\t                    <div class=\"sc_services_item_content\"><p>Notre client fran\u00e7ais nous a initialement contact\u00e9s en recherchant un film teint\u00e9 pour fen\u00eatres \u00e0 occultation fiable, capable de bien r\u00e9sister \u00e0 l'humidit\u00e9 \u00e9lev\u00e9e et \u00e0 l'exposition forte aux UV en France. Au d\u00e9but, il \u00e9tait\u2026<\/p>\n<\/div><div class=\"sc_services_item_button sc_item_button\">\r\n            <a href=\"https:\/\/www.carliseppf.com\/fr\/services\/thailand-blackout-window-tint\/\" class=\"sc_services_item_more_link\">\r\n                <span class=\"link_text\">En savoir plus<\/span><span class=\"link_icon\"><\/span>\r\n            <\/a>\r\n            <\/div><\/div>\r\n<\/div>\r\n<\/div><\/div><\/div>\t\t\t\t<\/div>\n\t\t\t\t<\/div>\n\t\t\t\t\t<\/div>\n\t\t<\/div>\n\t\t\t\t\t<\/div>\n\t\t<\/section>\n\t\t\t\t<section class=\"elementor-section elementor-top-section elementor-element elementor-element-bb732ee elementor-section-boxed elementor-section-height-default elementor-section-height-default sc_fly_static\" data-id=\"bb732ee\" data-element_type=\"section\">\n\t\t\t\t\t\t<div class=\"elementor-container elementor-column-gap-extended\">\n\t\t\t\t\t<div class=\"elementor-column elementor-col-100 elementor-top-column elementor-element elementor-element-9692373 sc_content_align_inherit sc_layouts_column_icons_position_left sc_fly_static\" data-id=\"9692373\" data-element_type=\"column\">\n\t\t\t<div class=\"elementor-widget-wrap elementor-element-populated\">\n\t\t\t\t\t\t<div class=\"elementor-element elementor-element-334f913 sc_height_extra_huge sc_fly_static elementor-widget elementor-widget-spacer\" data-id=\"334f913\" data-element_type=\"widget\" data-widget_type=\"spacer.default\">\n\t\t\t\t<div class=\"elementor-widget-container\">\n\t\t\t\t\t\t\t<div class=\"elementor-spacer\">\n\t\t\t<div class=\"elementor-spacer-inner\"><\/div>\n\t\t<\/div>\n\t\t\t\t\t\t<\/div>\n\t\t\t\t<\/div>\n\t\t\t\t\t<\/div>\n\t\t<\/div>\n\t\t\t\t\t<\/div>\n\t\t<\/section>\n\t\t\t\t<\/div>","protected":false},"excerpt":{"rendered":"<p>We provide automotive film solutions to brands, wholesalers, installers, and project contractors in over 50+ countries. Our service cases display how our car wrap vinyl, PPF, window tint film, and&hellip;<\/p>","protected":false},"author":1,"featured_media":0,"parent":0,"menu_order":0,"comment_status":"closed","ping_status":"closed","template":"","meta":{"footnotes":""},"class_list":["post-2946","page","type-page","status-publish","hentry"],"_hostinger_reach_plugin_has_subscription_block":false,"_hostinger_reach_plugin_is_elementor":false,"_links":{"self":[{"href":"https:\/\/www.carliseppf.com\/fr\/wp-json\/wp\/v2\/pages\/2946","targetHints":{"allow":["GET"]}}],"collection":[{"href":"https:\/\/www.carliseppf.com\/fr\/wp-json\/wp\/v2\/pages"}],"about":[{"href":"https:\/\/www.carliseppf.com\/fr\/wp-json\/wp\/v2\/types\/page"}],"author":[{"embeddable":true,"href":"https:\/\/www.carliseppf.com\/fr\/wp-json\/wp\/v2\/users\/1"}],"replies":[{"embeddable":true,"href":"https:\/\/www.carliseppf.com\/fr\/wp-json\/wp\/v2\/comments?post=2946"}],"version-history":[{"count":29,"href":"https:\/\/www.carliseppf.com\/fr\/wp-json\/wp\/v2\/pages\/2946\/revisions"}],"predecessor-version":[{"id":10049,"href":"https:\/\/www.carliseppf.com\/fr\/wp-json\/wp\/v2\/pages\/2946\/revisions\/10049"}],"wp:attachment":[{"href":"https:\/\/www.carliseppf.com\/fr\/wp-json\/wp\/v2\/media?parent=2946"}],"curies":[{"name":"wp","href":"https:\/\/api.w.org\/{rel}","templated":true}]}}