{"id":10008,"date":"2025-11-25T08:26:50","date_gmt":"2025-11-25T08:26:50","guid":{"rendered":"https:\/\/www.carliseppf.com\/?post_type=product&#038;p=10008"},"modified":"2026-01-06T03:07:18","modified_gmt":"2026-01-06T03:07:18","slug":"black-crystal-blue-black-crystal-blue","status":"publish","type":"product","link":"https:\/\/www.carliseppf.com\/fr\/produit\/black-crystal-blue-black-crystal-blue\/","title":{"rendered":"Film de protection de peinture TPU 1,52*15M noir cristal bleu pour voitures, auto-r\u00e9parant, couverture de corps, changement de couleur"},"content":{"rendered":"<h2 data-start=\"709\" data-end=\"730\">Aper\u00e7u du produit<\/h2>\n<p>Ce vinyle premium <strong data-start=\"744\" data-end=\"760\">voiture\u00a0 <\/strong>Le film PPF (1,52*15m) pr\u00e9sente un film PPF bleu cristal noir avec des propri\u00e9t\u00e9s d'auto-r\u00e9paration et anti-rayures, offrant une protection sup\u00e9rieure pour la peinture de votre voiture. Parfait pour des enveloppements complets ou partiels, motos, capots, miroirs et panneaux d\u00e9coratifs. La fourniture directe d'usine garantit des commandes en gros et des tailles personnalis\u00e9es pour les installateurs et les grossistes.<\/p>\n<p><img fetchpriority=\"high\" decoding=\"async\" class=\"wp-image-10010 aligncenter\" src=\"https:\/\/www.carliseppf.com\/wp-content\/uploads\/2025\/11\/H9cd619af55074a66a134d70178da361an.png_avifclosewebpclose-300x300.png\" alt=\"Noir cristal bleu\" width=\"418\" height=\"418\" srcset=\"https:\/\/www.carliseppf.com\/wp-content\/uploads\/2025\/11\/H9cd619af55074a66a134d70178da361an.png_avifclosewebpclose-300x300.png 300w, https:\/\/www.carliseppf.com\/wp-content\/uploads\/2025\/11\/H9cd619af55074a66a134d70178da361an.png_avifclosewebpclose-1024x1024.png 1024w, https:\/\/www.carliseppf.com\/wp-content\/uploads\/2025\/11\/H9cd619af55074a66a134d70178da361an.png_avifclosewebpclose-150x150.png 150w, https:\/\/www.carliseppf.com\/wp-content\/uploads\/2025\/11\/H9cd619af55074a66a134d70178da361an.png_avifclosewebpclose-768x768.png 768w, https:\/\/www.carliseppf.com\/wp-content\/uploads\/2025\/11\/H9cd619af55074a66a134d70178da361an.png_avifclosewebpclose-12x12.png 12w, https:\/\/www.carliseppf.com\/wp-content\/uploads\/2025\/11\/H9cd619af55074a66a134d70178da361an.png_avifclosewebpclose-370x370.png 370w, https:\/\/www.carliseppf.com\/wp-content\/uploads\/2025\/11\/H9cd619af55074a66a134d70178da361an.png_avifclosewebpclose-120x120.png 120w, https:\/\/www.carliseppf.com\/wp-content\/uploads\/2025\/11\/H9cd619af55074a66a134d70178da361an.png_avifclosewebpclose-840x840.png 840w, https:\/\/www.carliseppf.com\/wp-content\/uploads\/2025\/11\/H9cd619af55074a66a134d70178da361an.png_avifclosewebpclose-410x410.png 410w, https:\/\/www.carliseppf.com\/wp-content\/uploads\/2025\/11\/H9cd619af55074a66a134d70178da361an.png_avifclosewebpclose-630x630.png 630w, https:\/\/www.carliseppf.com\/wp-content\/uploads\/2025\/11\/H9cd619af55074a66a134d70178da361an.png_avifclosewebpclose-730x730.png 730w, https:\/\/www.carliseppf.com\/wp-content\/uploads\/2025\/11\/H9cd619af55074a66a134d70178da361an.png_avifclosewebpclose-460x460.png 460w, https:\/\/www.carliseppf.com\/wp-content\/uploads\/2025\/11\/H9cd619af55074a66a134d70178da361an.png_avifclosewebpclose.png 1080w\" sizes=\"(max-width: 600px) 100vw, 418px\" \/><\/p>\n<h2 data-start=\"1092\" data-end=\"1114\">Conception &amp; Caract\u00e9ristiques<\/h2>\n<ul data-start=\"1115\" data-end=\"1416\">\n<li data-start=\"1170\" data-end=\"1238\">\n<p title=\"Kalise Fabricant en gros de rev\u00eatement PPF de couleur automobile classique en TPU pour l&#039;emballage du corps, film PPF en pierre pr\u00e9cieuse rouge\" data-spm-anchor-id=\"a2700.details.0.i119.4f6f40ecYqVDKL\">Rev\u00eatement de protection de couleur automobile classique TPU noir bleu cristal pour l'emballage du corps.<\/p>\n<\/li>\n<li data-start=\"1170\" data-end=\"1238\">\n<p data-start=\"1172\" data-end=\"1238\">Technologie d'auto-r\u00e9paration et anti-rayures pour une protection sup\u00e9rieure<\/p>\n<\/li>\n<li data-start=\"1239\" data-end=\"1279\">\n<p data-start=\"1241\" data-end=\"1279\">Flexible, durable et facile \u00e0 appliquer<\/p>\n<\/li>\n<li data-start=\"1280\" data-end=\"1335\">\n<p data-start=\"1282\" data-end=\"1335\">Compatible avec des <strong data-start=\"1311\" data-end=\"1327\">wrap de voiture en PPF<\/strong> outils professionnels<\/p>\n<\/li>\n<li data-start=\"1336\" data-end=\"1416\">\n<p data-start=\"1338\" data-end=\"1416\">Id\u00e9al pour une couverture compl\u00e8te ou partielle du v\u00e9hicule, commandes en gros et projets personnalis\u00e9s<\/p>\n<\/li>\n<\/ul>\n<h2 data-start=\"1418\" data-end=\"1444\">Mat\u00e9riau de haute qualit\u00e9<\/h2>\n<ul data-start=\"1445\" data-end=\"1606\">\n<li data-start=\"1445\" data-end=\"1477\">\n<p data-start=\"1447\" data-end=\"1477\">Rev\u00eatement automobile TPU durable<\/p>\n<\/li>\n<li data-start=\"1478\" data-end=\"1526\">\n<p data-start=\"1480\" data-end=\"1526\">R\u00e9sistant aux UV, \u00e9tanche, s\u00fbr pour la peinture OEM<\/p>\n<\/li>\n<li data-start=\"1527\" data-end=\"1575\">\n<p data-start=\"1529\" data-end=\"1575\">Performance ext\u00e9rieure durable (3\u20135 ans)<\/p>\n<\/li>\n<li data-start=\"1576\" data-end=\"1606\">\n<p data-start=\"1578\" data-end=\"1606\">Facile \u00e0 nettoyer et \u00e0 entretenir<\/p>\n<\/li>\n<\/ul>\n<h2 data-start=\"1608\" data-end=\"1646\">Installation facile et personnalisation<\/h2>\n<ul data-start=\"1647\" data-end=\"1878\">\n<li data-start=\"1647\" data-end=\"1700\">\n<p data-start=\"1649\" data-end=\"1700\">Adh\u00e9sif \u00e0 lib\u00e9ration d'air pour une installation sans bulles<\/p>\n<\/li>\n<li data-start=\"1701\" data-end=\"1771\">\n<p data-start=\"1703\" data-end=\"1771\">Flexible et thermo-formable pour les bords, courbes et surfaces complexes<\/p>\n<\/li>\n<li data-start=\"1772\" data-end=\"1823\">\n<p data-start=\"1774\" data-end=\"1823\">Rouleaux personnalisables pour les commandes en gros ou en gros<\/p>\n<\/li>\n<li data-start=\"1824\" data-end=\"1878\">\n<p data-start=\"1826\" data-end=\"1878\">Convient aux installateurs professionnels et aux utilisateurs DIY<\/p>\n<\/li>\n<\/ul>\n<h2 data-start=\"1880\" data-end=\"1897\">Applications<\/h2>\n<ul data-start=\"1898\" data-end=\"2083\">\n<li data-start=\"1898\" data-end=\"1951\">\n<p data-start=\"1900\" data-end=\"1951\">Wraps complets pour v\u00e9hicules : voitures, SUV, motos, vans<\/p>\n<\/li>\n<li data-start=\"1952\" data-end=\"2002\">\n<p data-start=\"1954\" data-end=\"2002\">Wraps partiels : capots, toits, miroirs, spoilers<\/p>\n<\/li>\n<li data-start=\"2003\" data-end=\"2043\">\n<p data-start=\"2005\" data-end=\"2043\">Jupes int\u00e9rieures et panneaux d\u00e9coratifs<\/p>\n<\/li>\n<li data-start=\"2044\" data-end=\"2083\">\n<p data-start=\"2046\" data-end=\"2083\">Id\u00e9al pour <strong data-start=\"2056\" data-end=\"2072\">wrap de voiture en PPF<\/strong> projets<\/p>\n<\/li>\n<\/ul>\n<h2 data-start=\"2085\" data-end=\"2104\">Sp\u00e9cifications<\/h2>\n<p data-start=\"2105\" data-end=\"2330\">Mat\u00e9riau : Vinyle automobile TPU<br data-start=\"2135\" data-end=\"2138\" \/>Couleur : Noir cristal bleu<br data-start=\"2156\" data-end=\"2159\" \/>Taille : 1,52*15m<br data-start=\"2173\" data-end=\"2176\" \/>Finition : Brillante<br data-start=\"2190\" data-end=\"2193\" \/>\u00c9paisseur : 150\u2013180 \u03bcm<br data-start=\"2214\" data-end=\"2217\" \/>Adh\u00e9sif : Lib\u00e9ration d'air, repositionnable<br data-start=\"2254\" data-end=\"2257\" \/>Durabilit\u00e9 : 3\u20135 ans en ext\u00e9rieur<br data-start=\"2286\" data-end=\"2289\" \/>Taille du rouleau : Personnalisable pour les commandes en gros<\/p>\n<h2 data-start=\"2332\" data-end=\"2351\">Principaux avantages<\/h2>\n<ul data-start=\"2352\" data-end=\"2632\">\n<li data-start=\"2352\" data-end=\"2388\">\n<p data-start=\"2354\" data-end=\"2388\">Premium <strong data-start=\"2362\" data-end=\"2378\">wrap de voiture en PPF<\/strong> qualit\u00e9<\/p>\n<\/li>\n<li data-start=\"2389\" data-end=\"2451\">\n<p data-start=\"2391\" data-end=\"2451\">Auto-r\u00e9parant et r\u00e9sistant aux rayures pour une protection sup\u00e9rieure<\/p>\n<\/li>\n<li data-start=\"2452\" data-end=\"2506\">\n<p data-start=\"2454\" data-end=\"2506\">Directement de l'usine, enti\u00e8rement personnalisable pour les commandes en gros<\/p>\n<\/li>\n<li data-start=\"2507\" data-end=\"2570\">\n<p data-start=\"2509\" data-end=\"2570\">Installation facile pour les utilisateurs DIY et les installateurs professionnels<\/p>\n<\/li>\n<li data-start=\"2571\" data-end=\"2632\">\n<p data-start=\"2573\" data-end=\"2632\">Parfait pour les ateliers automobiles, les installateurs et les passionn\u00e9s<\/p>\n<\/li>\n<\/ul>\n<h2 data-start=\"2634\" data-end=\"2655\">Contenu du paquet<\/h2>\n<ul data-start=\"2656\" data-end=\"2780\">\n<li data-start=\"2656\" data-end=\"2711\">\n<p data-start=\"2658\" data-end=\"2711\">1 rouleau de noir cristal bleu (1,52*15m)<\/p>\n<\/li>\n<li data-start=\"2712\" data-end=\"2780\">\n<p data-start=\"2714\" data-end=\"2780\">Kit d'installation optionnel : raclette, cutter, chiffon en microfibre<\/p>\n<\/li>\n<\/ul>\n<h2 data-start=\"2782\" data-end=\"2811\">Pourquoi choisir ce produit ?<\/h2>\n<p data-start=\"2812\" data-end=\"3117\">Ce produit directement de l'usine <strong data-start=\"2832\" data-end=\"2848\">wrap de voiture en PPF<\/strong> Le vinyle (1,52*15m) offre une qualit\u00e9 professionnelle, une finition TPU bleu cristal noir vibrante et une protection durable. Enti\u00e8rement personnalisable pour les commandes en gros ou individuelles, parfait pour les installateurs, grossistes et entreprises offrant des produits haut de gamme <strong data-start=\"3079\" data-end=\"3104\">film de protection de la peinture<\/strong> solutions.<\/p>\n<p><iframe title=\"e70f7ffda7839d5ca0a39ce0635a9a5f brut\" width=\"1260\" height=\"709\" src=\"https:\/\/www.youtube.com\/embed\/2qLp3wbKQCs?feature=oembed\" frameborder=\"0\" allow=\"accelerometer; autoplay; clipboard-write; encrypted-media; gyroscope; picture-in-picture; web-share\" referrerpolicy=\"strict-origin-when-cross-origin\" allowfullscreen><\/iframe><\/p>","protected":false},"excerpt":{"rendered":"<p>Aper\u00e7u du produit Ce film de protection de voiture haut de gamme (1,52*15m) pr\u00e9sente un film PPF Bleu cristal noir avec des propri\u00e9t\u00e9s d'auto-r\u00e9paration et anti-rayures, offrant une protection sup\u00e9rieure pour la peinture de votre voiture. Parfait pour des enveloppements complets ou partiels\u2026<\/p>","protected":false},"featured_media":10014,"comment_status":"closed","ping_status":"closed","template":"","meta":[],"product_brand":[],"product_cat":[216],"product_tag":[],"class_list":{"0":"post-10008","1":"product","2":"type-product","3":"status-publish","4":"has-post-thumbnail","6":"product_cat-colored-ppf","8":"first","9":"instock","10":"shipping-taxable","11":"product-type-simple"},"_links":{"self":[{"href":"https:\/\/www.carliseppf.com\/fr\/wp-json\/wp\/v2\/product\/10008","targetHints":{"allow":["GET"]}}],"collection":[{"href":"https:\/\/www.carliseppf.com\/fr\/wp-json\/wp\/v2\/product"}],"about":[{"href":"https:\/\/www.carliseppf.com\/fr\/wp-json\/wp\/v2\/types\/product"}],"replies":[{"embeddable":true,"href":"https:\/\/www.carliseppf.com\/fr\/wp-json\/wp\/v2\/comments?post=10008"}],"wp:featuredmedia":[{"embeddable":true,"href":"https:\/\/www.carliseppf.com\/fr\/wp-json\/wp\/v2\/media\/10014"}],"wp:attachment":[{"href":"https:\/\/www.carliseppf.com\/fr\/wp-json\/wp\/v2\/media?parent=10008"}],"wp:term":[{"taxonomy":"product_brand","embeddable":true,"href":"https:\/\/www.carliseppf.com\/fr\/wp-json\/wp\/v2\/product_brand?post=10008"},{"taxonomy":"product_cat","embeddable":true,"href":"https:\/\/www.carliseppf.com\/fr\/wp-json\/wp\/v2\/product_cat?post=10008"},{"taxonomy":"product_tag","embeddable":true,"href":"https:\/\/www.carliseppf.com\/fr\/wp-json\/wp\/v2\/product_tag?post=10008"}],"curies":[{"name":"wp","href":"https:\/\/api.w.org\/{rel}","templated":true}]}}