{"id":10084,"date":"2025-12-01T08:54:13","date_gmt":"2025-12-01T08:54:13","guid":{"rendered":"https:\/\/www.carliseppf.com\/?post_type=product&#038;p=10084"},"modified":"2025-12-03T11:04:22","modified_gmt":"2025-12-03T11:04:22","slug":"car-window-protective-shield-pink","status":"publish","type":"product","link":"https:\/\/www.carliseppf.com\/fr\/produit\/car-window-protective-shield-pink\/","title":{"rendered":"Film de protection en PVC rose r\u00e9fl\u00e9chissant \u00e0 sept couleurs arc-en-ciel, pour vitres de voiture, avec fonction anti-rayures et protection du corps"},"content":{"rendered":"<h2 data-start=\"878\" data-end=\"901\"><strong data-start=\"881\" data-end=\"901\">Aper\u00e7u du produit<\/strong><\/h2>\n<p data-start=\"903\" data-end=\"1223\">Ce <strong data-start=\"908\" data-end=\"945\">Bouclier de protection pour fen\u00eatre de voiture Rose<\/strong> Le film combine la durabilit\u00e9 du PET avec une finition r\u00e9fl\u00e9chissante arc-en-ciel \u00e0 sept couleurs vives. Sa couche de protection en PVC am\u00e9liore la r\u00e9sistance de la surface tout en ajoutant une teinte rose unique aux fen\u00eatres de voiture et aux panneaux de carrosserie. Con\u00e7u pour les installateurs recherchant une protection d\u00e9corative et une r\u00e9duction de la chaleur.<\/p>\n<h2 data-start=\"1225\" data-end=\"1255\"><strong data-start=\"1228\" data-end=\"1255\">Caract\u00e9ristiques &amp; Avantages Cl\u00e9s<\/strong><\/h2>\n<ul data-start=\"1257\" data-end=\"1645\">\n<li data-start=\"1257\" data-end=\"1337\">\n<p data-start=\"1259\" data-end=\"1337\">Premium <strong data-start=\"1267\" data-end=\"1304\">Bouclier de protection pour fen\u00eatre de voiture Rose<\/strong> avec effet r\u00e9fl\u00e9chissant arc-en-ciel<\/p>\n<\/li>\n<li data-start=\"1338\" data-end=\"1380\">\n<p data-start=\"1340\" data-end=\"1380\">couche de base en PET pour une durabilit\u00e9 sup\u00e9rieure<\/p>\n<\/li>\n<li data-start=\"1381\" data-end=\"1420\">\n<p data-start=\"1383\" data-end=\"1420\">Rev\u00eatement protecteur en PVC anti-rayures<\/p>\n<\/li>\n<li data-start=\"1421\" data-end=\"1471\">\n<p data-start=\"1423\" data-end=\"1471\">Capacit\u00e9 de blocage UV pour la protection int\u00e9rieure<\/p>\n<\/li>\n<li data-start=\"1472\" data-end=\"1527\">\n<p data-start=\"1474\" data-end=\"1527\">Apparence \u00e9l\u00e9gante rose avec r\u00e9flexion multicolore<\/p>\n<\/li>\n<li data-start=\"1528\" data-end=\"1599\">\n<p data-start=\"1530\" data-end=\"1599\">Convient pour les fen\u00eatres de voiture, les accents de carrosserie et les applications d\u00e9coratives<\/p>\n<\/li>\n<li data-start=\"1600\" data-end=\"1645\">\n<p data-start=\"1602\" data-end=\"1645\">Facile \u00e0 installer avec adh\u00e9sif \u00e0 lib\u00e9ration d'air<\/p>\n<\/li>\n<\/ul>\n<h2 data-start=\"1647\" data-end=\"1672\"><strong data-start=\"1650\" data-end=\"1672\">Mat\u00e9riau &amp; Qualit\u00e9<\/strong><\/h2>\n<ul data-start=\"1674\" data-end=\"1904\">\n<li data-start=\"1674\" data-end=\"1704\">\n<p data-start=\"1676\" data-end=\"1704\">Substrat en PET de haute qualit\u00e9<\/p>\n<\/li>\n<li data-start=\"1705\" data-end=\"1752\">\n<p data-start=\"1707\" data-end=\"1752\">Rev\u00eatement sup\u00e9rieur en PVC rose pour une r\u00e9sistance accrue<\/p>\n<\/li>\n<li data-start=\"1753\" data-end=\"1802\">\n<p data-start=\"1755\" data-end=\"1802\">Surface r\u00e9sistante aux rayures et aux produits chimiques<\/p>\n<\/li>\n<li data-start=\"1803\" data-end=\"1848\">\n<p data-start=\"1805\" data-end=\"1848\">Adh\u00e9rence forte pour une utilisation ext\u00e9rieure \u00e0 long terme<\/p>\n<\/li>\n<li data-start=\"1849\" data-end=\"1904\">\n<p data-start=\"1851\" data-end=\"1904\">Couleurs r\u00e9sistantes \u00e0 la d\u00e9coloration avec un effet de r\u00e9flexion stable<\/p>\n<\/li>\n<\/ul>\n<h2 data-start=\"1906\" data-end=\"1941\"><strong data-start=\"1909\" data-end=\"1941\">Installation &amp; Personnalisation<\/strong><\/h2>\n<ul data-start=\"1943\" data-end=\"2159\">\n<li data-start=\"1943\" data-end=\"1996\">\n<p data-start=\"1945\" data-end=\"1996\">Canaux de lib\u00e9ration d'air pour une installation sans bulles<\/p>\n<\/li>\n<li data-start=\"1997\" data-end=\"2052\">\n<p data-start=\"1999\" data-end=\"2052\">Mat\u00e9riau formable \u00e0 chaud adapt\u00e9 aux surfaces courbes<\/p>\n<\/li>\n<li data-start=\"2053\" data-end=\"2091\">\n<p data-start=\"2055\" data-end=\"2091\">Disponible en rouleaux pour les commandes en gros<\/p>\n<\/li>\n<li data-start=\"2092\" data-end=\"2159\">\n<p data-start=\"2094\" data-end=\"2159\">Personnalisation OEM disponible pour la taille, la tonalit\u00e9 de couleur et l'emballage<\/p>\n<\/li>\n<\/ul>\n<h2 data-start=\"2161\" data-end=\"2180\"><strong data-start=\"2164\" data-end=\"2180\">Applications<\/strong><\/h2>\n<ul data-start=\"2182\" data-end=\"2370\">\n<li data-start=\"2182\" data-end=\"2222\">\n<p data-start=\"2184\" data-end=\"2222\">D\u00e9coration et protection des fen\u00eatres de voiture<\/p>\n<\/li>\n<li data-start=\"2223\" data-end=\"2270\">\n<p data-start=\"2225\" data-end=\"2270\">Rev\u00eatement partiel du corps (montants, miroirs, moulures)<\/p>\n<\/li>\n<li data-start=\"2271\" data-end=\"2303\">\n<p data-start=\"2273\" data-end=\"2303\">Am\u00e9lioration du style int\u00e9rieur<\/p>\n<\/li>\n<li data-start=\"2304\" data-end=\"2370\">\n<p data-start=\"2306\" data-end=\"2370\">Convient pour les berlines, SUV, motos et v\u00e9hicules de style de vie<\/p>\n<\/li>\n<\/ul>\n<h2 data-start=\"2372\" data-end=\"2403\"><strong data-start=\"2375\" data-end=\"2403\">Pourquoi choisir ce produit ?<\/strong><\/h2>\n<p data-start=\"2405\" data-end=\"2679\">Ce <strong data-start=\"2410\" data-end=\"2447\">Bouclier de protection pour fen\u00eatre de voiture Rose<\/strong> le film allie attrait d\u00e9coratif et r\u00e9sistance protectrice. Sa finition r\u00e9fl\u00e9chissante arc-en-ciel permet aux v\u00e9hicules de se d\u00e9marquer tout en prot\u00e9geant le verre et la peinture contre les rayures et l'exposition au soleil\u2014id\u00e9al pour les distributeurs, ateliers de detailing et installateurs.<\/p>\n<h2 data-start=\"2681\" data-end=\"2704\"><strong data-start=\"2684\" data-end=\"2704\">Contenu du paquet<\/strong><\/h2>\n<ul data-start=\"2706\" data-end=\"2834\">\n<li data-start=\"2706\" data-end=\"2781\">\n<p data-start=\"2708\" data-end=\"2781\">1 Rouleau de film protecteur r\u00e9fl\u00e9chissant arc-en-ciel rose pour vitres de voiture<\/p>\n<\/li>\n<li data-start=\"2782\" data-end=\"2834\">\n<p data-start=\"2784\" data-end=\"2834\">Kit d'installation optionnel pour achats en gros<\/p>\n<\/li>\n<\/ul>\n<p><iframe title=\"e70f7ffda7839d5ca0a39ce0635a9a5f brut\" width=\"1260\" height=\"709\" src=\"https:\/\/www.youtube.com\/embed\/2qLp3wbKQCs?feature=oembed\" frameborder=\"0\" allow=\"accelerometer; autoplay; clipboard-write; encrypted-media; gyroscope; picture-in-picture; web-share\" referrerpolicy=\"strict-origin-when-cross-origin\" allowfullscreen><\/iframe><\/p>","protected":false},"excerpt":{"rendered":"<p>Product Overview This Car Window Protective Shield Pink film combines PET durability with a vivid seven-color rainbow reflective finish. Its PVC paint protection layer enhances surface resistance while adding a&hellip;<\/p>","protected":false},"featured_media":10086,"comment_status":"open","ping_status":"closed","template":"","meta":[],"product_brand":[],"product_cat":[216],"product_tag":[],"class_list":{"0":"post-10084","1":"product","2":"type-product","3":"status-publish","4":"has-post-thumbnail","6":"product_cat-colored-ppf","8":"first","9":"instock","10":"shipping-taxable","11":"product-type-simple"},"_links":{"self":[{"href":"https:\/\/www.carliseppf.com\/fr\/wp-json\/wp\/v2\/product\/10084","targetHints":{"allow":["GET"]}}],"collection":[{"href":"https:\/\/www.carliseppf.com\/fr\/wp-json\/wp\/v2\/product"}],"about":[{"href":"https:\/\/www.carliseppf.com\/fr\/wp-json\/wp\/v2\/types\/product"}],"replies":[{"embeddable":true,"href":"https:\/\/www.carliseppf.com\/fr\/wp-json\/wp\/v2\/comments?post=10084"}],"wp:featuredmedia":[{"embeddable":true,"href":"https:\/\/www.carliseppf.com\/fr\/wp-json\/wp\/v2\/media\/10086"}],"wp:attachment":[{"href":"https:\/\/www.carliseppf.com\/fr\/wp-json\/wp\/v2\/media?parent=10084"}],"wp:term":[{"taxonomy":"product_brand","embeddable":true,"href":"https:\/\/www.carliseppf.com\/fr\/wp-json\/wp\/v2\/product_brand?post=10084"},{"taxonomy":"product_cat","embeddable":true,"href":"https:\/\/www.carliseppf.com\/fr\/wp-json\/wp\/v2\/product_cat?post=10084"},{"taxonomy":"product_tag","embeddable":true,"href":"https:\/\/www.carliseppf.com\/fr\/wp-json\/wp\/v2\/product_tag?post=10084"}],"curies":[{"name":"wp","href":"https:\/\/api.w.org\/{rel}","templated":true}]}}