{"id":10091,"date":"2025-12-02T07:12:03","date_gmt":"2025-12-02T07:12:03","guid":{"rendered":"https:\/\/www.carliseppf.com\/?post_type=product&#038;p=10091"},"modified":"2025-12-03T11:11:26","modified_gmt":"2025-12-03T11:11:26","slug":"colored-ppf-film-mimosa-red","status":"publish","type":"product","link":"https:\/\/www.carliseppf.com\/fr\/produit\/colored-ppf-film-mimosa-red\/","title":{"rendered":"Autocollants de vinyle TPU MIMOSA ROUGE en usine Direct 1,52*15m, couleur brillante, fonction changeante de couleur pour la protection du corps, garantie de 5 ans"},"content":{"rendered":"<h2 data-start=\"854\" data-end=\"877\"><strong data-start=\"857\" data-end=\"877\">Aper\u00e7u du produit<\/strong><\/h2>\n<p data-start=\"879\" data-end=\"1190\">Ce Rouge Mimosa <strong data-start=\"895\" data-end=\"915\">film PPF color\u00e9<\/strong> est con\u00e7u avec un mat\u00e9riau TPU et destin\u00e9 \u00e0 offrir une esth\u00e9tique changeante de couleur avanc\u00e9e tout en assurant une protection durable pour la peinture automobile. Sa finition brillante et vibrante am\u00e9liore l'apparence du v\u00e9hicule et prot\u00e8ge la carrosserie contre les rayures, \u00e9clats de pierre et l'exposition aux UV.<\/p>\n<h2 data-start=\"1192\" data-end=\"1218\"><strong data-start=\"1195\" data-end=\"1218\">Caract\u00e9ristiques &amp; Avantages<\/strong><\/h2>\n<ul data-start=\"1220\" data-end=\"1571\">\n<li data-start=\"1220\" data-end=\"1282\">\n<p data-start=\"1222\" data-end=\"1282\">Mimosa Red Premium <strong data-start=\"1241\" data-end=\"1261\">film PPF color\u00e9<\/strong> avec finition brillante<\/p>\n<\/li>\n<li data-start=\"1283\" data-end=\"1350\">\n<p data-start=\"1285\" data-end=\"1350\">Mat\u00e9riau TPU dot\u00e9 de technologies d'auto-r\u00e9paration et anti-rayures<\/p>\n<\/li>\n<li data-start=\"1351\" data-end=\"1414\">\n<p data-start=\"1353\" data-end=\"1414\">L'effet changeant de couleur am\u00e9liore le style et la visibilit\u00e9 du v\u00e9hicule<\/p>\n<\/li>\n<li data-start=\"1415\" data-end=\"1467\">\n<p data-start=\"1417\" data-end=\"1467\">R\u00e9sistant aux UV, aux taches et ne jaunit pas<\/p>\n<\/li>\n<li data-start=\"1468\" data-end=\"1518\">\n<p data-start=\"1470\" data-end=\"1518\">Convient pour une installation sur tout ou partie de la carrosserie<\/p>\n<\/li>\n<li data-start=\"1519\" data-end=\"1571\">\n<p data-start=\"1521\" data-end=\"1571\">Supporte <strong data-start=\"1530\" data-end=\"1545\">les commandes en gros<\/strong> et <strong data-start=\"1550\" data-end=\"1571\">personnalisation OEM<\/strong><\/p>\n<\/li>\n<\/ul>\n<h2 data-start=\"1573\" data-end=\"1602\"><strong data-start=\"1576\" data-end=\"1602\">Mat\u00e9riau &amp; Performance<\/strong><\/h2>\n<ul data-start=\"1604\" data-end=\"1811\">\n<li data-start=\"1604\" data-end=\"1657\">\n<p data-start=\"1606\" data-end=\"1657\">TPU avanc\u00e9 pour une haute \u00e9lasticit\u00e9 et auto-r\u00e9paration<\/p>\n<\/li>\n<li data-start=\"1658\" data-end=\"1720\">\n<p data-start=\"1660\" data-end=\"1720\">R\u00e9sistant \u00e0 l'usure quotidienne, aux impacts et aux abrasions de surface<\/p>\n<\/li>\n<li data-start=\"1721\" data-end=\"1762\">\n<p data-start=\"1723\" data-end=\"1762\">Conserve un brillant et une clart\u00e9 \u00e0 long terme<\/p>\n<\/li>\n<li data-start=\"1763\" data-end=\"1811\">\n<p data-start=\"1765\" data-end=\"1811\">Capacit\u00e9 de thermoformage pour les courbes et les bords<\/p>\n<\/li>\n<\/ul>\n<h2 data-start=\"1813\" data-end=\"1848\"><strong data-start=\"1816\" data-end=\"1848\">Installation &amp; Personnalisation<\/strong><\/h2>\n<ul data-start=\"1850\" data-end=\"2059\">\n<li data-start=\"1850\" data-end=\"1911\">\n<p data-start=\"1852\" data-end=\"1911\">Adh\u00e9sif \u00e0 lib\u00e9ration d'air pour une installation lisse et sans bulles<\/p>\n<\/li>\n<li data-start=\"1912\" data-end=\"1970\">\n<p data-start=\"1914\" data-end=\"1970\">Id\u00e9al pour les installateurs professionnels et les studios de wrapping automobile<\/p>\n<\/li>\n<li data-start=\"1971\" data-end=\"2016\">\n<p data-start=\"1973\" data-end=\"2016\">Tailles et \u00e9paisseurs personnalis\u00e9es disponibles<\/p>\n<\/li>\n<li data-start=\"2017\" data-end=\"2059\">\n<p data-start=\"2019\" data-end=\"2059\">Tarifs directs d'usine pour les grossistes<\/p>\n<\/li>\n<\/ul>\n<h2 data-start=\"2061\" data-end=\"2080\"><strong data-start=\"2064\" data-end=\"2080\">Applications<\/strong><\/h2>\n<ul data-start=\"2082\" data-end=\"2230\">\n<li data-start=\"2082\" data-end=\"2114\">\n<p data-start=\"2084\" data-end=\"2114\">Protection compl\u00e8te du corps du v\u00e9hicule<\/p>\n<\/li>\n<li data-start=\"2115\" data-end=\"2167\">\n<p data-start=\"2117\" data-end=\"2167\">Installation partielle : capot, toit, r\u00e9troviseurs, portes<\/p>\n<\/li>\n<li data-start=\"2168\" data-end=\"2230\">\n<p data-start=\"2170\" data-end=\"2230\">Convient pour voitures, SUV, v\u00e9hicules haute performance, motos<\/p>\n<\/li>\n<\/ul>\n<h2 data-start=\"2232\" data-end=\"2253\"><strong data-start=\"2235\" data-end=\"2253\">Principaux avantages<\/strong><\/h2>\n<ul data-start=\"2255\" data-end=\"2493\">\n<li data-start=\"2255\" data-end=\"2298\">\n<p data-start=\"2257\" data-end=\"2298\">Aspect brillant Mimosa Rouge \u00e0 fort impact<\/p>\n<\/li>\n<li data-start=\"2299\" data-end=\"2370\">\n<p data-start=\"2301\" data-end=\"2370\">Durable <strong data-start=\"2309\" data-end=\"2329\">film PPF color\u00e9<\/strong> adapt\u00e9 \u00e0 la fois \u00e0 la vente au d\u00e9tail et en gros<\/p>\n<\/li>\n<li data-start=\"2371\" data-end=\"2424\">\n<p data-start=\"2373\" data-end=\"2424\">Garantie de 5 ans sur la durabilit\u00e9 et la stabilit\u00e9 de la couleur<\/p>\n<\/li>\n<li data-start=\"2425\" data-end=\"2493\">\n<p data-start=\"2427\" data-end=\"2493\">Con\u00e7u pour une protection premium du v\u00e9hicule et une am\u00e9lioration visuelle<\/p>\n<\/li>\n<\/ul>\n<h2 data-start=\"2495\" data-end=\"2518\"><strong data-start=\"2498\" data-end=\"2518\">Contenu du paquet<\/strong><\/h2>\n<ul data-start=\"2520\" data-end=\"2639\">\n<li data-start=\"2520\" data-end=\"2582\">\n<p data-start=\"2522\" data-end=\"2582\">1 Rouleau Mimosa Rouge Brillant <strong data-start=\"2546\" data-end=\"2566\">film PPF color\u00e9<\/strong> (1,52 m \u00d7 15 m)<\/p>\n<\/li>\n<li data-start=\"2583\" data-end=\"2639\">\n<p data-start=\"2585\" data-end=\"2639\">Kit d'installation optionnel (disponible sur demande)<\/p>\n<\/li>\n<\/ul>\n<h2 data-start=\"2641\" data-end=\"2672\"><strong data-start=\"2644\" data-end=\"2672\">Pourquoi choisir ce produit ?<\/strong><\/h2>\n<p data-start=\"2674\" data-end=\"2996\">Ce Rouge Mimosa <strong data-start=\"2690\" data-end=\"2710\">film PPF color\u00e9<\/strong> combine une protection TPU sup\u00e9rieure avec une finition changeante de couleur saisissante, ce qui le rend id\u00e9al pour les propri\u00e9taires de voitures recherchant \u00e0 la fois esth\u00e9tique et durabilit\u00e9. Avec une fabrication directe en usine, une livraison rapide et des options de personnalisation, il est parfait pour les entreprises de wrapping automobile et les distributeurs internationaux.<\/p>\n<p><img fetchpriority=\"high\" decoding=\"async\" class=\"aligncenter wp-image-10097 size-full\" src=\"https:\/\/www.carliseppf.com\/wp-content\/uploads\/2025\/12\/Hee828b3e9567443997268ff060cc3c58l.jpg_avifclosewebpclose.png\" alt=\"rouleau de film PPF de couleur Mimosa Rouge\" width=\"1004\" height=\"1004\" srcset=\"https:\/\/www.carliseppf.com\/wp-content\/uploads\/2025\/12\/Hee828b3e9567443997268ff060cc3c58l.jpg_avifclosewebpclose.png 1004w, https:\/\/www.carliseppf.com\/wp-content\/uploads\/2025\/12\/Hee828b3e9567443997268ff060cc3c58l.jpg_avifclosewebpclose-300x300.png 300w, https:\/\/www.carliseppf.com\/wp-content\/uploads\/2025\/12\/Hee828b3e9567443997268ff060cc3c58l.jpg_avifclosewebpclose-150x150.png 150w, https:\/\/www.carliseppf.com\/wp-content\/uploads\/2025\/12\/Hee828b3e9567443997268ff060cc3c58l.jpg_avifclosewebpclose-768x768.png 768w, https:\/\/www.carliseppf.com\/wp-content\/uploads\/2025\/12\/Hee828b3e9567443997268ff060cc3c58l.jpg_avifclosewebpclose-12x12.png 12w, https:\/\/www.carliseppf.com\/wp-content\/uploads\/2025\/12\/Hee828b3e9567443997268ff060cc3c58l.jpg_avifclosewebpclose-370x370.png 370w, https:\/\/www.carliseppf.com\/wp-content\/uploads\/2025\/12\/Hee828b3e9567443997268ff060cc3c58l.jpg_avifclosewebpclose-120x120.png 120w, https:\/\/www.carliseppf.com\/wp-content\/uploads\/2025\/12\/Hee828b3e9567443997268ff060cc3c58l.jpg_avifclosewebpclose-840x840.png 840w, https:\/\/www.carliseppf.com\/wp-content\/uploads\/2025\/12\/Hee828b3e9567443997268ff060cc3c58l.jpg_avifclosewebpclose-410x410.png 410w, https:\/\/www.carliseppf.com\/wp-content\/uploads\/2025\/12\/Hee828b3e9567443997268ff060cc3c58l.jpg_avifclosewebpclose-630x630.png 630w, https:\/\/www.carliseppf.com\/wp-content\/uploads\/2025\/12\/Hee828b3e9567443997268ff060cc3c58l.jpg_avifclosewebpclose-730x730.png 730w, https:\/\/www.carliseppf.com\/wp-content\/uploads\/2025\/12\/Hee828b3e9567443997268ff060cc3c58l.jpg_avifclosewebpclose-460x460.png 460w\" sizes=\"(max-width: 1004px) 100vw, 1004px\" \/><\/p>\n<p><iframe title=\"e70f7ffda7839d5ca0a39ce0635a9a5f brut\" width=\"1260\" height=\"709\" src=\"https:\/\/www.youtube.com\/embed\/2qLp3wbKQCs?feature=oembed\" frameborder=\"0\" allow=\"accelerometer; autoplay; clipboard-write; encrypted-media; gyroscope; picture-in-picture; web-share\" referrerpolicy=\"strict-origin-when-cross-origin\" allowfullscreen><\/iframe><\/p>","protected":false},"excerpt":{"rendered":"<p>Haute qualit\u00e9 <strong data-start=\"570\" data-end=\"590\">film PPF color\u00e9<\/strong> en Rouge Mimosa, fabriqu\u00e9 avec un TPU durable et une finition brillante changeant de couleur. Offre une protection auto-r\u00e9parante, anti-rayures et r\u00e9sistante aux UV. Approvisionnement direct d'usine avec personnalisation compl\u00e8te et garantie de 5 ans, id\u00e9al pour les installateurs et les grossistes.<\/p>","protected":false},"featured_media":10095,"comment_status":"open","ping_status":"closed","template":"","meta":[],"product_brand":[],"product_cat":[216],"product_tag":[],"class_list":{"0":"post-10091","1":"product","2":"type-product","3":"status-publish","4":"has-post-thumbnail","6":"product_cat-colored-ppf","8":"first","9":"instock","10":"shipping-taxable","11":"product-type-simple"},"_links":{"self":[{"href":"https:\/\/www.carliseppf.com\/fr\/wp-json\/wp\/v2\/product\/10091","targetHints":{"allow":["GET"]}}],"collection":[{"href":"https:\/\/www.carliseppf.com\/fr\/wp-json\/wp\/v2\/product"}],"about":[{"href":"https:\/\/www.carliseppf.com\/fr\/wp-json\/wp\/v2\/types\/product"}],"replies":[{"embeddable":true,"href":"https:\/\/www.carliseppf.com\/fr\/wp-json\/wp\/v2\/comments?post=10091"}],"wp:featuredmedia":[{"embeddable":true,"href":"https:\/\/www.carliseppf.com\/fr\/wp-json\/wp\/v2\/media\/10095"}],"wp:attachment":[{"href":"https:\/\/www.carliseppf.com\/fr\/wp-json\/wp\/v2\/media?parent=10091"}],"wp:term":[{"taxonomy":"product_brand","embeddable":true,"href":"https:\/\/www.carliseppf.com\/fr\/wp-json\/wp\/v2\/product_brand?post=10091"},{"taxonomy":"product_cat","embeddable":true,"href":"https:\/\/www.carliseppf.com\/fr\/wp-json\/wp\/v2\/product_cat?post=10091"},{"taxonomy":"product_tag","embeddable":true,"href":"https:\/\/www.carliseppf.com\/fr\/wp-json\/wp\/v2\/product_tag?post=10091"}],"curies":[{"name":"wp","href":"https:\/\/api.w.org\/{rel}","templated":true}]}}