{"id":10112,"date":"2025-12-10T07:58:37","date_gmt":"2025-12-10T07:58:37","guid":{"rendered":"https:\/\/www.carliseppf.com\/?post_type=product&#038;p=10112"},"modified":"2025-12-16T03:13:05","modified_gmt":"2025-12-16T03:13:05","slug":"colored-ppf-film-wet-tpu","status":"publish","type":"product","link":"https:\/\/www.carliseppf.com\/fr\/produit\/colored-ppf-film-wet-tpu\/","title":{"rendered":"Film de protection color\u00e9 humide TPU pour enveloppe de voiture \u2013 Garantie de 5 ans, film de protection changeant de couleur avec fonction anti-rayures"},"content":{"rendered":"<h2 data-start=\"867\" data-end=\"886\">Aper\u00e7u du produit<\/h2>\n<p data-start=\"888\" data-end=\"1197\">Cette application humide <strong data-start=\"909\" data-end=\"929\">film PPF color\u00e9<\/strong> combine protection de la peinture et am\u00e9lioration visuelle en une seule solution. Fabriqu\u00e9 \u00e0 partir de mat\u00e9riau TPU de haute qualit\u00e9, il offre une excellente flexibilit\u00e9, une performance de r\u00e9cup\u00e9ration automatique et une finition lisse changeant de couleur. Con\u00e7u pour une protection compl\u00e8te du v\u00e9hicule tout en am\u00e9liorant le style ext\u00e9rieur.<\/p>\n<h2 data-start=\"1199\" data-end=\"1221\">Caract\u00e9ristiques &amp; Avantages<\/h2>\n<ul data-start=\"1223\" data-end=\"1591\">\n<li data-start=\"1223\" data-end=\"1299\">\n<p data-start=\"1225\" data-end=\"1299\">Haute performance <strong data-start=\"1242\" data-end=\"1262\">film PPF color\u00e9<\/strong> pour la protection et le style du v\u00e9hicule<\/p>\n<\/li>\n<li data-start=\"1300\" data-end=\"1369\">\n<p data-start=\"1302\" data-end=\"1369\">La structure TPU humide assure une forte adh\u00e9rence et une installation fluide<\/p>\n<\/li>\n<li data-start=\"1370\" data-end=\"1424\">\n<p data-start=\"1372\" data-end=\"1424\">La surface changeant de couleur am\u00e9liore l'apparence du v\u00e9hicule<\/p>\n<\/li>\n<li data-start=\"1425\" data-end=\"1491\">\n<p data-start=\"1427\" data-end=\"1491\">La couche anti-rayures prot\u00e8ge contre l'usure quotidienne et les d\u00e9bris routiers<\/p>\n<\/li>\n<li data-start=\"1492\" data-end=\"1536\">\n<p data-start=\"1494\" data-end=\"1536\">Garantie de 5 ans pour une durabilit\u00e9 \u00e0 long terme<\/p>\n<\/li>\n<li data-start=\"1537\" data-end=\"1591\">\n<p data-start=\"1539\" data-end=\"1591\">Convient pour des enveloppes compl\u00e8tes ou une protection partielle du corps<\/p>\n<\/li>\n<\/ul>\n<h2 data-start=\"1593\" data-end=\"1614\">Mat\u00e9riau &amp; Qualit\u00e9<\/h2>\n<ul data-start=\"1616\" data-end=\"1836\">\n<li data-start=\"1616\" data-end=\"1660\">\n<p data-start=\"1618\" data-end=\"1660\">TPU de qualit\u00e9 sup\u00e9rieure (Polyur\u00e9thane Thermoplastique)<\/p>\n<\/li>\n<li data-start=\"1661\" data-end=\"1698\">\n<p data-start=\"1663\" data-end=\"1698\">Finition de surface brillante et lisse<\/p>\n<\/li>\n<li data-start=\"1699\" data-end=\"1746\">\n<p data-start=\"1701\" data-end=\"1746\">Excellente extensibilit\u00e9 pour des courbes complexes<\/p>\n<\/li>\n<li data-start=\"1747\" data-end=\"1782\">\n<p data-start=\"1749\" data-end=\"1782\">R\u00e9sistant aux UV et stable face aux intemp\u00e9ries<\/p>\n<\/li>\n<li data-start=\"1783\" data-end=\"1836\">\n<p data-start=\"1785\" data-end=\"1836\">Con\u00e7u pour des applications automobiles professionnelles<\/p>\n<\/li>\n<\/ul>\n<h2 data-start=\"1838\" data-end=\"1869\">Installation &amp; Personnalisation<\/h2>\n<ul data-start=\"1871\" data-end=\"2143\">\n<li data-start=\"1871\" data-end=\"1921\">\n<p data-start=\"1873\" data-end=\"1921\">Installation \u00e0 application humide pour un positionnement pr\u00e9cis<\/p>\n<\/li>\n<li data-start=\"1922\" data-end=\"1978\">\n<p data-start=\"1924\" data-end=\"1978\">Formable \u00e0 la chaleur pour les bords, les coins et les panneaux complexes<\/p>\n<\/li>\n<li data-start=\"1979\" data-end=\"2017\">\n<p data-start=\"1981\" data-end=\"2017\">Disponible en rouleaux pour un approvisionnement en gros<\/p>\n<\/li>\n<li data-start=\"2018\" data-end=\"2080\">\n<p data-start=\"2020\" data-end=\"2080\">Prend en charge la personnalisation OEM, les couleurs sur mesure et les commandes en gros<\/p>\n<\/li>\n<li data-start=\"2081\" data-end=\"2143\">\n<p data-start=\"2083\" data-end=\"2143\">Convient pour les installateurs professionnels et les studios de detailing<\/p>\n<\/li>\n<\/ul>\n<h2 data-start=\"2145\" data-end=\"2160\">Applications<\/h2>\n<ul data-start=\"2162\" data-end=\"2342\">\n<li data-start=\"2162\" data-end=\"2196\">\n<p data-start=\"2164\" data-end=\"2196\">Protection compl\u00e8te de la peinture de la carrosserie<\/p>\n<\/li>\n<li data-start=\"2197\" data-end=\"2243\">\n<p data-start=\"2199\" data-end=\"2243\">Wraps partiels (capot, portes, toit, pare-chocs)<\/p>\n<\/li>\n<li data-start=\"2244\" data-end=\"2279\">\n<p data-start=\"2246\" data-end=\"2279\">Am\u00e9liorations stylistiques changeant de couleur<\/p>\n<\/li>\n<li data-start=\"2280\" data-end=\"2342\">\n<p data-start=\"2282\" data-end=\"2342\">Id\u00e9al pour voitures particuli\u00e8res, v\u00e9hicules de luxe et voitures de sport<\/p>\n<\/li>\n<\/ul>\n<h2 data-start=\"2344\" data-end=\"2361\">Principaux avantages<\/h2>\n<ul data-start=\"2363\" data-end=\"2578\">\n<li data-start=\"2363\" data-end=\"2404\">\n<p data-start=\"2365\" data-end=\"2404\">Approvisionnement direct d'usine pour acheteurs en gros<\/p>\n<\/li>\n<li data-start=\"2405\" data-end=\"2467\">\n<p data-start=\"2407\" data-end=\"2467\">Qualit\u00e9 stable <strong data-start=\"2422\" data-end=\"2442\">film PPF color\u00e9<\/strong> pour projets \u00e0 long terme<\/p>\n<\/li>\n<li data-start=\"2468\" data-end=\"2522\">\n<p data-start=\"2470\" data-end=\"2522\">Combine protection et esth\u00e9tique en un seul mat\u00e9riau<\/p>\n<\/li>\n<li data-start=\"2523\" data-end=\"2578\">\n<p data-start=\"2525\" data-end=\"2578\">Optimis\u00e9 pour la distribution B2B et l'utilisation professionnelle<\/p>\n<\/li>\n<\/ul>\n<h2 data-start=\"2580\" data-end=\"2599\">Contenu du paquet<\/h2>\n<ul data-start=\"2601\" data-end=\"2684\">\n<li data-start=\"2601\" data-end=\"2639\">\n<p data-start=\"2603\" data-end=\"2639\">1 rouleau de film PPF color\u00e9 TPU humide<\/p>\n<\/li>\n<li data-start=\"2640\" data-end=\"2684\">\n<p data-start=\"2642\" data-end=\"2684\">Outils d'installation optionnels sur demande<\/p>\n<\/li>\n<\/ul>\n<h2 data-start=\"2686\" data-end=\"2713\">Pourquoi choisir ce produit ?<\/h2>\n<p data-start=\"2715\" data-end=\"2990\">Ce <strong data-start=\"2720\" data-end=\"2740\">film PPF color\u00e9<\/strong> offre un \u00e9quilibre entre protection, durabilit\u00e9 et impact visuel. Avec un mat\u00e9riau TPU \u00e0 application humide, une performance anti-rayures et une garantie de 5 ans, c'est une solution id\u00e9ale pour les installateurs professionnels, les grossistes et les marques de personnalisation automobile.<\/p>\n<p><img fetchpriority=\"high\" decoding=\"async\" class=\"aligncenter wp-image-10113 size-full\" src=\"https:\/\/www.carliseppf.com\/wp-content\/uploads\/2025\/12\/H4f63a2ac84ed452785aff82e87fe155bi.png\" alt=\"rouleau de film PPF color\u00e9 TPU humide pour wrap de voiture\" width=\"800\" height=\"800\" srcset=\"https:\/\/www.carliseppf.com\/wp-content\/uploads\/2025\/12\/H4f63a2ac84ed452785aff82e87fe155bi.png 800w, https:\/\/www.carliseppf.com\/wp-content\/uploads\/2025\/12\/H4f63a2ac84ed452785aff82e87fe155bi-300x300.png 300w, https:\/\/www.carliseppf.com\/wp-content\/uploads\/2025\/12\/H4f63a2ac84ed452785aff82e87fe155bi-150x150.png 150w, https:\/\/www.carliseppf.com\/wp-content\/uploads\/2025\/12\/H4f63a2ac84ed452785aff82e87fe155bi-768x768.png 768w, https:\/\/www.carliseppf.com\/wp-content\/uploads\/2025\/12\/H4f63a2ac84ed452785aff82e87fe155bi-12x12.png 12w, https:\/\/www.carliseppf.com\/wp-content\/uploads\/2025\/12\/H4f63a2ac84ed452785aff82e87fe155bi-370x370.png 370w, https:\/\/www.carliseppf.com\/wp-content\/uploads\/2025\/12\/H4f63a2ac84ed452785aff82e87fe155bi-120x120.png 120w, https:\/\/www.carliseppf.com\/wp-content\/uploads\/2025\/12\/H4f63a2ac84ed452785aff82e87fe155bi-410x410.png 410w, https:\/\/www.carliseppf.com\/wp-content\/uploads\/2025\/12\/H4f63a2ac84ed452785aff82e87fe155bi-630x630.png 630w, https:\/\/www.carliseppf.com\/wp-content\/uploads\/2025\/12\/H4f63a2ac84ed452785aff82e87fe155bi-730x730.png 730w, https:\/\/www.carliseppf.com\/wp-content\/uploads\/2025\/12\/H4f63a2ac84ed452785aff82e87fe155bi-460x460.png 460w\" sizes=\"(max-width: 800px) 100vw, 800px\" \/><\/p>\n<p><iframe title=\"e70f7ffda7839d5ca0a39ce0635a9a5f brut\" width=\"1260\" height=\"709\" src=\"https:\/\/www.youtube.com\/embed\/2qLp3wbKQCs?feature=oembed\" frameborder=\"0\" allow=\"accelerometer; autoplay; clipboard-write; encrypted-media; gyroscope; picture-in-picture; web-share\" referrerpolicy=\"strict-origin-when-cross-origin\" allowfullscreen><\/iframe><\/p>","protected":false},"excerpt":{"rendered":"<p>Premium <strong data-start=\"570\" data-end=\"590\">film PPF color\u00e9<\/strong> fabriqu\u00e9 \u00e0 partir de mat\u00e9riau TPU \u00e0 application humide, offrant une esth\u00e9tique changeant de couleur, une protection anti-rayures et une garantie de 5 ans. Con\u00e7u pour une protection compl\u00e8te de la carrosserie, id\u00e9al pour les installateurs professionnels, les grossistes et les projets de personnalisation OEM.<\/p>","protected":false},"featured_media":10117,"comment_status":"open","ping_status":"closed","template":"","meta":[],"product_brand":[],"product_cat":[216],"product_tag":[],"class_list":{"0":"post-10112","1":"product","2":"type-product","3":"status-publish","4":"has-post-thumbnail","6":"product_cat-colored-ppf","8":"first","9":"instock","10":"shipping-taxable","11":"product-type-simple"},"_links":{"self":[{"href":"https:\/\/www.carliseppf.com\/fr\/wp-json\/wp\/v2\/product\/10112","targetHints":{"allow":["GET"]}}],"collection":[{"href":"https:\/\/www.carliseppf.com\/fr\/wp-json\/wp\/v2\/product"}],"about":[{"href":"https:\/\/www.carliseppf.com\/fr\/wp-json\/wp\/v2\/types\/product"}],"replies":[{"embeddable":true,"href":"https:\/\/www.carliseppf.com\/fr\/wp-json\/wp\/v2\/comments?post=10112"}],"wp:featuredmedia":[{"embeddable":true,"href":"https:\/\/www.carliseppf.com\/fr\/wp-json\/wp\/v2\/media\/10117"}],"wp:attachment":[{"href":"https:\/\/www.carliseppf.com\/fr\/wp-json\/wp\/v2\/media?parent=10112"}],"wp:term":[{"taxonomy":"product_brand","embeddable":true,"href":"https:\/\/www.carliseppf.com\/fr\/wp-json\/wp\/v2\/product_brand?post=10112"},{"taxonomy":"product_cat","embeddable":true,"href":"https:\/\/www.carliseppf.com\/fr\/wp-json\/wp\/v2\/product_cat?post=10112"},{"taxonomy":"product_tag","embeddable":true,"href":"https:\/\/www.carliseppf.com\/fr\/wp-json\/wp\/v2\/product_tag?post=10112"}],"curies":[{"name":"wp","href":"https:\/\/api.w.org\/{rel}","templated":true}]}}