{"id":9231,"date":"2025-10-28T03:17:17","date_gmt":"2025-10-28T03:17:17","guid":{"rendered":"https:\/\/www.carliseppf.com\/?post_type=product&#038;p=9231"},"modified":"2025-11-20T11:13:36","modified_gmt":"2025-11-20T11:13:36","slug":"ppf-wrap-car-ferrari-red-tpu","status":"publish","type":"product","link":"https:\/\/www.carliseppf.com\/fr\/produit\/ppf-wrap-car-ferrari-red-tpu\/","title":{"rendered":"TPU Rouge Ferrari \u2013 Film de protection premium pour voiture"},"content":{"rendered":"<h2 data-start=\"710\" data-end=\"731\">Aper\u00e7u du produit<\/h2>\n<p data-start=\"732\" data-end=\"1143\">Ce <strong data-start=\"737\" data-end=\"753\">film de protection pour voiture<\/strong> offre une protection sup\u00e9rieure et une finition brillante Rouge Ferrari \u00e9poustouflante. Con\u00e7u \u00e0 partir de mat\u00e9riau TPU de haute qualit\u00e9, il offre des capacit\u00e9s d'auto-r\u00e9paration et anti-rayures, garantissant une protection de peinture durable. Parfait pour des enveloppements complets ou partiels sur voitures, motos, capots, miroirs et panneaux d\u00e9coratifs. L'approvisionnement direct d'usine supporte les commandes en gros et la personnalisation des tailles pour les installateurs professionnels.<\/p>\n<p data-start=\"732\" data-end=\"1143\"><img fetchpriority=\"high\" decoding=\"async\" class=\"alignnone size-medium wp-image-9232\" src=\"https:\/\/www.carliseppf.com\/wp-content\/uploads\/2025\/10\/1-1-300x300.png\" alt=\"film de protection pour voiture\" width=\"300\" height=\"300\" srcset=\"https:\/\/www.carliseppf.com\/wp-content\/uploads\/2025\/10\/1-1-300x300.png 300w, https:\/\/www.carliseppf.com\/wp-content\/uploads\/2025\/10\/1-1-150x150.png 150w, https:\/\/www.carliseppf.com\/wp-content\/uploads\/2025\/10\/1-1-768x768.png 768w, https:\/\/www.carliseppf.com\/wp-content\/uploads\/2025\/10\/1-1-370x370.png 370w, https:\/\/www.carliseppf.com\/wp-content\/uploads\/2025\/10\/1-1-120x120.png 120w, https:\/\/www.carliseppf.com\/wp-content\/uploads\/2025\/10\/1-1-410x410.png 410w, https:\/\/www.carliseppf.com\/wp-content\/uploads\/2025\/10\/1-1-630x630.png 630w, https:\/\/www.carliseppf.com\/wp-content\/uploads\/2025\/10\/1-1-730x730.png 730w, https:\/\/www.carliseppf.com\/wp-content\/uploads\/2025\/10\/1-1-460x460.png 460w, https:\/\/www.carliseppf.com\/wp-content\/uploads\/2025\/10\/1-1.png 800w\" sizes=\"(max-width: 300px) 100vw, 300px\" \/><\/p>\n<h2 data-start=\"1145\" data-end=\"1167\">Conception &amp; Caract\u00e9ristiques<\/h2>\n<ul data-start=\"1168\" data-end=\"1463\">\n<li data-start=\"1168\" data-end=\"1240\">\n<p data-start=\"1170\" data-end=\"1240\">TPU Rouge Ferrari avec finition brillante pour un aspect haut de gamme <strong data-start=\"1217\" data-end=\"1233\">film de protection pour voiture<\/strong> look<\/p>\n<\/li>\n<li data-start=\"1241\" data-end=\"1285\">\n<p data-start=\"1243\" data-end=\"1285\">Technologie d'auto-r\u00e9paration et anti-rayures<\/p>\n<\/li>\n<li data-start=\"1286\" data-end=\"1326\">\n<p data-start=\"1288\" data-end=\"1326\">Flexible, durable et facile \u00e0 appliquer<\/p>\n<\/li>\n<li data-start=\"1327\" data-end=\"1382\">\n<p data-start=\"1329\" data-end=\"1382\">Compatible avec les outils professionnels d'installation PPF<\/p>\n<\/li>\n<li data-start=\"1383\" data-end=\"1463\">\n<p data-start=\"1385\" data-end=\"1463\">Id\u00e9al pour une couverture compl\u00e8te ou partielle du v\u00e9hicule, commandes en gros et projets personnalis\u00e9s<\/p>\n<\/li>\n<\/ul>\n<h2 data-start=\"1465\" data-end=\"1491\">Mat\u00e9riau de haute qualit\u00e9<\/h2>\n<ul data-start=\"1492\" data-end=\"1653\">\n<li data-start=\"1492\" data-end=\"1524\">\n<p data-start=\"1494\" data-end=\"1524\">Vinyle automobile en TPU premium<\/p>\n<\/li>\n<li data-start=\"1525\" data-end=\"1573\">\n<p data-start=\"1527\" data-end=\"1573\">R\u00e9sistant aux UV, \u00e9tanche, s\u00fbr pour la peinture OEM<\/p>\n<\/li>\n<li data-start=\"1574\" data-end=\"1622\">\n<p data-start=\"1576\" data-end=\"1622\">Performance ext\u00e9rieure durable (3\u20135 ans)<\/p>\n<\/li>\n<li data-start=\"1623\" data-end=\"1653\">\n<p data-start=\"1625\" data-end=\"1653\">Facile \u00e0 nettoyer et \u00e0 entretenir<\/p>\n<\/li>\n<\/ul>\n<h2 data-start=\"1655\" data-end=\"1693\">Installation facile et personnalisation<\/h2>\n<ul data-start=\"1694\" data-end=\"1905\">\n<li data-start=\"1694\" data-end=\"1746\">\n<p data-start=\"1696\" data-end=\"1746\">Adh\u00e9sif \u00e0 lib\u00e9ration d'air pour une application sans bulles<\/p>\n<\/li>\n<li data-start=\"1747\" data-end=\"1798\">\n<p data-start=\"1749\" data-end=\"1798\">Flexible et thermoformable pour les courbes et les bords<\/p>\n<\/li>\n<li data-start=\"1799\" data-end=\"1850\">\n<p data-start=\"1801\" data-end=\"1850\">Rouleaux personnalisables pour les commandes en gros ou en gros<\/p>\n<\/li>\n<li data-start=\"1851\" data-end=\"1905\">\n<p data-start=\"1853\" data-end=\"1905\">Convient aux installateurs professionnels et aux utilisateurs DIY<\/p>\n<\/li>\n<\/ul>\n<h2 data-start=\"1907\" data-end=\"1924\">Applications<\/h2>\n<ul data-start=\"1925\" data-end=\"2104\">\n<li data-start=\"1925\" data-end=\"1972\">\n<p data-start=\"1927\" data-end=\"1972\">Enveloppements complets de v\u00e9hicules : voitures, SUV, motos<\/p>\n<\/li>\n<li data-start=\"1973\" data-end=\"2023\">\n<p data-start=\"1975\" data-end=\"2023\">Wraps partiels : capots, toits, miroirs, spoilers<\/p>\n<\/li>\n<li data-start=\"2024\" data-end=\"2064\">\n<p data-start=\"2026\" data-end=\"2064\">Jupes int\u00e9rieures et panneaux d\u00e9coratifs<\/p>\n<\/li>\n<li data-start=\"2065\" data-end=\"2104\">\n<p data-start=\"2067\" data-end=\"2104\">Id\u00e9al pour <strong data-start=\"2077\" data-end=\"2093\">film de protection pour voiture<\/strong> projets<\/p>\n<\/li>\n<\/ul>\n<h2 data-start=\"2106\" data-end=\"2125\">Principaux avantages<\/h2>\n<ul data-start=\"2126\" data-end=\"2409\">\n<li data-start=\"2126\" data-end=\"2162\">\n<p data-start=\"2128\" data-end=\"2162\">Premium <strong data-start=\"2136\" data-end=\"2152\">film de protection pour voiture<\/strong> qualit\u00e9<\/p>\n<\/li>\n<li data-start=\"2163\" data-end=\"2228\">\n<p data-start=\"2165\" data-end=\"2228\">Technologie d'auto-r\u00e9paration, anti-rayures et de protection color\u00e9e<\/p>\n<\/li>\n<li data-start=\"2229\" data-end=\"2283\">\n<p data-start=\"2231\" data-end=\"2283\">Directement de l'usine, enti\u00e8rement personnalisable pour les commandes en gros<\/p>\n<\/li>\n<li data-start=\"2284\" data-end=\"2347\">\n<p data-start=\"2286\" data-end=\"2347\">Installation facile pour les utilisateurs DIY et les installateurs professionnels<\/p>\n<\/li>\n<li data-start=\"2348\" data-end=\"2409\">\n<p data-start=\"2350\" data-end=\"2409\">Parfait pour les ateliers automobiles, les installateurs et les passionn\u00e9s<\/p>\n<\/li>\n<\/ul>\n<h2 data-start=\"2411\" data-end=\"2432\">Contenu du paquet<\/h2>\n<ul data-start=\"2433\" data-end=\"2541\">\n<li data-start=\"2433\" data-end=\"2472\">\n<p data-start=\"2435\" data-end=\"2472\">1 rouleau de vinyle TPU Rouge Ferrari PPF<\/p>\n<\/li>\n<li data-start=\"2473\" data-end=\"2541\">\n<p data-start=\"2475\" data-end=\"2541\">Kit d'installation optionnel : raclette, cutter, chiffon en microfibre<\/p>\n<\/li>\n<\/ul>\n<h2 data-start=\"2543\" data-end=\"2572\">Pourquoi choisir ce produit ?<\/h2>\n<p data-start=\"2573\" data-end=\"2851\">Ce produit directement de l'usine <strong data-start=\"2593\" data-end=\"2609\">film de protection pour voiture<\/strong> offre une protection de qualit\u00e9 professionnelle, une finition brillante Rouge Ferrari et des performances durables. Enti\u00e8rement personnalisable pour les commandes en gros ou individuelles, id\u00e9al pour les installateurs, grossistes et entreprises proposant des solutions de protection de peinture haut de gamme.<\/p>","protected":false},"excerpt":{"rendered":"<p>Prot\u00e9gez votre v\u00e9hicule avec cette enveloppe de protection premium PPF \u2013 film TPU Rouge Ferrari avec technologie d'auto-r\u00e9paration, anti-rayures et de protection color\u00e9e. Approvisionnement direct d'usine, enti\u00e8rement personnalisable pour les commandes en gros. Id\u00e9al pour les installateurs professionnels, les ateliers automobiles et les passionn\u00e9s recherchant une protection de peinture de haute qualit\u00e9.<\/p>","protected":false},"featured_media":9232,"comment_status":"open","ping_status":"closed","template":"","meta":[],"product_brand":[],"product_cat":[216],"product_tag":[],"class_list":{"0":"post-9231","1":"product","2":"type-product","3":"status-publish","4":"has-post-thumbnail","6":"product_cat-colored-ppf","8":"first","9":"instock","10":"shipping-taxable","11":"product-type-simple"},"_links":{"self":[{"href":"https:\/\/www.carliseppf.com\/fr\/wp-json\/wp\/v2\/product\/9231","targetHints":{"allow":["GET"]}}],"collection":[{"href":"https:\/\/www.carliseppf.com\/fr\/wp-json\/wp\/v2\/product"}],"about":[{"href":"https:\/\/www.carliseppf.com\/fr\/wp-json\/wp\/v2\/types\/product"}],"replies":[{"embeddable":true,"href":"https:\/\/www.carliseppf.com\/fr\/wp-json\/wp\/v2\/comments?post=9231"}],"wp:featuredmedia":[{"embeddable":true,"href":"https:\/\/www.carliseppf.com\/fr\/wp-json\/wp\/v2\/media\/9232"}],"wp:attachment":[{"href":"https:\/\/www.carliseppf.com\/fr\/wp-json\/wp\/v2\/media?parent=9231"}],"wp:term":[{"taxonomy":"product_brand","embeddable":true,"href":"https:\/\/www.carliseppf.com\/fr\/wp-json\/wp\/v2\/product_brand?post=9231"},{"taxonomy":"product_cat","embeddable":true,"href":"https:\/\/www.carliseppf.com\/fr\/wp-json\/wp\/v2\/product_cat?post=9231"},{"taxonomy":"product_tag","embeddable":true,"href":"https:\/\/www.carliseppf.com\/fr\/wp-json\/wp\/v2\/product_tag?post=9231"}],"curies":[{"name":"wp","href":"https:\/\/api.w.org\/{rel}","templated":true}]}}