{"id":9233,"date":"2025-10-28T03:18:44","date_gmt":"2025-10-28T03:18:44","guid":{"rendered":"https:\/\/www.carliseppf.com\/?post_type=product&#038;p=9233"},"modified":"2025-11-20T11:10:21","modified_gmt":"2025-11-20T11:10:21","slug":"car-wrap-ppf-nado-grey-tpu","status":"publish","type":"product","link":"https:\/\/www.carliseppf.com\/fr\/produit\/car-wrap-ppf-nado-grey-tpu\/","title":{"rendered":"Nado Grey TPU \u2013 Film de protection de la peinture PPF haut de gamme"},"content":{"rendered":"<h2 data-start=\"666\" data-end=\"687\">Aper\u00e7u du produit<\/h2>\n<p data-start=\"688\" data-end=\"1079\">Ce <strong data-start=\"693\" data-end=\"709\">film PPF pour voiture<\/strong> caract\u00e9ristiques du mat\u00e9riau Nado Grey TPU avec effets changeants de couleur, offrant une excellente protection pour la peinture de votre v\u00e9hicule. Les propri\u00e9t\u00e9s auto-r\u00e9parantes et anti-rayures garantissent des r\u00e9sultats durables. Parfait pour des enveloppes compl\u00e8tes ou partielles, motos, capots, miroirs et panneaux d\u00e9coratifs. Approvisionnement direct d'usine supportant les commandes en gros et la personnalisation des tailles pour les installateurs et grossistes.<\/p>\n<h2 style=\"color: #ffffff; font-family: Manrope, sans-serif; font-size: 47.005px; font-weight: 600; font-style: normal; line-height: 47.9921px; text-decoration: none; text-transform: none; letter-spacing: normal; margin-top: 31.4934px; margin-bottom: 22.5624px; outline: 0px;\" data-start=\"1081\" data-end=\"1103\"><img fetchpriority=\"high\" decoding=\"async\" class=\"alignnone wp-image-9225 size-full\" style=\"color: #c0c0c1; font-size: 17px; font-weight: 400;\" src=\"https:\/\/www.carliseppf.com\/wp-content\/uploads\/2025\/10\/1947d55c4258ffa0e338a56de4d0540f.png\" alt=\"film PPF pour voiture\" width=\"800\" height=\"800\" srcset=\"https:\/\/www.carliseppf.com\/wp-content\/uploads\/2025\/10\/1947d55c4258ffa0e338a56de4d0540f.png 800w, https:\/\/www.carliseppf.com\/wp-content\/uploads\/2025\/10\/1947d55c4258ffa0e338a56de4d0540f-300x300.png 300w, https:\/\/www.carliseppf.com\/wp-content\/uploads\/2025\/10\/1947d55c4258ffa0e338a56de4d0540f-150x150.png 150w, https:\/\/www.carliseppf.com\/wp-content\/uploads\/2025\/10\/1947d55c4258ffa0e338a56de4d0540f-768x768.png 768w, https:\/\/www.carliseppf.com\/wp-content\/uploads\/2025\/10\/1947d55c4258ffa0e338a56de4d0540f-370x370.png 370w, https:\/\/www.carliseppf.com\/wp-content\/uploads\/2025\/10\/1947d55c4258ffa0e338a56de4d0540f-120x120.png 120w, https:\/\/www.carliseppf.com\/wp-content\/uploads\/2025\/10\/1947d55c4258ffa0e338a56de4d0540f-410x410.png 410w, https:\/\/www.carliseppf.com\/wp-content\/uploads\/2025\/10\/1947d55c4258ffa0e338a56de4d0540f-630x630.png 630w, https:\/\/www.carliseppf.com\/wp-content\/uploads\/2025\/10\/1947d55c4258ffa0e338a56de4d0540f-730x730.png 730w, https:\/\/www.carliseppf.com\/wp-content\/uploads\/2025\/10\/1947d55c4258ffa0e338a56de4d0540f-460x460.png 460w\" sizes=\"(max-width: 800px) 100vw, 800px\" \/><\/h2>\n<h2 data-start=\"1081\" data-end=\"1103\">Conception &amp; Caract\u00e9ristiques<\/h2>\n<ul data-start=\"1104\" data-end=\"1397\">\n<li data-start=\"1104\" data-end=\"1174\">\n<p data-start=\"1106\" data-end=\"1174\">Nado Grey TPU avec effet changeant de couleur pour un aspect visuel haut de gamme<\/p>\n<\/li>\n<li data-start=\"1175\" data-end=\"1219\">\n<p data-start=\"1177\" data-end=\"1219\">Technologie d'auto-r\u00e9paration et anti-rayures<\/p>\n<\/li>\n<li data-start=\"1220\" data-end=\"1260\">\n<p data-start=\"1222\" data-end=\"1260\">Flexible, durable et facile \u00e0 appliquer<\/p>\n<\/li>\n<li data-start=\"1261\" data-end=\"1316\">\n<p data-start=\"1263\" data-end=\"1316\">Compatible avec des <strong data-start=\"1292\" data-end=\"1308\">film PPF pour voiture<\/strong> outils professionnels<\/p>\n<\/li>\n<li data-start=\"1317\" data-end=\"1397\">\n<p data-start=\"1319\" data-end=\"1397\">Id\u00e9al pour une couverture compl\u00e8te ou partielle du v\u00e9hicule, commandes en gros et projets personnalis\u00e9s<\/p>\n<\/li>\n<\/ul>\n<h2 data-start=\"1399\" data-end=\"1425\">Mat\u00e9riau de haute qualit\u00e9<\/h2>\n<ul data-start=\"1426\" data-end=\"1587\">\n<li data-start=\"1426\" data-end=\"1458\">\n<p data-start=\"1428\" data-end=\"1458\">Vinyle automobile TPU durable<\/p>\n<\/li>\n<li data-start=\"1459\" data-end=\"1507\">\n<p data-start=\"1461\" data-end=\"1507\">R\u00e9sistant aux UV, \u00e9tanche, s\u00fbr pour la peinture OEM<\/p>\n<\/li>\n<li data-start=\"1508\" data-end=\"1556\">\n<p data-start=\"1510\" data-end=\"1556\">Performance ext\u00e9rieure durable (3\u20135 ans)<\/p>\n<\/li>\n<li data-start=\"1557\" data-end=\"1587\">\n<p data-start=\"1559\" data-end=\"1587\">Facile \u00e0 nettoyer et \u00e0 entretenir<\/p>\n<\/li>\n<\/ul>\n<h2 data-start=\"1589\" data-end=\"1627\">Installation facile et personnalisation<\/h2>\n<ul data-start=\"1628\" data-end=\"1858\">\n<li data-start=\"1628\" data-end=\"1680\">\n<p data-start=\"1630\" data-end=\"1680\">Adh\u00e9sif \u00e0 lib\u00e9ration d'air pour une application sans bulles<\/p>\n<\/li>\n<li data-start=\"1681\" data-end=\"1751\">\n<p data-start=\"1683\" data-end=\"1751\">Flexible et thermo-formable pour les bords, courbes et surfaces complexes<\/p>\n<\/li>\n<li data-start=\"1752\" data-end=\"1803\">\n<p data-start=\"1754\" data-end=\"1803\">Rouleaux personnalisables pour les commandes en gros ou en gros<\/p>\n<\/li>\n<li data-start=\"1804\" data-end=\"1858\">\n<p data-start=\"1806\" data-end=\"1858\">Convient aux installateurs professionnels et aux utilisateurs DIY<\/p>\n<\/li>\n<\/ul>\n<h2 data-start=\"1860\" data-end=\"1877\">Applications<\/h2>\n<ul data-start=\"1878\" data-end=\"2063\">\n<li data-start=\"1878\" data-end=\"1931\">\n<p data-start=\"1880\" data-end=\"1931\">Wraps complets pour v\u00e9hicules : voitures, SUV, motos, vans<\/p>\n<\/li>\n<li data-start=\"1932\" data-end=\"1982\">\n<p data-start=\"1934\" data-end=\"1982\">Wraps partiels : capots, toits, miroirs, spoilers<\/p>\n<\/li>\n<li data-start=\"1983\" data-end=\"2023\">\n<p data-start=\"1985\" data-end=\"2023\">Jupes int\u00e9rieures et panneaux d\u00e9coratifs<\/p>\n<\/li>\n<li data-start=\"2024\" data-end=\"2063\">\n<p data-start=\"2026\" data-end=\"2063\">Id\u00e9al pour <strong data-start=\"2036\" data-end=\"2052\">film PPF pour voiture<\/strong> projets<\/p>\n<\/li>\n<\/ul>\n<h2 data-start=\"2065\" data-end=\"2084\">Principaux avantages<\/h2>\n<ul data-start=\"2085\" data-end=\"2364\">\n<li data-start=\"2085\" data-end=\"2121\">\n<p data-start=\"2087\" data-end=\"2121\">Premium <strong data-start=\"2095\" data-end=\"2111\">film PPF pour voiture<\/strong> qualit\u00e9<\/p>\n<\/li>\n<li data-start=\"2122\" data-end=\"2183\">\n<p data-start=\"2124\" data-end=\"2183\">Technologie auto-r\u00e9parante, anti-rayures et changeante de couleur<\/p>\n<\/li>\n<li data-start=\"2184\" data-end=\"2238\">\n<p data-start=\"2186\" data-end=\"2238\">Directement de l'usine, enti\u00e8rement personnalisable pour les commandes en gros<\/p>\n<\/li>\n<li data-start=\"2239\" data-end=\"2302\">\n<p data-start=\"2241\" data-end=\"2302\">Installation facile pour les utilisateurs DIY et les installateurs professionnels<\/p>\n<\/li>\n<li data-start=\"2303\" data-end=\"2364\">\n<p data-start=\"2305\" data-end=\"2364\">Parfait pour les ateliers automobiles, les installateurs et les passionn\u00e9s<\/p>\n<\/li>\n<\/ul>\n<h2 data-start=\"2366\" data-end=\"2387\">Contenu du paquet<\/h2>\n<ul data-start=\"2388\" data-end=\"2503\">\n<li data-start=\"2388\" data-end=\"2434\">\n<p data-start=\"2390\" data-end=\"2434\">1 Rouleau de vinyle d'enveloppe de voiture Nado Grey TPU PPF<\/p>\n<\/li>\n<li data-start=\"2435\" data-end=\"2503\">\n<p data-start=\"2437\" data-end=\"2503\">Kit d'installation optionnel : raclette, cutter, chiffon en microfibre<\/p>\n<\/li>\n<\/ul>\n<h2 data-start=\"2505\" data-end=\"2534\">Pourquoi choisir ce produit ?<\/h2>\n<p data-start=\"2535\" data-end=\"2844\">Ce produit directement de l'usine <strong data-start=\"2555\" data-end=\"2571\">film PPF pour voiture<\/strong> le vinyle offre une qualit\u00e9 professionnelle, une finition changeante de couleur Nado Grey vibrante, et une protection longue dur\u00e9e de la peinture. Enti\u00e8rement personnalisable pour les commandes en gros ou individuelles, parfait pour les installateurs, grossistes et entreprises proposant des produits haut de gamme <strong data-start=\"2806\" data-end=\"2831\">film de protection de la peinture<\/strong> solutions.<\/p>\n<p>\u00a0<img decoding=\"async\" class=\"alignnone wp-image-9226 size-full\" src=\"https:\/\/www.carliseppf.com\/wp-content\/uploads\/2025\/10\/a61982fcbcae63c8afe5e68eb1a17615.png\" alt=\"Enveloppe de voiture PPF \u2013 CARLISE Noir Haute Brillance TPU Capot Avant\" width=\"800\" height=\"800\" srcset=\"https:\/\/www.carliseppf.com\/wp-content\/uploads\/2025\/10\/a61982fcbcae63c8afe5e68eb1a17615.png 800w, https:\/\/www.carliseppf.com\/wp-content\/uploads\/2025\/10\/a61982fcbcae63c8afe5e68eb1a17615-300x300.png 300w, https:\/\/www.carliseppf.com\/wp-content\/uploads\/2025\/10\/a61982fcbcae63c8afe5e68eb1a17615-150x150.png 150w, https:\/\/www.carliseppf.com\/wp-content\/uploads\/2025\/10\/a61982fcbcae63c8afe5e68eb1a17615-768x768.png 768w, https:\/\/www.carliseppf.com\/wp-content\/uploads\/2025\/10\/a61982fcbcae63c8afe5e68eb1a17615-370x370.png 370w, https:\/\/www.carliseppf.com\/wp-content\/uploads\/2025\/10\/a61982fcbcae63c8afe5e68eb1a17615-120x120.png 120w, https:\/\/www.carliseppf.com\/wp-content\/uploads\/2025\/10\/a61982fcbcae63c8afe5e68eb1a17615-410x410.png 410w, https:\/\/www.carliseppf.com\/wp-content\/uploads\/2025\/10\/a61982fcbcae63c8afe5e68eb1a17615-630x630.png 630w, https:\/\/www.carliseppf.com\/wp-content\/uploads\/2025\/10\/a61982fcbcae63c8afe5e68eb1a17615-730x730.png 730w, https:\/\/www.carliseppf.com\/wp-content\/uploads\/2025\/10\/a61982fcbcae63c8afe5e68eb1a17615-460x460.png 460w\" sizes=\"(max-width: 800px) 100vw, 800px\" \/> <img decoding=\"async\" class=\"alignnone wp-image-9227 size-full\" src=\"https:\/\/www.carliseppf.com\/wp-content\/uploads\/2025\/10\/f750cf0c4f17ae72bfa5415666b22bd5.png\" alt=\"Enveloppe de voiture PPF \u2013 CARLISE Noir Haute Brillance TPU Porte Lat\u00e9rale\" width=\"800\" height=\"800\" srcset=\"https:\/\/www.carliseppf.com\/wp-content\/uploads\/2025\/10\/f750cf0c4f17ae72bfa5415666b22bd5.png 800w, https:\/\/www.carliseppf.com\/wp-content\/uploads\/2025\/10\/f750cf0c4f17ae72bfa5415666b22bd5-300x300.png 300w, https:\/\/www.carliseppf.com\/wp-content\/uploads\/2025\/10\/f750cf0c4f17ae72bfa5415666b22bd5-150x150.png 150w, https:\/\/www.carliseppf.com\/wp-content\/uploads\/2025\/10\/f750cf0c4f17ae72bfa5415666b22bd5-768x768.png 768w, https:\/\/www.carliseppf.com\/wp-content\/uploads\/2025\/10\/f750cf0c4f17ae72bfa5415666b22bd5-370x370.png 370w, https:\/\/www.carliseppf.com\/wp-content\/uploads\/2025\/10\/f750cf0c4f17ae72bfa5415666b22bd5-120x120.png 120w, https:\/\/www.carliseppf.com\/wp-content\/uploads\/2025\/10\/f750cf0c4f17ae72bfa5415666b22bd5-410x410.png 410w, https:\/\/www.carliseppf.com\/wp-content\/uploads\/2025\/10\/f750cf0c4f17ae72bfa5415666b22bd5-630x630.png 630w, https:\/\/www.carliseppf.com\/wp-content\/uploads\/2025\/10\/f750cf0c4f17ae72bfa5415666b22bd5-730x730.png 730w, https:\/\/www.carliseppf.com\/wp-content\/uploads\/2025\/10\/f750cf0c4f17ae72bfa5415666b22bd5-460x460.png 460w\" sizes=\"(max-width: 800px) 100vw, 800px\" \/> <img loading=\"lazy\" decoding=\"async\" class=\"alignnone size-full wp-image-9228\" src=\"https:\/\/www.carliseppf.com\/wp-content\/uploads\/2025\/10\/01becd7fbe3701c1e6404a0ea879d230.png\" alt=\"\" width=\"800\" height=\"800\" srcset=\"https:\/\/www.carliseppf.com\/wp-content\/uploads\/2025\/10\/01becd7fbe3701c1e6404a0ea879d230.png 800w, https:\/\/www.carliseppf.com\/wp-content\/uploads\/2025\/10\/01becd7fbe3701c1e6404a0ea879d230-300x300.png 300w, https:\/\/www.carliseppf.com\/wp-content\/uploads\/2025\/10\/01becd7fbe3701c1e6404a0ea879d230-150x150.png 150w, https:\/\/www.carliseppf.com\/wp-content\/uploads\/2025\/10\/01becd7fbe3701c1e6404a0ea879d230-768x768.png 768w, https:\/\/www.carliseppf.com\/wp-content\/uploads\/2025\/10\/01becd7fbe3701c1e6404a0ea879d230-370x370.png 370w, https:\/\/www.carliseppf.com\/wp-content\/uploads\/2025\/10\/01becd7fbe3701c1e6404a0ea879d230-120x120.png 120w, https:\/\/www.carliseppf.com\/wp-content\/uploads\/2025\/10\/01becd7fbe3701c1e6404a0ea879d230-410x410.png 410w, https:\/\/www.carliseppf.com\/wp-content\/uploads\/2025\/10\/01becd7fbe3701c1e6404a0ea879d230-630x630.png 630w, https:\/\/www.carliseppf.com\/wp-content\/uploads\/2025\/10\/01becd7fbe3701c1e6404a0ea879d230-730x730.png 730w, https:\/\/www.carliseppf.com\/wp-content\/uploads\/2025\/10\/01becd7fbe3701c1e6404a0ea879d230-460x460.png 460w\" sizes=\"(max-width: 800px) 100vw, 800px\" \/> <img loading=\"lazy\" decoding=\"async\" class=\"alignnone wp-image-9229 size-full\" src=\"https:\/\/www.carliseppf.com\/wp-content\/uploads\/2025\/10\/4a3fd3fc6e1eb5f64eaac77dac32030c.png\" alt=\"Enveloppe de voiture PPF \u2013 CARLISE Noir Haute Brillance TPU Pare-Chocs Arri\u00e8re\" width=\"800\" height=\"800\" srcset=\"https:\/\/www.carliseppf.com\/wp-content\/uploads\/2025\/10\/4a3fd3fc6e1eb5f64eaac77dac32030c.png 800w, https:\/\/www.carliseppf.com\/wp-content\/uploads\/2025\/10\/4a3fd3fc6e1eb5f64eaac77dac32030c-300x300.png 300w, https:\/\/www.carliseppf.com\/wp-content\/uploads\/2025\/10\/4a3fd3fc6e1eb5f64eaac77dac32030c-150x150.png 150w, https:\/\/www.carliseppf.com\/wp-content\/uploads\/2025\/10\/4a3fd3fc6e1eb5f64eaac77dac32030c-768x768.png 768w, https:\/\/www.carliseppf.com\/wp-content\/uploads\/2025\/10\/4a3fd3fc6e1eb5f64eaac77dac32030c-370x370.png 370w, https:\/\/www.carliseppf.com\/wp-content\/uploads\/2025\/10\/4a3fd3fc6e1eb5f64eaac77dac32030c-120x120.png 120w, https:\/\/www.carliseppf.com\/wp-content\/uploads\/2025\/10\/4a3fd3fc6e1eb5f64eaac77dac32030c-410x410.png 410w, https:\/\/www.carliseppf.com\/wp-content\/uploads\/2025\/10\/4a3fd3fc6e1eb5f64eaac77dac32030c-630x630.png 630w, https:\/\/www.carliseppf.com\/wp-content\/uploads\/2025\/10\/4a3fd3fc6e1eb5f64eaac77dac32030c-730x730.png 730w, https:\/\/www.carliseppf.com\/wp-content\/uploads\/2025\/10\/4a3fd3fc6e1eb5f64eaac77dac32030c-460x460.png 460w\" sizes=\"(max-width: 800px) 100vw, 800px\" \/> <img loading=\"lazy\" decoding=\"async\" class=\"alignnone wp-image-9230 size-full\" src=\"https:\/\/www.carliseppf.com\/wp-content\/uploads\/2025\/10\/5e45568bd0def4ac6c122997c1d41bee.png\" alt=\"Enveloppe de voiture PPF \u2013 Film Chameleon \u00e0 changement de couleur TPU enveloppe compl\u00e8te du v\u00e9hicule\" width=\"800\" height=\"800\" srcset=\"https:\/\/www.carliseppf.com\/wp-content\/uploads\/2025\/10\/5e45568bd0def4ac6c122997c1d41bee.png 800w, https:\/\/www.carliseppf.com\/wp-content\/uploads\/2025\/10\/5e45568bd0def4ac6c122997c1d41bee-300x300.png 300w, https:\/\/www.carliseppf.com\/wp-content\/uploads\/2025\/10\/5e45568bd0def4ac6c122997c1d41bee-150x150.png 150w, https:\/\/www.carliseppf.com\/wp-content\/uploads\/2025\/10\/5e45568bd0def4ac6c122997c1d41bee-768x768.png 768w, https:\/\/www.carliseppf.com\/wp-content\/uploads\/2025\/10\/5e45568bd0def4ac6c122997c1d41bee-370x370.png 370w, https:\/\/www.carliseppf.com\/wp-content\/uploads\/2025\/10\/5e45568bd0def4ac6c122997c1d41bee-120x120.png 120w, https:\/\/www.carliseppf.com\/wp-content\/uploads\/2025\/10\/5e45568bd0def4ac6c122997c1d41bee-410x410.png 410w, https:\/\/www.carliseppf.com\/wp-content\/uploads\/2025\/10\/5e45568bd0def4ac6c122997c1d41bee-630x630.png 630w, https:\/\/www.carliseppf.com\/wp-content\/uploads\/2025\/10\/5e45568bd0def4ac6c122997c1d41bee-730x730.png 730w, https:\/\/www.carliseppf.com\/wp-content\/uploads\/2025\/10\/5e45568bd0def4ac6c122997c1d41bee-460x460.png 460w\" sizes=\"(max-width: 800px) 100vw, 800px\" \/><\/p>","protected":false},"excerpt":{"rendered":"<p>Prot\u00e9gez et stylisez votre v\u00e9hicule avec cette enveloppe de voiture premium ppf \u2013 vinyle changeant de couleur Nado Grey TPU PPF avec technologie auto-r\u00e9parante et anti-rayures. Approvisionnement direct d'usine, enti\u00e8rement personnalisable pour les commandes en gros. Id\u00e9al pour les installateurs professionnels, grossistes et passionn\u00e9s d'automobile.<\/p>","protected":false},"featured_media":9234,"comment_status":"open","ping_status":"closed","template":"","meta":[],"product_brand":[],"product_cat":[216],"product_tag":[],"class_list":{"0":"post-9233","1":"product","2":"type-product","3":"status-publish","4":"has-post-thumbnail","6":"product_cat-colored-ppf","8":"first","9":"instock","10":"shipping-taxable","11":"product-type-simple"},"_links":{"self":[{"href":"https:\/\/www.carliseppf.com\/fr\/wp-json\/wp\/v2\/product\/9233","targetHints":{"allow":["GET"]}}],"collection":[{"href":"https:\/\/www.carliseppf.com\/fr\/wp-json\/wp\/v2\/product"}],"about":[{"href":"https:\/\/www.carliseppf.com\/fr\/wp-json\/wp\/v2\/types\/product"}],"replies":[{"embeddable":true,"href":"https:\/\/www.carliseppf.com\/fr\/wp-json\/wp\/v2\/comments?post=9233"}],"wp:featuredmedia":[{"embeddable":true,"href":"https:\/\/www.carliseppf.com\/fr\/wp-json\/wp\/v2\/media\/9234"}],"wp:attachment":[{"href":"https:\/\/www.carliseppf.com\/fr\/wp-json\/wp\/v2\/media?parent=9233"}],"wp:term":[{"taxonomy":"product_brand","embeddable":true,"href":"https:\/\/www.carliseppf.com\/fr\/wp-json\/wp\/v2\/product_brand?post=9233"},{"taxonomy":"product_cat","embeddable":true,"href":"https:\/\/www.carliseppf.com\/fr\/wp-json\/wp\/v2\/product_cat?post=9233"},{"taxonomy":"product_tag","embeddable":true,"href":"https:\/\/www.carliseppf.com\/fr\/wp-json\/wp\/v2\/product_tag?post=9233"}],"curies":[{"name":"wp","href":"https:\/\/api.w.org\/{rel}","templated":true}]}}