{"id":9237,"date":"2025-10-28T03:24:47","date_gmt":"2025-10-28T03:24:47","guid":{"rendered":"https:\/\/www.carliseppf.com\/?post_type=product&#038;p=9237"},"modified":"2025-11-21T02:51:28","modified_gmt":"2025-11-21T02:51:28","slug":"tinted-window-film-for-home-blue","status":"publish","type":"product","link":"https:\/\/www.carliseppf.com\/fr\/produit\/tinted-window-film-for-home-blue\/","title":{"rendered":"Film r\u00e9fl\u00e9chissant m\u00e9tallique miroir bleu de 2 mil \u2013 Film teint\u00e9 pour fen\u00eatres domestiques"},"content":{"rendered":"<h2 data-start=\"764\" data-end=\"783\">Aper\u00e7u du produit<\/h2>\n<p data-start=\"785\" data-end=\"1076\">Ce vinyle premium <strong data-start=\"798\" data-end=\"829\">film teint\u00e9 pour fen\u00eatres de maison<\/strong> utilise une couche r\u00e9fl\u00e9chissante en miroir m\u00e9tallique bleu de 2 mil pour offrir une rejection efficace de la chaleur, une confidentialit\u00e9 int\u00e9rieure et une protection UV. Parfait pour les fen\u00eatres r\u00e9sidentielles, les immeubles de bureaux, les sunrooms et les murs en verre n\u00e9cessitant une apparence r\u00e9fl\u00e9chissante \u00e9l\u00e9gante.<\/p>\n<h2 data-start=\"1078\" data-end=\"1100\">Caract\u00e9ristiques &amp; Avantages<\/h2>\n<ul data-start=\"1102\" data-end=\"1455\">\n<li data-start=\"1102\" data-end=\"1154\">\n<p data-start=\"1104\" data-end=\"1154\">Haute performance <strong data-start=\"1121\" data-end=\"1152\">film teint\u00e9 pour fen\u00eatres de maison<\/strong><\/p>\n<\/li>\n<li data-start=\"1155\" data-end=\"1224\">\n<p data-start=\"1157\" data-end=\"1224\">\u00e9paisseur de 2 mil pour la r\u00e9sistance, la durabilit\u00e9 et une clart\u00e9 durable<\/p>\n<\/li>\n<li data-start=\"1225\" data-end=\"1285\">\n<p data-start=\"1227\" data-end=\"1285\">Finition miroir r\u00e9fl\u00e9chissante bleue pour la confidentialit\u00e9 pendant la journ\u00e9e<\/p>\n<\/li>\n<li data-start=\"1286\" data-end=\"1330\">\n<p data-start=\"1288\" data-end=\"1330\">R\u00e9duit la chaleur, l'\u00e9blouissement et les rayons UV nocifs<\/p>\n<\/li>\n<li data-start=\"1331\" data-end=\"1380\">\n<p data-start=\"1333\" data-end=\"1380\">Structure auto-adh\u00e9sive pour une installation facile<\/p>\n<\/li>\n<li data-start=\"1381\" data-end=\"1455\">\n<p data-start=\"1383\" data-end=\"1455\">Id\u00e9al pour le teintage complet de la maison, les am\u00e9liorations de pi\u00e8ces et l'\u00e9conomie d'\u00e9nergie du b\u00e2timent<\/p>\n<\/li>\n<\/ul>\n<h2 data-start=\"1457\" data-end=\"1478\">Mat\u00e9riau &amp; Qualit\u00e9<\/h2>\n<ul data-start=\"1480\" data-end=\"1679\">\n<li data-start=\"1480\" data-end=\"1509\">\n<p data-start=\"1482\" data-end=\"1509\">Mat\u00e9riau de base en PET durable<\/p>\n<\/li>\n<li data-start=\"1510\" data-end=\"1569\">\n<p data-start=\"1512\" data-end=\"1569\">Rev\u00eatement r\u00e9fl\u00e9chissant m\u00e9tallis\u00e9 pour une rejection maximale de la chaleur<\/p>\n<\/li>\n<li data-start=\"1570\" data-end=\"1594\">\n<p data-start=\"1572\" data-end=\"1594\">Surface anti-rayures<\/p>\n<\/li>\n<li data-start=\"1595\" data-end=\"1629\">\n<p data-start=\"1597\" data-end=\"1629\">Couleur stable, ne se d\u00e9colore pas facilement<\/p>\n<\/li>\n<li data-start=\"1630\" data-end=\"1679\">\n<p data-start=\"1632\" data-end=\"1679\">S\u00fbr pour toutes les fen\u00eatres en verre int\u00e9rieures et ext\u00e9rieures<\/p>\n<\/li>\n<\/ul>\n<h2 data-start=\"1681\" data-end=\"1712\">Installation &amp; Personnalisation<\/h2>\n<ul data-start=\"1714\" data-end=\"1950\">\n<li data-start=\"1714\" data-end=\"1773\">\n<p data-start=\"1716\" data-end=\"1773\">Conception auto-adh\u00e9sive pour une installation rapide sans bulles<\/p>\n<\/li>\n<li data-start=\"1774\" data-end=\"1830\">\n<p data-start=\"1776\" data-end=\"1830\">Supporte la d\u00e9coupe aux tailles personnalis\u00e9es pour les installateurs \u00e0 domicile<\/p>\n<\/li>\n<li data-start=\"1831\" data-end=\"1889\">\n<p data-start=\"1833\" data-end=\"1889\">Disponible \u00e0 l'achat en gros ou pour la personnalisation de marque OEM<\/p>\n<\/li>\n<li data-start=\"1890\" data-end=\"1950\">\n<p data-start=\"1892\" data-end=\"1950\">Convient aux entrepreneurs professionnels et aux propri\u00e9taires bricoleurs<\/p>\n<\/li>\n<\/ul>\n<h2 data-start=\"1952\" data-end=\"1967\">Applications<\/h2>\n<ul data-start=\"1969\" data-end=\"2161\">\n<li data-start=\"1969\" data-end=\"2018\">\n<p data-start=\"1971\" data-end=\"2018\">Fen\u00eatres de maison (salon, chambre, cuisine)<\/p>\n<\/li>\n<li data-start=\"2019\" data-end=\"2060\">\n<p data-start=\"2021\" data-end=\"2060\">Immeubles d'appartements et vitres de balcon<\/p>\n<\/li>\n<li data-start=\"2061\" data-end=\"2101\">\n<p data-start=\"2063\" data-end=\"2101\">Cloisons en verre de bureau et sunrooms<\/p>\n<\/li>\n<li data-start=\"2102\" data-end=\"2161\">\n<p data-start=\"2104\" data-end=\"2161\">Vitrines commerciales n\u00e9cessitant contr\u00f4le de la chaleur et de la vie priv\u00e9e<\/p>\n<\/li>\n<\/ul>\n<h2 data-start=\"2163\" data-end=\"2180\">Principaux avantages<\/h2>\n<ul data-start=\"2182\" data-end=\"2387\">\n<li data-start=\"2182\" data-end=\"2230\">\n<p data-start=\"2184\" data-end=\"2230\">Approvisionnement direct d'usine avec tarification en gros<\/p>\n<\/li>\n<li data-start=\"2231\" data-end=\"2285\">\n<p data-start=\"2233\" data-end=\"2285\">De qualit\u00e9 professionnelle <strong data-start=\"2252\" data-end=\"2283\">film teint\u00e9 pour fen\u00eatres de maison<\/strong><\/p>\n<\/li>\n<li data-start=\"2286\" data-end=\"2341\">\n<p data-start=\"2288\" data-end=\"2341\">Performance d'\u00e9conomie d'\u00e9nergie en r\u00e9duisant le transfert de chaleur<\/p>\n<\/li>\n<li data-start=\"2342\" data-end=\"2387\">\n<p data-start=\"2344\" data-end=\"2387\">Am\u00e9liore le confort int\u00e9rieur et r\u00e9duit l'\u00e9blouissement<\/p>\n<\/li>\n<\/ul>\n<h2 data-start=\"2389\" data-end=\"2408\">Contenu du paquet<\/h2>\n<ul data-start=\"2410\" data-end=\"2523\">\n<li data-start=\"2410\" data-end=\"2462\">\n<p data-start=\"2412\" data-end=\"2462\">1 rouleau de film r\u00e9fl\u00e9chissant m\u00e9tallique bleu de 2 mil<\/p>\n<\/li>\n<li data-start=\"2463\" data-end=\"2523\">\n<p data-start=\"2465\" data-end=\"2523\">Outils optionnels : spatule, cutter utilitaire, chiffon en microfibre<\/p>\n<\/li>\n<\/ul>\n<h2 data-start=\"2525\" data-end=\"2552\">Pourquoi choisir ce produit ?<\/h2>\n<p data-start=\"2554\" data-end=\"2846\">Ce film de haute qualit\u00e9 <strong data-start=\"2572\" data-end=\"2603\">film teint\u00e9 pour fen\u00eatres de maison<\/strong> am\u00e9liore la confidentialit\u00e9, bloque les rayons UV et r\u00e9duit la chaleur int\u00e9rieure, tout en donnant \u00e0 vos fen\u00eatres une apparence moderne r\u00e9fl\u00e9chissante bleue. Id\u00e9al pour les propri\u00e9taires, entrepreneurs et distributeurs \u00e0 la recherche de mat\u00e9riaux de teintage de fen\u00eatres durables et efficaces.<\/p>\n<p><img fetchpriority=\"high\" decoding=\"async\" class=\"alignnone wp-image-9238 size-full\" src=\"https:\/\/www.carliseppf.com\/wp-content\/uploads\/2025\/10\/21c2474754971abd3a65c3f8ad26a494.png\" alt=\"film de fen\u00eatre teint\u00e9 bleu pour installation \u00e0 domicile\" width=\"800\" height=\"800\" srcset=\"https:\/\/www.carliseppf.com\/wp-content\/uploads\/2025\/10\/21c2474754971abd3a65c3f8ad26a494.png 800w, https:\/\/www.carliseppf.com\/wp-content\/uploads\/2025\/10\/21c2474754971abd3a65c3f8ad26a494-300x300.png 300w, https:\/\/www.carliseppf.com\/wp-content\/uploads\/2025\/10\/21c2474754971abd3a65c3f8ad26a494-150x150.png 150w, https:\/\/www.carliseppf.com\/wp-content\/uploads\/2025\/10\/21c2474754971abd3a65c3f8ad26a494-768x768.png 768w, https:\/\/www.carliseppf.com\/wp-content\/uploads\/2025\/10\/21c2474754971abd3a65c3f8ad26a494-370x370.png 370w, https:\/\/www.carliseppf.com\/wp-content\/uploads\/2025\/10\/21c2474754971abd3a65c3f8ad26a494-120x120.png 120w, https:\/\/www.carliseppf.com\/wp-content\/uploads\/2025\/10\/21c2474754971abd3a65c3f8ad26a494-410x410.png 410w, https:\/\/www.carliseppf.com\/wp-content\/uploads\/2025\/10\/21c2474754971abd3a65c3f8ad26a494-630x630.png 630w, https:\/\/www.carliseppf.com\/wp-content\/uploads\/2025\/10\/21c2474754971abd3a65c3f8ad26a494-730x730.png 730w, https:\/\/www.carliseppf.com\/wp-content\/uploads\/2025\/10\/21c2474754971abd3a65c3f8ad26a494-460x460.png 460w\" sizes=\"(max-width: 800px) 100vw, 800px\" \/><img decoding=\"async\" class=\"alignnone wp-image-9240 size-full\" src=\"https:\/\/www.carliseppf.com\/wp-content\/uploads\/2025\/10\/9b3864f3bb428a8f203f9cbce2f171c5.png\" alt=\"film de fen\u00eatre r\u00e9fl\u00e9chissant teint\u00e9 pour r\u00e9duction de la chaleur domestique\" width=\"800\" height=\"800\" srcset=\"https:\/\/www.carliseppf.com\/wp-content\/uploads\/2025\/10\/9b3864f3bb428a8f203f9cbce2f171c5.png 800w, https:\/\/www.carliseppf.com\/wp-content\/uploads\/2025\/10\/9b3864f3bb428a8f203f9cbce2f171c5-300x300.png 300w, https:\/\/www.carliseppf.com\/wp-content\/uploads\/2025\/10\/9b3864f3bb428a8f203f9cbce2f171c5-150x150.png 150w, https:\/\/www.carliseppf.com\/wp-content\/uploads\/2025\/10\/9b3864f3bb428a8f203f9cbce2f171c5-768x768.png 768w, https:\/\/www.carliseppf.com\/wp-content\/uploads\/2025\/10\/9b3864f3bb428a8f203f9cbce2f171c5-370x370.png 370w, https:\/\/www.carliseppf.com\/wp-content\/uploads\/2025\/10\/9b3864f3bb428a8f203f9cbce2f171c5-120x120.png 120w, https:\/\/www.carliseppf.com\/wp-content\/uploads\/2025\/10\/9b3864f3bb428a8f203f9cbce2f171c5-410x410.png 410w, https:\/\/www.carliseppf.com\/wp-content\/uploads\/2025\/10\/9b3864f3bb428a8f203f9cbce2f171c5-630x630.png 630w, https:\/\/www.carliseppf.com\/wp-content\/uploads\/2025\/10\/9b3864f3bb428a8f203f9cbce2f171c5-730x730.png 730w, https:\/\/www.carliseppf.com\/wp-content\/uploads\/2025\/10\/9b3864f3bb428a8f203f9cbce2f171c5-460x460.png 460w\" sizes=\"(max-width: 800px) 100vw, 800px\" \/> <img decoding=\"async\" class=\"alignnone wp-image-9241 size-full\" src=\"https:\/\/www.carliseppf.com\/wp-content\/uploads\/2025\/10\/5721d5f39a690d6b6ccea21ad76a74a8.png\" alt=\"film de fen\u00eatre teint\u00e9 miroir bleu pour confidentialit\u00e9 \u00e0 domicile\" width=\"800\" height=\"800\" srcset=\"https:\/\/www.carliseppf.com\/wp-content\/uploads\/2025\/10\/5721d5f39a690d6b6ccea21ad76a74a8.png 800w, https:\/\/www.carliseppf.com\/wp-content\/uploads\/2025\/10\/5721d5f39a690d6b6ccea21ad76a74a8-300x300.png 300w, https:\/\/www.carliseppf.com\/wp-content\/uploads\/2025\/10\/5721d5f39a690d6b6ccea21ad76a74a8-150x150.png 150w, https:\/\/www.carliseppf.com\/wp-content\/uploads\/2025\/10\/5721d5f39a690d6b6ccea21ad76a74a8-768x768.png 768w, https:\/\/www.carliseppf.com\/wp-content\/uploads\/2025\/10\/5721d5f39a690d6b6ccea21ad76a74a8-370x370.png 370w, https:\/\/www.carliseppf.com\/wp-content\/uploads\/2025\/10\/5721d5f39a690d6b6ccea21ad76a74a8-120x120.png 120w, https:\/\/www.carliseppf.com\/wp-content\/uploads\/2025\/10\/5721d5f39a690d6b6ccea21ad76a74a8-410x410.png 410w, https:\/\/www.carliseppf.com\/wp-content\/uploads\/2025\/10\/5721d5f39a690d6b6ccea21ad76a74a8-630x630.png 630w, https:\/\/www.carliseppf.com\/wp-content\/uploads\/2025\/10\/5721d5f39a690d6b6ccea21ad76a74a8-730x730.png 730w, https:\/\/www.carliseppf.com\/wp-content\/uploads\/2025\/10\/5721d5f39a690d6b6ccea21ad76a74a8-460x460.png 460w\" sizes=\"(max-width: 800px) 100vw, 800px\" \/> <img loading=\"lazy\" decoding=\"async\" class=\"alignnone wp-image-9242 size-full\" src=\"https:\/\/www.carliseppf.com\/wp-content\/uploads\/2025\/10\/decb15c6ed8229b31b65ca884eace8d1.png\" alt=\"vitre r\u00e9sidentielle avec film de fen\u00eatre teint\u00e9 bleu pour la maison\" width=\"800\" height=\"800\" srcset=\"https:\/\/www.carliseppf.com\/wp-content\/uploads\/2025\/10\/decb15c6ed8229b31b65ca884eace8d1.png 800w, https:\/\/www.carliseppf.com\/wp-content\/uploads\/2025\/10\/decb15c6ed8229b31b65ca884eace8d1-300x300.png 300w, https:\/\/www.carliseppf.com\/wp-content\/uploads\/2025\/10\/decb15c6ed8229b31b65ca884eace8d1-150x150.png 150w, https:\/\/www.carliseppf.com\/wp-content\/uploads\/2025\/10\/decb15c6ed8229b31b65ca884eace8d1-768x768.png 768w, https:\/\/www.carliseppf.com\/wp-content\/uploads\/2025\/10\/decb15c6ed8229b31b65ca884eace8d1-370x370.png 370w, https:\/\/www.carliseppf.com\/wp-content\/uploads\/2025\/10\/decb15c6ed8229b31b65ca884eace8d1-120x120.png 120w, https:\/\/www.carliseppf.com\/wp-content\/uploads\/2025\/10\/decb15c6ed8229b31b65ca884eace8d1-410x410.png 410w, https:\/\/www.carliseppf.com\/wp-content\/uploads\/2025\/10\/decb15c6ed8229b31b65ca884eace8d1-630x630.png 630w, https:\/\/www.carliseppf.com\/wp-content\/uploads\/2025\/10\/decb15c6ed8229b31b65ca884eace8d1-730x730.png 730w, https:\/\/www.carliseppf.com\/wp-content\/uploads\/2025\/10\/decb15c6ed8229b31b65ca884eace8d1-460x460.png 460w\" sizes=\"(max-width: 800px) 100vw, 800px\" \/><\/p>","protected":false},"excerpt":{"rendered":"<p>Haute qualit\u00e9 <strong data-start=\"485\" data-end=\"516\">film teint\u00e9 pour fen\u00eatres de maison<\/strong> fait avec un miroir m\u00e9tallique bleu de 2 mil, mat\u00e9riau r\u00e9fl\u00e9chissant. Con\u00e7u pour l'isolation thermique, la protection de la vie priv\u00e9e et la filtration UV. Id\u00e9al pour les b\u00e2timents r\u00e9sidentiels, les bureaux et les espaces commerciaux, supportant les tailles de rouleaux en gros et personnalis\u00e9es.<\/p>","protected":false},"featured_media":9239,"comment_status":"open","ping_status":"closed","template":"","meta":[],"product_brand":[],"product_cat":[218],"product_tag":[],"class_list":{"0":"post-9237","1":"product","2":"type-product","3":"status-publish","4":"has-post-thumbnail","6":"product_cat-architectural-window-film","8":"first","9":"instock","10":"shipping-taxable","11":"product-type-simple"},"_links":{"self":[{"href":"https:\/\/www.carliseppf.com\/fr\/wp-json\/wp\/v2\/product\/9237","targetHints":{"allow":["GET"]}}],"collection":[{"href":"https:\/\/www.carliseppf.com\/fr\/wp-json\/wp\/v2\/product"}],"about":[{"href":"https:\/\/www.carliseppf.com\/fr\/wp-json\/wp\/v2\/types\/product"}],"replies":[{"embeddable":true,"href":"https:\/\/www.carliseppf.com\/fr\/wp-json\/wp\/v2\/comments?post=9237"}],"wp:featuredmedia":[{"embeddable":true,"href":"https:\/\/www.carliseppf.com\/fr\/wp-json\/wp\/v2\/media\/9239"}],"wp:attachment":[{"href":"https:\/\/www.carliseppf.com\/fr\/wp-json\/wp\/v2\/media?parent=9237"}],"wp:term":[{"taxonomy":"product_brand","embeddable":true,"href":"https:\/\/www.carliseppf.com\/fr\/wp-json\/wp\/v2\/product_brand?post=9237"},{"taxonomy":"product_cat","embeddable":true,"href":"https:\/\/www.carliseppf.com\/fr\/wp-json\/wp\/v2\/product_cat?post=9237"},{"taxonomy":"product_tag","embeddable":true,"href":"https:\/\/www.carliseppf.com\/fr\/wp-json\/wp\/v2\/product_tag?post=9237"}],"curies":[{"name":"wp","href":"https:\/\/api.w.org\/{rel}","templated":true}]}}