{"id":9243,"date":"2025-10-28T03:29:17","date_gmt":"2025-10-28T03:29:17","guid":{"rendered":"https:\/\/www.carliseppf.com\/?post_type=product&#038;p=9243"},"modified":"2025-11-21T02:46:36","modified_gmt":"2025-11-21T02:46:36","slug":"commercial-window-tint-golden-film","status":"publish","type":"product","link":"https:\/\/www.carliseppf.com\/fr\/produit\/commercial-window-tint-golden-film\/","title":{"rendered":"Film r\u00e9fl\u00e9chissant m\u00e9tallique miroir dor\u00e9 de 2 mil \u2013 Solution de teinte de fen\u00eatre commerciale"},"content":{"rendered":"<h2 data-start=\"764\" data-end=\"783\">Aper\u00e7u du produit<\/h2>\n<p data-start=\"785\" data-end=\"1163\">Ce <strong data-start=\"790\" data-end=\"816\">film teint\u00e9 pour fen\u00eatres commerciales<\/strong> est con\u00e7ue avec un rev\u00eatement miroir m\u00e9tallique dor\u00e9 de 2 mil, offrant une r\u00e9flectivit\u00e9 exceptionnelle, une isolation thermique et une confidentialit\u00e9 pour les b\u00e2timents commerciaux. Id\u00e9al pour les tours de bureaux, les magasins de d\u00e9tail, les murs en verre et les maisons r\u00e9sidentielles recherchant une performance \u00e9nerg\u00e9tique. Son support auto-adh\u00e9sif garantit une installation rapide et efficace sur de grandes surfaces en verre.<\/p>\n<h2 style=\"color: #ffffff; font-family: Manrope, sans-serif; font-size: 47.005px; font-weight: 600; font-style: normal; line-height: 47.9921px; text-decoration: none; text-transform: none; letter-spacing: normal; margin-top: 31.4934px; margin-bottom: 22.5624px; outline: 0px;\" data-start=\"1170\" data-end=\"1192\"><img fetchpriority=\"high\" decoding=\"async\" class=\"alignnone wp-image-9238 size-full\" style=\"color: #c0c0c1; font-size: 17px; font-weight: 400;\" src=\"https:\/\/www.carliseppf.com\/wp-content\/uploads\/2025\/10\/21c2474754971abd3a65c3f8ad26a494.png\" alt=\"Installation de film r\u00e9fl\u00e9chissant pour vitres commerciales en or\" width=\"800\" height=\"800\" srcset=\"https:\/\/www.carliseppf.com\/wp-content\/uploads\/2025\/10\/21c2474754971abd3a65c3f8ad26a494.png 800w, https:\/\/www.carliseppf.com\/wp-content\/uploads\/2025\/10\/21c2474754971abd3a65c3f8ad26a494-300x300.png 300w, https:\/\/www.carliseppf.com\/wp-content\/uploads\/2025\/10\/21c2474754971abd3a65c3f8ad26a494-150x150.png 150w, https:\/\/www.carliseppf.com\/wp-content\/uploads\/2025\/10\/21c2474754971abd3a65c3f8ad26a494-768x768.png 768w, https:\/\/www.carliseppf.com\/wp-content\/uploads\/2025\/10\/21c2474754971abd3a65c3f8ad26a494-370x370.png 370w, https:\/\/www.carliseppf.com\/wp-content\/uploads\/2025\/10\/21c2474754971abd3a65c3f8ad26a494-120x120.png 120w, https:\/\/www.carliseppf.com\/wp-content\/uploads\/2025\/10\/21c2474754971abd3a65c3f8ad26a494-410x410.png 410w, https:\/\/www.carliseppf.com\/wp-content\/uploads\/2025\/10\/21c2474754971abd3a65c3f8ad26a494-630x630.png 630w, https:\/\/www.carliseppf.com\/wp-content\/uploads\/2025\/10\/21c2474754971abd3a65c3f8ad26a494-730x730.png 730w, https:\/\/www.carliseppf.com\/wp-content\/uploads\/2025\/10\/21c2474754971abd3a65c3f8ad26a494-460x460.png 460w\" sizes=\"(max-width: 800px) 100vw, 800px\" \/><\/h2>\n<hr data-start=\"1165\" data-end=\"1168\" \/>\n<h2 data-start=\"1170\" data-end=\"1192\">Caract\u00e9ristiques &amp; Avantages<\/h2>\n<ul data-start=\"1194\" data-end=\"1582\">\n<li data-start=\"1194\" data-end=\"1253\">\n<p data-start=\"1196\" data-end=\"1253\">Haute performance <strong data-start=\"1213\" data-end=\"1239\">film teint\u00e9 pour fen\u00eatres commerciales<\/strong> pour b\u00e2timents<\/p>\n<\/li>\n<li data-start=\"1254\" data-end=\"1309\">\n<p data-start=\"1256\" data-end=\"1309\">\u00e9paisseur de 2 mil avec une r\u00e9flectivit\u00e9 miroir m\u00e9tallique dor\u00e9e<\/p>\n<\/li>\n<li data-start=\"1310\" data-end=\"1363\">\n<p data-start=\"1312\" data-end=\"1363\">Forte rejection de la chaleur pour des temp\u00e9ratures int\u00e9rieures plus basses<\/p>\n<\/li>\n<li data-start=\"1364\" data-end=\"1417\">\n<p data-start=\"1366\" data-end=\"1417\">Excellente confidentialit\u00e9 en journ\u00e9e et capacit\u00e9 anti-\u00e9blouissement<\/p>\n<\/li>\n<li data-start=\"1418\" data-end=\"1479\">\n<p data-start=\"1420\" data-end=\"1479\">Bloque les rayons UV nocifs pour prot\u00e9ger les int\u00e9rieurs et le mobilier<\/p>\n<\/li>\n<li data-start=\"1480\" data-end=\"1525\">\n<p data-start=\"1482\" data-end=\"1525\">Support auto-adh\u00e9sif pour une installation facile<\/p>\n<\/li>\n<li data-start=\"1526\" data-end=\"1582\">\n<p data-start=\"1528\" data-end=\"1582\">Convient pour de grands projets commerciaux et r\u00e9sidentiels<\/p>\n<\/li>\n<\/ul>\n<hr data-start=\"1584\" data-end=\"1587\" \/>\n<h2 data-start=\"1589\" data-end=\"1610\">Mat\u00e9riau &amp; Qualit\u00e9<\/h2>\n<ul data-start=\"1612\" data-end=\"1825\">\n<li data-start=\"1612\" data-end=\"1652\">\n<p data-start=\"1614\" data-end=\"1652\">structure en PET m\u00e9tallis\u00e9 durable de 2 mil<\/p>\n<\/li>\n<li data-start=\"1653\" data-end=\"1703\">\n<p data-start=\"1655\" data-end=\"1703\">Rev\u00eatement r\u00e9fl\u00e9chissant dor\u00e9 pour une esth\u00e9tique haut de gamme<\/p>\n<\/li>\n<li data-start=\"1704\" data-end=\"1757\">\n<p data-start=\"1706\" data-end=\"1757\">Adh\u00e9sion longue dur\u00e9e avec une surface r\u00e9sistante \u00e0 la d\u00e9coloration<\/p>\n<\/li>\n<li data-start=\"1758\" data-end=\"1825\">\n<p data-start=\"1760\" data-end=\"1825\">Performance r\u00e9sistante aux intemp\u00e9ries pour applications int\u00e9rieures et ext\u00e9rieures<\/p>\n<\/li>\n<\/ul>\n<hr data-start=\"1827\" data-end=\"1830\" \/>\n<h2 data-start=\"1832\" data-end=\"1863\">Installation &amp; Personnalisation<\/h2>\n<ul data-start=\"1865\" data-end=\"2111\">\n<li data-start=\"1865\" data-end=\"1917\">\n<p data-start=\"1867\" data-end=\"1917\">Conception auto-adh\u00e9sive\u2014aucune colle suppl\u00e9mentaire requise<\/p>\n<\/li>\n<li data-start=\"1918\" data-end=\"1984\">\n<p data-start=\"1920\" data-end=\"1984\">Application lisse pour murs en verre, fen\u00eatres de bureau, devantures de magasins<\/p>\n<\/li>\n<li data-start=\"1985\" data-end=\"2046\">\n<p data-start=\"1987\" data-end=\"2046\">Peut \u00eatre d\u00e9coup\u00e9 en tailles personnalis\u00e9es pour de grands projets d'ing\u00e9nierie<\/p>\n<\/li>\n<li data-start=\"2047\" data-end=\"2111\">\n<p data-start=\"2049\" data-end=\"2111\">Id\u00e9al pour les entrepreneurs et installateurs en construction commerciale<\/p>\n<\/li>\n<\/ul>\n<hr data-start=\"2113\" data-end=\"2116\" \/>\n<h2 data-start=\"2118\" data-end=\"2133\">Applications<\/h2>\n<p data-start=\"2135\" data-end=\"2183\">Ce <strong data-start=\"2140\" data-end=\"2166\">film teint\u00e9 pour fen\u00eatres commerciales<\/strong> est adapt\u00e9 pour :<\/p>\n<ul data-start=\"2185\" data-end=\"2379\">\n<li data-start=\"2185\" data-end=\"2212\">\n<p data-start=\"2187\" data-end=\"2212\">Fen\u00eatres de b\u00e2timents de bureaux<\/p>\n<\/li>\n<li data-start=\"2213\" data-end=\"2236\">\n<p data-start=\"2215\" data-end=\"2236\">Fa\u00e7ades en verre \u00e0 panneaux<\/p>\n<\/li>\n<li data-start=\"2237\" data-end=\"2265\">\n<p data-start=\"2239\" data-end=\"2265\">Fen\u00eatres de maisons r\u00e9sidentielles<\/p>\n<\/li>\n<li data-start=\"2266\" data-end=\"2288\">\n<p data-start=\"2268\" data-end=\"2288\">Vitrines de vente au d\u00e9tail<\/p>\n<\/li>\n<li data-start=\"2289\" data-end=\"2324\">\n<p data-start=\"2291\" data-end=\"2324\">\u00c9quipements h\u00f4teliers et commerciaux<\/p>\n<\/li>\n<li data-start=\"2325\" data-end=\"2379\">\n<p data-start=\"2327\" data-end=\"2379\">Salles de soleil, balcons et cloisons en verre int\u00e9rieur<\/p>\n<\/li>\n<\/ul>\n<hr data-start=\"2381\" data-end=\"2384\" \/>\n<h2 data-start=\"2386\" data-end=\"2403\">Principaux avantages<\/h2>\n<ul data-start=\"2405\" data-end=\"2655\">\n<li data-start=\"2405\" data-end=\"2461\">\n<p data-start=\"2407\" data-end=\"2461\">Am\u00e9liore l'apparence du b\u00e2timent avec un effet miroir dor\u00e9<\/p>\n<\/li>\n<li data-start=\"2462\" data-end=\"2514\">\n<p data-start=\"2464\" data-end=\"2514\">R\u00e9duit la co\u00fbt \u00e9nerg\u00e9tique en diminuant la transmission de chaleur<\/p>\n<\/li>\n<li data-start=\"2515\" data-end=\"2558\">\n<p data-start=\"2517\" data-end=\"2558\">Prot\u00e8ge la vie priv\u00e9e avec une haute r\u00e9flectivit\u00e9<\/p>\n<\/li>\n<li data-start=\"2559\" data-end=\"2605\">\n<p data-start=\"2561\" data-end=\"2605\">Excellente long\u00e9vit\u00e9 et r\u00e9sistance aux intemp\u00e9ries<\/p>\n<\/li>\n<li data-start=\"2606\" data-end=\"2655\">\n<p data-start=\"2608\" data-end=\"2655\">Approvisionnement direct d'usine pour les commandes en gros et OEM<\/p>\n<\/li>\n<\/ul>\n<hr data-start=\"2657\" data-end=\"2660\" \/>\n<h2 data-start=\"2662\" data-end=\"2681\">Contenu du paquet<\/h2>\n<ul data-start=\"2683\" data-end=\"2809\">\n<li data-start=\"2683\" data-end=\"2737\">\n<p data-start=\"2685\" data-end=\"2737\">1 rouleau de film r\u00e9fl\u00e9chissant m\u00e9tallique dor\u00e9 de 2 mil<\/p>\n<\/li>\n<li data-start=\"2738\" data-end=\"2809\">\n<p data-start=\"2740\" data-end=\"2809\">Outils optionnels : raclette, couteau de d\u00e9coupe, flacon de pulv\u00e9risation pour l'installation<\/p>\n<\/li>\n<\/ul>\n<hr data-start=\"2811\" data-end=\"2814\" \/>\n<h2 data-start=\"2816\" data-end=\"2843\">Pourquoi choisir ce produit ?<\/h2>\n<p data-start=\"2845\" data-end=\"3124\">Ce vinyle premium <strong data-start=\"2858\" data-end=\"2884\">film teint\u00e9 pour fen\u00eatres commerciales<\/strong> Offre une combinaison de r\u00e9flectivit\u00e9 \u00e9l\u00e9gante en or, contr\u00f4le thermique puissant et performance durable. Con\u00e7u pour les architectes, entrepreneurs et installateurs commerciaux recherchant des solutions de film pour fen\u00eatres fiables et visuellement impressionnantes.<\/p>\n<p>\u00a0<img decoding=\"async\" class=\"alignnone wp-image-9240 size-full\" src=\"https:\/\/www.carliseppf.com\/wp-content\/uploads\/2025\/10\/9b3864f3bb428a8f203f9cbce2f171c5.png\" alt=\"Film de teinte pour fen\u00eatres commerciales en miroir m\u00e9tallique de 2 mil\" width=\"800\" height=\"800\" srcset=\"https:\/\/www.carliseppf.com\/wp-content\/uploads\/2025\/10\/9b3864f3bb428a8f203f9cbce2f171c5.png 800w, https:\/\/www.carliseppf.com\/wp-content\/uploads\/2025\/10\/9b3864f3bb428a8f203f9cbce2f171c5-300x300.png 300w, https:\/\/www.carliseppf.com\/wp-content\/uploads\/2025\/10\/9b3864f3bb428a8f203f9cbce2f171c5-150x150.png 150w, https:\/\/www.carliseppf.com\/wp-content\/uploads\/2025\/10\/9b3864f3bb428a8f203f9cbce2f171c5-768x768.png 768w, https:\/\/www.carliseppf.com\/wp-content\/uploads\/2025\/10\/9b3864f3bb428a8f203f9cbce2f171c5-370x370.png 370w, https:\/\/www.carliseppf.com\/wp-content\/uploads\/2025\/10\/9b3864f3bb428a8f203f9cbce2f171c5-120x120.png 120w, https:\/\/www.carliseppf.com\/wp-content\/uploads\/2025\/10\/9b3864f3bb428a8f203f9cbce2f171c5-410x410.png 410w, https:\/\/www.carliseppf.com\/wp-content\/uploads\/2025\/10\/9b3864f3bb428a8f203f9cbce2f171c5-630x630.png 630w, https:\/\/www.carliseppf.com\/wp-content\/uploads\/2025\/10\/9b3864f3bb428a8f203f9cbce2f171c5-730x730.png 730w, https:\/\/www.carliseppf.com\/wp-content\/uploads\/2025\/10\/9b3864f3bb428a8f203f9cbce2f171c5-460x460.png 460w\" sizes=\"(max-width: 800px) 100vw, 800px\" \/> <img decoding=\"async\" class=\"alignnone wp-image-9241 size-full\" src=\"https:\/\/www.carliseppf.com\/wp-content\/uploads\/2025\/10\/5721d5f39a690d6b6ccea21ad76a74a8.png\" alt=\"Film pour fen\u00eatres en miroir dor\u00e9 pour murs en verre commerciaux\" width=\"800\" height=\"800\" srcset=\"https:\/\/www.carliseppf.com\/wp-content\/uploads\/2025\/10\/5721d5f39a690d6b6ccea21ad76a74a8.png 800w, https:\/\/www.carliseppf.com\/wp-content\/uploads\/2025\/10\/5721d5f39a690d6b6ccea21ad76a74a8-300x300.png 300w, https:\/\/www.carliseppf.com\/wp-content\/uploads\/2025\/10\/5721d5f39a690d6b6ccea21ad76a74a8-150x150.png 150w, https:\/\/www.carliseppf.com\/wp-content\/uploads\/2025\/10\/5721d5f39a690d6b6ccea21ad76a74a8-768x768.png 768w, https:\/\/www.carliseppf.com\/wp-content\/uploads\/2025\/10\/5721d5f39a690d6b6ccea21ad76a74a8-370x370.png 370w, https:\/\/www.carliseppf.com\/wp-content\/uploads\/2025\/10\/5721d5f39a690d6b6ccea21ad76a74a8-120x120.png 120w, https:\/\/www.carliseppf.com\/wp-content\/uploads\/2025\/10\/5721d5f39a690d6b6ccea21ad76a74a8-410x410.png 410w, https:\/\/www.carliseppf.com\/wp-content\/uploads\/2025\/10\/5721d5f39a690d6b6ccea21ad76a74a8-630x630.png 630w, https:\/\/www.carliseppf.com\/wp-content\/uploads\/2025\/10\/5721d5f39a690d6b6ccea21ad76a74a8-730x730.png 730w, https:\/\/www.carliseppf.com\/wp-content\/uploads\/2025\/10\/5721d5f39a690d6b6ccea21ad76a74a8-460x460.png 460w\" sizes=\"(max-width: 800px) 100vw, 800px\" \/> <img loading=\"lazy\" decoding=\"async\" class=\"alignnone wp-image-9242 size-full\" src=\"https:\/\/www.carliseppf.com\/wp-content\/uploads\/2025\/10\/decb15c6ed8229b31b65ca884eace8d1.png\" alt=\"Teinte de fen\u00eatre commerciale \u00e9conomisant l&#039;\u00e9nergie en m\u00e9tal dor\u00e9\" width=\"800\" height=\"800\" srcset=\"https:\/\/www.carliseppf.com\/wp-content\/uploads\/2025\/10\/decb15c6ed8229b31b65ca884eace8d1.png 800w, https:\/\/www.carliseppf.com\/wp-content\/uploads\/2025\/10\/decb15c6ed8229b31b65ca884eace8d1-300x300.png 300w, https:\/\/www.carliseppf.com\/wp-content\/uploads\/2025\/10\/decb15c6ed8229b31b65ca884eace8d1-150x150.png 150w, https:\/\/www.carliseppf.com\/wp-content\/uploads\/2025\/10\/decb15c6ed8229b31b65ca884eace8d1-768x768.png 768w, https:\/\/www.carliseppf.com\/wp-content\/uploads\/2025\/10\/decb15c6ed8229b31b65ca884eace8d1-370x370.png 370w, https:\/\/www.carliseppf.com\/wp-content\/uploads\/2025\/10\/decb15c6ed8229b31b65ca884eace8d1-120x120.png 120w, https:\/\/www.carliseppf.com\/wp-content\/uploads\/2025\/10\/decb15c6ed8229b31b65ca884eace8d1-410x410.png 410w, https:\/\/www.carliseppf.com\/wp-content\/uploads\/2025\/10\/decb15c6ed8229b31b65ca884eace8d1-630x630.png 630w, https:\/\/www.carliseppf.com\/wp-content\/uploads\/2025\/10\/decb15c6ed8229b31b65ca884eace8d1-730x730.png 730w, https:\/\/www.carliseppf.com\/wp-content\/uploads\/2025\/10\/decb15c6ed8229b31b65ca884eace8d1-460x460.png 460w\" sizes=\"(max-width: 800px) 100vw, 800px\" \/> <img loading=\"lazy\" decoding=\"async\" class=\"alignnone wp-image-9245 size-full\" src=\"https:\/\/www.carliseppf.com\/wp-content\/uploads\/2025\/10\/68abf62cde81ee6ee7a8e9142e2f69d2.png\" alt=\"Teinte auto-adh\u00e9sive r\u00e9fl\u00e9chissante dor\u00e9e pour bureaux\" width=\"800\" height=\"800\" srcset=\"https:\/\/www.carliseppf.com\/wp-content\/uploads\/2025\/10\/68abf62cde81ee6ee7a8e9142e2f69d2.png 800w, https:\/\/www.carliseppf.com\/wp-content\/uploads\/2025\/10\/68abf62cde81ee6ee7a8e9142e2f69d2-300x300.png 300w, https:\/\/www.carliseppf.com\/wp-content\/uploads\/2025\/10\/68abf62cde81ee6ee7a8e9142e2f69d2-150x150.png 150w, https:\/\/www.carliseppf.com\/wp-content\/uploads\/2025\/10\/68abf62cde81ee6ee7a8e9142e2f69d2-768x768.png 768w, https:\/\/www.carliseppf.com\/wp-content\/uploads\/2025\/10\/68abf62cde81ee6ee7a8e9142e2f69d2-370x370.png 370w, https:\/\/www.carliseppf.com\/wp-content\/uploads\/2025\/10\/68abf62cde81ee6ee7a8e9142e2f69d2-120x120.png 120w, https:\/\/www.carliseppf.com\/wp-content\/uploads\/2025\/10\/68abf62cde81ee6ee7a8e9142e2f69d2-410x410.png 410w, https:\/\/www.carliseppf.com\/wp-content\/uploads\/2025\/10\/68abf62cde81ee6ee7a8e9142e2f69d2-630x630.png 630w, https:\/\/www.carliseppf.com\/wp-content\/uploads\/2025\/10\/68abf62cde81ee6ee7a8e9142e2f69d2-730x730.png 730w, https:\/\/www.carliseppf.com\/wp-content\/uploads\/2025\/10\/68abf62cde81ee6ee7a8e9142e2f69d2-460x460.png 460w\" sizes=\"(max-width: 800px) 100vw, 800px\" \/> <img loading=\"lazy\" decoding=\"async\" class=\"alignnone size-full wp-image-9246\" src=\"https:\/\/www.carliseppf.com\/wp-content\/uploads\/2025\/10\/5250509bee433fda9bbeb24b22fe195f.png\" alt=\"\" width=\"800\" height=\"800\" srcset=\"https:\/\/www.carliseppf.com\/wp-content\/uploads\/2025\/10\/5250509bee433fda9bbeb24b22fe195f.png 800w, https:\/\/www.carliseppf.com\/wp-content\/uploads\/2025\/10\/5250509bee433fda9bbeb24b22fe195f-300x300.png 300w, https:\/\/www.carliseppf.com\/wp-content\/uploads\/2025\/10\/5250509bee433fda9bbeb24b22fe195f-150x150.png 150w, https:\/\/www.carliseppf.com\/wp-content\/uploads\/2025\/10\/5250509bee433fda9bbeb24b22fe195f-768x768.png 768w, https:\/\/www.carliseppf.com\/wp-content\/uploads\/2025\/10\/5250509bee433fda9bbeb24b22fe195f-370x370.png 370w, https:\/\/www.carliseppf.com\/wp-content\/uploads\/2025\/10\/5250509bee433fda9bbeb24b22fe195f-120x120.png 120w, https:\/\/www.carliseppf.com\/wp-content\/uploads\/2025\/10\/5250509bee433fda9bbeb24b22fe195f-410x410.png 410w, https:\/\/www.carliseppf.com\/wp-content\/uploads\/2025\/10\/5250509bee433fda9bbeb24b22fe195f-630x630.png 630w, https:\/\/www.carliseppf.com\/wp-content\/uploads\/2025\/10\/5250509bee433fda9bbeb24b22fe195f-730x730.png 730w, https:\/\/www.carliseppf.com\/wp-content\/uploads\/2025\/10\/5250509bee433fda9bbeb24b22fe195f-460x460.png 460w\" sizes=\"(max-width: 800px) 100vw, 800px\" \/><\/p>","protected":false},"excerpt":{"rendered":"<p>Premium <strong data-start=\"475\" data-end=\"501\">film teint\u00e9 pour fen\u00eatres commerciales<\/strong> avec un rev\u00eatement m\u00e9tallique r\u00e9fl\u00e9chissant dor\u00e9 de 2 mil pour les b\u00e2timents de bureaux, murs en verre et espaces commerciaux. Offre une forte rejection de la chaleur, de la confidentialit\u00e9 et une r\u00e9duction de l\u2019\u00e9blouissement. La conception auto-adh\u00e9sive facilite une installation rapide pour des projets de construction \u00e0 grande \u00e9chelle.<\/p>","protected":false},"featured_media":9244,"comment_status":"open","ping_status":"closed","template":"","meta":[],"product_brand":[],"product_cat":[218],"product_tag":[],"class_list":{"0":"post-9243","1":"product","2":"type-product","3":"status-publish","4":"has-post-thumbnail","6":"product_cat-architectural-window-film","8":"first","9":"instock","10":"shipping-taxable","11":"product-type-simple"},"_links":{"self":[{"href":"https:\/\/www.carliseppf.com\/fr\/wp-json\/wp\/v2\/product\/9243","targetHints":{"allow":["GET"]}}],"collection":[{"href":"https:\/\/www.carliseppf.com\/fr\/wp-json\/wp\/v2\/product"}],"about":[{"href":"https:\/\/www.carliseppf.com\/fr\/wp-json\/wp\/v2\/types\/product"}],"replies":[{"embeddable":true,"href":"https:\/\/www.carliseppf.com\/fr\/wp-json\/wp\/v2\/comments?post=9243"}],"wp:featuredmedia":[{"embeddable":true,"href":"https:\/\/www.carliseppf.com\/fr\/wp-json\/wp\/v2\/media\/9244"}],"wp:attachment":[{"href":"https:\/\/www.carliseppf.com\/fr\/wp-json\/wp\/v2\/media?parent=9243"}],"wp:term":[{"taxonomy":"product_brand","embeddable":true,"href":"https:\/\/www.carliseppf.com\/fr\/wp-json\/wp\/v2\/product_brand?post=9243"},{"taxonomy":"product_cat","embeddable":true,"href":"https:\/\/www.carliseppf.com\/fr\/wp-json\/wp\/v2\/product_cat?post=9243"},{"taxonomy":"product_tag","embeddable":true,"href":"https:\/\/www.carliseppf.com\/fr\/wp-json\/wp\/v2\/product_tag?post=9243"}],"curies":[{"name":"wp","href":"https:\/\/api.w.org\/{rel}","templated":true}]}}