{"id":9247,"date":"2025-10-28T03:31:17","date_gmt":"2025-10-28T03:31:17","guid":{"rendered":"https:\/\/www.carliseppf.com\/?post_type=product&#038;p=9247"},"modified":"2025-11-21T02:40:34","modified_gmt":"2025-11-21T02:40:34","slug":"tinting-house-windows-green-mirror-film","status":"publish","type":"product","link":"https:\/\/www.carliseppf.com\/fr\/produit\/tinting-house-windows-green-mirror-film\/","title":{"rendered":"Film r\u00e9fl\u00e9chissant m\u00e9tallique miroir vert de 2 mil \u2013 Id\u00e9al pour teinter les fen\u00eatres de maison"},"content":{"rendered":"<h2 data-start=\"759\" data-end=\"778\">Aper\u00e7u du produit<\/h2>\n<p data-start=\"780\" data-end=\"1144\">Ce <strong data-start=\"785\" data-end=\"828\">film r\u00e9fl\u00e9chissant en m\u00e9tal vert miroir de 2 mil<\/strong> est con\u00e7u sp\u00e9cifiquement pour <strong data-start=\"860\" data-end=\"885\">teintage des fen\u00eatres de maison<\/strong>, offrant un \u00e9quilibre parfait entre contr\u00f4le de la chaleur, blocage UV et am\u00e9lioration de la confidentialit\u00e9. L'effet miroir vert ext\u00e9rieur r\u00e9duit la chaleur solaire et l'\u00e9blouissement tout en maintenant le confort int\u00e9rieur. Id\u00e9al pour les b\u00e2timents r\u00e9sidentiels, les bureaux, les sunrooms et les murs en verre commerciaux.<\/p>\n<h2 data-start=\"1146\" data-end=\"1168\">Caract\u00e9ristiques &amp; Avantages<\/h2>\n<ul data-start=\"1170\" data-end=\"1553\">\n<li data-start=\"1170\" data-end=\"1247\">\n<p data-start=\"1172\" data-end=\"1247\">Con\u00e7u pour <strong data-start=\"1185\" data-end=\"1210\">teintage des fen\u00eatres de maison<\/strong> avec une performance r\u00e9fl\u00e9chissante forte<\/p>\n<\/li>\n<li data-start=\"1248\" data-end=\"1302\">\n<p data-start=\"1250\" data-end=\"1302\">\u00c9paisseur de 2 mil pour une durabilit\u00e9 et une clart\u00e9 am\u00e9lior\u00e9es<\/p>\n<\/li>\n<li data-start=\"1303\" data-end=\"1368\">\n<p data-start=\"1305\" data-end=\"1368\">L'ext\u00e9rieur en miroir vert en m\u00e9tal offre une confidentialit\u00e9 diurne sup\u00e9rieure<\/p>\n<\/li>\n<li data-start=\"1369\" data-end=\"1419\">\n<p data-start=\"1371\" data-end=\"1419\">Bloque les rayons UV et r\u00e9duit l'accumulation de chaleur int\u00e9rieure<\/p>\n<\/li>\n<li data-start=\"1420\" data-end=\"1482\">\n<p data-start=\"1422\" data-end=\"1482\">Support auto-adh\u00e9sif pour une installation lisse et sans bulles<\/p>\n<\/li>\n<li data-start=\"1483\" data-end=\"1553\">\n<p data-start=\"1485\" data-end=\"1553\">Convient pour les projets en verre r\u00e9sidentiel, de bureau et architectural<\/p>\n<\/li>\n<\/ul>\n<h2 data-start=\"1555\" data-end=\"1576\">Mat\u00e9riau &amp; Qualit\u00e9<\/h2>\n<ul data-start=\"1578\" data-end=\"1791\">\n<li data-start=\"1578\" data-end=\"1611\">\n<p data-start=\"1580\" data-end=\"1611\">Construction en PET de haute qualit\u00e9<\/p>\n<\/li>\n<li data-start=\"1612\" data-end=\"1651\">\n<p data-start=\"1614\" data-end=\"1651\">Couche r\u00e9fl\u00e9chissante en m\u00e9tal vert rev\u00eatu<\/p>\n<\/li>\n<li data-start=\"1652\" data-end=\"1691\">\n<p data-start=\"1654\" data-end=\"1691\">Surface anti-rayures pour la durabilit\u00e9<\/p>\n<\/li>\n<li data-start=\"1692\" data-end=\"1742\">\n<p data-start=\"1694\" data-end=\"1742\">Couleur stable, r\u00e9sistante \u00e0 la d\u00e9coloration et durable<\/p>\n<\/li>\n<li data-start=\"1743\" data-end=\"1791\">\n<p data-start=\"1745\" data-end=\"1791\">Maintient la visibilit\u00e9 tout en am\u00e9liorant la confidentialit\u00e9<\/p>\n<\/li>\n<\/ul>\n<h2 data-start=\"1793\" data-end=\"1824\">Installation &amp; Personnalisation<\/h2>\n<ul data-start=\"1826\" data-end=\"2134\">\n<li data-start=\"1826\" data-end=\"1873\">\n<p data-start=\"1828\" data-end=\"1873\">Film auto-adh\u00e9sif \u2014 pas besoin de colle suppl\u00e9mentaire<\/p>\n<\/li>\n<li data-start=\"1874\" data-end=\"1932\">\n<p data-start=\"1876\" data-end=\"1932\">Formable par la chaleur pour un meilleur ajustement sur de grands panneaux en verre<\/p>\n<\/li>\n<li data-start=\"1933\" data-end=\"1982\">\n<p data-start=\"1935\" data-end=\"1982\">Facile \u00e0 installer en DIY ou par des professionnels<\/p>\n<\/li>\n<li data-start=\"1983\" data-end=\"2072\">\n<p data-start=\"1985\" data-end=\"2072\">Supporte les commandes en gros OEM\/ODM, largeur personnalis\u00e9e, carton personnalis\u00e9 et emballage en marque blanche<\/p>\n<\/li>\n<li data-start=\"2073\" data-end=\"2134\">\n<p data-start=\"2075\" data-end=\"2134\">Disponible en grands rouleaux pour les grossistes et distributeurs<\/p>\n<\/li>\n<\/ul>\n<h2 data-start=\"2136\" data-end=\"2151\">Applications<\/h2>\n<ul data-start=\"2153\" data-end=\"2431\">\n<li data-start=\"2153\" data-end=\"2201\">\n<p data-start=\"2155\" data-end=\"2201\">Solution id\u00e9ale pour <strong data-start=\"2174\" data-end=\"2199\">teintage des fen\u00eatres de maison<\/strong><\/p>\n<\/li>\n<li data-start=\"2202\" data-end=\"2261\">\n<p data-start=\"2204\" data-end=\"2261\">Parfait pour les chambres, salons, sunrooms, balcons<\/p>\n<\/li>\n<li data-start=\"2262\" data-end=\"2318\">\n<p data-start=\"2264\" data-end=\"2318\">Fen\u00eatres de b\u00e2timents de bureaux pour rejet de chaleur et confidentialit\u00e9<\/p>\n<\/li>\n<li data-start=\"2319\" data-end=\"2368\">\n<p data-start=\"2321\" data-end=\"2368\">Vitrines, cloisons et murs en verre<\/p>\n<\/li>\n<li data-start=\"2369\" data-end=\"2431\">\n<p data-start=\"2371\" data-end=\"2431\">Peut \u00eatre utilis\u00e9 pour des projets de films architecturaux et d\u00e9coratifs<\/p>\n<\/li>\n<\/ul>\n<h2 data-start=\"2433\" data-end=\"2450\">Principaux avantages<\/h2>\n<ul data-start=\"2452\" data-end=\"2735\">\n<li data-start=\"2452\" data-end=\"2502\">\n<p data-start=\"2454\" data-end=\"2502\">Tarification en gros directe d'usine avec livraison rapide<\/p>\n<\/li>\n<li data-start=\"2503\" data-end=\"2559\">\n<p data-start=\"2505\" data-end=\"2559\">Performance r\u00e9fl\u00e9chissante forte pour la protection de la vie priv\u00e9e<\/p>\n<\/li>\n<li data-start=\"2560\" data-end=\"2618\">\n<p data-start=\"2562\" data-end=\"2618\">Excellente efficacit\u00e9 de blocage UV et de r\u00e9duction de la chaleur<\/p>\n<\/li>\n<li data-start=\"2619\" data-end=\"2672\">\n<p data-start=\"2621\" data-end=\"2672\">Structure durable de 2 mil adapt\u00e9e \u00e0 une utilisation \u00e0 long terme<\/p>\n<\/li>\n<li data-start=\"2673\" data-end=\"2735\">\n<p data-start=\"2675\" data-end=\"2735\">Finition miroir verte esth\u00e9tique qui am\u00e9liore l'apparence du b\u00e2timent<\/p>\n<\/li>\n<\/ul>\n<h2 data-start=\"2737\" data-end=\"2756\">Contenu du paquet<\/h2>\n<ul data-start=\"2758\" data-end=\"2878\">\n<li data-start=\"2758\" data-end=\"2815\">\n<p data-start=\"2760\" data-end=\"2815\">1 rouleau de <strong data-start=\"2770\" data-end=\"2813\">Film r\u00e9fl\u00e9chissant en miroir m\u00e9tallique vert de 2 mil<\/strong><\/p>\n<\/li>\n<li data-start=\"2816\" data-end=\"2878\">\n<p data-start=\"2818\" data-end=\"2878\">Kit d'installation optionnel : raclette, cutter, chiffon de nettoyage<\/p>\n<\/li>\n<\/ul>\n<h2 data-start=\"2880\" data-end=\"2907\">Pourquoi choisir ce produit ?<\/h2>\n<p data-start=\"2909\" data-end=\"3203\">Lorsque <strong data-start=\"2914\" data-end=\"2939\">teintage des fen\u00eatres de maison<\/strong>, ce film r\u00e9fl\u00e9chissant vert offre un \u00e9quilibre id\u00e9al entre isolation, confidentialit\u00e9 et style d\u00e9coratif. Sa forte capacit\u00e9 de rejet de chaleur et son effet miroir en font une solution parfaite pour les propri\u00e9taires, installateurs et distributeurs \u00e0 la recherche d'un film architectural fiable.<\/p>\n<p><img fetchpriority=\"high\" decoding=\"async\" class=\"alignnone wp-image-9238 size-full\" src=\"https:\/\/www.carliseppf.com\/wp-content\/uploads\/2025\/10\/21c2474754971abd3a65c3f8ad26a494.png\" alt=\"film r\u00e9fl\u00e9chissant vert pour teinter les fen\u00eatres de maison\" width=\"800\" height=\"800\" srcset=\"https:\/\/www.carliseppf.com\/wp-content\/uploads\/2025\/10\/21c2474754971abd3a65c3f8ad26a494.png 800w, https:\/\/www.carliseppf.com\/wp-content\/uploads\/2025\/10\/21c2474754971abd3a65c3f8ad26a494-300x300.png 300w, https:\/\/www.carliseppf.com\/wp-content\/uploads\/2025\/10\/21c2474754971abd3a65c3f8ad26a494-150x150.png 150w, https:\/\/www.carliseppf.com\/wp-content\/uploads\/2025\/10\/21c2474754971abd3a65c3f8ad26a494-768x768.png 768w, https:\/\/www.carliseppf.com\/wp-content\/uploads\/2025\/10\/21c2474754971abd3a65c3f8ad26a494-370x370.png 370w, https:\/\/www.carliseppf.com\/wp-content\/uploads\/2025\/10\/21c2474754971abd3a65c3f8ad26a494-120x120.png 120w, https:\/\/www.carliseppf.com\/wp-content\/uploads\/2025\/10\/21c2474754971abd3a65c3f8ad26a494-410x410.png 410w, https:\/\/www.carliseppf.com\/wp-content\/uploads\/2025\/10\/21c2474754971abd3a65c3f8ad26a494-630x630.png 630w, https:\/\/www.carliseppf.com\/wp-content\/uploads\/2025\/10\/21c2474754971abd3a65c3f8ad26a494-730x730.png 730w, https:\/\/www.carliseppf.com\/wp-content\/uploads\/2025\/10\/21c2474754971abd3a65c3f8ad26a494-460x460.png 460w\" sizes=\"(max-width: 800px) 100vw, 800px\" \/> <img decoding=\"async\" class=\"alignnone wp-image-9240 size-full\" src=\"https:\/\/www.carliseppf.com\/wp-content\/uploads\/2025\/10\/9b3864f3bb428a8f203f9cbce2f171c5.png\" alt=\"Teinte de fen\u00eatre en miroir vert de 2 mil pour verre r\u00e9sidentiel\" width=\"800\" height=\"800\" srcset=\"https:\/\/www.carliseppf.com\/wp-content\/uploads\/2025\/10\/9b3864f3bb428a8f203f9cbce2f171c5.png 800w, https:\/\/www.carliseppf.com\/wp-content\/uploads\/2025\/10\/9b3864f3bb428a8f203f9cbce2f171c5-300x300.png 300w, https:\/\/www.carliseppf.com\/wp-content\/uploads\/2025\/10\/9b3864f3bb428a8f203f9cbce2f171c5-150x150.png 150w, https:\/\/www.carliseppf.com\/wp-content\/uploads\/2025\/10\/9b3864f3bb428a8f203f9cbce2f171c5-768x768.png 768w, https:\/\/www.carliseppf.com\/wp-content\/uploads\/2025\/10\/9b3864f3bb428a8f203f9cbce2f171c5-370x370.png 370w, https:\/\/www.carliseppf.com\/wp-content\/uploads\/2025\/10\/9b3864f3bb428a8f203f9cbce2f171c5-120x120.png 120w, https:\/\/www.carliseppf.com\/wp-content\/uploads\/2025\/10\/9b3864f3bb428a8f203f9cbce2f171c5-410x410.png 410w, https:\/\/www.carliseppf.com\/wp-content\/uploads\/2025\/10\/9b3864f3bb428a8f203f9cbce2f171c5-630x630.png 630w, https:\/\/www.carliseppf.com\/wp-content\/uploads\/2025\/10\/9b3864f3bb428a8f203f9cbce2f171c5-730x730.png 730w, https:\/\/www.carliseppf.com\/wp-content\/uploads\/2025\/10\/9b3864f3bb428a8f203f9cbce2f171c5-460x460.png 460w\" sizes=\"(max-width: 800px) 100vw, 800px\" \/> <img decoding=\"async\" class=\"alignnone wp-image-9241 size-full\" src=\"https:\/\/www.carliseppf.com\/wp-content\/uploads\/2025\/10\/5721d5f39a690d6b6ccea21ad76a74a8.png\" alt=\"Film r\u00e9fl\u00e9chissant vert auto-adh\u00e9sif pour teinter les fen\u00eatres de maison\" width=\"800\" height=\"800\" srcset=\"https:\/\/www.carliseppf.com\/wp-content\/uploads\/2025\/10\/5721d5f39a690d6b6ccea21ad76a74a8.png 800w, https:\/\/www.carliseppf.com\/wp-content\/uploads\/2025\/10\/5721d5f39a690d6b6ccea21ad76a74a8-300x300.png 300w, https:\/\/www.carliseppf.com\/wp-content\/uploads\/2025\/10\/5721d5f39a690d6b6ccea21ad76a74a8-150x150.png 150w, https:\/\/www.carliseppf.com\/wp-content\/uploads\/2025\/10\/5721d5f39a690d6b6ccea21ad76a74a8-768x768.png 768w, https:\/\/www.carliseppf.com\/wp-content\/uploads\/2025\/10\/5721d5f39a690d6b6ccea21ad76a74a8-370x370.png 370w, https:\/\/www.carliseppf.com\/wp-content\/uploads\/2025\/10\/5721d5f39a690d6b6ccea21ad76a74a8-120x120.png 120w, https:\/\/www.carliseppf.com\/wp-content\/uploads\/2025\/10\/5721d5f39a690d6b6ccea21ad76a74a8-410x410.png 410w, https:\/\/www.carliseppf.com\/wp-content\/uploads\/2025\/10\/5721d5f39a690d6b6ccea21ad76a74a8-630x630.png 630w, https:\/\/www.carliseppf.com\/wp-content\/uploads\/2025\/10\/5721d5f39a690d6b6ccea21ad76a74a8-730x730.png 730w, https:\/\/www.carliseppf.com\/wp-content\/uploads\/2025\/10\/5721d5f39a690d6b6ccea21ad76a74a8-460x460.png 460w\" sizes=\"(max-width: 800px) 100vw, 800px\" \/> <img loading=\"lazy\" decoding=\"async\" class=\"alignnone wp-image-9242 size-full\" src=\"https:\/\/www.carliseppf.com\/wp-content\/uploads\/2025\/10\/decb15c6ed8229b31b65ca884eace8d1.png\" alt=\"Teinte de miroir vert pour contr\u00f4le de chaleur install\u00e9e sur les fen\u00eatres de la maison\" width=\"800\" height=\"800\" srcset=\"https:\/\/www.carliseppf.com\/wp-content\/uploads\/2025\/10\/decb15c6ed8229b31b65ca884eace8d1.png 800w, https:\/\/www.carliseppf.com\/wp-content\/uploads\/2025\/10\/decb15c6ed8229b31b65ca884eace8d1-300x300.png 300w, https:\/\/www.carliseppf.com\/wp-content\/uploads\/2025\/10\/decb15c6ed8229b31b65ca884eace8d1-150x150.png 150w, https:\/\/www.carliseppf.com\/wp-content\/uploads\/2025\/10\/decb15c6ed8229b31b65ca884eace8d1-768x768.png 768w, https:\/\/www.carliseppf.com\/wp-content\/uploads\/2025\/10\/decb15c6ed8229b31b65ca884eace8d1-370x370.png 370w, https:\/\/www.carliseppf.com\/wp-content\/uploads\/2025\/10\/decb15c6ed8229b31b65ca884eace8d1-120x120.png 120w, https:\/\/www.carliseppf.com\/wp-content\/uploads\/2025\/10\/decb15c6ed8229b31b65ca884eace8d1-410x410.png 410w, https:\/\/www.carliseppf.com\/wp-content\/uploads\/2025\/10\/decb15c6ed8229b31b65ca884eace8d1-630x630.png 630w, https:\/\/www.carliseppf.com\/wp-content\/uploads\/2025\/10\/decb15c6ed8229b31b65ca884eace8d1-730x730.png 730w, https:\/\/www.carliseppf.com\/wp-content\/uploads\/2025\/10\/decb15c6ed8229b31b65ca884eace8d1-460x460.png 460w\" sizes=\"(max-width: 800px) 100vw, 800px\" \/> <img loading=\"lazy\" decoding=\"async\" class=\"alignnone wp-image-9245 size-full\" src=\"https:\/\/www.carliseppf.com\/wp-content\/uploads\/2025\/10\/68abf62cde81ee6ee7a8e9142e2f69d2.png\" alt=\"Rouleau de film miroir m\u00e9tallique vert pour la teinte des fen\u00eatres domestiques\" width=\"800\" height=\"800\" srcset=\"https:\/\/www.carliseppf.com\/wp-content\/uploads\/2025\/10\/68abf62cde81ee6ee7a8e9142e2f69d2.png 800w, https:\/\/www.carliseppf.com\/wp-content\/uploads\/2025\/10\/68abf62cde81ee6ee7a8e9142e2f69d2-300x300.png 300w, https:\/\/www.carliseppf.com\/wp-content\/uploads\/2025\/10\/68abf62cde81ee6ee7a8e9142e2f69d2-150x150.png 150w, https:\/\/www.carliseppf.com\/wp-content\/uploads\/2025\/10\/68abf62cde81ee6ee7a8e9142e2f69d2-768x768.png 768w, https:\/\/www.carliseppf.com\/wp-content\/uploads\/2025\/10\/68abf62cde81ee6ee7a8e9142e2f69d2-370x370.png 370w, https:\/\/www.carliseppf.com\/wp-content\/uploads\/2025\/10\/68abf62cde81ee6ee7a8e9142e2f69d2-120x120.png 120w, https:\/\/www.carliseppf.com\/wp-content\/uploads\/2025\/10\/68abf62cde81ee6ee7a8e9142e2f69d2-410x410.png 410w, https:\/\/www.carliseppf.com\/wp-content\/uploads\/2025\/10\/68abf62cde81ee6ee7a8e9142e2f69d2-630x630.png 630w, https:\/\/www.carliseppf.com\/wp-content\/uploads\/2025\/10\/68abf62cde81ee6ee7a8e9142e2f69d2-730x730.png 730w, https:\/\/www.carliseppf.com\/wp-content\/uploads\/2025\/10\/68abf62cde81ee6ee7a8e9142e2f69d2-460x460.png 460w\" sizes=\"(max-width: 800px) 100vw, 800px\" \/><\/p>","protected":false},"excerpt":{"rendered":"<p>Haute performance <strong data-start=\"486\" data-end=\"524\">film r\u00e9fl\u00e9chissant en m\u00e9tal vert miroir<\/strong> con\u00e7u pour <strong data-start=\"538\" data-end=\"563\">teintage des fen\u00eatres de maison<\/strong>, offrant une excellente rejection de la chaleur, une confidentialit\u00e9 diurne et une protection UV. Design auto-adh\u00e9sif, installation facile, et support de vente en gros direct d'usine pour la personnalisation OEM\/ODM.<\/p>","protected":false},"featured_media":9248,"comment_status":"open","ping_status":"closed","template":"","meta":[],"product_brand":[],"product_cat":[218],"product_tag":[],"class_list":{"0":"post-9247","1":"product","2":"type-product","3":"status-publish","4":"has-post-thumbnail","6":"product_cat-architectural-window-film","8":"first","9":"instock","10":"shipping-taxable","11":"product-type-simple"},"_links":{"self":[{"href":"https:\/\/www.carliseppf.com\/fr\/wp-json\/wp\/v2\/product\/9247","targetHints":{"allow":["GET"]}}],"collection":[{"href":"https:\/\/www.carliseppf.com\/fr\/wp-json\/wp\/v2\/product"}],"about":[{"href":"https:\/\/www.carliseppf.com\/fr\/wp-json\/wp\/v2\/types\/product"}],"replies":[{"embeddable":true,"href":"https:\/\/www.carliseppf.com\/fr\/wp-json\/wp\/v2\/comments?post=9247"}],"wp:featuredmedia":[{"embeddable":true,"href":"https:\/\/www.carliseppf.com\/fr\/wp-json\/wp\/v2\/media\/9248"}],"wp:attachment":[{"href":"https:\/\/www.carliseppf.com\/fr\/wp-json\/wp\/v2\/media?parent=9247"}],"wp:term":[{"taxonomy":"product_brand","embeddable":true,"href":"https:\/\/www.carliseppf.com\/fr\/wp-json\/wp\/v2\/product_brand?post=9247"},{"taxonomy":"product_cat","embeddable":true,"href":"https:\/\/www.carliseppf.com\/fr\/wp-json\/wp\/v2\/product_cat?post=9247"},{"taxonomy":"product_tag","embeddable":true,"href":"https:\/\/www.carliseppf.com\/fr\/wp-json\/wp\/v2\/product_tag?post=9247"}],"curies":[{"name":"wp","href":"https:\/\/api.w.org\/{rel}","templated":true}]}}