{"id":9249,"date":"2025-10-28T03:32:27","date_gmt":"2025-10-28T03:32:27","guid":{"rendered":"https:\/\/www.carliseppf.com\/?post_type=product&#038;p=9249"},"modified":"2025-11-21T02:34:06","modified_gmt":"2025-11-21T02:34:06","slug":"mirror-tint-for-house-windows-2mil-film","status":"publish","type":"product","link":"https:\/\/www.carliseppf.com\/fr\/produit\/mirror-tint-for-house-windows-2mil-film\/","title":{"rendered":"Film de miroir m\u00e9tallique r\u00e9fl\u00e9chissant de 2 mil pour b\u00e2timent \u2013 Teinture de verre auto-adh\u00e9sive"},"content":{"rendered":"<h2 data-start=\"795\" data-end=\"814\">Aper\u00e7u du produit<\/h2>\n<p data-start=\"816\" data-end=\"1112\">Ce <strong data-start=\"821\" data-end=\"854\">Teinture miroir pour fen\u00eatres de maison<\/strong> pr\u00e9sente une construction m\u00e9tallis\u00e9e durable de 2 mil con\u00e7ue pour une r\u00e9flexion sup\u00e9rieure, confidentialit\u00e9 et efficacit\u00e9 \u00e9nerg\u00e9tique. Le support auto-adh\u00e9sif le rend id\u00e9al pour les fen\u00eatres domestiques, b\u00e2timents de bureaux et grands murs en verre n\u00e9cessitant un contr\u00f4le solaire simple mais efficace.<\/p>\n<h2 data-start=\"1114\" data-end=\"1136\">Caract\u00e9ristiques &amp; Avantages<\/h2>\n<ul data-start=\"1138\" data-end=\"1488\">\n<li data-start=\"1138\" data-end=\"1218\">\n<p data-start=\"1140\" data-end=\"1218\">Premium <strong data-start=\"1148\" data-end=\"1181\">Teinture miroir pour fen\u00eatres de maison<\/strong> avec une performance r\u00e9fl\u00e9chissante forte<\/p>\n<\/li>\n<li data-start=\"1219\" data-end=\"1271\">\n<p data-start=\"1221\" data-end=\"1271\">l'\u00e9paisseur de 2 mil am\u00e9liore la durabilit\u00e9 et la stabilit\u00e9<\/p>\n<\/li>\n<li data-start=\"1272\" data-end=\"1318\">\n<p data-start=\"1274\" data-end=\"1318\">Excellente rejection de la chaleur et protection UV<\/p>\n<\/li>\n<li data-start=\"1319\" data-end=\"1375\">\n<p data-start=\"1321\" data-end=\"1375\">Am\u00e9liore l\u2019intimit\u00e9 diurne avec une r\u00e9flexion semblable \u00e0 un miroir<\/p>\n<\/li>\n<li data-start=\"1376\" data-end=\"1431\">\n<p data-start=\"1378\" data-end=\"1431\">R\u00e9duit l\u2019\u00e9blouissement solaire et prot\u00e8ge le mobilier int\u00e9rieur<\/p>\n<\/li>\n<li data-start=\"1432\" data-end=\"1488\">\n<p data-start=\"1434\" data-end=\"1488\">Auto-adh\u00e9sif pour une installation rapide et sans bulles<\/p>\n<\/li>\n<\/ul>\n<h2 data-start=\"1490\" data-end=\"1511\">Mat\u00e9riau &amp; Qualit\u00e9<\/h2>\n<ul data-start=\"1513\" data-end=\"1720\">\n<li data-start=\"1513\" data-end=\"1552\">\n<p data-start=\"1515\" data-end=\"1552\">Film r\u00e9fl\u00e9chissant en PET \/ PVC m\u00e9tallis\u00e9<\/p>\n<\/li>\n<li data-start=\"1553\" data-end=\"1594\">\n<p data-start=\"1555\" data-end=\"1594\">Surface r\u00e9sistante aux UV et anti-rayures<\/p>\n<\/li>\n<li data-start=\"1595\" data-end=\"1665\">\n<p data-start=\"1597\" data-end=\"1665\">Adh\u00e9sion longue dur\u00e9e adapt\u00e9e aux applications int\u00e9rieures et ext\u00e9rieures<\/p>\n<\/li>\n<li data-start=\"1666\" data-end=\"1720\">\n<p data-start=\"1668\" data-end=\"1720\">Maintient une clart\u00e9 visuelle tout en r\u00e9duisant la chaleur solaire<\/p>\n<\/li>\n<\/ul>\n<h2 data-start=\"1722\" data-end=\"1753\">Installation &amp; Personnalisation<\/h2>\n<ul data-start=\"1755\" data-end=\"2001\">\n<li data-start=\"1755\" data-end=\"1799\">\n<p data-start=\"1757\" data-end=\"1799\">Design auto-adh\u00e9sif facile \u00e0 d\u00e9coller et appliquer<\/p>\n<\/li>\n<li data-start=\"1800\" data-end=\"1871\">\n<p data-start=\"1802\" data-end=\"1871\">Compatible avec les fen\u00eatres domestiques, vitrines commerciales, b\u00e2timents commerciaux<\/p>\n<\/li>\n<li data-start=\"1872\" data-end=\"1927\">\n<p data-start=\"1874\" data-end=\"1927\">Prend en charge les largeurs et longueurs de rouleaux personnalis\u00e9s OEM\/ODM<\/p>\n<\/li>\n<li data-start=\"1928\" data-end=\"2001\">\n<p data-start=\"1930\" data-end=\"2001\">Approvisionnement en gros direct d'usine disponible pour distributeurs et entrepreneurs<\/p>\n<\/li>\n<\/ul>\n<h2 data-start=\"2003\" data-end=\"2018\">Applications<\/h2>\n<ul data-start=\"2020\" data-end=\"2222\">\n<li data-start=\"2020\" data-end=\"2049\">\n<p data-start=\"2022\" data-end=\"2049\">Fen\u00eatres de maisons r\u00e9sidentielles<\/p>\n<\/li>\n<li data-start=\"2050\" data-end=\"2096\">\n<p data-start=\"2052\" data-end=\"2096\">Fen\u00eatres de b\u00e2timents de bureaux et cloisons en verre<\/p>\n<\/li>\n<li data-start=\"2097\" data-end=\"2120\">\n<p data-start=\"2099\" data-end=\"2120\">Fa\u00e7ades en verre \u00e0 panneaux<\/p>\n<\/li>\n<li data-start=\"2121\" data-end=\"2147\">\n<p data-start=\"2123\" data-end=\"2147\">Verandas et balcons ensoleill\u00e9s<\/p>\n<\/li>\n<li data-start=\"2148\" data-end=\"2173\">\n<p data-start=\"2150\" data-end=\"2173\">Vitrines commerciales<\/p>\n<\/li>\n<li data-start=\"2174\" data-end=\"2222\">\n<p data-start=\"2176\" data-end=\"2222\">Verre int\u00e9rieur n\u00e9cessitant une r\u00e9flexion d\u00e9corative<\/p>\n<\/li>\n<\/ul>\n<h2 data-start=\"2224\" data-end=\"2241\">Principaux avantages<\/h2>\n<ul data-start=\"2243\" data-end=\"2495\">\n<li data-start=\"2243\" data-end=\"2299\">\n<p data-start=\"2245\" data-end=\"2299\">Performance fiable de contr\u00f4le solaire et d'\u00e9conomie d'\u00e9nergie<\/p>\n<\/li>\n<li data-start=\"2300\" data-end=\"2354\">\n<p data-start=\"2302\" data-end=\"2354\">Am\u00e9liore la confidentialit\u00e9 sans sacrifier la lumi\u00e8re naturelle<\/p>\n<\/li>\n<li data-start=\"2355\" data-end=\"2416\">\n<p data-start=\"2357\" data-end=\"2416\">Id\u00e9al pour les projets d'ing\u00e9nierie en gros et les packages pour revendeurs<\/p>\n<\/li>\n<li data-start=\"2417\" data-end=\"2495\">\n<p data-start=\"2419\" data-end=\"2495\">Qualit\u00e9 premium <strong data-start=\"2433\" data-end=\"2466\">Teinture miroir pour fen\u00eatres de maison<\/strong> directement du fabricant<\/p>\n<\/li>\n<\/ul>\n<h2 data-start=\"2497\" data-end=\"2516\">Contenu du paquet<\/h2>\n<ul data-start=\"2518\" data-end=\"2655\">\n<li data-start=\"2518\" data-end=\"2565\">\n<p data-start=\"2520\" data-end=\"2565\">1 rouleau de film r\u00e9fl\u00e9chissant m\u00e9tallique miroir de 2 mil<\/p>\n<\/li>\n<li data-start=\"2566\" data-end=\"2655\">\n<p data-start=\"2568\" data-end=\"2655\">Outils d'installation optionnels (raclette, lame, vaporisateur) disponibles pour les commandes en gros<\/p>\n<\/li>\n<\/ul>\n<h2 data-start=\"2657\" data-end=\"2684\">Pourquoi choisir ce produit ?<\/h2>\n<p data-start=\"2686\" data-end=\"3018\">Ce film de haute qualit\u00e9 <strong data-start=\"2704\" data-end=\"2737\">Teinture miroir pour fen\u00eatres de maison<\/strong> offre une forte r\u00e9flectivit\u00e9, une protection UV et une r\u00e9duction de la chaleur, ce qui en fait un choix pratique pour am\u00e9liorer le confort int\u00e9rieur et la confidentialit\u00e9 des fen\u00eatres. Avec des prix directs d'usine et des sp\u00e9cifications personnalisables, il est id\u00e9al pour les installateurs professionnels et les distributeurs de mat\u00e9riaux de construction.<\/p>\n<p><img fetchpriority=\"high\" decoding=\"async\" class=\"alignnone wp-image-9238 size-full\" src=\"https:\/\/www.carliseppf.com\/wp-content\/uploads\/2025\/10\/21c2474754971abd3a65c3f8ad26a494.png\" alt=\"Teinte miroir pour l&#039;installation de film r\u00e9fl\u00e9chissant sur fen\u00eatres de maison\" width=\"800\" height=\"800\" srcset=\"https:\/\/www.carliseppf.com\/wp-content\/uploads\/2025\/10\/21c2474754971abd3a65c3f8ad26a494.png 800w, https:\/\/www.carliseppf.com\/wp-content\/uploads\/2025\/10\/21c2474754971abd3a65c3f8ad26a494-300x300.png 300w, https:\/\/www.carliseppf.com\/wp-content\/uploads\/2025\/10\/21c2474754971abd3a65c3f8ad26a494-150x150.png 150w, https:\/\/www.carliseppf.com\/wp-content\/uploads\/2025\/10\/21c2474754971abd3a65c3f8ad26a494-768x768.png 768w, https:\/\/www.carliseppf.com\/wp-content\/uploads\/2025\/10\/21c2474754971abd3a65c3f8ad26a494-370x370.png 370w, https:\/\/www.carliseppf.com\/wp-content\/uploads\/2025\/10\/21c2474754971abd3a65c3f8ad26a494-120x120.png 120w, https:\/\/www.carliseppf.com\/wp-content\/uploads\/2025\/10\/21c2474754971abd3a65c3f8ad26a494-410x410.png 410w, https:\/\/www.carliseppf.com\/wp-content\/uploads\/2025\/10\/21c2474754971abd3a65c3f8ad26a494-630x630.png 630w, https:\/\/www.carliseppf.com\/wp-content\/uploads\/2025\/10\/21c2474754971abd3a65c3f8ad26a494-730x730.png 730w, https:\/\/www.carliseppf.com\/wp-content\/uploads\/2025\/10\/21c2474754971abd3a65c3f8ad26a494-460x460.png 460w\" sizes=\"(max-width: 800px) 100vw, 800px\" \/> <img decoding=\"async\" class=\"alignnone wp-image-9240 size-full\" src=\"https:\/\/www.carliseppf.com\/wp-content\/uploads\/2025\/10\/9b3864f3bb428a8f203f9cbce2f171c5.png\" alt=\"Film miroir de 2 mil pour fen\u00eatres de maison vue de pr\u00e8s\" width=\"800\" height=\"800\" srcset=\"https:\/\/www.carliseppf.com\/wp-content\/uploads\/2025\/10\/9b3864f3bb428a8f203f9cbce2f171c5.png 800w, https:\/\/www.carliseppf.com\/wp-content\/uploads\/2025\/10\/9b3864f3bb428a8f203f9cbce2f171c5-300x300.png 300w, https:\/\/www.carliseppf.com\/wp-content\/uploads\/2025\/10\/9b3864f3bb428a8f203f9cbce2f171c5-150x150.png 150w, https:\/\/www.carliseppf.com\/wp-content\/uploads\/2025\/10\/9b3864f3bb428a8f203f9cbce2f171c5-768x768.png 768w, https:\/\/www.carliseppf.com\/wp-content\/uploads\/2025\/10\/9b3864f3bb428a8f203f9cbce2f171c5-370x370.png 370w, https:\/\/www.carliseppf.com\/wp-content\/uploads\/2025\/10\/9b3864f3bb428a8f203f9cbce2f171c5-120x120.png 120w, https:\/\/www.carliseppf.com\/wp-content\/uploads\/2025\/10\/9b3864f3bb428a8f203f9cbce2f171c5-410x410.png 410w, https:\/\/www.carliseppf.com\/wp-content\/uploads\/2025\/10\/9b3864f3bb428a8f203f9cbce2f171c5-630x630.png 630w, https:\/\/www.carliseppf.com\/wp-content\/uploads\/2025\/10\/9b3864f3bb428a8f203f9cbce2f171c5-730x730.png 730w, https:\/\/www.carliseppf.com\/wp-content\/uploads\/2025\/10\/9b3864f3bb428a8f203f9cbce2f171c5-460x460.png 460w\" sizes=\"(max-width: 800px) 100vw, 800px\" \/> <img decoding=\"async\" class=\"alignnone wp-image-9241 size-full\" src=\"https:\/\/www.carliseppf.com\/wp-content\/uploads\/2025\/10\/5721d5f39a690d6b6ccea21ad76a74a8.png\" alt=\"D\u00e9monstration de rejet de chaleur avec teinte miroir pour fen\u00eatres de maison\" width=\"800\" height=\"800\" srcset=\"https:\/\/www.carliseppf.com\/wp-content\/uploads\/2025\/10\/5721d5f39a690d6b6ccea21ad76a74a8.png 800w, https:\/\/www.carliseppf.com\/wp-content\/uploads\/2025\/10\/5721d5f39a690d6b6ccea21ad76a74a8-300x300.png 300w, https:\/\/www.carliseppf.com\/wp-content\/uploads\/2025\/10\/5721d5f39a690d6b6ccea21ad76a74a8-150x150.png 150w, https:\/\/www.carliseppf.com\/wp-content\/uploads\/2025\/10\/5721d5f39a690d6b6ccea21ad76a74a8-768x768.png 768w, https:\/\/www.carliseppf.com\/wp-content\/uploads\/2025\/10\/5721d5f39a690d6b6ccea21ad76a74a8-370x370.png 370w, https:\/\/www.carliseppf.com\/wp-content\/uploads\/2025\/10\/5721d5f39a690d6b6ccea21ad76a74a8-120x120.png 120w, https:\/\/www.carliseppf.com\/wp-content\/uploads\/2025\/10\/5721d5f39a690d6b6ccea21ad76a74a8-410x410.png 410w, https:\/\/www.carliseppf.com\/wp-content\/uploads\/2025\/10\/5721d5f39a690d6b6ccea21ad76a74a8-630x630.png 630w, https:\/\/www.carliseppf.com\/wp-content\/uploads\/2025\/10\/5721d5f39a690d6b6ccea21ad76a74a8-730x730.png 730w, https:\/\/www.carliseppf.com\/wp-content\/uploads\/2025\/10\/5721d5f39a690d6b6ccea21ad76a74a8-460x460.png 460w\" sizes=\"(max-width: 800px) 100vw, 800px\" \/> <img loading=\"lazy\" decoding=\"async\" class=\"alignnone wp-image-9242 size-full\" src=\"https:\/\/www.carliseppf.com\/wp-content\/uploads\/2025\/10\/decb15c6ed8229b31b65ca884eace8d1.png\" alt=\"fen\u00eatre de maison avec film miroir r\u00e9fl\u00e9chissant m\u00e9tallique appliqu\u00e9\" width=\"800\" height=\"800\" srcset=\"https:\/\/www.carliseppf.com\/wp-content\/uploads\/2025\/10\/decb15c6ed8229b31b65ca884eace8d1.png 800w, https:\/\/www.carliseppf.com\/wp-content\/uploads\/2025\/10\/decb15c6ed8229b31b65ca884eace8d1-300x300.png 300w, https:\/\/www.carliseppf.com\/wp-content\/uploads\/2025\/10\/decb15c6ed8229b31b65ca884eace8d1-150x150.png 150w, https:\/\/www.carliseppf.com\/wp-content\/uploads\/2025\/10\/decb15c6ed8229b31b65ca884eace8d1-768x768.png 768w, https:\/\/www.carliseppf.com\/wp-content\/uploads\/2025\/10\/decb15c6ed8229b31b65ca884eace8d1-370x370.png 370w, https:\/\/www.carliseppf.com\/wp-content\/uploads\/2025\/10\/decb15c6ed8229b31b65ca884eace8d1-120x120.png 120w, https:\/\/www.carliseppf.com\/wp-content\/uploads\/2025\/10\/decb15c6ed8229b31b65ca884eace8d1-410x410.png 410w, https:\/\/www.carliseppf.com\/wp-content\/uploads\/2025\/10\/decb15c6ed8229b31b65ca884eace8d1-630x630.png 630w, https:\/\/www.carliseppf.com\/wp-content\/uploads\/2025\/10\/decb15c6ed8229b31b65ca884eace8d1-730x730.png 730w, https:\/\/www.carliseppf.com\/wp-content\/uploads\/2025\/10\/decb15c6ed8229b31b65ca884eace8d1-460x460.png 460w\" sizes=\"(max-width: 800px) 100vw, 800px\" \/> <img loading=\"lazy\" decoding=\"async\" class=\"alignnone wp-image-9245 size-full\" src=\"https:\/\/www.carliseppf.com\/wp-content\/uploads\/2025\/10\/68abf62cde81ee6ee7a8e9142e2f69d2.png\" alt=\"film miroir pour fen\u00eatres de maison effet de confidentialit\u00e9 en journ\u00e9e\" width=\"800\" height=\"800\" srcset=\"https:\/\/www.carliseppf.com\/wp-content\/uploads\/2025\/10\/68abf62cde81ee6ee7a8e9142e2f69d2.png 800w, https:\/\/www.carliseppf.com\/wp-content\/uploads\/2025\/10\/68abf62cde81ee6ee7a8e9142e2f69d2-300x300.png 300w, https:\/\/www.carliseppf.com\/wp-content\/uploads\/2025\/10\/68abf62cde81ee6ee7a8e9142e2f69d2-150x150.png 150w, https:\/\/www.carliseppf.com\/wp-content\/uploads\/2025\/10\/68abf62cde81ee6ee7a8e9142e2f69d2-768x768.png 768w, https:\/\/www.carliseppf.com\/wp-content\/uploads\/2025\/10\/68abf62cde81ee6ee7a8e9142e2f69d2-370x370.png 370w, https:\/\/www.carliseppf.com\/wp-content\/uploads\/2025\/10\/68abf62cde81ee6ee7a8e9142e2f69d2-120x120.png 120w, https:\/\/www.carliseppf.com\/wp-content\/uploads\/2025\/10\/68abf62cde81ee6ee7a8e9142e2f69d2-410x410.png 410w, https:\/\/www.carliseppf.com\/wp-content\/uploads\/2025\/10\/68abf62cde81ee6ee7a8e9142e2f69d2-630x630.png 630w, https:\/\/www.carliseppf.com\/wp-content\/uploads\/2025\/10\/68abf62cde81ee6ee7a8e9142e2f69d2-730x730.png 730w, https:\/\/www.carliseppf.com\/wp-content\/uploads\/2025\/10\/68abf62cde81ee6ee7a8e9142e2f69d2-460x460.png 460w\" sizes=\"(max-width: 800px) 100vw, 800px\" \/><\/p>","protected":false},"excerpt":{"rendered":"<p>Haute performance <strong data-start=\"503\" data-end=\"536\">Teinture miroir pour fen\u00eatres de maison<\/strong> avec rev\u00eatement r\u00e9fl\u00e9chissant m\u00e9tallique de 2 mil. Offre une excellente rejection de la chaleur, protection UV, r\u00e9duction de l\u2019\u00e9blouissement et intimit\u00e9 diurne pour les murs en verre r\u00e9sidentiels et commerciaux. Approvisionnement direct d'usine supportant les commandes en gros et les tailles de rouleaux personnalisables.<\/p>","protected":false},"featured_media":9250,"comment_status":"open","ping_status":"closed","template":"","meta":[],"product_brand":[],"product_cat":[218],"product_tag":[],"class_list":{"0":"post-9249","1":"product","2":"type-product","3":"status-publish","4":"has-post-thumbnail","6":"product_cat-architectural-window-film","8":"first","9":"instock","10":"shipping-taxable","11":"product-type-simple"},"_links":{"self":[{"href":"https:\/\/www.carliseppf.com\/fr\/wp-json\/wp\/v2\/product\/9249","targetHints":{"allow":["GET"]}}],"collection":[{"href":"https:\/\/www.carliseppf.com\/fr\/wp-json\/wp\/v2\/product"}],"about":[{"href":"https:\/\/www.carliseppf.com\/fr\/wp-json\/wp\/v2\/types\/product"}],"replies":[{"embeddable":true,"href":"https:\/\/www.carliseppf.com\/fr\/wp-json\/wp\/v2\/comments?post=9249"}],"wp:featuredmedia":[{"embeddable":true,"href":"https:\/\/www.carliseppf.com\/fr\/wp-json\/wp\/v2\/media\/9250"}],"wp:attachment":[{"href":"https:\/\/www.carliseppf.com\/fr\/wp-json\/wp\/v2\/media?parent=9249"}],"wp:term":[{"taxonomy":"product_brand","embeddable":true,"href":"https:\/\/www.carliseppf.com\/fr\/wp-json\/wp\/v2\/product_brand?post=9249"},{"taxonomy":"product_cat","embeddable":true,"href":"https:\/\/www.carliseppf.com\/fr\/wp-json\/wp\/v2\/product_cat?post=9249"},{"taxonomy":"product_tag","embeddable":true,"href":"https:\/\/www.carliseppf.com\/fr\/wp-json\/wp\/v2\/product_tag?post=9249"}],"curies":[{"name":"wp","href":"https:\/\/api.w.org\/{rel}","templated":true}]}}