{"id":9251,"date":"2025-10-28T03:40:37","date_gmt":"2025-10-28T03:40:37","guid":{"rendered":"https:\/\/www.carliseppf.com\/?post_type=product&#038;p=9251"},"modified":"2025-11-20T12:03:25","modified_gmt":"2025-11-20T12:03:25","slug":"car-ppf-clear-7-5mil-10-year","status":"publish","type":"product","link":"https:\/\/www.carliseppf.com\/fr\/produit\/car-ppf-clear-7-5mil-10-year\/","title":{"rendered":"Garantie de 10 ans Film de protection de la peinture transparente de 7,5 mil pour voiture \u2013 Film de protection de la peinture haut de gamme"},"content":{"rendered":"<h2 data-start=\"708\" data-end=\"729\">Aper\u00e7u du produit<\/h2>\n<p data-start=\"730\" data-end=\"1040\">Ce <strong data-start=\"735\" data-end=\"765\">film transparent haut de gamme de 7,5 mil<\/strong> offre une protection hydrophobe, auto-r\u00e9parante et anti-rayures pour la peinture de votre v\u00e9hicule. Id\u00e9al pour des wraps complets ou partiels sur voitures, motos, capots, miroirs et panneaux d\u00e9coratifs. Approvisionnement direct d'usine supportant les commandes en gros et la personnalisation pour les installateurs professionnels.<\/p>\n<h2 data-start=\"1042\" data-end=\"1066\">Caract\u00e9ristiques &amp; Avantages<\/h2>\n<ul data-start=\"1067\" data-end=\"1375\">\n<li data-start=\"1067\" data-end=\"1131\">\n<p data-start=\"1069\" data-end=\"1131\">Haute qualit\u00e9 <strong data-start=\"1082\" data-end=\"1107\">film de protection de la peinture<\/strong> avec une garantie de 10 ans<\/p>\n<\/li>\n<li data-start=\"1132\" data-end=\"1190\">\n<p data-start=\"1134\" data-end=\"1190\">Propri\u00e9t\u00e9s hydrophobes, auto-r\u00e9parantes et anti-rayures<\/p>\n<\/li>\n<li data-start=\"1191\" data-end=\"1240\">\n<p data-start=\"1193\" data-end=\"1240\">\u00c9paisseur de 7,5 mil pour une durabilit\u00e9 longue dur\u00e9e<\/p>\n<\/li>\n<li data-start=\"1241\" data-end=\"1291\">\n<p data-start=\"1243\" data-end=\"1291\">Flexible et facile \u00e0 appliquer sur les courbes et les bords<\/p>\n<\/li>\n<li data-start=\"1292\" data-end=\"1375\">\n<p data-start=\"1294\" data-end=\"1375\">Convient pour une couverture compl\u00e8te ou partielle du v\u00e9hicule, commandes en gros et projets personnalis\u00e9s<\/p>\n<\/li>\n<\/ul>\n<h2 data-start=\"1377\" data-end=\"1403\">Mat\u00e9riau de haute qualit\u00e9<\/h2>\n<ul data-start=\"1404\" data-end=\"1530\">\n<li data-start=\"1404\" data-end=\"1438\">\n<p data-start=\"1406\" data-end=\"1438\">Vinyle automobile TPU de haute qualit\u00e9<\/p>\n<\/li>\n<li data-start=\"1439\" data-end=\"1470\">\n<p data-start=\"1441\" data-end=\"1470\">R\u00e9sistant aux UV et \u00e0 l'eau<\/p>\n<\/li>\n<li data-start=\"1471\" data-end=\"1493\">\n<p data-start=\"1473\" data-end=\"1493\">S\u00fbr pour la peinture OEM<\/p>\n<\/li>\n<li data-start=\"1494\" data-end=\"1530\">\n<p data-start=\"1496\" data-end=\"1530\">Performance ext\u00e9rieure durable<\/p>\n<\/li>\n<\/ul>\n<h2 data-start=\"1532\" data-end=\"1565\">Installation &amp; Personnalisation<\/h2>\n<ul data-start=\"1566\" data-end=\"1763\">\n<li data-start=\"1566\" data-end=\"1618\">\n<p data-start=\"1568\" data-end=\"1618\">Adh\u00e9sif \u00e0 lib\u00e9ration d'air pour une application sans bulles<\/p>\n<\/li>\n<li data-start=\"1619\" data-end=\"1657\">\n<p data-start=\"1621\" data-end=\"1657\">Formable \u00e0 la chaleur pour les courbes et les bords<\/p>\n<\/li>\n<li data-start=\"1658\" data-end=\"1709\">\n<p data-start=\"1660\" data-end=\"1709\">Rouleaux personnalisables pour les commandes en gros ou en gros<\/p>\n<\/li>\n<li data-start=\"1710\" data-end=\"1763\">\n<p data-start=\"1712\" data-end=\"1763\">Parfait pour les installateurs professionnels et les utilisateurs DIY<\/p>\n<\/li>\n<\/ul>\n<h2 data-start=\"1765\" data-end=\"1782\">Applications<\/h2>\n<ul data-start=\"1783\" data-end=\"1961\">\n<li data-start=\"1783\" data-end=\"1830\">\n<p data-start=\"1785\" data-end=\"1830\">Enveloppements complets de v\u00e9hicules : voitures, SUV, motos<\/p>\n<\/li>\n<li data-start=\"1831\" data-end=\"1881\">\n<p data-start=\"1833\" data-end=\"1881\">Wraps partiels : capots, toits, miroirs, spoilers<\/p>\n<\/li>\n<li data-start=\"1882\" data-end=\"1922\">\n<p data-start=\"1884\" data-end=\"1922\">Jupes int\u00e9rieures et panneaux d\u00e9coratifs<\/p>\n<\/li>\n<li data-start=\"1923\" data-end=\"1961\">\n<p data-start=\"1925\" data-end=\"1961\">Id\u00e9al pour <strong data-start=\"1935\" data-end=\"1950\">film de protection pour v\u00e9hicule<\/strong> projets<\/p>\n<\/li>\n<\/ul>\n<h2 data-start=\"1963\" data-end=\"1982\">Principaux avantages<\/h2>\n<ul data-start=\"1983\" data-end=\"2264\">\n<li data-start=\"1983\" data-end=\"2031\">\n<p data-start=\"1985\" data-end=\"2031\">Approvisionnement direct en usine et personnalisation en gros<\/p>\n<\/li>\n<li data-start=\"2032\" data-end=\"2090\">\n<p data-start=\"2034\" data-end=\"2090\">Protection hydrophobe, auto-r\u00e9paratrice et anti-rayures<\/p>\n<\/li>\n<li data-start=\"2091\" data-end=\"2137\">\n<p data-start=\"2093\" data-end=\"2137\">Qualit\u00e9 de film de protection de niveau professionnel<\/p>\n<\/li>\n<li data-start=\"2138\" data-end=\"2201\">\n<p data-start=\"2140\" data-end=\"2201\">Installation facile pour les utilisateurs DIY et les installateurs professionnels<\/p>\n<\/li>\n<li data-start=\"2202\" data-end=\"2264\">\n<p data-start=\"2204\" data-end=\"2264\">Convient pour les ateliers automobiles, installateurs et passionn\u00e9s<\/p>\n<\/li>\n<\/ul>\n<h2 data-start=\"2266\" data-end=\"2287\">Contenu du paquet<\/h2>\n<ul data-start=\"2288\" data-end=\"2397\">\n<li data-start=\"2288\" data-end=\"2328\">\n<p data-start=\"2290\" data-end=\"2328\">1 rouleau de film de protection de la peinture TPU transparent de 7,5 mil<\/p>\n<\/li>\n<li data-start=\"2329\" data-end=\"2397\">\n<p data-start=\"2331\" data-end=\"2397\">Kit d'installation optionnel : raclette, cutter, chiffon en microfibre<\/p>\n<\/li>\n<\/ul>\n<h2 data-start=\"2399\" data-end=\"2428\">Pourquoi choisir ce produit ?<\/h2>\n<p data-start=\"2429\" data-end=\"2647\">Ce produit directement de l'usine <strong data-start=\"2449\" data-end=\"2474\">film de protection de la peinture<\/strong> offre une durabilit\u00e9 de niveau professionnel avec une garantie de 10 ans. Enti\u00e8rement personnalisable pour commandes en gros ou individuelles, id\u00e9al pour les installateurs, grossistes et passionn\u00e9s d'automobile.<\/p>\n<h2 data-start=\"738\" data-end=\"759\"><img fetchpriority=\"high\" decoding=\"async\" class=\"alignnone wp-image-9255 size-full\" style=\"color: #c0c0c1; font-size: 17px; font-weight: 400;\" src=\"https:\/\/www.carliseppf.com\/wp-content\/uploads\/2025\/10\/25c7ff18d03fce79381c95f5f50cfe95.png\" alt=\"film de protection de la peinture pour voiture\" width=\"800\" height=\"800\" srcset=\"https:\/\/www.carliseppf.com\/wp-content\/uploads\/2025\/10\/25c7ff18d03fce79381c95f5f50cfe95.png 800w, https:\/\/www.carliseppf.com\/wp-content\/uploads\/2025\/10\/25c7ff18d03fce79381c95f5f50cfe95-300x300.png 300w, https:\/\/www.carliseppf.com\/wp-content\/uploads\/2025\/10\/25c7ff18d03fce79381c95f5f50cfe95-150x150.png 150w, https:\/\/www.carliseppf.com\/wp-content\/uploads\/2025\/10\/25c7ff18d03fce79381c95f5f50cfe95-768x768.png 768w, https:\/\/www.carliseppf.com\/wp-content\/uploads\/2025\/10\/25c7ff18d03fce79381c95f5f50cfe95-370x370.png 370w, https:\/\/www.carliseppf.com\/wp-content\/uploads\/2025\/10\/25c7ff18d03fce79381c95f5f50cfe95-120x120.png 120w, https:\/\/www.carliseppf.com\/wp-content\/uploads\/2025\/10\/25c7ff18d03fce79381c95f5f50cfe95-410x410.png 410w, https:\/\/www.carliseppf.com\/wp-content\/uploads\/2025\/10\/25c7ff18d03fce79381c95f5f50cfe95-630x630.png 630w, https:\/\/www.carliseppf.com\/wp-content\/uploads\/2025\/10\/25c7ff18d03fce79381c95f5f50cfe95-730x730.png 730w, https:\/\/www.carliseppf.com\/wp-content\/uploads\/2025\/10\/25c7ff18d03fce79381c95f5f50cfe95-460x460.png 460w\" sizes=\"(max-width: 800px) 100vw, 800px\" \/> <img decoding=\"async\" class=\"alignnone wp-image-9253 size-full\" style=\"color: #c0c0c1; font-size: 17px; font-weight: 400;\" src=\"https:\/\/www.carliseppf.com\/wp-content\/uploads\/2025\/10\/3a997d47de1f32ea3c0c6af268b88a03.png\" alt=\"Film de protection de la peinture pour voiture \u2013 Film TPU transparent de 7,5 mil pour wrap complet de voiture\" width=\"800\" height=\"800\" srcset=\"https:\/\/www.carliseppf.com\/wp-content\/uploads\/2025\/10\/3a997d47de1f32ea3c0c6af268b88a03.png 800w, https:\/\/www.carliseppf.com\/wp-content\/uploads\/2025\/10\/3a997d47de1f32ea3c0c6af268b88a03-300x300.png 300w, https:\/\/www.carliseppf.com\/wp-content\/uploads\/2025\/10\/3a997d47de1f32ea3c0c6af268b88a03-150x150.png 150w, https:\/\/www.carliseppf.com\/wp-content\/uploads\/2025\/10\/3a997d47de1f32ea3c0c6af268b88a03-768x768.png 768w, https:\/\/www.carliseppf.com\/wp-content\/uploads\/2025\/10\/3a997d47de1f32ea3c0c6af268b88a03-370x370.png 370w, https:\/\/www.carliseppf.com\/wp-content\/uploads\/2025\/10\/3a997d47de1f32ea3c0c6af268b88a03-120x120.png 120w, https:\/\/www.carliseppf.com\/wp-content\/uploads\/2025\/10\/3a997d47de1f32ea3c0c6af268b88a03-410x410.png 410w, https:\/\/www.carliseppf.com\/wp-content\/uploads\/2025\/10\/3a997d47de1f32ea3c0c6af268b88a03-630x630.png 630w, https:\/\/www.carliseppf.com\/wp-content\/uploads\/2025\/10\/3a997d47de1f32ea3c0c6af268b88a03-730x730.png 730w, https:\/\/www.carliseppf.com\/wp-content\/uploads\/2025\/10\/3a997d47de1f32ea3c0c6af268b88a03-460x460.png 460w\" sizes=\"(max-width: 800px) 100vw, 800px\" \/> <img decoding=\"async\" class=\"alignnone wp-image-9257 size-full\" style=\"color: #c0c0c1; font-size: 17px; font-weight: 400;\" src=\"https:\/\/www.carliseppf.com\/wp-content\/uploads\/2025\/10\/2672cc8791b66ee7f2c8b62c55ce68f7.png\" alt=\"Film de protection de la peinture haute brillance pour voiture \u2013 Film auto-r\u00e9parant hydrophobe\" width=\"800\" height=\"800\" srcset=\"https:\/\/www.carliseppf.com\/wp-content\/uploads\/2025\/10\/2672cc8791b66ee7f2c8b62c55ce68f7.png 800w, https:\/\/www.carliseppf.com\/wp-content\/uploads\/2025\/10\/2672cc8791b66ee7f2c8b62c55ce68f7-300x300.png 300w, https:\/\/www.carliseppf.com\/wp-content\/uploads\/2025\/10\/2672cc8791b66ee7f2c8b62c55ce68f7-150x150.png 150w, https:\/\/www.carliseppf.com\/wp-content\/uploads\/2025\/10\/2672cc8791b66ee7f2c8b62c55ce68f7-768x768.png 768w, https:\/\/www.carliseppf.com\/wp-content\/uploads\/2025\/10\/2672cc8791b66ee7f2c8b62c55ce68f7-370x370.png 370w, https:\/\/www.carliseppf.com\/wp-content\/uploads\/2025\/10\/2672cc8791b66ee7f2c8b62c55ce68f7-120x120.png 120w, https:\/\/www.carliseppf.com\/wp-content\/uploads\/2025\/10\/2672cc8791b66ee7f2c8b62c55ce68f7-410x410.png 410w, https:\/\/www.carliseppf.com\/wp-content\/uploads\/2025\/10\/2672cc8791b66ee7f2c8b62c55ce68f7-630x630.png 630w, https:\/\/www.carliseppf.com\/wp-content\/uploads\/2025\/10\/2672cc8791b66ee7f2c8b62c55ce68f7-730x730.png 730w, https:\/\/www.carliseppf.com\/wp-content\/uploads\/2025\/10\/2672cc8791b66ee7f2c8b62c55ce68f7-460x460.png 460w\" sizes=\"(max-width: 800px) 100vw, 800px\" \/> <img loading=\"lazy\" decoding=\"async\" class=\"alignnone wp-image-9258 size-full\" style=\"color: #c0c0c1; font-size: 17px; font-weight: 400;\" src=\"https:\/\/www.carliseppf.com\/wp-content\/uploads\/2025\/10\/864618d976298df0cf3cabf0e6edd00d.png\" alt=\"Film de protection de la peinture haut de gamme pour voiture \u2013 Film transparent de protection de la peinture pour voitures et motos\" width=\"800\" height=\"800\" srcset=\"https:\/\/www.carliseppf.com\/wp-content\/uploads\/2025\/10\/864618d976298df0cf3cabf0e6edd00d.png 800w, https:\/\/www.carliseppf.com\/wp-content\/uploads\/2025\/10\/864618d976298df0cf3cabf0e6edd00d-300x300.png 300w, https:\/\/www.carliseppf.com\/wp-content\/uploads\/2025\/10\/864618d976298df0cf3cabf0e6edd00d-150x150.png 150w, https:\/\/www.carliseppf.com\/wp-content\/uploads\/2025\/10\/864618d976298df0cf3cabf0e6edd00d-768x768.png 768w, https:\/\/www.carliseppf.com\/wp-content\/uploads\/2025\/10\/864618d976298df0cf3cabf0e6edd00d-370x370.png 370w, https:\/\/www.carliseppf.com\/wp-content\/uploads\/2025\/10\/864618d976298df0cf3cabf0e6edd00d-120x120.png 120w, https:\/\/www.carliseppf.com\/wp-content\/uploads\/2025\/10\/864618d976298df0cf3cabf0e6edd00d-410x410.png 410w, https:\/\/www.carliseppf.com\/wp-content\/uploads\/2025\/10\/864618d976298df0cf3cabf0e6edd00d-630x630.png 630w, https:\/\/www.carliseppf.com\/wp-content\/uploads\/2025\/10\/864618d976298df0cf3cabf0e6edd00d-730x730.png 730w, https:\/\/www.carliseppf.com\/wp-content\/uploads\/2025\/10\/864618d976298df0cf3cabf0e6edd00d-460x460.png 460w\" sizes=\"(max-width: 800px) 100vw, 800px\" \/> <img loading=\"lazy\" decoding=\"async\" class=\"alignnone wp-image-9254 size-full\" style=\"color: #c0c0c1; font-size: 17px; font-weight: 400;\" src=\"https:\/\/www.carliseppf.com\/wp-content\/uploads\/2025\/10\/5b6b94d510df62466bd694977cc0df89.png\" alt=\"Film de protection de la peinture direct d&#039;usine pour voiture \u2013 Film TPU de 7,5 mil pour couverture compl\u00e8te du v\u00e9hicule\" width=\"800\" height=\"491\" srcset=\"https:\/\/www.carliseppf.com\/wp-content\/uploads\/2025\/10\/5b6b94d510df62466bd694977cc0df89.png 800w, https:\/\/www.carliseppf.com\/wp-content\/uploads\/2025\/10\/5b6b94d510df62466bd694977cc0df89-300x184.png 300w, https:\/\/www.carliseppf.com\/wp-content\/uploads\/2025\/10\/5b6b94d510df62466bd694977cc0df89-768x471.png 768w, https:\/\/www.carliseppf.com\/wp-content\/uploads\/2025\/10\/5b6b94d510df62466bd694977cc0df89-370x227.png 370w, https:\/\/www.carliseppf.com\/wp-content\/uploads\/2025\/10\/5b6b94d510df62466bd694977cc0df89-410x252.png 410w, https:\/\/www.carliseppf.com\/wp-content\/uploads\/2025\/10\/5b6b94d510df62466bd694977cc0df89-730x448.png 730w\" sizes=\"(max-width: 800px) 100vw, 800px\" \/> <img loading=\"lazy\" decoding=\"async\" class=\"alignnone wp-image-9256 size-full\" style=\"color: #c0c0c1; font-size: 17px; font-weight: 400;\" src=\"https:\/\/www.carliseppf.com\/wp-content\/uploads\/2025\/10\/567c3cfba8d37c87cd094403c3bf00b5.png\" alt=\"Film de protection de la peinture professionnel pour voiture \u2013 Film transparent facile \u00e0 installer\" width=\"800\" height=\"465\" srcset=\"https:\/\/www.carliseppf.com\/wp-content\/uploads\/2025\/10\/567c3cfba8d37c87cd094403c3bf00b5.png 800w, https:\/\/www.carliseppf.com\/wp-content\/uploads\/2025\/10\/567c3cfba8d37c87cd094403c3bf00b5-300x174.png 300w, https:\/\/www.carliseppf.com\/wp-content\/uploads\/2025\/10\/567c3cfba8d37c87cd094403c3bf00b5-768x446.png 768w, https:\/\/www.carliseppf.com\/wp-content\/uploads\/2025\/10\/567c3cfba8d37c87cd094403c3bf00b5-370x215.png 370w, https:\/\/www.carliseppf.com\/wp-content\/uploads\/2025\/10\/567c3cfba8d37c87cd094403c3bf00b5-410x238.png 410w, https:\/\/www.carliseppf.com\/wp-content\/uploads\/2025\/10\/567c3cfba8d37c87cd094403c3bf00b5-730x424.png 730w\" sizes=\"(max-width: 800px) 100vw, 800px\" \/><\/h2>","protected":false},"excerpt":{"rendered":"<p>Prot\u00e9gez votre v\u00e9hicule avec ceci <strong data-start=\"439\" data-end=\"450\">film de protection de la peinture pour voiture<\/strong> \u2013 Film de protection de la peinture transparent de 7,5 mil avec garantie de 10 ans. Caract\u00e9ristiques hydrophobes, auto-r\u00e9parantes et anti-rayures garantissent une durabilit\u00e9 longue dur\u00e9e. Approvisionnement direct d'usine supportant les commandes en gros et la personnalisation, parfait pour les professionnels de l'automobile et les passionn\u00e9s de voitures.<\/p>","protected":false},"featured_media":9252,"comment_status":"open","ping_status":"closed","template":"","meta":[],"product_brand":[],"product_cat":[215],"product_tag":[],"class_list":{"0":"post-9251","1":"product","2":"type-product","3":"status-publish","4":"has-post-thumbnail","6":"product_cat-paint-protection-film-ppf","8":"first","9":"instock","10":"shipping-taxable","11":"product-type-simple"},"_links":{"self":[{"href":"https:\/\/www.carliseppf.com\/fr\/wp-json\/wp\/v2\/product\/9251","targetHints":{"allow":["GET"]}}],"collection":[{"href":"https:\/\/www.carliseppf.com\/fr\/wp-json\/wp\/v2\/product"}],"about":[{"href":"https:\/\/www.carliseppf.com\/fr\/wp-json\/wp\/v2\/types\/product"}],"replies":[{"embeddable":true,"href":"https:\/\/www.carliseppf.com\/fr\/wp-json\/wp\/v2\/comments?post=9251"}],"wp:featuredmedia":[{"embeddable":true,"href":"https:\/\/www.carliseppf.com\/fr\/wp-json\/wp\/v2\/media\/9252"}],"wp:attachment":[{"href":"https:\/\/www.carliseppf.com\/fr\/wp-json\/wp\/v2\/media?parent=9251"}],"wp:term":[{"taxonomy":"product_brand","embeddable":true,"href":"https:\/\/www.carliseppf.com\/fr\/wp-json\/wp\/v2\/product_brand?post=9251"},{"taxonomy":"product_cat","embeddable":true,"href":"https:\/\/www.carliseppf.com\/fr\/wp-json\/wp\/v2\/product_cat?post=9251"},{"taxonomy":"product_tag","embeddable":true,"href":"https:\/\/www.carliseppf.com\/fr\/wp-json\/wp\/v2\/product_tag?post=9251"}],"curies":[{"name":"wp","href":"https:\/\/api.w.org\/{rel}","templated":true}]}}