{"id":9259,"date":"2025-10-28T03:41:51","date_gmt":"2025-10-28T03:41:51","guid":{"rendered":"https:\/\/www.carliseppf.com\/?post_type=product&#038;p=9259"},"modified":"2025-11-20T11:55:28","modified_gmt":"2025-11-20T11:55:28","slug":"ppf-film-clear-7-5mil-10-year","status":"publish","type":"product","link":"https:\/\/www.carliseppf.com\/fr\/produit\/ppf-film-clear-7-5mil-10-year\/","title":{"rendered":"Film PPF transparent avec garantie de 10 ans \u2013 Film TPU de 7,5 mil de qualit\u00e9 sup\u00e9rieure"},"content":{"rendered":"<h2 data-start=\"798\" data-end=\"819\">Aper\u00e7u du produit<\/h2>\n<p data-start=\"820\" data-end=\"1187\">Ce <strong data-start=\"825\" data-end=\"837\">film PPF<\/strong> est fabriqu\u00e9 \u00e0 partir de mat\u00e9riau TPU premium de 7,5 mil avec la qualit\u00e9 de Lubrizol (France) et la colle Yashlan, offrant une clart\u00e9 brillante, une auto-r\u00e9paration et une protection anti-rayures. Parfait pour des enveloppements complets ou partiels sur voitures, motos, capots, miroirs et panneaux d\u00e9coratifs. L'approvisionnement direct en usine supporte les commandes en gros et la personnalisation de tailles pour les installateurs professionnels.<\/p>\n<h2 data-start=\"1189\" data-end=\"1213\">Caract\u00e9ristiques &amp; Avantages<\/h2>\n<ul data-start=\"1214\" data-end=\"1501\">\n<li data-start=\"1214\" data-end=\"1260\">\n<p data-start=\"1216\" data-end=\"1260\">Premium <strong data-start=\"1224\" data-end=\"1236\">film PPF<\/strong> avec une garantie de 10 ans<\/p>\n<\/li>\n<li data-start=\"1261\" data-end=\"1319\">\n<p data-start=\"1263\" data-end=\"1319\">Technologie hydrophobe, auto-r\u00e9paratrice et anti-rayures<\/p>\n<\/li>\n<li data-start=\"1320\" data-end=\"1369\">\n<p data-start=\"1322\" data-end=\"1369\">\u00c9paisseur de 7,5 mil pour une durabilit\u00e9 longue dur\u00e9e<\/p>\n<\/li>\n<li data-start=\"1370\" data-end=\"1420\">\n<p data-start=\"1372\" data-end=\"1420\">Flexible et facile \u00e0 appliquer sur les courbes et les bords<\/p>\n<\/li>\n<li data-start=\"1421\" data-end=\"1501\">\n<p data-start=\"1423\" data-end=\"1501\">Id\u00e9al pour une couverture compl\u00e8te ou partielle du v\u00e9hicule, commandes en gros et projets personnalis\u00e9s<\/p>\n<\/li>\n<\/ul>\n<h2 data-start=\"1503\" data-end=\"1529\">Mat\u00e9riau de haute qualit\u00e9<\/h2>\n<ul data-start=\"1530\" data-end=\"1656\">\n<li data-start=\"1530\" data-end=\"1564\">\n<p data-start=\"1532\" data-end=\"1564\">Vinyle automobile TPU de haute qualit\u00e9<\/p>\n<\/li>\n<li data-start=\"1565\" data-end=\"1596\">\n<p data-start=\"1567\" data-end=\"1596\">R\u00e9sistant aux UV et \u00e0 l'eau<\/p>\n<\/li>\n<li data-start=\"1597\" data-end=\"1619\">\n<p data-start=\"1599\" data-end=\"1619\">S\u00fbr pour la peinture OEM<\/p>\n<\/li>\n<li data-start=\"1620\" data-end=\"1656\">\n<p data-start=\"1622\" data-end=\"1656\">Performance ext\u00e9rieure durable<\/p>\n<\/li>\n<\/ul>\n<h2 data-start=\"1658\" data-end=\"1691\">Installation &amp; Personnalisation<\/h2>\n<ul data-start=\"1692\" data-end=\"1890\">\n<li data-start=\"1692\" data-end=\"1744\">\n<p data-start=\"1694\" data-end=\"1744\">Adh\u00e9sif \u00e0 lib\u00e9ration d'air pour une application sans bulles<\/p>\n<\/li>\n<li data-start=\"1745\" data-end=\"1783\">\n<p data-start=\"1747\" data-end=\"1783\">Formable \u00e0 la chaleur pour les courbes et les bords<\/p>\n<\/li>\n<li data-start=\"1784\" data-end=\"1835\">\n<p data-start=\"1786\" data-end=\"1835\">Rouleaux personnalisables pour les commandes en gros ou en gros<\/p>\n<\/li>\n<li data-start=\"1836\" data-end=\"1890\">\n<p data-start=\"1838\" data-end=\"1890\">Convient aux installateurs professionnels et aux utilisateurs DIY<\/p>\n<\/li>\n<\/ul>\n<h2 data-start=\"1892\" data-end=\"1909\">Applications<\/h2>\n<ul data-start=\"1910\" data-end=\"2087\">\n<li data-start=\"1910\" data-end=\"1957\">\n<p data-start=\"1912\" data-end=\"1957\">Enveloppements complets de v\u00e9hicules : voitures, SUV, motos<\/p>\n<\/li>\n<li data-start=\"1958\" data-end=\"2008\">\n<p data-start=\"1960\" data-end=\"2008\">Wraps partiels : capots, toits, miroirs, spoilers<\/p>\n<\/li>\n<li data-start=\"2009\" data-end=\"2049\">\n<p data-start=\"2011\" data-end=\"2049\">Jupes int\u00e9rieures et panneaux d\u00e9coratifs<\/p>\n<\/li>\n<li data-start=\"2050\" data-end=\"2087\">\n<p data-start=\"2052\" data-end=\"2087\">Parfait pour <strong data-start=\"2064\" data-end=\"2076\">film PPF<\/strong> projets<\/p>\n<\/li>\n<\/ul>\n<h2 data-start=\"2089\" data-end=\"2108\">Principaux avantages<\/h2>\n<ul data-start=\"2109\" data-end=\"2384\">\n<li data-start=\"2109\" data-end=\"2157\">\n<p data-start=\"2111\" data-end=\"2157\">Approvisionnement direct en usine et personnalisation en gros<\/p>\n<\/li>\n<li data-start=\"2158\" data-end=\"2216\">\n<p data-start=\"2160\" data-end=\"2216\">Protection hydrophobe, auto-r\u00e9paratrice et anti-rayures<\/p>\n<\/li>\n<li data-start=\"2217\" data-end=\"2260\">\n<p data-start=\"2219\" data-end=\"2260\">De qualit\u00e9 professionnelle <strong data-start=\"2238\" data-end=\"2250\">film PPF<\/strong> qualit\u00e9<\/p>\n<\/li>\n<li data-start=\"2261\" data-end=\"2324\">\n<p data-start=\"2263\" data-end=\"2324\">Installation facile pour les utilisateurs DIY et les installateurs professionnels<\/p>\n<\/li>\n<li data-start=\"2325\" data-end=\"2384\">\n<p data-start=\"2327\" data-end=\"2384\">Id\u00e9al pour les ateliers automobiles, les installateurs et les passionn\u00e9s<\/p>\n<\/li>\n<\/ul>\n<h2 data-start=\"2386\" data-end=\"2407\">Contenu du paquet<\/h2>\n<ul data-start=\"2408\" data-end=\"2517\">\n<li data-start=\"2408\" data-end=\"2448\">\n<p data-start=\"2410\" data-end=\"2448\">1 rouleau de film de protection de la peinture TPU transparent de 7,5 mil<\/p>\n<\/li>\n<li data-start=\"2449\" data-end=\"2517\">\n<p data-start=\"2451\" data-end=\"2517\">Kit d'installation optionnel : raclette, cutter, chiffon en microfibre<\/p>\n<\/li>\n<\/ul>\n<h2 data-start=\"2519\" data-end=\"2548\">Pourquoi choisir ce produit ?<\/h2>\n<p data-start=\"2549\" data-end=\"2793\">Ce <strong data-start=\"2554\" data-end=\"2566\">film PPF<\/strong> offre une protection de peinture de qualit\u00e9 professionnelle avec une durabilit\u00e9 de 10 ans, la qualit\u00e9 de Lubrizol (France) et de l'adh\u00e9sif Yashlan. Enti\u00e8rement personnalisable pour les commandes en gros ou individuelles, id\u00e9al pour les installateurs, grossistes et passionn\u00e9s d'automobiles.<\/p>\n<p><img fetchpriority=\"high\" decoding=\"async\" class=\"alignnone wp-image-9255 size-full\" src=\"https:\/\/www.carliseppf.com\/wp-content\/uploads\/2025\/10\/25c7ff18d03fce79381c95f5f50cfe95.png\" alt=\"film PPF\" width=\"800\" height=\"800\" srcset=\"https:\/\/www.carliseppf.com\/wp-content\/uploads\/2025\/10\/25c7ff18d03fce79381c95f5f50cfe95.png 800w, https:\/\/www.carliseppf.com\/wp-content\/uploads\/2025\/10\/25c7ff18d03fce79381c95f5f50cfe95-300x300.png 300w, https:\/\/www.carliseppf.com\/wp-content\/uploads\/2025\/10\/25c7ff18d03fce79381c95f5f50cfe95-150x150.png 150w, https:\/\/www.carliseppf.com\/wp-content\/uploads\/2025\/10\/25c7ff18d03fce79381c95f5f50cfe95-768x768.png 768w, https:\/\/www.carliseppf.com\/wp-content\/uploads\/2025\/10\/25c7ff18d03fce79381c95f5f50cfe95-370x370.png 370w, https:\/\/www.carliseppf.com\/wp-content\/uploads\/2025\/10\/25c7ff18d03fce79381c95f5f50cfe95-120x120.png 120w, https:\/\/www.carliseppf.com\/wp-content\/uploads\/2025\/10\/25c7ff18d03fce79381c95f5f50cfe95-410x410.png 410w, https:\/\/www.carliseppf.com\/wp-content\/uploads\/2025\/10\/25c7ff18d03fce79381c95f5f50cfe95-630x630.png 630w, https:\/\/www.carliseppf.com\/wp-content\/uploads\/2025\/10\/25c7ff18d03fce79381c95f5f50cfe95-730x730.png 730w, https:\/\/www.carliseppf.com\/wp-content\/uploads\/2025\/10\/25c7ff18d03fce79381c95f5f50cfe95-460x460.png 460w\" sizes=\"(max-width: 800px) 100vw, 800px\" \/> <img decoding=\"async\" class=\"alignnone wp-image-9253 size-full\" src=\"https:\/\/www.carliseppf.com\/wp-content\/uploads\/2025\/10\/3a997d47de1f32ea3c0c6af268b88a03.png\" alt=\"Film PPF \u2013 Film de protection de la peinture TPU transparent de 7,5 mil pour enveloppement complet de voiture\" width=\"800\" height=\"800\" srcset=\"https:\/\/www.carliseppf.com\/wp-content\/uploads\/2025\/10\/3a997d47de1f32ea3c0c6af268b88a03.png 800w, https:\/\/www.carliseppf.com\/wp-content\/uploads\/2025\/10\/3a997d47de1f32ea3c0c6af268b88a03-300x300.png 300w, https:\/\/www.carliseppf.com\/wp-content\/uploads\/2025\/10\/3a997d47de1f32ea3c0c6af268b88a03-150x150.png 150w, https:\/\/www.carliseppf.com\/wp-content\/uploads\/2025\/10\/3a997d47de1f32ea3c0c6af268b88a03-768x768.png 768w, https:\/\/www.carliseppf.com\/wp-content\/uploads\/2025\/10\/3a997d47de1f32ea3c0c6af268b88a03-370x370.png 370w, https:\/\/www.carliseppf.com\/wp-content\/uploads\/2025\/10\/3a997d47de1f32ea3c0c6af268b88a03-120x120.png 120w, https:\/\/www.carliseppf.com\/wp-content\/uploads\/2025\/10\/3a997d47de1f32ea3c0c6af268b88a03-410x410.png 410w, https:\/\/www.carliseppf.com\/wp-content\/uploads\/2025\/10\/3a997d47de1f32ea3c0c6af268b88a03-630x630.png 630w, https:\/\/www.carliseppf.com\/wp-content\/uploads\/2025\/10\/3a997d47de1f32ea3c0c6af268b88a03-730x730.png 730w, https:\/\/www.carliseppf.com\/wp-content\/uploads\/2025\/10\/3a997d47de1f32ea3c0c6af268b88a03-460x460.png 460w\" sizes=\"(max-width: 800px) 100vw, 800px\" \/> <img decoding=\"async\" class=\"alignnone wp-image-9257 size-full\" src=\"https:\/\/www.carliseppf.com\/wp-content\/uploads\/2025\/10\/2672cc8791b66ee7f2c8b62c55ce68f7.png\" alt=\"Film PPF \u2013 Film de protection de voiture hydrophobe auto-r\u00e9parant anti-rayures\" width=\"800\" height=\"800\" srcset=\"https:\/\/www.carliseppf.com\/wp-content\/uploads\/2025\/10\/2672cc8791b66ee7f2c8b62c55ce68f7.png 800w, https:\/\/www.carliseppf.com\/wp-content\/uploads\/2025\/10\/2672cc8791b66ee7f2c8b62c55ce68f7-300x300.png 300w, https:\/\/www.carliseppf.com\/wp-content\/uploads\/2025\/10\/2672cc8791b66ee7f2c8b62c55ce68f7-150x150.png 150w, https:\/\/www.carliseppf.com\/wp-content\/uploads\/2025\/10\/2672cc8791b66ee7f2c8b62c55ce68f7-768x768.png 768w, https:\/\/www.carliseppf.com\/wp-content\/uploads\/2025\/10\/2672cc8791b66ee7f2c8b62c55ce68f7-370x370.png 370w, https:\/\/www.carliseppf.com\/wp-content\/uploads\/2025\/10\/2672cc8791b66ee7f2c8b62c55ce68f7-120x120.png 120w, https:\/\/www.carliseppf.com\/wp-content\/uploads\/2025\/10\/2672cc8791b66ee7f2c8b62c55ce68f7-410x410.png 410w, https:\/\/www.carliseppf.com\/wp-content\/uploads\/2025\/10\/2672cc8791b66ee7f2c8b62c55ce68f7-630x630.png 630w, https:\/\/www.carliseppf.com\/wp-content\/uploads\/2025\/10\/2672cc8791b66ee7f2c8b62c55ce68f7-730x730.png 730w, https:\/\/www.carliseppf.com\/wp-content\/uploads\/2025\/10\/2672cc8791b66ee7f2c8b62c55ce68f7-460x460.png 460w\" sizes=\"(max-width: 800px) 100vw, 800px\" \/> <img loading=\"lazy\" decoding=\"async\" class=\"alignnone wp-image-9258 size-full\" src=\"https:\/\/www.carliseppf.com\/wp-content\/uploads\/2025\/10\/864618d976298df0cf3cabf0e6edd00d.png\" alt=\"Film PPF \u2013 Protection de peinture transparente de haute qualit\u00e9 de 7,5 mil pour v\u00e9hicules\" width=\"800\" height=\"800\" srcset=\"https:\/\/www.carliseppf.com\/wp-content\/uploads\/2025\/10\/864618d976298df0cf3cabf0e6edd00d.png 800w, https:\/\/www.carliseppf.com\/wp-content\/uploads\/2025\/10\/864618d976298df0cf3cabf0e6edd00d-300x300.png 300w, https:\/\/www.carliseppf.com\/wp-content\/uploads\/2025\/10\/864618d976298df0cf3cabf0e6edd00d-150x150.png 150w, https:\/\/www.carliseppf.com\/wp-content\/uploads\/2025\/10\/864618d976298df0cf3cabf0e6edd00d-768x768.png 768w, https:\/\/www.carliseppf.com\/wp-content\/uploads\/2025\/10\/864618d976298df0cf3cabf0e6edd00d-370x370.png 370w, https:\/\/www.carliseppf.com\/wp-content\/uploads\/2025\/10\/864618d976298df0cf3cabf0e6edd00d-120x120.png 120w, https:\/\/www.carliseppf.com\/wp-content\/uploads\/2025\/10\/864618d976298df0cf3cabf0e6edd00d-410x410.png 410w, https:\/\/www.carliseppf.com\/wp-content\/uploads\/2025\/10\/864618d976298df0cf3cabf0e6edd00d-630x630.png 630w, https:\/\/www.carliseppf.com\/wp-content\/uploads\/2025\/10\/864618d976298df0cf3cabf0e6edd00d-730x730.png 730w, https:\/\/www.carliseppf.com\/wp-content\/uploads\/2025\/10\/864618d976298df0cf3cabf0e6edd00d-460x460.png 460w\" sizes=\"(max-width: 800px) 100vw, 800px\" \/> <img loading=\"lazy\" decoding=\"async\" class=\"alignnone wp-image-9254 size-full\" src=\"https:\/\/www.carliseppf.com\/wp-content\/uploads\/2025\/10\/5b6b94d510df62466bd694977cc0df89.png\" alt=\"Film PPF \u2013 Enveloppement complet du v\u00e9hicule avec un TPU brillant de haute qualit\u00e9\" width=\"800\" height=\"491\" srcset=\"https:\/\/www.carliseppf.com\/wp-content\/uploads\/2025\/10\/5b6b94d510df62466bd694977cc0df89.png 800w, https:\/\/www.carliseppf.com\/wp-content\/uploads\/2025\/10\/5b6b94d510df62466bd694977cc0df89-300x184.png 300w, https:\/\/www.carliseppf.com\/wp-content\/uploads\/2025\/10\/5b6b94d510df62466bd694977cc0df89-768x471.png 768w, https:\/\/www.carliseppf.com\/wp-content\/uploads\/2025\/10\/5b6b94d510df62466bd694977cc0df89-370x227.png 370w, https:\/\/www.carliseppf.com\/wp-content\/uploads\/2025\/10\/5b6b94d510df62466bd694977cc0df89-410x252.png 410w, https:\/\/www.carliseppf.com\/wp-content\/uploads\/2025\/10\/5b6b94d510df62466bd694977cc0df89-730x448.png 730w\" sizes=\"(max-width: 800px) 100vw, 800px\" \/> <img loading=\"lazy\" decoding=\"async\" class=\"alignnone wp-image-9256 size-full\" src=\"https:\/\/www.carliseppf.com\/wp-content\/uploads\/2025\/10\/567c3cfba8d37c87cd094403c3bf00b5.png\" alt=\"Film PPF \u2013 Film de protection de peinture transparent pour une installation professionnelle\" width=\"800\" height=\"465\" srcset=\"https:\/\/www.carliseppf.com\/wp-content\/uploads\/2025\/10\/567c3cfba8d37c87cd094403c3bf00b5.png 800w, https:\/\/www.carliseppf.com\/wp-content\/uploads\/2025\/10\/567c3cfba8d37c87cd094403c3bf00b5-300x174.png 300w, https:\/\/www.carliseppf.com\/wp-content\/uploads\/2025\/10\/567c3cfba8d37c87cd094403c3bf00b5-768x446.png 768w, https:\/\/www.carliseppf.com\/wp-content\/uploads\/2025\/10\/567c3cfba8d37c87cd094403c3bf00b5-370x215.png 370w, https:\/\/www.carliseppf.com\/wp-content\/uploads\/2025\/10\/567c3cfba8d37c87cd094403c3bf00b5-410x238.png 410w, https:\/\/www.carliseppf.com\/wp-content\/uploads\/2025\/10\/567c3cfba8d37c87cd094403c3bf00b5-730x424.png 730w\" sizes=\"(max-width: 800px) 100vw, 800px\" \/><\/p>","protected":false},"excerpt":{"rendered":"<p>Haute qualit\u00e9 <strong data-start=\"460\" data-end=\"472\">film PPF<\/strong> avec une garantie de 10 ans de Lubrizol (France) et de l'adh\u00e9sif Yashlan. Le film de protection de la peinture en TPU transparent de 7,5 mil offre une auto-r\u00e9paration, une r\u00e9sistance aux rayures et une durabilit\u00e9 longue dur\u00e9e. L'approvisionnement direct en usine supporte les commandes en gros et la personnalisation. Id\u00e9al pour les installateurs professionnels, les ateliers automobiles et les passionn\u00e9s de voitures.<\/p>","protected":false},"featured_media":9260,"comment_status":"open","ping_status":"closed","template":"","meta":[],"product_brand":[],"product_cat":[215],"product_tag":[],"class_list":{"0":"post-9259","1":"product","2":"type-product","3":"status-publish","4":"has-post-thumbnail","6":"product_cat-paint-protection-film-ppf","8":"first","9":"instock","10":"shipping-taxable","11":"product-type-simple"},"_links":{"self":[{"href":"https:\/\/www.carliseppf.com\/fr\/wp-json\/wp\/v2\/product\/9259","targetHints":{"allow":["GET"]}}],"collection":[{"href":"https:\/\/www.carliseppf.com\/fr\/wp-json\/wp\/v2\/product"}],"about":[{"href":"https:\/\/www.carliseppf.com\/fr\/wp-json\/wp\/v2\/types\/product"}],"replies":[{"embeddable":true,"href":"https:\/\/www.carliseppf.com\/fr\/wp-json\/wp\/v2\/comments?post=9259"}],"wp:featuredmedia":[{"embeddable":true,"href":"https:\/\/www.carliseppf.com\/fr\/wp-json\/wp\/v2\/media\/9260"}],"wp:attachment":[{"href":"https:\/\/www.carliseppf.com\/fr\/wp-json\/wp\/v2\/media?parent=9259"}],"wp:term":[{"taxonomy":"product_brand","embeddable":true,"href":"https:\/\/www.carliseppf.com\/fr\/wp-json\/wp\/v2\/product_brand?post=9259"},{"taxonomy":"product_cat","embeddable":true,"href":"https:\/\/www.carliseppf.com\/fr\/wp-json\/wp\/v2\/product_cat?post=9259"},{"taxonomy":"product_tag","embeddable":true,"href":"https:\/\/www.carliseppf.com\/fr\/wp-json\/wp\/v2\/product_tag?post=9259"}],"curies":[{"name":"wp","href":"https:\/\/api.w.org\/{rel}","templated":true}]}}