{"id":9261,"date":"2025-10-28T03:43:49","date_gmt":"2025-10-28T03:43:49","guid":{"rendered":"https:\/\/www.carliseppf.com\/?post_type=product&#038;p=9261"},"modified":"2025-11-20T11:45:49","modified_gmt":"2025-11-20T11:45:49","slug":"clear-ppf-high-gloss-7-5mil","status":"publish","type":"product","link":"https:\/\/www.carliseppf.com\/fr\/produit\/clear-ppf-high-gloss-7-5mil\/","title":{"rendered":"Film de protection de la peinture \u00e0 haute brillance claire PPF \u2013 TPU hydrophobe 7,5 mil"},"content":{"rendered":"<h2 data-start=\"740\" data-end=\"761\">Aper\u00e7u du produit<\/h2>\n<p data-start=\"762\" data-end=\"1118\">Ce <strong data-start=\"767\" data-end=\"780\">film PPF transparent<\/strong> est fabriqu\u00e9 \u00e0 partir de mat\u00e9riau TPU premium de 7,5 mil avec une finition \u00e0 haute brillance et hydrophobe. Il offre une protection sup\u00e9rieure auto-r\u00e9paratrice et anti-rayures pour les enveloppements complets ou partiels de v\u00e9hicules. Parfait pour les voitures, motos, capots, miroirs et panneaux d\u00e9coratifs. L'approvisionnement direct d'usine supporte les commandes en gros et la personnalisation des tailles pour les installateurs professionnels.<\/p>\n<h2 style=\"color: #ffffff; font-family: Manrope, sans-serif; font-size: 47.005px; font-weight: 600; font-style: normal; line-height: 47.9921px; text-decoration: none; text-transform: none; letter-spacing: normal; margin-top: 31.4934px; margin-bottom: 22.5624px; outline: 0px;\" data-start=\"1603\" data-end=\"1636\"><img fetchpriority=\"high\" decoding=\"async\" class=\"alignnone wp-image-9255 size-full\" style=\"color: #c0c0c1; font-size: 17px; font-weight: 400;\" src=\"https:\/\/www.carliseppf.com\/wp-content\/uploads\/2025\/10\/25c7ff18d03fce79381c95f5f50cfe95.png\" alt=\"film PPF transparent\" width=\"800\" height=\"800\" srcset=\"https:\/\/www.carliseppf.com\/wp-content\/uploads\/2025\/10\/25c7ff18d03fce79381c95f5f50cfe95.png 800w, https:\/\/www.carliseppf.com\/wp-content\/uploads\/2025\/10\/25c7ff18d03fce79381c95f5f50cfe95-300x300.png 300w, https:\/\/www.carliseppf.com\/wp-content\/uploads\/2025\/10\/25c7ff18d03fce79381c95f5f50cfe95-150x150.png 150w, https:\/\/www.carliseppf.com\/wp-content\/uploads\/2025\/10\/25c7ff18d03fce79381c95f5f50cfe95-768x768.png 768w, https:\/\/www.carliseppf.com\/wp-content\/uploads\/2025\/10\/25c7ff18d03fce79381c95f5f50cfe95-370x370.png 370w, https:\/\/www.carliseppf.com\/wp-content\/uploads\/2025\/10\/25c7ff18d03fce79381c95f5f50cfe95-120x120.png 120w, https:\/\/www.carliseppf.com\/wp-content\/uploads\/2025\/10\/25c7ff18d03fce79381c95f5f50cfe95-410x410.png 410w, https:\/\/www.carliseppf.com\/wp-content\/uploads\/2025\/10\/25c7ff18d03fce79381c95f5f50cfe95-630x630.png 630w, https:\/\/www.carliseppf.com\/wp-content\/uploads\/2025\/10\/25c7ff18d03fce79381c95f5f50cfe95-730x730.png 730w, https:\/\/www.carliseppf.com\/wp-content\/uploads\/2025\/10\/25c7ff18d03fce79381c95f5f50cfe95-460x460.png 460w\" sizes=\"(max-width: 800px) 100vw, 800px\" \/><\/h2>\n<h2 data-start=\"1120\" data-end=\"1144\">Caract\u00e9ristiques &amp; Avantages<\/h2>\n<ul data-start=\"1145\" data-end=\"1448\">\n<li data-start=\"1145\" data-end=\"1207\">\n<p data-start=\"1147\" data-end=\"1207\">Haute brillance <strong data-start=\"1158\" data-end=\"1171\">film PPF transparent<\/strong> pour un \u00e9clat et une protection ultimes<\/p>\n<\/li>\n<li data-start=\"1208\" data-end=\"1266\">\n<p data-start=\"1210\" data-end=\"1266\">Technologie hydrophobe, auto-r\u00e9paratrice et anti-rayures<\/p>\n<\/li>\n<li data-start=\"1267\" data-end=\"1316\">\n<p data-start=\"1269\" data-end=\"1316\">\u00c9paisseur de 7,5 mil pour une durabilit\u00e9 longue dur\u00e9e<\/p>\n<\/li>\n<li data-start=\"1317\" data-end=\"1367\">\n<p data-start=\"1319\" data-end=\"1367\">Flexible et facile \u00e0 appliquer sur les courbes et les bords<\/p>\n<\/li>\n<li data-start=\"1368\" data-end=\"1448\">\n<p data-start=\"1370\" data-end=\"1448\">Id\u00e9al pour une couverture compl\u00e8te ou partielle du v\u00e9hicule, commandes en gros et projets personnalis\u00e9s<\/p>\n<\/li>\n<\/ul>\n<h2 data-start=\"1450\" data-end=\"1476\">Mat\u00e9riau de haute qualit\u00e9<\/h2>\n<ul data-start=\"1477\" data-end=\"1601\">\n<li data-start=\"1477\" data-end=\"1509\">\n<p data-start=\"1479\" data-end=\"1509\">Vinyle automobile en TPU premium<\/p>\n<\/li>\n<li data-start=\"1510\" data-end=\"1541\">\n<p data-start=\"1512\" data-end=\"1541\">R\u00e9sistant aux UV et \u00e0 l'eau<\/p>\n<\/li>\n<li data-start=\"1542\" data-end=\"1564\">\n<p data-start=\"1544\" data-end=\"1564\">S\u00fbr pour la peinture OEM<\/p>\n<\/li>\n<li data-start=\"1565\" data-end=\"1601\">\n<p data-start=\"1567\" data-end=\"1601\">Performance ext\u00e9rieure durable<\/p>\n<\/li>\n<\/ul>\n<h2 data-start=\"1603\" data-end=\"1636\">Installation &amp; Personnalisation<\/h2>\n<ul data-start=\"1637\" data-end=\"1835\">\n<li data-start=\"1637\" data-end=\"1689\">\n<p data-start=\"1639\" data-end=\"1689\">Adh\u00e9sif \u00e0 lib\u00e9ration d'air pour une application sans bulles<\/p>\n<\/li>\n<li data-start=\"1690\" data-end=\"1728\">\n<p data-start=\"1692\" data-end=\"1728\">Formable \u00e0 la chaleur pour les courbes et les bords<\/p>\n<\/li>\n<li data-start=\"1729\" data-end=\"1780\">\n<p data-start=\"1731\" data-end=\"1780\">Rouleaux personnalisables pour les commandes en gros ou en gros<\/p>\n<\/li>\n<li data-start=\"1781\" data-end=\"1835\">\n<p data-start=\"1783\" data-end=\"1835\">Convient aux installateurs professionnels et aux utilisateurs DIY<\/p>\n<\/li>\n<\/ul>\n<h2 data-start=\"1837\" data-end=\"1854\">Applications<\/h2>\n<ul data-start=\"1855\" data-end=\"2033\">\n<li data-start=\"1855\" data-end=\"1902\">\n<p data-start=\"1857\" data-end=\"1902\">Enveloppements complets de v\u00e9hicules : voitures, SUV, motos<\/p>\n<\/li>\n<li data-start=\"1903\" data-end=\"1953\">\n<p data-start=\"1905\" data-end=\"1953\">Wraps partiels : capots, toits, miroirs, spoilers<\/p>\n<\/li>\n<li data-start=\"1954\" data-end=\"1994\">\n<p data-start=\"1956\" data-end=\"1994\">Jupes int\u00e9rieures et panneaux d\u00e9coratifs<\/p>\n<\/li>\n<li data-start=\"1995\" data-end=\"2033\">\n<p data-start=\"1997\" data-end=\"2033\">Parfait pour <strong data-start=\"2009\" data-end=\"2022\">film PPF transparent<\/strong> projets<\/p>\n<\/li>\n<\/ul>\n<h2 data-start=\"2035\" data-end=\"2054\">Principaux avantages<\/h2>\n<ul data-start=\"2055\" data-end=\"2328\">\n<li data-start=\"2055\" data-end=\"2088\">\n<p data-start=\"2057\" data-end=\"2088\">Premium <strong data-start=\"2065\" data-end=\"2078\">film PPF transparent<\/strong> qualit\u00e9<\/p>\n<\/li>\n<li data-start=\"2089\" data-end=\"2147\">\n<p data-start=\"2091\" data-end=\"2147\">Protection hydrophobe, auto-r\u00e9paratrice et anti-rayures<\/p>\n<\/li>\n<li data-start=\"2148\" data-end=\"2202\">\n<p data-start=\"2150\" data-end=\"2202\">Directement de l'usine, enti\u00e8rement personnalisable pour les commandes en gros<\/p>\n<\/li>\n<li data-start=\"2203\" data-end=\"2266\">\n<p data-start=\"2205\" data-end=\"2266\">Installation facile pour les utilisateurs DIY et les installateurs professionnels<\/p>\n<\/li>\n<li data-start=\"2267\" data-end=\"2328\">\n<p data-start=\"2269\" data-end=\"2328\">Parfait pour les ateliers automobiles, les installateurs et les passionn\u00e9s<\/p>\n<\/li>\n<\/ul>\n<h2 data-start=\"2330\" data-end=\"2351\">Contenu du paquet<\/h2>\n<ul data-start=\"2352\" data-end=\"2470\">\n<li data-start=\"2352\" data-end=\"2401\">\n<p data-start=\"2354\" data-end=\"2401\">1 rouleau de film PPF transparent \u00e0 haute brillance (7,5 mil)<\/p>\n<\/li>\n<li data-start=\"2402\" data-end=\"2470\">\n<p data-start=\"2404\" data-end=\"2470\">Kit d'installation optionnel : raclette, cutter, chiffon en microfibre<\/p>\n<\/li>\n<\/ul>\n<h2 data-start=\"2472\" data-end=\"2501\">Pourquoi choisir ce produit ?<\/h2>\n<p data-start=\"2502\" data-end=\"2740\">Ce produit directement de l'usine <strong data-start=\"2522\" data-end=\"2535\">film PPF transparent<\/strong> offre une protection de qualit\u00e9 professionnelle, une performance hydrophobe et une durabilit\u00e9 longue dur\u00e9e. Enti\u00e8rement personnalisable pour les commandes en gros ou individuelles, id\u00e9al pour les installateurs, grossistes et passionn\u00e9s d'automobiles.<\/p>\n<p>\u00a0<img decoding=\"async\" class=\"alignnone wp-image-9253 size-full\" src=\"https:\/\/www.carliseppf.com\/wp-content\/uploads\/2025\/10\/3a997d47de1f32ea3c0c6af268b88a03.png\" alt=\"PPF transparent \u2013 Film de rev\u00eatement complet pour voiture en TPU \u00e0 haute brillance et hydrophobe de 7,5 mil\" width=\"800\" height=\"800\" srcset=\"https:\/\/www.carliseppf.com\/wp-content\/uploads\/2025\/10\/3a997d47de1f32ea3c0c6af268b88a03.png 800w, https:\/\/www.carliseppf.com\/wp-content\/uploads\/2025\/10\/3a997d47de1f32ea3c0c6af268b88a03-300x300.png 300w, https:\/\/www.carliseppf.com\/wp-content\/uploads\/2025\/10\/3a997d47de1f32ea3c0c6af268b88a03-150x150.png 150w, https:\/\/www.carliseppf.com\/wp-content\/uploads\/2025\/10\/3a997d47de1f32ea3c0c6af268b88a03-768x768.png 768w, https:\/\/www.carliseppf.com\/wp-content\/uploads\/2025\/10\/3a997d47de1f32ea3c0c6af268b88a03-370x370.png 370w, https:\/\/www.carliseppf.com\/wp-content\/uploads\/2025\/10\/3a997d47de1f32ea3c0c6af268b88a03-120x120.png 120w, https:\/\/www.carliseppf.com\/wp-content\/uploads\/2025\/10\/3a997d47de1f32ea3c0c6af268b88a03-410x410.png 410w, https:\/\/www.carliseppf.com\/wp-content\/uploads\/2025\/10\/3a997d47de1f32ea3c0c6af268b88a03-630x630.png 630w, https:\/\/www.carliseppf.com\/wp-content\/uploads\/2025\/10\/3a997d47de1f32ea3c0c6af268b88a03-730x730.png 730w, https:\/\/www.carliseppf.com\/wp-content\/uploads\/2025\/10\/3a997d47de1f32ea3c0c6af268b88a03-460x460.png 460w\" sizes=\"(max-width: 800px) 100vw, 800px\" \/> <img decoding=\"async\" class=\"alignnone wp-image-9257 size-full\" src=\"https:\/\/www.carliseppf.com\/wp-content\/uploads\/2025\/10\/2672cc8791b66ee7f2c8b62c55ce68f7.png\" alt=\"PPF transparent \u2013 Film de protection de la peinture TPU de qualit\u00e9 sup\u00e9rieure, vue lat\u00e9rale\" width=\"800\" height=\"800\" srcset=\"https:\/\/www.carliseppf.com\/wp-content\/uploads\/2025\/10\/2672cc8791b66ee7f2c8b62c55ce68f7.png 800w, https:\/\/www.carliseppf.com\/wp-content\/uploads\/2025\/10\/2672cc8791b66ee7f2c8b62c55ce68f7-300x300.png 300w, https:\/\/www.carliseppf.com\/wp-content\/uploads\/2025\/10\/2672cc8791b66ee7f2c8b62c55ce68f7-150x150.png 150w, https:\/\/www.carliseppf.com\/wp-content\/uploads\/2025\/10\/2672cc8791b66ee7f2c8b62c55ce68f7-768x768.png 768w, https:\/\/www.carliseppf.com\/wp-content\/uploads\/2025\/10\/2672cc8791b66ee7f2c8b62c55ce68f7-370x370.png 370w, https:\/\/www.carliseppf.com\/wp-content\/uploads\/2025\/10\/2672cc8791b66ee7f2c8b62c55ce68f7-120x120.png 120w, https:\/\/www.carliseppf.com\/wp-content\/uploads\/2025\/10\/2672cc8791b66ee7f2c8b62c55ce68f7-410x410.png 410w, https:\/\/www.carliseppf.com\/wp-content\/uploads\/2025\/10\/2672cc8791b66ee7f2c8b62c55ce68f7-630x630.png 630w, https:\/\/www.carliseppf.com\/wp-content\/uploads\/2025\/10\/2672cc8791b66ee7f2c8b62c55ce68f7-730x730.png 730w, https:\/\/www.carliseppf.com\/wp-content\/uploads\/2025\/10\/2672cc8791b66ee7f2c8b62c55ce68f7-460x460.png 460w\" sizes=\"(max-width: 800px) 100vw, 800px\" \/> <img loading=\"lazy\" decoding=\"async\" class=\"alignnone wp-image-9258 size-full\" src=\"https:\/\/www.carliseppf.com\/wp-content\/uploads\/2025\/10\/864618d976298df0cf3cabf0e6edd00d.png\" alt=\"PPF transparent \u2013 Film auto auto-cicatrisant hydrophobe anti-rayures\" width=\"800\" height=\"800\" srcset=\"https:\/\/www.carliseppf.com\/wp-content\/uploads\/2025\/10\/864618d976298df0cf3cabf0e6edd00d.png 800w, https:\/\/www.carliseppf.com\/wp-content\/uploads\/2025\/10\/864618d976298df0cf3cabf0e6edd00d-300x300.png 300w, https:\/\/www.carliseppf.com\/wp-content\/uploads\/2025\/10\/864618d976298df0cf3cabf0e6edd00d-150x150.png 150w, https:\/\/www.carliseppf.com\/wp-content\/uploads\/2025\/10\/864618d976298df0cf3cabf0e6edd00d-768x768.png 768w, https:\/\/www.carliseppf.com\/wp-content\/uploads\/2025\/10\/864618d976298df0cf3cabf0e6edd00d-370x370.png 370w, https:\/\/www.carliseppf.com\/wp-content\/uploads\/2025\/10\/864618d976298df0cf3cabf0e6edd00d-120x120.png 120w, https:\/\/www.carliseppf.com\/wp-content\/uploads\/2025\/10\/864618d976298df0cf3cabf0e6edd00d-410x410.png 410w, https:\/\/www.carliseppf.com\/wp-content\/uploads\/2025\/10\/864618d976298df0cf3cabf0e6edd00d-630x630.png 630w, https:\/\/www.carliseppf.com\/wp-content\/uploads\/2025\/10\/864618d976298df0cf3cabf0e6edd00d-730x730.png 730w, https:\/\/www.carliseppf.com\/wp-content\/uploads\/2025\/10\/864618d976298df0cf3cabf0e6edd00d-460x460.png 460w\" sizes=\"(max-width: 800px) 100vw, 800px\" \/> <img loading=\"lazy\" decoding=\"async\" class=\"alignnone wp-image-9254 size-full\" src=\"https:\/\/www.carliseppf.com\/wp-content\/uploads\/2025\/10\/5b6b94d510df62466bd694977cc0df89.png\" alt=\"PPF transparent \u2013 Couverture compl\u00e8te du v\u00e9hicule, film TPU \u00e0 haute brillance\" width=\"800\" height=\"491\" srcset=\"https:\/\/www.carliseppf.com\/wp-content\/uploads\/2025\/10\/5b6b94d510df62466bd694977cc0df89.png 800w, https:\/\/www.carliseppf.com\/wp-content\/uploads\/2025\/10\/5b6b94d510df62466bd694977cc0df89-300x184.png 300w, https:\/\/www.carliseppf.com\/wp-content\/uploads\/2025\/10\/5b6b94d510df62466bd694977cc0df89-768x471.png 768w, https:\/\/www.carliseppf.com\/wp-content\/uploads\/2025\/10\/5b6b94d510df62466bd694977cc0df89-370x227.png 370w, https:\/\/www.carliseppf.com\/wp-content\/uploads\/2025\/10\/5b6b94d510df62466bd694977cc0df89-410x252.png 410w, https:\/\/www.carliseppf.com\/wp-content\/uploads\/2025\/10\/5b6b94d510df62466bd694977cc0df89-730x448.png 730w\" sizes=\"(max-width: 800px) 100vw, 800px\" \/> <img loading=\"lazy\" decoding=\"async\" class=\"alignnone wp-image-9256 size-full\" src=\"https:\/\/www.carliseppf.com\/wp-content\/uploads\/2025\/10\/567c3cfba8d37c87cd094403c3bf00b5.png\" alt=\"PPF transparent \u2013 Installation professionnelle, protection de voiture \u00e0 haute brillance\" width=\"800\" height=\"465\" srcset=\"https:\/\/www.carliseppf.com\/wp-content\/uploads\/2025\/10\/567c3cfba8d37c87cd094403c3bf00b5.png 800w, https:\/\/www.carliseppf.com\/wp-content\/uploads\/2025\/10\/567c3cfba8d37c87cd094403c3bf00b5-300x174.png 300w, https:\/\/www.carliseppf.com\/wp-content\/uploads\/2025\/10\/567c3cfba8d37c87cd094403c3bf00b5-768x446.png 768w, https:\/\/www.carliseppf.com\/wp-content\/uploads\/2025\/10\/567c3cfba8d37c87cd094403c3bf00b5-370x215.png 370w, https:\/\/www.carliseppf.com\/wp-content\/uploads\/2025\/10\/567c3cfba8d37c87cd094403c3bf00b5-410x238.png 410w, https:\/\/www.carliseppf.com\/wp-content\/uploads\/2025\/10\/567c3cfba8d37c87cd094403c3bf00b5-730x424.png 730w\" sizes=\"(max-width: 800px) 100vw, 800px\" \/><\/p>","protected":false},"excerpt":{"rendered":"<p>Prot\u00e9gez votre v\u00e9hicule avec ceci <strong data-start=\"446\" data-end=\"459\">film PPF transparent<\/strong> \u2013 film de protection de la peinture en TPU hydrophobe \u00e0 haute brillance de 7,5 mil offrant une auto-r\u00e9paration, une r\u00e9sistance aux rayures et une durabilit\u00e9 longue dur\u00e9e. Approvisionnement direct d'usine, enti\u00e8rement personnalisable pour les commandes en gros. Id\u00e9al pour les installateurs professionnels, les ateliers automobiles et les passionn\u00e9s de voitures.<\/p>","protected":false},"featured_media":9262,"comment_status":"open","ping_status":"closed","template":"","meta":[],"product_brand":[],"product_cat":[215],"product_tag":[],"class_list":{"0":"post-9261","1":"product","2":"type-product","3":"status-publish","4":"has-post-thumbnail","6":"product_cat-paint-protection-film-ppf","8":"first","9":"instock","10":"shipping-taxable","11":"product-type-simple"},"_links":{"self":[{"href":"https:\/\/www.carliseppf.com\/fr\/wp-json\/wp\/v2\/product\/9261","targetHints":{"allow":["GET"]}}],"collection":[{"href":"https:\/\/www.carliseppf.com\/fr\/wp-json\/wp\/v2\/product"}],"about":[{"href":"https:\/\/www.carliseppf.com\/fr\/wp-json\/wp\/v2\/types\/product"}],"replies":[{"embeddable":true,"href":"https:\/\/www.carliseppf.com\/fr\/wp-json\/wp\/v2\/comments?post=9261"}],"wp:featuredmedia":[{"embeddable":true,"href":"https:\/\/www.carliseppf.com\/fr\/wp-json\/wp\/v2\/media\/9262"}],"wp:attachment":[{"href":"https:\/\/www.carliseppf.com\/fr\/wp-json\/wp\/v2\/media?parent=9261"}],"wp:term":[{"taxonomy":"product_brand","embeddable":true,"href":"https:\/\/www.carliseppf.com\/fr\/wp-json\/wp\/v2\/product_brand?post=9261"},{"taxonomy":"product_cat","embeddable":true,"href":"https:\/\/www.carliseppf.com\/fr\/wp-json\/wp\/v2\/product_cat?post=9261"},{"taxonomy":"product_tag","embeddable":true,"href":"https:\/\/www.carliseppf.com\/fr\/wp-json\/wp\/v2\/product_tag?post=9261"}],"curies":[{"name":"wp","href":"https:\/\/api.w.org\/{rel}","templated":true}]}}