{"id":9266,"date":"2025-10-28T03:54:38","date_gmt":"2025-10-28T03:54:38","guid":{"rendered":"https:\/\/www.carliseppf.com\/?post_type=product&#038;p=9266"},"modified":"2025-11-20T12:15:06","modified_gmt":"2025-11-20T12:15:06","slug":"car-window-tint-film-1-ply","status":"publish","type":"product","link":"https:\/\/www.carliseppf.com\/fr\/produit\/car-window-tint-film-1-ply\/","title":{"rendered":"Film de teinte pour vitres de voiture 1 couche \u2013 Protection automobile premium"},"content":{"rendered":"<h2 data-start=\"675\" data-end=\"696\">Aper\u00e7u du produit<\/h2>\n<p data-start=\"697\" data-end=\"961\">Ce <strong data-start=\"702\" data-end=\"726\">film de teinte pour vitres de voiture<\/strong> offre une \u00e9paisseur de 1 couche et une rejet de chaleur fiable, une protection UV, et une am\u00e9lioration de la confidentialit\u00e9. Parfait pour les voitures, SUV, camions, et motos. Approvisionnement direct d'usine supportant les commandes en gros et les tailles personnalis\u00e9es pour une installation professionnelle.<\/p>\n<h2 style=\"color: #ffffff; font-family: Manrope, sans-serif; font-size: 47.005px; font-weight: 600; font-style: normal; line-height: 47.9921px; text-decoration: none; text-transform: none; letter-spacing: normal; margin-top: 31.4934px; margin-bottom: 22.5624px; outline: 0px;\" data-start=\"1263\" data-end=\"1286\"><img fetchpriority=\"high\" decoding=\"async\" class=\"alignnone wp-image-9268 size-full\" style=\"color: #c0c0c1; font-size: 17px; font-weight: 400;\" src=\"https:\/\/www.carliseppf.com\/wp-content\/uploads\/2025\/10\/7ff4d022d5fb57cf43e71cfed1c3d236.png\" alt=\"Film teint\u00e9 pour fen\u00eatres de voiture \u2013 Film de protection premium en 1 couche\" width=\"800\" height=\"800\" srcset=\"https:\/\/www.carliseppf.com\/wp-content\/uploads\/2025\/10\/7ff4d022d5fb57cf43e71cfed1c3d236.png 800w, https:\/\/www.carliseppf.com\/wp-content\/uploads\/2025\/10\/7ff4d022d5fb57cf43e71cfed1c3d236-300x300.png 300w, https:\/\/www.carliseppf.com\/wp-content\/uploads\/2025\/10\/7ff4d022d5fb57cf43e71cfed1c3d236-150x150.png 150w, https:\/\/www.carliseppf.com\/wp-content\/uploads\/2025\/10\/7ff4d022d5fb57cf43e71cfed1c3d236-768x768.png 768w, https:\/\/www.carliseppf.com\/wp-content\/uploads\/2025\/10\/7ff4d022d5fb57cf43e71cfed1c3d236-370x370.png 370w, https:\/\/www.carliseppf.com\/wp-content\/uploads\/2025\/10\/7ff4d022d5fb57cf43e71cfed1c3d236-120x120.png 120w, https:\/\/www.carliseppf.com\/wp-content\/uploads\/2025\/10\/7ff4d022d5fb57cf43e71cfed1c3d236-410x410.png 410w, https:\/\/www.carliseppf.com\/wp-content\/uploads\/2025\/10\/7ff4d022d5fb57cf43e71cfed1c3d236-630x630.png 630w, https:\/\/www.carliseppf.com\/wp-content\/uploads\/2025\/10\/7ff4d022d5fb57cf43e71cfed1c3d236-730x730.png 730w, https:\/\/www.carliseppf.com\/wp-content\/uploads\/2025\/10\/7ff4d022d5fb57cf43e71cfed1c3d236-460x460.png 460w\" sizes=\"(max-width: 800px) 100vw, 800px\" \/><\/h2>\n<h2 data-start=\"963\" data-end=\"987\">Caract\u00e9ristiques &amp; Avantages<\/h2>\n<ul data-start=\"988\" data-end=\"1261\">\n<li data-start=\"988\" data-end=\"1047\">\n<p data-start=\"990\" data-end=\"1047\">Premium <strong data-start=\"998\" data-end=\"1022\">film de teinte pour vitres de voiture<\/strong> pour la protection du v\u00e9hicule<\/p>\n<\/li>\n<li data-start=\"1048\" data-end=\"1107\">\n<p data-start=\"1050\" data-end=\"1107\">\u00e9paisseur de 1 couche pour une visibilit\u00e9 claire et un rejet de chaleur<\/p>\n<\/li>\n<li data-start=\"1108\" data-end=\"1149\">\n<p data-start=\"1110\" data-end=\"1149\">r\u00e9sistant aux UV, anti-reflet, et durable<\/p>\n<\/li>\n<li data-start=\"1150\" data-end=\"1192\">\n<p data-start=\"1152\" data-end=\"1192\">Facile \u00e0 installer sur toutes les fen\u00eatres de v\u00e9hicule<\/p>\n<\/li>\n<li data-start=\"1193\" data-end=\"1261\">\n<p data-start=\"1195\" data-end=\"1261\">Id\u00e9al pour les commandes en gros, tailles personnalis\u00e9es, et installateurs professionnels<\/p>\n<\/li>\n<\/ul>\n<h2 data-start=\"1263\" data-end=\"1286\">Mat\u00e9riau &amp; Qualit\u00e9<\/h2>\n<ul data-start=\"1287\" data-end=\"1430\">\n<li data-start=\"1287\" data-end=\"1316\">\n<p data-start=\"1289\" data-end=\"1316\">Film en PET de qualit\u00e9 automobile<\/p>\n<\/li>\n<li data-start=\"1317\" data-end=\"1355\">\n<p data-start=\"1319\" data-end=\"1355\">R\u00e9sistant aux rayures et durable<\/p>\n<\/li>\n<li data-start=\"1356\" data-end=\"1401\">\n<p data-start=\"1358\" data-end=\"1401\">Maintient la clart\u00e9 tout en offrant de l'intimit\u00e9<\/p>\n<\/li>\n<li data-start=\"1402\" data-end=\"1430\">\n<p data-start=\"1404\" data-end=\"1430\">S\u00fbr pour toutes les fen\u00eatres OEM<\/p>\n<\/li>\n<\/ul>\n<h2 data-start=\"1432\" data-end=\"1465\">Installation &amp; Personnalisation<\/h2>\n<ul data-start=\"1466\" data-end=\"1668\">\n<li data-start=\"1466\" data-end=\"1522\">\n<p data-start=\"1468\" data-end=\"1522\">Adh\u00e9sif \u00e0 lib\u00e9ration d'air pour une application sans bulles<\/p>\n<\/li>\n<li data-start=\"1523\" data-end=\"1561\">\n<p data-start=\"1525\" data-end=\"1561\">Formable \u00e0 la chaleur pour les courbes et les bords<\/p>\n<\/li>\n<li data-start=\"1562\" data-end=\"1613\">\n<p data-start=\"1564\" data-end=\"1613\">Disponible en rouleaux pour commandes en gros ou en gros<\/p>\n<\/li>\n<li data-start=\"1614\" data-end=\"1668\">\n<p data-start=\"1616\" data-end=\"1668\">Convient aux installateurs professionnels et aux utilisateurs DIY<\/p>\n<\/li>\n<\/ul>\n<h2 data-start=\"1670\" data-end=\"1687\">Applications<\/h2>\n<ul data-start=\"1688\" data-end=\"1859\">\n<li data-start=\"1688\" data-end=\"1747\">\n<p data-start=\"1690\" data-end=\"1747\">Couverture compl\u00e8te des fen\u00eatres de la voiture pour l'intimit\u00e9 et la rejection de la chaleur<\/p>\n<\/li>\n<li data-start=\"1748\" data-end=\"1807\">\n<p data-start=\"1750\" data-end=\"1807\">Teintage partiel des fen\u00eatres pour les fen\u00eatres avant, lat\u00e9rales ou arri\u00e8re<\/p>\n<\/li>\n<li data-start=\"1808\" data-end=\"1859\">\n<p data-start=\"1810\" data-end=\"1859\">Parfait pour voitures, SUV, camions et motos<\/p>\n<\/li>\n<\/ul>\n<h2 data-start=\"1861\" data-end=\"1880\">Principaux avantages<\/h2>\n<ul data-start=\"1881\" data-end=\"2123\">\n<li data-start=\"1881\" data-end=\"1939\">\n<p data-start=\"1883\" data-end=\"1939\">Fourniture directe d'usine et personnalisation en gros disponible<\/p>\n<\/li>\n<li data-start=\"1940\" data-end=\"1995\">\n<p data-start=\"1942\" data-end=\"1995\">De qualit\u00e9 professionnelle <strong data-start=\"1961\" data-end=\"1985\">film de teinte pour vitres de voiture<\/strong> qualit\u00e9<\/p>\n<\/li>\n<li data-start=\"1996\" data-end=\"2059\">\n<p data-start=\"1998\" data-end=\"2059\">Installation facile pour les utilisateurs DIY et les installateurs professionnels<\/p>\n<\/li>\n<li data-start=\"2060\" data-end=\"2123\">\n<p data-start=\"2062\" data-end=\"2123\">Id\u00e9al pour les ateliers automobiles, les installateurs et les passionn\u00e9s de voitures<\/p>\n<\/li>\n<\/ul>\n<h2 data-start=\"2125\" data-end=\"2146\">Contenu du paquet<\/h2>\n<ul data-start=\"2147\" data-end=\"2256\">\n<li data-start=\"2147\" data-end=\"2187\">\n<p data-start=\"2149\" data-end=\"2187\">1 rouleau de film teint\u00e9 pour fen\u00eatres de voiture en 1 couche<\/p>\n<\/li>\n<li data-start=\"2188\" data-end=\"2256\">\n<p data-start=\"2190\" data-end=\"2256\">Kit d'installation optionnel : raclette, cutter, chiffon en microfibre<\/p>\n<\/li>\n<\/ul>\n<h2 data-start=\"2258\" data-end=\"2287\">Pourquoi choisir ce produit ?<\/h2>\n<p data-start=\"2288\" data-end=\"2520\">Ce film de haute qualit\u00e9 <strong data-start=\"2306\" data-end=\"2330\">film de teinte pour vitres de voiture<\/strong> offre une protection UV, un rejet de chaleur, et une confidentialit\u00e9 tout en maintenant la clart\u00e9. Approvisionnement direct d'usine garantissant les commandes en gros et les tailles personnalis\u00e9es pour les installateurs professionnels et les passionn\u00e9s de voitures.<\/p>\n<p>\u00a0<img decoding=\"async\" class=\"alignnone wp-image-9269 size-full\" src=\"https:\/\/www.carliseppf.com\/wp-content\/uploads\/2025\/10\/ba2d5564652e49302b748bd4da89e49d.png\" alt=\"Film teint\u00e9 de haute qualit\u00e9 pour fen\u00eatres de voiture \u2013 Protection UV et rejet de chaleur\" width=\"800\" height=\"800\" srcset=\"https:\/\/www.carliseppf.com\/wp-content\/uploads\/2025\/10\/ba2d5564652e49302b748bd4da89e49d.png 800w, https:\/\/www.carliseppf.com\/wp-content\/uploads\/2025\/10\/ba2d5564652e49302b748bd4da89e49d-300x300.png 300w, https:\/\/www.carliseppf.com\/wp-content\/uploads\/2025\/10\/ba2d5564652e49302b748bd4da89e49d-150x150.png 150w, https:\/\/www.carliseppf.com\/wp-content\/uploads\/2025\/10\/ba2d5564652e49302b748bd4da89e49d-768x768.png 768w, https:\/\/www.carliseppf.com\/wp-content\/uploads\/2025\/10\/ba2d5564652e49302b748bd4da89e49d-370x370.png 370w, https:\/\/www.carliseppf.com\/wp-content\/uploads\/2025\/10\/ba2d5564652e49302b748bd4da89e49d-120x120.png 120w, https:\/\/www.carliseppf.com\/wp-content\/uploads\/2025\/10\/ba2d5564652e49302b748bd4da89e49d-410x410.png 410w, https:\/\/www.carliseppf.com\/wp-content\/uploads\/2025\/10\/ba2d5564652e49302b748bd4da89e49d-630x630.png 630w, https:\/\/www.carliseppf.com\/wp-content\/uploads\/2025\/10\/ba2d5564652e49302b748bd4da89e49d-730x730.png 730w, https:\/\/www.carliseppf.com\/wp-content\/uploads\/2025\/10\/ba2d5564652e49302b748bd4da89e49d-460x460.png 460w\" sizes=\"(max-width: 800px) 100vw, 800px\" \/> <img decoding=\"async\" class=\"alignnone wp-image-9273 size-full\" src=\"https:\/\/www.carliseppf.com\/wp-content\/uploads\/2025\/10\/2a17e4b44799b2f3aabc02d82c4e1fcd.png\" alt=\"Film teint\u00e9 professionnel pour fen\u00eatres de voiture \u2013 Film r\u00e9sistant aux rayures et durable\" width=\"800\" height=\"989\" srcset=\"https:\/\/www.carliseppf.com\/wp-content\/uploads\/2025\/10\/2a17e4b44799b2f3aabc02d82c4e1fcd.png 800w, https:\/\/www.carliseppf.com\/wp-content\/uploads\/2025\/10\/2a17e4b44799b2f3aabc02d82c4e1fcd-243x300.png 243w, https:\/\/www.carliseppf.com\/wp-content\/uploads\/2025\/10\/2a17e4b44799b2f3aabc02d82c4e1fcd-768x949.png 768w, https:\/\/www.carliseppf.com\/wp-content\/uploads\/2025\/10\/2a17e4b44799b2f3aabc02d82c4e1fcd-370x457.png 370w, https:\/\/www.carliseppf.com\/wp-content\/uploads\/2025\/10\/2a17e4b44799b2f3aabc02d82c4e1fcd-410x507.png 410w, https:\/\/www.carliseppf.com\/wp-content\/uploads\/2025\/10\/2a17e4b44799b2f3aabc02d82c4e1fcd-730x902.png 730w\" sizes=\"(max-width: 800px) 100vw, 800px\" \/> <img loading=\"lazy\" decoding=\"async\" class=\"alignnone wp-image-9274 size-full\" src=\"https:\/\/www.carliseppf.com\/wp-content\/uploads\/2025\/10\/0c6be8a5589ebcb8d9bda893698f4c8c.png\" alt=\"Film teint\u00e9 pour fen\u00eatres de voiture en direct d&#039;usine \u2013 Film en 1 couche pour voitures et SUV\" width=\"800\" height=\"800\" srcset=\"https:\/\/www.carliseppf.com\/wp-content\/uploads\/2025\/10\/0c6be8a5589ebcb8d9bda893698f4c8c.png 800w, https:\/\/www.carliseppf.com\/wp-content\/uploads\/2025\/10\/0c6be8a5589ebcb8d9bda893698f4c8c-300x300.png 300w, https:\/\/www.carliseppf.com\/wp-content\/uploads\/2025\/10\/0c6be8a5589ebcb8d9bda893698f4c8c-150x150.png 150w, https:\/\/www.carliseppf.com\/wp-content\/uploads\/2025\/10\/0c6be8a5589ebcb8d9bda893698f4c8c-768x768.png 768w, https:\/\/www.carliseppf.com\/wp-content\/uploads\/2025\/10\/0c6be8a5589ebcb8d9bda893698f4c8c-370x370.png 370w, https:\/\/www.carliseppf.com\/wp-content\/uploads\/2025\/10\/0c6be8a5589ebcb8d9bda893698f4c8c-120x120.png 120w, https:\/\/www.carliseppf.com\/wp-content\/uploads\/2025\/10\/0c6be8a5589ebcb8d9bda893698f4c8c-410x410.png 410w, https:\/\/www.carliseppf.com\/wp-content\/uploads\/2025\/10\/0c6be8a5589ebcb8d9bda893698f4c8c-630x630.png 630w, https:\/\/www.carliseppf.com\/wp-content\/uploads\/2025\/10\/0c6be8a5589ebcb8d9bda893698f4c8c-730x730.png 730w, https:\/\/www.carliseppf.com\/wp-content\/uploads\/2025\/10\/0c6be8a5589ebcb8d9bda893698f4c8c-460x460.png 460w\" sizes=\"(max-width: 800px) 100vw, 800px\" \/> <img loading=\"lazy\" decoding=\"async\" class=\"alignnone wp-image-9272 size-full\" src=\"https:\/\/www.carliseppf.com\/wp-content\/uploads\/2025\/10\/5069f7764369e32b60f8acc95cfde4ab.png\" alt=\"Film teint\u00e9 pour fen\u00eatres de voiture facile \u00e0 appliquer \u2013 Film automobile en 1 couche\" width=\"800\" height=\"800\" srcset=\"https:\/\/www.carliseppf.com\/wp-content\/uploads\/2025\/10\/5069f7764369e32b60f8acc95cfde4ab.png 800w, https:\/\/www.carliseppf.com\/wp-content\/uploads\/2025\/10\/5069f7764369e32b60f8acc95cfde4ab-300x300.png 300w, https:\/\/www.carliseppf.com\/wp-content\/uploads\/2025\/10\/5069f7764369e32b60f8acc95cfde4ab-150x150.png 150w, https:\/\/www.carliseppf.com\/wp-content\/uploads\/2025\/10\/5069f7764369e32b60f8acc95cfde4ab-768x768.png 768w, https:\/\/www.carliseppf.com\/wp-content\/uploads\/2025\/10\/5069f7764369e32b60f8acc95cfde4ab-370x370.png 370w, https:\/\/www.carliseppf.com\/wp-content\/uploads\/2025\/10\/5069f7764369e32b60f8acc95cfde4ab-120x120.png 120w, https:\/\/www.carliseppf.com\/wp-content\/uploads\/2025\/10\/5069f7764369e32b60f8acc95cfde4ab-410x410.png 410w, https:\/\/www.carliseppf.com\/wp-content\/uploads\/2025\/10\/5069f7764369e32b60f8acc95cfde4ab-630x630.png 630w, https:\/\/www.carliseppf.com\/wp-content\/uploads\/2025\/10\/5069f7764369e32b60f8acc95cfde4ab-730x730.png 730w, https:\/\/www.carliseppf.com\/wp-content\/uploads\/2025\/10\/5069f7764369e32b60f8acc95cfde4ab-460x460.png 460w\" sizes=\"(max-width: 800px) 100vw, 800px\" \/> <img loading=\"lazy\" decoding=\"async\" class=\"alignnone wp-image-9271 size-full\" src=\"https:\/\/www.carliseppf.com\/wp-content\/uploads\/2025\/10\/c5d2f6550e7a34e29d3e3bc4c9aef7b2.png\" alt=\"Film teint\u00e9 premium pour fen\u00eatres de voiture \u2013 Film clair en 1 couche pour fen\u00eatres automobiles\" width=\"800\" height=\"800\" srcset=\"https:\/\/www.carliseppf.com\/wp-content\/uploads\/2025\/10\/c5d2f6550e7a34e29d3e3bc4c9aef7b2.png 800w, https:\/\/www.carliseppf.com\/wp-content\/uploads\/2025\/10\/c5d2f6550e7a34e29d3e3bc4c9aef7b2-300x300.png 300w, https:\/\/www.carliseppf.com\/wp-content\/uploads\/2025\/10\/c5d2f6550e7a34e29d3e3bc4c9aef7b2-150x150.png 150w, https:\/\/www.carliseppf.com\/wp-content\/uploads\/2025\/10\/c5d2f6550e7a34e29d3e3bc4c9aef7b2-768x768.png 768w, https:\/\/www.carliseppf.com\/wp-content\/uploads\/2025\/10\/c5d2f6550e7a34e29d3e3bc4c9aef7b2-370x370.png 370w, https:\/\/www.carliseppf.com\/wp-content\/uploads\/2025\/10\/c5d2f6550e7a34e29d3e3bc4c9aef7b2-120x120.png 120w, https:\/\/www.carliseppf.com\/wp-content\/uploads\/2025\/10\/c5d2f6550e7a34e29d3e3bc4c9aef7b2-410x410.png 410w, https:\/\/www.carliseppf.com\/wp-content\/uploads\/2025\/10\/c5d2f6550e7a34e29d3e3bc4c9aef7b2-630x630.png 630w, https:\/\/www.carliseppf.com\/wp-content\/uploads\/2025\/10\/c5d2f6550e7a34e29d3e3bc4c9aef7b2-730x730.png 730w, https:\/\/www.carliseppf.com\/wp-content\/uploads\/2025\/10\/c5d2f6550e7a34e29d3e3bc4c9aef7b2-460x460.png 460w\" sizes=\"(max-width: 800px) 100vw, 800px\" \/> <img loading=\"lazy\" decoding=\"async\" class=\"alignnone wp-image-9270 size-full\" src=\"https:\/\/www.carliseppf.com\/wp-content\/uploads\/2025\/10\/3d40f45354fd7aebeabc12009e3c5867.png\" alt=\"Film teint\u00e9 pour fen\u00eatres de voiture automobile \u2013 Film durable en 1 couche pour rejet de chaleur\" width=\"800\" height=\"800\" srcset=\"https:\/\/www.carliseppf.com\/wp-content\/uploads\/2025\/10\/3d40f45354fd7aebeabc12009e3c5867.png 800w, https:\/\/www.carliseppf.com\/wp-content\/uploads\/2025\/10\/3d40f45354fd7aebeabc12009e3c5867-300x300.png 300w, https:\/\/www.carliseppf.com\/wp-content\/uploads\/2025\/10\/3d40f45354fd7aebeabc12009e3c5867-150x150.png 150w, https:\/\/www.carliseppf.com\/wp-content\/uploads\/2025\/10\/3d40f45354fd7aebeabc12009e3c5867-768x768.png 768w, https:\/\/www.carliseppf.com\/wp-content\/uploads\/2025\/10\/3d40f45354fd7aebeabc12009e3c5867-370x370.png 370w, https:\/\/www.carliseppf.com\/wp-content\/uploads\/2025\/10\/3d40f45354fd7aebeabc12009e3c5867-120x120.png 120w, https:\/\/www.carliseppf.com\/wp-content\/uploads\/2025\/10\/3d40f45354fd7aebeabc12009e3c5867-410x410.png 410w, https:\/\/www.carliseppf.com\/wp-content\/uploads\/2025\/10\/3d40f45354fd7aebeabc12009e3c5867-630x630.png 630w, https:\/\/www.carliseppf.com\/wp-content\/uploads\/2025\/10\/3d40f45354fd7aebeabc12009e3c5867-730x730.png 730w, https:\/\/www.carliseppf.com\/wp-content\/uploads\/2025\/10\/3d40f45354fd7aebeabc12009e3c5867-460x460.png 460w\" sizes=\"(max-width: 800px) 100vw, 800px\" \/><\/p>","protected":false},"excerpt":{"rendered":"<p>Haute qualit\u00e9 <strong data-start=\"411\" data-end=\"435\">film de teinte pour vitres de voiture<\/strong> avec une \u00e9paisseur de 1 couche pour une protection UV sup\u00e9rieure, un rejet de chaleur, et une meilleure confidentialit\u00e9 du v\u00e9hicule. Approvisionnement direct d'usine supportant les commandes en gros et les tailles personnalis\u00e9es, id\u00e9al pour les installateurs professionnels et les passionn\u00e9s d'automobiles.<\/p>","protected":false},"featured_media":9267,"comment_status":"open","ping_status":"closed","template":"","meta":[],"product_brand":[],"product_cat":[217],"product_tag":[],"class_list":{"0":"post-9266","1":"product","2":"type-product","3":"status-publish","4":"has-post-thumbnail","6":"product_cat-window-tint-films","8":"first","9":"instock","10":"shipping-taxable","11":"product-type-simple"},"_links":{"self":[{"href":"https:\/\/www.carliseppf.com\/fr\/wp-json\/wp\/v2\/product\/9266","targetHints":{"allow":["GET"]}}],"collection":[{"href":"https:\/\/www.carliseppf.com\/fr\/wp-json\/wp\/v2\/product"}],"about":[{"href":"https:\/\/www.carliseppf.com\/fr\/wp-json\/wp\/v2\/types\/product"}],"replies":[{"embeddable":true,"href":"https:\/\/www.carliseppf.com\/fr\/wp-json\/wp\/v2\/comments?post=9266"}],"wp:featuredmedia":[{"embeddable":true,"href":"https:\/\/www.carliseppf.com\/fr\/wp-json\/wp\/v2\/media\/9267"}],"wp:attachment":[{"href":"https:\/\/www.carliseppf.com\/fr\/wp-json\/wp\/v2\/media?parent=9266"}],"wp:term":[{"taxonomy":"product_brand","embeddable":true,"href":"https:\/\/www.carliseppf.com\/fr\/wp-json\/wp\/v2\/product_brand?post=9266"},{"taxonomy":"product_cat","embeddable":true,"href":"https:\/\/www.carliseppf.com\/fr\/wp-json\/wp\/v2\/product_cat?post=9266"},{"taxonomy":"product_tag","embeddable":true,"href":"https:\/\/www.carliseppf.com\/fr\/wp-json\/wp\/v2\/product_tag?post=9266"}],"curies":[{"name":"wp","href":"https:\/\/api.w.org\/{rel}","templated":true}]}}