{"id":9275,"date":"2025-10-28T04:03:03","date_gmt":"2025-10-28T04:03:03","guid":{"rendered":"https:\/\/www.carliseppf.com\/?post_type=product&#038;p=9275"},"modified":"2025-11-20T12:11:20","modified_gmt":"2025-11-20T12:11:20","slug":"window-tint-kit-blue-2mil","status":"publish","type":"product","link":"https:\/\/www.carliseppf.com\/fr\/produit\/window-tint-kit-blue-2mil\/","title":{"rendered":"Film chameleon bleu de 2 mil \u2013 Kit de teinte pour fen\u00eatres premium"},"content":{"rendered":"<h2 data-start=\"674\" data-end=\"695\">Aper\u00e7u du produit<\/h2>\n<p data-start=\"696\" data-end=\"1007\">Ce <strong data-start=\"701\" data-end=\"720\">kit de teinte de fen\u00eatre<\/strong> caract\u00e9ristiques d'une \u00e9paisseur de 2 mil et d'un effet chameleon violet unique, offrant une meilleure rejection de la chaleur, une protection UV et une confidentialit\u00e9 am\u00e9lior\u00e9e pour le v\u00e9hicule. Parfait pour voitures, SUV, camions et motos. Approvisionnement direct d'usine supportant les commandes en gros et la personnalisation des tailles pour les installateurs professionnels.<\/p>\n<h2 data-start=\"1009\" data-end=\"1033\">Caract\u00e9ristiques &amp; Avantages<\/h2>\n<ul data-start=\"1034\" data-end=\"1317\">\n<li data-start=\"1034\" data-end=\"1091\">\n<p data-start=\"1036\" data-end=\"1091\">Haute qualit\u00e9 <strong data-start=\"1049\" data-end=\"1068\">kit de teinte de fen\u00eatre<\/strong> avec une \u00e9paisseur de 2 mil<\/p>\n<\/li>\n<li data-start=\"1092\" data-end=\"1146\">\n<p data-start=\"1094\" data-end=\"1146\">Couleur chameleon bleu unique pour une apparence \u00e9l\u00e9gante<\/p>\n<\/li>\n<li data-start=\"1147\" data-end=\"1205\">\n<p data-start=\"1149\" data-end=\"1205\">propri\u00e9t\u00e9s r\u00e9sistantes aux UV, r\u00e9duisant la chaleur et anti-reflet<\/p>\n<\/li>\n<li data-start=\"1206\" data-end=\"1246\">\n<p data-start=\"1208\" data-end=\"1246\">Facile \u00e0 appliquer sur toutes les fen\u00eatres de v\u00e9hicule<\/p>\n<\/li>\n<li data-start=\"1247\" data-end=\"1317\">\n<p data-start=\"1249\" data-end=\"1317\">Id\u00e9al pour les commandes en gros, les tailles personnalis\u00e9es et l'installation professionnelle<\/p>\n<\/li>\n<\/ul>\n<h2 data-start=\"1319\" data-end=\"1342\">Mat\u00e9riau &amp; Qualit\u00e9<\/h2>\n<ul data-start=\"1343\" data-end=\"1504\">\n<li data-start=\"1343\" data-end=\"1380\">\n<p data-start=\"1345\" data-end=\"1380\">Film PET de qualit\u00e9 automobile premium<\/p>\n<\/li>\n<li data-start=\"1381\" data-end=\"1429\">\n<p data-start=\"1383\" data-end=\"1429\">Durable, r\u00e9sistant aux rayures et longue dur\u00e9e<\/p>\n<\/li>\n<li data-start=\"1430\" data-end=\"1475\">\n<p data-start=\"1432\" data-end=\"1475\">Maintient la clart\u00e9 tout en offrant de l'intimit\u00e9<\/p>\n<\/li>\n<li data-start=\"1476\" data-end=\"1504\">\n<p data-start=\"1478\" data-end=\"1504\">S\u00fbr pour toutes les fen\u00eatres OEM<\/p>\n<\/li>\n<\/ul>\n<h2 data-start=\"1506\" data-end=\"1539\">Installation &amp; Personnalisation<\/h2>\n<ul data-start=\"1540\" data-end=\"1748\">\n<li data-start=\"1540\" data-end=\"1592\">\n<p data-start=\"1542\" data-end=\"1592\">Adh\u00e9sif \u00e0 lib\u00e9ration d'air pour une application sans bulles<\/p>\n<\/li>\n<li data-start=\"1593\" data-end=\"1631\">\n<p data-start=\"1595\" data-end=\"1631\">Formable \u00e0 la chaleur pour les courbes et les bords<\/p>\n<\/li>\n<li data-start=\"1632\" data-end=\"1693\">\n<p data-start=\"1634\" data-end=\"1693\">Rouleaux personnalisables disponibles pour les commandes en gros ou en gros<\/p>\n<\/li>\n<li data-start=\"1694\" data-end=\"1748\">\n<p data-start=\"1696\" data-end=\"1748\">Convient aux installateurs professionnels et aux utilisateurs DIY<\/p>\n<\/li>\n<\/ul>\n<h2 data-start=\"1750\" data-end=\"1767\">Applications<\/h2>\n<ul data-start=\"1768\" data-end=\"1939\">\n<li data-start=\"1768\" data-end=\"1827\">\n<p data-start=\"1770\" data-end=\"1827\">Couverture compl\u00e8te des fen\u00eatres de la voiture pour l'intimit\u00e9 et la rejection de la chaleur<\/p>\n<\/li>\n<li data-start=\"1828\" data-end=\"1887\">\n<p data-start=\"1830\" data-end=\"1887\">Teintage partiel des fen\u00eatres pour les fen\u00eatres avant, lat\u00e9rales ou arri\u00e8re<\/p>\n<\/li>\n<li data-start=\"1888\" data-end=\"1939\">\n<p data-start=\"1890\" data-end=\"1939\">Parfait pour voitures, SUV, camions et motos<\/p>\n<\/li>\n<\/ul>\n<h2 data-start=\"1941\" data-end=\"1960\">Principaux avantages<\/h2>\n<ul data-start=\"1961\" data-end=\"2258\">\n<li data-start=\"1961\" data-end=\"2020\">\n<p data-start=\"1963\" data-end=\"2020\">Effet chameleon bleu \u00e9l\u00e9gant pour un look de v\u00e9hicule unique<\/p>\n<\/li>\n<li data-start=\"2021\" data-end=\"2079\">\n<p data-start=\"2023\" data-end=\"2079\">Fourniture directe d'usine et personnalisation en gros disponible<\/p>\n<\/li>\n<li data-start=\"2080\" data-end=\"2130\">\n<p data-start=\"2082\" data-end=\"2130\">De qualit\u00e9 professionnelle <strong data-start=\"2101\" data-end=\"2120\">kit de teinte de fen\u00eatre<\/strong> qualit\u00e9<\/p>\n<\/li>\n<li data-start=\"2131\" data-end=\"2194\">\n<p data-start=\"2133\" data-end=\"2194\">Installation facile pour les utilisateurs DIY et les installateurs professionnels<\/p>\n<\/li>\n<li data-start=\"2195\" data-end=\"2258\">\n<p data-start=\"2197\" data-end=\"2258\">Id\u00e9al pour les ateliers automobiles, les installateurs et les passionn\u00e9s de voitures<\/p>\n<\/li>\n<\/ul>\n<h2 data-start=\"2260\" data-end=\"2281\">Contenu du paquet<\/h2>\n<ul data-start=\"2282\" data-end=\"2402\">\n<li data-start=\"2282\" data-end=\"2333\">\n<p data-start=\"2284\" data-end=\"2333\">1 rouleau de film teint\u00e9 pour fen\u00eatres en chameleon bleu de 2 mils<\/p>\n<\/li>\n<li data-start=\"2334\" data-end=\"2402\">\n<p data-start=\"2336\" data-end=\"2402\">Kit d'installation optionnel : raclette, cutter, chiffon en microfibre<\/p>\n<\/li>\n<\/ul>\n<h2 data-start=\"2404\" data-end=\"2433\">Pourquoi choisir ce produit ?<\/h2>\n<p data-start=\"2434\" data-end=\"2657\">Ce vinyle premium <strong data-start=\"2447\" data-end=\"2466\">kit de teinte de fen\u00eatre<\/strong> offre un \u00e9quilibre parfait entre style, protection UV, rejet de chaleur et vie priv\u00e9e. La fourniture directe d'usine garantit des commandes en gros et la personnalisation pour les installateurs professionnels ou les passionn\u00e9s de voitures.<\/p>\n<p><img fetchpriority=\"high\" decoding=\"async\" class=\"alignnone wp-image-9268 size-full\" src=\"https:\/\/www.carliseppf.com\/wp-content\/uploads\/2025\/10\/7ff4d022d5fb57cf43e71cfed1c3d236.png\" alt=\"kit de teinte de fen\u00eatre\" width=\"800\" height=\"800\" srcset=\"https:\/\/www.carliseppf.com\/wp-content\/uploads\/2025\/10\/7ff4d022d5fb57cf43e71cfed1c3d236.png 800w, https:\/\/www.carliseppf.com\/wp-content\/uploads\/2025\/10\/7ff4d022d5fb57cf43e71cfed1c3d236-300x300.png 300w, https:\/\/www.carliseppf.com\/wp-content\/uploads\/2025\/10\/7ff4d022d5fb57cf43e71cfed1c3d236-150x150.png 150w, https:\/\/www.carliseppf.com\/wp-content\/uploads\/2025\/10\/7ff4d022d5fb57cf43e71cfed1c3d236-768x768.png 768w, https:\/\/www.carliseppf.com\/wp-content\/uploads\/2025\/10\/7ff4d022d5fb57cf43e71cfed1c3d236-370x370.png 370w, https:\/\/www.carliseppf.com\/wp-content\/uploads\/2025\/10\/7ff4d022d5fb57cf43e71cfed1c3d236-120x120.png 120w, https:\/\/www.carliseppf.com\/wp-content\/uploads\/2025\/10\/7ff4d022d5fb57cf43e71cfed1c3d236-410x410.png 410w, https:\/\/www.carliseppf.com\/wp-content\/uploads\/2025\/10\/7ff4d022d5fb57cf43e71cfed1c3d236-630x630.png 630w, https:\/\/www.carliseppf.com\/wp-content\/uploads\/2025\/10\/7ff4d022d5fb57cf43e71cfed1c3d236-730x730.png 730w, https:\/\/www.carliseppf.com\/wp-content\/uploads\/2025\/10\/7ff4d022d5fb57cf43e71cfed1c3d236-460x460.png 460w\" sizes=\"(max-width: 800px) 100vw, 800px\" \/> <img decoding=\"async\" class=\"alignnone wp-image-9269 size-full\" src=\"https:\/\/www.carliseppf.com\/wp-content\/uploads\/2025\/10\/ba2d5564652e49302b748bd4da89e49d.png\" alt=\"Kit de film teint\u00e9 pour fen\u00eatres \u2013 film chameleon bleu de 2 mils pour une couverture compl\u00e8te du v\u00e9hicule\" width=\"800\" height=\"800\" srcset=\"https:\/\/www.carliseppf.com\/wp-content\/uploads\/2025\/10\/ba2d5564652e49302b748bd4da89e49d.png 800w, https:\/\/www.carliseppf.com\/wp-content\/uploads\/2025\/10\/ba2d5564652e49302b748bd4da89e49d-300x300.png 300w, https:\/\/www.carliseppf.com\/wp-content\/uploads\/2025\/10\/ba2d5564652e49302b748bd4da89e49d-150x150.png 150w, https:\/\/www.carliseppf.com\/wp-content\/uploads\/2025\/10\/ba2d5564652e49302b748bd4da89e49d-768x768.png 768w, https:\/\/www.carliseppf.com\/wp-content\/uploads\/2025\/10\/ba2d5564652e49302b748bd4da89e49d-370x370.png 370w, https:\/\/www.carliseppf.com\/wp-content\/uploads\/2025\/10\/ba2d5564652e49302b748bd4da89e49d-120x120.png 120w, https:\/\/www.carliseppf.com\/wp-content\/uploads\/2025\/10\/ba2d5564652e49302b748bd4da89e49d-410x410.png 410w, https:\/\/www.carliseppf.com\/wp-content\/uploads\/2025\/10\/ba2d5564652e49302b748bd4da89e49d-630x630.png 630w, https:\/\/www.carliseppf.com\/wp-content\/uploads\/2025\/10\/ba2d5564652e49302b748bd4da89e49d-730x730.png 730w, https:\/\/www.carliseppf.com\/wp-content\/uploads\/2025\/10\/ba2d5564652e49302b748bd4da89e49d-460x460.png 460w\" sizes=\"(max-width: 800px) 100vw, 800px\" \/> <img decoding=\"async\" class=\"alignnone wp-image-9273 size-full\" src=\"https:\/\/www.carliseppf.com\/wp-content\/uploads\/2025\/10\/2a17e4b44799b2f3aabc02d82c4e1fcd.png\" alt=\"Kit de film teint\u00e9 premium \u2013 film de protection UV et rejet de la chaleur\" width=\"800\" height=\"989\" srcset=\"https:\/\/www.carliseppf.com\/wp-content\/uploads\/2025\/10\/2a17e4b44799b2f3aabc02d82c4e1fcd.png 800w, https:\/\/www.carliseppf.com\/wp-content\/uploads\/2025\/10\/2a17e4b44799b2f3aabc02d82c4e1fcd-243x300.png 243w, https:\/\/www.carliseppf.com\/wp-content\/uploads\/2025\/10\/2a17e4b44799b2f3aabc02d82c4e1fcd-768x949.png 768w, https:\/\/www.carliseppf.com\/wp-content\/uploads\/2025\/10\/2a17e4b44799b2f3aabc02d82c4e1fcd-370x457.png 370w, https:\/\/www.carliseppf.com\/wp-content\/uploads\/2025\/10\/2a17e4b44799b2f3aabc02d82c4e1fcd-410x507.png 410w, https:\/\/www.carliseppf.com\/wp-content\/uploads\/2025\/10\/2a17e4b44799b2f3aabc02d82c4e1fcd-730x902.png 730w\" sizes=\"(max-width: 800px) 100vw, 800px\" \/> <img loading=\"lazy\" decoding=\"async\" class=\"alignnone wp-image-9274 size-full\" src=\"https:\/\/www.carliseppf.com\/wp-content\/uploads\/2025\/10\/0c6be8a5589ebcb8d9bda893698f4c8c.png\" alt=\"Kit de film teint\u00e9 bleu \u00e9l\u00e9gant \u2013 film durable et r\u00e9sistant aux rayures\" width=\"800\" height=\"800\" srcset=\"https:\/\/www.carliseppf.com\/wp-content\/uploads\/2025\/10\/0c6be8a5589ebcb8d9bda893698f4c8c.png 800w, https:\/\/www.carliseppf.com\/wp-content\/uploads\/2025\/10\/0c6be8a5589ebcb8d9bda893698f4c8c-300x300.png 300w, https:\/\/www.carliseppf.com\/wp-content\/uploads\/2025\/10\/0c6be8a5589ebcb8d9bda893698f4c8c-150x150.png 150w, https:\/\/www.carliseppf.com\/wp-content\/uploads\/2025\/10\/0c6be8a5589ebcb8d9bda893698f4c8c-768x768.png 768w, https:\/\/www.carliseppf.com\/wp-content\/uploads\/2025\/10\/0c6be8a5589ebcb8d9bda893698f4c8c-370x370.png 370w, https:\/\/www.carliseppf.com\/wp-content\/uploads\/2025\/10\/0c6be8a5589ebcb8d9bda893698f4c8c-120x120.png 120w, https:\/\/www.carliseppf.com\/wp-content\/uploads\/2025\/10\/0c6be8a5589ebcb8d9bda893698f4c8c-410x410.png 410w, https:\/\/www.carliseppf.com\/wp-content\/uploads\/2025\/10\/0c6be8a5589ebcb8d9bda893698f4c8c-630x630.png 630w, https:\/\/www.carliseppf.com\/wp-content\/uploads\/2025\/10\/0c6be8a5589ebcb8d9bda893698f4c8c-730x730.png 730w, https:\/\/www.carliseppf.com\/wp-content\/uploads\/2025\/10\/0c6be8a5589ebcb8d9bda893698f4c8c-460x460.png 460w\" sizes=\"(max-width: 800px) 100vw, 800px\" \/> <img loading=\"lazy\" decoding=\"async\" class=\"alignnone wp-image-9271 size-full\" src=\"https:\/\/www.carliseppf.com\/wp-content\/uploads\/2025\/10\/c5d2f6550e7a34e29d3e3bc4c9aef7b2.png\" alt=\"Kit de film teint\u00e9 pour fen\u00eatres direct d&#039;usine \u2013 film chameleon de 2 mils pour voitures et SUV\" width=\"800\" height=\"800\" srcset=\"https:\/\/www.carliseppf.com\/wp-content\/uploads\/2025\/10\/c5d2f6550e7a34e29d3e3bc4c9aef7b2.png 800w, https:\/\/www.carliseppf.com\/wp-content\/uploads\/2025\/10\/c5d2f6550e7a34e29d3e3bc4c9aef7b2-300x300.png 300w, https:\/\/www.carliseppf.com\/wp-content\/uploads\/2025\/10\/c5d2f6550e7a34e29d3e3bc4c9aef7b2-150x150.png 150w, https:\/\/www.carliseppf.com\/wp-content\/uploads\/2025\/10\/c5d2f6550e7a34e29d3e3bc4c9aef7b2-768x768.png 768w, https:\/\/www.carliseppf.com\/wp-content\/uploads\/2025\/10\/c5d2f6550e7a34e29d3e3bc4c9aef7b2-370x370.png 370w, https:\/\/www.carliseppf.com\/wp-content\/uploads\/2025\/10\/c5d2f6550e7a34e29d3e3bc4c9aef7b2-120x120.png 120w, https:\/\/www.carliseppf.com\/wp-content\/uploads\/2025\/10\/c5d2f6550e7a34e29d3e3bc4c9aef7b2-410x410.png 410w, https:\/\/www.carliseppf.com\/wp-content\/uploads\/2025\/10\/c5d2f6550e7a34e29d3e3bc4c9aef7b2-630x630.png 630w, https:\/\/www.carliseppf.com\/wp-content\/uploads\/2025\/10\/c5d2f6550e7a34e29d3e3bc4c9aef7b2-730x730.png 730w, https:\/\/www.carliseppf.com\/wp-content\/uploads\/2025\/10\/c5d2f6550e7a34e29d3e3bc4c9aef7b2-460x460.png 460w\" sizes=\"(max-width: 800px) 100vw, 800px\" \/><\/p>","protected":false},"excerpt":{"rendered":"<p>Premium <strong data-start=\"401\" data-end=\"420\">kit de teinte de fen\u00eatre<\/strong> avec une \u00e9paisseur de 2 mils dans un design chameleon bleu. Offre une protection UV, une rejection de la chaleur et une confidentialit\u00e9 renforc\u00e9e pour les voitures. Approvisionnement direct d'usine supportant les commandes en gros et la personnalisation, id\u00e9al pour les professionnels et passionn\u00e9s de l'automobile.<\/p>","protected":false},"featured_media":9278,"comment_status":"open","ping_status":"closed","template":"","meta":[],"product_brand":[],"product_cat":[217],"product_tag":[],"class_list":{"0":"post-9275","1":"product","2":"type-product","3":"status-publish","4":"has-post-thumbnail","6":"product_cat-window-tint-films","8":"first","9":"instock","10":"shipping-taxable","11":"product-type-simple"},"_links":{"self":[{"href":"https:\/\/www.carliseppf.com\/fr\/wp-json\/wp\/v2\/product\/9275","targetHints":{"allow":["GET"]}}],"collection":[{"href":"https:\/\/www.carliseppf.com\/fr\/wp-json\/wp\/v2\/product"}],"about":[{"href":"https:\/\/www.carliseppf.com\/fr\/wp-json\/wp\/v2\/types\/product"}],"replies":[{"embeddable":true,"href":"https:\/\/www.carliseppf.com\/fr\/wp-json\/wp\/v2\/comments?post=9275"}],"wp:featuredmedia":[{"embeddable":true,"href":"https:\/\/www.carliseppf.com\/fr\/wp-json\/wp\/v2\/media\/9278"}],"wp:attachment":[{"href":"https:\/\/www.carliseppf.com\/fr\/wp-json\/wp\/v2\/media?parent=9275"}],"wp:term":[{"taxonomy":"product_brand","embeddable":true,"href":"https:\/\/www.carliseppf.com\/fr\/wp-json\/wp\/v2\/product_brand?post=9275"},{"taxonomy":"product_cat","embeddable":true,"href":"https:\/\/www.carliseppf.com\/fr\/wp-json\/wp\/v2\/product_cat?post=9275"},{"taxonomy":"product_tag","embeddable":true,"href":"https:\/\/www.carliseppf.com\/fr\/wp-json\/wp\/v2\/product_tag?post=9275"}],"curies":[{"name":"wp","href":"https:\/\/api.w.org\/{rel}","templated":true}]}}