{"id":9279,"date":"2025-10-28T04:04:56","date_gmt":"2025-10-28T04:04:56","guid":{"rendered":"https:\/\/www.carliseppf.com\/?post_type=product&#038;p=9279"},"modified":"2025-11-20T12:07:38","modified_gmt":"2025-11-20T12:07:38","slug":"car-window-tint-purple-2mil","status":"publish","type":"product","link":"https:\/\/www.carliseppf.com\/fr\/produit\/car-window-tint-purple-2mil\/","title":{"rendered":"Film Chameleon Violet 2 mil \u2013 Teinte de Fen\u00eatre de Voiture Premium"},"content":{"rendered":"<h2 data-start=\"678\" data-end=\"699\">Aper\u00e7u du produit<\/h2>\n<p data-start=\"700\" data-end=\"1013\">Ce <strong data-start=\"705\" data-end=\"724\">teinte de fen\u00eatre de voiture<\/strong> caract\u00e9ristiques d'une \u00e9paisseur de 2 mil et d'un effet chameleon violet unique, offrant une meilleure rejection de la chaleur, une protection UV et une confidentialit\u00e9 am\u00e9lior\u00e9e pour le v\u00e9hicule. Parfait pour voitures, SUV, camions et motos. Approvisionnement direct d'usine supportant les commandes en gros et la personnalisation des tailles pour les installateurs professionnels.<\/p>\n<h2 style=\"color: #ffffff; font-family: Manrope, sans-serif; font-size: 47.005px; font-weight: 600; font-style: normal; line-height: 47.9921px; text-decoration: none; text-transform: none; letter-spacing: normal; margin-top: 31.4934px; margin-bottom: 22.5624px; outline: 0px;\" data-start=\"1327\" data-end=\"1350\"><img fetchpriority=\"high\" decoding=\"async\" class=\"alignnone wp-image-9268 size-full\" style=\"color: #c0c0c1; font-size: 17px; font-weight: 400;\" src=\"https:\/\/www.carliseppf.com\/wp-content\/uploads\/2025\/10\/7ff4d022d5fb57cf43e71cfed1c3d236.png\" alt=\"teinte de fen\u00eatre de voiture\" width=\"800\" height=\"800\" srcset=\"https:\/\/www.carliseppf.com\/wp-content\/uploads\/2025\/10\/7ff4d022d5fb57cf43e71cfed1c3d236.png 800w, https:\/\/www.carliseppf.com\/wp-content\/uploads\/2025\/10\/7ff4d022d5fb57cf43e71cfed1c3d236-300x300.png 300w, https:\/\/www.carliseppf.com\/wp-content\/uploads\/2025\/10\/7ff4d022d5fb57cf43e71cfed1c3d236-150x150.png 150w, https:\/\/www.carliseppf.com\/wp-content\/uploads\/2025\/10\/7ff4d022d5fb57cf43e71cfed1c3d236-768x768.png 768w, https:\/\/www.carliseppf.com\/wp-content\/uploads\/2025\/10\/7ff4d022d5fb57cf43e71cfed1c3d236-370x370.png 370w, https:\/\/www.carliseppf.com\/wp-content\/uploads\/2025\/10\/7ff4d022d5fb57cf43e71cfed1c3d236-120x120.png 120w, https:\/\/www.carliseppf.com\/wp-content\/uploads\/2025\/10\/7ff4d022d5fb57cf43e71cfed1c3d236-410x410.png 410w, https:\/\/www.carliseppf.com\/wp-content\/uploads\/2025\/10\/7ff4d022d5fb57cf43e71cfed1c3d236-630x630.png 630w, https:\/\/www.carliseppf.com\/wp-content\/uploads\/2025\/10\/7ff4d022d5fb57cf43e71cfed1c3d236-730x730.png 730w, https:\/\/www.carliseppf.com\/wp-content\/uploads\/2025\/10\/7ff4d022d5fb57cf43e71cfed1c3d236-460x460.png 460w\" sizes=\"(max-width: 800px) 100vw, 800px\" \/><\/h2>\n<h2 data-start=\"1015\" data-end=\"1039\">Caract\u00e9ristiques &amp; Avantages<\/h2>\n<ul data-start=\"1040\" data-end=\"1325\">\n<li data-start=\"1040\" data-end=\"1097\">\n<p data-start=\"1042\" data-end=\"1097\">Haute qualit\u00e9 <strong data-start=\"1055\" data-end=\"1074\">teinte de fen\u00eatre de voiture<\/strong> avec une \u00e9paisseur de 2 mil<\/p>\n<\/li>\n<li data-start=\"1098\" data-end=\"1154\">\n<p data-start=\"1100\" data-end=\"1154\">Couleur chameleon violet unique pour une apparence \u00e9l\u00e9gante<\/p>\n<\/li>\n<li data-start=\"1155\" data-end=\"1213\">\n<p data-start=\"1157\" data-end=\"1213\">propri\u00e9t\u00e9s r\u00e9sistantes aux UV, r\u00e9duisant la chaleur et anti-reflet<\/p>\n<\/li>\n<li data-start=\"1214\" data-end=\"1254\">\n<p data-start=\"1216\" data-end=\"1254\">Facile \u00e0 appliquer sur toutes les fen\u00eatres de v\u00e9hicule<\/p>\n<\/li>\n<li data-start=\"1255\" data-end=\"1325\">\n<p data-start=\"1257\" data-end=\"1325\">Id\u00e9al pour les commandes en gros, les tailles personnalis\u00e9es et l'installation professionnelle<\/p>\n<\/li>\n<\/ul>\n<h2 data-start=\"1327\" data-end=\"1350\">Mat\u00e9riau &amp; Qualit\u00e9<\/h2>\n<ul data-start=\"1351\" data-end=\"1512\">\n<li data-start=\"1351\" data-end=\"1388\">\n<p data-start=\"1353\" data-end=\"1388\">Film PET de qualit\u00e9 automobile premium<\/p>\n<\/li>\n<li data-start=\"1389\" data-end=\"1437\">\n<p data-start=\"1391\" data-end=\"1437\">Durable, r\u00e9sistant aux rayures et longue dur\u00e9e<\/p>\n<\/li>\n<li data-start=\"1438\" data-end=\"1483\">\n<p data-start=\"1440\" data-end=\"1483\">Maintient la clart\u00e9 tout en offrant de l'intimit\u00e9<\/p>\n<\/li>\n<li data-start=\"1484\" data-end=\"1512\">\n<p data-start=\"1486\" data-end=\"1512\">S\u00fbr pour toutes les fen\u00eatres OEM<\/p>\n<\/li>\n<\/ul>\n<h2 data-start=\"1514\" data-end=\"1547\">Installation &amp; Personnalisation<\/h2>\n<ul data-start=\"1548\" data-end=\"1756\">\n<li data-start=\"1548\" data-end=\"1600\">\n<p data-start=\"1550\" data-end=\"1600\">Adh\u00e9sif \u00e0 lib\u00e9ration d'air pour une application sans bulles<\/p>\n<\/li>\n<li data-start=\"1601\" data-end=\"1639\">\n<p data-start=\"1603\" data-end=\"1639\">Formable \u00e0 la chaleur pour les courbes et les bords<\/p>\n<\/li>\n<li data-start=\"1640\" data-end=\"1701\">\n<p data-start=\"1642\" data-end=\"1701\">Rouleaux personnalisables disponibles pour les commandes en gros ou en gros<\/p>\n<\/li>\n<li data-start=\"1702\" data-end=\"1756\">\n<p data-start=\"1704\" data-end=\"1756\">Convient aux installateurs professionnels et aux utilisateurs DIY<\/p>\n<\/li>\n<\/ul>\n<h2 data-start=\"1758\" data-end=\"1775\">Applications<\/h2>\n<ul data-start=\"1776\" data-end=\"1947\">\n<li data-start=\"1776\" data-end=\"1835\">\n<p data-start=\"1778\" data-end=\"1835\">Couverture compl\u00e8te des fen\u00eatres de la voiture pour l'intimit\u00e9 et la rejection de la chaleur<\/p>\n<\/li>\n<li data-start=\"1836\" data-end=\"1895\">\n<p data-start=\"1838\" data-end=\"1895\">Teintage partiel des fen\u00eatres pour les fen\u00eatres avant, lat\u00e9rales ou arri\u00e8re<\/p>\n<\/li>\n<li data-start=\"1896\" data-end=\"1947\">\n<p data-start=\"1898\" data-end=\"1947\">Parfait pour voitures, SUV, camions et motos<\/p>\n<\/li>\n<\/ul>\n<h2 data-start=\"1949\" data-end=\"1968\">Principaux avantages<\/h2>\n<ul data-start=\"1969\" data-end=\"2268\">\n<li data-start=\"1969\" data-end=\"2030\">\n<p data-start=\"1971\" data-end=\"2030\">Effet chameleon violet \u00e9l\u00e9gant pour un look unique du v\u00e9hicule<\/p>\n<\/li>\n<li data-start=\"2031\" data-end=\"2089\">\n<p data-start=\"2033\" data-end=\"2089\">Fourniture directe d'usine et personnalisation en gros disponible<\/p>\n<\/li>\n<li data-start=\"2090\" data-end=\"2140\">\n<p data-start=\"2092\" data-end=\"2140\">De qualit\u00e9 professionnelle <strong data-start=\"2111\" data-end=\"2130\">teinte de fen\u00eatre de voiture<\/strong> qualit\u00e9<\/p>\n<\/li>\n<li data-start=\"2141\" data-end=\"2204\">\n<p data-start=\"2143\" data-end=\"2204\">Installation facile pour les utilisateurs DIY et les installateurs professionnels<\/p>\n<\/li>\n<li data-start=\"2205\" data-end=\"2268\">\n<p data-start=\"2207\" data-end=\"2268\">Id\u00e9al pour les ateliers automobiles, les installateurs et les passionn\u00e9s de voitures<\/p>\n<\/li>\n<\/ul>\n<h2 data-start=\"2270\" data-end=\"2291\">Contenu du paquet<\/h2>\n<ul data-start=\"2292\" data-end=\"2418\">\n<li data-start=\"2292\" data-end=\"2349\">\n<p data-start=\"2294\" data-end=\"2349\">1 Rouleau de film de teinte pour vitres de voiture violet chameleon de 2 mil<\/p>\n<\/li>\n<li data-start=\"2350\" data-end=\"2418\">\n<p data-start=\"2352\" data-end=\"2418\">Kit d'installation optionnel : raclette, cutter, chiffon en microfibre<\/p>\n<\/li>\n<\/ul>\n<h2 data-start=\"2420\" data-end=\"2449\">Pourquoi choisir ce produit ?<\/h2>\n<p data-start=\"2450\" data-end=\"2673\">Ce vinyle premium <strong data-start=\"2463\" data-end=\"2482\">teinte de fen\u00eatre de voiture<\/strong> offre un \u00e9quilibre parfait entre style, protection UV, rejet de chaleur et vie priv\u00e9e. La fourniture directe d'usine garantit des commandes en gros et la personnalisation pour les installateurs professionnels ou les passionn\u00e9s de voitures.<\/p>\n<p>\u00a0<img decoding=\"async\" class=\"alignnone wp-image-9269 size-full\" src=\"https:\/\/www.carliseppf.com\/wp-content\/uploads\/2025\/10\/ba2d5564652e49302b748bd4da89e49d.png\" alt=\"Teinte pour vitres de voiture \u2013 Film chameleon violet de 2 mil pour une couverture compl\u00e8te du v\u00e9hicule\" width=\"800\" height=\"800\" srcset=\"https:\/\/www.carliseppf.com\/wp-content\/uploads\/2025\/10\/ba2d5564652e49302b748bd4da89e49d.png 800w, https:\/\/www.carliseppf.com\/wp-content\/uploads\/2025\/10\/ba2d5564652e49302b748bd4da89e49d-300x300.png 300w, https:\/\/www.carliseppf.com\/wp-content\/uploads\/2025\/10\/ba2d5564652e49302b748bd4da89e49d-150x150.png 150w, https:\/\/www.carliseppf.com\/wp-content\/uploads\/2025\/10\/ba2d5564652e49302b748bd4da89e49d-768x768.png 768w, https:\/\/www.carliseppf.com\/wp-content\/uploads\/2025\/10\/ba2d5564652e49302b748bd4da89e49d-370x370.png 370w, https:\/\/www.carliseppf.com\/wp-content\/uploads\/2025\/10\/ba2d5564652e49302b748bd4da89e49d-120x120.png 120w, https:\/\/www.carliseppf.com\/wp-content\/uploads\/2025\/10\/ba2d5564652e49302b748bd4da89e49d-410x410.png 410w, https:\/\/www.carliseppf.com\/wp-content\/uploads\/2025\/10\/ba2d5564652e49302b748bd4da89e49d-630x630.png 630w, https:\/\/www.carliseppf.com\/wp-content\/uploads\/2025\/10\/ba2d5564652e49302b748bd4da89e49d-730x730.png 730w, https:\/\/www.carliseppf.com\/wp-content\/uploads\/2025\/10\/ba2d5564652e49302b748bd4da89e49d-460x460.png 460w\" sizes=\"(max-width: 800px) 100vw, 800px\" \/> <img decoding=\"async\" class=\"alignnone wp-image-9273 size-full\" src=\"https:\/\/www.carliseppf.com\/wp-content\/uploads\/2025\/10\/2a17e4b44799b2f3aabc02d82c4e1fcd.png\" alt=\"Teinte pour vitres de voiture premium \u2013 Film de protection UV et rejet de chaleur\" width=\"800\" height=\"989\" srcset=\"https:\/\/www.carliseppf.com\/wp-content\/uploads\/2025\/10\/2a17e4b44799b2f3aabc02d82c4e1fcd.png 800w, https:\/\/www.carliseppf.com\/wp-content\/uploads\/2025\/10\/2a17e4b44799b2f3aabc02d82c4e1fcd-243x300.png 243w, https:\/\/www.carliseppf.com\/wp-content\/uploads\/2025\/10\/2a17e4b44799b2f3aabc02d82c4e1fcd-768x949.png 768w, https:\/\/www.carliseppf.com\/wp-content\/uploads\/2025\/10\/2a17e4b44799b2f3aabc02d82c4e1fcd-370x457.png 370w, https:\/\/www.carliseppf.com\/wp-content\/uploads\/2025\/10\/2a17e4b44799b2f3aabc02d82c4e1fcd-410x507.png 410w, https:\/\/www.carliseppf.com\/wp-content\/uploads\/2025\/10\/2a17e4b44799b2f3aabc02d82c4e1fcd-730x902.png 730w\" sizes=\"(max-width: 800px) 100vw, 800px\" \/> <img loading=\"lazy\" decoding=\"async\" class=\"alignnone wp-image-9274 size-full\" src=\"https:\/\/www.carliseppf.com\/wp-content\/uploads\/2025\/10\/0c6be8a5589ebcb8d9bda893698f4c8c.png\" alt=\"Teinte violette \u00e9l\u00e9gante pour vitres de voiture \u2013 Film durable et r\u00e9sistant aux rayures\" width=\"800\" height=\"800\" srcset=\"https:\/\/www.carliseppf.com\/wp-content\/uploads\/2025\/10\/0c6be8a5589ebcb8d9bda893698f4c8c.png 800w, https:\/\/www.carliseppf.com\/wp-content\/uploads\/2025\/10\/0c6be8a5589ebcb8d9bda893698f4c8c-300x300.png 300w, https:\/\/www.carliseppf.com\/wp-content\/uploads\/2025\/10\/0c6be8a5589ebcb8d9bda893698f4c8c-150x150.png 150w, https:\/\/www.carliseppf.com\/wp-content\/uploads\/2025\/10\/0c6be8a5589ebcb8d9bda893698f4c8c-768x768.png 768w, https:\/\/www.carliseppf.com\/wp-content\/uploads\/2025\/10\/0c6be8a5589ebcb8d9bda893698f4c8c-370x370.png 370w, https:\/\/www.carliseppf.com\/wp-content\/uploads\/2025\/10\/0c6be8a5589ebcb8d9bda893698f4c8c-120x120.png 120w, https:\/\/www.carliseppf.com\/wp-content\/uploads\/2025\/10\/0c6be8a5589ebcb8d9bda893698f4c8c-410x410.png 410w, https:\/\/www.carliseppf.com\/wp-content\/uploads\/2025\/10\/0c6be8a5589ebcb8d9bda893698f4c8c-630x630.png 630w, https:\/\/www.carliseppf.com\/wp-content\/uploads\/2025\/10\/0c6be8a5589ebcb8d9bda893698f4c8c-730x730.png 730w, https:\/\/www.carliseppf.com\/wp-content\/uploads\/2025\/10\/0c6be8a5589ebcb8d9bda893698f4c8c-460x460.png 460w\" sizes=\"(max-width: 800px) 100vw, 800px\" \/> <img loading=\"lazy\" decoding=\"async\" class=\"alignnone wp-image-9272 size-full\" src=\"https:\/\/www.carliseppf.com\/wp-content\/uploads\/2025\/10\/5069f7764369e32b60f8acc95cfde4ab.png\" alt=\"Teinte pour vitres de voiture directe d&#039;usine \u2013 Film chameleon de 2 mil pour voitures et SUV\" width=\"800\" height=\"800\" srcset=\"https:\/\/www.carliseppf.com\/wp-content\/uploads\/2025\/10\/5069f7764369e32b60f8acc95cfde4ab.png 800w, https:\/\/www.carliseppf.com\/wp-content\/uploads\/2025\/10\/5069f7764369e32b60f8acc95cfde4ab-300x300.png 300w, https:\/\/www.carliseppf.com\/wp-content\/uploads\/2025\/10\/5069f7764369e32b60f8acc95cfde4ab-150x150.png 150w, https:\/\/www.carliseppf.com\/wp-content\/uploads\/2025\/10\/5069f7764369e32b60f8acc95cfde4ab-768x768.png 768w, https:\/\/www.carliseppf.com\/wp-content\/uploads\/2025\/10\/5069f7764369e32b60f8acc95cfde4ab-370x370.png 370w, https:\/\/www.carliseppf.com\/wp-content\/uploads\/2025\/10\/5069f7764369e32b60f8acc95cfde4ab-120x120.png 120w, https:\/\/www.carliseppf.com\/wp-content\/uploads\/2025\/10\/5069f7764369e32b60f8acc95cfde4ab-410x410.png 410w, https:\/\/www.carliseppf.com\/wp-content\/uploads\/2025\/10\/5069f7764369e32b60f8acc95cfde4ab-630x630.png 630w, https:\/\/www.carliseppf.com\/wp-content\/uploads\/2025\/10\/5069f7764369e32b60f8acc95cfde4ab-730x730.png 730w, https:\/\/www.carliseppf.com\/wp-content\/uploads\/2025\/10\/5069f7764369e32b60f8acc95cfde4ab-460x460.png 460w\" sizes=\"(max-width: 800px) 100vw, 800px\" \/> <img loading=\"lazy\" decoding=\"async\" class=\"alignnone wp-image-9271 size-full\" src=\"https:\/\/www.carliseppf.com\/wp-content\/uploads\/2025\/10\/c5d2f6550e7a34e29d3e3bc4c9aef7b2.png\" alt=\"Teinte professionnelle pour vitres de voiture \u2013 Film violet chameleon facile \u00e0 appliquer\" width=\"800\" height=\"800\" srcset=\"https:\/\/www.carliseppf.com\/wp-content\/uploads\/2025\/10\/c5d2f6550e7a34e29d3e3bc4c9aef7b2.png 800w, https:\/\/www.carliseppf.com\/wp-content\/uploads\/2025\/10\/c5d2f6550e7a34e29d3e3bc4c9aef7b2-300x300.png 300w, https:\/\/www.carliseppf.com\/wp-content\/uploads\/2025\/10\/c5d2f6550e7a34e29d3e3bc4c9aef7b2-150x150.png 150w, https:\/\/www.carliseppf.com\/wp-content\/uploads\/2025\/10\/c5d2f6550e7a34e29d3e3bc4c9aef7b2-768x768.png 768w, https:\/\/www.carliseppf.com\/wp-content\/uploads\/2025\/10\/c5d2f6550e7a34e29d3e3bc4c9aef7b2-370x370.png 370w, https:\/\/www.carliseppf.com\/wp-content\/uploads\/2025\/10\/c5d2f6550e7a34e29d3e3bc4c9aef7b2-120x120.png 120w, https:\/\/www.carliseppf.com\/wp-content\/uploads\/2025\/10\/c5d2f6550e7a34e29d3e3bc4c9aef7b2-410x410.png 410w, https:\/\/www.carliseppf.com\/wp-content\/uploads\/2025\/10\/c5d2f6550e7a34e29d3e3bc4c9aef7b2-630x630.png 630w, https:\/\/www.carliseppf.com\/wp-content\/uploads\/2025\/10\/c5d2f6550e7a34e29d3e3bc4c9aef7b2-730x730.png 730w, https:\/\/www.carliseppf.com\/wp-content\/uploads\/2025\/10\/c5d2f6550e7a34e29d3e3bc4c9aef7b2-460x460.png 460w\" sizes=\"(max-width: 800px) 100vw, 800px\" \/><\/p>","protected":false},"excerpt":{"rendered":"<p>Premium <strong data-start=\"408\" data-end=\"427\">teinte de fen\u00eatre de voiture<\/strong> avec une \u00e9paisseur de 2 mil dans un design chameleon violet. Offre une protection UV, une rejection de la chaleur et de l'intimit\u00e9 pour les v\u00e9hicules. Approvisionnement direct d'usine supportant les commandes en gros et la personnalisation, id\u00e9al pour les professionnels et passionn\u00e9s de l'automobile.<\/p>","protected":false},"featured_media":9280,"comment_status":"open","ping_status":"closed","template":"","meta":[],"product_brand":[],"product_cat":[217],"product_tag":[],"class_list":{"0":"post-9279","1":"product","2":"type-product","3":"status-publish","4":"has-post-thumbnail","6":"product_cat-window-tint-films","8":"first","9":"instock","10":"shipping-taxable","11":"product-type-simple"},"_links":{"self":[{"href":"https:\/\/www.carliseppf.com\/fr\/wp-json\/wp\/v2\/product\/9279","targetHints":{"allow":["GET"]}}],"collection":[{"href":"https:\/\/www.carliseppf.com\/fr\/wp-json\/wp\/v2\/product"}],"about":[{"href":"https:\/\/www.carliseppf.com\/fr\/wp-json\/wp\/v2\/types\/product"}],"replies":[{"embeddable":true,"href":"https:\/\/www.carliseppf.com\/fr\/wp-json\/wp\/v2\/comments?post=9279"}],"wp:featuredmedia":[{"embeddable":true,"href":"https:\/\/www.carliseppf.com\/fr\/wp-json\/wp\/v2\/media\/9280"}],"wp:attachment":[{"href":"https:\/\/www.carliseppf.com\/fr\/wp-json\/wp\/v2\/media?parent=9279"}],"wp:term":[{"taxonomy":"product_brand","embeddable":true,"href":"https:\/\/www.carliseppf.com\/fr\/wp-json\/wp\/v2\/product_brand?post=9279"},{"taxonomy":"product_cat","embeddable":true,"href":"https:\/\/www.carliseppf.com\/fr\/wp-json\/wp\/v2\/product_cat?post=9279"},{"taxonomy":"product_tag","embeddable":true,"href":"https:\/\/www.carliseppf.com\/fr\/wp-json\/wp\/v2\/product_tag?post=9279"}],"curies":[{"name":"wp","href":"https:\/\/api.w.org\/{rel}","templated":true}]}}