{"id":9402,"date":"2025-11-06T09:38:10","date_gmt":"2025-11-06T09:38:10","guid":{"rendered":"https:\/\/www.carliseppf.com\/?post_type=product&#038;p=9402"},"modified":"2025-11-20T11:31:49","modified_gmt":"2025-11-20T11:31:49","slug":"clear-ppf-car-wrap-transparent-tpu","status":"publish","type":"product","link":"https:\/\/www.carliseppf.com\/fr\/produit\/clear-ppf-car-wrap-transparent-tpu\/","title":{"rendered":"Film de protection de la peinture TPU transparent de qualit\u00e9 sup\u00e9rieure \u2013 Garantie de 10 ans, mat\u00e9riaux premium en France"},"content":{"rendered":"<h2 data-start=\"757\" data-end=\"778\">Aper\u00e7u du produit<\/h2>\n<p data-start=\"779\" data-end=\"1165\">Ce <strong data-start=\"784\" data-end=\"806\">rev\u00eatement de voiture en PPF transparent<\/strong> Confectionn\u00e9 \u00e0 partir de mat\u00e9riaux TPU fran\u00e7ais de qualit\u00e9 sup\u00e9rieure, offrant une clart\u00e9 exceptionnelle, une auto-r\u00e9paration et une protection anti-rayures. Avec une garantie de 10 ans, il assure une protection durable de la peinture pour des enveloppements complets ou partiels sur voitures, motos, capots, miroirs et panneaux d\u00e9coratifs. Approvisionnement direct d'usine, supporte les commandes en gros et la personnalisation pour les installateurs professionnels.<\/p>\n<p data-start=\"779\" data-end=\"1165\"><img fetchpriority=\"high\" decoding=\"async\" class=\"alignnone wp-image-9375 size-full\" src=\"https:\/\/www.carliseppf.com\/wp-content\/uploads\/2025\/11\/\u53d1\u8d27.jpg\" alt=\"rev\u00eatement de voiture en PPF transparent\" width=\"1440\" height=\"1080\" srcset=\"https:\/\/www.carliseppf.com\/wp-content\/uploads\/2025\/11\/\u53d1\u8d27.jpg 1440w, https:\/\/www.carliseppf.com\/wp-content\/uploads\/2025\/11\/\u53d1\u8d27-300x225.jpg 300w, https:\/\/www.carliseppf.com\/wp-content\/uploads\/2025\/11\/\u53d1\u8d27-1024x768.jpg 1024w, https:\/\/www.carliseppf.com\/wp-content\/uploads\/2025\/11\/\u53d1\u8d27-768x576.jpg 768w, https:\/\/www.carliseppf.com\/wp-content\/uploads\/2025\/11\/\u53d1\u8d27-370x278.jpg 370w, https:\/\/www.carliseppf.com\/wp-content\/uploads\/2025\/11\/\u53d1\u8d27-840x630.jpg 840w, https:\/\/www.carliseppf.com\/wp-content\/uploads\/2025\/11\/\u53d1\u8d27-410x308.jpg 410w, https:\/\/www.carliseppf.com\/wp-content\/uploads\/2025\/11\/\u53d1\u8d27-730x548.jpg 730w, https:\/\/www.carliseppf.com\/wp-content\/uploads\/2025\/11\/elementor\/thumbs\/\u53d1\u8d27-re5rja5867tgsyfqoyoalvsonkkdojf2bxo1jjsmgo.jpg 400w\" sizes=\"(max-width: 1440px) 100vw, 1440px\" \/><\/p>\n<h2 data-start=\"1167\" data-end=\"1191\">Caract\u00e9ristiques &amp; Avantages<\/h2>\n<ul data-start=\"1192\" data-end=\"1475\">\n<li data-start=\"1192\" data-end=\"1256\">\n<p data-start=\"1194\" data-end=\"1256\">Film TPU transparent pour une haute clart\u00e9 <strong data-start=\"1232\" data-end=\"1254\">rev\u00eatement de voiture en PPF transparent<\/strong><\/p>\n<\/li>\n<li data-start=\"1257\" data-end=\"1301\">\n<p data-start=\"1259\" data-end=\"1301\">Technologie d'auto-r\u00e9paration et anti-rayures<\/p>\n<\/li>\n<li data-start=\"1302\" data-end=\"1343\">\n<p data-start=\"1304\" data-end=\"1343\">Finition brillante avec une durabilit\u00e9 premium<\/p>\n<\/li>\n<li data-start=\"1344\" data-end=\"1394\">\n<p data-start=\"1346\" data-end=\"1394\">Flexible et facile \u00e0 appliquer sur les courbes et les bords<\/p>\n<\/li>\n<li data-start=\"1395\" data-end=\"1475\">\n<p data-start=\"1397\" data-end=\"1475\">Id\u00e9al pour une couverture compl\u00e8te ou partielle du v\u00e9hicule, commandes en gros et projets personnalis\u00e9s<\/p>\n<\/li>\n<\/ul>\n<h2 data-start=\"1477\" data-end=\"1503\">Mat\u00e9riau de haute qualit\u00e9<\/h2>\n<ul data-start=\"1504\" data-end=\"1641\">\n<li data-start=\"1504\" data-end=\"1538\">\n<p data-start=\"1506\" data-end=\"1538\">Vinyle automobile TPU de haute qualit\u00e9<\/p>\n<\/li>\n<li data-start=\"1539\" data-end=\"1570\">\n<p data-start=\"1541\" data-end=\"1570\">R\u00e9sistant aux UV et \u00e0 l'eau<\/p>\n<\/li>\n<li data-start=\"1571\" data-end=\"1593\">\n<p data-start=\"1573\" data-end=\"1593\">S\u00fbr pour la peinture OEM<\/p>\n<\/li>\n<li data-start=\"1594\" data-end=\"1641\">\n<p data-start=\"1596\" data-end=\"1641\">Performance ext\u00e9rieure durable (10 ans)<\/p>\n<\/li>\n<\/ul>\n<h2 data-start=\"1643\" data-end=\"1676\">Installation &amp; Personnalisation<\/h2>\n<ul data-start=\"1677\" data-end=\"1875\">\n<li data-start=\"1677\" data-end=\"1729\">\n<p data-start=\"1679\" data-end=\"1729\">Adh\u00e9sif \u00e0 lib\u00e9ration d'air pour une application sans bulles<\/p>\n<\/li>\n<li data-start=\"1730\" data-end=\"1768\">\n<p data-start=\"1732\" data-end=\"1768\">Formable \u00e0 la chaleur pour les courbes et les bords<\/p>\n<\/li>\n<li data-start=\"1769\" data-end=\"1820\">\n<p data-start=\"1771\" data-end=\"1820\">Rouleaux personnalisables pour les commandes en gros ou en gros<\/p>\n<\/li>\n<li data-start=\"1821\" data-end=\"1875\">\n<p data-start=\"1823\" data-end=\"1875\">Convient aux installateurs professionnels et aux utilisateurs DIY<\/p>\n<\/li>\n<\/ul>\n<h2 data-start=\"1877\" data-end=\"1894\">Applications<\/h2>\n<ul data-start=\"1895\" data-end=\"2082\">\n<li data-start=\"1895\" data-end=\"1942\">\n<p data-start=\"1897\" data-end=\"1942\">Enveloppements complets de v\u00e9hicules : voitures, SUV, motos<\/p>\n<\/li>\n<li data-start=\"1943\" data-end=\"1993\">\n<p data-start=\"1945\" data-end=\"1993\">Wraps partiels : capots, toits, miroirs, spoilers<\/p>\n<\/li>\n<li data-start=\"1994\" data-end=\"2034\">\n<p data-start=\"1996\" data-end=\"2034\">Jupes int\u00e9rieures et panneaux d\u00e9coratifs<\/p>\n<\/li>\n<li data-start=\"2035\" data-end=\"2082\">\n<p data-start=\"2037\" data-end=\"2082\">Parfait pour <strong data-start=\"2049\" data-end=\"2071\">rev\u00eatement de voiture en PPF transparent<\/strong> projets<\/p>\n<\/li>\n<\/ul>\n<h2 data-start=\"2084\" data-end=\"2103\">Principaux avantages<\/h2>\n<ul data-start=\"2104\" data-end=\"2384\">\n<li data-start=\"2104\" data-end=\"2146\">\n<p data-start=\"2106\" data-end=\"2146\">Premium <strong data-start=\"2114\" data-end=\"2136\">rev\u00eatement de voiture en PPF transparent<\/strong> qualit\u00e9<\/p>\n<\/li>\n<li data-start=\"2147\" data-end=\"2203\">\n<p data-start=\"2149\" data-end=\"2203\">Auto-r\u00e9parant, anti-rayures et clart\u00e9 durable<\/p>\n<\/li>\n<li data-start=\"2204\" data-end=\"2258\">\n<p data-start=\"2206\" data-end=\"2258\">Directement de l'usine, enti\u00e8rement personnalisable pour les commandes en gros<\/p>\n<\/li>\n<li data-start=\"2259\" data-end=\"2322\">\n<p data-start=\"2261\" data-end=\"2322\">Installation facile pour les utilisateurs DIY et les installateurs professionnels<\/p>\n<\/li>\n<li data-start=\"2323\" data-end=\"2384\">\n<p data-start=\"2325\" data-end=\"2384\">Parfait pour les ateliers automobiles, les installateurs et les passionn\u00e9s<\/p>\n<\/li>\n<\/ul>\n<h2 data-start=\"2386\" data-end=\"2407\">Contenu du paquet<\/h2>\n<ul data-start=\"2408\" data-end=\"2515\">\n<li data-start=\"2408\" data-end=\"2446\">\n<p data-start=\"2410\" data-end=\"2446\">1 Rouleau de film TPU PPF transparent<\/p>\n<\/li>\n<li data-start=\"2447\" data-end=\"2515\">\n<p data-start=\"2449\" data-end=\"2515\">Kit d'installation optionnel : raclette, cutter, chiffon en microfibre<\/p>\n<\/li>\n<\/ul>\n<h2 data-start=\"2517\" data-end=\"2546\">Pourquoi choisir ce produit ?<\/h2>\n<p data-start=\"2547\" data-end=\"2782\">Ce produit directement de l'usine <strong data-start=\"2567\" data-end=\"2589\">rev\u00eatement de voiture en PPF transparent<\/strong> Offre une protection de qualit\u00e9 professionnelle, une clart\u00e9 ultime et une durabilit\u00e9 de 10 ans. Enti\u00e8rement personnalisable pour les commandes en gros ou individuelles, id\u00e9al pour les installateurs, grossistes et passionn\u00e9s automobiles.<\/p>","protected":false},"excerpt":{"rendered":"<p>Prot\u00e9gez votre v\u00e9hicule avec ceci <strong data-start=\"448\" data-end=\"470\">rev\u00eatement de voiture en PPF transparent<\/strong> Film de protection de la peinture en TPU transparent de qualit\u00e9 sup\u00e9rieure avec une garantie de 10 ans et des mat\u00e9riaux premium fran\u00e7ais. Approvisionnement direct d'usine, personnalisable pour les commandes en gros. Id\u00e9al pour les installateurs professionnels, les ateliers automobiles et les passionn\u00e9s recherchant une clart\u00e9 et une durabilit\u00e9 ultimes.<\/p>","protected":false},"featured_media":9407,"comment_status":"open","ping_status":"closed","template":"","meta":[],"product_brand":[],"product_cat":[215],"product_tag":[],"class_list":{"0":"post-9402","1":"product","2":"type-product","3":"status-publish","4":"has-post-thumbnail","6":"product_cat-paint-protection-film-ppf","8":"first","9":"instock","10":"shipping-taxable","11":"product-type-simple"},"_links":{"self":[{"href":"https:\/\/www.carliseppf.com\/fr\/wp-json\/wp\/v2\/product\/9402","targetHints":{"allow":["GET"]}}],"collection":[{"href":"https:\/\/www.carliseppf.com\/fr\/wp-json\/wp\/v2\/product"}],"about":[{"href":"https:\/\/www.carliseppf.com\/fr\/wp-json\/wp\/v2\/types\/product"}],"replies":[{"embeddable":true,"href":"https:\/\/www.carliseppf.com\/fr\/wp-json\/wp\/v2\/comments?post=9402"}],"wp:featuredmedia":[{"embeddable":true,"href":"https:\/\/www.carliseppf.com\/fr\/wp-json\/wp\/v2\/media\/9407"}],"wp:attachment":[{"href":"https:\/\/www.carliseppf.com\/fr\/wp-json\/wp\/v2\/media?parent=9402"}],"wp:term":[{"taxonomy":"product_brand","embeddable":true,"href":"https:\/\/www.carliseppf.com\/fr\/wp-json\/wp\/v2\/product_brand?post=9402"},{"taxonomy":"product_cat","embeddable":true,"href":"https:\/\/www.carliseppf.com\/fr\/wp-json\/wp\/v2\/product_cat?post=9402"},{"taxonomy":"product_tag","embeddable":true,"href":"https:\/\/www.carliseppf.com\/fr\/wp-json\/wp\/v2\/product_tag?post=9402"}],"curies":[{"name":"wp","href":"https:\/\/api.w.org\/{rel}","templated":true}]}}