{"id":9417,"date":"2025-11-14T06:57:49","date_gmt":"2025-11-14T06:57:49","guid":{"rendered":"https:\/\/www.carliseppf.com\/?post_type=product&#038;p=9417"},"modified":"2025-11-20T11:26:53","modified_gmt":"2025-11-20T11:26:53","slug":"tpu-film-suppliers-custom-brand-ppf","status":"publish","type":"product","link":"https:\/\/www.carliseppf.com\/fr\/produit\/tpu-film-suppliers-custom-brand-ppf\/","title":{"rendered":"Film de protection de la peinture TPU de marque personnalis\u00e9e \u2013 Film PPF pour voiture non jauni pendant 10 ans"},"content":{"rendered":"<h2 data-start=\"698\" data-end=\"719\">Aper\u00e7u du produit<\/h2>\n<p data-start=\"720\" data-end=\"1033\">Ce film de protection de la peinture TPU de haute qualit\u00e9 de la marque leader <strong data-start=\"777\" data-end=\"799\">fournisseurs de films tpu<\/strong> assure que votre v\u00e9hicule reste prot\u00e9g\u00e9 avec une finition durable et anti-jaunissement. Parfait pour des enveloppements complets ou partiels sur voitures, motos, capots, miroirs et panneaux d\u00e9coratifs. Approvisionnement direct d'usine supportant les commandes en gros et la personnalisation de taille.<\/p>\n<p data-start=\"720\" data-end=\"1033\"><img fetchpriority=\"high\" decoding=\"async\" class=\"alignnone wp-image-9419 size-full\" src=\"https:\/\/www.carliseppf.com\/wp-content\/uploads\/2025\/11\/b79361e7481a3db96fa1948f973fc6fe.png\" alt=\"fournisseurs de films tpu\" width=\"790\" height=\"1133\" srcset=\"https:\/\/www.carliseppf.com\/wp-content\/uploads\/2025\/11\/b79361e7481a3db96fa1948f973fc6fe.png 790w, https:\/\/www.carliseppf.com\/wp-content\/uploads\/2025\/11\/b79361e7481a3db96fa1948f973fc6fe-209x300.png 209w, https:\/\/www.carliseppf.com\/wp-content\/uploads\/2025\/11\/b79361e7481a3db96fa1948f973fc6fe-714x1024.png 714w, https:\/\/www.carliseppf.com\/wp-content\/uploads\/2025\/11\/b79361e7481a3db96fa1948f973fc6fe-768x1101.png 768w, https:\/\/www.carliseppf.com\/wp-content\/uploads\/2025\/11\/b79361e7481a3db96fa1948f973fc6fe-370x531.png 370w, https:\/\/www.carliseppf.com\/wp-content\/uploads\/2025\/11\/b79361e7481a3db96fa1948f973fc6fe-410x588.png 410w, https:\/\/www.carliseppf.com\/wp-content\/uploads\/2025\/11\/b79361e7481a3db96fa1948f973fc6fe-730x1047.png 730w\" sizes=\"(max-width: 790px) 100vw, 790px\" \/><\/p>\n<h2 data-start=\"1035\" data-end=\"1059\">Caract\u00e9ristiques &amp; Avantages<\/h2>\n<ul data-start=\"1060\" data-end=\"1310\">\n<li data-start=\"1060\" data-end=\"1114\">\n<p data-start=\"1062\" data-end=\"1114\">Film TPU anti-jaunissement pour une protection durable<\/p>\n<\/li>\n<li data-start=\"1115\" data-end=\"1159\">\n<p data-start=\"1117\" data-end=\"1159\">Technologie d'auto-r\u00e9paration et anti-rayures<\/p>\n<\/li>\n<li data-start=\"1160\" data-end=\"1196\">\n<p data-start=\"1162\" data-end=\"1196\">Finition brillante ou mate disponible<\/p>\n<\/li>\n<li data-start=\"1197\" data-end=\"1243\">\n<p data-start=\"1199\" data-end=\"1243\">Flexible et durable pour une installation facile<\/p>\n<\/li>\n<li data-start=\"1244\" data-end=\"1310\">\n<p data-start=\"1246\" data-end=\"1310\">Id\u00e9al pour les commandes en gros de professionnels <strong data-start=\"1286\" data-end=\"1308\">fournisseurs de films tpu<\/strong><\/p>\n<\/li>\n<\/ul>\n<h2 data-start=\"1312\" data-end=\"1338\">Mat\u00e9riau de haute qualit\u00e9<\/h2>\n<ul data-start=\"1339\" data-end=\"1478\">\n<li data-start=\"1339\" data-end=\"1371\">\n<p data-start=\"1341\" data-end=\"1371\">Vinyle automobile en TPU premium<\/p>\n<\/li>\n<li data-start=\"1372\" data-end=\"1403\">\n<p data-start=\"1374\" data-end=\"1403\">R\u00e9sistant aux UV et \u00e0 l'eau<\/p>\n<\/li>\n<li data-start=\"1404\" data-end=\"1426\">\n<p data-start=\"1406\" data-end=\"1426\">S\u00fbr pour la peinture OEM<\/p>\n<\/li>\n<li data-start=\"1427\" data-end=\"1478\">\n<p data-start=\"1429\" data-end=\"1478\">Performance ext\u00e9rieure durable jusqu'\u00e0 10 ans<\/p>\n<\/li>\n<\/ul>\n<h2 data-start=\"1480\" data-end=\"1513\">Installation &amp; Personnalisation<\/h2>\n<ul data-start=\"1514\" data-end=\"1712\">\n<li data-start=\"1514\" data-end=\"1566\">\n<p data-start=\"1516\" data-end=\"1566\">Adh\u00e9sif \u00e0 lib\u00e9ration d'air pour une application sans bulles<\/p>\n<\/li>\n<li data-start=\"1567\" data-end=\"1605\">\n<p data-start=\"1569\" data-end=\"1605\">Formable \u00e0 la chaleur pour les courbes et les bords<\/p>\n<\/li>\n<li data-start=\"1606\" data-end=\"1657\">\n<p data-start=\"1608\" data-end=\"1657\">Rouleaux personnalisables pour les commandes en gros ou en gros<\/p>\n<\/li>\n<li data-start=\"1658\" data-end=\"1712\">\n<p data-start=\"1660\" data-end=\"1712\">Convient aux installateurs professionnels et aux utilisateurs DIY<\/p>\n<\/li>\n<\/ul>\n<h2 data-start=\"1714\" data-end=\"1731\">Applications<\/h2>\n<ul data-start=\"1732\" data-end=\"1936\">\n<li data-start=\"1732\" data-end=\"1779\">\n<p data-start=\"1734\" data-end=\"1779\">Enveloppements complets de v\u00e9hicules : voitures, SUV, motos<\/p>\n<\/li>\n<li data-start=\"1780\" data-end=\"1830\">\n<p data-start=\"1782\" data-end=\"1830\">Wraps partiels : capots, toits, miroirs, spoilers<\/p>\n<\/li>\n<li data-start=\"1831\" data-end=\"1871\">\n<p data-start=\"1833\" data-end=\"1871\">Jupes int\u00e9rieures et panneaux d\u00e9coratifs<\/p>\n<\/li>\n<li data-start=\"1872\" data-end=\"1936\">\n<p data-start=\"1874\" data-end=\"1936\">Id\u00e9al pour <strong data-start=\"1884\" data-end=\"1906\">fournisseurs de films tpu<\/strong> projets en gros ou personnalis\u00e9s<\/p>\n<\/li>\n<\/ul>\n<h2 data-start=\"1938\" data-end=\"1959\">Contenu du paquet<\/h2>\n<ul data-start=\"1960\" data-end=\"2068\">\n<li data-start=\"1960\" data-end=\"1999\">\n<p data-start=\"1962\" data-end=\"1999\">1 rouleau de film TPU PPF \u00e0 marque personnalis\u00e9e<\/p>\n<\/li>\n<li data-start=\"2000\" data-end=\"2068\">\n<p data-start=\"2002\" data-end=\"2068\">Kit d'installation optionnel : raclette, cutter, chiffon en microfibre<\/p>\n<\/li>\n<\/ul>\n<h2 data-start=\"2070\" data-end=\"2099\">Pourquoi choisir ce produit ?<\/h2>\n<p data-start=\"2100\" data-end=\"2357\">En tant que produit de premier plan de <strong data-start=\"2122\" data-end=\"2144\">fournisseurs de films tpu<\/strong>, ce film de protection de la peinture TPU offre une protection de qualit\u00e9 professionnelle, une performance anti-jaunissement durable, et une personnalisation directe d'usine. Parfait pour les installateurs, grossistes et passionn\u00e9s d'automobiles.<\/p>","protected":false},"excerpt":{"rendered":"<p>Fournisseurs de produits en film TPU premium \u2013 Film de protection de la peinture TPU \u00e0 marque personnalis\u00e9e avec une durabilit\u00e9 anti-jaunissement de 10 ans. Id\u00e9al pour les installateurs professionnels, les ateliers automobiles et les entreprises recherchant un PPF de haute qualit\u00e9. Approvisionnement direct d'usine supportant les commandes en gros et la personnalisation.<\/p>","protected":false},"featured_media":9418,"comment_status":"open","ping_status":"closed","template":"","meta":[],"product_brand":[],"product_cat":[215],"product_tag":[],"class_list":{"0":"post-9417","1":"product","2":"type-product","3":"status-publish","4":"has-post-thumbnail","6":"product_cat-paint-protection-film-ppf","8":"first","9":"instock","10":"shipping-taxable","11":"product-type-simple"},"_links":{"self":[{"href":"https:\/\/www.carliseppf.com\/fr\/wp-json\/wp\/v2\/product\/9417","targetHints":{"allow":["GET"]}}],"collection":[{"href":"https:\/\/www.carliseppf.com\/fr\/wp-json\/wp\/v2\/product"}],"about":[{"href":"https:\/\/www.carliseppf.com\/fr\/wp-json\/wp\/v2\/types\/product"}],"replies":[{"embeddable":true,"href":"https:\/\/www.carliseppf.com\/fr\/wp-json\/wp\/v2\/comments?post=9417"}],"wp:featuredmedia":[{"embeddable":true,"href":"https:\/\/www.carliseppf.com\/fr\/wp-json\/wp\/v2\/media\/9418"}],"wp:attachment":[{"href":"https:\/\/www.carliseppf.com\/fr\/wp-json\/wp\/v2\/media?parent=9417"}],"wp:term":[{"taxonomy":"product_brand","embeddable":true,"href":"https:\/\/www.carliseppf.com\/fr\/wp-json\/wp\/v2\/product_brand?post=9417"},{"taxonomy":"product_cat","embeddable":true,"href":"https:\/\/www.carliseppf.com\/fr\/wp-json\/wp\/v2\/product_cat?post=9417"},{"taxonomy":"product_tag","embeddable":true,"href":"https:\/\/www.carliseppf.com\/fr\/wp-json\/wp\/v2\/product_tag?post=9417"}],"curies":[{"name":"wp","href":"https:\/\/api.w.org\/{rel}","templated":true}]}}