{"id":9428,"date":"2025-11-15T05:23:24","date_gmt":"2025-11-15T05:23:24","guid":{"rendered":"https:\/\/www.carliseppf.com\/?post_type=product&#038;p=9428"},"modified":"2025-11-20T10:20:27","modified_gmt":"2025-11-20T10:20:27","slug":"tpu-car-wrap-film","status":"publish","type":"product","link":"https:\/\/www.carliseppf.com\/fr\/produit\/tpu-car-wrap-film\/","title":{"rendered":"Film de protection transparente en TPU pour voiture \u2013 Film clair enveloppant la voiture"},"content":{"rendered":"<h2 data-start=\"795\" data-end=\"816\">Aper\u00e7u du produit<\/h2>\n<p data-start=\"817\" data-end=\"1178\">Ce vinyle premium <strong data-start=\"830\" data-end=\"853\">film clair enveloppant la voiture<\/strong> et <strong data-start=\"858\" data-end=\"879\">film de wrapping en TPU pour voiture<\/strong> caract\u00e9ristiques : mat\u00e9riau TPU transparent, offrant une protection sup\u00e9rieure pour la peinture du v\u00e9hicule contre les rayures, les impacts mineurs et l'usure quotidienne. Id\u00e9al pour des enveloppages complets ou partiels, capots, miroirs et panneaux d\u00e9coratifs. Approvisionnement direct d'usine garantissant des commandes en gros et des tailles personnalis\u00e9es pour les installateurs et grossistes.<\/p>\n<p data-start=\"817\" data-end=\"1178\"><img fetchpriority=\"high\" decoding=\"async\" class=\"alignnone wp-image-9429 size-full\" src=\"https:\/\/www.carliseppf.com\/wp-content\/uploads\/2025\/11\/1.png\" alt=\"film de wrapping en TPU pour voiture\" width=\"800\" height=\"800\" srcset=\"https:\/\/www.carliseppf.com\/wp-content\/uploads\/2025\/11\/1.png 800w, https:\/\/www.carliseppf.com\/wp-content\/uploads\/2025\/11\/1-300x300.png 300w, https:\/\/www.carliseppf.com\/wp-content\/uploads\/2025\/11\/1-150x150.png 150w, https:\/\/www.carliseppf.com\/wp-content\/uploads\/2025\/11\/1-768x768.png 768w, https:\/\/www.carliseppf.com\/wp-content\/uploads\/2025\/11\/1-370x370.png 370w, https:\/\/www.carliseppf.com\/wp-content\/uploads\/2025\/11\/1-120x120.png 120w, https:\/\/www.carliseppf.com\/wp-content\/uploads\/2025\/11\/1-410x410.png 410w, https:\/\/www.carliseppf.com\/wp-content\/uploads\/2025\/11\/1-630x630.png 630w, https:\/\/www.carliseppf.com\/wp-content\/uploads\/2025\/11\/1-730x730.png 730w, https:\/\/www.carliseppf.com\/wp-content\/uploads\/2025\/11\/1-460x460.png 460w\" sizes=\"(max-width: 800px) 100vw, 800px\" \/><\/p>\n<h2 data-start=\"1180\" data-end=\"1202\">Conception &amp; Caract\u00e9ristiques<\/h2>\n<ul data-start=\"1203\" data-end=\"1531\">\n<li data-start=\"1203\" data-end=\"1256\">\n<p data-start=\"1205\" data-end=\"1256\">Mat\u00e9riau TPU transparent pour une protection invisible<\/p>\n<\/li>\n<li data-start=\"1257\" data-end=\"1304\">\n<p data-start=\"1259\" data-end=\"1304\">R\u00e9sistant aux rayures, \u00e9tanche et flexible<\/p>\n<\/li>\n<li data-start=\"1305\" data-end=\"1361\">\n<p data-start=\"1307\" data-end=\"1361\">Facile \u00e0 appliquer sur les courbes, les bords et les surfaces complexes<\/p>\n<\/li>\n<li data-start=\"1362\" data-end=\"1450\">\n<p data-start=\"1364\" data-end=\"1450\">Compatible avec des <strong data-start=\"1393\" data-end=\"1416\">film clair enveloppant la voiture<\/strong> et <strong data-start=\"1421\" data-end=\"1442\">film de wrapping en TPU pour voiture<\/strong> outils professionnels<\/p>\n<\/li>\n<li data-start=\"1451\" data-end=\"1531\">\n<p data-start=\"1453\" data-end=\"1531\">Id\u00e9al pour une couverture compl\u00e8te ou partielle du v\u00e9hicule, commandes en gros et projets personnalis\u00e9s<\/p>\n<\/li>\n<\/ul>\n<h2 data-start=\"1533\" data-end=\"1559\">Mat\u00e9riau de haute qualit\u00e9<\/h2>\n<ul data-start=\"1560\" data-end=\"1725\">\n<li data-start=\"1560\" data-end=\"1592\">\n<p data-start=\"1562\" data-end=\"1592\">Vinyle automobile TPU durable<\/p>\n<\/li>\n<li data-start=\"1593\" data-end=\"1645\">\n<p data-start=\"1595\" data-end=\"1645\">R\u00e9sistant aux UV, \u00e9tanche et s\u00fbr pour la peinture OEM<\/p>\n<\/li>\n<li data-start=\"1646\" data-end=\"1694\">\n<p data-start=\"1648\" data-end=\"1694\">Performance ext\u00e9rieure durable (3\u20135 ans)<\/p>\n<\/li>\n<li data-start=\"1695\" data-end=\"1725\">\n<p data-start=\"1697\" data-end=\"1725\">Facile \u00e0 nettoyer et \u00e0 entretenir<\/p>\n<\/li>\n<\/ul>\n<h2 data-start=\"1727\" data-end=\"1765\">Installation facile et personnalisation<\/h2>\n<ul data-start=\"1766\" data-end=\"1988\">\n<li data-start=\"1766\" data-end=\"1819\">\n<p data-start=\"1768\" data-end=\"1819\">Adh\u00e9sif \u00e0 lib\u00e9ration d'air pour une installation sans bulles<\/p>\n<\/li>\n<li data-start=\"1820\" data-end=\"1881\">\n<p data-start=\"1822\" data-end=\"1881\">Flexible et thermoformable pour les bords, courbes et angles<\/p>\n<\/li>\n<li data-start=\"1882\" data-end=\"1933\">\n<p data-start=\"1884\" data-end=\"1933\">Rouleaux personnalisables pour les commandes en gros ou en gros<\/p>\n<\/li>\n<li data-start=\"1934\" data-end=\"1988\">\n<p data-start=\"1936\" data-end=\"1988\">Convient aux installateurs professionnels et aux utilisateurs DIY<\/p>\n<\/li>\n<\/ul>\n<h2 data-start=\"1990\" data-end=\"2007\">Applications<\/h2>\n<ul data-start=\"2008\" data-end=\"2212\">\n<li data-start=\"2008\" data-end=\"2047\">\n<p data-start=\"2010\" data-end=\"2047\">Enveloppes de protection de la peinture pour v\u00e9hicule complet<\/p>\n<\/li>\n<li data-start=\"2048\" data-end=\"2098\">\n<p data-start=\"2050\" data-end=\"2098\">Wraps partiels : capots, toits, miroirs, spoilers<\/p>\n<\/li>\n<li data-start=\"2099\" data-end=\"2139\">\n<p data-start=\"2101\" data-end=\"2139\">Jupes int\u00e9rieures et panneaux d\u00e9coratifs<\/p>\n<\/li>\n<li data-start=\"2140\" data-end=\"2212\">\n<p data-start=\"2142\" data-end=\"2212\">Id\u00e9al pour <strong data-start=\"2152\" data-end=\"2175\">film clair enveloppant la voiture<\/strong> et <strong data-start=\"2180\" data-end=\"2201\">film de wrapping en TPU pour voiture<\/strong> projets<\/p>\n<\/li>\n<\/ul>\n<h2 data-start=\"2214\" data-end=\"2233\">Sp\u00e9cifications<\/h2>\n<p data-start=\"2234\" data-end=\"2442\">Mat\u00e9riau : Vinyle automobile TPU<br data-start=\"2264\" data-end=\"2267\" \/>Couleur : Transparent<br data-start=\"2285\" data-end=\"2288\" \/>Finition : Brillante<br data-start=\"2302\" data-end=\"2305\" \/>\u00c9paisseur : 150\u2013180 \u03bcm<br data-start=\"2326\" data-end=\"2329\" \/>Adh\u00e9sif : Lib\u00e9ration d'air, repositionnable<br data-start=\"2366\" data-end=\"2369\" \/>Durabilit\u00e9 : 3\u20135 ans en ext\u00e9rieur<br data-start=\"2398\" data-end=\"2401\" \/>Taille du rouleau : Personnalisable pour les commandes en gros<\/p>\n<h2 data-start=\"2444\" data-end=\"2463\">Principaux avantages<\/h2>\n<ul data-start=\"2464\" data-end=\"2732\">\n<li data-start=\"2464\" data-end=\"2506\">\n<p data-start=\"2466\" data-end=\"2506\">Protection invisible pour la peinture du v\u00e9hicule<\/p>\n<\/li>\n<li data-start=\"2507\" data-end=\"2551\">\n<p data-start=\"2509\" data-end=\"2551\">R\u00e9sistant aux rayures, durable et flexible<\/p>\n<\/li>\n<li data-start=\"2552\" data-end=\"2606\">\n<p data-start=\"2554\" data-end=\"2606\">Directement de l'usine, enti\u00e8rement personnalisable pour les commandes en gros<\/p>\n<\/li>\n<li data-start=\"2607\" data-end=\"2670\">\n<p data-start=\"2609\" data-end=\"2670\">Installation facile pour les utilisateurs DIY et les installateurs professionnels<\/p>\n<\/li>\n<li data-start=\"2671\" data-end=\"2732\">\n<p data-start=\"2673\" data-end=\"2732\">Parfait pour les ateliers automobiles, les installateurs et les passionn\u00e9s<\/p>\n<\/li>\n<\/ul>\n<h2 data-start=\"2734\" data-end=\"2755\">Contenu du paquet<\/h2>\n<ul data-start=\"2756\" data-end=\"2874\">\n<li data-start=\"2756\" data-end=\"2805\">\n<p data-start=\"2758\" data-end=\"2805\">1 rouleau de film de protection transparente en TPU pour voiture<\/p>\n<\/li>\n<li data-start=\"2806\" data-end=\"2874\">\n<p data-start=\"2808\" data-end=\"2874\">Kit d'installation optionnel : raclette, cutter, chiffon en microfibre<\/p>\n<\/li>\n<\/ul>\n<h2 data-start=\"2876\" data-end=\"2905\">Pourquoi choisir ce produit ?<\/h2>\n<p data-start=\"2906\" data-end=\"3202\">Ce produit directement de l'usine <strong data-start=\"2926\" data-end=\"2949\">film clair enveloppant la voiture<\/strong> et <strong data-start=\"2954\" data-end=\"2975\">film de wrapping en TPU pour voiture<\/strong> offre une qualit\u00e9 professionnelle, une protection invisible et une durabilit\u00e9 longue dur\u00e9e. Enti\u00e8rement personnalisable pour les commandes en gros ou individuelles, parfait pour les installateurs, grossistes et entreprises proposant des solutions d'enveloppement en vinyle premium.<\/p>","protected":false},"excerpt":{"rendered":"<p data-start=\"459\" data-end=\"775\">Prot\u00e9gez votre v\u00e9hicule avec ceci <strong data-start=\"490\" data-end=\"513\">film clair enveloppant la voiture<\/strong> solution \u2013 Film de protection transparente en TPU pour voiture. R\u00e9sistant aux rayures, \u00e9tanche, direct d'usine, enti\u00e8rement personnalisable pour les commandes en gros. Parfait pour les installateurs professionnels, grossistes et passionn\u00e9s d'automobiles recherchant une qualit\u00e9 premium <strong data-start=\"742\" data-end=\"763\">film de wrapping en TPU pour voiture<\/strong> pour voitures.<\/p>","protected":false},"featured_media":9252,"comment_status":"open","ping_status":"closed","template":"","meta":[],"product_brand":[],"product_cat":[214],"product_tag":[],"class_list":{"0":"post-9428","1":"product","2":"type-product","3":"status-publish","4":"has-post-thumbnail","6":"product_cat-car-vinyl-wrap-film","8":"first","9":"instock","10":"shipping-taxable","11":"product-type-simple"},"_links":{"self":[{"href":"https:\/\/www.carliseppf.com\/fr\/wp-json\/wp\/v2\/product\/9428","targetHints":{"allow":["GET"]}}],"collection":[{"href":"https:\/\/www.carliseppf.com\/fr\/wp-json\/wp\/v2\/product"}],"about":[{"href":"https:\/\/www.carliseppf.com\/fr\/wp-json\/wp\/v2\/types\/product"}],"replies":[{"embeddable":true,"href":"https:\/\/www.carliseppf.com\/fr\/wp-json\/wp\/v2\/comments?post=9428"}],"wp:featuredmedia":[{"embeddable":true,"href":"https:\/\/www.carliseppf.com\/fr\/wp-json\/wp\/v2\/media\/9252"}],"wp:attachment":[{"href":"https:\/\/www.carliseppf.com\/fr\/wp-json\/wp\/v2\/media?parent=9428"}],"wp:term":[{"taxonomy":"product_brand","embeddable":true,"href":"https:\/\/www.carliseppf.com\/fr\/wp-json\/wp\/v2\/product_brand?post=9428"},{"taxonomy":"product_cat","embeddable":true,"href":"https:\/\/www.carliseppf.com\/fr\/wp-json\/wp\/v2\/product_cat?post=9428"},{"taxonomy":"product_tag","embeddable":true,"href":"https:\/\/www.carliseppf.com\/fr\/wp-json\/wp\/v2\/product_tag?post=9428"}],"curies":[{"name":"wp","href":"https:\/\/api.w.org\/{rel}","templated":true}]}}