{"id":9436,"date":"2025-11-15T06:01:42","date_gmt":"2025-11-15T06:01:42","guid":{"rendered":"https:\/\/www.carliseppf.com\/?post_type=product&#038;p=9436"},"modified":"2025-11-20T10:45:35","modified_gmt":"2025-11-20T10:45:35","slug":"car-ppf-wrap-black-tpu","status":"publish","type":"product","link":"https:\/\/www.carliseppf.com\/fr\/produit\/car-ppf-wrap-black-tpu\/","title":{"rendered":"CARLISE TPU \u00e0 haute brillance noire \u2013 Film PPF de voiture haut de gamme"},"content":{"rendered":"<h2 data-start=\"714\" data-end=\"735\">Aper\u00e7u du produit<\/h2>\n<p data-start=\"736\" data-end=\"1136\">Prot\u00e9gez votre v\u00e9hicule avec ceci <strong data-start=\"767\" data-end=\"791\">film PPF de qualit\u00e9 sup\u00e9rieure pour voiture<\/strong>, avec un mat\u00e9riau TPU noir brillant. Con\u00e7u pour des r\u00e9sultats professionnels, il offre une protection durable contre les rayures, les impacts mineurs et la d\u00e9coloration. Id\u00e9al pour les coverings complets ou partiels, les motos, les capots, les r\u00e9troviseurs et les panneaux d\u00e9coratifs. L'approvisionnement direct d'usine assure les commandes en gros et le dimensionnement personnalis\u00e9 pour les installateurs et les grossistes.<\/p>\n<p data-start=\"736\" data-end=\"1136\"><img fetchpriority=\"high\" decoding=\"async\" class=\"alignnone wp-image-9438 size-full\" src=\"https:\/\/www.carliseppf.com\/wp-content\/uploads\/2025\/11\/H826c1314e149420c8ac55a7ff818aac6l.png_avifclosewebpclose.png\" alt=\"adh\u00e9sif PPF pour voiture\" width=\"1440\" height=\"1080\" srcset=\"https:\/\/www.carliseppf.com\/wp-content\/uploads\/2025\/11\/H826c1314e149420c8ac55a7ff818aac6l.png_avifclosewebpclose.png 1440w, https:\/\/www.carliseppf.com\/wp-content\/uploads\/2025\/11\/H826c1314e149420c8ac55a7ff818aac6l.png_avifclosewebpclose-300x225.png 300w, https:\/\/www.carliseppf.com\/wp-content\/uploads\/2025\/11\/H826c1314e149420c8ac55a7ff818aac6l.png_avifclosewebpclose-1024x768.png 1024w, https:\/\/www.carliseppf.com\/wp-content\/uploads\/2025\/11\/H826c1314e149420c8ac55a7ff818aac6l.png_avifclosewebpclose-768x576.png 768w, https:\/\/www.carliseppf.com\/wp-content\/uploads\/2025\/11\/H826c1314e149420c8ac55a7ff818aac6l.png_avifclosewebpclose-370x278.png 370w, https:\/\/www.carliseppf.com\/wp-content\/uploads\/2025\/11\/H826c1314e149420c8ac55a7ff818aac6l.png_avifclosewebpclose-840x630.png 840w, https:\/\/www.carliseppf.com\/wp-content\/uploads\/2025\/11\/H826c1314e149420c8ac55a7ff818aac6l.png_avifclosewebpclose-410x308.png 410w, https:\/\/www.carliseppf.com\/wp-content\/uploads\/2025\/11\/H826c1314e149420c8ac55a7ff818aac6l.png_avifclosewebpclose-730x548.png 730w\" sizes=\"(max-width: 1440px) 100vw, 1440px\" \/><\/p>\n<h2 data-start=\"1138\" data-end=\"1160\">Conception &amp; Caract\u00e9ristiques<\/h2>\n<ul data-start=\"1161\" data-end=\"1530\">\n<li data-start=\"1161\" data-end=\"1234\">\n<p data-start=\"1163\" data-end=\"1234\">TPU noir brillant \u00e9l\u00e9gant pour un <strong data-start=\"1209\" data-end=\"1225\">adh\u00e9sif PPF pour voiture<\/strong> fini professionnel<\/p>\n<\/li>\n<li data-start=\"1235\" data-end=\"1282\">\n<p data-start=\"1237\" data-end=\"1282\">Technologie d'auto-r\u00e9paration pour les rayures mineures<\/p>\n<\/li>\n<li data-start=\"1283\" data-end=\"1350\">\n<p data-start=\"1285\" data-end=\"1350\">Anti-rayures et r\u00e9sistant \u00e0 la d\u00e9coloration pour une protection durable<\/p>\n<\/li>\n<li data-start=\"1351\" data-end=\"1391\">\n<p data-start=\"1353\" data-end=\"1391\">Flexible, durable et facile \u00e0 appliquer<\/p>\n<\/li>\n<li data-start=\"1392\" data-end=\"1447\">\n<p data-start=\"1394\" data-end=\"1447\">Compatible avec des <strong data-start=\"1423\" data-end=\"1439\">adh\u00e9sif PPF pour voiture<\/strong> outils professionnels<\/p>\n<\/li>\n<li data-start=\"1448\" data-end=\"1530\">\n<p data-start=\"1450\" data-end=\"1530\">Parfait pour une couverture compl\u00e8te ou partielle du v\u00e9hicule, les commandes en gros et les projets personnalis\u00e9s<\/p>\n<\/li>\n<\/ul>\n<h2 data-start=\"1532\" data-end=\"1558\">Mat\u00e9riau de haute qualit\u00e9<\/h2>\n<ul data-start=\"1559\" data-end=\"1720\">\n<li data-start=\"1559\" data-end=\"1591\">\n<p data-start=\"1561\" data-end=\"1591\">Vinyle automobile TPU durable<\/p>\n<\/li>\n<li data-start=\"1592\" data-end=\"1640\">\n<p data-start=\"1594\" data-end=\"1640\">R\u00e9sistant aux UV, \u00e9tanche, s\u00fbr pour la peinture OEM<\/p>\n<\/li>\n<li data-start=\"1641\" data-end=\"1689\">\n<p data-start=\"1643\" data-end=\"1689\">Performance ext\u00e9rieure durable (3\u20135 ans)<\/p>\n<\/li>\n<li data-start=\"1690\" data-end=\"1720\">\n<p data-start=\"1692\" data-end=\"1720\">Facile \u00e0 nettoyer et \u00e0 entretenir<\/p>\n<\/li>\n<\/ul>\n<h2 data-start=\"1722\" data-end=\"1760\">Installation facile et personnalisation<\/h2>\n<ul data-start=\"1761\" data-end=\"1972\">\n<li data-start=\"1761\" data-end=\"1813\">\n<p data-start=\"1763\" data-end=\"1813\">Adh\u00e9sif \u00e0 lib\u00e9ration d'air pour une application sans bulles<\/p>\n<\/li>\n<li data-start=\"1814\" data-end=\"1865\">\n<p data-start=\"1816\" data-end=\"1865\">Flexible et thermoformable pour les courbes et les bords<\/p>\n<\/li>\n<li data-start=\"1866\" data-end=\"1917\">\n<p data-start=\"1868\" data-end=\"1917\">Rouleaux personnalisables pour les commandes en gros ou en gros<\/p>\n<\/li>\n<li data-start=\"1918\" data-end=\"1972\">\n<p data-start=\"1920\" data-end=\"1972\">Convient aux installateurs professionnels et aux utilisateurs DIY<\/p>\n<\/li>\n<\/ul>\n<h2 data-start=\"1974\" data-end=\"1991\">Applications<\/h2>\n<ul data-start=\"1992\" data-end=\"2177\">\n<li data-start=\"1992\" data-end=\"2045\">\n<p data-start=\"1994\" data-end=\"2045\">Wraps complets pour v\u00e9hicules : voitures, SUV, motos, vans<\/p>\n<\/li>\n<li data-start=\"2046\" data-end=\"2096\">\n<p data-start=\"2048\" data-end=\"2096\">Wraps partiels : capots, toits, miroirs, spoilers<\/p>\n<\/li>\n<li data-start=\"2097\" data-end=\"2137\">\n<p data-start=\"2099\" data-end=\"2137\">Jupes int\u00e9rieures et panneaux d\u00e9coratifs<\/p>\n<\/li>\n<li data-start=\"2138\" data-end=\"2177\">\n<p data-start=\"2140\" data-end=\"2177\">Id\u00e9al pour <strong data-start=\"2150\" data-end=\"2166\">adh\u00e9sif PPF pour voiture<\/strong> projets<\/p>\n<\/li>\n<\/ul>\n<h2 data-start=\"2179\" data-end=\"2198\">Principaux avantages<\/h2>\n<ul data-start=\"2199\" data-end=\"2476\">\n<li data-start=\"2199\" data-end=\"2235\">\n<p data-start=\"2201\" data-end=\"2235\">Premium <strong data-start=\"2209\" data-end=\"2225\">adh\u00e9sif PPF pour voiture<\/strong> qualit\u00e9<\/p>\n<\/li>\n<li data-start=\"2236\" data-end=\"2295\">\n<p data-start=\"2238\" data-end=\"2295\">Auto-r\u00e9paration, anti-rayures et r\u00e9sistant \u00e0 la d\u00e9coloration<\/p>\n<\/li>\n<li data-start=\"2296\" data-end=\"2350\">\n<p data-start=\"2298\" data-end=\"2350\">Directement de l'usine, enti\u00e8rement personnalisable pour les commandes en gros<\/p>\n<\/li>\n<li data-start=\"2351\" data-end=\"2414\">\n<p data-start=\"2353\" data-end=\"2414\">Installation facile pour les utilisateurs DIY et les installateurs professionnels<\/p>\n<\/li>\n<li data-start=\"2415\" data-end=\"2476\">\n<p data-start=\"2417\" data-end=\"2476\">Parfait pour les ateliers automobiles, les installateurs et les passionn\u00e9s<\/p>\n<\/li>\n<\/ul>\n<h2 data-start=\"2478\" data-end=\"2499\">Contenu du paquet<\/h2>\n<ul data-start=\"2500\" data-end=\"2617\">\n<li data-start=\"2500\" data-end=\"2548\">\n<p data-start=\"2502\" data-end=\"2548\">1 rouleau de vinyle TPU noir brillant CARLISE<\/p>\n<\/li>\n<li data-start=\"2549\" data-end=\"2617\">\n<p data-start=\"2551\" data-end=\"2617\">Kit d'installation optionnel : raclette, cutter, chiffon en microfibre<\/p>\n<\/li>\n<\/ul>\n<h2 data-start=\"2619\" data-end=\"2648\">Pourquoi choisir ce produit ?<\/h2>\n<p data-start=\"2649\" data-end=\"2931\">Ce produit directement de l'usine <strong data-start=\"2669\" data-end=\"2685\">adh\u00e9sif PPF pour voiture<\/strong> offre une qualit\u00e9 professionnelle, une finition noire \u00e9l\u00e9gante et une protection de peinture durable. Enti\u00e8rement personnalisable pour les commandes en gros ou individuelles, id\u00e9al pour les installateurs, les grossistes et les entreprises offrant des produits de qualit\u00e9 sup\u00e9rieure <strong data-start=\"2893\" data-end=\"2918\">film de protection de la peinture<\/strong> solutions.<\/p>","protected":false},"excerpt":{"rendered":"<p>Am\u00e9liorez votre v\u00e9hicule avec ce <strong data-start=\"424\" data-end=\"448\">film PPF de qualit\u00e9 sup\u00e9rieure pour voiture<\/strong> \u2013 Film TPU noir brillant CARLISE avec fonctions d'auto-r\u00e9paration, anti-rayures et r\u00e9sistant \u00e0 la d\u00e9coloration. Approvisionnement direct d'usine, enti\u00e8rement personnalisable pour les commandes en gros. Parfait pour les installateurs professionnels, les grossistes et les passionn\u00e9s d'automobile.<\/p>","protected":false},"featured_media":9437,"comment_status":"open","ping_status":"closed","template":"","meta":[],"product_brand":[],"product_cat":[216],"product_tag":[],"class_list":{"0":"post-9436","1":"product","2":"type-product","3":"status-publish","4":"has-post-thumbnail","6":"product_cat-colored-ppf","8":"first","9":"instock","10":"shipping-taxable","11":"product-type-simple"},"_links":{"self":[{"href":"https:\/\/www.carliseppf.com\/fr\/wp-json\/wp\/v2\/product\/9436","targetHints":{"allow":["GET"]}}],"collection":[{"href":"https:\/\/www.carliseppf.com\/fr\/wp-json\/wp\/v2\/product"}],"about":[{"href":"https:\/\/www.carliseppf.com\/fr\/wp-json\/wp\/v2\/types\/product"}],"replies":[{"embeddable":true,"href":"https:\/\/www.carliseppf.com\/fr\/wp-json\/wp\/v2\/comments?post=9436"}],"wp:featuredmedia":[{"embeddable":true,"href":"https:\/\/www.carliseppf.com\/fr\/wp-json\/wp\/v2\/media\/9437"}],"wp:attachment":[{"href":"https:\/\/www.carliseppf.com\/fr\/wp-json\/wp\/v2\/media?parent=9436"}],"wp:term":[{"taxonomy":"product_brand","embeddable":true,"href":"https:\/\/www.carliseppf.com\/fr\/wp-json\/wp\/v2\/product_brand?post=9436"},{"taxonomy":"product_cat","embeddable":true,"href":"https:\/\/www.carliseppf.com\/fr\/wp-json\/wp\/v2\/product_cat?post=9436"},{"taxonomy":"product_tag","embeddable":true,"href":"https:\/\/www.carliseppf.com\/fr\/wp-json\/wp\/v2\/product_tag?post=9436"}],"curies":[{"name":"wp","href":"https:\/\/api.w.org\/{rel}","templated":true}]}}