{"id":9461,"date":"2025-11-17T06:44:40","date_gmt":"2025-11-17T06:44:40","guid":{"rendered":"https:\/\/www.carliseppf.com\/?post_type=product&#038;p=9461"},"modified":"2025-11-20T10:10:40","modified_gmt":"2025-11-20T10:10:40","slug":"color-changing-car-wrap-dragon-blood-red","status":"publish","type":"product","link":"https:\/\/www.carliseppf.com\/fr\/produit\/color-changing-car-wrap-dragon-blood-red\/","title":{"rendered":"Rouge Sang de Dragon M\u00e9tal Liquide \u2013 Enveloppe pour voiture changeant de couleur"},"content":{"rendered":"<h2 data-start=\"756\" data-end=\"777\">Aper\u00e7u du produit<\/h2>\n<p data-start=\"778\" data-end=\"1123\">Ce vinyle premium <strong data-start=\"791\" data-end=\"818\">enveloppe pour voiture changeant de couleur<\/strong> vinyle dot\u00e9 de PVC m\u00e9tallique liquide Dragon Blood Red, offrant un effet dynamique et accrocheur pour voitures, motos et v\u00e9hicules personnalis\u00e9s. Parfait pour des enveloppements complets ou partiels, des panneaux de carrosserie et des garnitures d\u00e9coratives. Approvisionnement direct usine garantissant des commandes en gros et des tailles personnalis\u00e9es pour les installateurs et grossistes.<\/p>\n<p data-start=\"778\" data-end=\"1123\"><img fetchpriority=\"high\" decoding=\"async\" class=\"alignnone wp-image-9464 size-full\" src=\"https:\/\/www.carliseppf.com\/wp-content\/uploads\/2025\/11\/\u9f99\u8840\u7ea22.png\" alt=\"enveloppe pour voiture changeant de couleur\" width=\"800\" height=\"800\" srcset=\"https:\/\/www.carliseppf.com\/wp-content\/uploads\/2025\/11\/\u9f99\u8840\u7ea22.png 800w, https:\/\/www.carliseppf.com\/wp-content\/uploads\/2025\/11\/\u9f99\u8840\u7ea22-300x300.png 300w, https:\/\/www.carliseppf.com\/wp-content\/uploads\/2025\/11\/\u9f99\u8840\u7ea22-150x150.png 150w, https:\/\/www.carliseppf.com\/wp-content\/uploads\/2025\/11\/\u9f99\u8840\u7ea22-768x768.png 768w, https:\/\/www.carliseppf.com\/wp-content\/uploads\/2025\/11\/\u9f99\u8840\u7ea22-370x370.png 370w, https:\/\/www.carliseppf.com\/wp-content\/uploads\/2025\/11\/\u9f99\u8840\u7ea22-120x120.png 120w, https:\/\/www.carliseppf.com\/wp-content\/uploads\/2025\/11\/\u9f99\u8840\u7ea22-410x410.png 410w, https:\/\/www.carliseppf.com\/wp-content\/uploads\/2025\/11\/\u9f99\u8840\u7ea22-630x630.png 630w, https:\/\/www.carliseppf.com\/wp-content\/uploads\/2025\/11\/\u9f99\u8840\u7ea22-730x730.png 730w, https:\/\/www.carliseppf.com\/wp-content\/uploads\/2025\/11\/\u9f99\u8840\u7ea22-460x460.png 460w\" sizes=\"(max-width: 800px) 100vw, 800px\" \/><\/p>\n<h2 data-start=\"1125\" data-end=\"1147\">Conception &amp; Caract\u00e9ristiques<\/h2>\n<ul data-start=\"1148\" data-end=\"1491\">\n<li data-start=\"1148\" data-end=\"1211\">\n<p data-start=\"1150\" data-end=\"1211\">Effet changeant de couleur m\u00e9tallique liquide Dragon Blood Red dynamique<\/p>\n<\/li>\n<li data-start=\"1212\" data-end=\"1292\">\n<p data-start=\"1214\" data-end=\"1292\">Mat\u00e9riau PET\/PVC de haute qualit\u00e9 pour professionnel <strong data-start=\"1261\" data-end=\"1282\">film de covering automobile<\/strong> r\u00e9sultats<\/p>\n<\/li>\n<li data-start=\"1293\" data-end=\"1343\">\n<p data-start=\"1295\" data-end=\"1343\">R\u00e9sistant aux rayures, flexible et facile \u00e0 appliquer<\/p>\n<\/li>\n<li data-start=\"1344\" data-end=\"1410\">\n<p data-start=\"1346\" data-end=\"1410\">Compatible avec des <strong data-start=\"1375\" data-end=\"1402\">enveloppe pour voiture changeant de couleur<\/strong> outils professionnels<\/p>\n<\/li>\n<li data-start=\"1411\" data-end=\"1491\">\n<p data-start=\"1413\" data-end=\"1491\">Id\u00e9al pour une couverture compl\u00e8te ou partielle du v\u00e9hicule, commandes en gros et projets personnalis\u00e9s<\/p>\n<\/li>\n<\/ul>\n<h2 data-start=\"1493\" data-end=\"1519\">Mat\u00e9riau de haute qualit\u00e9<\/h2>\n<ul data-start=\"1520\" data-end=\"1689\">\n<li data-start=\"1520\" data-end=\"1556\">\n<p data-start=\"1522\" data-end=\"1556\">Vinyle automobile durable en PET\/PVC<\/p>\n<\/li>\n<li data-start=\"1557\" data-end=\"1609\">\n<p data-start=\"1559\" data-end=\"1609\">R\u00e9sistant aux UV, \u00e9tanche et s\u00fbr pour la peinture OEM<\/p>\n<\/li>\n<li data-start=\"1610\" data-end=\"1658\">\n<p data-start=\"1612\" data-end=\"1658\">Performance ext\u00e9rieure durable (3\u20135 ans)<\/p>\n<\/li>\n<li data-start=\"1659\" data-end=\"1689\">\n<p data-start=\"1661\" data-end=\"1689\">Facile \u00e0 nettoyer et \u00e0 entretenir<\/p>\n<\/li>\n<\/ul>\n<h2 data-start=\"1691\" data-end=\"1729\">Installation facile et personnalisation<\/h2>\n<ul data-start=\"1730\" data-end=\"1961\">\n<li data-start=\"1730\" data-end=\"1783\">\n<p data-start=\"1732\" data-end=\"1783\">Adh\u00e9sif \u00e0 lib\u00e9ration d'air pour une installation sans bulles<\/p>\n<\/li>\n<li data-start=\"1784\" data-end=\"1854\">\n<p data-start=\"1786\" data-end=\"1854\">Flexible et thermo-formable pour les bords, courbes et surfaces complexes<\/p>\n<\/li>\n<li data-start=\"1855\" data-end=\"1906\">\n<p data-start=\"1857\" data-end=\"1906\">Rouleaux personnalisables pour les commandes en gros ou en gros<\/p>\n<\/li>\n<li data-start=\"1907\" data-end=\"1961\">\n<p data-start=\"1909\" data-end=\"1961\">Convient aux installateurs professionnels et aux utilisateurs DIY<\/p>\n<\/li>\n<\/ul>\n<h2 data-start=\"1963\" data-end=\"1980\">Applications<\/h2>\n<ul data-start=\"1981\" data-end=\"2177\">\n<li data-start=\"1981\" data-end=\"2034\">\n<p data-start=\"1983\" data-end=\"2034\">Wraps complets pour v\u00e9hicules : voitures, SUV, motos, vans<\/p>\n<\/li>\n<li data-start=\"2035\" data-end=\"2085\">\n<p data-start=\"2037\" data-end=\"2085\">Wraps partiels : capots, toits, miroirs, spoilers<\/p>\n<\/li>\n<li data-start=\"2086\" data-end=\"2126\">\n<p data-start=\"2088\" data-end=\"2126\">Jupes int\u00e9rieures et panneaux d\u00e9coratifs<\/p>\n<\/li>\n<li data-start=\"2127\" data-end=\"2177\">\n<p data-start=\"2129\" data-end=\"2177\">Id\u00e9al pour <strong data-start=\"2139\" data-end=\"2166\">enveloppe pour voiture changeant de couleur<\/strong> projets<\/p>\n<\/li>\n<\/ul>\n<h2 data-start=\"2179\" data-end=\"2198\">Sp\u00e9cifications<\/h2>\n<p data-start=\"2199\" data-end=\"2445\">Mat\u00e9riau : vinyle automobile en PET\/PVC<br data-start=\"2233\" data-end=\"2236\" \/>Couleur : Rouge Dragon Blood Red M\u00e9tallique Liquide<br data-start=\"2272\" data-end=\"2275\" \/>Finition : Options brillante \/ mate<br data-start=\"2305\" data-end=\"2308\" \/>\u00c9paisseur : 150\u2013180 \u03bcm<br data-start=\"2329\" data-end=\"2332\" \/>Adh\u00e9sif : Lib\u00e9ration d'air, repositionnable<br data-start=\"2369\" data-end=\"2372\" \/>Durabilit\u00e9 : 3\u20135 ans en ext\u00e9rieur<br data-start=\"2401\" data-end=\"2404\" \/>Taille du rouleau : Personnalisable pour les commandes en gros<\/p>\n<h2 data-start=\"2447\" data-end=\"2466\">Principaux avantages<\/h2>\n<ul data-start=\"2467\" data-end=\"2740\">\n<li data-start=\"2467\" data-end=\"2514\">\n<p data-start=\"2469\" data-end=\"2514\">Premium <strong data-start=\"2477\" data-end=\"2504\">enveloppe pour voiture changeant de couleur<\/strong> qualit\u00e9<\/p>\n<\/li>\n<li data-start=\"2515\" data-end=\"2559\">\n<p data-start=\"2517\" data-end=\"2559\">R\u00e9sistant aux rayures, durable et flexible<\/p>\n<\/li>\n<li data-start=\"2560\" data-end=\"2614\">\n<p data-start=\"2562\" data-end=\"2614\">Directement de l'usine, enti\u00e8rement personnalisable pour les commandes en gros<\/p>\n<\/li>\n<li data-start=\"2615\" data-end=\"2678\">\n<p data-start=\"2617\" data-end=\"2678\">Installation facile pour les utilisateurs DIY et les installateurs professionnels<\/p>\n<\/li>\n<li data-start=\"2679\" data-end=\"2740\">\n<p data-start=\"2681\" data-end=\"2740\">Parfait pour les ateliers automobiles, les installateurs et les passionn\u00e9s<\/p>\n<\/li>\n<\/ul>\n<h2 data-start=\"2742\" data-end=\"2763\">Contenu du paquet<\/h2>\n<ul data-start=\"2764\" data-end=\"2886\">\n<li data-start=\"2764\" data-end=\"2817\">\n<p data-start=\"2766\" data-end=\"2817\">1 Rouleau de vinyle PVC m\u00e9tallique liquide Dragon Blood Red<\/p>\n<\/li>\n<li data-start=\"2818\" data-end=\"2886\">\n<p data-start=\"2820\" data-end=\"2886\">Kit d'installation optionnel : raclette, cutter, chiffon en microfibre<\/p>\n<\/li>\n<\/ul>\n<h2 data-start=\"2888\" data-end=\"2917\">Pourquoi choisir ce produit ?<\/h2>\n<p data-start=\"2918\" data-end=\"3235\">Ce produit directement de l'usine <strong data-start=\"2938\" data-end=\"2965\">enveloppe pour voiture changeant de couleur<\/strong> le vinyle offre une qualit\u00e9 professionnelle, une finition m\u00e9tallique liquide Dragon Blood Red vibrante et une protection durable. Enti\u00e8rement personnalisable pour commandes en gros ou individuelles, parfait pour les installateurs, grossistes et entreprises proposant des solutions d'enveloppement en vinyle premium <strong data-start=\"3199\" data-end=\"3222\">Recouvrement en vinyle pour voitures<\/strong> solutions.<\/p>","protected":false},"excerpt":{"rendered":"<p>Am\u00e9liorez votre v\u00e9hicule avec ce <strong data-start=\"459\" data-end=\"486\">enveloppe pour voiture changeant de couleur<\/strong> film m\u00e9tallique liquide de haute qualit\u00e9 Dragon Blood Red. R\u00e9sistant aux rayures, durable, direct usine, enti\u00e8rement personnalisable pour les commandes en gros. Id\u00e9al pour les installateurs professionnels, grossistes et passionn\u00e9s d'automobiles recherchant des solutions d'enveloppement en vinyle premium.<\/p>","protected":false},"featured_media":9462,"comment_status":"open","ping_status":"closed","template":"","meta":[],"product_brand":[],"product_cat":[214],"product_tag":[],"class_list":{"0":"post-9461","1":"product","2":"type-product","3":"status-publish","4":"has-post-thumbnail","6":"product_cat-car-vinyl-wrap-film","8":"first","9":"instock","10":"shipping-taxable","11":"product-type-simple"},"_links":{"self":[{"href":"https:\/\/www.carliseppf.com\/fr\/wp-json\/wp\/v2\/product\/9461","targetHints":{"allow":["GET"]}}],"collection":[{"href":"https:\/\/www.carliseppf.com\/fr\/wp-json\/wp\/v2\/product"}],"about":[{"href":"https:\/\/www.carliseppf.com\/fr\/wp-json\/wp\/v2\/types\/product"}],"replies":[{"embeddable":true,"href":"https:\/\/www.carliseppf.com\/fr\/wp-json\/wp\/v2\/comments?post=9461"}],"wp:featuredmedia":[{"embeddable":true,"href":"https:\/\/www.carliseppf.com\/fr\/wp-json\/wp\/v2\/media\/9462"}],"wp:attachment":[{"href":"https:\/\/www.carliseppf.com\/fr\/wp-json\/wp\/v2\/media?parent=9461"}],"wp:term":[{"taxonomy":"product_brand","embeddable":true,"href":"https:\/\/www.carliseppf.com\/fr\/wp-json\/wp\/v2\/product_brand?post=9461"},{"taxonomy":"product_cat","embeddable":true,"href":"https:\/\/www.carliseppf.com\/fr\/wp-json\/wp\/v2\/product_cat?post=9461"},{"taxonomy":"product_tag","embeddable":true,"href":"https:\/\/www.carliseppf.com\/fr\/wp-json\/wp\/v2\/product_tag?post=9461"}],"curies":[{"name":"wp","href":"https:\/\/api.w.org\/{rel}","templated":true}]}}