{"id":9468,"date":"2025-11-17T07:17:32","date_gmt":"2025-11-17T07:17:32","guid":{"rendered":"https:\/\/www.carliseppf.com\/?post_type=product&#038;p=9468"},"modified":"2025-11-20T10:08:42","modified_gmt":"2025-11-20T10:08:42","slug":"car-wrap-colors-glossy-red","status":"publish","type":"product","link":"https:\/\/www.carliseppf.com\/fr\/produit\/car-wrap-colors-glossy-red\/","title":{"rendered":"Vinyle PVC brillant rouge \u2013 Couleurs d'enveloppement pour voiture"},"content":{"rendered":"<h2 data-start=\"693\" data-end=\"714\">Aper\u00e7u du produit<\/h2>\n<p data-start=\"715\" data-end=\"1015\">Ce vinyle premium <strong data-start=\"728\" data-end=\"747\">Couleurs de covering voiture<\/strong> le vinyle offre une finition rouge brillant vibrante, alliant style et protection de la peinture. Parfait pour les enveloppements complets ou partiels de voitures, motos, garnitures int\u00e9rieures et panneaux de carrosserie personnalis\u00e9s. L'approvisionnement direct d'usine garantit des commandes en gros et des tailles personnalis\u00e9es pour les installateurs et grossistes.<\/p>\n<p data-start=\"715\" data-end=\"1015\"><img fetchpriority=\"high\" decoding=\"async\" class=\"alignnone wp-image-9467 size-full\" src=\"https:\/\/www.carliseppf.com\/wp-content\/uploads\/2025\/11\/\u9f99\u8840\u7ea25-scaled.jpg\" alt=\"Couleurs de covering voiture\" width=\"2560\" height=\"1440\" srcset=\"https:\/\/www.carliseppf.com\/wp-content\/uploads\/2025\/11\/\u9f99\u8840\u7ea25-scaled.jpg 2560w, https:\/\/www.carliseppf.com\/wp-content\/uploads\/2025\/11\/\u9f99\u8840\u7ea25-300x169.jpg 300w, https:\/\/www.carliseppf.com\/wp-content\/uploads\/2025\/11\/\u9f99\u8840\u7ea25-1024x576.jpg 1024w, https:\/\/www.carliseppf.com\/wp-content\/uploads\/2025\/11\/\u9f99\u8840\u7ea25-768x432.jpg 768w, https:\/\/www.carliseppf.com\/wp-content\/uploads\/2025\/11\/\u9f99\u8840\u7ea25-1536x864.jpg 1536w, https:\/\/www.carliseppf.com\/wp-content\/uploads\/2025\/11\/\u9f99\u8840\u7ea25-2048x1152.jpg 2048w, https:\/\/www.carliseppf.com\/wp-content\/uploads\/2025\/11\/\u9f99\u8840\u7ea25-370x208.jpg 370w, https:\/\/www.carliseppf.com\/wp-content\/uploads\/2025\/11\/\u9f99\u8840\u7ea25-1290x725.jpg 1290w, https:\/\/www.carliseppf.com\/wp-content\/uploads\/2025\/11\/\u9f99\u8840\u7ea25-840x473.jpg 840w, https:\/\/www.carliseppf.com\/wp-content\/uploads\/2025\/11\/\u9f99\u8840\u7ea25-410x231.jpg 410w, https:\/\/www.carliseppf.com\/wp-content\/uploads\/2025\/11\/\u9f99\u8840\u7ea25-730x411.jpg 730w, https:\/\/www.carliseppf.com\/wp-content\/uploads\/2025\/11\/\u9f99\u8840\u7ea25-270x152.jpg 270w\" sizes=\"(max-width: 2560px) 100vw, 2560px\" \/><\/p>\n<h2 data-start=\"1017\" data-end=\"1039\">Conception &amp; Caract\u00e9ristiques<\/h2>\n<ul data-start=\"1040\" data-end=\"1346\">\n<li data-start=\"1040\" data-end=\"1120\">\n<p data-start=\"1042\" data-end=\"1120\">Finition en PVC brillant rouge vif pour professionnel <strong data-start=\"1089\" data-end=\"1110\">film de covering automobile<\/strong> r\u00e9sultats<\/p>\n<\/li>\n<li data-start=\"1121\" data-end=\"1183\">\n<p data-start=\"1123\" data-end=\"1183\">R\u00e9sistant aux rayures et adh\u00e9sif pour une application facile<\/p>\n<\/li>\n<li data-start=\"1184\" data-end=\"1265\">\n<p data-start=\"1186\" data-end=\"1265\">Flexible, durable et compatible avec les professionnels <strong data-start=\"1238\" data-end=\"1257\">Couleurs de covering voiture<\/strong> outils professionnels<\/p>\n<\/li>\n<li data-start=\"1266\" data-end=\"1346\">\n<p data-start=\"1268\" data-end=\"1346\">Id\u00e9al pour une couverture compl\u00e8te ou partielle du v\u00e9hicule, commandes en gros et projets personnalis\u00e9s<\/p>\n<\/li>\n<\/ul>\n<h2 data-start=\"1348\" data-end=\"1374\">Mat\u00e9riau de haute qualit\u00e9<\/h2>\n<ul data-start=\"1375\" data-end=\"1540\">\n<li data-start=\"1375\" data-end=\"1407\">\n<p data-start=\"1377\" data-end=\"1407\">Vinyle automobile en PVC durable<\/p>\n<\/li>\n<li data-start=\"1408\" data-end=\"1460\">\n<p data-start=\"1410\" data-end=\"1460\">R\u00e9sistant aux UV, \u00e9tanche et s\u00fbr pour la peinture OEM<\/p>\n<\/li>\n<li data-start=\"1461\" data-end=\"1509\">\n<p data-start=\"1463\" data-end=\"1509\">Performance ext\u00e9rieure durable (3\u20135 ans)<\/p>\n<\/li>\n<li data-start=\"1510\" data-end=\"1540\">\n<p data-start=\"1512\" data-end=\"1540\">Facile \u00e0 nettoyer et \u00e0 entretenir<\/p>\n<\/li>\n<\/ul>\n<h2 data-start=\"1542\" data-end=\"1580\">Installation facile et personnalisation<\/h2>\n<ul data-start=\"1581\" data-end=\"1811\">\n<li data-start=\"1581\" data-end=\"1633\">\n<p data-start=\"1583\" data-end=\"1633\">Adh\u00e9sif \u00e0 lib\u00e9ration d'air pour une application sans bulles<\/p>\n<\/li>\n<li data-start=\"1634\" data-end=\"1704\">\n<p data-start=\"1636\" data-end=\"1704\">Flexible et thermo-formable pour les bords, courbes et surfaces complexes<\/p>\n<\/li>\n<li data-start=\"1705\" data-end=\"1756\">\n<p data-start=\"1707\" data-end=\"1756\">Rouleaux personnalisables pour les commandes en gros ou en gros<\/p>\n<\/li>\n<li data-start=\"1757\" data-end=\"1811\">\n<p data-start=\"1759\" data-end=\"1811\">Convient aux installateurs professionnels et aux utilisateurs DIY<\/p>\n<\/li>\n<\/ul>\n<h2 data-start=\"1813\" data-end=\"1830\">Applications<\/h2>\n<ul data-start=\"1831\" data-end=\"2019\">\n<li data-start=\"1831\" data-end=\"1884\">\n<p data-start=\"1833\" data-end=\"1884\">Wraps complets pour v\u00e9hicules : voitures, SUV, motos, vans<\/p>\n<\/li>\n<li data-start=\"1885\" data-end=\"1935\">\n<p data-start=\"1887\" data-end=\"1935\">Wraps partiels : capots, toits, miroirs, spoilers<\/p>\n<\/li>\n<li data-start=\"1936\" data-end=\"1976\">\n<p data-start=\"1938\" data-end=\"1976\">Jupes int\u00e9rieures et panneaux d\u00e9coratifs<\/p>\n<\/li>\n<li data-start=\"1977\" data-end=\"2019\">\n<p data-start=\"1979\" data-end=\"2019\">Id\u00e9al pour <strong data-start=\"1989\" data-end=\"2008\">Couleurs de covering voiture<\/strong> projets<\/p>\n<\/li>\n<\/ul>\n<h2 data-start=\"2021\" data-end=\"2040\">Sp\u00e9cifications<\/h2>\n<p data-start=\"2041\" data-end=\"2248\">Mat\u00e9riau : vinyle automobile en PVC<br data-start=\"2071\" data-end=\"2074\" \/>Couleur : Rouge Brillant<br data-start=\"2091\" data-end=\"2094\" \/>Finition : Brillante<br data-start=\"2108\" data-end=\"2111\" \/>\u00c9paisseur : 150\u2013180 \u03bcm<br data-start=\"2132\" data-end=\"2135\" \/>Adh\u00e9sif : Lib\u00e9ration d'air, repositionnable<br data-start=\"2172\" data-end=\"2175\" \/>Durabilit\u00e9 : 3\u20135 ans en ext\u00e9rieur<br data-start=\"2204\" data-end=\"2207\" \/>Taille du rouleau : Personnalisable pour les commandes en gros<\/p>\n<h2 data-start=\"2250\" data-end=\"2269\">Principaux avantages<\/h2>\n<ul data-start=\"2270\" data-end=\"2535\">\n<li data-start=\"2270\" data-end=\"2309\">\n<p data-start=\"2272\" data-end=\"2309\">Premium <strong data-start=\"2280\" data-end=\"2299\">Couleurs de covering voiture<\/strong> qualit\u00e9<\/p>\n<\/li>\n<li data-start=\"2310\" data-end=\"2354\">\n<p data-start=\"2312\" data-end=\"2354\">R\u00e9sistant aux rayures, durable et flexible<\/p>\n<\/li>\n<li data-start=\"2355\" data-end=\"2409\">\n<p data-start=\"2357\" data-end=\"2409\">Directement de l'usine, enti\u00e8rement personnalisable pour les commandes en gros<\/p>\n<\/li>\n<li data-start=\"2410\" data-end=\"2473\">\n<p data-start=\"2412\" data-end=\"2473\">Installation facile pour les utilisateurs DIY et les installateurs professionnels<\/p>\n<\/li>\n<li data-start=\"2474\" data-end=\"2535\">\n<p data-start=\"2476\" data-end=\"2535\">Parfait pour les ateliers automobiles, les installateurs et les passionn\u00e9s<\/p>\n<\/li>\n<\/ul>\n<h2 data-start=\"2537\" data-end=\"2558\">Contenu du paquet<\/h2>\n<ul data-start=\"2559\" data-end=\"2676\">\n<li data-start=\"2559\" data-end=\"2607\">\n<p data-start=\"2561\" data-end=\"2607\">1 Rouleau de film d'enveloppement en PVC brillant rouge<\/p>\n<\/li>\n<li data-start=\"2608\" data-end=\"2676\">\n<p data-start=\"2610\" data-end=\"2676\">Kit d'installation optionnel : raclette, cutter, chiffon en microfibre<\/p>\n<\/li>\n<\/ul>\n<h2 data-start=\"2678\" data-end=\"2707\">Pourquoi choisir ce produit ?<\/h2>\n<p data-start=\"2708\" data-end=\"2998\">Ce produit directement de l'usine <strong data-start=\"2728\" data-end=\"2747\">Couleurs de covering voiture<\/strong> le vinyle offre une qualit\u00e9 professionnelle, une finition rouge brillant vibrante et une protection longue dur\u00e9e. Enti\u00e8rement personnalisable pour les commandes en gros ou individuelles, parfait pour les installateurs, grossistes et entreprises proposant des solutions d'enveloppement premium <strong data-start=\"2962\" data-end=\"2985\">Recouvrement en vinyle pour voitures<\/strong> solutions.<\/p>","protected":false},"excerpt":{"rendered":"<p>Am\u00e9liorez votre v\u00e9hicule avec ce <strong data-start=\"392\" data-end=\"411\">Couleurs de covering voiture<\/strong> solution \u2013 film d'enveloppement en PVC brillant rouge en gros. R\u00e9sistant aux rayures, adh\u00e9sif, durable, enti\u00e8rement personnalisable pour les commandes en gros. Id\u00e9al pour les installateurs professionnels, les grossistes et les passionn\u00e9s d'automobiles recherchant des solutions d'enveloppement en vinyle de haute qualit\u00e9.<\/p>","protected":false},"featured_media":9469,"comment_status":"open","ping_status":"closed","template":"","meta":[],"product_brand":[],"product_cat":[214],"product_tag":[],"class_list":{"0":"post-9468","1":"product","2":"type-product","3":"status-publish","4":"has-post-thumbnail","6":"product_cat-car-vinyl-wrap-film","8":"first","9":"instock","10":"shipping-taxable","11":"product-type-simple"},"_links":{"self":[{"href":"https:\/\/www.carliseppf.com\/fr\/wp-json\/wp\/v2\/product\/9468","targetHints":{"allow":["GET"]}}],"collection":[{"href":"https:\/\/www.carliseppf.com\/fr\/wp-json\/wp\/v2\/product"}],"about":[{"href":"https:\/\/www.carliseppf.com\/fr\/wp-json\/wp\/v2\/types\/product"}],"replies":[{"embeddable":true,"href":"https:\/\/www.carliseppf.com\/fr\/wp-json\/wp\/v2\/comments?post=9468"}],"wp:featuredmedia":[{"embeddable":true,"href":"https:\/\/www.carliseppf.com\/fr\/wp-json\/wp\/v2\/media\/9469"}],"wp:attachment":[{"href":"https:\/\/www.carliseppf.com\/fr\/wp-json\/wp\/v2\/media?parent=9468"}],"wp:term":[{"taxonomy":"product_brand","embeddable":true,"href":"https:\/\/www.carliseppf.com\/fr\/wp-json\/wp\/v2\/product_brand?post=9468"},{"taxonomy":"product_cat","embeddable":true,"href":"https:\/\/www.carliseppf.com\/fr\/wp-json\/wp\/v2\/product_cat?post=9468"},{"taxonomy":"product_tag","embeddable":true,"href":"https:\/\/www.carliseppf.com\/fr\/wp-json\/wp\/v2\/product_tag?post=9468"}],"curies":[{"name":"wp","href":"https:\/\/api.w.org\/{rel}","templated":true}]}}