{"id":9475,"date":"2025-11-17T07:28:33","date_gmt":"2025-11-17T07:28:33","guid":{"rendered":"https:\/\/www.carliseppf.com\/?post_type=product&#038;p=9475"},"modified":"2025-11-22T02:07:53","modified_gmt":"2025-11-22T02:07:53","slug":"black-car-wrap-piano-black","status":"publish","type":"product","link":"https:\/\/www.carliseppf.com\/fr\/produit\/black-car-wrap-piano-black\/","title":{"rendered":"Vinyle PET Piano Black \u2013 Film pour voiture noir"},"content":{"rendered":"<h2 data-start=\"682\" data-end=\"703\">Aper\u00e7u du produit<\/h2>\n<p data-start=\"704\" data-end=\"1005\">Ce vinyle premium <strong data-start=\"717\" data-end=\"735\">film pour voiture noir<\/strong> caract\u00e9ristiques du vinyle : finition brillante en PET Piano Black, offrant style et protection. Parfait pour les enveloppements complets ou partiels de voitures, motos, garnitures int\u00e9rieures et panneaux de carrosserie personnalis\u00e9s. L'approvisionnement direct en usine garantit des commandes en gros et des tailles personnalis\u00e9es pour les installateurs et grossistes.<\/p>\n<p data-start=\"704\" data-end=\"1005\"><img fetchpriority=\"high\" decoding=\"async\" class=\"alignnone wp-image-9477 size-full\" src=\"https:\/\/www.carliseppf.com\/wp-content\/uploads\/2025\/11\/\u94a2\u7434\u9ed16.jpg\" alt=\"film pour voiture noir\" width=\"1076\" height=\"1712\" srcset=\"https:\/\/www.carliseppf.com\/wp-content\/uploads\/2025\/11\/\u94a2\u7434\u9ed16.jpg 1076w, https:\/\/www.carliseppf.com\/wp-content\/uploads\/2025\/11\/\u94a2\u7434\u9ed16-189x300.jpg 189w, https:\/\/www.carliseppf.com\/wp-content\/uploads\/2025\/11\/\u94a2\u7434\u9ed16-644x1024.jpg 644w, https:\/\/www.carliseppf.com\/wp-content\/uploads\/2025\/11\/\u94a2\u7434\u9ed16-768x1222.jpg 768w, https:\/\/www.carliseppf.com\/wp-content\/uploads\/2025\/11\/\u94a2\u7434\u9ed16-965x1536.jpg 965w, https:\/\/www.carliseppf.com\/wp-content\/uploads\/2025\/11\/\u94a2\u7434\u9ed16-370x589.jpg 370w, https:\/\/www.carliseppf.com\/wp-content\/uploads\/2025\/11\/\u94a2\u7434\u9ed16-840x1337.jpg 840w, https:\/\/www.carliseppf.com\/wp-content\/uploads\/2025\/11\/\u94a2\u7434\u9ed16-410x652.jpg 410w, https:\/\/www.carliseppf.com\/wp-content\/uploads\/2025\/11\/\u94a2\u7434\u9ed16-730x1161.jpg 730w\" sizes=\"(max-width: 1076px) 100vw, 1076px\" \/><\/p>\n<h2 data-start=\"1007\" data-end=\"1029\">Conception &amp; Caract\u00e9ristiques<\/h2>\n<ul data-start=\"1030\" data-end=\"1348\">\n<li data-start=\"1030\" data-end=\"1090\">\n<p data-start=\"1032\" data-end=\"1090\">Finition brillante Piano Black pour un look \u00e9l\u00e9gant et professionnel<\/p>\n<\/li>\n<li data-start=\"1091\" data-end=\"1158\">\n<p data-start=\"1093\" data-end=\"1158\">Mat\u00e9riau PET\/PVC de haute qualit\u00e9 pour une durabilit\u00e9 accrue <strong data-start=\"1135\" data-end=\"1156\">film de covering automobile<\/strong><\/p>\n<\/li>\n<li data-start=\"1159\" data-end=\"1209\">\n<p data-start=\"1161\" data-end=\"1209\">R\u00e9sistant aux rayures, flexible et facile \u00e0 appliquer<\/p>\n<\/li>\n<li data-start=\"1210\" data-end=\"1267\">\n<p data-start=\"1212\" data-end=\"1267\">Compatible avec des <strong data-start=\"1241\" data-end=\"1259\">film pour voiture noir<\/strong> outils professionnels<\/p>\n<\/li>\n<li data-start=\"1268\" data-end=\"1348\">\n<p data-start=\"1270\" data-end=\"1348\">Id\u00e9al pour une couverture compl\u00e8te ou partielle du v\u00e9hicule, commandes en gros et projets personnalis\u00e9s<\/p>\n<\/li>\n<\/ul>\n<h2 data-start=\"1350\" data-end=\"1376\">Mat\u00e9riau de haute qualit\u00e9<\/h2>\n<ul data-start=\"1377\" data-end=\"1542\">\n<li data-start=\"1377\" data-end=\"1413\">\n<p data-start=\"1379\" data-end=\"1413\">Vinyle automobile durable en PET\/PVC<\/p>\n<\/li>\n<li data-start=\"1414\" data-end=\"1462\">\n<p data-start=\"1416\" data-end=\"1462\">R\u00e9sistant aux UV, \u00e9tanche, s\u00fbr pour la peinture OEM<\/p>\n<\/li>\n<li data-start=\"1463\" data-end=\"1511\">\n<p data-start=\"1465\" data-end=\"1511\">Performance ext\u00e9rieure durable (3\u20135 ans)<\/p>\n<\/li>\n<li data-start=\"1512\" data-end=\"1542\">\n<p data-start=\"1514\" data-end=\"1542\">Facile \u00e0 nettoyer et \u00e0 entretenir<\/p>\n<\/li>\n<\/ul>\n<h2 data-start=\"1544\" data-end=\"1582\">Installation facile et personnalisation<\/h2>\n<ul data-start=\"1583\" data-end=\"1795\">\n<li data-start=\"1583\" data-end=\"1636\">\n<p data-start=\"1585\" data-end=\"1636\">Adh\u00e9sif \u00e0 lib\u00e9ration d'air pour une installation sans bulles<\/p>\n<\/li>\n<li data-start=\"1637\" data-end=\"1688\">\n<p data-start=\"1639\" data-end=\"1688\">Flexible et thermoformable pour les bords et les courbes<\/p>\n<\/li>\n<li data-start=\"1689\" data-end=\"1740\">\n<p data-start=\"1691\" data-end=\"1740\">Rouleaux personnalisables pour les commandes en gros ou en gros<\/p>\n<\/li>\n<li data-start=\"1741\" data-end=\"1795\">\n<p data-start=\"1743\" data-end=\"1795\">Convient aux installateurs professionnels et aux utilisateurs DIY<\/p>\n<\/li>\n<\/ul>\n<h2 data-start=\"1797\" data-end=\"1814\">Applications<\/h2>\n<ul data-start=\"1815\" data-end=\"2002\">\n<li data-start=\"1815\" data-end=\"1868\">\n<p data-start=\"1817\" data-end=\"1868\">Wraps complets pour v\u00e9hicules : voitures, SUV, motos, vans<\/p>\n<\/li>\n<li data-start=\"1869\" data-end=\"1919\">\n<p data-start=\"1871\" data-end=\"1919\">Wraps partiels : capots, toits, miroirs, spoilers<\/p>\n<\/li>\n<li data-start=\"1920\" data-end=\"1960\">\n<p data-start=\"1922\" data-end=\"1960\">Jupes int\u00e9rieures et panneaux d\u00e9coratifs<\/p>\n<\/li>\n<li data-start=\"1961\" data-end=\"2002\">\n<p data-start=\"1963\" data-end=\"2002\">Id\u00e9al pour <strong data-start=\"1973\" data-end=\"1991\">film pour voiture noir<\/strong> projets<\/p>\n<\/li>\n<\/ul>\n<h2 data-start=\"2004\" data-end=\"2023\">Sp\u00e9cifications<\/h2>\n<p data-start=\"2024\" data-end=\"2236\">Mat\u00e9riau : vinyle automobile en PET\/PVC<br data-start=\"2058\" data-end=\"2061\" \/>Couleur : Piano Black<br data-start=\"2079\" data-end=\"2082\" \/>Finition : Brillante<br data-start=\"2096\" data-end=\"2099\" \/>\u00c9paisseur : 150\u2013180 \u03bcm<br data-start=\"2120\" data-end=\"2123\" \/>Adh\u00e9sif : Lib\u00e9ration d'air, repositionnable<br data-start=\"2160\" data-end=\"2163\" \/>Durabilit\u00e9 : 3\u20135 ans en ext\u00e9rieur<br data-start=\"2192\" data-end=\"2195\" \/>Taille du rouleau : Personnalisable pour les commandes en gros<\/p>\n<h2 data-start=\"2238\" data-end=\"2257\">Principaux avantages<\/h2>\n<ul data-start=\"2258\" data-end=\"2522\">\n<li data-start=\"2258\" data-end=\"2296\">\n<p data-start=\"2260\" data-end=\"2296\">Premium <strong data-start=\"2268\" data-end=\"2286\">film pour voiture noir<\/strong> qualit\u00e9<\/p>\n<\/li>\n<li data-start=\"2297\" data-end=\"2341\">\n<p data-start=\"2299\" data-end=\"2341\">R\u00e9sistant aux rayures, durable et flexible<\/p>\n<\/li>\n<li data-start=\"2342\" data-end=\"2396\">\n<p data-start=\"2344\" data-end=\"2396\">Directement de l'usine, enti\u00e8rement personnalisable pour les commandes en gros<\/p>\n<\/li>\n<li data-start=\"2397\" data-end=\"2460\">\n<p data-start=\"2399\" data-end=\"2460\">Installation facile pour les utilisateurs DIY et les installateurs professionnels<\/p>\n<\/li>\n<li data-start=\"2461\" data-end=\"2522\">\n<p data-start=\"2463\" data-end=\"2522\">Parfait pour les ateliers automobiles, les installateurs et les passionn\u00e9s<\/p>\n<\/li>\n<\/ul>\n<h2 data-start=\"2524\" data-end=\"2545\">Contenu du paquet<\/h2>\n<ul data-start=\"2546\" data-end=\"2666\">\n<li data-start=\"2546\" data-end=\"2597\">\n<p data-start=\"2548\" data-end=\"2597\">1 Rouleau de film vinyle PET brillant Piano Black pour voiture<\/p>\n<\/li>\n<li data-start=\"2598\" data-end=\"2666\">\n<p data-start=\"2600\" data-end=\"2666\">Kit d'installation optionnel : raclette, cutter, chiffon en microfibre<\/p>\n<\/li>\n<\/ul>\n<h2 data-start=\"2668\" data-end=\"2697\">Pourquoi choisir ce produit ?<\/h2>\n<p data-start=\"2698\" data-end=\"2987\">Ce produit directement de l'usine <strong data-start=\"2718\" data-end=\"2736\">film pour voiture noir<\/strong> le vinyle offre une qualit\u00e9 professionnelle, une finition brillante Piano Black, et une protection longue dur\u00e9e. Enti\u00e8rement personnalisable pour les commandes en gros ou individuelles, parfait pour les installateurs, grossistes et entreprises proposant des solutions de vinyle premium <strong data-start=\"2951\" data-end=\"2974\">Recouvrement en vinyle pour voitures<\/strong> solutions.<\/p>\n<p><iframe title=\"e70f7ffda7839d5ca0a39ce0635a9a5f brut\" width=\"1260\" height=\"709\" src=\"https:\/\/www.youtube.com\/embed\/2qLp3wbKQCs?feature=oembed\" frameborder=\"0\" allow=\"accelerometer; autoplay; clipboard-write; encrypted-media; gyroscope; picture-in-picture; web-share\" referrerpolicy=\"strict-origin-when-cross-origin\" allowfullscreen><\/iframe><\/p>","protected":false},"excerpt":{"rendered":"<p>Am\u00e9liorez votre v\u00e9hicule avec ce <strong data-start=\"400\" data-end=\"418\">film pour voiture noir<\/strong> \u2013 vinyle PET brillant Piano Black de haute qualit\u00e9. R\u00e9sistant aux rayures, durable, et directement fabriqu\u00e9 en usine, enti\u00e8rement personnalisable pour les commandes en gros. Id\u00e9al pour les installateurs professionnels, les grossistes et les passionn\u00e9s d'automobile recherchant des solutions de film de qualit\u00e9 sup\u00e9rieure.<\/p>","protected":false},"featured_media":9478,"comment_status":"closed","ping_status":"closed","template":"","meta":[],"product_brand":[],"product_cat":[214],"product_tag":[],"class_list":{"0":"post-9475","1":"product","2":"type-product","3":"status-publish","4":"has-post-thumbnail","6":"product_cat-car-vinyl-wrap-film","8":"first","9":"instock","10":"shipping-taxable","11":"product-type-simple"},"_links":{"self":[{"href":"https:\/\/www.carliseppf.com\/fr\/wp-json\/wp\/v2\/product\/9475","targetHints":{"allow":["GET"]}}],"collection":[{"href":"https:\/\/www.carliseppf.com\/fr\/wp-json\/wp\/v2\/product"}],"about":[{"href":"https:\/\/www.carliseppf.com\/fr\/wp-json\/wp\/v2\/types\/product"}],"replies":[{"embeddable":true,"href":"https:\/\/www.carliseppf.com\/fr\/wp-json\/wp\/v2\/comments?post=9475"}],"wp:featuredmedia":[{"embeddable":true,"href":"https:\/\/www.carliseppf.com\/fr\/wp-json\/wp\/v2\/media\/9478"}],"wp:attachment":[{"href":"https:\/\/www.carliseppf.com\/fr\/wp-json\/wp\/v2\/media?parent=9475"}],"wp:term":[{"taxonomy":"product_brand","embeddable":true,"href":"https:\/\/www.carliseppf.com\/fr\/wp-json\/wp\/v2\/product_brand?post=9475"},{"taxonomy":"product_cat","embeddable":true,"href":"https:\/\/www.carliseppf.com\/fr\/wp-json\/wp\/v2\/product_cat?post=9475"},{"taxonomy":"product_tag","embeddable":true,"href":"https:\/\/www.carliseppf.com\/fr\/wp-json\/wp\/v2\/product_tag?post=9475"}],"curies":[{"name":"wp","href":"https:\/\/api.w.org\/{rel}","templated":true}]}}