{"id":9481,"date":"2025-11-17T07:53:09","date_gmt":"2025-11-17T07:53:09","guid":{"rendered":"https:\/\/www.carliseppf.com\/?post_type=product&#038;p=9481"},"modified":"2025-11-20T10:09:30","modified_gmt":"2025-11-20T10:09:30","slug":"cool-car-wraps-rainbow-pvc","status":"publish","type":"product","link":"https:\/\/www.carliseppf.com\/fr\/produit\/cool-car-wraps-rainbow-pvc\/","title":{"rendered":"Film de changement de couleur Rainbow PVC Calise \u2013 Enveloppes de voiture cool"},"content":{"rendered":"<h2 data-start=\"720\" data-end=\"741\">Aper\u00e7u du produit<\/h2>\n<p data-start=\"742\" data-end=\"1073\">Ce vinyle premium <strong data-start=\"755\" data-end=\"773\">enveloppes de voiture cool<\/strong> le film pr\u00e9sente un PVC \u00e9lectroplaqu\u00e9 arc-en-ciel changeant de couleur, offrant un look \u00e9poustouflant et dynamique pour les voitures, motos et v\u00e9hicules \u00e9lectriques. Id\u00e9al pour des enveloppements complets ou partiels, p\u00e9dales, et panneaux de carrosserie. L'approvisionnement direct de l'usine garantit des commandes en gros et des tailles personnalis\u00e9es pour les installateurs et grossistes.<\/p>\n<p data-start=\"742\" data-end=\"1073\"><img fetchpriority=\"high\" decoding=\"async\" class=\"alignnone wp-image-9483 size-full\" src=\"https:\/\/www.carliseppf.com\/wp-content\/uploads\/2025\/11\/Ha20ca167d7c243d095653ea9aaae8b7fq.png_avifclosewebpclose.png\" alt=\"enveloppes de voiture cool\" width=\"800\" height=\"800\" srcset=\"https:\/\/www.carliseppf.com\/wp-content\/uploads\/2025\/11\/Ha20ca167d7c243d095653ea9aaae8b7fq.png_avifclosewebpclose.png 800w, https:\/\/www.carliseppf.com\/wp-content\/uploads\/2025\/11\/Ha20ca167d7c243d095653ea9aaae8b7fq.png_avifclosewebpclose-300x300.png 300w, https:\/\/www.carliseppf.com\/wp-content\/uploads\/2025\/11\/Ha20ca167d7c243d095653ea9aaae8b7fq.png_avifclosewebpclose-150x150.png 150w, https:\/\/www.carliseppf.com\/wp-content\/uploads\/2025\/11\/Ha20ca167d7c243d095653ea9aaae8b7fq.png_avifclosewebpclose-768x768.png 768w, https:\/\/www.carliseppf.com\/wp-content\/uploads\/2025\/11\/Ha20ca167d7c243d095653ea9aaae8b7fq.png_avifclosewebpclose-370x370.png 370w, https:\/\/www.carliseppf.com\/wp-content\/uploads\/2025\/11\/Ha20ca167d7c243d095653ea9aaae8b7fq.png_avifclosewebpclose-120x120.png 120w, https:\/\/www.carliseppf.com\/wp-content\/uploads\/2025\/11\/Ha20ca167d7c243d095653ea9aaae8b7fq.png_avifclosewebpclose-410x410.png 410w, https:\/\/www.carliseppf.com\/wp-content\/uploads\/2025\/11\/Ha20ca167d7c243d095653ea9aaae8b7fq.png_avifclosewebpclose-630x630.png 630w, https:\/\/www.carliseppf.com\/wp-content\/uploads\/2025\/11\/Ha20ca167d7c243d095653ea9aaae8b7fq.png_avifclosewebpclose-730x730.png 730w, https:\/\/www.carliseppf.com\/wp-content\/uploads\/2025\/11\/Ha20ca167d7c243d095653ea9aaae8b7fq.png_avifclosewebpclose-460x460.png 460w\" sizes=\"(max-width: 800px) 100vw, 800px\" \/><\/p>\n<h2 data-start=\"1075\" data-end=\"1097\">Conception &amp; Caract\u00e9ristiques<\/h2>\n<ul data-start=\"1098\" data-end=\"1394\">\n<li data-start=\"1098\" data-end=\"1146\">\n<p data-start=\"1100\" data-end=\"1146\">Effet \u00e9lectroplaqu\u00e9 arc-en-ciel changeant de couleur<\/p>\n<\/li>\n<li data-start=\"1147\" data-end=\"1217\">\n<p data-start=\"1149\" data-end=\"1217\">Mat\u00e9riau PVC lisse pour un rendu professionnel <strong data-start=\"1186\" data-end=\"1207\">film de covering automobile<\/strong> r\u00e9sultats<\/p>\n<\/li>\n<li data-start=\"1218\" data-end=\"1283\">\n<p data-start=\"1220\" data-end=\"1283\">R\u00e9sistant aux rayures, durable et flexible pour les courbes et les bords<\/p>\n<\/li>\n<li data-start=\"1284\" data-end=\"1332\">\n<p data-start=\"1286\" data-end=\"1332\">Parfait pour une couverture compl\u00e8te ou partielle du v\u00e9hicule<\/p>\n<\/li>\n<li data-start=\"1333\" data-end=\"1394\">\n<p data-start=\"1335\" data-end=\"1394\">Compatible avec des outils professionnels pour <strong data-start=\"1374\" data-end=\"1392\">enveloppes de voiture cool<\/strong><\/p>\n<\/li>\n<\/ul>\n<h2 data-start=\"1396\" data-end=\"1422\">Mat\u00e9riau de haute qualit\u00e9<\/h2>\n<ul data-start=\"1423\" data-end=\"1588\">\n<li data-start=\"1423\" data-end=\"1455\">\n<p data-start=\"1425\" data-end=\"1455\">Vinyle automobile en PVC durable<\/p>\n<\/li>\n<li data-start=\"1456\" data-end=\"1508\">\n<p data-start=\"1458\" data-end=\"1508\">R\u00e9sistant aux UV, \u00e9tanche et s\u00fbr pour la peinture OEM<\/p>\n<\/li>\n<li data-start=\"1509\" data-end=\"1557\">\n<p data-start=\"1511\" data-end=\"1557\">Performance ext\u00e9rieure durable (3\u20135 ans)<\/p>\n<\/li>\n<li data-start=\"1558\" data-end=\"1588\">\n<p data-start=\"1560\" data-end=\"1588\">Facile \u00e0 nettoyer et \u00e0 entretenir<\/p>\n<\/li>\n<\/ul>\n<h2 data-start=\"1590\" data-end=\"1628\">Installation facile et personnalisation<\/h2>\n<ul data-start=\"1629\" data-end=\"1850\">\n<li data-start=\"1629\" data-end=\"1681\">\n<p data-start=\"1631\" data-end=\"1681\">Adh\u00e9sif \u00e0 lib\u00e9ration d'air pour une application sans bulles<\/p>\n<\/li>\n<li data-start=\"1682\" data-end=\"1743\">\n<p data-start=\"1684\" data-end=\"1743\">Flexible et thermoformable pour les bords et surfaces complexes<\/p>\n<\/li>\n<li data-start=\"1744\" data-end=\"1795\">\n<p data-start=\"1746\" data-end=\"1795\">Rouleaux personnalisables pour les commandes en gros ou en gros<\/p>\n<\/li>\n<li data-start=\"1796\" data-end=\"1850\">\n<p data-start=\"1798\" data-end=\"1850\">Convient aux installateurs professionnels et aux utilisateurs DIY<\/p>\n<\/li>\n<\/ul>\n<h2 data-start=\"1852\" data-end=\"1869\">Applications<\/h2>\n<ul data-start=\"1870\" data-end=\"2053\">\n<li data-start=\"1870\" data-end=\"1916\">\n<p data-start=\"1872\" data-end=\"1916\">Enveloppements complets de v\u00e9hicules : voitures, motos, VE<\/p>\n<\/li>\n<li data-start=\"1917\" data-end=\"1970\">\n<p data-start=\"1919\" data-end=\"1970\">Enveloppements partiels : p\u00e9dales, miroirs, capots, toits<\/p>\n<\/li>\n<li data-start=\"1971\" data-end=\"2011\">\n<p data-start=\"1973\" data-end=\"2011\">Jupes int\u00e9rieures et panneaux d\u00e9coratifs<\/p>\n<\/li>\n<li data-start=\"2012\" data-end=\"2053\">\n<p data-start=\"2014\" data-end=\"2053\">Id\u00e9al pour <strong data-start=\"2024\" data-end=\"2042\">enveloppes de voiture cool<\/strong> projets<\/p>\n<\/li>\n<\/ul>\n<h2 data-start=\"2055\" data-end=\"2074\">Sp\u00e9cifications<\/h2>\n<p data-start=\"2075\" data-end=\"2325\">Mat\u00e9riau : vinyle automobile en PVC<br data-start=\"2105\" data-end=\"2108\" \/>Couleur : \u00e9lectroplaqu\u00e9 arc-en-ciel (changeant de couleur)<br data-start=\"2154\" data-end=\"2157\" \/>Finition : options brillante\/mate<br data-start=\"2185\" data-end=\"2188\" \/>\u00c9paisseur : 150\u2013180 \u03bcm<br data-start=\"2209\" data-end=\"2212\" \/>Adh\u00e9sif : Lib\u00e9ration d'air, repositionnable<br data-start=\"2249\" data-end=\"2252\" \/>Durabilit\u00e9 : 3\u20135 ans en ext\u00e9rieur<br data-start=\"2281\" data-end=\"2284\" \/>Taille du rouleau : Personnalisable pour les commandes en gros<\/p>\n<h2 data-start=\"2327\" data-end=\"2346\">Principaux avantages<\/h2>\n<ul data-start=\"2347\" data-end=\"2592\">\n<li data-start=\"2347\" data-end=\"2385\">\n<p data-start=\"2349\" data-end=\"2385\">\u00c9poustouflant <strong data-start=\"2358\" data-end=\"2376\">enveloppes de voiture cool<\/strong> effet<\/p>\n<\/li>\n<li data-start=\"2386\" data-end=\"2430\">\n<p data-start=\"2388\" data-end=\"2430\">R\u00e9sistant aux rayures, durable et flexible<\/p>\n<\/li>\n<li data-start=\"2431\" data-end=\"2485\">\n<p data-start=\"2433\" data-end=\"2485\">Directement de l'usine, enti\u00e8rement personnalisable pour les commandes en gros<\/p>\n<\/li>\n<li data-start=\"2486\" data-end=\"2549\">\n<p data-start=\"2488\" data-end=\"2549\">Installation facile pour les utilisateurs DIY et les installateurs professionnels<\/p>\n<\/li>\n<li data-start=\"2550\" data-end=\"2592\">\n<p data-start=\"2552\" data-end=\"2592\">Parfait pour les voitures, motos et VE<\/p>\n<\/li>\n<\/ul>\n<h2 data-start=\"2594\" data-end=\"2615\">Contenu du paquet<\/h2>\n<ul data-start=\"2616\" data-end=\"2731\">\n<li data-start=\"2616\" data-end=\"2662\">\n<p data-start=\"2618\" data-end=\"2662\">Un rouleau de vinyle PVC changeant de couleur arc-en-ciel<\/p>\n<\/li>\n<li data-start=\"2663\" data-end=\"2731\">\n<p data-start=\"2665\" data-end=\"2731\">Kit d'installation optionnel : raclette, cutter, chiffon en microfibre<\/p>\n<\/li>\n<\/ul>\n<h2 data-start=\"2733\" data-end=\"2762\">Pourquoi choisir ce produit ?<\/h2>\n<p data-start=\"2763\" data-end=\"3068\">Ce produit directement de l'usine <strong data-start=\"2783\" data-end=\"2801\">enveloppes de voiture cool<\/strong> la solution offre des effets vibrants de changement de couleur arc-en-ciel, une qualit\u00e9 professionnelle et une protection longue dur\u00e9e. Enti\u00e8rement personnalisable pour les commandes en gros ou individuelles, parfait pour les installateurs, grossistes et entreprises offrant des effets de vinyle de haute qualit\u00e9 <strong data-start=\"3032\" data-end=\"3055\">Recouvrement en vinyle pour voitures<\/strong> solutions.<\/p>","protected":false},"excerpt":{"rendered":"<p>Am\u00e9liorez votre v\u00e9hicule avec ce <strong data-start=\"441\" data-end=\"459\">enveloppes de voiture cool<\/strong> solution \u2013 Film \u00e9lectroplaqu\u00e9 arc-en-ciel Calise PVC Changeant de couleur. Directement de l'usine, durable, r\u00e9sistant aux rayures, et enti\u00e8rement personnalisable pour les commandes en gros. Parfait pour les voitures, motos et v\u00e9hicules \u00e9lectriques recherchant des effets de vinyle de haute qualit\u00e9.<\/p>","protected":false},"featured_media":9482,"comment_status":"open","ping_status":"closed","template":"","meta":[],"product_brand":[],"product_cat":[214],"product_tag":[],"class_list":{"0":"post-9481","1":"product","2":"type-product","3":"status-publish","4":"has-post-thumbnail","6":"product_cat-car-vinyl-wrap-film","8":"first","9":"instock","10":"shipping-taxable","11":"product-type-simple"},"_links":{"self":[{"href":"https:\/\/www.carliseppf.com\/fr\/wp-json\/wp\/v2\/product\/9481","targetHints":{"allow":["GET"]}}],"collection":[{"href":"https:\/\/www.carliseppf.com\/fr\/wp-json\/wp\/v2\/product"}],"about":[{"href":"https:\/\/www.carliseppf.com\/fr\/wp-json\/wp\/v2\/types\/product"}],"replies":[{"embeddable":true,"href":"https:\/\/www.carliseppf.com\/fr\/wp-json\/wp\/v2\/comments?post=9481"}],"wp:featuredmedia":[{"embeddable":true,"href":"https:\/\/www.carliseppf.com\/fr\/wp-json\/wp\/v2\/media\/9482"}],"wp:attachment":[{"href":"https:\/\/www.carliseppf.com\/fr\/wp-json\/wp\/v2\/media?parent=9481"}],"wp:term":[{"taxonomy":"product_brand","embeddable":true,"href":"https:\/\/www.carliseppf.com\/fr\/wp-json\/wp\/v2\/product_brand?post=9481"},{"taxonomy":"product_cat","embeddable":true,"href":"https:\/\/www.carliseppf.com\/fr\/wp-json\/wp\/v2\/product_cat?post=9481"},{"taxonomy":"product_tag","embeddable":true,"href":"https:\/\/www.carliseppf.com\/fr\/wp-json\/wp\/v2\/product_tag?post=9481"}],"curies":[{"name":"wp","href":"https:\/\/api.w.org\/{rel}","templated":true}]}}