{"id":9488,"date":"2025-11-17T08:35:02","date_gmt":"2025-11-17T08:35:02","guid":{"rendered":"https:\/\/www.carliseppf.com\/?post_type=product&#038;p=9488"},"modified":"2025-11-20T10:09:51","modified_gmt":"2025-11-20T10:09:51","slug":"3m-car-wrap-film-gold-pvc","status":"publish","type":"product","link":"https:\/\/www.carliseppf.com\/fr\/produit\/3m-car-wrap-film-gold-pvc\/","title":{"rendered":"Autocollants en PVC or \u2013 Film d'enveloppement pour voiture 3M"},"content":{"rendered":"<h2 data-start=\"688\" data-end=\"709\">Aper\u00e7u du produit<\/h2>\n<p data-start=\"710\" data-end=\"997\">Ce vinyle premium <strong data-start=\"723\" data-end=\"743\">film d'enveloppement pour voiture 3M<\/strong> en stickers PVC or offre \u00e0 la fois style et protection durable pour les v\u00e9hicules. Id\u00e9al pour les enveloppements complets ou partiels de voitures, miroirs, garnitures int\u00e9rieures et panneaux de carrosserie. L'approvisionnement direct d'usine garantit des commandes en gros et des tailles personnalis\u00e9es pour les installateurs et grossistes.<\/p>\n<p data-start=\"710\" data-end=\"997\"><img fetchpriority=\"high\" decoding=\"async\" class=\"alignnone wp-image-9489 size-full\" src=\"https:\/\/www.carliseppf.com\/wp-content\/uploads\/2025\/11\/Hd3f0a148ec424813b7e5ea303bb0ca75q.png_avifclosewebpclose.png\" alt=\"film d&#039;enveloppement pour voiture 3M\" width=\"800\" height=\"800\" srcset=\"https:\/\/www.carliseppf.com\/wp-content\/uploads\/2025\/11\/Hd3f0a148ec424813b7e5ea303bb0ca75q.png_avifclosewebpclose.png 800w, https:\/\/www.carliseppf.com\/wp-content\/uploads\/2025\/11\/Hd3f0a148ec424813b7e5ea303bb0ca75q.png_avifclosewebpclose-300x300.png 300w, https:\/\/www.carliseppf.com\/wp-content\/uploads\/2025\/11\/Hd3f0a148ec424813b7e5ea303bb0ca75q.png_avifclosewebpclose-150x150.png 150w, https:\/\/www.carliseppf.com\/wp-content\/uploads\/2025\/11\/Hd3f0a148ec424813b7e5ea303bb0ca75q.png_avifclosewebpclose-768x768.png 768w, https:\/\/www.carliseppf.com\/wp-content\/uploads\/2025\/11\/Hd3f0a148ec424813b7e5ea303bb0ca75q.png_avifclosewebpclose-370x370.png 370w, https:\/\/www.carliseppf.com\/wp-content\/uploads\/2025\/11\/Hd3f0a148ec424813b7e5ea303bb0ca75q.png_avifclosewebpclose-120x120.png 120w, https:\/\/www.carliseppf.com\/wp-content\/uploads\/2025\/11\/Hd3f0a148ec424813b7e5ea303bb0ca75q.png_avifclosewebpclose-410x410.png 410w, https:\/\/www.carliseppf.com\/wp-content\/uploads\/2025\/11\/Hd3f0a148ec424813b7e5ea303bb0ca75q.png_avifclosewebpclose-630x630.png 630w, https:\/\/www.carliseppf.com\/wp-content\/uploads\/2025\/11\/Hd3f0a148ec424813b7e5ea303bb0ca75q.png_avifclosewebpclose-730x730.png 730w, https:\/\/www.carliseppf.com\/wp-content\/uploads\/2025\/11\/Hd3f0a148ec424813b7e5ea303bb0ca75q.png_avifclosewebpclose-460x460.png 460w\" sizes=\"(max-width: 800px) 100vw, 800px\" \/><\/p>\n<h2 data-start=\"999\" data-end=\"1021\">Conception &amp; Caract\u00e9ristiques<\/h2>\n<ul data-start=\"1022\" data-end=\"1320\">\n<li data-start=\"1022\" data-end=\"1071\">\n<p data-start=\"1024\" data-end=\"1071\">Couleur PVC or vif avec finition haute brillance<\/p>\n<\/li>\n<li data-start=\"1072\" data-end=\"1132\">\n<p data-start=\"1074\" data-end=\"1132\">R\u00e9sistant aux rayures et extensible pour une application fluide<\/p>\n<\/li>\n<li data-start=\"1133\" data-end=\"1192\">\n<p data-start=\"1135\" data-end=\"1192\">Parfait pour un enveloppement complet ou partiel <strong data-start=\"1168\" data-end=\"1190\">film d'enveloppement pour voitures<\/strong><\/p>\n<\/li>\n<li data-start=\"1193\" data-end=\"1252\">\n<p data-start=\"1195\" data-end=\"1252\">Compatible avec des <strong data-start=\"1224\" data-end=\"1244\">film d'enveloppement pour voiture 3M<\/strong> outils professionnels<\/p>\n<\/li>\n<li data-start=\"1253\" data-end=\"1320\">\n<p data-start=\"1255\" data-end=\"1320\">Convient pour les commandes en gros, projets personnalis\u00e9s et ateliers automobiles<\/p>\n<\/li>\n<\/ul>\n<h2 data-start=\"1322\" data-end=\"1348\">Mat\u00e9riau de haute qualit\u00e9<\/h2>\n<ul data-start=\"1349\" data-end=\"1502\">\n<li data-start=\"1349\" data-end=\"1384\">\n<p data-start=\"1351\" data-end=\"1384\">Vinyle en PVC durable et r\u00e9sistant aux UV<\/p>\n<\/li>\n<li data-start=\"1385\" data-end=\"1422\">\n<p data-start=\"1387\" data-end=\"1422\">Imperm\u00e9able et s\u00fbr pour la peinture OEM<\/p>\n<\/li>\n<li data-start=\"1423\" data-end=\"1471\">\n<p data-start=\"1425\" data-end=\"1471\">Performance ext\u00e9rieure durable (3\u20135 ans)<\/p>\n<\/li>\n<li data-start=\"1472\" data-end=\"1502\">\n<p data-start=\"1474\" data-end=\"1502\">Facile \u00e0 nettoyer et \u00e0 entretenir<\/p>\n<\/li>\n<\/ul>\n<h2 data-start=\"1504\" data-end=\"1542\">Installation facile et personnalisation<\/h2>\n<ul data-start=\"1543\" data-end=\"1759\">\n<li data-start=\"1543\" data-end=\"1600\">\n<p data-start=\"1545\" data-end=\"1600\">Adh\u00e9sif \u00e0 lib\u00e9ration d'air assure une installation sans bulles<\/p>\n<\/li>\n<li data-start=\"1601\" data-end=\"1652\">\n<p data-start=\"1603\" data-end=\"1652\">Flexible et thermoformable pour les courbes et les bords<\/p>\n<\/li>\n<li data-start=\"1653\" data-end=\"1704\">\n<p data-start=\"1655\" data-end=\"1704\">Rouleaux personnalisables pour les commandes en gros ou en gros<\/p>\n<\/li>\n<li data-start=\"1705\" data-end=\"1759\">\n<p data-start=\"1707\" data-end=\"1759\">Convient aux installateurs professionnels et aux utilisateurs DIY<\/p>\n<\/li>\n<\/ul>\n<h2 data-start=\"1761\" data-end=\"1778\">Applications<\/h2>\n<ul data-start=\"1779\" data-end=\"1968\">\n<li data-start=\"1779\" data-end=\"1832\">\n<p data-start=\"1781\" data-end=\"1832\">Wraps complets pour v\u00e9hicules : voitures, SUV, motos, vans<\/p>\n<\/li>\n<li data-start=\"1833\" data-end=\"1883\">\n<p data-start=\"1835\" data-end=\"1883\">Enveloppements partiels : miroirs, capots, toits, spoilers<\/p>\n<\/li>\n<li data-start=\"1884\" data-end=\"1924\">\n<p data-start=\"1886\" data-end=\"1924\">Jupes int\u00e9rieures et panneaux d\u00e9coratifs<\/p>\n<\/li>\n<li data-start=\"1925\" data-end=\"1968\">\n<p data-start=\"1927\" data-end=\"1968\">Id\u00e9al pour <strong data-start=\"1937\" data-end=\"1957\">film d'enveloppement pour voiture 3M<\/strong> projets<\/p>\n<\/li>\n<\/ul>\n<h2 data-start=\"1970\" data-end=\"1989\">Sp\u00e9cifications<\/h2>\n<p data-start=\"1990\" data-end=\"2195\">Mat\u00e9riau : vinyle automobile en PVC<br data-start=\"2020\" data-end=\"2023\" \/>Couleur : Or<br data-start=\"2034\" data-end=\"2037\" \/>Finition : Haute brillance<br data-start=\"2055\" data-end=\"2058\" \/>\u00c9paisseur : 150\u2013180 \u03bcm<br data-start=\"2079\" data-end=\"2082\" \/>Adh\u00e9sif : Lib\u00e9ration d'air, repositionnable<br data-start=\"2119\" data-end=\"2122\" \/>Durabilit\u00e9 : 3\u20135 ans en ext\u00e9rieur<br data-start=\"2151\" data-end=\"2154\" \/>Taille du rouleau : Personnalisable pour les commandes en gros<\/p>\n<h2 data-start=\"2197\" data-end=\"2216\">Principaux avantages<\/h2>\n<ul data-start=\"2217\" data-end=\"2474\">\n<li data-start=\"2217\" data-end=\"2257\">\n<p data-start=\"2219\" data-end=\"2257\">Premium <strong data-start=\"2227\" data-end=\"2247\">film d'enveloppement pour voiture 3M<\/strong> qualit\u00e9<\/p>\n<\/li>\n<li data-start=\"2258\" data-end=\"2305\">\n<p data-start=\"2260\" data-end=\"2305\">R\u00e9sistant aux rayures, durable et extensible<\/p>\n<\/li>\n<li data-start=\"2306\" data-end=\"2360\">\n<p data-start=\"2308\" data-end=\"2360\">Directement de l'usine, enti\u00e8rement personnalisable pour les commandes en gros<\/p>\n<\/li>\n<li data-start=\"2361\" data-end=\"2424\">\n<p data-start=\"2363\" data-end=\"2424\">Installation facile pour les utilisateurs DIY et les installateurs professionnels<\/p>\n<\/li>\n<li data-start=\"2425\" data-end=\"2474\">\n<p data-start=\"2427\" data-end=\"2474\">Id\u00e9al pour les miroirs, v\u00e9hicules et enveloppements personnalis\u00e9s<\/p>\n<\/li>\n<\/ul>\n<h2 data-start=\"2476\" data-end=\"2497\">Contenu du paquet<\/h2>\n<ul data-start=\"2498\" data-end=\"2608\">\n<li data-start=\"2498\" data-end=\"2539\">\n<p data-start=\"2500\" data-end=\"2539\">1 rouleau de stickers en vinyle PVC or pour voiture<\/p>\n<\/li>\n<li data-start=\"2540\" data-end=\"2608\">\n<p data-start=\"2542\" data-end=\"2608\">Kit d'installation optionnel : raclette, cutter, chiffon en microfibre<\/p>\n<\/li>\n<\/ul>\n<h2 data-start=\"2610\" data-end=\"2639\">Pourquoi choisir ce produit ?<\/h2>\n<p data-start=\"2640\" data-end=\"2924\">Ce produit directement de l'usine <strong data-start=\"2660\" data-end=\"2680\">film d'enveloppement pour voiture 3M<\/strong> Offre une qualit\u00e9 professionnelle, une finition or vibrante et une protection longue dur\u00e9e. Enti\u00e8rement personnalisable pour commandes en gros ou individuelles, parfait pour les installateurs, grossistes et entreprises offrant des produits de haute qualit\u00e9 <strong data-start=\"2888\" data-end=\"2911\">Recouvrement en vinyle pour voitures<\/strong> solutions.<\/p>","protected":false},"excerpt":{"rendered":"<p data-start=\"381\" data-end=\"668\">Am\u00e9liorez et prot\u00e9gez votre v\u00e9hicule avec ceci <strong data-start=\"424\" data-end=\"444\">film d'enveloppement pour voiture 3M<\/strong> en PVC or. R\u00e9sistant aux rayures, extensible et durable, l'approvisionnement direct d'usine permet les commandes en gros et les tailles personnalis\u00e9es, id\u00e9al pour les installateurs, grossistes et passionn\u00e9s d'automobile recherchant des solutions professionnelles d'enveloppement en vinyle.<\/p>","protected":false},"featured_media":9489,"comment_status":"open","ping_status":"closed","template":"","meta":[],"product_brand":[],"product_cat":[214],"product_tag":[],"class_list":{"0":"post-9488","1":"product","2":"type-product","3":"status-publish","4":"has-post-thumbnail","6":"product_cat-car-vinyl-wrap-film","8":"first","9":"instock","10":"shipping-taxable","11":"product-type-simple"},"_links":{"self":[{"href":"https:\/\/www.carliseppf.com\/fr\/wp-json\/wp\/v2\/product\/9488","targetHints":{"allow":["GET"]}}],"collection":[{"href":"https:\/\/www.carliseppf.com\/fr\/wp-json\/wp\/v2\/product"}],"about":[{"href":"https:\/\/www.carliseppf.com\/fr\/wp-json\/wp\/v2\/types\/product"}],"replies":[{"embeddable":true,"href":"https:\/\/www.carliseppf.com\/fr\/wp-json\/wp\/v2\/comments?post=9488"}],"wp:featuredmedia":[{"embeddable":true,"href":"https:\/\/www.carliseppf.com\/fr\/wp-json\/wp\/v2\/media\/9489"}],"wp:attachment":[{"href":"https:\/\/www.carliseppf.com\/fr\/wp-json\/wp\/v2\/media?parent=9488"}],"wp:term":[{"taxonomy":"product_brand","embeddable":true,"href":"https:\/\/www.carliseppf.com\/fr\/wp-json\/wp\/v2\/product_brand?post=9488"},{"taxonomy":"product_cat","embeddable":true,"href":"https:\/\/www.carliseppf.com\/fr\/wp-json\/wp\/v2\/product_cat?post=9488"},{"taxonomy":"product_tag","embeddable":true,"href":"https:\/\/www.carliseppf.com\/fr\/wp-json\/wp\/v2\/product_tag?post=9488"}],"curies":[{"name":"wp","href":"https:\/\/api.w.org\/{rel}","templated":true}]}}