{"id":9506,"date":"2025-11-18T03:50:04","date_gmt":"2025-11-18T03:50:04","guid":{"rendered":"https:\/\/www.carliseppf.com\/?post_type=product&#038;p=9506"},"modified":"2025-11-20T09:17:19","modified_gmt":"2025-11-20T09:17:19","slug":"car-wrapping-film-nado-gray","status":"publish","type":"product","link":"https:\/\/www.carliseppf.com\/fr\/produit\/car-wrapping-film-nado-gray\/","title":{"rendered":"Film de covering pour voiture \u2013 Nado Gris Cristal Profond Changement de Couleur Vinyle"},"content":{"rendered":"<h2 data-start=\"740\" data-end=\"761\">Aper\u00e7u du produit<\/h2>\n<p data-start=\"762\" data-end=\"1092\">Ce vinyle premium <strong data-start=\"775\" data-end=\"796\">film de covering automobile<\/strong> comprend le vinyle changeant de couleur Nado Gray Deep Crystal, alliant style et protection longue dur\u00e9e de la peinture. Parfait pour les covering complets ou partiels de voitures, motos, garnitures int\u00e9rieures et designs cr\u00e9atifs personnalis\u00e9s. L'approvisionnement direct de l'usine garantit des commandes en gros et des tailles personnalis\u00e9es pour les installateurs et grossistes.<\/p>\n<p data-start=\"762\" data-end=\"1092\"><img fetchpriority=\"high\" decoding=\"async\" class=\"alignnone wp-image-9510 size-full\" src=\"https:\/\/www.carliseppf.com\/wp-content\/uploads\/2025\/11\/\u7eb3\u591a\u70703.jpg\" alt=\"film d&#039;enveloppement pour voiture\u200b\" width=\"1080\" height=\"1440\" srcset=\"https:\/\/www.carliseppf.com\/wp-content\/uploads\/2025\/11\/\u7eb3\u591a\u70703.jpg 1080w, https:\/\/www.carliseppf.com\/wp-content\/uploads\/2025\/11\/\u7eb3\u591a\u70703-225x300.jpg 225w, https:\/\/www.carliseppf.com\/wp-content\/uploads\/2025\/11\/\u7eb3\u591a\u70703-768x1024.jpg 768w, https:\/\/www.carliseppf.com\/wp-content\/uploads\/2025\/11\/\u7eb3\u591a\u70703-370x493.jpg 370w, https:\/\/www.carliseppf.com\/wp-content\/uploads\/2025\/11\/\u7eb3\u591a\u70703-840x1120.jpg 840w, https:\/\/www.carliseppf.com\/wp-content\/uploads\/2025\/11\/\u7eb3\u591a\u70703-410x547.jpg 410w, https:\/\/www.carliseppf.com\/wp-content\/uploads\/2025\/11\/\u7eb3\u591a\u70703-730x973.jpg 730w\" sizes=\"(max-width: 1080px) 100vw, 1080px\" \/><\/p>\n<h2 data-start=\"1094\" data-end=\"1116\">Conception &amp; Caract\u00e9ristiques<\/h2>\n<ul data-start=\"1117\" data-end=\"1429\">\n<li data-start=\"1117\" data-end=\"1174\">\n<p data-start=\"1119\" data-end=\"1174\">Finition impressionnante changeante de couleur Nado Gray Deep Crystal<\/p>\n<\/li>\n<li data-start=\"1175\" data-end=\"1241\">\n<p data-start=\"1177\" data-end=\"1241\">Mat\u00e9riau PET\/PVC lisse pour un rendu professionnel <strong data-start=\"1218\" data-end=\"1239\">film de covering automobile<\/strong><\/p>\n<\/li>\n<li data-start=\"1242\" data-end=\"1312\">\n<p data-start=\"1244\" data-end=\"1312\">Convient pour un covering complet ou partiel <strong data-start=\"1278\" data-end=\"1301\">Recouvrement en vinyle pour voitures<\/strong> projets<\/p>\n<\/li>\n<li data-start=\"1313\" data-end=\"1362\">\n<p data-start=\"1315\" data-end=\"1362\">Id\u00e9al pour cr\u00e9er des couleurs de covering automobiles uniques <strong data-start=\"1341\" data-end=\"1360\">Couleurs de covering voiture<\/strong><\/p>\n<\/li>\n<li data-start=\"1363\" data-end=\"1429\">\n<p data-start=\"1365\" data-end=\"1429\">Parfait pour les ateliers automobiles, commandes en gros et projets personnalis\u00e9s<\/p>\n<\/li>\n<\/ul>\n<h2 data-start=\"1431\" data-end=\"1457\">Mat\u00e9riau de haute qualit\u00e9<\/h2>\n<ul data-start=\"1458\" data-end=\"1663\">\n<li data-start=\"1458\" data-end=\"1508\">\n<p data-start=\"1460\" data-end=\"1508\">Vinyle automobile en PET\/PVC durable et r\u00e9sistant aux UV<\/p>\n<\/li>\n<li data-start=\"1509\" data-end=\"1558\">\n<p data-start=\"1511\" data-end=\"1558\">R\u00e9sistant aux rayures, \u00e9tanche, s\u00fbr pour la peinture OEM<\/p>\n<\/li>\n<li data-start=\"1559\" data-end=\"1607\">\n<p data-start=\"1561\" data-end=\"1607\">Performance ext\u00e9rieure durable (3\u20135 ans)<\/p>\n<\/li>\n<li data-start=\"1608\" data-end=\"1663\">\n<p data-start=\"1610\" data-end=\"1663\">Compatible avec des <strong data-start=\"1639\" data-end=\"1661\">outils de covering automobile<\/strong><\/p>\n<\/li>\n<\/ul>\n<h2 data-start=\"1665\" data-end=\"1703\">Installation facile et personnalisation<\/h2>\n<ul data-start=\"1704\" data-end=\"1919\">\n<li data-start=\"1704\" data-end=\"1760\">\n<p data-start=\"1706\" data-end=\"1760\">Adh\u00e9sif \u00e0 lib\u00e9ration d'air pour une application sans bulles<\/p>\n<\/li>\n<li data-start=\"1761\" data-end=\"1812\">\n<p data-start=\"1763\" data-end=\"1812\">Flexible et thermoformable pour les courbes et les bords<\/p>\n<\/li>\n<li data-start=\"1813\" data-end=\"1864\">\n<p data-start=\"1815\" data-end=\"1864\">Rouleaux personnalisables pour les commandes en gros ou en gros<\/p>\n<\/li>\n<li data-start=\"1865\" data-end=\"1919\">\n<p data-start=\"1867\" data-end=\"1919\">Convient aux installateurs professionnels et aux utilisateurs DIY<\/p>\n<\/li>\n<\/ul>\n<h2 data-start=\"1921\" data-end=\"1938\">Applications<\/h2>\n<ul data-start=\"1939\" data-end=\"2129\">\n<li data-start=\"1939\" data-end=\"1992\">\n<p data-start=\"1941\" data-end=\"1992\">Wraps complets pour v\u00e9hicules : voitures, SUV, motos, vans<\/p>\n<\/li>\n<li data-start=\"1993\" data-end=\"2043\">\n<p data-start=\"1995\" data-end=\"2043\">Wraps partiels : capots, toits, miroirs, spoilers<\/p>\n<\/li>\n<li data-start=\"2044\" data-end=\"2084\">\n<p data-start=\"2046\" data-end=\"2084\">Jupes int\u00e9rieures et panneaux d\u00e9coratifs<\/p>\n<\/li>\n<li data-start=\"2085\" data-end=\"2129\">\n<p data-start=\"2087\" data-end=\"2129\">Id\u00e9al pour <strong data-start=\"2097\" data-end=\"2118\">film de covering automobile<\/strong> projets<\/p>\n<\/li>\n<\/ul>\n<h2 data-start=\"2131\" data-end=\"2150\">Sp\u00e9cifications<\/h2>\n<p data-start=\"2151\" data-end=\"2406\">Mat\u00e9riau : vinyle automobile en PET\/PVC<br data-start=\"2185\" data-end=\"2188\" \/>Couleur : Nado Gray Deep Crystal (changeant de couleur)<br data-start=\"2234\" data-end=\"2237\" \/>Finition : Haute brillance<br data-start=\"2255\" data-end=\"2258\" \/>\u00c9paisseur : 150\u2013180 \u03bcm<br data-start=\"2279\" data-end=\"2282\" \/>Adh\u00e9sif : Lib\u00e9ration d'air, repositionnable<br data-start=\"2319\" data-end=\"2322\" \/>Durabilit\u00e9 : 3\u20135 ans en ext\u00e9rieur<br data-start=\"2351\" data-end=\"2354\" \/>Taille du rouleau : 1,52*17M (personnalisable pour les commandes en gros)<\/p>\n<h2 data-start=\"2408\" data-end=\"2427\">Principaux avantages<\/h2>\n<ul data-start=\"2428\" data-end=\"2684\">\n<li data-start=\"2428\" data-end=\"2472\">\n<p data-start=\"2430\" data-end=\"2472\">De qualit\u00e9 professionnelle <strong data-start=\"2449\" data-end=\"2470\">film de covering automobile<\/strong><\/p>\n<\/li>\n<li data-start=\"2473\" data-end=\"2524\">\n<p data-start=\"2475\" data-end=\"2524\">Finition changeante de couleur Nado Gray Crystal vibrante<\/p>\n<\/li>\n<li data-start=\"2525\" data-end=\"2565\">\n<p data-start=\"2527\" data-end=\"2565\">Durable, r\u00e9sistant aux UV, r\u00e9sistant aux rayures<\/p>\n<\/li>\n<li data-start=\"2566\" data-end=\"2620\">\n<p data-start=\"2568\" data-end=\"2620\">Directement de l'usine, enti\u00e8rement personnalisable pour les commandes en gros<\/p>\n<\/li>\n<li data-start=\"2621\" data-end=\"2684\">\n<p data-start=\"2623\" data-end=\"2684\">Installation facile pour les utilisateurs DIY et les installateurs professionnels<\/p>\n<\/li>\n<\/ul>\n<h2 data-start=\"2686\" data-end=\"2707\">Contenu du paquet<\/h2>\n<ul data-start=\"2708\" data-end=\"2828\">\n<li data-start=\"2708\" data-end=\"2759\">\n<p data-start=\"2710\" data-end=\"2759\">1 rouleau de vinyle Nado Gray Deep Crystal pour enveloppe de voiture<\/p>\n<\/li>\n<li data-start=\"2760\" data-end=\"2828\">\n<p data-start=\"2762\" data-end=\"2828\">Kit d'installation optionnel : raclette, cutter, chiffon en microfibre<\/p>\n<\/li>\n<\/ul>\n<h2 data-start=\"2830\" data-end=\"2859\">Pourquoi choisir ce produit ?<\/h2>\n<p data-start=\"2860\" data-end=\"3157\">Ce produit directement de l'usine <strong data-start=\"2880\" data-end=\"2901\">film de covering automobile<\/strong> offre une qualit\u00e9 professionnelle, des effets de changement de couleur vibrants et une protection durable. Enti\u00e8rement personnalisable pour les commandes en gros ou individuelles, parfait pour les installateurs, grossistes et entreprises fournissant des solutions d'enveloppement de haute qualit\u00e9 <strong data-start=\"3121\" data-end=\"3144\">Recouvrement en vinyle pour voitures<\/strong> solutions.<\/p>","protected":false},"excerpt":{"rendered":"<p>Prot\u00e9gez et transformez votre v\u00e9hicule avec ceci <strong data-start=\"465\" data-end=\"486\">film de covering automobile<\/strong> en vinyle changeant de couleur Nado Gray Deep Crystal. Directement de l'usine, enti\u00e8rement personnalisable pour les commandes en gros, durable, r\u00e9sistant aux rayures, et parfait pour les installateurs, grossistes et passionn\u00e9s d'automobiles recherchant des solutions de covering premium.<\/p>","protected":false},"featured_media":9508,"comment_status":"open","ping_status":"closed","template":"","meta":[],"product_brand":[],"product_cat":[214],"product_tag":[],"class_list":{"0":"post-9506","1":"product","2":"type-product","3":"status-publish","4":"has-post-thumbnail","6":"product_cat-car-vinyl-wrap-film","8":"first","9":"instock","10":"shipping-taxable","11":"product-type-simple"},"_links":{"self":[{"href":"https:\/\/www.carliseppf.com\/fr\/wp-json\/wp\/v2\/product\/9506","targetHints":{"allow":["GET"]}}],"collection":[{"href":"https:\/\/www.carliseppf.com\/fr\/wp-json\/wp\/v2\/product"}],"about":[{"href":"https:\/\/www.carliseppf.com\/fr\/wp-json\/wp\/v2\/types\/product"}],"replies":[{"embeddable":true,"href":"https:\/\/www.carliseppf.com\/fr\/wp-json\/wp\/v2\/comments?post=9506"}],"wp:featuredmedia":[{"embeddable":true,"href":"https:\/\/www.carliseppf.com\/fr\/wp-json\/wp\/v2\/media\/9508"}],"wp:attachment":[{"href":"https:\/\/www.carliseppf.com\/fr\/wp-json\/wp\/v2\/media?parent=9506"}],"wp:term":[{"taxonomy":"product_brand","embeddable":true,"href":"https:\/\/www.carliseppf.com\/fr\/wp-json\/wp\/v2\/product_brand?post=9506"},{"taxonomy":"product_cat","embeddable":true,"href":"https:\/\/www.carliseppf.com\/fr\/wp-json\/wp\/v2\/product_cat?post=9506"},{"taxonomy":"product_tag","embeddable":true,"href":"https:\/\/www.carliseppf.com\/fr\/wp-json\/wp\/v2\/product_tag?post=9506"}],"curies":[{"name":"wp","href":"https:\/\/api.w.org\/{rel}","templated":true}]}}