{"id":9513,"date":"2025-11-18T05:20:04","date_gmt":"2025-11-18T05:20:04","guid":{"rendered":"https:\/\/www.carliseppf.com\/?post_type=product&#038;p=9513"},"modified":"2025-11-20T09:12:24","modified_gmt":"2025-11-20T09:12:24","slug":"car-transport-wrap-vehicle-paint-protection-film-midnight-purple","status":"publish","type":"product","link":"https:\/\/www.carliseppf.com\/fr\/produit\/car-transport-wrap-vehicle-paint-protection-film-midnight-purple\/","title":{"rendered":"Film de protection de la peinture du v\u00e9hicule pour transport de voiture \u2013 Vinyle m\u00e9tallis\u00e9 violet minuit"},"content":{"rendered":"<h2 data-start=\"770\" data-end=\"791\">Aper\u00e7u du produit<\/h2>\n<p data-start=\"792\" data-end=\"1129\">Ce vinyle premium <strong data-start=\"805\" data-end=\"857\">film de protection de peinture pour enveloppement de voiture<\/strong> offre une finition m\u00e9tallis\u00e9e violet minuit \u00e0 haute brillance, alliant style et protection. Parfait pour des enveloppements complets ou partiels, motos, garnitures int\u00e9rieures, et personnalisations cr\u00e9atives. Approvisionnement direct d'usine pour les commandes en gros et les tailles personnalis\u00e9es pour les installateurs et grossistes.<\/p>\n<p data-start=\"792\" data-end=\"1129\"><img fetchpriority=\"high\" decoding=\"async\" class=\"alignnone wp-image-9540 size-full\" src=\"https:\/\/www.carliseppf.com\/wp-content\/uploads\/2025\/11\/He15c1bb80314407daedbea52e3dec2505.png_avifclosewebpclose.png\" alt=\"Film de protection de peinture pour transport de voiture\" width=\"800\" height=\"800\" srcset=\"https:\/\/www.carliseppf.com\/wp-content\/uploads\/2025\/11\/He15c1bb80314407daedbea52e3dec2505.png_avifclosewebpclose.png 800w, https:\/\/www.carliseppf.com\/wp-content\/uploads\/2025\/11\/He15c1bb80314407daedbea52e3dec2505.png_avifclosewebpclose-300x300.png 300w, https:\/\/www.carliseppf.com\/wp-content\/uploads\/2025\/11\/He15c1bb80314407daedbea52e3dec2505.png_avifclosewebpclose-150x150.png 150w, https:\/\/www.carliseppf.com\/wp-content\/uploads\/2025\/11\/He15c1bb80314407daedbea52e3dec2505.png_avifclosewebpclose-768x768.png 768w, https:\/\/www.carliseppf.com\/wp-content\/uploads\/2025\/11\/He15c1bb80314407daedbea52e3dec2505.png_avifclosewebpclose-370x370.png 370w, https:\/\/www.carliseppf.com\/wp-content\/uploads\/2025\/11\/He15c1bb80314407daedbea52e3dec2505.png_avifclosewebpclose-120x120.png 120w, https:\/\/www.carliseppf.com\/wp-content\/uploads\/2025\/11\/He15c1bb80314407daedbea52e3dec2505.png_avifclosewebpclose-410x410.png 410w, https:\/\/www.carliseppf.com\/wp-content\/uploads\/2025\/11\/He15c1bb80314407daedbea52e3dec2505.png_avifclosewebpclose-630x630.png 630w, https:\/\/www.carliseppf.com\/wp-content\/uploads\/2025\/11\/He15c1bb80314407daedbea52e3dec2505.png_avifclosewebpclose-730x730.png 730w, https:\/\/www.carliseppf.com\/wp-content\/uploads\/2025\/11\/He15c1bb80314407daedbea52e3dec2505.png_avifclosewebpclose-460x460.png 460w\" sizes=\"(max-width: 800px) 100vw, 800px\" \/><\/p>\n<h2 data-start=\"1131\" data-end=\"1153\">Conception &amp; Caract\u00e9ristiques<\/h2>\n<ul data-start=\"1154\" data-end=\"1455\">\n<li data-start=\"1154\" data-end=\"1205\">\n<p data-start=\"1156\" data-end=\"1205\">Finition m\u00e9tallis\u00e9e violet minuit \u00e0 haute brillance audacieuse<\/p>\n<\/li>\n<li data-start=\"1206\" data-end=\"1268\">\n<p data-start=\"1208\" data-end=\"1268\">Mat\u00e9riau PET\/PVC lisse pour un rendu professionnel <strong data-start=\"1249\" data-end=\"1266\">film d'enveloppement pour voiture<\/strong><\/p>\n<\/li>\n<li data-start=\"1269\" data-end=\"1338\">\n<p data-start=\"1271\" data-end=\"1338\">Convient pour un covering complet ou partiel <strong data-start=\"1305\" data-end=\"1327\">film d'enveloppement pour voitures<\/strong> projets<\/p>\n<\/li>\n<li data-start=\"1339\" data-end=\"1388\">\n<p data-start=\"1341\" data-end=\"1388\">Id\u00e9al pour cr\u00e9er des couleurs de covering automobiles uniques <strong data-start=\"1367\" data-end=\"1386\">Couleurs de covering voiture<\/strong><\/p>\n<\/li>\n<li data-start=\"1389\" data-end=\"1455\">\n<p data-start=\"1391\" data-end=\"1455\">Parfait pour les ateliers automobiles, commandes en gros et projets personnalis\u00e9s<\/p>\n<\/li>\n<\/ul>\n<h2 data-start=\"1457\" data-end=\"1483\">Mat\u00e9riau de haute qualit\u00e9<\/h2>\n<ul data-start=\"1484\" data-end=\"1697\">\n<li data-start=\"1484\" data-end=\"1534\">\n<p data-start=\"1486\" data-end=\"1534\">Vinyle automobile en PET\/PVC durable et r\u00e9sistant aux UV<\/p>\n<\/li>\n<li data-start=\"1535\" data-end=\"1588\">\n<p data-start=\"1537\" data-end=\"1588\">R\u00e9sistant aux rayures, \u00e9tanche, et s\u00fbr pour la peinture OEM<\/p>\n<\/li>\n<li data-start=\"1589\" data-end=\"1637\">\n<p data-start=\"1591\" data-end=\"1637\">Performance ext\u00e9rieure durable (3\u20135 ans)<\/p>\n<\/li>\n<li data-start=\"1638\" data-end=\"1697\">\n<p data-start=\"1640\" data-end=\"1697\">Compatible avec des <strong data-start=\"1669\" data-end=\"1689\">film d'enveloppement pour voiture 3M<\/strong> outils professionnels<\/p>\n<\/li>\n<\/ul>\n<h2 data-start=\"1699\" data-end=\"1737\">Installation facile et personnalisation<\/h2>\n<ul data-start=\"1738\" data-end=\"1949\">\n<li data-start=\"1738\" data-end=\"1790\">\n<p data-start=\"1740\" data-end=\"1790\">Adh\u00e9sif \u00e0 lib\u00e9ration d'air pour une application sans bulles<\/p>\n<\/li>\n<li data-start=\"1791\" data-end=\"1842\">\n<p data-start=\"1793\" data-end=\"1842\">Flexible et thermoformable pour les courbes et les bords<\/p>\n<\/li>\n<li data-start=\"1843\" data-end=\"1894\">\n<p data-start=\"1845\" data-end=\"1894\">Rouleaux personnalisables pour les commandes en gros ou en gros<\/p>\n<\/li>\n<li data-start=\"1895\" data-end=\"1949\">\n<p data-start=\"1897\" data-end=\"1949\">Convient aux installateurs professionnels et aux utilisateurs DIY<\/p>\n<\/li>\n<\/ul>\n<h2 data-start=\"1951\" data-end=\"1968\">Applications<\/h2>\n<ul data-start=\"1969\" data-end=\"2181\">\n<li data-start=\"1969\" data-end=\"2022\">\n<p data-start=\"1971\" data-end=\"2022\">Wraps complets pour v\u00e9hicules : voitures, SUV, motos, vans<\/p>\n<\/li>\n<li data-start=\"2023\" data-end=\"2073\">\n<p data-start=\"2025\" data-end=\"2073\">Wraps partiels : capots, toits, miroirs, spoilers<\/p>\n<\/li>\n<li data-start=\"2074\" data-end=\"2114\">\n<p data-start=\"2076\" data-end=\"2114\">Jupes int\u00e9rieures et panneaux d\u00e9coratifs<\/p>\n<\/li>\n<li data-start=\"2115\" data-end=\"2181\">\n<p data-start=\"2117\" data-end=\"2181\">Id\u00e9al pour <strong data-start=\"2127\" data-end=\"2149\">enveloppement de transport de voiture<\/strong> et projets de protection de la peinture<\/p>\n<\/li>\n<\/ul>\n<h2 data-start=\"2183\" data-end=\"2202\">Sp\u00e9cifications<\/h2>\n<p data-start=\"2203\" data-end=\"2432\">Mat\u00e9riau : vinyle automobile en PET\/PVC<br data-start=\"2237\" data-end=\"2240\" \/>Couleur : Violet Minuit M\u00e9tallique<br data-start=\"2271\" data-end=\"2274\" \/>Finition : Haute brillance<br data-start=\"2292\" data-end=\"2295\" \/>\u00c9paisseur : 150\u2013180 \u03bcm<br data-start=\"2316\" data-end=\"2319\" \/>Adh\u00e9sif : Lib\u00e9ration d'air, repositionnable<br data-start=\"2356\" data-end=\"2359\" \/>Durabilit\u00e9 : 3\u20135 ans en ext\u00e9rieur<br data-start=\"2388\" data-end=\"2391\" \/>Taille du rouleau : Personnalisable pour les commandes en gros<\/p>\n<h2 data-start=\"2434\" data-end=\"2453\">Principaux avantages<\/h2>\n<ul data-start=\"2454\" data-end=\"2752\">\n<li data-start=\"2454\" data-end=\"2529\">\n<p data-start=\"2456\" data-end=\"2529\">De qualit\u00e9 professionnelle <strong data-start=\"2475\" data-end=\"2527\">film de protection de peinture pour enveloppement de voiture<\/strong><\/p>\n<\/li>\n<li data-start=\"2530\" data-end=\"2593\">\n<p data-start=\"2532\" data-end=\"2593\">Finition m\u00e9tallique brillante avec des couleurs vives <strong data-start=\"2572\" data-end=\"2591\">Couleurs de covering voiture<\/strong><\/p>\n<\/li>\n<li data-start=\"2594\" data-end=\"2634\">\n<p data-start=\"2596\" data-end=\"2634\">Durable, r\u00e9sistant aux UV, r\u00e9sistant aux rayures<\/p>\n<\/li>\n<li data-start=\"2635\" data-end=\"2689\">\n<p data-start=\"2637\" data-end=\"2689\">Directement de l'usine, enti\u00e8rement personnalisable pour les commandes en gros<\/p>\n<\/li>\n<li data-start=\"2690\" data-end=\"2752\">\n<p data-start=\"2692\" data-end=\"2752\">Installation facile pour les bricoleurs et les installateurs professionnels<\/p>\n<\/li>\n<\/ul>\n<h2 data-start=\"2754\" data-end=\"2775\">Contenu du paquet<\/h2>\n<ul data-start=\"2776\" data-end=\"2898\">\n<li data-start=\"2776\" data-end=\"2829\">\n<p data-start=\"2778\" data-end=\"2829\">1 rouleau de vinyle d'enveloppement de voiture violet minuit m\u00e9tallis\u00e9<\/p>\n<\/li>\n<li data-start=\"2830\" data-end=\"2898\">\n<p data-start=\"2832\" data-end=\"2898\">Kit d'installation optionnel : raclette, cutter, chiffon en microfibre<\/p>\n<\/li>\n<\/ul>\n<h2 data-start=\"2900\" data-end=\"2929\">Pourquoi choisir ce produit ?<\/h2>\n<p data-start=\"2930\" data-end=\"3237\">Ce produit directement de l'usine <strong data-start=\"2950\" data-end=\"3002\">film de protection de peinture pour enveloppement de voiture<\/strong> offre une qualit\u00e9 professionnelle, une couleur vibrante, et une protection durable. Enti\u00e8rement personnalisable pour les commandes en gros ou individuelles, id\u00e9al pour les installateurs, grossistes, et entreprises fournissant des solutions d'enveloppement de haute qualit\u00e9 <strong data-start=\"3201\" data-end=\"3224\">Recouvrement en vinyle pour voitures<\/strong> solutions.<\/p>","protected":false},"excerpt":{"rendered":"<p data-start=\"853\" data-end=\"1131\">Am\u00e9liorez votre v\u00e9hicule avec ce <strong data-start=\"884\" data-end=\"927\">Rev\u00eatement de voiture en vinyle m\u00e9tallis\u00e9 violet minuit<\/strong>. Finition brillante avec un film durable en PET\/PVC. Convient pour les enveloppements de voitures professionnels, les projets d'enveloppement en vinyle, et la cr\u00e9ation de couleurs d'enveloppe de voiture saisissantes. Enti\u00e8rement personnalisable et disponible pour les commandes en gros.<\/p>","protected":false},"featured_media":9516,"comment_status":"open","ping_status":"closed","template":"","meta":[],"product_brand":[],"product_cat":[214],"product_tag":[],"class_list":{"0":"post-9513","1":"product","2":"type-product","3":"status-publish","4":"has-post-thumbnail","6":"product_cat-car-vinyl-wrap-film","8":"first","9":"instock","10":"shipping-taxable","11":"product-type-simple"},"_links":{"self":[{"href":"https:\/\/www.carliseppf.com\/fr\/wp-json\/wp\/v2\/product\/9513","targetHints":{"allow":["GET"]}}],"collection":[{"href":"https:\/\/www.carliseppf.com\/fr\/wp-json\/wp\/v2\/product"}],"about":[{"href":"https:\/\/www.carliseppf.com\/fr\/wp-json\/wp\/v2\/types\/product"}],"replies":[{"embeddable":true,"href":"https:\/\/www.carliseppf.com\/fr\/wp-json\/wp\/v2\/comments?post=9513"}],"wp:featuredmedia":[{"embeddable":true,"href":"https:\/\/www.carliseppf.com\/fr\/wp-json\/wp\/v2\/media\/9516"}],"wp:attachment":[{"href":"https:\/\/www.carliseppf.com\/fr\/wp-json\/wp\/v2\/media?parent=9513"}],"wp:term":[{"taxonomy":"product_brand","embeddable":true,"href":"https:\/\/www.carliseppf.com\/fr\/wp-json\/wp\/v2\/product_brand?post=9513"},{"taxonomy":"product_cat","embeddable":true,"href":"https:\/\/www.carliseppf.com\/fr\/wp-json\/wp\/v2\/product_cat?post=9513"},{"taxonomy":"product_tag","embeddable":true,"href":"https:\/\/www.carliseppf.com\/fr\/wp-json\/wp\/v2\/product_tag?post=9513"}],"curies":[{"name":"wp","href":"https:\/\/api.w.org\/{rel}","templated":true}]}}