{"id":9577,"date":"2025-11-19T07:58:38","date_gmt":"2025-11-19T07:58:38","guid":{"rendered":"https:\/\/www.carliseppf.com\/?post_type=product&#038;p=9577"},"modified":"2025-12-16T03:07:09","modified_gmt":"2025-12-16T03:07:09","slug":"silver-car-wrap-vinyl-film","status":"publish","type":"product","link":"https:\/\/www.carliseppf.com\/fr\/produit\/silver-car-wrap-vinyl-film\/","title":{"rendered":"Wrap de voiture brillant et mat en argent | Wrap en vinyle PVC pour changement de couleur"},"content":{"rendered":"<h2 data-start=\"1318\" data-end=\"1339\">\u00a0Aper\u00e7u du produit<\/h2>\n<p data-start=\"1340\" data-end=\"1720\">Notre <strong data-start=\"1344\" data-end=\"1393\">Film de Changement de Couleur de Voiture Argent\u00e9 Brillant &amp; Mat<\/strong> est con\u00e7u pour les conducteurs et les professionnels qui souhaitent un look m\u00e9tallique haut de gamme avec une durabilit\u00e9 exceptionnelle. Fabriqu\u00e9 \u00e0 partir de PVC de qualit\u00e9 sup\u00e9rieure, ce <strong data-start=\"1527\" data-end=\"1545\">film vinyle pour voiture<\/strong> offre une performance fluide, une installation flexible et une finition \u00e9l\u00e9gante pour les voitures et les motos. Id\u00e9al pour la personnalisation cr\u00e9ative et la protection ext\u00e9rieure durable.<\/p>\n<p data-start=\"1340\" data-end=\"1720\"><img fetchpriority=\"high\" decoding=\"async\" class=\"alignnone wp-image-9583 size-full\" src=\"https:\/\/www.carliseppf.com\/wp-content\/uploads\/2025\/11\/H62ea2236b8d4465f9a973d2a2e5f85e9V.png_avifclosewebpclose.png\" alt=\"Recouvrement argent\u00e9 pour voitures\" width=\"1080\" height=\"1080\" srcset=\"https:\/\/www.carliseppf.com\/wp-content\/uploads\/2025\/11\/H62ea2236b8d4465f9a973d2a2e5f85e9V.png_avifclosewebpclose.png 1080w, https:\/\/www.carliseppf.com\/wp-content\/uploads\/2025\/11\/H62ea2236b8d4465f9a973d2a2e5f85e9V.png_avifclosewebpclose-300x300.png 300w, https:\/\/www.carliseppf.com\/wp-content\/uploads\/2025\/11\/H62ea2236b8d4465f9a973d2a2e5f85e9V.png_avifclosewebpclose-1024x1024.png 1024w, https:\/\/www.carliseppf.com\/wp-content\/uploads\/2025\/11\/H62ea2236b8d4465f9a973d2a2e5f85e9V.png_avifclosewebpclose-150x150.png 150w, https:\/\/www.carliseppf.com\/wp-content\/uploads\/2025\/11\/H62ea2236b8d4465f9a973d2a2e5f85e9V.png_avifclosewebpclose-768x768.png 768w, https:\/\/www.carliseppf.com\/wp-content\/uploads\/2025\/11\/H62ea2236b8d4465f9a973d2a2e5f85e9V.png_avifclosewebpclose-370x370.png 370w, https:\/\/www.carliseppf.com\/wp-content\/uploads\/2025\/11\/H62ea2236b8d4465f9a973d2a2e5f85e9V.png_avifclosewebpclose-120x120.png 120w, https:\/\/www.carliseppf.com\/wp-content\/uploads\/2025\/11\/H62ea2236b8d4465f9a973d2a2e5f85e9V.png_avifclosewebpclose-840x840.png 840w, https:\/\/www.carliseppf.com\/wp-content\/uploads\/2025\/11\/H62ea2236b8d4465f9a973d2a2e5f85e9V.png_avifclosewebpclose-410x410.png 410w, https:\/\/www.carliseppf.com\/wp-content\/uploads\/2025\/11\/H62ea2236b8d4465f9a973d2a2e5f85e9V.png_avifclosewebpclose-630x630.png 630w, https:\/\/www.carliseppf.com\/wp-content\/uploads\/2025\/11\/H62ea2236b8d4465f9a973d2a2e5f85e9V.png_avifclosewebpclose-730x730.png 730w, https:\/\/www.carliseppf.com\/wp-content\/uploads\/2025\/11\/H62ea2236b8d4465f9a973d2a2e5f85e9V.png_avifclosewebpclose-460x460.png 460w\" sizes=\"(max-width: 1080px) 100vw, 1080px\" \/><\/p>\n<h2 data-start=\"1727\" data-end=\"1744\">Principales Caract\u00e9ristiques<\/h2>\n<h3 data-start=\"1746\" data-end=\"1781\">\u2714 Film Vinyle Premium pour Voitures<\/h3>\n<p data-start=\"1782\" data-end=\"1921\">Fabriqu\u00e9 \u00e0 partir de PVC de haute qualit\u00e9, ce film assure une excellente extensibilit\u00e9, adh\u00e9rence et stabilit\u00e9 pour les <strong data-start=\"1907\" data-end=\"1920\">films de voiture<\/strong>.<\/p>\n<h3 data-start=\"1923\" data-end=\"1960\">complets ou partiels.<\/h3>\n<p data-start=\"1961\" data-end=\"2084\">\u2714 Finition Argent\u00e9e Brillante ou Mate <strong data-start=\"1986\" data-end=\"2005\">Couleurs de covering voiture<\/strong>Choisissez parmi deux superbes<\/p>\n<h3 data-start=\"2086\" data-end=\"2125\">\u2014 un \u00e9clat m\u00e9tallique brillant audacieux ou un argent mat subtil pour un style \u00e0 la mode.<\/h3>\n<p data-start=\"2126\" data-end=\"2241\">\u2714 Con\u00e7u pour les Voitures et les Motos<\/p>\n<h3 data-start=\"2243\" data-end=\"2288\">Parfait pour un changement de couleur complet de la voiture, la d\u00e9coration de la carrosserie de la moto, les panneaux arri\u00e8re, les garnitures, les capots et les accents personnalis\u00e9s.<\/h3>\n<p data-start=\"2289\" data-end=\"2419\">\u2714 Installation Facile, Sans Bulles<\/p>\n<h3 data-start=\"2421\" data-end=\"2449\">\u2714 Durable &amp; Protecteur<\/h3>\n<p data-start=\"2450\" data-end=\"2562\">R\u00e9sistant aux rayures, aux UV, \u00e9tanche et r\u00e9sistant \u00e0 la d\u00e9coloration\u2014prot\u00e9geant la peinture d'origine tout en am\u00e9liorant le style.<\/p>\n<h3 data-start=\"2564\" data-end=\"2599\">\u2714 Facile \u00e0 retirer sans dommage<\/h3>\n<p data-start=\"2600\" data-end=\"2670\">L'adh\u00e9sif amovible permet un retrait propre sans endommager la peinture du v\u00e9hicule.<\/p>\n<h2 data-start=\"2677\" data-end=\"2720\">Pourquoi choisir cette enveloppe en vinyle argent\u00e9 pour voiture ?<\/h2>\n<ul data-start=\"2722\" data-end=\"3018\">\n<li data-start=\"2722\" data-end=\"2776\">\n<p data-start=\"2724\" data-end=\"2776\">Prix direct d'usine avec des normes de haute qualit\u00e9<\/p>\n<\/li>\n<li data-start=\"2777\" data-end=\"2823\">\n<p data-start=\"2779\" data-end=\"2823\">Effet m\u00e9tallique fort pour un style haut de gamme<\/p>\n<\/li>\n<li data-start=\"2824\" data-end=\"2871\">\n<p data-start=\"2826\" data-end=\"2871\">Convient aux courbes complexes et aux surfaces en 3D<\/p>\n<\/li>\n<li data-start=\"2872\" data-end=\"2917\">\n<p data-start=\"2874\" data-end=\"2917\">Id\u00e9al pour les ateliers d'installation professionnels<\/p>\n<\/li>\n<li data-start=\"2918\" data-end=\"2970\">\n<p data-start=\"2920\" data-end=\"2970\">Compatible avec les enveloppages complets ou les petites pi\u00e8ces de d\u00e9tail<\/p>\n<\/li>\n<li data-start=\"2971\" data-end=\"3018\">\n<p data-start=\"2973\" data-end=\"3018\">Convient pour les commandes en gros, OEM et ODM<\/p>\n<\/li>\n<\/ul>\n<h2 data-start=\"3025\" data-end=\"3054\">Sp\u00e9cifications techniques<\/h2>\n<div class=\"_tableContainer_1rjym_1\">\n<div class=\"group _tableWrapper_1rjym_13 flex w-fit flex-col-reverse\" tabindex=\"-1\">\n<table class=\"w-fit min-w-(--thread-content-width)\" data-start=\"3056\" data-end=\"3436\">\n<thead data-start=\"3056\" data-end=\"3082\">\n<tr data-start=\"3056\" data-end=\"3082\">\n<th data-start=\"3056\" data-end=\"3067\" data-col-size=\"sm\"><strong data-start=\"3058\" data-end=\"3066\">Article<\/strong><\/th>\n<th data-start=\"3067\" data-end=\"3082\" data-col-size=\"sm\"><strong data-start=\"3069\" data-end=\"3080\">D\u00e9tails<\/strong><\/th>\n<\/tr>\n<\/thead>\n<tbody data-start=\"3109\" data-end=\"3436\">\n<tr data-start=\"3109\" data-end=\"3150\">\n<td data-start=\"3109\" data-end=\"3120\" data-col-size=\"sm\">Mat\u00e9riau<\/td>\n<td data-start=\"3120\" data-end=\"3150\" data-col-size=\"sm\">Vinyle en PVC de qualit\u00e9 automobile<\/td>\n<\/tr>\n<tr data-start=\"3151\" data-end=\"3191\">\n<td data-start=\"3151\" data-end=\"3159\" data-col-size=\"sm\">Couleur<\/td>\n<td data-col-size=\"sm\" data-start=\"3159\" data-end=\"3191\">Argent brillant \/ Argent mat<\/td>\n<\/tr>\n<tr data-start=\"3192\" data-end=\"3219\">\n<td data-start=\"3192\" data-end=\"3204\" data-col-size=\"sm\">\u00c9paisseur<\/td>\n<td data-col-size=\"sm\" data-start=\"3204\" data-end=\"3219\">150\u2013180 mic<\/td>\n<\/tr>\n<tr data-start=\"3220\" data-end=\"3252\">\n<td data-start=\"3220\" data-end=\"3237\" data-col-size=\"sm\">Largeur \u00d7 Longueur<\/td>\n<td data-col-size=\"sm\" data-start=\"3237\" data-end=\"3252\">1,37 m \u00d7 18 m<\/td>\n<\/tr>\n<tr data-start=\"3253\" data-end=\"3298\">\n<td data-start=\"3253\" data-end=\"3264\" data-col-size=\"sm\">Adh\u00e9sif<\/td>\n<td data-col-size=\"sm\" data-start=\"3264\" data-end=\"3298\">Sensibilit\u00e9 \u00e0 la pression &amp; amovible<\/td>\n<\/tr>\n<tr data-start=\"3299\" data-end=\"3351\">\n<td data-start=\"3299\" data-end=\"3309\" data-col-size=\"sm\">Surface<\/td>\n<td data-col-size=\"sm\" data-start=\"3309\" data-end=\"3351\">Anti-rayures, \u00e9tanche, r\u00e9sistant aux UV<\/td>\n<\/tr>\n<tr data-start=\"3352\" data-end=\"3386\">\n<td data-start=\"3352\" data-end=\"3363\" data-col-size=\"sm\">Dur\u00e9e de vie<\/td>\n<td data-start=\"3363\" data-end=\"3386\" data-col-size=\"sm\">3\u20135 ans (ext\u00e9rieur)<\/td>\n<\/tr>\n<tr data-start=\"3387\" data-end=\"3436\">\n<td data-start=\"3387\" data-end=\"3401\" data-col-size=\"sm\">Application<\/td>\n<td data-start=\"3401\" data-end=\"3436\" data-col-size=\"sm\">Voitures, motos, camions, vans<\/td>\n<\/tr>\n<\/tbody>\n<\/table>\n<\/div>\n<\/div>\n<h2 data-start=\"3443\" data-end=\"3460\">\u00a0Applications<\/h2>\n<h3 data-start=\"3462\" data-end=\"3494\">\u2713 Enveloppement complet ou partiel de voiture<\/h3>\n<p data-start=\"3495\" data-end=\"3571\">Transforme l'apparence du v\u00e9hicule avec une finition m\u00e9tallique argent\u00e9e luxueuse.<\/p>\n<h3 data-start=\"3573\" data-end=\"3607\">\u2713 D\u00e9coration du corps de la moto<\/h3>\n<p data-start=\"3608\" data-end=\"3675\">Parfait pour les panneaux arri\u00e8re, car\u00e9nages lat\u00e9raux et accents graphiques personnalis\u00e9s.<\/p>\n<h3 data-start=\"3677\" data-end=\"3713\">\u2713 Style commercial &amp; mode<\/h3>\n<p data-start=\"3714\" data-end=\"3772\">Utilis\u00e9 pour le branding, la publicit\u00e9 ou la personnalisation artistique.<\/p>\n<h3 data-start=\"3774\" data-end=\"3812\">\u2713 Garnitures, panneaux &amp; accents int\u00e9rieurs<\/h3>\n<p data-start=\"3813\" data-end=\"3872\">Id\u00e9al pour les capots, toits, miroirs, garnitures de tableau de bord, et plus encore.<\/p>\n<h2 data-start=\"3879\" data-end=\"3896\">Convient pour<\/h2>\n<ul data-start=\"3897\" data-end=\"4104\">\n<li data-start=\"3897\" data-end=\"3919\">\n<p data-start=\"3899\" data-end=\"3919\">Ateliers de wrapping de v\u00e9hicules<\/p>\n<\/li>\n<li data-start=\"3920\" data-end=\"3956\">\n<p data-start=\"3922\" data-end=\"3956\">Centres de personnalisation de motos<\/p>\n<\/li>\n<li data-start=\"3957\" data-end=\"3997\">\n<p data-start=\"3959\" data-end=\"3997\">Studios de detailing auto et de restyling<\/p>\n<\/li>\n<li data-start=\"3998\" data-end=\"4030\">\n<p data-start=\"4000\" data-end=\"4030\">Passionn\u00e9s de modification de voitures<\/p>\n<\/li>\n<li data-start=\"4031\" data-end=\"4065\">\n<p data-start=\"4033\" data-end=\"4065\">Flottes et v\u00e9hicules commerciaux<\/p>\n<\/li>\n<li data-start=\"4066\" data-end=\"4104\">\n<p data-start=\"4068\" data-end=\"4104\">Distributeurs en gros &amp; importateurs<\/p>\n<\/li>\n<\/ul>\n<h2 data-start=\"4111\" data-end=\"4147\">\u00a0Options de personnalisation OEM \/ ODM<\/h2>\n<p data-start=\"4148\" data-end=\"4191\">En tant que fabricant professionnel, nous proposons :<\/p>\n<ul data-start=\"4192\" data-end=\"4388\">\n<li data-start=\"4192\" data-end=\"4265\">\n<p data-start=\"4194\" data-end=\"4265\">Nuances d'argent personnalis\u00e9es (argent fonc\u00e9, argent clair, variations m\u00e9talliques)<\/p>\n<\/li>\n<li data-start=\"4266\" data-end=\"4320\">\n<p data-start=\"4268\" data-end=\"4320\">Finitions brillantes, mates, satin\u00e9es, bross\u00e9es ou paillet\u00e9es<\/p>\n<\/li>\n<li data-start=\"4321\" data-end=\"4352\">\n<p data-start=\"4323\" data-end=\"4352\">Emballage et branding personnalis\u00e9s<\/p>\n<\/li>\n<li data-start=\"4353\" data-end=\"4388\">\n<p data-start=\"4355\" data-end=\"4388\">Production en gros pour les grossistes<\/p>\n<\/li>\n<\/ul>\n<hr data-start=\"4390\" data-end=\"4393\" \/>\n<h2 data-start=\"4395\" data-end=\"4420\">Pourquoi choisir une enveloppe pour voiture en argent ?<\/h2>\n<p data-start=\"4421\" data-end=\"4643\">L'argent est une teinte intemporelle et polyvalente parmi toutes <strong data-start=\"4472\" data-end=\"4491\">Couleurs de covering voiture<\/strong>\u2014professionnelle, \u00e9l\u00e9gante et adapt\u00e9e \u00e0 tout type de v\u00e9hicule. Qu'elle soit brillante ou mate, l'argent cr\u00e9e une am\u00e9lioration visuelle haut de gamme avec une excellente valeur de revente.<\/p>","protected":false},"excerpt":{"rendered":"<p data-start=\"969\" data-end=\"1267\">Am\u00e9liorez n'importe quel v\u00e9hicule avec notre film <strong data-start=\"1006\" data-end=\"1031\">vinyle argent\u00e9 de qualit\u00e9 sup\u00e9rieure pour voiture<\/strong>, disponible en finitions brillantes et mates. Ce film PVC <strong data-start=\"1087\" data-end=\"1114\">de changement de couleur de voiture<\/strong> offre un effet m\u00e9tallique \u00e9l\u00e9gant, une forte durabilit\u00e9 et une installation sans bulles, parfait pour les voitures, les motos et les projets cr\u00e9atifs de style ext\u00e9rieur.<\/p>","protected":false},"featured_media":9583,"comment_status":"open","ping_status":"closed","template":"","meta":[],"product_brand":[],"product_cat":[214],"product_tag":[],"class_list":{"0":"post-9577","1":"product","2":"type-product","3":"status-publish","4":"has-post-thumbnail","6":"product_cat-car-vinyl-wrap-film","8":"first","9":"instock","10":"shipping-taxable","11":"product-type-simple"},"_links":{"self":[{"href":"https:\/\/www.carliseppf.com\/fr\/wp-json\/wp\/v2\/product\/9577","targetHints":{"allow":["GET"]}}],"collection":[{"href":"https:\/\/www.carliseppf.com\/fr\/wp-json\/wp\/v2\/product"}],"about":[{"href":"https:\/\/www.carliseppf.com\/fr\/wp-json\/wp\/v2\/types\/product"}],"replies":[{"embeddable":true,"href":"https:\/\/www.carliseppf.com\/fr\/wp-json\/wp\/v2\/comments?post=9577"}],"wp:featuredmedia":[{"embeddable":true,"href":"https:\/\/www.carliseppf.com\/fr\/wp-json\/wp\/v2\/media\/9583"}],"wp:attachment":[{"href":"https:\/\/www.carliseppf.com\/fr\/wp-json\/wp\/v2\/media?parent=9577"}],"wp:term":[{"taxonomy":"product_brand","embeddable":true,"href":"https:\/\/www.carliseppf.com\/fr\/wp-json\/wp\/v2\/product_brand?post=9577"},{"taxonomy":"product_cat","embeddable":true,"href":"https:\/\/www.carliseppf.com\/fr\/wp-json\/wp\/v2\/product_cat?post=9577"},{"taxonomy":"product_tag","embeddable":true,"href":"https:\/\/www.carliseppf.com\/fr\/wp-json\/wp\/v2\/product_tag?post=9577"}],"curies":[{"name":"wp","href":"https:\/\/api.w.org\/{rel}","templated":true}]}}