{"id":9592,"date":"2025-11-19T08:20:23","date_gmt":"2025-11-19T08:20:23","guid":{"rendered":"https:\/\/www.carliseppf.com\/?post_type=product&#038;p=9592"},"modified":"2025-11-20T07:53:59","modified_gmt":"2025-11-20T07:53:59","slug":"yellow-vinyl-car-wrap","status":"publish","type":"product","link":"https:\/\/www.carliseppf.com\/fr\/produit\/yellow-vinyl-car-wrap\/","title":{"rendered":"Film de wrap en vinyle jaune de qualit\u00e9 sup\u00e9rieure pour changement de couleur et protection du v\u00e9hicule"},"content":{"rendered":"<h2 data-start=\"135\" data-end=\"156\">Aper\u00e7u du produit<\/h2>\n<p data-start=\"157\" data-end=\"574\">Am\u00e9liorez votre v\u00e9hicule avec notre <strong data-start=\"187\" data-end=\"220\">vinyle de voiture en vinyle jaune premium<\/strong>, con\u00e7u pour une coloration sup\u00e9rieure et une protection de la peinture durable. Parfait pour des enveloppements complets ou partiels, ce film offre une finition lisse et un effet de changement de couleur vibrant. Que vous soyez un installateur professionnel ou une entreprise recherchant des enveloppements en grande quantit\u00e9, notre film direct d\u2019usine offre la meilleure combinaison de performance, flexibilit\u00e9 et rapport qualit\u00e9-prix.<\/p>\n<p data-start=\"157\" data-end=\"574\"><img fetchpriority=\"high\" decoding=\"async\" class=\"alignnone size-medium wp-image-9599\" src=\"https:\/\/www.carliseppf.com\/wp-content\/uploads\/2025\/11\/H34b5f89c52e84b9097ef72727cee5241T.png_avifclosewebpclose-300x300.png\" alt=\"Recouvrement en vinyle pour voitures\" width=\"300\" height=\"300\" srcset=\"https:\/\/www.carliseppf.com\/wp-content\/uploads\/2025\/11\/H34b5f89c52e84b9097ef72727cee5241T.png_avifclosewebpclose-300x300.png 300w, https:\/\/www.carliseppf.com\/wp-content\/uploads\/2025\/11\/H34b5f89c52e84b9097ef72727cee5241T.png_avifclosewebpclose-1024x1024.png 1024w, https:\/\/www.carliseppf.com\/wp-content\/uploads\/2025\/11\/H34b5f89c52e84b9097ef72727cee5241T.png_avifclosewebpclose-150x150.png 150w, https:\/\/www.carliseppf.com\/wp-content\/uploads\/2025\/11\/H34b5f89c52e84b9097ef72727cee5241T.png_avifclosewebpclose-768x768.png 768w, https:\/\/www.carliseppf.com\/wp-content\/uploads\/2025\/11\/H34b5f89c52e84b9097ef72727cee5241T.png_avifclosewebpclose-370x370.png 370w, https:\/\/www.carliseppf.com\/wp-content\/uploads\/2025\/11\/H34b5f89c52e84b9097ef72727cee5241T.png_avifclosewebpclose-120x120.png 120w, https:\/\/www.carliseppf.com\/wp-content\/uploads\/2025\/11\/H34b5f89c52e84b9097ef72727cee5241T.png_avifclosewebpclose-840x840.png 840w, https:\/\/www.carliseppf.com\/wp-content\/uploads\/2025\/11\/H34b5f89c52e84b9097ef72727cee5241T.png_avifclosewebpclose-410x410.png 410w, https:\/\/www.carliseppf.com\/wp-content\/uploads\/2025\/11\/H34b5f89c52e84b9097ef72727cee5241T.png_avifclosewebpclose-630x630.png 630w, https:\/\/www.carliseppf.com\/wp-content\/uploads\/2025\/11\/H34b5f89c52e84b9097ef72727cee5241T.png_avifclosewebpclose-730x730.png 730w, https:\/\/www.carliseppf.com\/wp-content\/uploads\/2025\/11\/H34b5f89c52e84b9097ef72727cee5241T.png_avifclosewebpclose-460x460.png 460w, https:\/\/www.carliseppf.com\/wp-content\/uploads\/2025\/11\/H34b5f89c52e84b9097ef72727cee5241T.png_avifclosewebpclose.png 1080w\" sizes=\"(max-width: 300px) 100vw, 300px\" \/><\/p>\n<hr data-start=\"576\" data-end=\"579\" \/>\n<h2 data-start=\"581\" data-end=\"598\">\u00a0Principales Caract\u00e9ristiques<\/h2>\n<h4 data-start=\"600\" data-end=\"633\">\u2714 Film Vinyle Premium pour Voitures<\/h4>\n<p data-start=\"634\" data-end=\"778\">Ce film haute performance est sp\u00e9cialement con\u00e7u pour les applications automobiles, offrant une durabilit\u00e9, une extensibilit\u00e9 et une adh\u00e9rence exceptionnelles.<\/p>\n<h4 data-start=\"780\" data-end=\"818\">\u2714 Couleurs de covering de voiture audacieuses et \u00e9l\u00e9gantes<\/h4>\n<p data-start=\"819\" data-end=\"984\">La teinte jaune frappante am\u00e9liore l\u2019apparence du v\u00e9hicule et le fait ressortir sur la route, id\u00e9ale pour les clients recherchant une transformation de couleur lumineuse et moderne.<\/p>\n<h4 data-start=\"986\" data-end=\"1017\">\u2714 Protection de la peinture renforc\u00e9e<\/h4>\n<p data-start=\"1018\" data-end=\"1156\">Le film comprend un rev\u00eatement anti-rayures qui aide \u00e0 prot\u00e9ger contre l\u2019usure quotidienne comme la poussi\u00e8re, les \u00e9clats de pierre, l\u2019exposition aux UV et les petites abrasions.<\/p>\n<h4 data-start=\"1158\" data-end=\"1202\">\u2714 Installation avec \u00e9vacuation d\u2019air et sans bulles<\/h4>\n<p data-start=\"1203\" data-end=\"1332\">Con\u00e7u avec une technologie \u00e0 micro-canaux pour l\u2019\u00e9vacuation d\u2019air, rendant l\u2019installation plus facile, plus rapide et plus professionnelle \u2014 m\u00eame pour les grands panneaux.<\/p>\n<h4 data-start=\"1334\" data-end=\"1369\">\u2714 Facile \u00e0 retirer sans endommager<\/h4>\n<p data-start=\"1370\" data-end=\"1486\">Formul\u00e9 avec un adh\u00e9sif acrylique amovible, le covering peut \u00eatre enlev\u00e9 sans endommager la surface de peinture d\u2019origine.<\/p>\n<hr data-start=\"1488\" data-end=\"1491\" \/>\n<h2 data-start=\"1493\" data-end=\"1529\">\u00a0Pourquoi choisir ce vinyle pour voiture?<\/h2>\n<ul data-start=\"1530\" data-end=\"1802\">\n<li data-start=\"1530\" data-end=\"1559\">\n<p data-start=\"1532\" data-end=\"1559\">Production directe en usine<\/p>\n<\/li>\n<li data-start=\"1560\" data-end=\"1614\">\n<p data-start=\"1562\" data-end=\"1614\">PVC de haute qualit\u00e9 adapt\u00e9 aux temp\u00e9ratures extr\u00eames<\/p>\n<\/li>\n<li data-start=\"1615\" data-end=\"1658\">\n<p data-start=\"1617\" data-end=\"1658\">Durabilit\u00e9 de la couleur forte, r\u00e9sistante \u00e0 la d\u00e9coloration<\/p>\n<\/li>\n<li data-start=\"1659\" data-end=\"1708\">\n<p data-start=\"1661\" data-end=\"1708\">Excellente conformabilit\u00e9 pour les courbes et les bords<\/p>\n<\/li>\n<li data-start=\"1709\" data-end=\"1761\">\n<p data-start=\"1711\" data-end=\"1761\">Disponible en gros, personnalisation OEM &amp; ODM<\/p>\n<\/li>\n<li data-start=\"1762\" data-end=\"1802\">\n<p data-start=\"1764\" data-end=\"1802\">Tarification comp\u00e9titive pour les distributeurs<\/p>\n<\/li>\n<\/ul>\n<hr data-start=\"1804\" data-end=\"1807\" \/>\n<h2 data-start=\"1809\" data-end=\"1838\">Sp\u00e9cifications techniques<\/h2>\n<div class=\"_tableContainer_1rjym_1\">\n<div class=\"group _tableWrapper_1rjym_13 flex w-fit flex-col-reverse\" tabindex=\"-1\">\n<table class=\"w-fit min-w-(--thread-content-width)\" data-start=\"1839\" data-end=\"2215\">\n<thead data-start=\"1839\" data-end=\"1865\">\n<tr data-start=\"1839\" data-end=\"1865\">\n<th data-start=\"1839\" data-end=\"1850\" data-col-size=\"sm\"><strong data-start=\"1841\" data-end=\"1849\">Article<\/strong><\/th>\n<th data-start=\"1850\" data-end=\"1865\" data-col-size=\"sm\"><strong data-start=\"1852\" data-end=\"1863\">D\u00e9tails<\/strong><\/th>\n<\/tr>\n<\/thead>\n<tbody data-start=\"1892\" data-end=\"2215\">\n<tr data-start=\"1892\" data-end=\"1927\">\n<td data-start=\"1892\" data-end=\"1903\" data-col-size=\"sm\">Mat\u00e9riau<\/td>\n<td data-col-size=\"sm\" data-start=\"1903\" data-end=\"1927\">Vinyle automobile en PVC<\/td>\n<\/tr>\n<tr data-start=\"1928\" data-end=\"1970\">\n<td data-start=\"1928\" data-end=\"1936\" data-col-size=\"sm\">Couleur<\/td>\n<td data-col-size=\"sm\" data-start=\"1936\" data-end=\"1970\">Jaune (options brillante \/ mate)<\/td>\n<\/tr>\n<tr data-start=\"1971\" data-end=\"1998\">\n<td data-start=\"1971\" data-end=\"1983\" data-col-size=\"sm\">\u00c9paisseur<\/td>\n<td data-col-size=\"sm\" data-start=\"1983\" data-end=\"1998\">150\u2013180 mic<\/td>\n<\/tr>\n<tr data-start=\"1999\" data-end=\"2040\">\n<td data-start=\"1999\" data-end=\"2010\" data-col-size=\"sm\">Adh\u00e9sif<\/td>\n<td data-col-size=\"sm\" data-start=\"2010\" data-end=\"2040\">Adh\u00e9sif en acrylique amovible<\/td>\n<\/tr>\n<tr data-start=\"2041\" data-end=\"2090\">\n<td data-start=\"2041\" data-end=\"2055\" data-col-size=\"sm\">Performance<\/td>\n<td data-col-size=\"sm\" data-start=\"2055\" data-end=\"2090\">Anti-rayures, R\u00e9sistant aux intemp\u00e9ries<\/td>\n<\/tr>\n<tr data-start=\"2091\" data-end=\"2125\">\n<td data-start=\"2091\" data-end=\"2104\" data-col-size=\"sm\">Durabilit\u00e9<\/td>\n<td data-col-size=\"sm\" data-start=\"2104\" data-end=\"2125\">Ext\u00e9rieur 3\u20135 ans<\/td>\n<\/tr>\n<tr data-start=\"2126\" data-end=\"2163\">\n<td data-start=\"2126\" data-end=\"2145\" data-col-size=\"sm\">Temp\u00e9rature d'application<\/td>\n<td data-col-size=\"sm\" data-start=\"2145\" data-end=\"2163\">+10\u00b0C \u00e0 +40\u00b0C<\/td>\n<\/tr>\n<tr data-start=\"2164\" data-end=\"2215\">\n<td data-start=\"2164\" data-end=\"2180\" data-col-size=\"sm\">Compatibilit\u00e9<\/td>\n<td data-col-size=\"sm\" data-start=\"2180\" data-end=\"2215\">Voitures, SUV, Camions, Motos<\/td>\n<\/tr>\n<\/tbody>\n<\/table>\n<\/div>\n<\/div>\n<hr data-start=\"2217\" data-end=\"2220\" \/>\n<h2 data-start=\"2222\" data-end=\"2239\">\u00a0Applications<\/h2>\n<h4 data-start=\"2241\" data-end=\"2267\">\u2713 Changement de couleur du v\u00e9hicule<\/h4>\n<p data-start=\"2268\" data-end=\"2360\">Une solution rapide et \u00e9conomique pour changer l'apparence compl\u00e8te du v\u00e9hicule sans repeinture.<\/p>\n<h4 data-start=\"2362\" data-end=\"2384\">\u2713 Protection de la peinture<\/h4>\n<p data-start=\"2385\" data-end=\"2460\">La surface durable prot\u00e8ge la peinture d'usine contre les rayures et les impacts l\u00e9gers.<\/p>\n<h4 data-start=\"2462\" data-end=\"2487\">\u2713 Marquage commercial<\/h4>\n<p data-start=\"2488\" data-end=\"2571\">Parfait pour les v\u00e9hicules d'entreprise, flottes de taxis, vans de livraison ou campagnes promotionnelles.<\/p>\n<h4 data-start=\"2573\" data-end=\"2610\">\u2713 Encapsulations partielles &amp; Graphismes personnalis\u00e9s<\/h4>\n<p data-start=\"2611\" data-end=\"2690\">Id\u00e9al pour les toits, capots, miroirs, garnitures, rayures de course et accents d\u00e9coratifs.<\/p>\n<hr data-start=\"2692\" data-end=\"2695\" \/>\n<h4 data-start=\"2697\" data-end=\"2714\">\u2b50 Convient pour<\/h4>\n<ul data-start=\"2715\" data-end=\"2870\">\n<li data-start=\"2715\" data-end=\"2733\">\n<p data-start=\"2717\" data-end=\"2733\">Ateliers de wrapping automobile<\/p>\n<\/li>\n<li data-start=\"2734\" data-end=\"2755\">\n<p data-start=\"2736\" data-end=\"2755\">Centres de detailing<\/p>\n<\/li>\n<li data-start=\"2756\" data-end=\"2772\">\n<p data-start=\"2758\" data-end=\"2772\">Concessionnaires automobiles<\/p>\n<\/li>\n<li data-start=\"2773\" data-end=\"2803\">\n<p data-start=\"2775\" data-end=\"2803\">Entreprises de gestion de flotte<\/p>\n<\/li>\n<li data-start=\"2804\" data-end=\"2836\">\n<p data-start=\"2806\" data-end=\"2836\">Passionn\u00e9s de modification de voitures<\/p>\n<\/li>\n<li data-start=\"2837\" data-end=\"2870\">\n<p data-start=\"2839\" data-end=\"2870\">Soci\u00e9t\u00e9s de branding commercial<\/p>\n<\/li>\n<\/ul>\n<hr data-start=\"2872\" data-end=\"2875\" \/>\n<h4 data-start=\"2877\" data-end=\"2905\">\u2b50 Personnalisation OEM \/ ODM<\/h4>\n<p data-start=\"2906\" data-end=\"2946\">En tant qu'usine professionnelle, nous supportons :<\/p>\n<ul data-start=\"2947\" data-end=\"3140\">\n<li data-start=\"2947\" data-end=\"2974\">\n<p data-start=\"2949\" data-end=\"2974\">Tons de jaune personnalis\u00e9s<\/p>\n<\/li>\n<li data-start=\"2975\" data-end=\"3040\">\n<p data-start=\"2977\" data-end=\"3040\">Textures sp\u00e9ciales (mat, brillant, satin\u00e9, m\u00e9tallique, nacr\u00e9)<\/p>\n<\/li>\n<li data-start=\"3041\" data-end=\"3068\">\n<p data-start=\"3043\" data-end=\"3068\">Longueurs &amp; largeurs personnalis\u00e9es<\/p>\n<\/li>\n<li data-start=\"3069\" data-end=\"3096\">\n<p data-start=\"3071\" data-end=\"3096\">Emballage en marque blanche<\/p>\n<\/li>\n<li data-start=\"3097\" data-end=\"3140\">\n<p data-start=\"3099\" data-end=\"3140\">Formulations exclusives pour distributeurs<\/p>\n<\/li>\n<\/ul>\n<hr data-start=\"3142\" data-end=\"3145\" \/>\n<h4 data-start=\"3147\" data-end=\"3187\">\u2b50 Pourquoi choisir un wrapping en vinyle jaune pour voiture ?<\/h4>\n<p data-start=\"3188\" data-end=\"3355\">Le jaune est l'une des couleurs les plus accrocheuses <strong data-start=\"3227\" data-end=\"3246\">Couleurs de covering voiture<\/strong>, symbolisant l'\u00e9nergie, la visibilit\u00e9 et la performance sportive \u2014 id\u00e9al pour ceux qui veulent que leur v\u00e9hicule se d\u00e9marque.<\/p>","protected":false},"excerpt":{"rendered":"<p>D\u00e9couvrez une finition premium <strong data-start=\"249\" data-end=\"274\">vinyle de voiture en vinyle jaune<\/strong> con\u00e7u pour un changement de couleur complet du v\u00e9hicule et la protection de la peinture. Ce film de qualit\u00e9 automobile <strong data-start=\"358\" data-end=\"376\">film vinyle pour voiture<\/strong> dispose d\u2019un rev\u00eatement anti-rayures, de canaux d\u2019\u00e9vacuation d\u2019air, et d\u2019une couleur vibrante durable <strong data-start=\"455\" data-end=\"474\">Couleurs de covering voiture<\/strong>\u2014id\u00e9al pour les installateurs professionnels et la personnalisation de v\u00e9hicules.<\/p>","protected":false},"featured_media":9599,"comment_status":"open","ping_status":"closed","template":"","meta":[],"product_brand":[],"product_cat":[214],"product_tag":[],"class_list":{"0":"post-9592","1":"product","2":"type-product","3":"status-publish","4":"has-post-thumbnail","6":"product_cat-car-vinyl-wrap-film","8":"first","9":"instock","10":"shipping-taxable","11":"product-type-simple"},"_links":{"self":[{"href":"https:\/\/www.carliseppf.com\/fr\/wp-json\/wp\/v2\/product\/9592","targetHints":{"allow":["GET"]}}],"collection":[{"href":"https:\/\/www.carliseppf.com\/fr\/wp-json\/wp\/v2\/product"}],"about":[{"href":"https:\/\/www.carliseppf.com\/fr\/wp-json\/wp\/v2\/types\/product"}],"replies":[{"embeddable":true,"href":"https:\/\/www.carliseppf.com\/fr\/wp-json\/wp\/v2\/comments?post=9592"}],"wp:featuredmedia":[{"embeddable":true,"href":"https:\/\/www.carliseppf.com\/fr\/wp-json\/wp\/v2\/media\/9599"}],"wp:attachment":[{"href":"https:\/\/www.carliseppf.com\/fr\/wp-json\/wp\/v2\/media?parent=9592"}],"wp:term":[{"taxonomy":"product_brand","embeddable":true,"href":"https:\/\/www.carliseppf.com\/fr\/wp-json\/wp\/v2\/product_brand?post=9592"},{"taxonomy":"product_cat","embeddable":true,"href":"https:\/\/www.carliseppf.com\/fr\/wp-json\/wp\/v2\/product_cat?post=9592"},{"taxonomy":"product_tag","embeddable":true,"href":"https:\/\/www.carliseppf.com\/fr\/wp-json\/wp\/v2\/product_tag?post=9592"}],"curies":[{"name":"wp","href":"https:\/\/api.w.org\/{rel}","templated":true}]}}