{"id":9919,"date":"2025-11-21T07:42:17","date_gmt":"2025-11-21T07:42:17","guid":{"rendered":"https:\/\/www.carliseppf.com\/?post_type=product&#038;p=9919"},"modified":"2025-11-22T02:41:14","modified_gmt":"2025-11-22T02:41:14","slug":"3d-maya-pattern-pvc-car-stickers","status":"publish","type":"product","link":"https:\/\/www.carliseppf.com\/fr\/produit\/3d-maya-pattern-pvc-car-stickers\/","title":{"rendered":"Autocollants en PVC \u00e0 motif Maya 3D - Vinyle de corps 1,52*28m pour personnaliser la d\u00e9coration du v\u00e9hicule et rendre votre conduite unique - Autocollants en PVC \u00e0 motif Maya 3D de qualit\u00e9 sup\u00e9rieure"},"content":{"rendered":"<h2 data-start=\"709\" data-end=\"730\">Aper\u00e7u du produit<\/h2>\n<p data-start=\"731\" data-end=\"1090\">Autocollants en PVC avec motif Maya 3D, 1,52*28m de vinyle pour v\u00e9hicule, pour personnaliser la d\u00e9coration de votre v\u00e9hicule, offrant une protection sup\u00e9rieure pour la peinture de votre voiture. Parfait pour des enveloppements complets ou partiels, motos, capots, miroirs et panneaux d\u00e9coratifs. Approvisionnement direct d'usine garantissant des commandes en gros et des tailles personnalis\u00e9es pour les installateurs et grossistes.<\/p>\n<p data-start=\"731\" data-end=\"1090\"><img fetchpriority=\"high\" decoding=\"async\" class=\"aligncenter wp-image-9891\" src=\"https:\/\/www.carliseppf.com\/wp-content\/uploads\/2025\/11\/H8cf618d4eed8479d9b5e2fd0e8aec69f6.png_avifclosewebpclose-300x300.png\" alt=\"Autocollants en PVC avec motif Maya 3D, 1,52*28m de vinyle pour v\u00e9hicule, pour personnaliser la d\u00e9coration de votre v\u00e9hicule\" width=\"512\" height=\"512\" srcset=\"https:\/\/www.carliseppf.com\/wp-content\/uploads\/2025\/11\/H8cf618d4eed8479d9b5e2fd0e8aec69f6.png_avifclosewebpclose-300x300.png 300w, https:\/\/www.carliseppf.com\/wp-content\/uploads\/2025\/11\/H8cf618d4eed8479d9b5e2fd0e8aec69f6.png_avifclosewebpclose-150x150.png 150w, https:\/\/www.carliseppf.com\/wp-content\/uploads\/2025\/11\/H8cf618d4eed8479d9b5e2fd0e8aec69f6.png_avifclosewebpclose-768x768.png 768w, https:\/\/www.carliseppf.com\/wp-content\/uploads\/2025\/11\/H8cf618d4eed8479d9b5e2fd0e8aec69f6.png_avifclosewebpclose-12x12.png 12w, https:\/\/www.carliseppf.com\/wp-content\/uploads\/2025\/11\/H8cf618d4eed8479d9b5e2fd0e8aec69f6.png_avifclosewebpclose-370x370.png 370w, https:\/\/www.carliseppf.com\/wp-content\/uploads\/2025\/11\/H8cf618d4eed8479d9b5e2fd0e8aec69f6.png_avifclosewebpclose-120x120.png 120w, https:\/\/www.carliseppf.com\/wp-content\/uploads\/2025\/11\/H8cf618d4eed8479d9b5e2fd0e8aec69f6.png_avifclosewebpclose-410x410.png 410w, https:\/\/www.carliseppf.com\/wp-content\/uploads\/2025\/11\/H8cf618d4eed8479d9b5e2fd0e8aec69f6.png_avifclosewebpclose-630x630.png 630w, https:\/\/www.carliseppf.com\/wp-content\/uploads\/2025\/11\/H8cf618d4eed8479d9b5e2fd0e8aec69f6.png_avifclosewebpclose-730x730.png 730w, https:\/\/www.carliseppf.com\/wp-content\/uploads\/2025\/11\/H8cf618d4eed8479d9b5e2fd0e8aec69f6.png_avifclosewebpclose-460x460.png 460w, https:\/\/www.carliseppf.com\/wp-content\/uploads\/2025\/11\/H8cf618d4eed8479d9b5e2fd0e8aec69f6.png_avifclosewebpclose.png 800w\" sizes=\"(max-width: 600px) 100vw, 512px\" \/><\/p>\n<h2 data-start=\"1092\" data-end=\"1114\">Conception &amp; Caract\u00e9ristiques<\/h2>\n<ul data-start=\"1115\" data-end=\"1416\">\n<li data-start=\"1115\" data-end=\"1169\">\n<p data-start=\"1117\" data-end=\"1169\">Autocollants en PVC avec motif Maya 3D, 1,52*28m de vinyle pour v\u00e9hicule, pour personnaliser la d\u00e9coration de votre v\u00e9hicule<\/p>\n<\/li>\n<li data-start=\"1170\" data-end=\"1238\">\n<p data-start=\"1172\" data-end=\"1238\">Technologie d'auto-r\u00e9paration et anti-rayures pour une protection sup\u00e9rieure<\/p>\n<\/li>\n<li data-start=\"1239\" data-end=\"1279\">\n<p data-start=\"1241\" data-end=\"1279\">Flexible, durable et facile \u00e0 appliquer<\/p>\n<\/li>\n<li data-start=\"1280\" data-end=\"1335\">\n<p data-start=\"1282\" data-end=\"1335\">Compatible avec des <strong data-start=\"1311\" data-end=\"1327\">wrap de voiture en PPF<\/strong> outils professionnels<\/p>\n<\/li>\n<li data-start=\"1336\" data-end=\"1416\">\n<p data-start=\"1338\" data-end=\"1416\">Id\u00e9al pour une couverture compl\u00e8te ou partielle du v\u00e9hicule, commandes en gros et projets personnalis\u00e9s<\/p>\n<\/li>\n<\/ul>\n<h2 data-start=\"1418\" data-end=\"1444\">Mat\u00e9riau de haute qualit\u00e9<\/h2>\n<ul data-start=\"1445\" data-end=\"1606\">\n<li data-start=\"1445\" data-end=\"1477\">\n<p data-start=\"1447\" data-end=\"1477\">Vinyle automobile PVC durable<\/p>\n<\/li>\n<li data-start=\"1478\" data-end=\"1526\">\n<p data-start=\"1480\" data-end=\"1526\">R\u00e9sistant aux UV, \u00e9tanche, s\u00fbr pour la peinture OEM<\/p>\n<\/li>\n<li data-start=\"1527\" data-end=\"1575\">\n<p data-start=\"1529\" data-end=\"1575\">Performance ext\u00e9rieure durable (3\u20135 ans)<\/p>\n<\/li>\n<li data-start=\"1576\" data-end=\"1606\">\n<p data-start=\"1578\" data-end=\"1606\">Facile \u00e0 nettoyer et \u00e0 entretenir<\/p>\n<\/li>\n<\/ul>\n<h2 data-start=\"1608\" data-end=\"1646\">Installation facile et personnalisation<\/h2>\n<ul data-start=\"1647\" data-end=\"1878\">\n<li data-start=\"1647\" data-end=\"1700\">\n<p data-start=\"1649\" data-end=\"1700\">Adh\u00e9sif \u00e0 lib\u00e9ration d'air pour une installation sans bulles<\/p>\n<\/li>\n<li data-start=\"1701\" data-end=\"1771\">\n<p data-start=\"1703\" data-end=\"1771\">Flexible et thermo-formable pour les bords, courbes et surfaces complexes<\/p>\n<\/li>\n<li data-start=\"1772\" data-end=\"1823\">\n<p data-start=\"1774\" data-end=\"1823\">Rouleaux personnalisables pour les commandes en gros ou en gros<\/p>\n<\/li>\n<li data-start=\"1824\" data-end=\"1878\">\n<p data-start=\"1826\" data-end=\"1878\">Convient aux installateurs professionnels et aux utilisateurs DIY<\/p>\n<\/li>\n<\/ul>\n<h2 data-start=\"1880\" data-end=\"1897\">Applications<\/h2>\n<ul data-start=\"1898\" data-end=\"2083\">\n<li data-start=\"1898\" data-end=\"1951\">\n<p data-start=\"1900\" data-end=\"1951\">Wraps complets pour v\u00e9hicules : voitures, SUV, motos, vans<\/p>\n<\/li>\n<li data-start=\"1952\" data-end=\"2002\">\n<p data-start=\"1954\" data-end=\"2002\">Wraps partiels : capots, toits, miroirs, spoilers<\/p>\n<\/li>\n<li data-start=\"2003\" data-end=\"2043\">\n<p data-start=\"2005\" data-end=\"2043\">Jupes int\u00e9rieures et panneaux d\u00e9coratifs<\/p>\n<\/li>\n<li data-start=\"2044\" data-end=\"2083\">\n<p data-start=\"2046\" data-end=\"2083\">Id\u00e9al pour <strong data-start=\"2056\" data-end=\"2072\">wrap de voiture en PPF<\/strong> projets<\/p>\n<\/li>\n<\/ul>\n<h2 data-start=\"2085\" data-end=\"2104\">Sp\u00e9cifications<\/h2>\n<p data-start=\"2105\" data-end=\"2330\">Mat\u00e9riau : Vinyle<br data-start=\"2135\" data-end=\"2138\" \/>Couleur : Noir<\/p>\n<p data-start=\"2105\" data-end=\"2330\">Taille : 1,52*28m<br data-start=\"2173\" data-end=\"2176\" \/>Finition : Mat<br data-start=\"2190\" data-end=\"2193\" \/>\u00c9paisseur : 150\u2013180 \u03bcm<br data-start=\"2214\" data-end=\"2217\" \/>Adh\u00e9sif : Lib\u00e9ration d'air, repositionnable<br data-start=\"2254\" data-end=\"2257\" \/>Durabilit\u00e9 : 3\u20135 ans en ext\u00e9rieur<br data-start=\"2286\" data-end=\"2289\" \/>Taille du rouleau : Personnalisable pour les commandes en gros<\/p>\n<h2 data-start=\"2332\" data-end=\"2351\">Principaux avantages<\/h2>\n<ul data-start=\"2352\" data-end=\"2632\">\n<li data-start=\"2352\" data-end=\"2388\">\n<p data-start=\"2354\" data-end=\"2388\">Premium <strong data-start=\"2362\" data-end=\"2378\">wrap de voiture en PPF<\/strong> qualit\u00e9<\/p>\n<\/li>\n<li data-start=\"2389\" data-end=\"2451\">\n<p data-start=\"2391\" data-end=\"2451\">Auto-r\u00e9parant et r\u00e9sistant aux rayures pour une protection sup\u00e9rieure<\/p>\n<\/li>\n<li data-start=\"2452\" data-end=\"2506\">\n<p data-start=\"2454\" data-end=\"2506\">Directement de l'usine, enti\u00e8rement personnalisable pour les commandes en gros<\/p>\n<\/li>\n<li data-start=\"2507\" data-end=\"2570\">\n<p data-start=\"2509\" data-end=\"2570\">Installation facile pour les utilisateurs DIY et les installateurs professionnels<\/p>\n<\/li>\n<li data-start=\"2571\" data-end=\"2632\">\n<p data-start=\"2573\" data-end=\"2632\">Parfait pour les ateliers automobiles, les installateurs et les passionn\u00e9s<\/p>\n<\/li>\n<\/ul>\n<h2 data-start=\"2634\" data-end=\"2655\">Contenu du paquet<\/h2>\n<ul data-start=\"2656\" data-end=\"2780\">\n<li data-start=\"2656\" data-end=\"2711\">\n<p data-start=\"2658\" data-end=\"2711\">1 Rouleau d'autocollants en PVC avec motif Maya 3D, vinyle pour carrosserie (1,52*28m)<\/p>\n<\/li>\n<li data-start=\"2712\" data-end=\"2780\">\n<p data-start=\"2714\" data-end=\"2780\">Kit d'installation optionnel : raclette, cutter, chiffon en microfibre<\/p>\n<\/li>\n<\/ul>\n<h2 data-start=\"2782\" data-end=\"2811\">Pourquoi choisir ce produit ?<\/h2>\n<p data-start=\"2812\" data-end=\"3117\">Ce produit directement de l'usine <strong data-start=\"2832\" data-end=\"2848\">wrap de voiture en PPF<\/strong> Le vinyle (1,52*28m) offre une qualit\u00e9 professionnelle, autocollants en PVC avec motif Maya 3D, et une protection durable. Enti\u00e8rement personnalisable pour commandes en gros ou individuelles, parfait pour les installateurs, grossistes et entreprises proposant des solutions premium. <strong data-start=\"3079\" data-end=\"3104\">film de protection de la peinture<\/strong> solutions. Autocollants en PVC avec motif Maya 3D, 1,52*28m de vinyle pour personnaliser la d\u00e9coration de votre v\u00e9hicule<\/p>\n<p><iframe title=\"e70f7ffda7839d5ca0a39ce0635a9a5f brut\" width=\"1260\" height=\"709\" src=\"https:\/\/www.youtube.com\/embed\/2qLp3wbKQCs?feature=oembed\" frameborder=\"0\" allow=\"accelerometer; autoplay; clipboard-write; encrypted-media; gyroscope; picture-in-picture; web-share\" referrerpolicy=\"strict-origin-when-cross-origin\" allowfullscreen><\/iframe><\/p>","protected":false},"excerpt":{"rendered":"<p>Prot\u00e9gez et stylisez votre v\u00e9hicule avec ceci <strong data-start=\"398\" data-end=\"414\">wrap de voiture en PPF<\/strong> \u2013 Autocollants en PVC avec motif Maya 3D, 1,52*28m de vinyle pour v\u00e9hicule, pour personnaliser la d\u00e9coration de votre v\u00e9hicule. Approvisionnement direct d'usine, enti\u00e8rement personnalisable pour les commandes en gros. Id\u00e9al pour les installateurs professionnels, grossistes et passionn\u00e9s d'automobile recherchant des solutions de film de protection de haute qualit\u00e9.<\/p>","protected":false},"featured_media":9892,"comment_status":"closed","ping_status":"closed","template":"","meta":[],"product_brand":[],"product_cat":[214],"product_tag":[],"class_list":{"0":"post-9919","1":"product","2":"type-product","3":"status-publish","4":"has-post-thumbnail","6":"product_cat-car-vinyl-wrap-film","8":"first","9":"instock","10":"shipping-taxable","11":"product-type-simple"},"_links":{"self":[{"href":"https:\/\/www.carliseppf.com\/fr\/wp-json\/wp\/v2\/product\/9919","targetHints":{"allow":["GET"]}}],"collection":[{"href":"https:\/\/www.carliseppf.com\/fr\/wp-json\/wp\/v2\/product"}],"about":[{"href":"https:\/\/www.carliseppf.com\/fr\/wp-json\/wp\/v2\/types\/product"}],"replies":[{"embeddable":true,"href":"https:\/\/www.carliseppf.com\/fr\/wp-json\/wp\/v2\/comments?post=9919"}],"wp:featuredmedia":[{"embeddable":true,"href":"https:\/\/www.carliseppf.com\/fr\/wp-json\/wp\/v2\/media\/9892"}],"wp:attachment":[{"href":"https:\/\/www.carliseppf.com\/fr\/wp-json\/wp\/v2\/media?parent=9919"}],"wp:term":[{"taxonomy":"product_brand","embeddable":true,"href":"https:\/\/www.carliseppf.com\/fr\/wp-json\/wp\/v2\/product_brand?post=9919"},{"taxonomy":"product_cat","embeddable":true,"href":"https:\/\/www.carliseppf.com\/fr\/wp-json\/wp\/v2\/product_cat?post=9919"},{"taxonomy":"product_tag","embeddable":true,"href":"https:\/\/www.carliseppf.com\/fr\/wp-json\/wp\/v2\/product_tag?post=9919"}],"curies":[{"name":"wp","href":"https:\/\/api.w.org\/{rel}","templated":true}]}}