{"id":250,"date":"2024-03-15T17:19:14","date_gmt":"2024-03-15T17:19:14","guid":{"rendered":"https:\/\/www.carliseppf.com\/?page_id=250"},"modified":"2025-11-19T10:01:55","modified_gmt":"2025-11-19T10:01:55","slug":"privacy-policy","status":"publish","type":"page","link":"https:\/\/www.carliseppf.com\/pt\/privacy-policy\/","title":{"rendered":"Pol\u00edtica de Privacidade"},"content":{"rendered":"<p>Levamos sua privacidade a s\u00e9rio e esta declara\u00e7\u00e3o de privacidade explica como\u00a0\u00a0(coletivamente, \u201cn\u00f3s,\u201d \u201cnos,\u201d ou \u201cnosso\u201d) coleta, usa, compartilha e processa suas informa\u00e7\u00f5es.<\/p>\n<p><strong><b>Coleta e Uso de Dados Pessoais<\/b><\/strong><\/p>\n<p>Dados pessoais s\u00e3o informa\u00e7\u00f5es que podem ser usadas para identificar voc\u00ea direta ou indiretamente. Dados pessoais tamb\u00e9m incluem dados an\u00f4nimos vinculados a informa\u00e7\u00f5es que podem ser usadas para identificar voc\u00ea direta ou indiretamente. Dados pessoais n\u00e3o incluem dados que foram anonimizados de forma irrevers\u00edvel ou agregados de modo que n\u00e3o possam mais nos permitir, seja em combina\u00e7\u00e3o com outras informa\u00e7\u00f5es ou de outra forma, identificar voc\u00ea.<\/p>\n<p><strong><b>Promo\u00e7\u00e3o de seguran\u00e7a e prote\u00e7\u00e3o<\/b><\/strong><\/p>\n<p>Cumprimos os princ\u00edpios de legalidade, legitimidade e transpar\u00eancia, usamos e processamos os dados m\u00ednimos dentro de um escopo limitado de finalidade, e tomamos medidas t\u00e9cnicas e administrativas para proteger a seguran\u00e7a dos dados. Utilizamos dados pessoais para ajudar a verificar contas e atividades de usu\u00e1rios, bem como para promover seguran\u00e7a e prote\u00e7\u00e3o, como monitorar fraudes e investigar atividades suspeitas ou potencialmente ilegais ou viola\u00e7\u00f5es de nossos termos ou pol\u00edticas. Tal processamento \u00e9 baseado em nosso interesse leg\u00edtimo em ajudar a garantir a seguran\u00e7a de nossos produtos e servi\u00e7os.<\/p>\n<p>Aqui est\u00e1 uma descri\u00e7\u00e3o dos tipos de dados pessoais que podemos coletar e como podemos us\u00e1-los:<\/p>\n<p><strong><b>Quais Dados Pessoais Coletamos<\/b><\/strong><\/p>\n<p>\u2170. Dados que voc\u00ea fornece:<\/p>\n<p>Coletamos os dados pessoais que voc\u00ea fornece ao usar nossos produtos e servi\u00e7os ou ao interagir conosco de outra forma, como ao criar uma conta, entrar em contato conosco, participar de uma pesquisa online, usar nossa ajuda online ou ferramenta de chat online. Se voc\u00ea fizer uma compra, coletamos dados pessoais relacionados \u00e0 compra. Esses dados incluem seus dados de pagamento, como n\u00famero do cart\u00e3o de cr\u00e9dito ou d\u00e9bito e outras informa\u00e7\u00f5es do cart\u00e3o, al\u00e9m de informa\u00e7\u00f5es de conta e autentica\u00e7\u00e3o, bem como detalhes de cobran\u00e7a, envio e contato.<\/p>\n<p>\u2171. Dados sobre o uso de nossos servi\u00e7os e produtos:<\/p>\n<p>Quando voc\u00ea visita nossos sites, podemos coletar dados sobre o tipo de dispositivo que voc\u00ea usa, o identificador \u00fanico do seu dispositivo, o endere\u00e7o IP do seu dispositivo, seu sistema operacional, o tipo de navegador de Internet que voc\u00ea usa, informa\u00e7\u00f5es de uso, informa\u00e7\u00f5es de diagn\u00f3stico e informa\u00e7\u00f5es de localiza\u00e7\u00e3o de ou sobre os computadores, telefones ou outros dispositivos nos quais voc\u00ea instala ou acessa nossos produtos ou servi\u00e7os. Onde dispon\u00edvel, nossos servi\u00e7os podem usar GPS, seu endere\u00e7o IP e outras tecnologias para determinar a localiza\u00e7\u00e3o aproximada de um dispositivo para nos permitir melhorar nossos produtos e servi\u00e7os.<\/p>\n<p><strong><b>Como Usamos Seus Dados Pessoais<\/b><\/strong><\/p>\n<p>De modo geral, usamos dados pessoais para fornecer, melhorar e desenvolver nossos produtos e servi\u00e7os, para nos comunicar com voc\u00ea, oferecer an\u00fancios e servi\u00e7os direcionados, e para nos proteger e proteger nossos clientes.<\/p>\n<p>\u2170. Fornecendo, melhorando e desenvolvendo nossos produtos e servi\u00e7os:<\/p>\n<p>Usamos dados pessoais para nos ajudar a fornecer, melhorar e desenvolver nossos produtos, servi\u00e7os e publicidade. Isso inclui usar dados pessoais para fins como an\u00e1lise de dados, pesquisa e auditorias. Tal processamento \u00e9 baseado em nosso interesse leg\u00edtimo em oferecer a voc\u00ea produtos e servi\u00e7os e na continuidade dos neg\u00f3cios. Se voc\u00ea participar de um concurso ou outra promo\u00e7\u00e3o, podemos usar os dados pessoais que voc\u00ea fornece para administrar esses programas. Algumas dessas atividades t\u00eam regras adicionais, que podem conter mais informa\u00e7\u00f5es sobre como usamos dados pessoais, portanto, recomendamos que leia essas regras cuidadosamente antes de participar.<\/p>\n<p>\u2171. Comunicando-se com voc\u00ea:<\/p>\n<p>Sujeito ao seu consentimento expresso pr\u00e9vio, podemos usar dados pessoais para enviar comunica\u00e7\u00f5es de marketing relacionadas aos nossos pr\u00f3prios produtos e servi\u00e7os, comunicar-se com voc\u00ea sobre sua conta ou transa\u00e7\u00f5es, e informar sobre nossas pol\u00edticas e termos. Se voc\u00ea n\u00e3o desejar mais receber comunica\u00e7\u00f5es por e-mail para fins de marketing, entre em contato conosco para cancelar a assinatura. Tamb\u00e9m podemos usar seus dados para processar e responder \u00e0s suas solicita\u00e7\u00f5es quando voc\u00ea nos contatar. Sujeito ao seu consentimento expresso pr\u00e9vio, podemos compartilhar seus dados pessoais com parceiros terceiros que podem enviar comunica\u00e7\u00f5es de marketing relacionadas aos seus produtos e servi\u00e7os. Sujeito ao seu consentimento expresso pr\u00e9vio, podemos usar dados pessoais para personalizar sua experi\u00eancia com nossos produtos e servi\u00e7os e em sites e aplicativos de terceiros, bem como para determinar a efic\u00e1cia de nossas campanhas promocionais.<\/p>\n<p>NOTA: Para qualquer uso de seus dados descrito acima que exija seu consentimento expresso pr\u00e9vio, observe que voc\u00ea pode revogar seu consentimento entrando em contato conosco.<\/p>\n<p><strong><b>Defini\u00e7\u00e3o de Cookies<\/b><\/strong><\/p>\n<p>Cookies s\u00e3o pequenos peda\u00e7os de texto usados para armazenar informa\u00e7\u00f5es em navegadores web. Cookies s\u00e3o amplamente utilizados para armazenar e receber identificadores e outras informa\u00e7\u00f5es em computadores, telefones e outros dispositivos. Tamb\u00e9m usamos outras tecnologias, incluindo dados que armazenamos no seu navegador ou dispositivo, identificadores associados ao seu dispositivo e outros softwares, para fins semelhantes. Nesta Declara\u00e7\u00e3o de Cookies, referimo-nos a todas essas tecnologias como cookies<\/p>\n<p><strong><b>Uso de Cookies<\/b><\/strong><\/p>\n<p>Usamos cookies para fornecer, proteger e melhorar nossos produtos e servi\u00e7os, como personalizar conte\u00fado, oferecer e medir an\u00fancios, entender o comportamento do usu\u00e1rio e proporcionar uma experi\u00eancia mais segura. Por favor, note que os cookies espec\u00edficos que podemos usar variam dependendo dos sites e servi\u00e7os que voc\u00ea utiliza.<\/p>\n<p><strong><b>Divulga\u00e7\u00e3o de Dados Pessoais<\/b><\/strong><\/p>\n<p>Disponibilizamos certos dados pessoais a parceiros estrat\u00e9gicos que trabalham conosco para fornecer nossos produtos e servi\u00e7os ou nos ajudam a divulgar para os clientes. Dados pessoais ser\u00e3o compartilhados por n\u00f3s apenas com essas empresas para fornecer ou melhorar nossos produtos, servi\u00e7os e publicidade; n\u00e3o ser\u00e3o compartilhados com terceiros para fins de marketing pr\u00f3prio sem seu consentimento expresso pr\u00e9vio.<\/p>\n<p><strong><b>Divulga\u00e7\u00e3o, Armazenamento, Transfer\u00eancia e Processamento de Dados<\/b><\/strong><\/p>\n<p>\u2170. Cumprimento de obriga\u00e7\u00f5es legais:<\/p>\n<p>Devido \u00e0s leis obrigat\u00f3rias do Brasil, existem ou ocorreram certos atos legais e obriga\u00e7\u00f5es legais precisam ser cumpridas. Tratamento de dados pessoais de residentes brasileiros \u2014 Como descrito abaixo, se voc\u00ea residir no Brasil, nosso processamento de seus dados pessoais ser\u00e1 legitimado: Sempre que precisarmos do seu consentimento para o processamento de seus dados pessoais, tal processamento ser\u00e1 justificado de acordo com o Artigo 6(1) do Regulamento Geral de Prote\u00e7\u00e3o de Dados (Brasil).<\/p>\n<p>\u2171. Para fins de implementa\u00e7\u00e3o ou aplica\u00e7\u00e3o razo\u00e1vel deste artigo:<\/p>\n<p>Podemos compartilhar dados pessoais com todas as nossas empresas afiliadas. No caso de fus\u00e3o, reorganiza\u00e7\u00e3o, aquisi\u00e7\u00e3o, joint venture, cess\u00e3o, cis\u00e3o, transfer\u00eancia ou venda ou disposi\u00e7\u00e3o de toda ou parte de nossos neg\u00f3cios, incluindo em conex\u00e3o com qualquer fal\u00eancia ou procedimento semelhante, podemos transferir quaisquer e todos os dados pessoais para o terceiro relevante. Tamb\u00e9m podemos divulgar dados pessoais se determinarmos de boa f\u00e9 que a divulga\u00e7\u00e3o \u00e9 razoavelmente necess\u00e1ria para proteger nossos direitos e buscar recursos dispon\u00edveis, fazer cumprir nossos termos e condi\u00e7\u00f5es, investigar fraudes ou proteger nossas opera\u00e7\u00f5es ou usu\u00e1rios.<\/p>\n<p>\u2172. Conformidade Legal e Seguran\u00e7a ou Prote\u00e7\u00e3o de Outros Direitos<\/p>\n<p>Pode ser necess\u00e1rio \u2014 por lei, processo legal, lit\u00edgio e\/ou solicita\u00e7\u00f5es de autoridades p\u00fablicas e governamentais dentro ou fora do seu pa\u00eds de resid\u00eancia \u2014 para n\u00f3s divulgar dados pessoais. Tamb\u00e9m podemos divulgar dados pessoais se determinarmos que, para fins de seguran\u00e7a nacional, aplica\u00e7\u00e3o da lei ou outras quest\u00f5es de interesse p\u00fablico, a divulga\u00e7\u00e3o \u00e9 necess\u00e1ria ou apropriada.<\/p>\n<p><strong><b>Crian\u00e7as<\/b><\/strong><\/p>\n<p>Nossos produtos e servi\u00e7os s\u00e3o destinados a adultos. Assim, n\u00e3o coletamos, usamos ou divulgamos dados de crian\u00e7as menores de 18 anos de forma consciente. Se soubermos que coletamos dados pessoais de uma crian\u00e7a menor de 18 anos, ou da idade m\u00ednima equivalente dependendo da jurisdi\u00e7\u00e3o, tomaremos medidas para excluir os dados o mais r\u00e1pido poss\u00edvel. Por favor, entre em contato conosco imediatamente se voc\u00ea tomar conhecimento de que uma crian\u00e7a menor de 18 anos nos forneceu dados pessoais.<\/p>\n<p><strong><b>Seus Direitos<\/b><\/strong><\/p>\n<p>Tomamos medidas razo\u00e1veis para garantir que seus dados pessoais sejam precisos, completos e atualizados. Voc\u00ea tem o direito de acessar, corrigir ou excluir os dados pessoais que coletamos. Voc\u00ea tamb\u00e9m tem o direito de restringir ou se opor, a qualquer momento, ao processamento adicional de seus dados pessoais. Voc\u00ea tem o direito de receber seus dados pessoais em um formato estruturado e padr\u00e3o. Pode registrar uma reclama\u00e7\u00e3o junto \u00e0 autoridade de prote\u00e7\u00e3o de dados competente sobre o processamento de seus dados pessoais. Para proteger a privacidade e a seguran\u00e7a de seus dados pessoais, podemos solicitar informa\u00e7\u00f5es suas para confirmar sua identidade e direito de acesso a esses dados, bem como para procurar e fornecer os dados pessoais que mantemos. Existem casos em que leis aplic\u00e1veis ou requisitos regulat\u00f3rios nos autorizam ou obrigam a recusar fornecer ou excluir alguns ou todos os dados pessoais que mantemos. Voc\u00ea pode nos contatar para exercer seus direitos. Responderemos \u00e0 sua solicita\u00e7\u00e3o em um prazo razo\u00e1vel, e em qualquer caso em menos de 30 dias.<\/p>\n<p><strong><b>Sites e Servi\u00e7os de Terceiros<\/b><\/strong><\/p>\n<p>Quando um cliente acessa um link para um site de terceiros que tem rela\u00e7\u00e3o conosco, n\u00e3o assumimos qualquer obriga\u00e7\u00e3o ou responsabilidade por tal pol\u00edtica devido \u00e0 pol\u00edtica de privacidade do terceiro. Nossos sites, produtos e servi\u00e7os podem conter links ou a possibilidade de voc\u00ea acessar sites, produtos e servi\u00e7os de terceiros. N\u00e3o somos respons\u00e1veis pelas pr\u00e1ticas de privacidade empregadas por esses terceiros, nem pelas informa\u00e7\u00f5es ou conte\u00fados que seus produtos e servi\u00e7os cont\u00eam. Esta Declara\u00e7\u00e3o de Privacidade se aplica exclusivamente aos dados coletados por n\u00f3s atrav\u00e9s de nossos produtos e servi\u00e7os. Incentivamos voc\u00ea a ler as pol\u00edticas de privacidade de qualquer terceiro antes de usar seus sites, produtos ou servi\u00e7os.<\/p>\n<p><strong><b>Seguran\u00e7a, Integridade e Reten\u00e7\u00e3o de Dados<\/b><\/strong><\/p>\n<p>Usamos medidas de seguran\u00e7a t\u00e9cnicas, administrativas e f\u00edsicas razo\u00e1veis projetadas para proteger e ajudar a prevenir acesso n\u00e3o autorizado aos seus dados, bem como para usar corretamente os dados que coletamos. Manteremos seus dados pessoais pelo tempo necess\u00e1rio para cumprir os prop\u00f3sitos descritos nesta Declara\u00e7\u00e3o de Privacidade, a menos que um per\u00edodo de reten\u00e7\u00e3o mais longo seja exigido ou permitido por lei.<\/p>\n<p><strong><b>Altera\u00e7\u00f5es nesta Declara\u00e7\u00e3o de Privacidade<\/b><\/strong><\/p>\n<p>Podemos alterar periodicamente esta Declara\u00e7\u00e3o de Privacidade para acompanhar novas tecnologias, pr\u00e1ticas do setor e requisitos regulat\u00f3rios, entre outros motivos. Seu uso cont\u00ednuo de nossos produtos e servi\u00e7os ap\u00f3s a data de vig\u00eancia da Declara\u00e7\u00e3o de Privacidade significa que voc\u00ea aceita a vers\u00e3o revisada da Declara\u00e7\u00e3o de Privacidade. Se voc\u00ea n\u00e3o concorda com a vers\u00e3o revisada da Declara\u00e7\u00e3o de Privacidade, por favor, n\u00e3o utilize nossos produtos ou servi\u00e7os e entre em contato conosco para encerrar qualquer conta que possa ter criado.<\/p>\n<p><strong><b>Privacidade de Menores<\/b><\/strong><\/p>\n<p>Estamos comprometidos em proteger a privacidade de indiv\u00edduos menores de 18 anos. N\u00e3o coletamos, usamos ou divulgamos intencionalmente informa\u00e7\u00f5es pessoais de menores de 18 anos. Se tomarmos conhecimento de que inadvertidamente coletamos dados pessoais de um menor, tomaremos medidas razo\u00e1veis para excluir essas informa\u00e7\u00f5es de nossos registros. Se voc\u00ea \u00e9 pai ou respons\u00e1vel e acredita que seu filho nos forneceu informa\u00e7\u00f5es pessoais, entre em contato conosco para que possamos resolver a quest\u00e3o prontamente.<\/p>","protected":false},"excerpt":{"rendered":"<p>We take your privacy seriously and this privacy statement explains how\u00a0\u00a0(collectively, \u201cwe,\u201d \u201cus,\u201d or \u201cour\u201d) collects, uses, shares, and processes your information. Collection and Use for Personal Data Personal data&hellip;<\/p>","protected":false},"author":1,"featured_media":0,"parent":0,"menu_order":0,"comment_status":"closed","ping_status":"closed","template":"","meta":{"footnotes":""},"class_list":["post-250","page","type-page","status-publish","hentry"],"_hostinger_reach_plugin_has_subscription_block":false,"_hostinger_reach_plugin_is_elementor":false,"_links":{"self":[{"href":"https:\/\/www.carliseppf.com\/pt\/wp-json\/wp\/v2\/pages\/250","targetHints":{"allow":["GET"]}}],"collection":[{"href":"https:\/\/www.carliseppf.com\/pt\/wp-json\/wp\/v2\/pages"}],"about":[{"href":"https:\/\/www.carliseppf.com\/pt\/wp-json\/wp\/v2\/types\/page"}],"author":[{"embeddable":true,"href":"https:\/\/www.carliseppf.com\/pt\/wp-json\/wp\/v2\/users\/1"}],"replies":[{"embeddable":true,"href":"https:\/\/www.carliseppf.com\/pt\/wp-json\/wp\/v2\/comments?post=250"}],"version-history":[{"count":3,"href":"https:\/\/www.carliseppf.com\/pt\/wp-json\/wp\/v2\/pages\/250\/revisions"}],"predecessor-version":[{"id":9664,"href":"https:\/\/www.carliseppf.com\/pt\/wp-json\/wp\/v2\/pages\/250\/revisions\/9664"}],"wp:attachment":[{"href":"https:\/\/www.carliseppf.com\/pt\/wp-json\/wp\/v2\/media?parent=250"}],"curies":[{"name":"wp","href":"https:\/\/api.w.org\/{rel}","templated":true}]}}