{"id":10008,"date":"2025-11-25T08:26:50","date_gmt":"2025-11-25T08:26:50","guid":{"rendered":"https:\/\/www.carliseppf.com\/?post_type=product&#038;p=10008"},"modified":"2026-01-06T03:07:18","modified_gmt":"2026-01-06T03:07:18","slug":"black-crystal-blue-black-crystal-blue","status":"publish","type":"product","link":"https:\/\/www.carliseppf.com\/pt\/product\/black-crystal-blue-black-crystal-blue\/","title":{"rendered":"Carlise F\u00e1brica Direta 1.52*15M TPU-Preto cristal azul-Filme de Prote\u00e7\u00e3o de Pintura para Carros Auto Cura Cobertura de Corpo Cor-Mudan\u00e7a"},"content":{"rendered":"<h2 data-start=\"709\" data-end=\"730\">Vis\u00e3o Geral do Produto<\/h2>\n<p>Este filme premium <strong data-start=\"744\" data-end=\"760\">carro\u00a0 <\/strong>Este filme de prote\u00e7\u00e3o de alta qualidade para carro PPF (1,52*15m) apresenta filme de cristal preto azul com propriedades de autoreparo e anti-risco, oferecendo prote\u00e7\u00e3o superior para a pintura do seu carro. Perfeito para envelopamentos completos ou parciais, motocicletas, cap\u00f4s, espelhos e pain\u00e9is decorativos. Fornecimento direto da f\u00e1brica garante pedidos em grande quantidade e tamanhos personalizados para instaladores e atacadistas.<\/p>\n<p><img fetchpriority=\"high\" decoding=\"async\" class=\"wp-image-10010 aligncenter\" src=\"https:\/\/www.carliseppf.com\/wp-content\/uploads\/2025\/11\/H9cd619af55074a66a134d70178da361an.png_avifclosewebpclose-300x300.png\" alt=\"Preto Cristal Azul\" width=\"418\" height=\"418\" srcset=\"https:\/\/www.carliseppf.com\/wp-content\/uploads\/2025\/11\/H9cd619af55074a66a134d70178da361an.png_avifclosewebpclose-300x300.png 300w, https:\/\/www.carliseppf.com\/wp-content\/uploads\/2025\/11\/H9cd619af55074a66a134d70178da361an.png_avifclosewebpclose-1024x1024.png 1024w, https:\/\/www.carliseppf.com\/wp-content\/uploads\/2025\/11\/H9cd619af55074a66a134d70178da361an.png_avifclosewebpclose-150x150.png 150w, https:\/\/www.carliseppf.com\/wp-content\/uploads\/2025\/11\/H9cd619af55074a66a134d70178da361an.png_avifclosewebpclose-768x768.png 768w, https:\/\/www.carliseppf.com\/wp-content\/uploads\/2025\/11\/H9cd619af55074a66a134d70178da361an.png_avifclosewebpclose-12x12.png 12w, https:\/\/www.carliseppf.com\/wp-content\/uploads\/2025\/11\/H9cd619af55074a66a134d70178da361an.png_avifclosewebpclose-370x370.png 370w, https:\/\/www.carliseppf.com\/wp-content\/uploads\/2025\/11\/H9cd619af55074a66a134d70178da361an.png_avifclosewebpclose-120x120.png 120w, https:\/\/www.carliseppf.com\/wp-content\/uploads\/2025\/11\/H9cd619af55074a66a134d70178da361an.png_avifclosewebpclose-840x840.png 840w, https:\/\/www.carliseppf.com\/wp-content\/uploads\/2025\/11\/H9cd619af55074a66a134d70178da361an.png_avifclosewebpclose-410x410.png 410w, https:\/\/www.carliseppf.com\/wp-content\/uploads\/2025\/11\/H9cd619af55074a66a134d70178da361an.png_avifclosewebpclose-630x630.png 630w, https:\/\/www.carliseppf.com\/wp-content\/uploads\/2025\/11\/H9cd619af55074a66a134d70178da361an.png_avifclosewebpclose-730x730.png 730w, https:\/\/www.carliseppf.com\/wp-content\/uploads\/2025\/11\/H9cd619af55074a66a134d70178da361an.png_avifclosewebpclose-460x460.png 460w, https:\/\/www.carliseppf.com\/wp-content\/uploads\/2025\/11\/H9cd619af55074a66a134d70178da361an.png_avifclosewebpclose.png 1080w\" sizes=\"(max-width: 600px) 100vw, 418px\" \/><\/p>\n<h2 data-start=\"1092\" data-end=\"1114\">Design &amp; Caracter\u00edsticas<\/h2>\n<ul data-start=\"1115\" data-end=\"1416\">\n<li data-start=\"1170\" data-end=\"1238\">\n<p title=\"Kalise F\u00e1brica Atacadista de Revestimento de Cor Automotiva PPF Filme TPU Cl\u00e1ssico para Embalagem de Carro Filme de PPF com Pedras Preciosas Vermelho Gemstone\" data-spm-anchor-id=\"a2700.details.0.i119.4f6f40ecYqVDKL\">Revestimento de Cor Automotiva PPF Filme TPU Cl\u00e1ssico Preto Cristal Azul para Embalagem de Corpo.<\/p>\n<\/li>\n<li data-start=\"1170\" data-end=\"1238\">\n<p data-start=\"1172\" data-end=\"1238\">Tecnologia de autoreparo e resist\u00eancia a riscos para prote\u00e7\u00e3o superior<\/p>\n<\/li>\n<li data-start=\"1239\" data-end=\"1279\">\n<p data-start=\"1241\" data-end=\"1279\">Flex\u00edvel, dur\u00e1vel e f\u00e1cil de aplicar<\/p>\n<\/li>\n<li data-start=\"1280\" data-end=\"1335\">\n<p data-start=\"1282\" data-end=\"1335\">Compat\u00edvel com ferramentas profissionais <strong data-start=\"1311\" data-end=\"1327\">envelopamento de carro ppf<\/strong> adesivos<\/p>\n<\/li>\n<li data-start=\"1336\" data-end=\"1416\">\n<p data-start=\"1338\" data-end=\"1416\">Ideal para cobertura total ou parcial do ve\u00edculo, pedidos em grande quantidade e projetos personalizados<\/p>\n<\/li>\n<\/ul>\n<h2 data-start=\"1418\" data-end=\"1444\">Material de Alta Qualidade<\/h2>\n<ul data-start=\"1445\" data-end=\"1606\">\n<li data-start=\"1445\" data-end=\"1477\">\n<p data-start=\"1447\" data-end=\"1477\">Envelopamento automotivo dur\u00e1vel de TPU<\/p>\n<\/li>\n<li data-start=\"1478\" data-end=\"1526\">\n<p data-start=\"1480\" data-end=\"1526\">Resistente a UV, \u00e0 prova d'\u00e1gua, seguro para pintura OEM<\/p>\n<\/li>\n<li data-start=\"1527\" data-end=\"1575\">\n<p data-start=\"1529\" data-end=\"1575\">Desempenho duradouro ao ar livre (3\u20135 anos)<\/p>\n<\/li>\n<li data-start=\"1576\" data-end=\"1606\">\n<p data-start=\"1578\" data-end=\"1606\">F\u00e1cil de limpar e manter<\/p>\n<\/li>\n<\/ul>\n<h2 data-start=\"1608\" data-end=\"1646\">Instala\u00e7\u00e3o e personaliza\u00e7\u00e3o f\u00e1ceis<\/h2>\n<ul data-start=\"1647\" data-end=\"1878\">\n<li data-start=\"1647\" data-end=\"1700\">\n<p data-start=\"1649\" data-end=\"1700\">Adesivo de libera\u00e7\u00e3o de ar para instala\u00e7\u00e3o sem bolhas<\/p>\n<\/li>\n<li data-start=\"1701\" data-end=\"1771\">\n<p data-start=\"1703\" data-end=\"1771\">Flex\u00edvel e mold\u00e1vel ao calor para bordas, curvas e superf\u00edcies complexas<\/p>\n<\/li>\n<li data-start=\"1772\" data-end=\"1823\">\n<p data-start=\"1774\" data-end=\"1823\">Rolos personaliz\u00e1veis para pedidos em grande quantidade ou atacado<\/p>\n<\/li>\n<li data-start=\"1824\" data-end=\"1878\">\n<p data-start=\"1826\" data-end=\"1878\">Adequado para instaladores profissionais e usu\u00e1rios de bricolagem<\/p>\n<\/li>\n<\/ul>\n<h2 data-start=\"1880\" data-end=\"1897\">Aplica\u00e7\u00f5es<\/h2>\n<ul data-start=\"1898\" data-end=\"2083\">\n<li data-start=\"1898\" data-end=\"1951\">\n<p data-start=\"1900\" data-end=\"1951\">Envelopamentos completos de ve\u00edculos: carros, SUVs, motocicletas, vans<\/p>\n<\/li>\n<li data-start=\"1952\" data-end=\"2002\">\n<p data-start=\"1954\" data-end=\"2002\">Envelopamentos parciais: cap\u00f4s, tetos, espelhos, spoilers<\/p>\n<\/li>\n<li data-start=\"2003\" data-end=\"2043\">\n<p data-start=\"2005\" data-end=\"2043\">Acabamentos internos e pain\u00e9is decorativos<\/p>\n<\/li>\n<li data-start=\"2044\" data-end=\"2083\">\n<p data-start=\"2046\" data-end=\"2083\">Ideal para <strong data-start=\"2056\" data-end=\"2072\">envelopamento de carro ppf<\/strong> projetos<\/p>\n<\/li>\n<\/ul>\n<h2 data-start=\"2085\" data-end=\"2104\">Especifica\u00e7\u00f5es<\/h2>\n<p data-start=\"2105\" data-end=\"2330\">Material: Vinil automotivo de TPU<br data-start=\"2135\" data-end=\"2138\" \/>Cor: Preto Cristal Azul<br data-start=\"2156\" data-end=\"2159\" \/>Tamanho: 1,52*15m<br data-start=\"2173\" data-end=\"2176\" \/>Acabamento: Brilhante<br data-start=\"2190\" data-end=\"2193\" \/>Espessura: 150\u2013180 \u03bcm<br data-start=\"2214\" data-end=\"2217\" \/>Adesivo: Libera\u00e7\u00e3o de ar, reposicion\u00e1vel<br data-start=\"2254\" data-end=\"2257\" \/>Durabilidade: 3\u20135 anos ao ar livre<br data-start=\"2286\" data-end=\"2289\" \/>Tamanho do Rolo: Personaliz\u00e1vel para pedidos em grande quantidade<\/p>\n<h2 data-start=\"2332\" data-end=\"2351\">Vantagens principais<\/h2>\n<ul data-start=\"2352\" data-end=\"2632\">\n<li data-start=\"2352\" data-end=\"2388\">\n<p data-start=\"2354\" data-end=\"2388\">Premium <strong data-start=\"2362\" data-end=\"2378\">envelopamento de carro ppf<\/strong> qualidade<\/p>\n<\/li>\n<li data-start=\"2389\" data-end=\"2451\">\n<p data-start=\"2391\" data-end=\"2451\">Tecnologia de autoreparo e resist\u00eancia a riscos para prote\u00e7\u00e3o superior<\/p>\n<\/li>\n<li data-start=\"2452\" data-end=\"2506\">\n<p data-start=\"2454\" data-end=\"2506\">Direto da f\u00e1brica, totalmente personaliz\u00e1vel para pedidos em grande quantidade<\/p>\n<\/li>\n<li data-start=\"2507\" data-end=\"2570\">\n<p data-start=\"2509\" data-end=\"2570\">Instala\u00e7\u00e3o f\u00e1cil para usu\u00e1rios de bricolagem e instaladores profissionais<\/p>\n<\/li>\n<li data-start=\"2571\" data-end=\"2632\">\n<p data-start=\"2573\" data-end=\"2632\">Perfeito para oficinas automotivas, instaladores e entusiastas<\/p>\n<\/li>\n<\/ul>\n<h2 data-start=\"2634\" data-end=\"2655\">Inclui no pacote<\/h2>\n<ul data-start=\"2656\" data-end=\"2780\">\n<li data-start=\"2656\" data-end=\"2711\">\n<p data-start=\"2658\" data-end=\"2711\">1 Rolo de Preto cristal azul (1,52*15m)<\/p>\n<\/li>\n<li data-start=\"2712\" data-end=\"2780\">\n<p data-start=\"2714\" data-end=\"2780\">Kit de instala\u00e7\u00e3o opcional: esp\u00e1tula, l\u00e2mina, pano de microfibra<\/p>\n<\/li>\n<\/ul>\n<h2 data-start=\"2782\" data-end=\"2811\">Por que escolher este produto?<\/h2>\n<p data-start=\"2812\" data-end=\"3117\">Este direto da f\u00e1brica <strong data-start=\"2832\" data-end=\"2848\">envelopamento de carro ppf<\/strong> Vinil (1,52*15m) oferece qualidade profissional, acabamento vibrante em TPU Preto Cristal Azul e prote\u00e7\u00e3o duradoura. Totalmente personaliz\u00e1vel para pedidos em grande quantidade ou individuais, perfeito para instaladores, atacadistas e empresas que oferecem produtos premium <strong data-start=\"3079\" data-end=\"3104\">solu\u00e7\u00f5es de filme de prote\u00e7\u00e3o de pintura<\/strong> solu\u00e7\u00f5es.<\/p>\n<p><iframe title=\"e70f7ffda7839d5ca0a39ce0635a9a5f raw\" width=\"1260\" height=\"709\" src=\"https:\/\/www.youtube.com\/embed\/2qLp3wbKQCs?feature=oembed\" frameborder=\"0\" allow=\"accelerometer; autoplay; clipboard-write; encrypted-media; gyroscope; picture-in-picture; web-share\" referrerpolicy=\"strict-origin-when-cross-origin\" allowfullscreen><\/iframe><\/p>","protected":false},"excerpt":{"rendered":"<p>Vis\u00e3o Geral do Produto Este filme de prote\u00e7\u00e3o de pintura (PPF) premium para carro (1,52*15m) apresenta filme Black crystal blue com propriedades de autorepara\u00e7\u00e3o e anti-risco, oferecendo prote\u00e7\u00e3o superior para a pintura do seu carro. Perfeito para envelopamentos completos ou parciais\u2026<\/p>","protected":false},"featured_media":10014,"comment_status":"closed","ping_status":"closed","template":"","meta":[],"product_brand":[],"product_cat":[216],"product_tag":[],"class_list":{"0":"post-10008","1":"product","2":"type-product","3":"status-publish","4":"has-post-thumbnail","6":"product_cat-colored-ppf","8":"first","9":"instock","10":"shipping-taxable","11":"product-type-simple"},"_links":{"self":[{"href":"https:\/\/www.carliseppf.com\/pt\/wp-json\/wp\/v2\/product\/10008","targetHints":{"allow":["GET"]}}],"collection":[{"href":"https:\/\/www.carliseppf.com\/pt\/wp-json\/wp\/v2\/product"}],"about":[{"href":"https:\/\/www.carliseppf.com\/pt\/wp-json\/wp\/v2\/types\/product"}],"replies":[{"embeddable":true,"href":"https:\/\/www.carliseppf.com\/pt\/wp-json\/wp\/v2\/comments?post=10008"}],"wp:featuredmedia":[{"embeddable":true,"href":"https:\/\/www.carliseppf.com\/pt\/wp-json\/wp\/v2\/media\/10014"}],"wp:attachment":[{"href":"https:\/\/www.carliseppf.com\/pt\/wp-json\/wp\/v2\/media?parent=10008"}],"wp:term":[{"taxonomy":"product_brand","embeddable":true,"href":"https:\/\/www.carliseppf.com\/pt\/wp-json\/wp\/v2\/product_brand?post=10008"},{"taxonomy":"product_cat","embeddable":true,"href":"https:\/\/www.carliseppf.com\/pt\/wp-json\/wp\/v2\/product_cat?post=10008"},{"taxonomy":"product_tag","embeddable":true,"href":"https:\/\/www.carliseppf.com\/pt\/wp-json\/wp\/v2\/product_tag?post=10008"}],"curies":[{"name":"wp","href":"https:\/\/api.w.org\/{rel}","templated":true}]}}