{"id":10054,"date":"2025-11-28T07:08:46","date_gmt":"2025-11-28T07:08:46","guid":{"rendered":"https:\/\/www.carliseppf.com\/?post_type=product&#038;p=10054"},"modified":"2025-12-01T02:28:25","modified_gmt":"2025-12-01T02:28:25","slug":"gold-carbon-fiber-vinyl-film-car-wrap","status":"publish","type":"product","link":"https:\/\/www.carliseppf.com\/pt\/product\/gold-carbon-fiber-vinyl-film-car-wrap\/","title":{"rendered":"Filme de Vinil de Fibra de Carbono 2D Brilho de Alta Qualidade Direto da F\u00e1brica para Envelopamento de Carros Com Libera\u00e7\u00e3o de Ar Adesivo DIY"},"content":{"rendered":"<p data-start=\"450\" data-end=\"771\">Este <strong data-start=\"455\" data-end=\"505\">Filme de vinil de fibra de carbono dourada brilhante 2D para envelopamento de carros<\/strong> \u00e9 projetado para decora\u00e7\u00e3o automotiva profissional e projetos de personaliza\u00e7\u00e3o em grande volume. Produzido diretamente em nossa f\u00e1brica, o filme apresenta acabamento brilhante premium, textura dur\u00e1vel de fibra de carbono e um canal de libera\u00e7\u00e3o de ar aprimorado para instala\u00e7\u00e3o mais f\u00e1cil.<\/p>\n<p data-start=\"773\" data-end=\"1064\">Projetado para envelopamento completo ou parcial de carros, este <strong data-start=\"821\" data-end=\"862\">Filme de Vinil de Fibra de Carbono Dourada para Envelopamento de Carros<\/strong> oferece ader\u00eancia est\u00e1vel, excelente elasticidade e prote\u00e7\u00e3o duradoura para o exterior \u2014 tornando-se adequado para distribuidores, instaladores e marcas de personaliza\u00e7\u00e3o aftermarket que buscam fornecimento confi\u00e1vel.<\/p>\n<p data-start=\"1066\" data-end=\"1255\">Seja para personaliza\u00e7\u00e3o de carros, revenda de pacotes de varejo ou projetos OEM, nosso <strong data-start=\"1144\" data-end=\"1173\">filme de fibra de carbono dourada 2D<\/strong> ajuda a melhorar o apelo visual enquanto garante qualidade consistente em pedidos em grande quantidade.<\/p>\n<p data-start=\"1066\" data-end=\"1255\">A superf\u00edcie reflete um dourado met\u00e1lico sutil que muda suavemente sob a luz, conferindo aos ve\u00edculos uma est\u00e9tica refinada e moderna.<\/p>\n<p><iframe title=\"c6dd24e0c98ed30e1624b75374608f8a bruto\" width=\"1260\" height=\"709\" src=\"https:\/\/www.youtube.com\/embed\/anSZDgbbCZ4?feature=oembed\" frameborder=\"0\" allow=\"accelerometer; autoplay; clipboard-write; encrypted-media; gyroscope; picture-in-picture; web-share\" referrerpolicy=\"strict-origin-when-cross-origin\" allowfullscreen><\/iframe><\/p>","protected":false},"excerpt":{"rendered":"<p>Filme de vinil de fibra de carbono dourada brilhante 2D de alta qualidade com adesivo de libera\u00e7\u00e3o de ar, perfeito para personaliza\u00e7\u00e3o de carros, customiza\u00e7\u00e3o OEM e distribui\u00e7\u00e3o por atacado.<\/p>","protected":false},"featured_media":10060,"comment_status":"open","ping_status":"closed","template":"","meta":[],"product_brand":[],"product_cat":[214],"product_tag":[],"class_list":{"0":"post-10054","1":"product","2":"type-product","3":"status-publish","4":"has-post-thumbnail","6":"product_cat-car-vinyl-wrap-film","8":"first","9":"instock","10":"shipping-taxable","11":"product-type-simple"},"_links":{"self":[{"href":"https:\/\/www.carliseppf.com\/pt\/wp-json\/wp\/v2\/product\/10054","targetHints":{"allow":["GET"]}}],"collection":[{"href":"https:\/\/www.carliseppf.com\/pt\/wp-json\/wp\/v2\/product"}],"about":[{"href":"https:\/\/www.carliseppf.com\/pt\/wp-json\/wp\/v2\/types\/product"}],"replies":[{"embeddable":true,"href":"https:\/\/www.carliseppf.com\/pt\/wp-json\/wp\/v2\/comments?post=10054"}],"wp:featuredmedia":[{"embeddable":true,"href":"https:\/\/www.carliseppf.com\/pt\/wp-json\/wp\/v2\/media\/10060"}],"wp:attachment":[{"href":"https:\/\/www.carliseppf.com\/pt\/wp-json\/wp\/v2\/media?parent=10054"}],"wp:term":[{"taxonomy":"product_brand","embeddable":true,"href":"https:\/\/www.carliseppf.com\/pt\/wp-json\/wp\/v2\/product_brand?post=10054"},{"taxonomy":"product_cat","embeddable":true,"href":"https:\/\/www.carliseppf.com\/pt\/wp-json\/wp\/v2\/product_cat?post=10054"},{"taxonomy":"product_tag","embeddable":true,"href":"https:\/\/www.carliseppf.com\/pt\/wp-json\/wp\/v2\/product_tag?post=10054"}],"curies":[{"name":"wp","href":"https:\/\/api.w.org\/{rel}","templated":true}]}}