{"id":10091,"date":"2025-12-02T07:12:03","date_gmt":"2025-12-02T07:12:03","guid":{"rendered":"https:\/\/www.carliseppf.com\/?post_type=product&#038;p=10091"},"modified":"2025-12-03T11:11:26","modified_gmt":"2025-12-03T11:11:26","slug":"colored-ppf-film-mimosa-red","status":"publish","type":"product","link":"https:\/\/www.carliseppf.com\/pt\/product\/colored-ppf-film-mimosa-red\/","title":{"rendered":"Adesivos de Vinil para Envelopamento de Carro MIMOSA VERMELHO TPU Direto da F\u00e1brica 1,52*15m com Fun\u00e7\u00e3o de Mudan\u00e7a de Cor Brilhante para Prote\u00e7\u00e3o do Corpo, Garantia de 5 Anos"},"content":{"rendered":"<h2 data-start=\"854\" data-end=\"877\"><strong data-start=\"857\" data-end=\"877\">Vis\u00e3o Geral do Produto<\/strong><\/h2>\n<p data-start=\"879\" data-end=\"1190\">Este Mimosa Red <strong data-start=\"895\" data-end=\"915\">filme PPF colorido<\/strong> \u00e9 projetado com material TPU e desenvolvido para oferecer est\u00e9tica avan\u00e7ada de mudan\u00e7a de cor, al\u00e9m de proporcionar prote\u00e7\u00e3o duradoura para a pintura do ve\u00edculo. Seu acabamento brilhante e vibrante melhora a apar\u00eancia do ve\u00edculo e protege a carroceria contra riscos, lascas de pedra e exposi\u00e7\u00e3o aos raios UV.<\/p>\n<h2 data-start=\"1192\" data-end=\"1218\"><strong data-start=\"1195\" data-end=\"1218\">Recursos &amp; Benef\u00edcios<\/strong><\/h2>\n<ul data-start=\"1220\" data-end=\"1571\">\n<li data-start=\"1220\" data-end=\"1282\">\n<p data-start=\"1222\" data-end=\"1282\">Mimosa Red Premium <strong data-start=\"1241\" data-end=\"1261\">filme PPF colorido<\/strong> com acabamento brilhante<\/p>\n<\/li>\n<li data-start=\"1283\" data-end=\"1350\">\n<p data-start=\"1285\" data-end=\"1350\">material TPU com tecnologia de auto-regenera\u00e7\u00e3o e anti-risco<\/p>\n<\/li>\n<li data-start=\"1351\" data-end=\"1414\">\n<p data-start=\"1353\" data-end=\"1414\">Efeito de mudan\u00e7a de cor melhora o estilo e a visibilidade do ve\u00edculo<\/p>\n<\/li>\n<li data-start=\"1415\" data-end=\"1467\">\n<p data-start=\"1417\" data-end=\"1467\">Resistente a UV, manchas e n\u00e3o amarela<\/p>\n<\/li>\n<li data-start=\"1468\" data-end=\"1518\">\n<p data-start=\"1470\" data-end=\"1518\">Adequado para instala\u00e7\u00e3o em toda a carroceria ou parcialmente<\/p>\n<\/li>\n<li data-start=\"1519\" data-end=\"1571\">\n<p data-start=\"1521\" data-end=\"1571\">Suporta <strong data-start=\"1530\" data-end=\"1545\">pedidos em grande quantidade<\/strong> e <strong data-start=\"1550\" data-end=\"1571\">personaliza\u00e7\u00e3o OEM<\/strong><\/p>\n<\/li>\n<\/ul>\n<h2 data-start=\"1573\" data-end=\"1602\"><strong data-start=\"1576\" data-end=\"1602\">Material &amp; Desempenho<\/strong><\/h2>\n<ul data-start=\"1604\" data-end=\"1811\">\n<li data-start=\"1604\" data-end=\"1657\">\n<p data-start=\"1606\" data-end=\"1657\">TPU avan\u00e7ado com alta elasticidade e auto-regenera\u00e7\u00e3o<\/p>\n<\/li>\n<li data-start=\"1658\" data-end=\"1720\">\n<p data-start=\"1660\" data-end=\"1720\">Resistente ao desgaste di\u00e1rio, impactos e abras\u00f5es superficiais<\/p>\n<\/li>\n<li data-start=\"1721\" data-end=\"1762\">\n<p data-start=\"1723\" data-end=\"1762\">Mant\u00e9m brilho e clareza a longo prazo<\/p>\n<\/li>\n<li data-start=\"1763\" data-end=\"1811\">\n<p data-start=\"1765\" data-end=\"1811\">Capacidade de conforma\u00e7\u00e3o ao calor para curvas e arestas<\/p>\n<\/li>\n<\/ul>\n<h2 data-start=\"1813\" data-end=\"1848\"><strong data-start=\"1816\" data-end=\"1848\">Instala\u00e7\u00e3o &amp; Personaliza\u00e7\u00e3o<\/strong><\/h2>\n<ul data-start=\"1850\" data-end=\"2059\">\n<li data-start=\"1850\" data-end=\"1911\">\n<p data-start=\"1852\" data-end=\"1911\">Adesivo de libera\u00e7\u00e3o de ar para instala\u00e7\u00e3o suave e sem bolhas<\/p>\n<\/li>\n<li data-start=\"1912\" data-end=\"1970\">\n<p data-start=\"1914\" data-end=\"1970\">Ideal para instaladores profissionais e est\u00fadios de envelopamento de carros<\/p>\n<\/li>\n<li data-start=\"1971\" data-end=\"2016\">\n<p data-start=\"1973\" data-end=\"2016\">Tamanhos e espessuras personalizados dispon\u00edveis<\/p>\n<\/li>\n<li data-start=\"2017\" data-end=\"2059\">\n<p data-start=\"2019\" data-end=\"2059\">Pre\u00e7os direto de f\u00e1brica para atacadistas<\/p>\n<\/li>\n<\/ul>\n<h2 data-start=\"2061\" data-end=\"2080\"><strong data-start=\"2064\" data-end=\"2080\">Aplica\u00e7\u00f5es<\/strong><\/h2>\n<ul data-start=\"2082\" data-end=\"2230\">\n<li data-start=\"2082\" data-end=\"2114\">\n<p data-start=\"2084\" data-end=\"2114\">Prote\u00e7\u00e3o completa para a carroceria do ve\u00edculo<\/p>\n<\/li>\n<li data-start=\"2115\" data-end=\"2167\">\n<p data-start=\"2117\" data-end=\"2167\">Instala\u00e7\u00e3o parcial: cap\u00f4, teto, espelhos, portas<\/p>\n<\/li>\n<li data-start=\"2168\" data-end=\"2230\">\n<p data-start=\"2170\" data-end=\"2230\">Adequado para carros, SUVs, ve\u00edculos de alta performance, motocicletas<\/p>\n<\/li>\n<\/ul>\n<h2 data-start=\"2232\" data-end=\"2253\"><strong data-start=\"2235\" data-end=\"2253\">Vantagens principais<\/strong><\/h2>\n<ul data-start=\"2255\" data-end=\"2493\">\n<li data-start=\"2255\" data-end=\"2298\">\n<p data-start=\"2257\" data-end=\"2298\">Apar\u00eancia de alto impacto com brilho Mimosa Vermelho<\/p>\n<\/li>\n<li data-start=\"2299\" data-end=\"2370\">\n<p data-start=\"2301\" data-end=\"2370\">Dur\u00e1vel <strong data-start=\"2309\" data-end=\"2329\">filme PPF colorido<\/strong> adequado para varejo e atacado<\/p>\n<\/li>\n<li data-start=\"2371\" data-end=\"2424\">\n<p data-start=\"2373\" data-end=\"2424\">Garantia de 5 anos na durabilidade e estabilidade da cor<\/p>\n<\/li>\n<li data-start=\"2425\" data-end=\"2493\">\n<p data-start=\"2427\" data-end=\"2493\">Projetado para prote\u00e7\u00e3o premium do ve\u00edculo e aprimoramento visual<\/p>\n<\/li>\n<\/ul>\n<h2 data-start=\"2495\" data-end=\"2518\"><strong data-start=\"2498\" data-end=\"2518\">Inclui no pacote<\/strong><\/h2>\n<ul data-start=\"2520\" data-end=\"2639\">\n<li data-start=\"2520\" data-end=\"2582\">\n<p data-start=\"2522\" data-end=\"2582\">1 Rolo Mimosa Vermelho Brilho <strong data-start=\"2546\" data-end=\"2566\">filme PPF colorido<\/strong> (1,52m \u00d7 15m)<\/p>\n<\/li>\n<li data-start=\"2583\" data-end=\"2639\">\n<p data-start=\"2585\" data-end=\"2639\">Kit de instala\u00e7\u00e3o opcional (dispon\u00edvel mediante solicita\u00e7\u00e3o)<\/p>\n<\/li>\n<\/ul>\n<h2 data-start=\"2641\" data-end=\"2672\"><strong data-start=\"2644\" data-end=\"2672\">Por que escolher este produto?<\/strong><\/h2>\n<p data-start=\"2674\" data-end=\"2996\">Este Mimosa Red <strong data-start=\"2690\" data-end=\"2710\">filme PPF colorido<\/strong> une prote\u00e7\u00e3o superior de TPU com um acabamento de mudan\u00e7a de cor marcante, tornando-o ideal para propriet\u00e1rios de carros que buscam est\u00e9tica e durabilidade. Com fabrica\u00e7\u00e3o direta de f\u00e1brica, fornecimento r\u00e1pido e op\u00e7\u00f5es de personaliza\u00e7\u00e3o, \u00e9 perfeito para neg\u00f3cios de envelopamento de carros e distribuidores internacionais.<\/p>\n<p><img fetchpriority=\"high\" decoding=\"async\" class=\"aligncenter wp-image-10097 size-full\" src=\"https:\/\/www.carliseppf.com\/wp-content\/uploads\/2025\/12\/Hee828b3e9567443997268ff060cc3c58l.jpg_avifclosewebpclose.png\" alt=\"rolo de filme PPF na cor Mimosa Vermelho\" width=\"1004\" height=\"1004\" srcset=\"https:\/\/www.carliseppf.com\/wp-content\/uploads\/2025\/12\/Hee828b3e9567443997268ff060cc3c58l.jpg_avifclosewebpclose.png 1004w, https:\/\/www.carliseppf.com\/wp-content\/uploads\/2025\/12\/Hee828b3e9567443997268ff060cc3c58l.jpg_avifclosewebpclose-300x300.png 300w, https:\/\/www.carliseppf.com\/wp-content\/uploads\/2025\/12\/Hee828b3e9567443997268ff060cc3c58l.jpg_avifclosewebpclose-150x150.png 150w, https:\/\/www.carliseppf.com\/wp-content\/uploads\/2025\/12\/Hee828b3e9567443997268ff060cc3c58l.jpg_avifclosewebpclose-768x768.png 768w, https:\/\/www.carliseppf.com\/wp-content\/uploads\/2025\/12\/Hee828b3e9567443997268ff060cc3c58l.jpg_avifclosewebpclose-12x12.png 12w, https:\/\/www.carliseppf.com\/wp-content\/uploads\/2025\/12\/Hee828b3e9567443997268ff060cc3c58l.jpg_avifclosewebpclose-370x370.png 370w, https:\/\/www.carliseppf.com\/wp-content\/uploads\/2025\/12\/Hee828b3e9567443997268ff060cc3c58l.jpg_avifclosewebpclose-120x120.png 120w, https:\/\/www.carliseppf.com\/wp-content\/uploads\/2025\/12\/Hee828b3e9567443997268ff060cc3c58l.jpg_avifclosewebpclose-840x840.png 840w, https:\/\/www.carliseppf.com\/wp-content\/uploads\/2025\/12\/Hee828b3e9567443997268ff060cc3c58l.jpg_avifclosewebpclose-410x410.png 410w, https:\/\/www.carliseppf.com\/wp-content\/uploads\/2025\/12\/Hee828b3e9567443997268ff060cc3c58l.jpg_avifclosewebpclose-630x630.png 630w, https:\/\/www.carliseppf.com\/wp-content\/uploads\/2025\/12\/Hee828b3e9567443997268ff060cc3c58l.jpg_avifclosewebpclose-730x730.png 730w, https:\/\/www.carliseppf.com\/wp-content\/uploads\/2025\/12\/Hee828b3e9567443997268ff060cc3c58l.jpg_avifclosewebpclose-460x460.png 460w\" sizes=\"(max-width: 1004px) 100vw, 1004px\" \/><\/p>\n<p><iframe title=\"e70f7ffda7839d5ca0a39ce0635a9a5f raw\" width=\"1260\" height=\"709\" src=\"https:\/\/www.youtube.com\/embed\/2qLp3wbKQCs?feature=oembed\" frameborder=\"0\" allow=\"accelerometer; autoplay; clipboard-write; encrypted-media; gyroscope; picture-in-picture; web-share\" referrerpolicy=\"strict-origin-when-cross-origin\" allowfullscreen><\/iframe><\/p>","protected":false},"excerpt":{"rendered":"<p>Alta qualidade <strong data-start=\"570\" data-end=\"590\">filme PPF colorido<\/strong> em Mimosa Red, feito com TPU dur\u00e1vel e acabamento brilhante que muda de cor. Oferece prote\u00e7\u00e3o auto-regenerativa, anti-risco e resistente a UV. Fornecimento direto da f\u00e1brica com total personaliza\u00e7\u00e3o e garantia de 5 anos, ideal para instaladores e atacadistas.<\/p>","protected":false},"featured_media":10095,"comment_status":"open","ping_status":"closed","template":"","meta":[],"product_brand":[],"product_cat":[216],"product_tag":[],"class_list":{"0":"post-10091","1":"product","2":"type-product","3":"status-publish","4":"has-post-thumbnail","6":"product_cat-colored-ppf","8":"first","9":"instock","10":"shipping-taxable","11":"product-type-simple"},"_links":{"self":[{"href":"https:\/\/www.carliseppf.com\/pt\/wp-json\/wp\/v2\/product\/10091","targetHints":{"allow":["GET"]}}],"collection":[{"href":"https:\/\/www.carliseppf.com\/pt\/wp-json\/wp\/v2\/product"}],"about":[{"href":"https:\/\/www.carliseppf.com\/pt\/wp-json\/wp\/v2\/types\/product"}],"replies":[{"embeddable":true,"href":"https:\/\/www.carliseppf.com\/pt\/wp-json\/wp\/v2\/comments?post=10091"}],"wp:featuredmedia":[{"embeddable":true,"href":"https:\/\/www.carliseppf.com\/pt\/wp-json\/wp\/v2\/media\/10095"}],"wp:attachment":[{"href":"https:\/\/www.carliseppf.com\/pt\/wp-json\/wp\/v2\/media?parent=10091"}],"wp:term":[{"taxonomy":"product_brand","embeddable":true,"href":"https:\/\/www.carliseppf.com\/pt\/wp-json\/wp\/v2\/product_brand?post=10091"},{"taxonomy":"product_cat","embeddable":true,"href":"https:\/\/www.carliseppf.com\/pt\/wp-json\/wp\/v2\/product_cat?post=10091"},{"taxonomy":"product_tag","embeddable":true,"href":"https:\/\/www.carliseppf.com\/pt\/wp-json\/wp\/v2\/product_tag?post=10091"}],"curies":[{"name":"wp","href":"https:\/\/api.w.org\/{rel}","templated":true}]}}