{"id":9231,"date":"2025-10-28T03:17:17","date_gmt":"2025-10-28T03:17:17","guid":{"rendered":"https:\/\/www.carliseppf.com\/?post_type=product&#038;p=9231"},"modified":"2025-11-20T11:13:36","modified_gmt":"2025-11-20T11:13:36","slug":"ppf-wrap-car-ferrari-red-tpu","status":"publish","type":"product","link":"https:\/\/www.carliseppf.com\/pt\/product\/ppf-wrap-car-ferrari-red-tpu\/","title":{"rendered":"Filme de TPU Vermelho Ferrari \u2013 Envolt\u00f3rio PPF Premium para Carro"},"content":{"rendered":"<h2 data-start=\"710\" data-end=\"731\">Vis\u00e3o Geral do Produto<\/h2>\n<p data-start=\"732\" data-end=\"1143\">Este <strong data-start=\"737\" data-end=\"753\">envolt\u00f3rio ppf para carro<\/strong> oferece prote\u00e7\u00e3o superior e acabamento brilhante de alta qualidade na cor Vermelho Ferrari. Fabricado com material TPU de alta qualidade, oferece capacidades de autorrecupera\u00e7\u00e3o e resist\u00eancia a riscos, garantindo prote\u00e7\u00e3o duradoura para a pintura. Perfeito para envelopamentos completos ou parciais em carros, motocicletas, cap\u00f4s, espelhos e pain\u00e9is decorativos. Fornecimento direto da f\u00e1brica suporta pedidos em grande quantidade e tamanhos personalizados para instaladores profissionais.<\/p>\n<p data-start=\"732\" data-end=\"1143\"><img fetchpriority=\"high\" decoding=\"async\" class=\"alignnone size-medium wp-image-9232\" src=\"https:\/\/www.carliseppf.com\/wp-content\/uploads\/2025\/10\/1-1-300x300.png\" alt=\"envolt\u00f3rio ppf para carro\" width=\"300\" height=\"300\" srcset=\"https:\/\/www.carliseppf.com\/wp-content\/uploads\/2025\/10\/1-1-300x300.png 300w, https:\/\/www.carliseppf.com\/wp-content\/uploads\/2025\/10\/1-1-150x150.png 150w, https:\/\/www.carliseppf.com\/wp-content\/uploads\/2025\/10\/1-1-768x768.png 768w, https:\/\/www.carliseppf.com\/wp-content\/uploads\/2025\/10\/1-1-370x370.png 370w, https:\/\/www.carliseppf.com\/wp-content\/uploads\/2025\/10\/1-1-120x120.png 120w, https:\/\/www.carliseppf.com\/wp-content\/uploads\/2025\/10\/1-1-410x410.png 410w, https:\/\/www.carliseppf.com\/wp-content\/uploads\/2025\/10\/1-1-630x630.png 630w, https:\/\/www.carliseppf.com\/wp-content\/uploads\/2025\/10\/1-1-730x730.png 730w, https:\/\/www.carliseppf.com\/wp-content\/uploads\/2025\/10\/1-1-460x460.png 460w, https:\/\/www.carliseppf.com\/wp-content\/uploads\/2025\/10\/1-1.png 800w\" sizes=\"(max-width: 300px) 100vw, 300px\" \/><\/p>\n<h2 data-start=\"1145\" data-end=\"1167\">Design &amp; Caracter\u00edsticas<\/h2>\n<ul data-start=\"1168\" data-end=\"1463\">\n<li data-start=\"1168\" data-end=\"1240\">\n<p data-start=\"1170\" data-end=\"1240\">TPU Vermelho Ferrari com acabamento brilhante para alta qualidade <strong data-start=\"1217\" data-end=\"1233\">envolt\u00f3rio ppf para carro<\/strong> premium<\/p>\n<\/li>\n<li data-start=\"1241\" data-end=\"1285\">\n<p data-start=\"1243\" data-end=\"1285\">Tecnologia de auto-reparo e anti-risco<\/p>\n<\/li>\n<li data-start=\"1286\" data-end=\"1326\">\n<p data-start=\"1288\" data-end=\"1326\">Flex\u00edvel, dur\u00e1vel e f\u00e1cil de aplicar<\/p>\n<\/li>\n<li data-start=\"1327\" data-end=\"1382\">\n<p data-start=\"1329\" data-end=\"1382\">Compat\u00edvel com ferramentas profissionais de instala\u00e7\u00e3o de PPF<\/p>\n<\/li>\n<li data-start=\"1383\" data-end=\"1463\">\n<p data-start=\"1385\" data-end=\"1463\">Ideal para cobertura total ou parcial do ve\u00edculo, pedidos em grande quantidade e projetos personalizados<\/p>\n<\/li>\n<\/ul>\n<h2 data-start=\"1465\" data-end=\"1491\">Material de Alta Qualidade<\/h2>\n<ul data-start=\"1492\" data-end=\"1653\">\n<li data-start=\"1492\" data-end=\"1524\">\n<p data-start=\"1494\" data-end=\"1524\">Vinil automotivo TPU premium<\/p>\n<\/li>\n<li data-start=\"1525\" data-end=\"1573\">\n<p data-start=\"1527\" data-end=\"1573\">Resistente a UV, \u00e0 prova d'\u00e1gua, seguro para pintura OEM<\/p>\n<\/li>\n<li data-start=\"1574\" data-end=\"1622\">\n<p data-start=\"1576\" data-end=\"1622\">Desempenho duradouro ao ar livre (3\u20135 anos)<\/p>\n<\/li>\n<li data-start=\"1623\" data-end=\"1653\">\n<p data-start=\"1625\" data-end=\"1653\">F\u00e1cil de limpar e manter<\/p>\n<\/li>\n<\/ul>\n<h2 data-start=\"1655\" data-end=\"1693\">Instala\u00e7\u00e3o e personaliza\u00e7\u00e3o f\u00e1ceis<\/h2>\n<ul data-start=\"1694\" data-end=\"1905\">\n<li data-start=\"1694\" data-end=\"1746\">\n<p data-start=\"1696\" data-end=\"1746\">Adesivo de libera\u00e7\u00e3o de ar para aplica\u00e7\u00e3o sem bolhas<\/p>\n<\/li>\n<li data-start=\"1747\" data-end=\"1798\">\n<p data-start=\"1749\" data-end=\"1798\">Flex\u00edvel e mold\u00e1vel ao calor para curvas e arestas<\/p>\n<\/li>\n<li data-start=\"1799\" data-end=\"1850\">\n<p data-start=\"1801\" data-end=\"1850\">Rolos personaliz\u00e1veis para pedidos em grande quantidade ou atacado<\/p>\n<\/li>\n<li data-start=\"1851\" data-end=\"1905\">\n<p data-start=\"1853\" data-end=\"1905\">Adequado para instaladores profissionais e usu\u00e1rios de bricolagem<\/p>\n<\/li>\n<\/ul>\n<h2 data-start=\"1907\" data-end=\"1924\">Aplica\u00e7\u00f5es<\/h2>\n<ul data-start=\"1925\" data-end=\"2104\">\n<li data-start=\"1925\" data-end=\"1972\">\n<p data-start=\"1927\" data-end=\"1972\">Envelopamentos completos de ve\u00edculos: carros, SUVs, motocicletas<\/p>\n<\/li>\n<li data-start=\"1973\" data-end=\"2023\">\n<p data-start=\"1975\" data-end=\"2023\">Envelopamentos parciais: cap\u00f4s, tetos, espelhos, spoilers<\/p>\n<\/li>\n<li data-start=\"2024\" data-end=\"2064\">\n<p data-start=\"2026\" data-end=\"2064\">Acabamentos internos e pain\u00e9is decorativos<\/p>\n<\/li>\n<li data-start=\"2065\" data-end=\"2104\">\n<p data-start=\"2067\" data-end=\"2104\">Ideal para <strong data-start=\"2077\" data-end=\"2093\">envolt\u00f3rio ppf para carro<\/strong> projetos<\/p>\n<\/li>\n<\/ul>\n<h2 data-start=\"2106\" data-end=\"2125\">Vantagens principais<\/h2>\n<ul data-start=\"2126\" data-end=\"2409\">\n<li data-start=\"2126\" data-end=\"2162\">\n<p data-start=\"2128\" data-end=\"2162\">Premium <strong data-start=\"2136\" data-end=\"2152\">envolt\u00f3rio ppf para carro<\/strong> qualidade<\/p>\n<\/li>\n<li data-start=\"2163\" data-end=\"2228\">\n<p data-start=\"2165\" data-end=\"2228\">Tecnologia de autorrecupera\u00e7\u00e3o, anti-risco e prote\u00e7\u00e3o colorida<\/p>\n<\/li>\n<li data-start=\"2229\" data-end=\"2283\">\n<p data-start=\"2231\" data-end=\"2283\">Direto da f\u00e1brica, totalmente personaliz\u00e1vel para pedidos em grande quantidade<\/p>\n<\/li>\n<li data-start=\"2284\" data-end=\"2347\">\n<p data-start=\"2286\" data-end=\"2347\">Instala\u00e7\u00e3o f\u00e1cil para usu\u00e1rios de bricolagem e instaladores profissionais<\/p>\n<\/li>\n<li data-start=\"2348\" data-end=\"2409\">\n<p data-start=\"2350\" data-end=\"2409\">Perfeito para oficinas automotivas, instaladores e entusiastas<\/p>\n<\/li>\n<\/ul>\n<h2 data-start=\"2411\" data-end=\"2432\">Inclui no pacote<\/h2>\n<ul data-start=\"2433\" data-end=\"2541\">\n<li data-start=\"2433\" data-end=\"2472\">\n<p data-start=\"2435\" data-end=\"2472\">1 Rolo de Vinil TPU PPF Vermelho Ferrari<\/p>\n<\/li>\n<li data-start=\"2473\" data-end=\"2541\">\n<p data-start=\"2475\" data-end=\"2541\">Kit de instala\u00e7\u00e3o opcional: esp\u00e1tula, l\u00e2mina, pano de microfibra<\/p>\n<\/li>\n<\/ul>\n<h2 data-start=\"2543\" data-end=\"2572\">Por que escolher este produto?<\/h2>\n<p data-start=\"2573\" data-end=\"2851\">Este direto da f\u00e1brica <strong data-start=\"2593\" data-end=\"2609\">envolt\u00f3rio ppf para carro<\/strong> oferece prote\u00e7\u00e3o de n\u00edvel profissional, acabamento brilhante na cor Vermelho Ferrari e desempenho duradouro. Totalmente personaliz\u00e1vel para pedidos em grande quantidade ou individuais, ideal para instaladores, atacadistas e empresas que oferecem solu\u00e7\u00f5es de prote\u00e7\u00e3o de pintura premium.<\/p>","protected":false},"excerpt":{"rendered":"<p>Proteja seu ve\u00edculo com este filme de envelopamento de alta qualidade \u2013 filme TPU PPF Vermelho Ferrari com tecnologia de autorrecupera\u00e7\u00e3o, anti-risco e prote\u00e7\u00e3o colorida. Fornecimento direto da f\u00e1brica, totalmente personaliz\u00e1vel para pedidos em grande quantidade. Ideal para instaladores profissionais, oficinas automotivas e entusiastas que buscam prote\u00e7\u00e3o de pintura de alta qualidade.<\/p>","protected":false},"featured_media":9232,"comment_status":"open","ping_status":"closed","template":"","meta":[],"product_brand":[],"product_cat":[216],"product_tag":[],"class_list":{"0":"post-9231","1":"product","2":"type-product","3":"status-publish","4":"has-post-thumbnail","6":"product_cat-colored-ppf","8":"first","9":"instock","10":"shipping-taxable","11":"product-type-simple"},"_links":{"self":[{"href":"https:\/\/www.carliseppf.com\/pt\/wp-json\/wp\/v2\/product\/9231","targetHints":{"allow":["GET"]}}],"collection":[{"href":"https:\/\/www.carliseppf.com\/pt\/wp-json\/wp\/v2\/product"}],"about":[{"href":"https:\/\/www.carliseppf.com\/pt\/wp-json\/wp\/v2\/types\/product"}],"replies":[{"embeddable":true,"href":"https:\/\/www.carliseppf.com\/pt\/wp-json\/wp\/v2\/comments?post=9231"}],"wp:featuredmedia":[{"embeddable":true,"href":"https:\/\/www.carliseppf.com\/pt\/wp-json\/wp\/v2\/media\/9232"}],"wp:attachment":[{"href":"https:\/\/www.carliseppf.com\/pt\/wp-json\/wp\/v2\/media?parent=9231"}],"wp:term":[{"taxonomy":"product_brand","embeddable":true,"href":"https:\/\/www.carliseppf.com\/pt\/wp-json\/wp\/v2\/product_brand?post=9231"},{"taxonomy":"product_cat","embeddable":true,"href":"https:\/\/www.carliseppf.com\/pt\/wp-json\/wp\/v2\/product_cat?post=9231"},{"taxonomy":"product_tag","embeddable":true,"href":"https:\/\/www.carliseppf.com\/pt\/wp-json\/wp\/v2\/product_tag?post=9231"}],"curies":[{"name":"wp","href":"https:\/\/api.w.org\/{rel}","templated":true}]}}