{"id":9237,"date":"2025-10-28T03:24:47","date_gmt":"2025-10-28T03:24:47","guid":{"rendered":"https:\/\/www.carliseppf.com\/?post_type=product&#038;p=9237"},"modified":"2025-11-21T02:51:28","modified_gmt":"2025-11-21T02:51:28","slug":"tinted-window-film-for-home-blue","status":"publish","type":"product","link":"https:\/\/www.carliseppf.com\/pt\/product\/tinted-window-film-for-home-blue\/","title":{"rendered":"Filme Reflexivo de Espelho de Metal Azul de 2mil \u2013 Filme de Janela Tinta para Resid\u00eancias"},"content":{"rendered":"<h2 data-start=\"764\" data-end=\"783\">Vis\u00e3o Geral do Produto<\/h2>\n<p data-start=\"785\" data-end=\"1076\">Este filme premium <strong data-start=\"798\" data-end=\"829\">filme de janela tintada para resid\u00eancias<\/strong> utiliza uma camada refletiva de espelho met\u00e1lico azul de 2mil para fornecer rejei\u00e7\u00e3o de calor eficaz, privacidade interior e prote\u00e7\u00e3o contra UV. \u00c9 perfeito para janelas residenciais, edif\u00edcios de escrit\u00f3rios, sol\u00e1rios e paredes de vidro que requerem uma apar\u00eancia refletiva elegante.<\/p>\n<h2 data-start=\"1078\" data-end=\"1100\">Recursos &amp; Benef\u00edcios<\/h2>\n<ul data-start=\"1102\" data-end=\"1455\">\n<li data-start=\"1102\" data-end=\"1154\">\n<p data-start=\"1104\" data-end=\"1154\">Alto desempenho <strong data-start=\"1121\" data-end=\"1152\">filme de janela tintada para resid\u00eancias<\/strong><\/p>\n<\/li>\n<li data-start=\"1155\" data-end=\"1224\">\n<p data-start=\"1157\" data-end=\"1224\">espessura de 2mil para resist\u00eancia, durabilidade e clareza duradoura<\/p>\n<\/li>\n<li data-start=\"1225\" data-end=\"1285\">\n<p data-start=\"1227\" data-end=\"1285\">Acabamento de espelho refletivo azul para privacidade durante o dia<\/p>\n<\/li>\n<li data-start=\"1286\" data-end=\"1330\">\n<p data-start=\"1288\" data-end=\"1330\">Reduz calor, ofuscamento e raios UV nocivos<\/p>\n<\/li>\n<li data-start=\"1331\" data-end=\"1380\">\n<p data-start=\"1333\" data-end=\"1380\">Estrutura autoadesiva para instala\u00e7\u00e3o f\u00e1cil<\/p>\n<\/li>\n<li data-start=\"1381\" data-end=\"1455\">\n<p data-start=\"1383\" data-end=\"1455\">Ideal para tintura completa de casas, melhorias em ambientes e economia de energia em edif\u00edcios<\/p>\n<\/li>\n<\/ul>\n<h2 data-start=\"1457\" data-end=\"1478\">Material e Qualidade<\/h2>\n<ul data-start=\"1480\" data-end=\"1679\">\n<li data-start=\"1480\" data-end=\"1509\">\n<p data-start=\"1482\" data-end=\"1509\">Material base de PET dur\u00e1vel<\/p>\n<\/li>\n<li data-start=\"1510\" data-end=\"1569\">\n<p data-start=\"1512\" data-end=\"1569\">Revestimento refletivo metalizado para m\u00e1xima rejei\u00e7\u00e3o de calor<\/p>\n<\/li>\n<li data-start=\"1570\" data-end=\"1594\">\n<p data-start=\"1572\" data-end=\"1594\">Superf\u00edcie anti-risco<\/p>\n<\/li>\n<li data-start=\"1595\" data-end=\"1629\">\n<p data-start=\"1597\" data-end=\"1629\">Cor est\u00e1vel, n\u00e3o desbota facilmente<\/p>\n<\/li>\n<li data-start=\"1630\" data-end=\"1679\">\n<p data-start=\"1632\" data-end=\"1679\">Seguro para todas as janelas de vidro internas e externas<\/p>\n<\/li>\n<\/ul>\n<h2 data-start=\"1681\" data-end=\"1712\">Instala\u00e7\u00e3o &amp; Personaliza\u00e7\u00e3o<\/h2>\n<ul data-start=\"1714\" data-end=\"1950\">\n<li data-start=\"1714\" data-end=\"1773\">\n<p data-start=\"1716\" data-end=\"1773\">Design autoadesivo para instala\u00e7\u00e3o r\u00e1pida e sem bolhas<\/p>\n<\/li>\n<li data-start=\"1774\" data-end=\"1830\">\n<p data-start=\"1776\" data-end=\"1830\">Suporta corte em tamanhos personalizados para instaladores dom\u00e9sticos<\/p>\n<\/li>\n<li data-start=\"1831\" data-end=\"1889\">\n<p data-start=\"1833\" data-end=\"1889\">Dispon\u00edvel para compra em atacado ou personaliza\u00e7\u00e3o de marca OEM<\/p>\n<\/li>\n<li data-start=\"1890\" data-end=\"1950\">\n<p data-start=\"1892\" data-end=\"1950\">Adequado para contratantes profissionais e propriet\u00e1rios que fazem DIY<\/p>\n<\/li>\n<\/ul>\n<h2 data-start=\"1952\" data-end=\"1967\">Aplica\u00e7\u00f5es<\/h2>\n<ul data-start=\"1969\" data-end=\"2161\">\n<li data-start=\"1969\" data-end=\"2018\">\n<p data-start=\"1971\" data-end=\"2018\">Janelas de casas (sala de estar, quarto, cozinha)<\/p>\n<\/li>\n<li data-start=\"2019\" data-end=\"2060\">\n<p data-start=\"2021\" data-end=\"2060\">Pr\u00e9dios de apartamentos e vidro de varandas<\/p>\n<\/li>\n<li data-start=\"2061\" data-end=\"2101\">\n<p data-start=\"2063\" data-end=\"2101\">Divis\u00f3rias de vidro de escrit\u00f3rios e sol\u00e1rios<\/p>\n<\/li>\n<li data-start=\"2102\" data-end=\"2161\">\n<p data-start=\"2104\" data-end=\"2161\">Lojas comerciais que necessitam de controle de calor e privacidade<\/p>\n<\/li>\n<\/ul>\n<h2 data-start=\"2163\" data-end=\"2180\">Vantagens principais<\/h2>\n<ul data-start=\"2182\" data-end=\"2387\">\n<li data-start=\"2182\" data-end=\"2230\">\n<p data-start=\"2184\" data-end=\"2230\">Fornecimento direto da f\u00e1brica com pre\u00e7os por atacado<\/p>\n<\/li>\n<li data-start=\"2231\" data-end=\"2285\">\n<p data-start=\"2233\" data-end=\"2285\">De grau profissional <strong data-start=\"2252\" data-end=\"2283\">filme de janela tintada para resid\u00eancias<\/strong><\/p>\n<\/li>\n<li data-start=\"2286\" data-end=\"2341\">\n<p data-start=\"2288\" data-end=\"2341\">Desempenho de economia de energia ao reduzir a transfer\u00eancia de calor<\/p>\n<\/li>\n<li data-start=\"2342\" data-end=\"2387\">\n<p data-start=\"2344\" data-end=\"2387\">Melhora o conforto interno e reduz o ofuscamento<\/p>\n<\/li>\n<\/ul>\n<h2 data-start=\"2389\" data-end=\"2408\">Inclui no pacote<\/h2>\n<ul data-start=\"2410\" data-end=\"2523\">\n<li data-start=\"2410\" data-end=\"2462\">\n<p data-start=\"2412\" data-end=\"2462\">1 Rolo de Filme Reflexivo Azul Metalizado de 2mil<\/p>\n<\/li>\n<li data-start=\"2463\" data-end=\"2523\">\n<p data-start=\"2465\" data-end=\"2523\">Ferramentas opcionais: esp\u00e1tula, estilete, pano de microfibra<\/p>\n<\/li>\n<\/ul>\n<h2 data-start=\"2525\" data-end=\"2552\">Por que escolher este produto?<\/h2>\n<p data-start=\"2554\" data-end=\"2846\">Este filme de alta qualidade <strong data-start=\"2572\" data-end=\"2603\">filme de janela tintada para resid\u00eancias<\/strong> melhora a privacidade, bloqueia raios UV e reduz o calor interno, al\u00e9m de conferir \u00e0s suas janelas uma apar\u00eancia moderna refletiva azul. \u00c9 ideal para propriet\u00e1rios, empreiteiros e distribuidores que buscam materiais dur\u00e1veis e eficazes para pel\u00edculas de janelas.<\/p>\n<p><img fetchpriority=\"high\" decoding=\"async\" class=\"alignnone wp-image-9238 size-full\" src=\"https:\/\/www.carliseppf.com\/wp-content\/uploads\/2025\/10\/21c2474754971abd3a65c3f8ad26a494.png\" alt=\"filme de janela com tonalidade azul para instala\u00e7\u00e3o residencial\" width=\"800\" height=\"800\" srcset=\"https:\/\/www.carliseppf.com\/wp-content\/uploads\/2025\/10\/21c2474754971abd3a65c3f8ad26a494.png 800w, https:\/\/www.carliseppf.com\/wp-content\/uploads\/2025\/10\/21c2474754971abd3a65c3f8ad26a494-300x300.png 300w, https:\/\/www.carliseppf.com\/wp-content\/uploads\/2025\/10\/21c2474754971abd3a65c3f8ad26a494-150x150.png 150w, https:\/\/www.carliseppf.com\/wp-content\/uploads\/2025\/10\/21c2474754971abd3a65c3f8ad26a494-768x768.png 768w, https:\/\/www.carliseppf.com\/wp-content\/uploads\/2025\/10\/21c2474754971abd3a65c3f8ad26a494-370x370.png 370w, https:\/\/www.carliseppf.com\/wp-content\/uploads\/2025\/10\/21c2474754971abd3a65c3f8ad26a494-120x120.png 120w, https:\/\/www.carliseppf.com\/wp-content\/uploads\/2025\/10\/21c2474754971abd3a65c3f8ad26a494-410x410.png 410w, https:\/\/www.carliseppf.com\/wp-content\/uploads\/2025\/10\/21c2474754971abd3a65c3f8ad26a494-630x630.png 630w, https:\/\/www.carliseppf.com\/wp-content\/uploads\/2025\/10\/21c2474754971abd3a65c3f8ad26a494-730x730.png 730w, https:\/\/www.carliseppf.com\/wp-content\/uploads\/2025\/10\/21c2474754971abd3a65c3f8ad26a494-460x460.png 460w\" sizes=\"(max-width: 800px) 100vw, 800px\" \/><img decoding=\"async\" class=\"alignnone wp-image-9240 size-full\" src=\"https:\/\/www.carliseppf.com\/wp-content\/uploads\/2025\/10\/9b3864f3bb428a8f203f9cbce2f171c5.png\" alt=\"filme refletivo de janela com tonalidade para redu\u00e7\u00e3o de calor residencial\" width=\"800\" height=\"800\" srcset=\"https:\/\/www.carliseppf.com\/wp-content\/uploads\/2025\/10\/9b3864f3bb428a8f203f9cbce2f171c5.png 800w, https:\/\/www.carliseppf.com\/wp-content\/uploads\/2025\/10\/9b3864f3bb428a8f203f9cbce2f171c5-300x300.png 300w, https:\/\/www.carliseppf.com\/wp-content\/uploads\/2025\/10\/9b3864f3bb428a8f203f9cbce2f171c5-150x150.png 150w, https:\/\/www.carliseppf.com\/wp-content\/uploads\/2025\/10\/9b3864f3bb428a8f203f9cbce2f171c5-768x768.png 768w, https:\/\/www.carliseppf.com\/wp-content\/uploads\/2025\/10\/9b3864f3bb428a8f203f9cbce2f171c5-370x370.png 370w, https:\/\/www.carliseppf.com\/wp-content\/uploads\/2025\/10\/9b3864f3bb428a8f203f9cbce2f171c5-120x120.png 120w, https:\/\/www.carliseppf.com\/wp-content\/uploads\/2025\/10\/9b3864f3bb428a8f203f9cbce2f171c5-410x410.png 410w, https:\/\/www.carliseppf.com\/wp-content\/uploads\/2025\/10\/9b3864f3bb428a8f203f9cbce2f171c5-630x630.png 630w, https:\/\/www.carliseppf.com\/wp-content\/uploads\/2025\/10\/9b3864f3bb428a8f203f9cbce2f171c5-730x730.png 730w, https:\/\/www.carliseppf.com\/wp-content\/uploads\/2025\/10\/9b3864f3bb428a8f203f9cbce2f171c5-460x460.png 460w\" sizes=\"(max-width: 800px) 100vw, 800px\" \/> <img decoding=\"async\" class=\"alignnone wp-image-9241 size-full\" src=\"https:\/\/www.carliseppf.com\/wp-content\/uploads\/2025\/10\/5721d5f39a690d6b6ccea21ad76a74a8.png\" alt=\"filme de janela com tonalidade azul refletiva para privacidade residencial\" width=\"800\" height=\"800\" srcset=\"https:\/\/www.carliseppf.com\/wp-content\/uploads\/2025\/10\/5721d5f39a690d6b6ccea21ad76a74a8.png 800w, https:\/\/www.carliseppf.com\/wp-content\/uploads\/2025\/10\/5721d5f39a690d6b6ccea21ad76a74a8-300x300.png 300w, https:\/\/www.carliseppf.com\/wp-content\/uploads\/2025\/10\/5721d5f39a690d6b6ccea21ad76a74a8-150x150.png 150w, https:\/\/www.carliseppf.com\/wp-content\/uploads\/2025\/10\/5721d5f39a690d6b6ccea21ad76a74a8-768x768.png 768w, https:\/\/www.carliseppf.com\/wp-content\/uploads\/2025\/10\/5721d5f39a690d6b6ccea21ad76a74a8-370x370.png 370w, https:\/\/www.carliseppf.com\/wp-content\/uploads\/2025\/10\/5721d5f39a690d6b6ccea21ad76a74a8-120x120.png 120w, https:\/\/www.carliseppf.com\/wp-content\/uploads\/2025\/10\/5721d5f39a690d6b6ccea21ad76a74a8-410x410.png 410w, https:\/\/www.carliseppf.com\/wp-content\/uploads\/2025\/10\/5721d5f39a690d6b6ccea21ad76a74a8-630x630.png 630w, https:\/\/www.carliseppf.com\/wp-content\/uploads\/2025\/10\/5721d5f39a690d6b6ccea21ad76a74a8-730x730.png 730w, https:\/\/www.carliseppf.com\/wp-content\/uploads\/2025\/10\/5721d5f39a690d6b6ccea21ad76a74a8-460x460.png 460w\" sizes=\"(max-width: 800px) 100vw, 800px\" \/> <img loading=\"lazy\" decoding=\"async\" class=\"alignnone wp-image-9242 size-full\" src=\"https:\/\/www.carliseppf.com\/wp-content\/uploads\/2025\/10\/decb15c6ed8229b31b65ca884eace8d1.png\" alt=\"vidro residencial com filme de janela com tonalidade azul refletiva para resid\u00eancia\" width=\"800\" height=\"800\" srcset=\"https:\/\/www.carliseppf.com\/wp-content\/uploads\/2025\/10\/decb15c6ed8229b31b65ca884eace8d1.png 800w, https:\/\/www.carliseppf.com\/wp-content\/uploads\/2025\/10\/decb15c6ed8229b31b65ca884eace8d1-300x300.png 300w, https:\/\/www.carliseppf.com\/wp-content\/uploads\/2025\/10\/decb15c6ed8229b31b65ca884eace8d1-150x150.png 150w, https:\/\/www.carliseppf.com\/wp-content\/uploads\/2025\/10\/decb15c6ed8229b31b65ca884eace8d1-768x768.png 768w, https:\/\/www.carliseppf.com\/wp-content\/uploads\/2025\/10\/decb15c6ed8229b31b65ca884eace8d1-370x370.png 370w, https:\/\/www.carliseppf.com\/wp-content\/uploads\/2025\/10\/decb15c6ed8229b31b65ca884eace8d1-120x120.png 120w, https:\/\/www.carliseppf.com\/wp-content\/uploads\/2025\/10\/decb15c6ed8229b31b65ca884eace8d1-410x410.png 410w, https:\/\/www.carliseppf.com\/wp-content\/uploads\/2025\/10\/decb15c6ed8229b31b65ca884eace8d1-630x630.png 630w, https:\/\/www.carliseppf.com\/wp-content\/uploads\/2025\/10\/decb15c6ed8229b31b65ca884eace8d1-730x730.png 730w, https:\/\/www.carliseppf.com\/wp-content\/uploads\/2025\/10\/decb15c6ed8229b31b65ca884eace8d1-460x460.png 460w\" sizes=\"(max-width: 800px) 100vw, 800px\" \/><\/p>","protected":false},"excerpt":{"rendered":"<p>Alta qualidade <strong data-start=\"485\" data-end=\"516\">filme de janela tintada para resid\u00eancias<\/strong> feito com material refletivo de espelho met\u00e1lico azul de 2mil de espessura. Projetado para isolamento t\u00e9rmico, prote\u00e7\u00e3o de privacidade e bloqueio de UV. Ideal para edif\u00edcios residenciais, escrit\u00f3rios e espa\u00e7os comerciais, suportando tamanhos de rolo por atacado e personalizados.<\/p>","protected":false},"featured_media":9239,"comment_status":"open","ping_status":"closed","template":"","meta":[],"product_brand":[],"product_cat":[218],"product_tag":[],"class_list":{"0":"post-9237","1":"product","2":"type-product","3":"status-publish","4":"has-post-thumbnail","6":"product_cat-architectural-window-film","8":"first","9":"instock","10":"shipping-taxable","11":"product-type-simple"},"_links":{"self":[{"href":"https:\/\/www.carliseppf.com\/pt\/wp-json\/wp\/v2\/product\/9237","targetHints":{"allow":["GET"]}}],"collection":[{"href":"https:\/\/www.carliseppf.com\/pt\/wp-json\/wp\/v2\/product"}],"about":[{"href":"https:\/\/www.carliseppf.com\/pt\/wp-json\/wp\/v2\/types\/product"}],"replies":[{"embeddable":true,"href":"https:\/\/www.carliseppf.com\/pt\/wp-json\/wp\/v2\/comments?post=9237"}],"wp:featuredmedia":[{"embeddable":true,"href":"https:\/\/www.carliseppf.com\/pt\/wp-json\/wp\/v2\/media\/9239"}],"wp:attachment":[{"href":"https:\/\/www.carliseppf.com\/pt\/wp-json\/wp\/v2\/media?parent=9237"}],"wp:term":[{"taxonomy":"product_brand","embeddable":true,"href":"https:\/\/www.carliseppf.com\/pt\/wp-json\/wp\/v2\/product_brand?post=9237"},{"taxonomy":"product_cat","embeddable":true,"href":"https:\/\/www.carliseppf.com\/pt\/wp-json\/wp\/v2\/product_cat?post=9237"},{"taxonomy":"product_tag","embeddable":true,"href":"https:\/\/www.carliseppf.com\/pt\/wp-json\/wp\/v2\/product_tag?post=9237"}],"curies":[{"name":"wp","href":"https:\/\/api.w.org\/{rel}","templated":true}]}}