{"id":9243,"date":"2025-10-28T03:29:17","date_gmt":"2025-10-28T03:29:17","guid":{"rendered":"https:\/\/www.carliseppf.com\/?post_type=product&#038;p=9243"},"modified":"2025-11-21T02:46:36","modified_gmt":"2025-11-21T02:46:36","slug":"commercial-window-tint-golden-film","status":"publish","type":"product","link":"https:\/\/www.carliseppf.com\/pt\/product\/commercial-window-tint-golden-film\/","title":{"rendered":"Filme Reflexivo de Espelho de Metal Dourado de 2mil \u2013 Solu\u00e7\u00e3o de Tinta para Janelas Comerciais"},"content":{"rendered":"<h2 data-start=\"764\" data-end=\"783\">Vis\u00e3o Geral do Produto<\/h2>\n<p data-start=\"785\" data-end=\"1163\">Este <strong data-start=\"790\" data-end=\"816\">tinta para janelas comerciais<\/strong> \u00e9 projetado com um revestimento de espelho met\u00e1lico dourado de 2mil, proporcionando refletividade excepcional, isolamento t\u00e9rmico e privacidade para edif\u00edcios comerciais. Ideal para torres de escrit\u00f3rios, lojas de varejo, paredes de vidro e resid\u00eancias que buscam desempenho de economia de energia. Sua base autoadesiva garante instala\u00e7\u00e3o r\u00e1pida e eficiente em grandes superf\u00edcies de vidro.<\/p>\n<h2 style=\"color: #ffffff; font-family: Manrope, sans-serif; font-size: 47.005px; font-weight: 600; font-style: normal; line-height: 47.9921px; text-decoration: none; text-transform: none; letter-spacing: normal; margin-top: 31.4934px; margin-bottom: 22.5624px; outline: 0px;\" data-start=\"1170\" data-end=\"1192\"><img fetchpriority=\"high\" decoding=\"async\" class=\"alignnone wp-image-9238 size-full\" style=\"color: #c0c0c1; font-size: 17px; font-weight: 400;\" src=\"https:\/\/www.carliseppf.com\/wp-content\/uploads\/2025\/10\/21c2474754971abd3a65c3f8ad26a494.png\" alt=\"instala\u00e7\u00e3o de filme refletivo dourado para janelas comerciais\" width=\"800\" height=\"800\" srcset=\"https:\/\/www.carliseppf.com\/wp-content\/uploads\/2025\/10\/21c2474754971abd3a65c3f8ad26a494.png 800w, https:\/\/www.carliseppf.com\/wp-content\/uploads\/2025\/10\/21c2474754971abd3a65c3f8ad26a494-300x300.png 300w, https:\/\/www.carliseppf.com\/wp-content\/uploads\/2025\/10\/21c2474754971abd3a65c3f8ad26a494-150x150.png 150w, https:\/\/www.carliseppf.com\/wp-content\/uploads\/2025\/10\/21c2474754971abd3a65c3f8ad26a494-768x768.png 768w, https:\/\/www.carliseppf.com\/wp-content\/uploads\/2025\/10\/21c2474754971abd3a65c3f8ad26a494-370x370.png 370w, https:\/\/www.carliseppf.com\/wp-content\/uploads\/2025\/10\/21c2474754971abd3a65c3f8ad26a494-120x120.png 120w, https:\/\/www.carliseppf.com\/wp-content\/uploads\/2025\/10\/21c2474754971abd3a65c3f8ad26a494-410x410.png 410w, https:\/\/www.carliseppf.com\/wp-content\/uploads\/2025\/10\/21c2474754971abd3a65c3f8ad26a494-630x630.png 630w, https:\/\/www.carliseppf.com\/wp-content\/uploads\/2025\/10\/21c2474754971abd3a65c3f8ad26a494-730x730.png 730w, https:\/\/www.carliseppf.com\/wp-content\/uploads\/2025\/10\/21c2474754971abd3a65c3f8ad26a494-460x460.png 460w\" sizes=\"(max-width: 800px) 100vw, 800px\" \/><\/h2>\n<hr data-start=\"1165\" data-end=\"1168\" \/>\n<h2 data-start=\"1170\" data-end=\"1192\">Recursos &amp; Benef\u00edcios<\/h2>\n<ul data-start=\"1194\" data-end=\"1582\">\n<li data-start=\"1194\" data-end=\"1253\">\n<p data-start=\"1196\" data-end=\"1253\">Alto desempenho <strong data-start=\"1213\" data-end=\"1239\">tinta para janelas comerciais<\/strong> para edif\u00edcios<\/p>\n<\/li>\n<li data-start=\"1254\" data-end=\"1309\">\n<p data-start=\"1256\" data-end=\"1309\">espessura de 2mil com refletividade de espelho met\u00e1lico dourado<\/p>\n<\/li>\n<li data-start=\"1310\" data-end=\"1363\">\n<p data-start=\"1312\" data-end=\"1363\">Forte rejei\u00e7\u00e3o de calor para temperaturas internas mais baixas<\/p>\n<\/li>\n<li data-start=\"1364\" data-end=\"1417\">\n<p data-start=\"1366\" data-end=\"1417\">Excelente privacidade diurna e capacidade anti-ofuscamento<\/p>\n<\/li>\n<li data-start=\"1418\" data-end=\"1479\">\n<p data-start=\"1420\" data-end=\"1479\">Bloqueia raios UV nocivos para proteger interiores e mobili\u00e1rio<\/p>\n<\/li>\n<li data-start=\"1480\" data-end=\"1525\">\n<p data-start=\"1482\" data-end=\"1525\">Base autoadesiva para instala\u00e7\u00e3o f\u00e1cil<\/p>\n<\/li>\n<li data-start=\"1526\" data-end=\"1582\">\n<p data-start=\"1528\" data-end=\"1582\">Adequado para grandes projetos comerciais e residenciais<\/p>\n<\/li>\n<\/ul>\n<hr data-start=\"1584\" data-end=\"1587\" \/>\n<h2 data-start=\"1589\" data-end=\"1610\">Material e Qualidade<\/h2>\n<ul data-start=\"1612\" data-end=\"1825\">\n<li data-start=\"1612\" data-end=\"1652\">\n<p data-start=\"1614\" data-end=\"1652\">Estrutura de PET metalizado dur\u00e1vel de 2mil<\/p>\n<\/li>\n<li data-start=\"1653\" data-end=\"1703\">\n<p data-start=\"1655\" data-end=\"1703\">Revestimento refletivo dourado para est\u00e9tica premium<\/p>\n<\/li>\n<li data-start=\"1704\" data-end=\"1757\">\n<p data-start=\"1706\" data-end=\"1757\">Ades\u00e3o duradoura com superf\u00edcie resistente ao desbotamento<\/p>\n<\/li>\n<li data-start=\"1758\" data-end=\"1825\">\n<p data-start=\"1760\" data-end=\"1825\">Desempenho resistente \u00e0s condi\u00e7\u00f5es clim\u00e1ticas para aplica\u00e7\u00f5es internas e externas<\/p>\n<\/li>\n<\/ul>\n<hr data-start=\"1827\" data-end=\"1830\" \/>\n<h2 data-start=\"1832\" data-end=\"1863\">Instala\u00e7\u00e3o &amp; Personaliza\u00e7\u00e3o<\/h2>\n<ul data-start=\"1865\" data-end=\"2111\">\n<li data-start=\"1865\" data-end=\"1917\">\n<p data-start=\"1867\" data-end=\"1917\">Design autoadesivo\u2014n\u00e3o requer cola adicional<\/p>\n<\/li>\n<li data-start=\"1918\" data-end=\"1984\">\n<p data-start=\"1920\" data-end=\"1984\">Aplica\u00e7\u00e3o suave para paredes de vidro, janelas de escrit\u00f3rios, fachadas de lojas<\/p>\n<\/li>\n<li data-start=\"1985\" data-end=\"2046\">\n<p data-start=\"1987\" data-end=\"2046\">Pode ser cortado em tamanhos personalizados para grandes projetos de engenharia<\/p>\n<\/li>\n<li data-start=\"2047\" data-end=\"2111\">\n<p data-start=\"2049\" data-end=\"2111\">Ideal para empreiteiros e instaladores de constru\u00e7\u00e3o comercial<\/p>\n<\/li>\n<\/ul>\n<hr data-start=\"2113\" data-end=\"2116\" \/>\n<h2 data-start=\"2118\" data-end=\"2133\">Aplica\u00e7\u00f5es<\/h2>\n<p data-start=\"2135\" data-end=\"2183\">Este <strong data-start=\"2140\" data-end=\"2166\">tinta para janelas comerciais<\/strong> \u00e9 adequado para\uff1a<\/p>\n<ul data-start=\"2185\" data-end=\"2379\">\n<li data-start=\"2185\" data-end=\"2212\">\n<p data-start=\"2187\" data-end=\"2212\">janelas de edif\u00edcios comerciais<\/p>\n<\/li>\n<li data-start=\"2213\" data-end=\"2236\">\n<p data-start=\"2215\" data-end=\"2236\">Paredes de vidro com cortina<\/p>\n<\/li>\n<li data-start=\"2237\" data-end=\"2265\">\n<p data-start=\"2239\" data-end=\"2265\">Janelas residenciais<\/p>\n<\/li>\n<li data-start=\"2266\" data-end=\"2288\">\n<p data-start=\"2268\" data-end=\"2288\">Vitrines comerciais<\/p>\n<\/li>\n<li data-start=\"2289\" data-end=\"2324\">\n<p data-start=\"2291\" data-end=\"2324\">Instala\u00e7\u00f5es hoteleiras e comerciais<\/p>\n<\/li>\n<li data-start=\"2325\" data-end=\"2379\">\n<p data-start=\"2327\" data-end=\"2379\">Salas de sol, varandas e divis\u00f3rias de vidro internas<\/p>\n<\/li>\n<\/ul>\n<hr data-start=\"2381\" data-end=\"2384\" \/>\n<h2 data-start=\"2386\" data-end=\"2403\">Vantagens principais<\/h2>\n<ul data-start=\"2405\" data-end=\"2655\">\n<li data-start=\"2405\" data-end=\"2461\">\n<p data-start=\"2407\" data-end=\"2461\">Melhora a apar\u00eancia do edif\u00edcio com efeito de espelho dourado<\/p>\n<\/li>\n<li data-start=\"2462\" data-end=\"2514\">\n<p data-start=\"2464\" data-end=\"2514\">Reduz o custo de energia ao diminuir a transmiss\u00e3o de calor<\/p>\n<\/li>\n<li data-start=\"2515\" data-end=\"2558\">\n<p data-start=\"2517\" data-end=\"2558\">Protege a privacidade com alta refletividade<\/p>\n<\/li>\n<li data-start=\"2559\" data-end=\"2605\">\n<p data-start=\"2561\" data-end=\"2605\">Excelente durabilidade e resist\u00eancia \u00e0s condi\u00e7\u00f5es clim\u00e1ticas<\/p>\n<\/li>\n<li data-start=\"2606\" data-end=\"2655\">\n<p data-start=\"2608\" data-end=\"2655\">Fornecimento direto da f\u00e1brica para pedidos em grande quantidade e OEM<\/p>\n<\/li>\n<\/ul>\n<hr data-start=\"2657\" data-end=\"2660\" \/>\n<h2 data-start=\"2662\" data-end=\"2681\">Inclui no pacote<\/h2>\n<ul data-start=\"2683\" data-end=\"2809\">\n<li data-start=\"2683\" data-end=\"2737\">\n<p data-start=\"2685\" data-end=\"2737\">1 Rolo de Filme Reflexivo de Espelho Met\u00e1lico Dourado de 2mil<\/p>\n<\/li>\n<li data-start=\"2738\" data-end=\"2809\">\n<p data-start=\"2740\" data-end=\"2809\">Ferramentas opcionais: esp\u00e1tula, l\u00e2mina de corte, spray de instala\u00e7\u00e3o<\/p>\n<\/li>\n<\/ul>\n<hr data-start=\"2811\" data-end=\"2814\" \/>\n<h2 data-start=\"2816\" data-end=\"2843\">Por que escolher este produto?<\/h2>\n<p data-start=\"2845\" data-end=\"3124\">Este filme premium <strong data-start=\"2858\" data-end=\"2884\">tinta para janelas comerciais<\/strong> oferece uma combina\u00e7\u00e3o de refletividade dourada elegante, controle de calor eficiente e desempenho duradouro. \u00c9 projetado para arquitetos, empreiteiros e instaladores comerciais que buscam solu\u00e7\u00f5es confi\u00e1veis e visualmente impressionantes de filme para janelas.<\/p>\n<p>\u00a0<img decoding=\"async\" class=\"alignnone wp-image-9240 size-full\" src=\"https:\/\/www.carliseppf.com\/wp-content\/uploads\/2025\/10\/9b3864f3bb428a8f203f9cbce2f171c5.png\" alt=\"Filme refletivo met\u00e1lico de 2mil para janelas comerciais para edif\u00edcios\" width=\"800\" height=\"800\" srcset=\"https:\/\/www.carliseppf.com\/wp-content\/uploads\/2025\/10\/9b3864f3bb428a8f203f9cbce2f171c5.png 800w, https:\/\/www.carliseppf.com\/wp-content\/uploads\/2025\/10\/9b3864f3bb428a8f203f9cbce2f171c5-300x300.png 300w, https:\/\/www.carliseppf.com\/wp-content\/uploads\/2025\/10\/9b3864f3bb428a8f203f9cbce2f171c5-150x150.png 150w, https:\/\/www.carliseppf.com\/wp-content\/uploads\/2025\/10\/9b3864f3bb428a8f203f9cbce2f171c5-768x768.png 768w, https:\/\/www.carliseppf.com\/wp-content\/uploads\/2025\/10\/9b3864f3bb428a8f203f9cbce2f171c5-370x370.png 370w, https:\/\/www.carliseppf.com\/wp-content\/uploads\/2025\/10\/9b3864f3bb428a8f203f9cbce2f171c5-120x120.png 120w, https:\/\/www.carliseppf.com\/wp-content\/uploads\/2025\/10\/9b3864f3bb428a8f203f9cbce2f171c5-410x410.png 410w, https:\/\/www.carliseppf.com\/wp-content\/uploads\/2025\/10\/9b3864f3bb428a8f203f9cbce2f171c5-630x630.png 630w, https:\/\/www.carliseppf.com\/wp-content\/uploads\/2025\/10\/9b3864f3bb428a8f203f9cbce2f171c5-730x730.png 730w, https:\/\/www.carliseppf.com\/wp-content\/uploads\/2025\/10\/9b3864f3bb428a8f203f9cbce2f171c5-460x460.png 460w\" sizes=\"(max-width: 800px) 100vw, 800px\" \/> <img decoding=\"async\" class=\"alignnone wp-image-9241 size-full\" src=\"https:\/\/www.carliseppf.com\/wp-content\/uploads\/2025\/10\/5721d5f39a690d6b6ccea21ad76a74a8.png\" alt=\"Filme de pel\u00edcula dourada para paredes de vidro comerciais\" width=\"800\" height=\"800\" srcset=\"https:\/\/www.carliseppf.com\/wp-content\/uploads\/2025\/10\/5721d5f39a690d6b6ccea21ad76a74a8.png 800w, https:\/\/www.carliseppf.com\/wp-content\/uploads\/2025\/10\/5721d5f39a690d6b6ccea21ad76a74a8-300x300.png 300w, https:\/\/www.carliseppf.com\/wp-content\/uploads\/2025\/10\/5721d5f39a690d6b6ccea21ad76a74a8-150x150.png 150w, https:\/\/www.carliseppf.com\/wp-content\/uploads\/2025\/10\/5721d5f39a690d6b6ccea21ad76a74a8-768x768.png 768w, https:\/\/www.carliseppf.com\/wp-content\/uploads\/2025\/10\/5721d5f39a690d6b6ccea21ad76a74a8-370x370.png 370w, https:\/\/www.carliseppf.com\/wp-content\/uploads\/2025\/10\/5721d5f39a690d6b6ccea21ad76a74a8-120x120.png 120w, https:\/\/www.carliseppf.com\/wp-content\/uploads\/2025\/10\/5721d5f39a690d6b6ccea21ad76a74a8-410x410.png 410w, https:\/\/www.carliseppf.com\/wp-content\/uploads\/2025\/10\/5721d5f39a690d6b6ccea21ad76a74a8-630x630.png 630w, https:\/\/www.carliseppf.com\/wp-content\/uploads\/2025\/10\/5721d5f39a690d6b6ccea21ad76a74a8-730x730.png 730w, https:\/\/www.carliseppf.com\/wp-content\/uploads\/2025\/10\/5721d5f39a690d6b6ccea21ad76a74a8-460x460.png 460w\" sizes=\"(max-width: 800px) 100vw, 800px\" \/> <img loading=\"lazy\" decoding=\"async\" class=\"alignnone wp-image-9242 size-full\" src=\"https:\/\/www.carliseppf.com\/wp-content\/uploads\/2025\/10\/decb15c6ed8229b31b65ca884eace8d1.png\" alt=\"Pel\u00edcula de economia de energia dourada met\u00e1lica para janelas comerciais\" width=\"800\" height=\"800\" srcset=\"https:\/\/www.carliseppf.com\/wp-content\/uploads\/2025\/10\/decb15c6ed8229b31b65ca884eace8d1.png 800w, https:\/\/www.carliseppf.com\/wp-content\/uploads\/2025\/10\/decb15c6ed8229b31b65ca884eace8d1-300x300.png 300w, https:\/\/www.carliseppf.com\/wp-content\/uploads\/2025\/10\/decb15c6ed8229b31b65ca884eace8d1-150x150.png 150w, https:\/\/www.carliseppf.com\/wp-content\/uploads\/2025\/10\/decb15c6ed8229b31b65ca884eace8d1-768x768.png 768w, https:\/\/www.carliseppf.com\/wp-content\/uploads\/2025\/10\/decb15c6ed8229b31b65ca884eace8d1-370x370.png 370w, https:\/\/www.carliseppf.com\/wp-content\/uploads\/2025\/10\/decb15c6ed8229b31b65ca884eace8d1-120x120.png 120w, https:\/\/www.carliseppf.com\/wp-content\/uploads\/2025\/10\/decb15c6ed8229b31b65ca884eace8d1-410x410.png 410w, https:\/\/www.carliseppf.com\/wp-content\/uploads\/2025\/10\/decb15c6ed8229b31b65ca884eace8d1-630x630.png 630w, https:\/\/www.carliseppf.com\/wp-content\/uploads\/2025\/10\/decb15c6ed8229b31b65ca884eace8d1-730x730.png 730w, https:\/\/www.carliseppf.com\/wp-content\/uploads\/2025\/10\/decb15c6ed8229b31b65ca884eace8d1-460x460.png 460w\" sizes=\"(max-width: 800px) 100vw, 800px\" \/> <img loading=\"lazy\" decoding=\"async\" class=\"alignnone wp-image-9245 size-full\" src=\"https:\/\/www.carliseppf.com\/wp-content\/uploads\/2025\/10\/68abf62cde81ee6ee7a8e9142e2f69d2.png\" alt=\"Pel\u00edcula refletiva dourada autoadesiva para escrit\u00f3rios\" width=\"800\" height=\"800\" srcset=\"https:\/\/www.carliseppf.com\/wp-content\/uploads\/2025\/10\/68abf62cde81ee6ee7a8e9142e2f69d2.png 800w, https:\/\/www.carliseppf.com\/wp-content\/uploads\/2025\/10\/68abf62cde81ee6ee7a8e9142e2f69d2-300x300.png 300w, https:\/\/www.carliseppf.com\/wp-content\/uploads\/2025\/10\/68abf62cde81ee6ee7a8e9142e2f69d2-150x150.png 150w, https:\/\/www.carliseppf.com\/wp-content\/uploads\/2025\/10\/68abf62cde81ee6ee7a8e9142e2f69d2-768x768.png 768w, https:\/\/www.carliseppf.com\/wp-content\/uploads\/2025\/10\/68abf62cde81ee6ee7a8e9142e2f69d2-370x370.png 370w, https:\/\/www.carliseppf.com\/wp-content\/uploads\/2025\/10\/68abf62cde81ee6ee7a8e9142e2f69d2-120x120.png 120w, https:\/\/www.carliseppf.com\/wp-content\/uploads\/2025\/10\/68abf62cde81ee6ee7a8e9142e2f69d2-410x410.png 410w, https:\/\/www.carliseppf.com\/wp-content\/uploads\/2025\/10\/68abf62cde81ee6ee7a8e9142e2f69d2-630x630.png 630w, https:\/\/www.carliseppf.com\/wp-content\/uploads\/2025\/10\/68abf62cde81ee6ee7a8e9142e2f69d2-730x730.png 730w, https:\/\/www.carliseppf.com\/wp-content\/uploads\/2025\/10\/68abf62cde81ee6ee7a8e9142e2f69d2-460x460.png 460w\" sizes=\"(max-width: 800px) 100vw, 800px\" \/> <img loading=\"lazy\" decoding=\"async\" class=\"alignnone size-full wp-image-9246\" src=\"https:\/\/www.carliseppf.com\/wp-content\/uploads\/2025\/10\/5250509bee433fda9bbeb24b22fe195f.png\" alt=\"\" width=\"800\" height=\"800\" srcset=\"https:\/\/www.carliseppf.com\/wp-content\/uploads\/2025\/10\/5250509bee433fda9bbeb24b22fe195f.png 800w, https:\/\/www.carliseppf.com\/wp-content\/uploads\/2025\/10\/5250509bee433fda9bbeb24b22fe195f-300x300.png 300w, https:\/\/www.carliseppf.com\/wp-content\/uploads\/2025\/10\/5250509bee433fda9bbeb24b22fe195f-150x150.png 150w, https:\/\/www.carliseppf.com\/wp-content\/uploads\/2025\/10\/5250509bee433fda9bbeb24b22fe195f-768x768.png 768w, https:\/\/www.carliseppf.com\/wp-content\/uploads\/2025\/10\/5250509bee433fda9bbeb24b22fe195f-370x370.png 370w, https:\/\/www.carliseppf.com\/wp-content\/uploads\/2025\/10\/5250509bee433fda9bbeb24b22fe195f-120x120.png 120w, https:\/\/www.carliseppf.com\/wp-content\/uploads\/2025\/10\/5250509bee433fda9bbeb24b22fe195f-410x410.png 410w, https:\/\/www.carliseppf.com\/wp-content\/uploads\/2025\/10\/5250509bee433fda9bbeb24b22fe195f-630x630.png 630w, https:\/\/www.carliseppf.com\/wp-content\/uploads\/2025\/10\/5250509bee433fda9bbeb24b22fe195f-730x730.png 730w, https:\/\/www.carliseppf.com\/wp-content\/uploads\/2025\/10\/5250509bee433fda9bbeb24b22fe195f-460x460.png 460w\" sizes=\"(max-width: 800px) 100vw, 800px\" \/><\/p>","protected":false},"excerpt":{"rendered":"<p>Premium <strong data-start=\"475\" data-end=\"501\">tinta para janelas comerciais<\/strong> com revestimento met\u00e1lico refletivo dourado de 2mil para edif\u00edcios comerciais, paredes de vidro e espa\u00e7os comerciais. Oferece forte rejei\u00e7\u00e3o de calor, privacidade e redu\u00e7\u00e3o de ofuscamento. Design autoadesivo suporta instala\u00e7\u00e3o r\u00e1pida para projetos de edif\u00edcios de grande escala.<\/p>","protected":false},"featured_media":9244,"comment_status":"open","ping_status":"closed","template":"","meta":[],"product_brand":[],"product_cat":[218],"product_tag":[],"class_list":{"0":"post-9243","1":"product","2":"type-product","3":"status-publish","4":"has-post-thumbnail","6":"product_cat-architectural-window-film","8":"first","9":"instock","10":"shipping-taxable","11":"product-type-simple"},"_links":{"self":[{"href":"https:\/\/www.carliseppf.com\/pt\/wp-json\/wp\/v2\/product\/9243","targetHints":{"allow":["GET"]}}],"collection":[{"href":"https:\/\/www.carliseppf.com\/pt\/wp-json\/wp\/v2\/product"}],"about":[{"href":"https:\/\/www.carliseppf.com\/pt\/wp-json\/wp\/v2\/types\/product"}],"replies":[{"embeddable":true,"href":"https:\/\/www.carliseppf.com\/pt\/wp-json\/wp\/v2\/comments?post=9243"}],"wp:featuredmedia":[{"embeddable":true,"href":"https:\/\/www.carliseppf.com\/pt\/wp-json\/wp\/v2\/media\/9244"}],"wp:attachment":[{"href":"https:\/\/www.carliseppf.com\/pt\/wp-json\/wp\/v2\/media?parent=9243"}],"wp:term":[{"taxonomy":"product_brand","embeddable":true,"href":"https:\/\/www.carliseppf.com\/pt\/wp-json\/wp\/v2\/product_brand?post=9243"},{"taxonomy":"product_cat","embeddable":true,"href":"https:\/\/www.carliseppf.com\/pt\/wp-json\/wp\/v2\/product_cat?post=9243"},{"taxonomy":"product_tag","embeddable":true,"href":"https:\/\/www.carliseppf.com\/pt\/wp-json\/wp\/v2\/product_tag?post=9243"}],"curies":[{"name":"wp","href":"https:\/\/api.w.org\/{rel}","templated":true}]}}