{"id":9247,"date":"2025-10-28T03:31:17","date_gmt":"2025-10-28T03:31:17","guid":{"rendered":"https:\/\/www.carliseppf.com\/?post_type=product&#038;p=9247"},"modified":"2025-11-21T02:40:34","modified_gmt":"2025-11-21T02:40:34","slug":"tinting-house-windows-green-mirror-film","status":"publish","type":"product","link":"https:\/\/www.carliseppf.com\/pt\/product\/tinting-house-windows-green-mirror-film\/","title":{"rendered":"Filme Reflexivo de Espelho de Metal Verde de 2mil \u2013 Ideal para Tinta de Janelas de Casas"},"content":{"rendered":"<h2 data-start=\"759\" data-end=\"778\">Vis\u00e3o Geral do Produto<\/h2>\n<p data-start=\"780\" data-end=\"1144\">Este <strong data-start=\"785\" data-end=\"828\">filme refletivo de metal verde de 2mil<\/strong> \u00e9 projetado especificamente para <strong data-start=\"860\" data-end=\"885\">tintura de janelas de casas<\/strong>, oferecendo um equil\u00edbrio perfeito entre controle de calor, bloqueio de UV e aumento de privacidade. O efeito de espelho verde externo reduz o calor solar e o ofuscamento, mantendo o conforto interno. Ideal para edif\u00edcios residenciais, escrit\u00f3rios, sol\u00e1rios e paredes de vidro comerciais.<\/p>\n<h2 data-start=\"1146\" data-end=\"1168\">Recursos &amp; Benef\u00edcios<\/h2>\n<ul data-start=\"1170\" data-end=\"1553\">\n<li data-start=\"1170\" data-end=\"1247\">\n<p data-start=\"1172\" data-end=\"1247\">Projetado para <strong data-start=\"1185\" data-end=\"1210\">tintura de janelas de casas<\/strong> com desempenho refletivo forte<\/p>\n<\/li>\n<li data-start=\"1248\" data-end=\"1302\">\n<p data-start=\"1250\" data-end=\"1302\">espessura de 2mil para maior durabilidade e clareza<\/p>\n<\/li>\n<li data-start=\"1303\" data-end=\"1368\">\n<p data-start=\"1305\" data-end=\"1368\">O revestimento externo de espelho de metal verde oferece privacidade diurna superior<\/p>\n<\/li>\n<li data-start=\"1369\" data-end=\"1419\">\n<p data-start=\"1371\" data-end=\"1419\">Bloqueia raios UV e reduz o ac\u00famulo de calor interno<\/p>\n<\/li>\n<li data-start=\"1420\" data-end=\"1482\">\n<p data-start=\"1422\" data-end=\"1482\">Revestimento autoadesivo para instala\u00e7\u00e3o suave e sem bolhas<\/p>\n<\/li>\n<li data-start=\"1483\" data-end=\"1553\">\n<p data-start=\"1485\" data-end=\"1553\">Adequado para projetos residenciais, de escrit\u00f3rios e de vidro arquitet\u00f4nico<\/p>\n<\/li>\n<\/ul>\n<h2 data-start=\"1555\" data-end=\"1576\">Material e Qualidade<\/h2>\n<ul data-start=\"1578\" data-end=\"1791\">\n<li data-start=\"1578\" data-end=\"1611\">\n<p data-start=\"1580\" data-end=\"1611\">Constru\u00e7\u00e3o de PET de alta qualidade<\/p>\n<\/li>\n<li data-start=\"1612\" data-end=\"1651\">\n<p data-start=\"1614\" data-end=\"1651\">Camada refletiva revestida de metal verde<\/p>\n<\/li>\n<li data-start=\"1652\" data-end=\"1691\">\n<p data-start=\"1654\" data-end=\"1691\">Superf\u00edcie anti-risco para durabilidade<\/p>\n<\/li>\n<li data-start=\"1692\" data-end=\"1742\">\n<p data-start=\"1694\" data-end=\"1742\">Cor est\u00e1vel, resistente ao desbotamento e de longa dura\u00e7\u00e3o<\/p>\n<\/li>\n<li data-start=\"1743\" data-end=\"1791\">\n<p data-start=\"1745\" data-end=\"1791\">Mant\u00e9m a visibilidade enquanto aumenta a privacidade<\/p>\n<\/li>\n<\/ul>\n<h2 data-start=\"1793\" data-end=\"1824\">Instala\u00e7\u00e3o &amp; Personaliza\u00e7\u00e3o<\/h2>\n<ul data-start=\"1826\" data-end=\"2134\">\n<li data-start=\"1826\" data-end=\"1873\">\n<p data-start=\"1828\" data-end=\"1873\">Filme autoadesivo \u2014 sem necessidade de cola extra<\/p>\n<\/li>\n<li data-start=\"1874\" data-end=\"1932\">\n<p data-start=\"1876\" data-end=\"1932\">Form\u00e1vel ao calor para melhor ajuste em grandes pain\u00e9is de vidro<\/p>\n<\/li>\n<li data-start=\"1933\" data-end=\"1982\">\n<p data-start=\"1935\" data-end=\"1982\">F\u00e1cil para instala\u00e7\u00e3o DIY ou uso profissional<\/p>\n<\/li>\n<li data-start=\"1983\" data-end=\"2072\">\n<p data-start=\"1985\" data-end=\"2072\">Suporte a pedidos em grande quantidade OEM\/ODM, largura personalizada, embalagem em caixa personalizada e etiqueta privada<\/p>\n<\/li>\n<li data-start=\"2073\" data-end=\"2134\">\n<p data-start=\"2075\" data-end=\"2134\">Dispon\u00edvel em rolos grandes para atacadistas e distribuidores<\/p>\n<\/li>\n<\/ul>\n<h2 data-start=\"2136\" data-end=\"2151\">Aplica\u00e7\u00f5es<\/h2>\n<ul data-start=\"2153\" data-end=\"2431\">\n<li data-start=\"2153\" data-end=\"2201\">\n<p data-start=\"2155\" data-end=\"2201\">Solu\u00e7\u00e3o ideal para <strong data-start=\"2174\" data-end=\"2199\">tintura de janelas de casas<\/strong><\/p>\n<\/li>\n<li data-start=\"2202\" data-end=\"2261\">\n<p data-start=\"2204\" data-end=\"2261\">Perfeito para quartos, salas de estar, sol\u00e1rios, varandas<\/p>\n<\/li>\n<li data-start=\"2262\" data-end=\"2318\">\n<p data-start=\"2264\" data-end=\"2318\">Janelas de edif\u00edcios comerciais para rejei\u00e7\u00e3o de calor e privacidade<\/p>\n<\/li>\n<li data-start=\"2319\" data-end=\"2368\">\n<p data-start=\"2321\" data-end=\"2368\">Vidros de fachada, divis\u00f3rias e paredes de vidro<\/p>\n<\/li>\n<li data-start=\"2369\" data-end=\"2431\">\n<p data-start=\"2371\" data-end=\"2431\">Pode ser usado em projetos de filmes arquitet\u00f4nicos e decorativos<\/p>\n<\/li>\n<\/ul>\n<h2 data-start=\"2433\" data-end=\"2450\">Vantagens principais<\/h2>\n<ul data-start=\"2452\" data-end=\"2735\">\n<li data-start=\"2452\" data-end=\"2502\">\n<p data-start=\"2454\" data-end=\"2502\">Pre\u00e7os de atacado direto da f\u00e1brica com entrega r\u00e1pida<\/p>\n<\/li>\n<li data-start=\"2503\" data-end=\"2559\">\n<p data-start=\"2505\" data-end=\"2559\">Desempenho refletivo forte para prote\u00e7\u00e3o de privacidade<\/p>\n<\/li>\n<li data-start=\"2560\" data-end=\"2618\">\n<p data-start=\"2562\" data-end=\"2618\">Excelente bloqueio de UV e efic\u00e1cia na redu\u00e7\u00e3o de calor<\/p>\n<\/li>\n<li data-start=\"2619\" data-end=\"2672\">\n<p data-start=\"2621\" data-end=\"2672\">Estrutura dur\u00e1vel de 2mil adequada para uso a longo prazo<\/p>\n<\/li>\n<li data-start=\"2673\" data-end=\"2735\">\n<p data-start=\"2675\" data-end=\"2735\">Acabamento est\u00e9tico de espelho verde real\u00e7a a apar\u00eancia do edif\u00edcio<\/p>\n<\/li>\n<\/ul>\n<h2 data-start=\"2737\" data-end=\"2756\">Inclui no pacote<\/h2>\n<ul data-start=\"2758\" data-end=\"2878\">\n<li data-start=\"2758\" data-end=\"2815\">\n<p data-start=\"2760\" data-end=\"2815\">1 Rolo de <strong data-start=\"2770\" data-end=\"2813\">Filme refletivo de espelho de metal verde de 2mil<\/strong><\/p>\n<\/li>\n<li data-start=\"2816\" data-end=\"2878\">\n<p data-start=\"2818\" data-end=\"2878\">Kit de instala\u00e7\u00e3o opcional: esp\u00e1tula, faca, pano de limpeza<\/p>\n<\/li>\n<\/ul>\n<h2 data-start=\"2880\" data-end=\"2907\">Por que escolher este produto?<\/h2>\n<p data-start=\"2909\" data-end=\"3203\">Quando <strong data-start=\"2914\" data-end=\"2939\">tintura de janelas de casas<\/strong>, este filme refletivo verde oferece um equil\u00edbrio ideal de isolamento, privacidade e estilo decorativo. Seu forte rejei\u00e7\u00e3o de calor e efeito espelhado o tornam perfeito para propriet\u00e1rios, instaladores e distribuidores que buscam uma solu\u00e7\u00e3o confi\u00e1vel de filme arquitet\u00f4nico para janelas.<\/p>\n<p><img fetchpriority=\"high\" decoding=\"async\" class=\"alignnone wp-image-9238 size-full\" src=\"https:\/\/www.carliseppf.com\/wp-content\/uploads\/2025\/10\/21c2474754971abd3a65c3f8ad26a494.png\" alt=\"filme refletivo verde para tingimento de janelas residenciais\" width=\"800\" height=\"800\" srcset=\"https:\/\/www.carliseppf.com\/wp-content\/uploads\/2025\/10\/21c2474754971abd3a65c3f8ad26a494.png 800w, https:\/\/www.carliseppf.com\/wp-content\/uploads\/2025\/10\/21c2474754971abd3a65c3f8ad26a494-300x300.png 300w, https:\/\/www.carliseppf.com\/wp-content\/uploads\/2025\/10\/21c2474754971abd3a65c3f8ad26a494-150x150.png 150w, https:\/\/www.carliseppf.com\/wp-content\/uploads\/2025\/10\/21c2474754971abd3a65c3f8ad26a494-768x768.png 768w, https:\/\/www.carliseppf.com\/wp-content\/uploads\/2025\/10\/21c2474754971abd3a65c3f8ad26a494-370x370.png 370w, https:\/\/www.carliseppf.com\/wp-content\/uploads\/2025\/10\/21c2474754971abd3a65c3f8ad26a494-120x120.png 120w, https:\/\/www.carliseppf.com\/wp-content\/uploads\/2025\/10\/21c2474754971abd3a65c3f8ad26a494-410x410.png 410w, https:\/\/www.carliseppf.com\/wp-content\/uploads\/2025\/10\/21c2474754971abd3a65c3f8ad26a494-630x630.png 630w, https:\/\/www.carliseppf.com\/wp-content\/uploads\/2025\/10\/21c2474754971abd3a65c3f8ad26a494-730x730.png 730w, https:\/\/www.carliseppf.com\/wp-content\/uploads\/2025\/10\/21c2474754971abd3a65c3f8ad26a494-460x460.png 460w\" sizes=\"(max-width: 800px) 100vw, 800px\" \/> <img decoding=\"async\" class=\"alignnone wp-image-9240 size-full\" src=\"https:\/\/www.carliseppf.com\/wp-content\/uploads\/2025\/10\/9b3864f3bb428a8f203f9cbce2f171c5.png\" alt=\"Filme de tonalidade de janela de espelho verde de 2mil para resid\u00eancias\" width=\"800\" height=\"800\" srcset=\"https:\/\/www.carliseppf.com\/wp-content\/uploads\/2025\/10\/9b3864f3bb428a8f203f9cbce2f171c5.png 800w, https:\/\/www.carliseppf.com\/wp-content\/uploads\/2025\/10\/9b3864f3bb428a8f203f9cbce2f171c5-300x300.png 300w, https:\/\/www.carliseppf.com\/wp-content\/uploads\/2025\/10\/9b3864f3bb428a8f203f9cbce2f171c5-150x150.png 150w, https:\/\/www.carliseppf.com\/wp-content\/uploads\/2025\/10\/9b3864f3bb428a8f203f9cbce2f171c5-768x768.png 768w, https:\/\/www.carliseppf.com\/wp-content\/uploads\/2025\/10\/9b3864f3bb428a8f203f9cbce2f171c5-370x370.png 370w, https:\/\/www.carliseppf.com\/wp-content\/uploads\/2025\/10\/9b3864f3bb428a8f203f9cbce2f171c5-120x120.png 120w, https:\/\/www.carliseppf.com\/wp-content\/uploads\/2025\/10\/9b3864f3bb428a8f203f9cbce2f171c5-410x410.png 410w, https:\/\/www.carliseppf.com\/wp-content\/uploads\/2025\/10\/9b3864f3bb428a8f203f9cbce2f171c5-630x630.png 630w, https:\/\/www.carliseppf.com\/wp-content\/uploads\/2025\/10\/9b3864f3bb428a8f203f9cbce2f171c5-730x730.png 730w, https:\/\/www.carliseppf.com\/wp-content\/uploads\/2025\/10\/9b3864f3bb428a8f203f9cbce2f171c5-460x460.png 460w\" sizes=\"(max-width: 800px) 100vw, 800px\" \/> <img decoding=\"async\" class=\"alignnone wp-image-9241 size-full\" src=\"https:\/\/www.carliseppf.com\/wp-content\/uploads\/2025\/10\/5721d5f39a690d6b6ccea21ad76a74a8.png\" alt=\"Filme refletivo verde autoadesivo para tingimento de janelas residenciais\" width=\"800\" height=\"800\" srcset=\"https:\/\/www.carliseppf.com\/wp-content\/uploads\/2025\/10\/5721d5f39a690d6b6ccea21ad76a74a8.png 800w, https:\/\/www.carliseppf.com\/wp-content\/uploads\/2025\/10\/5721d5f39a690d6b6ccea21ad76a74a8-300x300.png 300w, https:\/\/www.carliseppf.com\/wp-content\/uploads\/2025\/10\/5721d5f39a690d6b6ccea21ad76a74a8-150x150.png 150w, https:\/\/www.carliseppf.com\/wp-content\/uploads\/2025\/10\/5721d5f39a690d6b6ccea21ad76a74a8-768x768.png 768w, https:\/\/www.carliseppf.com\/wp-content\/uploads\/2025\/10\/5721d5f39a690d6b6ccea21ad76a74a8-370x370.png 370w, https:\/\/www.carliseppf.com\/wp-content\/uploads\/2025\/10\/5721d5f39a690d6b6ccea21ad76a74a8-120x120.png 120w, https:\/\/www.carliseppf.com\/wp-content\/uploads\/2025\/10\/5721d5f39a690d6b6ccea21ad76a74a8-410x410.png 410w, https:\/\/www.carliseppf.com\/wp-content\/uploads\/2025\/10\/5721d5f39a690d6b6ccea21ad76a74a8-630x630.png 630w, https:\/\/www.carliseppf.com\/wp-content\/uploads\/2025\/10\/5721d5f39a690d6b6ccea21ad76a74a8-730x730.png 730w, https:\/\/www.carliseppf.com\/wp-content\/uploads\/2025\/10\/5721d5f39a690d6b6ccea21ad76a74a8-460x460.png 460w\" sizes=\"(max-width: 800px) 100vw, 800px\" \/> <img loading=\"lazy\" decoding=\"async\" class=\"alignnone wp-image-9242 size-full\" src=\"https:\/\/www.carliseppf.com\/wp-content\/uploads\/2025\/10\/decb15c6ed8229b31b65ca884eace8d1.png\" alt=\"espelho verde de controle de calor instalado nas janelas da casa\" width=\"800\" height=\"800\" srcset=\"https:\/\/www.carliseppf.com\/wp-content\/uploads\/2025\/10\/decb15c6ed8229b31b65ca884eace8d1.png 800w, https:\/\/www.carliseppf.com\/wp-content\/uploads\/2025\/10\/decb15c6ed8229b31b65ca884eace8d1-300x300.png 300w, https:\/\/www.carliseppf.com\/wp-content\/uploads\/2025\/10\/decb15c6ed8229b31b65ca884eace8d1-150x150.png 150w, https:\/\/www.carliseppf.com\/wp-content\/uploads\/2025\/10\/decb15c6ed8229b31b65ca884eace8d1-768x768.png 768w, https:\/\/www.carliseppf.com\/wp-content\/uploads\/2025\/10\/decb15c6ed8229b31b65ca884eace8d1-370x370.png 370w, https:\/\/www.carliseppf.com\/wp-content\/uploads\/2025\/10\/decb15c6ed8229b31b65ca884eace8d1-120x120.png 120w, https:\/\/www.carliseppf.com\/wp-content\/uploads\/2025\/10\/decb15c6ed8229b31b65ca884eace8d1-410x410.png 410w, https:\/\/www.carliseppf.com\/wp-content\/uploads\/2025\/10\/decb15c6ed8229b31b65ca884eace8d1-630x630.png 630w, https:\/\/www.carliseppf.com\/wp-content\/uploads\/2025\/10\/decb15c6ed8229b31b65ca884eace8d1-730x730.png 730w, https:\/\/www.carliseppf.com\/wp-content\/uploads\/2025\/10\/decb15c6ed8229b31b65ca884eace8d1-460x460.png 460w\" sizes=\"(max-width: 800px) 100vw, 800px\" \/> <img loading=\"lazy\" decoding=\"async\" class=\"alignnone wp-image-9245 size-full\" src=\"https:\/\/www.carliseppf.com\/wp-content\/uploads\/2025\/10\/68abf62cde81ee6ee7a8e9142e2f69d2.png\" alt=\"rolo de filme de espelho met\u00e1lico verde para aplica\u00e7\u00e3o em janelas residenciais\" width=\"800\" height=\"800\" srcset=\"https:\/\/www.carliseppf.com\/wp-content\/uploads\/2025\/10\/68abf62cde81ee6ee7a8e9142e2f69d2.png 800w, https:\/\/www.carliseppf.com\/wp-content\/uploads\/2025\/10\/68abf62cde81ee6ee7a8e9142e2f69d2-300x300.png 300w, https:\/\/www.carliseppf.com\/wp-content\/uploads\/2025\/10\/68abf62cde81ee6ee7a8e9142e2f69d2-150x150.png 150w, https:\/\/www.carliseppf.com\/wp-content\/uploads\/2025\/10\/68abf62cde81ee6ee7a8e9142e2f69d2-768x768.png 768w, https:\/\/www.carliseppf.com\/wp-content\/uploads\/2025\/10\/68abf62cde81ee6ee7a8e9142e2f69d2-370x370.png 370w, https:\/\/www.carliseppf.com\/wp-content\/uploads\/2025\/10\/68abf62cde81ee6ee7a8e9142e2f69d2-120x120.png 120w, https:\/\/www.carliseppf.com\/wp-content\/uploads\/2025\/10\/68abf62cde81ee6ee7a8e9142e2f69d2-410x410.png 410w, https:\/\/www.carliseppf.com\/wp-content\/uploads\/2025\/10\/68abf62cde81ee6ee7a8e9142e2f69d2-630x630.png 630w, https:\/\/www.carliseppf.com\/wp-content\/uploads\/2025\/10\/68abf62cde81ee6ee7a8e9142e2f69d2-730x730.png 730w, https:\/\/www.carliseppf.com\/wp-content\/uploads\/2025\/10\/68abf62cde81ee6ee7a8e9142e2f69d2-460x460.png 460w\" sizes=\"(max-width: 800px) 100vw, 800px\" \/><\/p>","protected":false},"excerpt":{"rendered":"<p>Alto desempenho <strong data-start=\"486\" data-end=\"524\">filme refletivo de espelho de metal verde<\/strong> projetado para <strong data-start=\"538\" data-end=\"563\">tintura de janelas de casas<\/strong>, proporcionando excelente rejei\u00e7\u00e3o de calor, privacidade diurna e prote\u00e7\u00e3o UV. Design autoadesivo, instala\u00e7\u00e3o f\u00e1cil e suporte de atacado direto de f\u00e1brica para personaliza\u00e7\u00e3o OEM\/ODM.<\/p>","protected":false},"featured_media":9248,"comment_status":"open","ping_status":"closed","template":"","meta":[],"product_brand":[],"product_cat":[218],"product_tag":[],"class_list":{"0":"post-9247","1":"product","2":"type-product","3":"status-publish","4":"has-post-thumbnail","6":"product_cat-architectural-window-film","8":"first","9":"instock","10":"shipping-taxable","11":"product-type-simple"},"_links":{"self":[{"href":"https:\/\/www.carliseppf.com\/pt\/wp-json\/wp\/v2\/product\/9247","targetHints":{"allow":["GET"]}}],"collection":[{"href":"https:\/\/www.carliseppf.com\/pt\/wp-json\/wp\/v2\/product"}],"about":[{"href":"https:\/\/www.carliseppf.com\/pt\/wp-json\/wp\/v2\/types\/product"}],"replies":[{"embeddable":true,"href":"https:\/\/www.carliseppf.com\/pt\/wp-json\/wp\/v2\/comments?post=9247"}],"wp:featuredmedia":[{"embeddable":true,"href":"https:\/\/www.carliseppf.com\/pt\/wp-json\/wp\/v2\/media\/9248"}],"wp:attachment":[{"href":"https:\/\/www.carliseppf.com\/pt\/wp-json\/wp\/v2\/media?parent=9247"}],"wp:term":[{"taxonomy":"product_brand","embeddable":true,"href":"https:\/\/www.carliseppf.com\/pt\/wp-json\/wp\/v2\/product_brand?post=9247"},{"taxonomy":"product_cat","embeddable":true,"href":"https:\/\/www.carliseppf.com\/pt\/wp-json\/wp\/v2\/product_cat?post=9247"},{"taxonomy":"product_tag","embeddable":true,"href":"https:\/\/www.carliseppf.com\/pt\/wp-json\/wp\/v2\/product_tag?post=9247"}],"curies":[{"name":"wp","href":"https:\/\/api.w.org\/{rel}","templated":true}]}}