{"id":9249,"date":"2025-10-28T03:32:27","date_gmt":"2025-10-28T03:32:27","guid":{"rendered":"https:\/\/www.carliseppf.com\/?post_type=product&#038;p=9249"},"modified":"2025-11-21T02:34:06","modified_gmt":"2025-11-21T02:34:06","slug":"mirror-tint-for-house-windows-2mil-film","status":"publish","type":"product","link":"https:\/\/www.carliseppf.com\/pt\/product\/mirror-tint-for-house-windows-2mil-film\/","title":{"rendered":"Filme Reflexivo de Espelho de Metal de 2mil \u2013 Filme de Vidro Autoadesivo para Tinta de Parede de Vidro"},"content":{"rendered":"<h2 data-start=\"795\" data-end=\"814\">Vis\u00e3o Geral do Produto<\/h2>\n<p data-start=\"816\" data-end=\"1112\">Este <strong data-start=\"821\" data-end=\"854\">tinta espelhada para janelas de casas<\/strong> caracteriza-se por uma constru\u00e7\u00e3o met\u00e1lica dur\u00e1vel de 2mil projetada para refletividade superior, privacidade e efici\u00eancia energ\u00e9tica. A base autoadesiva torna-o ideal para janelas residenciais, edif\u00edcios comerciais e grandes paredes de vidro que requerem controle solar f\u00e1cil e eficaz.<\/p>\n<h2 data-start=\"1114\" data-end=\"1136\">Recursos &amp; Benef\u00edcios<\/h2>\n<ul data-start=\"1138\" data-end=\"1488\">\n<li data-start=\"1138\" data-end=\"1218\">\n<p data-start=\"1140\" data-end=\"1218\">Premium <strong data-start=\"1148\" data-end=\"1181\">tinta espelhada para janelas de casas<\/strong> com desempenho refletivo forte<\/p>\n<\/li>\n<li data-start=\"1219\" data-end=\"1271\">\n<p data-start=\"1221\" data-end=\"1271\">espessura de 2mil aumenta durabilidade e estabilidade<\/p>\n<\/li>\n<li data-start=\"1272\" data-end=\"1318\">\n<p data-start=\"1274\" data-end=\"1318\">Excelente rejei\u00e7\u00e3o de calor e prote\u00e7\u00e3o UV<\/p>\n<\/li>\n<li data-start=\"1319\" data-end=\"1375\">\n<p data-start=\"1321\" data-end=\"1375\">Melhora a privacidade diurna com reflex\u00e3o semelhante a um espelho<\/p>\n<\/li>\n<li data-start=\"1376\" data-end=\"1431\">\n<p data-start=\"1378\" data-end=\"1431\">Reduz o ofuscamento solar e protege os m\u00f3veis internos<\/p>\n<\/li>\n<li data-start=\"1432\" data-end=\"1488\">\n<p data-start=\"1434\" data-end=\"1488\">Autoadesivo para instala\u00e7\u00e3o r\u00e1pida e sem bolhas<\/p>\n<\/li>\n<\/ul>\n<h2 data-start=\"1490\" data-end=\"1511\">Material e Qualidade<\/h2>\n<ul data-start=\"1513\" data-end=\"1720\">\n<li data-start=\"1513\" data-end=\"1552\">\n<p data-start=\"1515\" data-end=\"1552\">Filme refletivo de PET \/ PVC metalizado<\/p>\n<\/li>\n<li data-start=\"1553\" data-end=\"1594\">\n<p data-start=\"1555\" data-end=\"1594\">superf\u00edcie resistente a UV e anti-risco<\/p>\n<\/li>\n<li data-start=\"1595\" data-end=\"1665\">\n<p data-start=\"1597\" data-end=\"1665\">Ades\u00e3o duradoura adequada para aplica\u00e7\u00f5es internas e externas<\/p>\n<\/li>\n<li data-start=\"1666\" data-end=\"1720\">\n<p data-start=\"1668\" data-end=\"1720\">Mant\u00e9m a clareza visual enquanto reduz o calor solar<\/p>\n<\/li>\n<\/ul>\n<h2 data-start=\"1722\" data-end=\"1753\">Instala\u00e7\u00e3o &amp; Personaliza\u00e7\u00e3o<\/h2>\n<ul data-start=\"1755\" data-end=\"2001\">\n<li data-start=\"1755\" data-end=\"1799\">\n<p data-start=\"1757\" data-end=\"1799\">Design autoadesivo de f\u00e1cil descascamento e aplica\u00e7\u00e3o<\/p>\n<\/li>\n<li data-start=\"1800\" data-end=\"1871\">\n<p data-start=\"1802\" data-end=\"1871\">Compat\u00edvel com janelas residenciais, vidros de fachada de loja, edif\u00edcios comerciais<\/p>\n<\/li>\n<li data-start=\"1872\" data-end=\"1927\">\n<p data-start=\"1874\" data-end=\"1927\">Suporta larguras e comprimentos de rolo personalizados OEM\/ODM<\/p>\n<\/li>\n<li data-start=\"1928\" data-end=\"2001\">\n<p data-start=\"1930\" data-end=\"2001\">Fornecimento em grande quantidade direto de f\u00e1brica dispon\u00edvel para distribuidores e contratantes<\/p>\n<\/li>\n<\/ul>\n<h2 data-start=\"2003\" data-end=\"2018\">Aplica\u00e7\u00f5es<\/h2>\n<ul data-start=\"2020\" data-end=\"2222\">\n<li data-start=\"2020\" data-end=\"2049\">\n<p data-start=\"2022\" data-end=\"2049\">Janelas de casas residenciais<\/p>\n<\/li>\n<li data-start=\"2050\" data-end=\"2096\">\n<p data-start=\"2052\" data-end=\"2096\">Janelas de edif\u00edcios comerciais e divis\u00f3rias de vidro<\/p>\n<\/li>\n<li data-start=\"2097\" data-end=\"2120\">\n<p data-start=\"2099\" data-end=\"2120\">Paredes de vidro com cortina<\/p>\n<\/li>\n<li data-start=\"2121\" data-end=\"2147\">\n<p data-start=\"2123\" data-end=\"2147\">Salas de estar e varandas<\/p>\n<\/li>\n<li data-start=\"2148\" data-end=\"2173\">\n<p data-start=\"2150\" data-end=\"2173\">Fachadas comerciais<\/p>\n<\/li>\n<li data-start=\"2174\" data-end=\"2222\">\n<p data-start=\"2176\" data-end=\"2222\">Vidro interno que necessita de reflex\u00e3o decorativa<\/p>\n<\/li>\n<\/ul>\n<h2 data-start=\"2224\" data-end=\"2241\">Vantagens principais<\/h2>\n<ul data-start=\"2243\" data-end=\"2495\">\n<li data-start=\"2243\" data-end=\"2299\">\n<p data-start=\"2245\" data-end=\"2299\">Desempenho confi\u00e1vel de controle solar e economia de energia<\/p>\n<\/li>\n<li data-start=\"2300\" data-end=\"2354\">\n<p data-start=\"2302\" data-end=\"2354\">Aumenta a privacidade sem sacrificar a luz natural<\/p>\n<\/li>\n<li data-start=\"2355\" data-end=\"2416\">\n<p data-start=\"2357\" data-end=\"2416\">Ideal para projetos de engenharia em grande escala e pacotes para revendedores<\/p>\n<\/li>\n<li data-start=\"2417\" data-end=\"2495\">\n<p data-start=\"2419\" data-end=\"2495\">De qualidade premium <strong data-start=\"2433\" data-end=\"2466\">tinta espelhada para janelas de casas<\/strong> diretamente do fabricante<\/p>\n<\/li>\n<\/ul>\n<h2 data-start=\"2497\" data-end=\"2516\">Inclui no pacote<\/h2>\n<ul data-start=\"2518\" data-end=\"2655\">\n<li data-start=\"2518\" data-end=\"2565\">\n<p data-start=\"2520\" data-end=\"2565\">1 Rolo de Filme Reflexivo de Espelho de Metal de 2mil<\/p>\n<\/li>\n<li data-start=\"2566\" data-end=\"2655\">\n<p data-start=\"2568\" data-end=\"2655\">Ferramentas de instala\u00e7\u00e3o opcionais (esp\u00e1tula, l\u00e2mina, spray) dispon\u00edveis para pedidos em grande quantidade<\/p>\n<\/li>\n<\/ul>\n<h2 data-start=\"2657\" data-end=\"2684\">Por que escolher este produto?<\/h2>\n<p data-start=\"2686\" data-end=\"3018\">Este filme de alta qualidade <strong data-start=\"2704\" data-end=\"2737\">tinta espelhada para janelas de casas<\/strong> oferece forte refletividade, bloqueio de UV e redu\u00e7\u00e3o de calor, tornando-se uma escolha pr\u00e1tica para melhorar o conforto interno e a privacidade das janelas. Com pre\u00e7os direto de f\u00e1brica e especifica\u00e7\u00f5es personaliz\u00e1veis, \u00e9 ideal para instaladores profissionais e distribuidores de materiais de constru\u00e7\u00e3o.<\/p>\n<p><img fetchpriority=\"high\" decoding=\"async\" class=\"alignnone wp-image-9238 size-full\" src=\"https:\/\/www.carliseppf.com\/wp-content\/uploads\/2025\/10\/21c2474754971abd3a65c3f8ad26a494.png\" alt=\"filme refletivo de espelho para instala\u00e7\u00e3o de pel\u00edculas refletivas em janelas residenciais\" width=\"800\" height=\"800\" srcset=\"https:\/\/www.carliseppf.com\/wp-content\/uploads\/2025\/10\/21c2474754971abd3a65c3f8ad26a494.png 800w, https:\/\/www.carliseppf.com\/wp-content\/uploads\/2025\/10\/21c2474754971abd3a65c3f8ad26a494-300x300.png 300w, https:\/\/www.carliseppf.com\/wp-content\/uploads\/2025\/10\/21c2474754971abd3a65c3f8ad26a494-150x150.png 150w, https:\/\/www.carliseppf.com\/wp-content\/uploads\/2025\/10\/21c2474754971abd3a65c3f8ad26a494-768x768.png 768w, https:\/\/www.carliseppf.com\/wp-content\/uploads\/2025\/10\/21c2474754971abd3a65c3f8ad26a494-370x370.png 370w, https:\/\/www.carliseppf.com\/wp-content\/uploads\/2025\/10\/21c2474754971abd3a65c3f8ad26a494-120x120.png 120w, https:\/\/www.carliseppf.com\/wp-content\/uploads\/2025\/10\/21c2474754971abd3a65c3f8ad26a494-410x410.png 410w, https:\/\/www.carliseppf.com\/wp-content\/uploads\/2025\/10\/21c2474754971abd3a65c3f8ad26a494-630x630.png 630w, https:\/\/www.carliseppf.com\/wp-content\/uploads\/2025\/10\/21c2474754971abd3a65c3f8ad26a494-730x730.png 730w, https:\/\/www.carliseppf.com\/wp-content\/uploads\/2025\/10\/21c2474754971abd3a65c3f8ad26a494-460x460.png 460w\" sizes=\"(max-width: 800px) 100vw, 800px\" \/> <img decoding=\"async\" class=\"alignnone wp-image-9240 size-full\" src=\"https:\/\/www.carliseppf.com\/wp-content\/uploads\/2025\/10\/9b3864f3bb428a8f203f9cbce2f171c5.png\" alt=\"Filme de espelho de metal de 2mil para janelas residenciais, vista de perto\" width=\"800\" height=\"800\" srcset=\"https:\/\/www.carliseppf.com\/wp-content\/uploads\/2025\/10\/9b3864f3bb428a8f203f9cbce2f171c5.png 800w, https:\/\/www.carliseppf.com\/wp-content\/uploads\/2025\/10\/9b3864f3bb428a8f203f9cbce2f171c5-300x300.png 300w, https:\/\/www.carliseppf.com\/wp-content\/uploads\/2025\/10\/9b3864f3bb428a8f203f9cbce2f171c5-150x150.png 150w, https:\/\/www.carliseppf.com\/wp-content\/uploads\/2025\/10\/9b3864f3bb428a8f203f9cbce2f171c5-768x768.png 768w, https:\/\/www.carliseppf.com\/wp-content\/uploads\/2025\/10\/9b3864f3bb428a8f203f9cbce2f171c5-370x370.png 370w, https:\/\/www.carliseppf.com\/wp-content\/uploads\/2025\/10\/9b3864f3bb428a8f203f9cbce2f171c5-120x120.png 120w, https:\/\/www.carliseppf.com\/wp-content\/uploads\/2025\/10\/9b3864f3bb428a8f203f9cbce2f171c5-410x410.png 410w, https:\/\/www.carliseppf.com\/wp-content\/uploads\/2025\/10\/9b3864f3bb428a8f203f9cbce2f171c5-630x630.png 630w, https:\/\/www.carliseppf.com\/wp-content\/uploads\/2025\/10\/9b3864f3bb428a8f203f9cbce2f171c5-730x730.png 730w, https:\/\/www.carliseppf.com\/wp-content\/uploads\/2025\/10\/9b3864f3bb428a8f203f9cbce2f171c5-460x460.png 460w\" sizes=\"(max-width: 800px) 100vw, 800px\" \/> <img decoding=\"async\" class=\"alignnone wp-image-9241 size-full\" src=\"https:\/\/www.carliseppf.com\/wp-content\/uploads\/2025\/10\/5721d5f39a690d6b6ccea21ad76a74a8.png\" alt=\"Demonstra\u00e7\u00e3o de rejei\u00e7\u00e3o de calor com filme de espelho para janelas residenciais\" width=\"800\" height=\"800\" srcset=\"https:\/\/www.carliseppf.com\/wp-content\/uploads\/2025\/10\/5721d5f39a690d6b6ccea21ad76a74a8.png 800w, https:\/\/www.carliseppf.com\/wp-content\/uploads\/2025\/10\/5721d5f39a690d6b6ccea21ad76a74a8-300x300.png 300w, https:\/\/www.carliseppf.com\/wp-content\/uploads\/2025\/10\/5721d5f39a690d6b6ccea21ad76a74a8-150x150.png 150w, https:\/\/www.carliseppf.com\/wp-content\/uploads\/2025\/10\/5721d5f39a690d6b6ccea21ad76a74a8-768x768.png 768w, https:\/\/www.carliseppf.com\/wp-content\/uploads\/2025\/10\/5721d5f39a690d6b6ccea21ad76a74a8-370x370.png 370w, https:\/\/www.carliseppf.com\/wp-content\/uploads\/2025\/10\/5721d5f39a690d6b6ccea21ad76a74a8-120x120.png 120w, https:\/\/www.carliseppf.com\/wp-content\/uploads\/2025\/10\/5721d5f39a690d6b6ccea21ad76a74a8-410x410.png 410w, https:\/\/www.carliseppf.com\/wp-content\/uploads\/2025\/10\/5721d5f39a690d6b6ccea21ad76a74a8-630x630.png 630w, https:\/\/www.carliseppf.com\/wp-content\/uploads\/2025\/10\/5721d5f39a690d6b6ccea21ad76a74a8-730x730.png 730w, https:\/\/www.carliseppf.com\/wp-content\/uploads\/2025\/10\/5721d5f39a690d6b6ccea21ad76a74a8-460x460.png 460w\" sizes=\"(max-width: 800px) 100vw, 800px\" \/> <img loading=\"lazy\" decoding=\"async\" class=\"alignnone wp-image-9242 size-full\" src=\"https:\/\/www.carliseppf.com\/wp-content\/uploads\/2025\/10\/decb15c6ed8229b31b65ca884eace8d1.png\" alt=\"Janela residencial com filme de espelho refletivo de metal aplicado\" width=\"800\" height=\"800\" srcset=\"https:\/\/www.carliseppf.com\/wp-content\/uploads\/2025\/10\/decb15c6ed8229b31b65ca884eace8d1.png 800w, https:\/\/www.carliseppf.com\/wp-content\/uploads\/2025\/10\/decb15c6ed8229b31b65ca884eace8d1-300x300.png 300w, https:\/\/www.carliseppf.com\/wp-content\/uploads\/2025\/10\/decb15c6ed8229b31b65ca884eace8d1-150x150.png 150w, https:\/\/www.carliseppf.com\/wp-content\/uploads\/2025\/10\/decb15c6ed8229b31b65ca884eace8d1-768x768.png 768w, https:\/\/www.carliseppf.com\/wp-content\/uploads\/2025\/10\/decb15c6ed8229b31b65ca884eace8d1-370x370.png 370w, https:\/\/www.carliseppf.com\/wp-content\/uploads\/2025\/10\/decb15c6ed8229b31b65ca884eace8d1-120x120.png 120w, https:\/\/www.carliseppf.com\/wp-content\/uploads\/2025\/10\/decb15c6ed8229b31b65ca884eace8d1-410x410.png 410w, https:\/\/www.carliseppf.com\/wp-content\/uploads\/2025\/10\/decb15c6ed8229b31b65ca884eace8d1-630x630.png 630w, https:\/\/www.carliseppf.com\/wp-content\/uploads\/2025\/10\/decb15c6ed8229b31b65ca884eace8d1-730x730.png 730w, https:\/\/www.carliseppf.com\/wp-content\/uploads\/2025\/10\/decb15c6ed8229b31b65ca884eace8d1-460x460.png 460w\" sizes=\"(max-width: 800px) 100vw, 800px\" \/> <img loading=\"lazy\" decoding=\"async\" class=\"alignnone wp-image-9245 size-full\" src=\"https:\/\/www.carliseppf.com\/wp-content\/uploads\/2025\/10\/68abf62cde81ee6ee7a8e9142e2f69d2.png\" alt=\"Filme refletivo de espelho para privacidade diurna em janelas residenciais\" width=\"800\" height=\"800\" srcset=\"https:\/\/www.carliseppf.com\/wp-content\/uploads\/2025\/10\/68abf62cde81ee6ee7a8e9142e2f69d2.png 800w, https:\/\/www.carliseppf.com\/wp-content\/uploads\/2025\/10\/68abf62cde81ee6ee7a8e9142e2f69d2-300x300.png 300w, https:\/\/www.carliseppf.com\/wp-content\/uploads\/2025\/10\/68abf62cde81ee6ee7a8e9142e2f69d2-150x150.png 150w, https:\/\/www.carliseppf.com\/wp-content\/uploads\/2025\/10\/68abf62cde81ee6ee7a8e9142e2f69d2-768x768.png 768w, https:\/\/www.carliseppf.com\/wp-content\/uploads\/2025\/10\/68abf62cde81ee6ee7a8e9142e2f69d2-370x370.png 370w, https:\/\/www.carliseppf.com\/wp-content\/uploads\/2025\/10\/68abf62cde81ee6ee7a8e9142e2f69d2-120x120.png 120w, https:\/\/www.carliseppf.com\/wp-content\/uploads\/2025\/10\/68abf62cde81ee6ee7a8e9142e2f69d2-410x410.png 410w, https:\/\/www.carliseppf.com\/wp-content\/uploads\/2025\/10\/68abf62cde81ee6ee7a8e9142e2f69d2-630x630.png 630w, https:\/\/www.carliseppf.com\/wp-content\/uploads\/2025\/10\/68abf62cde81ee6ee7a8e9142e2f69d2-730x730.png 730w, https:\/\/www.carliseppf.com\/wp-content\/uploads\/2025\/10\/68abf62cde81ee6ee7a8e9142e2f69d2-460x460.png 460w\" sizes=\"(max-width: 800px) 100vw, 800px\" \/><\/p>","protected":false},"excerpt":{"rendered":"<p>Alto desempenho <strong data-start=\"503\" data-end=\"536\">tinta espelhada para janelas de casas<\/strong> com revestimento refletivo met\u00e1lico de 2mil. Proporciona excelente rejei\u00e7\u00e3o de calor, prote\u00e7\u00e3o UV, redu\u00e7\u00e3o de ofuscamento e privacidade diurna para paredes de vidro residenciais e comerciais. Fornecimento direto de f\u00e1brica apoia pedidos em grande quantidade e tamanhos de rolo personaliz\u00e1veis.<\/p>","protected":false},"featured_media":9250,"comment_status":"open","ping_status":"closed","template":"","meta":[],"product_brand":[],"product_cat":[218],"product_tag":[],"class_list":{"0":"post-9249","1":"product","2":"type-product","3":"status-publish","4":"has-post-thumbnail","6":"product_cat-architectural-window-film","8":"first","9":"instock","10":"shipping-taxable","11":"product-type-simple"},"_links":{"self":[{"href":"https:\/\/www.carliseppf.com\/pt\/wp-json\/wp\/v2\/product\/9249","targetHints":{"allow":["GET"]}}],"collection":[{"href":"https:\/\/www.carliseppf.com\/pt\/wp-json\/wp\/v2\/product"}],"about":[{"href":"https:\/\/www.carliseppf.com\/pt\/wp-json\/wp\/v2\/types\/product"}],"replies":[{"embeddable":true,"href":"https:\/\/www.carliseppf.com\/pt\/wp-json\/wp\/v2\/comments?post=9249"}],"wp:featuredmedia":[{"embeddable":true,"href":"https:\/\/www.carliseppf.com\/pt\/wp-json\/wp\/v2\/media\/9250"}],"wp:attachment":[{"href":"https:\/\/www.carliseppf.com\/pt\/wp-json\/wp\/v2\/media?parent=9249"}],"wp:term":[{"taxonomy":"product_brand","embeddable":true,"href":"https:\/\/www.carliseppf.com\/pt\/wp-json\/wp\/v2\/product_brand?post=9249"},{"taxonomy":"product_cat","embeddable":true,"href":"https:\/\/www.carliseppf.com\/pt\/wp-json\/wp\/v2\/product_cat?post=9249"},{"taxonomy":"product_tag","embeddable":true,"href":"https:\/\/www.carliseppf.com\/pt\/wp-json\/wp\/v2\/product_tag?post=9249"}],"curies":[{"name":"wp","href":"https:\/\/api.w.org\/{rel}","templated":true}]}}