{"id":9251,"date":"2025-10-28T03:40:37","date_gmt":"2025-10-28T03:40:37","guid":{"rendered":"https:\/\/www.carliseppf.com\/?post_type=product&#038;p=9251"},"modified":"2025-11-20T12:03:25","modified_gmt":"2025-11-20T12:03:25","slug":"car-ppf-clear-7-5mil-10-year","status":"publish","type":"product","link":"https:\/\/www.carliseppf.com\/pt\/product\/car-ppf-clear-7-5mil-10-year\/","title":{"rendered":"PPF Transparente de 7,5 mil com Garantia de 10 Anos \u2013 Filme de Prote\u00e7\u00e3o de Pintura Premium"},"content":{"rendered":"<h2 data-start=\"708\" data-end=\"729\">Vis\u00e3o Geral do Produto<\/h2>\n<p data-start=\"730\" data-end=\"1040\">Este <strong data-start=\"735\" data-end=\"765\">filme transparente premium de 7,5 mil<\/strong> oferece prote\u00e7\u00e3o hidrof\u00f3bica, auto-repar\u00e1vel e anti-riscos para a pintura do seu ve\u00edculo. Ideal para envelopamentos completos ou parciais em carros, motocicletas, cap\u00f4s, espelhos e pain\u00e9is decorativos. Fornecimento direto de f\u00e1brica apoia pedidos em grande quantidade e tamanhos personalizados para instaladores profissionais.<\/p>\n<h2 data-start=\"1042\" data-end=\"1066\">Recursos &amp; Benef\u00edcios<\/h2>\n<ul data-start=\"1067\" data-end=\"1375\">\n<li data-start=\"1067\" data-end=\"1131\">\n<p data-start=\"1069\" data-end=\"1131\">Alta qualidade <strong data-start=\"1082\" data-end=\"1107\">solu\u00e7\u00f5es de filme de prote\u00e7\u00e3o de pintura<\/strong> com garantia de 10 anos<\/p>\n<\/li>\n<li data-start=\"1132\" data-end=\"1190\">\n<p data-start=\"1134\" data-end=\"1190\">Propriedades hidrof\u00f3bicas, auto-repar\u00e1veis e anti-riscos<\/p>\n<\/li>\n<li data-start=\"1191\" data-end=\"1240\">\n<p data-start=\"1193\" data-end=\"1240\">Espessura de 7,5 mil para durabilidade de longa dura\u00e7\u00e3o<\/p>\n<\/li>\n<li data-start=\"1241\" data-end=\"1291\">\n<p data-start=\"1243\" data-end=\"1291\">Flex\u00edvel e f\u00e1cil de aplicar em curvas e arestas<\/p>\n<\/li>\n<li data-start=\"1292\" data-end=\"1375\">\n<p data-start=\"1294\" data-end=\"1375\">Adequado para cobertura completa ou parcial do ve\u00edculo, pedidos em grande quantidade e projetos personalizados<\/p>\n<\/li>\n<\/ul>\n<h2 data-start=\"1377\" data-end=\"1403\">Material de Alta Qualidade<\/h2>\n<ul data-start=\"1404\" data-end=\"1530\">\n<li data-start=\"1404\" data-end=\"1438\">\n<p data-start=\"1406\" data-end=\"1438\">Vinil automotivo TPU de alta qualidade<\/p>\n<\/li>\n<li data-start=\"1439\" data-end=\"1470\">\n<p data-start=\"1441\" data-end=\"1470\">Resistente a UV e \u00e0 \u00e1gua<\/p>\n<\/li>\n<li data-start=\"1471\" data-end=\"1493\">\n<p data-start=\"1473\" data-end=\"1493\">Seguro para pintura OEM<\/p>\n<\/li>\n<li data-start=\"1494\" data-end=\"1530\">\n<p data-start=\"1496\" data-end=\"1530\">Desempenho externo de longa dura\u00e7\u00e3o<\/p>\n<\/li>\n<\/ul>\n<h2 data-start=\"1532\" data-end=\"1565\">Instala\u00e7\u00e3o &amp; Personaliza\u00e7\u00e3o<\/h2>\n<ul data-start=\"1566\" data-end=\"1763\">\n<li data-start=\"1566\" data-end=\"1618\">\n<p data-start=\"1568\" data-end=\"1618\">Adesivo de libera\u00e7\u00e3o de ar para aplica\u00e7\u00e3o sem bolhas<\/p>\n<\/li>\n<li data-start=\"1619\" data-end=\"1657\">\n<p data-start=\"1621\" data-end=\"1657\">Form\u00e1vel ao calor para curvas e arestas<\/p>\n<\/li>\n<li data-start=\"1658\" data-end=\"1709\">\n<p data-start=\"1660\" data-end=\"1709\">Rolos personaliz\u00e1veis para pedidos em grande quantidade ou atacado<\/p>\n<\/li>\n<li data-start=\"1710\" data-end=\"1763\">\n<p data-start=\"1712\" data-end=\"1763\">Perfeito para instaladores profissionais e usu\u00e1rios DIY<\/p>\n<\/li>\n<\/ul>\n<h2 data-start=\"1765\" data-end=\"1782\">Aplica\u00e7\u00f5es<\/h2>\n<ul data-start=\"1783\" data-end=\"1961\">\n<li data-start=\"1783\" data-end=\"1830\">\n<p data-start=\"1785\" data-end=\"1830\">Envelopamentos completos de ve\u00edculos: carros, SUVs, motocicletas<\/p>\n<\/li>\n<li data-start=\"1831\" data-end=\"1881\">\n<p data-start=\"1833\" data-end=\"1881\">Envelopamentos parciais: cap\u00f4s, tetos, espelhos, spoilers<\/p>\n<\/li>\n<li data-start=\"1882\" data-end=\"1922\">\n<p data-start=\"1884\" data-end=\"1922\">Acabamentos internos e pain\u00e9is decorativos<\/p>\n<\/li>\n<li data-start=\"1923\" data-end=\"1961\">\n<p data-start=\"1925\" data-end=\"1961\">Ideal para <strong data-start=\"1935\" data-end=\"1950\">PPF de ve\u00edculo<\/strong> projetos<\/p>\n<\/li>\n<\/ul>\n<h2 data-start=\"1963\" data-end=\"1982\">Vantagens principais<\/h2>\n<ul data-start=\"1983\" data-end=\"2264\">\n<li data-start=\"1983\" data-end=\"2031\">\n<p data-start=\"1985\" data-end=\"2031\">Fornecimento direto da f\u00e1brica e personaliza\u00e7\u00e3o em grande quantidade<\/p>\n<\/li>\n<li data-start=\"2032\" data-end=\"2090\">\n<p data-start=\"2034\" data-end=\"2090\">Prote\u00e7\u00e3o hidrof\u00f3bica, autorrecupera\u00e7\u00e3o e resist\u00eancia a riscos<\/p>\n<\/li>\n<li data-start=\"2091\" data-end=\"2137\">\n<p data-start=\"2093\" data-end=\"2137\">Qualidade de filme de prote\u00e7\u00e3o de grau profissional<\/p>\n<\/li>\n<li data-start=\"2138\" data-end=\"2201\">\n<p data-start=\"2140\" data-end=\"2201\">Instala\u00e7\u00e3o f\u00e1cil para usu\u00e1rios de bricolagem e instaladores profissionais<\/p>\n<\/li>\n<li data-start=\"2202\" data-end=\"2264\">\n<p data-start=\"2204\" data-end=\"2264\">Adequado para oficinas automotivas, instaladores e entusiastas<\/p>\n<\/li>\n<\/ul>\n<h2 data-start=\"2266\" data-end=\"2287\">Inclui no pacote<\/h2>\n<ul data-start=\"2288\" data-end=\"2397\">\n<li data-start=\"2288\" data-end=\"2328\">\n<p data-start=\"2290\" data-end=\"2328\">1 Rolo de Filme de TPU Transparente de 7,5 mil<\/p>\n<\/li>\n<li data-start=\"2329\" data-end=\"2397\">\n<p data-start=\"2331\" data-end=\"2397\">Kit de instala\u00e7\u00e3o opcional: esp\u00e1tula, l\u00e2mina, pano de microfibra<\/p>\n<\/li>\n<\/ul>\n<h2 data-start=\"2399\" data-end=\"2428\">Por que escolher este produto?<\/h2>\n<p data-start=\"2429\" data-end=\"2647\">Este direto da f\u00e1brica <strong data-start=\"2449\" data-end=\"2474\">solu\u00e7\u00f5es de filme de prote\u00e7\u00e3o de pintura<\/strong> oferece durabilidade de grau profissional com garantia de 10 anos. Totalmente personaliz\u00e1vel para pedidos em grande quantidade ou individuais, ideal para instaladores, atacadistas e entusiastas automotivos.<\/p>\n<h2 data-start=\"738\" data-end=\"759\"><img fetchpriority=\"high\" decoding=\"async\" class=\"alignnone wp-image-9255 size-full\" style=\"color: #c0c0c1; font-size: 17px; font-weight: 400;\" src=\"https:\/\/www.carliseppf.com\/wp-content\/uploads\/2025\/10\/25c7ff18d03fce79381c95f5f50cfe95.png\" alt=\"car ppf\" width=\"800\" height=\"800\" srcset=\"https:\/\/www.carliseppf.com\/wp-content\/uploads\/2025\/10\/25c7ff18d03fce79381c95f5f50cfe95.png 800w, https:\/\/www.carliseppf.com\/wp-content\/uploads\/2025\/10\/25c7ff18d03fce79381c95f5f50cfe95-300x300.png 300w, https:\/\/www.carliseppf.com\/wp-content\/uploads\/2025\/10\/25c7ff18d03fce79381c95f5f50cfe95-150x150.png 150w, https:\/\/www.carliseppf.com\/wp-content\/uploads\/2025\/10\/25c7ff18d03fce79381c95f5f50cfe95-768x768.png 768w, https:\/\/www.carliseppf.com\/wp-content\/uploads\/2025\/10\/25c7ff18d03fce79381c95f5f50cfe95-370x370.png 370w, https:\/\/www.carliseppf.com\/wp-content\/uploads\/2025\/10\/25c7ff18d03fce79381c95f5f50cfe95-120x120.png 120w, https:\/\/www.carliseppf.com\/wp-content\/uploads\/2025\/10\/25c7ff18d03fce79381c95f5f50cfe95-410x410.png 410w, https:\/\/www.carliseppf.com\/wp-content\/uploads\/2025\/10\/25c7ff18d03fce79381c95f5f50cfe95-630x630.png 630w, https:\/\/www.carliseppf.com\/wp-content\/uploads\/2025\/10\/25c7ff18d03fce79381c95f5f50cfe95-730x730.png 730w, https:\/\/www.carliseppf.com\/wp-content\/uploads\/2025\/10\/25c7ff18d03fce79381c95f5f50cfe95-460x460.png 460w\" sizes=\"(max-width: 800px) 100vw, 800px\" \/> <img decoding=\"async\" class=\"alignnone wp-image-9253 size-full\" style=\"color: #c0c0c1; font-size: 17px; font-weight: 400;\" src=\"https:\/\/www.carliseppf.com\/wp-content\/uploads\/2025\/10\/3a997d47de1f32ea3c0c6af268b88a03.png\" alt=\"Car PPF \u2013 Filme de prote\u00e7\u00e3o de pintura TPU transparente de 7,5 mil para envelopamento completo de ve\u00edculos\" width=\"800\" height=\"800\" srcset=\"https:\/\/www.carliseppf.com\/wp-content\/uploads\/2025\/10\/3a997d47de1f32ea3c0c6af268b88a03.png 800w, https:\/\/www.carliseppf.com\/wp-content\/uploads\/2025\/10\/3a997d47de1f32ea3c0c6af268b88a03-300x300.png 300w, https:\/\/www.carliseppf.com\/wp-content\/uploads\/2025\/10\/3a997d47de1f32ea3c0c6af268b88a03-150x150.png 150w, https:\/\/www.carliseppf.com\/wp-content\/uploads\/2025\/10\/3a997d47de1f32ea3c0c6af268b88a03-768x768.png 768w, https:\/\/www.carliseppf.com\/wp-content\/uploads\/2025\/10\/3a997d47de1f32ea3c0c6af268b88a03-370x370.png 370w, https:\/\/www.carliseppf.com\/wp-content\/uploads\/2025\/10\/3a997d47de1f32ea3c0c6af268b88a03-120x120.png 120w, https:\/\/www.carliseppf.com\/wp-content\/uploads\/2025\/10\/3a997d47de1f32ea3c0c6af268b88a03-410x410.png 410w, https:\/\/www.carliseppf.com\/wp-content\/uploads\/2025\/10\/3a997d47de1f32ea3c0c6af268b88a03-630x630.png 630w, https:\/\/www.carliseppf.com\/wp-content\/uploads\/2025\/10\/3a997d47de1f32ea3c0c6af268b88a03-730x730.png 730w, https:\/\/www.carliseppf.com\/wp-content\/uploads\/2025\/10\/3a997d47de1f32ea3c0c6af268b88a03-460x460.png 460w\" sizes=\"(max-width: 800px) 100vw, 800px\" \/> <img decoding=\"async\" class=\"alignnone wp-image-9257 size-full\" style=\"color: #c0c0c1; font-size: 17px; font-weight: 400;\" src=\"https:\/\/www.carliseppf.com\/wp-content\/uploads\/2025\/10\/2672cc8791b66ee7f2c8b62c55ce68f7.png\" alt=\"Car PPF de alto brilho \u2013 Filme de prote\u00e7\u00e3o de ve\u00edculos hidrof\u00f3bico e auto-repar\u00e1vel\" width=\"800\" height=\"800\" srcset=\"https:\/\/www.carliseppf.com\/wp-content\/uploads\/2025\/10\/2672cc8791b66ee7f2c8b62c55ce68f7.png 800w, https:\/\/www.carliseppf.com\/wp-content\/uploads\/2025\/10\/2672cc8791b66ee7f2c8b62c55ce68f7-300x300.png 300w, https:\/\/www.carliseppf.com\/wp-content\/uploads\/2025\/10\/2672cc8791b66ee7f2c8b62c55ce68f7-150x150.png 150w, https:\/\/www.carliseppf.com\/wp-content\/uploads\/2025\/10\/2672cc8791b66ee7f2c8b62c55ce68f7-768x768.png 768w, https:\/\/www.carliseppf.com\/wp-content\/uploads\/2025\/10\/2672cc8791b66ee7f2c8b62c55ce68f7-370x370.png 370w, https:\/\/www.carliseppf.com\/wp-content\/uploads\/2025\/10\/2672cc8791b66ee7f2c8b62c55ce68f7-120x120.png 120w, https:\/\/www.carliseppf.com\/wp-content\/uploads\/2025\/10\/2672cc8791b66ee7f2c8b62c55ce68f7-410x410.png 410w, https:\/\/www.carliseppf.com\/wp-content\/uploads\/2025\/10\/2672cc8791b66ee7f2c8b62c55ce68f7-630x630.png 630w, https:\/\/www.carliseppf.com\/wp-content\/uploads\/2025\/10\/2672cc8791b66ee7f2c8b62c55ce68f7-730x730.png 730w, https:\/\/www.carliseppf.com\/wp-content\/uploads\/2025\/10\/2672cc8791b66ee7f2c8b62c55ce68f7-460x460.png 460w\" sizes=\"(max-width: 800px) 100vw, 800px\" \/> <img loading=\"lazy\" decoding=\"async\" class=\"alignnone wp-image-9258 size-full\" style=\"color: #c0c0c1; font-size: 17px; font-weight: 400;\" src=\"https:\/\/www.carliseppf.com\/wp-content\/uploads\/2025\/10\/864618d976298df0cf3cabf0e6edd00d.png\" alt=\"Car PPF premium \u2013 Filme de prote\u00e7\u00e3o de pintura transparente para carros e motocicletas\" width=\"800\" height=\"800\" srcset=\"https:\/\/www.carliseppf.com\/wp-content\/uploads\/2025\/10\/864618d976298df0cf3cabf0e6edd00d.png 800w, https:\/\/www.carliseppf.com\/wp-content\/uploads\/2025\/10\/864618d976298df0cf3cabf0e6edd00d-300x300.png 300w, https:\/\/www.carliseppf.com\/wp-content\/uploads\/2025\/10\/864618d976298df0cf3cabf0e6edd00d-150x150.png 150w, https:\/\/www.carliseppf.com\/wp-content\/uploads\/2025\/10\/864618d976298df0cf3cabf0e6edd00d-768x768.png 768w, https:\/\/www.carliseppf.com\/wp-content\/uploads\/2025\/10\/864618d976298df0cf3cabf0e6edd00d-370x370.png 370w, https:\/\/www.carliseppf.com\/wp-content\/uploads\/2025\/10\/864618d976298df0cf3cabf0e6edd00d-120x120.png 120w, https:\/\/www.carliseppf.com\/wp-content\/uploads\/2025\/10\/864618d976298df0cf3cabf0e6edd00d-410x410.png 410w, https:\/\/www.carliseppf.com\/wp-content\/uploads\/2025\/10\/864618d976298df0cf3cabf0e6edd00d-630x630.png 630w, https:\/\/www.carliseppf.com\/wp-content\/uploads\/2025\/10\/864618d976298df0cf3cabf0e6edd00d-730x730.png 730w, https:\/\/www.carliseppf.com\/wp-content\/uploads\/2025\/10\/864618d976298df0cf3cabf0e6edd00d-460x460.png 460w\" sizes=\"(max-width: 800px) 100vw, 800px\" \/> <img loading=\"lazy\" decoding=\"async\" class=\"alignnone wp-image-9254 size-full\" style=\"color: #c0c0c1; font-size: 17px; font-weight: 400;\" src=\"https:\/\/www.carliseppf.com\/wp-content\/uploads\/2025\/10\/5b6b94d510df62466bd694977cc0df89.png\" alt=\"Car PPF direto da f\u00e1brica \u2013 Filme TPU de 7,5 mil para cobertura total do ve\u00edculo\" width=\"800\" height=\"491\" srcset=\"https:\/\/www.carliseppf.com\/wp-content\/uploads\/2025\/10\/5b6b94d510df62466bd694977cc0df89.png 800w, https:\/\/www.carliseppf.com\/wp-content\/uploads\/2025\/10\/5b6b94d510df62466bd694977cc0df89-300x184.png 300w, https:\/\/www.carliseppf.com\/wp-content\/uploads\/2025\/10\/5b6b94d510df62466bd694977cc0df89-768x471.png 768w, https:\/\/www.carliseppf.com\/wp-content\/uploads\/2025\/10\/5b6b94d510df62466bd694977cc0df89-370x227.png 370w, https:\/\/www.carliseppf.com\/wp-content\/uploads\/2025\/10\/5b6b94d510df62466bd694977cc0df89-410x252.png 410w, https:\/\/www.carliseppf.com\/wp-content\/uploads\/2025\/10\/5b6b94d510df62466bd694977cc0df89-730x448.png 730w\" sizes=\"(max-width: 800px) 100vw, 800px\" \/> <img loading=\"lazy\" decoding=\"async\" class=\"alignnone wp-image-9256 size-full\" style=\"color: #c0c0c1; font-size: 17px; font-weight: 400;\" src=\"https:\/\/www.carliseppf.com\/wp-content\/uploads\/2025\/10\/567c3cfba8d37c87cd094403c3bf00b5.png\" alt=\"Carro profissional PPF \u2013 Filme de prote\u00e7\u00e3o de pintura transparente instala\u00e7\u00e3o f\u00e1cil\" width=\"800\" height=\"465\" srcset=\"https:\/\/www.carliseppf.com\/wp-content\/uploads\/2025\/10\/567c3cfba8d37c87cd094403c3bf00b5.png 800w, https:\/\/www.carliseppf.com\/wp-content\/uploads\/2025\/10\/567c3cfba8d37c87cd094403c3bf00b5-300x174.png 300w, https:\/\/www.carliseppf.com\/wp-content\/uploads\/2025\/10\/567c3cfba8d37c87cd094403c3bf00b5-768x446.png 768w, https:\/\/www.carliseppf.com\/wp-content\/uploads\/2025\/10\/567c3cfba8d37c87cd094403c3bf00b5-370x215.png 370w, https:\/\/www.carliseppf.com\/wp-content\/uploads\/2025\/10\/567c3cfba8d37c87cd094403c3bf00b5-410x238.png 410w, https:\/\/www.carliseppf.com\/wp-content\/uploads\/2025\/10\/567c3cfba8d37c87cd094403c3bf00b5-730x424.png 730w\" sizes=\"(max-width: 800px) 100vw, 800px\" \/><\/h2>","protected":false},"excerpt":{"rendered":"<p>Proteja seu ve\u00edculo com este <strong data-start=\"439\" data-end=\"450\">car ppf<\/strong> \u2013 Filme de prote\u00e7\u00e3o de pintura transparente de 7,5 mil com garantia de 10 anos. Recursos hidrof\u00f3bicos, auto-repar\u00e1veis e anti-riscos garantem durabilidade de longa dura\u00e7\u00e3o. Fornecimento direto de f\u00e1brica apoia pedidos em grande quantidade e personaliza\u00e7\u00e3o, perfeito para profissionais automotivos e entusiastas de carros.<\/p>","protected":false},"featured_media":9252,"comment_status":"open","ping_status":"closed","template":"","meta":[],"product_brand":[],"product_cat":[215],"product_tag":[],"class_list":{"0":"post-9251","1":"product","2":"type-product","3":"status-publish","4":"has-post-thumbnail","6":"product_cat-paint-protection-film-ppf","8":"first","9":"instock","10":"shipping-taxable","11":"product-type-simple"},"_links":{"self":[{"href":"https:\/\/www.carliseppf.com\/pt\/wp-json\/wp\/v2\/product\/9251","targetHints":{"allow":["GET"]}}],"collection":[{"href":"https:\/\/www.carliseppf.com\/pt\/wp-json\/wp\/v2\/product"}],"about":[{"href":"https:\/\/www.carliseppf.com\/pt\/wp-json\/wp\/v2\/types\/product"}],"replies":[{"embeddable":true,"href":"https:\/\/www.carliseppf.com\/pt\/wp-json\/wp\/v2\/comments?post=9251"}],"wp:featuredmedia":[{"embeddable":true,"href":"https:\/\/www.carliseppf.com\/pt\/wp-json\/wp\/v2\/media\/9252"}],"wp:attachment":[{"href":"https:\/\/www.carliseppf.com\/pt\/wp-json\/wp\/v2\/media?parent=9251"}],"wp:term":[{"taxonomy":"product_brand","embeddable":true,"href":"https:\/\/www.carliseppf.com\/pt\/wp-json\/wp\/v2\/product_brand?post=9251"},{"taxonomy":"product_cat","embeddable":true,"href":"https:\/\/www.carliseppf.com\/pt\/wp-json\/wp\/v2\/product_cat?post=9251"},{"taxonomy":"product_tag","embeddable":true,"href":"https:\/\/www.carliseppf.com\/pt\/wp-json\/wp\/v2\/product_tag?post=9251"}],"curies":[{"name":"wp","href":"https:\/\/api.w.org\/{rel}","templated":true}]}}