{"id":9261,"date":"2025-10-28T03:43:49","date_gmt":"2025-10-28T03:43:49","guid":{"rendered":"https:\/\/www.carliseppf.com\/?post_type=product&#038;p=9261"},"modified":"2025-11-20T11:45:49","modified_gmt":"2025-11-20T11:45:49","slug":"clear-ppf-high-gloss-7-5mil","status":"publish","type":"product","link":"https:\/\/www.carliseppf.com\/pt\/product\/clear-ppf-high-gloss-7-5mil\/","title":{"rendered":"PPF Transparente de Alto Brilho \u2013 Filme de Prote\u00e7\u00e3o de Pintura TPU Hidrof\u00f3bico de 7,5 mil"},"content":{"rendered":"<h2 data-start=\"740\" data-end=\"761\">Vis\u00e3o Geral do Produto<\/h2>\n<p data-start=\"762\" data-end=\"1118\">Este <strong data-start=\"767\" data-end=\"780\">PPF transparente<\/strong> \u00e9 feito de material TPU premium de 7,5 mil com acabamento de alto brilho e hidrof\u00f3bico. Oferece prote\u00e7\u00e3o superior de autorrecupera\u00e7\u00e3o e resist\u00eancia a riscos para envelopamentos completos ou parciais de ve\u00edculos. Perfeito para carros, motocicletas, cap\u00f4s, espelhos e pain\u00e9is decorativos. Fornecimento direto da f\u00e1brica suporta pedidos em grande quantidade e tamanhos personalizados para instaladores profissionais.<\/p>\n<h2 style=\"color: #ffffff; font-family: Manrope, sans-serif; font-size: 47.005px; font-weight: 600; font-style: normal; line-height: 47.9921px; text-decoration: none; text-transform: none; letter-spacing: normal; margin-top: 31.4934px; margin-bottom: 22.5624px; outline: 0px;\" data-start=\"1603\" data-end=\"1636\"><img fetchpriority=\"high\" decoding=\"async\" class=\"alignnone wp-image-9255 size-full\" style=\"color: #c0c0c1; font-size: 17px; font-weight: 400;\" src=\"https:\/\/www.carliseppf.com\/wp-content\/uploads\/2025\/10\/25c7ff18d03fce79381c95f5f50cfe95.png\" alt=\"PPF transparente\" width=\"800\" height=\"800\" srcset=\"https:\/\/www.carliseppf.com\/wp-content\/uploads\/2025\/10\/25c7ff18d03fce79381c95f5f50cfe95.png 800w, https:\/\/www.carliseppf.com\/wp-content\/uploads\/2025\/10\/25c7ff18d03fce79381c95f5f50cfe95-300x300.png 300w, https:\/\/www.carliseppf.com\/wp-content\/uploads\/2025\/10\/25c7ff18d03fce79381c95f5f50cfe95-150x150.png 150w, https:\/\/www.carliseppf.com\/wp-content\/uploads\/2025\/10\/25c7ff18d03fce79381c95f5f50cfe95-768x768.png 768w, https:\/\/www.carliseppf.com\/wp-content\/uploads\/2025\/10\/25c7ff18d03fce79381c95f5f50cfe95-370x370.png 370w, https:\/\/www.carliseppf.com\/wp-content\/uploads\/2025\/10\/25c7ff18d03fce79381c95f5f50cfe95-120x120.png 120w, https:\/\/www.carliseppf.com\/wp-content\/uploads\/2025\/10\/25c7ff18d03fce79381c95f5f50cfe95-410x410.png 410w, https:\/\/www.carliseppf.com\/wp-content\/uploads\/2025\/10\/25c7ff18d03fce79381c95f5f50cfe95-630x630.png 630w, https:\/\/www.carliseppf.com\/wp-content\/uploads\/2025\/10\/25c7ff18d03fce79381c95f5f50cfe95-730x730.png 730w, https:\/\/www.carliseppf.com\/wp-content\/uploads\/2025\/10\/25c7ff18d03fce79381c95f5f50cfe95-460x460.png 460w\" sizes=\"(max-width: 800px) 100vw, 800px\" \/><\/h2>\n<h2 data-start=\"1120\" data-end=\"1144\">Recursos &amp; Benef\u00edcios<\/h2>\n<ul data-start=\"1145\" data-end=\"1448\">\n<li data-start=\"1145\" data-end=\"1207\">\n<p data-start=\"1147\" data-end=\"1207\">Alto brilho <strong data-start=\"1158\" data-end=\"1171\">PPF transparente<\/strong> para brilho e prote\u00e7\u00e3o m\u00e1ximos<\/p>\n<\/li>\n<li data-start=\"1208\" data-end=\"1266\">\n<p data-start=\"1210\" data-end=\"1266\">Tecnologia hidrof\u00f3bica, autorrecupera\u00e7\u00e3o e resist\u00eancia a riscos<\/p>\n<\/li>\n<li data-start=\"1267\" data-end=\"1316\">\n<p data-start=\"1269\" data-end=\"1316\">Espessura de 7,5 mil para durabilidade de longa dura\u00e7\u00e3o<\/p>\n<\/li>\n<li data-start=\"1317\" data-end=\"1367\">\n<p data-start=\"1319\" data-end=\"1367\">Flex\u00edvel e f\u00e1cil de aplicar em curvas e arestas<\/p>\n<\/li>\n<li data-start=\"1368\" data-end=\"1448\">\n<p data-start=\"1370\" data-end=\"1448\">Ideal para cobertura total ou parcial do ve\u00edculo, pedidos em grande quantidade e projetos personalizados<\/p>\n<\/li>\n<\/ul>\n<h2 data-start=\"1450\" data-end=\"1476\">Material de Alta Qualidade<\/h2>\n<ul data-start=\"1477\" data-end=\"1601\">\n<li data-start=\"1477\" data-end=\"1509\">\n<p data-start=\"1479\" data-end=\"1509\">Vinil automotivo TPU premium<\/p>\n<\/li>\n<li data-start=\"1510\" data-end=\"1541\">\n<p data-start=\"1512\" data-end=\"1541\">Resistente a UV e \u00e0 \u00e1gua<\/p>\n<\/li>\n<li data-start=\"1542\" data-end=\"1564\">\n<p data-start=\"1544\" data-end=\"1564\">Seguro para pintura OEM<\/p>\n<\/li>\n<li data-start=\"1565\" data-end=\"1601\">\n<p data-start=\"1567\" data-end=\"1601\">Desempenho externo de longa dura\u00e7\u00e3o<\/p>\n<\/li>\n<\/ul>\n<h2 data-start=\"1603\" data-end=\"1636\">Instala\u00e7\u00e3o &amp; Personaliza\u00e7\u00e3o<\/h2>\n<ul data-start=\"1637\" data-end=\"1835\">\n<li data-start=\"1637\" data-end=\"1689\">\n<p data-start=\"1639\" data-end=\"1689\">Adesivo de libera\u00e7\u00e3o de ar para aplica\u00e7\u00e3o sem bolhas<\/p>\n<\/li>\n<li data-start=\"1690\" data-end=\"1728\">\n<p data-start=\"1692\" data-end=\"1728\">Form\u00e1vel ao calor para curvas e arestas<\/p>\n<\/li>\n<li data-start=\"1729\" data-end=\"1780\">\n<p data-start=\"1731\" data-end=\"1780\">Rolos personaliz\u00e1veis para pedidos em grande quantidade ou atacado<\/p>\n<\/li>\n<li data-start=\"1781\" data-end=\"1835\">\n<p data-start=\"1783\" data-end=\"1835\">Adequado para instaladores profissionais e usu\u00e1rios de bricolagem<\/p>\n<\/li>\n<\/ul>\n<h2 data-start=\"1837\" data-end=\"1854\">Aplica\u00e7\u00f5es<\/h2>\n<ul data-start=\"1855\" data-end=\"2033\">\n<li data-start=\"1855\" data-end=\"1902\">\n<p data-start=\"1857\" data-end=\"1902\">Envelopamentos completos de ve\u00edculos: carros, SUVs, motocicletas<\/p>\n<\/li>\n<li data-start=\"1903\" data-end=\"1953\">\n<p data-start=\"1905\" data-end=\"1953\">Envelopamentos parciais: cap\u00f4s, tetos, espelhos, spoilers<\/p>\n<\/li>\n<li data-start=\"1954\" data-end=\"1994\">\n<p data-start=\"1956\" data-end=\"1994\">Acabamentos internos e pain\u00e9is decorativos<\/p>\n<\/li>\n<li data-start=\"1995\" data-end=\"2033\">\n<p data-start=\"1997\" data-end=\"2033\">Perfeito para <strong data-start=\"2009\" data-end=\"2022\">PPF transparente<\/strong> projetos<\/p>\n<\/li>\n<\/ul>\n<h2 data-start=\"2035\" data-end=\"2054\">Vantagens principais<\/h2>\n<ul data-start=\"2055\" data-end=\"2328\">\n<li data-start=\"2055\" data-end=\"2088\">\n<p data-start=\"2057\" data-end=\"2088\">Premium <strong data-start=\"2065\" data-end=\"2078\">PPF transparente<\/strong> qualidade<\/p>\n<\/li>\n<li data-start=\"2089\" data-end=\"2147\">\n<p data-start=\"2091\" data-end=\"2147\">Prote\u00e7\u00e3o hidrof\u00f3bica, autorrecupera\u00e7\u00e3o e resist\u00eancia a riscos<\/p>\n<\/li>\n<li data-start=\"2148\" data-end=\"2202\">\n<p data-start=\"2150\" data-end=\"2202\">Direto da f\u00e1brica, totalmente personaliz\u00e1vel para pedidos em grande quantidade<\/p>\n<\/li>\n<li data-start=\"2203\" data-end=\"2266\">\n<p data-start=\"2205\" data-end=\"2266\">Instala\u00e7\u00e3o f\u00e1cil para usu\u00e1rios de bricolagem e instaladores profissionais<\/p>\n<\/li>\n<li data-start=\"2267\" data-end=\"2328\">\n<p data-start=\"2269\" data-end=\"2328\">Perfeito para oficinas automotivas, instaladores e entusiastas<\/p>\n<\/li>\n<\/ul>\n<h2 data-start=\"2330\" data-end=\"2351\">Inclui no pacote<\/h2>\n<ul data-start=\"2352\" data-end=\"2470\">\n<li data-start=\"2352\" data-end=\"2401\">\n<p data-start=\"2354\" data-end=\"2401\">1 Rolo de Filme de Prote\u00e7\u00e3o de Pintura PPF Transparente de Alto Brilho (7,5 mil)<\/p>\n<\/li>\n<li data-start=\"2402\" data-end=\"2470\">\n<p data-start=\"2404\" data-end=\"2470\">Kit de instala\u00e7\u00e3o opcional: esp\u00e1tula, l\u00e2mina, pano de microfibra<\/p>\n<\/li>\n<\/ul>\n<h2 data-start=\"2472\" data-end=\"2501\">Por que escolher este produto?<\/h2>\n<p data-start=\"2502\" data-end=\"2740\">Este direto da f\u00e1brica <strong data-start=\"2522\" data-end=\"2535\">PPF transparente<\/strong> oferece prote\u00e7\u00e3o de n\u00edvel profissional, desempenho hidrof\u00f3bico e durabilidade de longa dura\u00e7\u00e3o. Totalmente personaliz\u00e1vel para pedidos em grande quantidade ou individuais, ideal para instaladores, atacadistas e entusiastas automotivos.<\/p>\n<p>\u00a0<img decoding=\"async\" class=\"alignnone wp-image-9253 size-full\" src=\"https:\/\/www.carliseppf.com\/wp-content\/uploads\/2025\/10\/3a997d47de1f32ea3c0c6af268b88a03.png\" alt=\"PPF transparente \u2013 Filme de prote\u00e7\u00e3o de pintura de TPU de alto brilho hidrof\u00f3bico de 7,5 mil para envelopamento completo de ve\u00edculos\" width=\"800\" height=\"800\" srcset=\"https:\/\/www.carliseppf.com\/wp-content\/uploads\/2025\/10\/3a997d47de1f32ea3c0c6af268b88a03.png 800w, https:\/\/www.carliseppf.com\/wp-content\/uploads\/2025\/10\/3a997d47de1f32ea3c0c6af268b88a03-300x300.png 300w, https:\/\/www.carliseppf.com\/wp-content\/uploads\/2025\/10\/3a997d47de1f32ea3c0c6af268b88a03-150x150.png 150w, https:\/\/www.carliseppf.com\/wp-content\/uploads\/2025\/10\/3a997d47de1f32ea3c0c6af268b88a03-768x768.png 768w, https:\/\/www.carliseppf.com\/wp-content\/uploads\/2025\/10\/3a997d47de1f32ea3c0c6af268b88a03-370x370.png 370w, https:\/\/www.carliseppf.com\/wp-content\/uploads\/2025\/10\/3a997d47de1f32ea3c0c6af268b88a03-120x120.png 120w, https:\/\/www.carliseppf.com\/wp-content\/uploads\/2025\/10\/3a997d47de1f32ea3c0c6af268b88a03-410x410.png 410w, https:\/\/www.carliseppf.com\/wp-content\/uploads\/2025\/10\/3a997d47de1f32ea3c0c6af268b88a03-630x630.png 630w, https:\/\/www.carliseppf.com\/wp-content\/uploads\/2025\/10\/3a997d47de1f32ea3c0c6af268b88a03-730x730.png 730w, https:\/\/www.carliseppf.com\/wp-content\/uploads\/2025\/10\/3a997d47de1f32ea3c0c6af268b88a03-460x460.png 460w\" sizes=\"(max-width: 800px) 100vw, 800px\" \/> <img decoding=\"async\" class=\"alignnone wp-image-9257 size-full\" src=\"https:\/\/www.carliseppf.com\/wp-content\/uploads\/2025\/10\/2672cc8791b66ee7f2c8b62c55ce68f7.png\" alt=\"PPF transparente \u2013 Filme de prote\u00e7\u00e3o de pintura de TPU premium de vista lateral\" width=\"800\" height=\"800\" srcset=\"https:\/\/www.carliseppf.com\/wp-content\/uploads\/2025\/10\/2672cc8791b66ee7f2c8b62c55ce68f7.png 800w, https:\/\/www.carliseppf.com\/wp-content\/uploads\/2025\/10\/2672cc8791b66ee7f2c8b62c55ce68f7-300x300.png 300w, https:\/\/www.carliseppf.com\/wp-content\/uploads\/2025\/10\/2672cc8791b66ee7f2c8b62c55ce68f7-150x150.png 150w, https:\/\/www.carliseppf.com\/wp-content\/uploads\/2025\/10\/2672cc8791b66ee7f2c8b62c55ce68f7-768x768.png 768w, https:\/\/www.carliseppf.com\/wp-content\/uploads\/2025\/10\/2672cc8791b66ee7f2c8b62c55ce68f7-370x370.png 370w, https:\/\/www.carliseppf.com\/wp-content\/uploads\/2025\/10\/2672cc8791b66ee7f2c8b62c55ce68f7-120x120.png 120w, https:\/\/www.carliseppf.com\/wp-content\/uploads\/2025\/10\/2672cc8791b66ee7f2c8b62c55ce68f7-410x410.png 410w, https:\/\/www.carliseppf.com\/wp-content\/uploads\/2025\/10\/2672cc8791b66ee7f2c8b62c55ce68f7-630x630.png 630w, https:\/\/www.carliseppf.com\/wp-content\/uploads\/2025\/10\/2672cc8791b66ee7f2c8b62c55ce68f7-730x730.png 730w, https:\/\/www.carliseppf.com\/wp-content\/uploads\/2025\/10\/2672cc8791b66ee7f2c8b62c55ce68f7-460x460.png 460w\" sizes=\"(max-width: 800px) 100vw, 800px\" \/> <img loading=\"lazy\" decoding=\"async\" class=\"alignnone wp-image-9258 size-full\" src=\"https:\/\/www.carliseppf.com\/wp-content\/uploads\/2025\/10\/864618d976298df0cf3cabf0e6edd00d.png\" alt=\"PPF transparente \u2013 Filme de carro hidrof\u00f3bico autorrecuper\u00e1vel anti-riscos\" width=\"800\" height=\"800\" srcset=\"https:\/\/www.carliseppf.com\/wp-content\/uploads\/2025\/10\/864618d976298df0cf3cabf0e6edd00d.png 800w, https:\/\/www.carliseppf.com\/wp-content\/uploads\/2025\/10\/864618d976298df0cf3cabf0e6edd00d-300x300.png 300w, https:\/\/www.carliseppf.com\/wp-content\/uploads\/2025\/10\/864618d976298df0cf3cabf0e6edd00d-150x150.png 150w, https:\/\/www.carliseppf.com\/wp-content\/uploads\/2025\/10\/864618d976298df0cf3cabf0e6edd00d-768x768.png 768w, https:\/\/www.carliseppf.com\/wp-content\/uploads\/2025\/10\/864618d976298df0cf3cabf0e6edd00d-370x370.png 370w, https:\/\/www.carliseppf.com\/wp-content\/uploads\/2025\/10\/864618d976298df0cf3cabf0e6edd00d-120x120.png 120w, https:\/\/www.carliseppf.com\/wp-content\/uploads\/2025\/10\/864618d976298df0cf3cabf0e6edd00d-410x410.png 410w, https:\/\/www.carliseppf.com\/wp-content\/uploads\/2025\/10\/864618d976298df0cf3cabf0e6edd00d-630x630.png 630w, https:\/\/www.carliseppf.com\/wp-content\/uploads\/2025\/10\/864618d976298df0cf3cabf0e6edd00d-730x730.png 730w, https:\/\/www.carliseppf.com\/wp-content\/uploads\/2025\/10\/864618d976298df0cf3cabf0e6edd00d-460x460.png 460w\" sizes=\"(max-width: 800px) 100vw, 800px\" \/> <img loading=\"lazy\" decoding=\"async\" class=\"alignnone wp-image-9254 size-full\" src=\"https:\/\/www.carliseppf.com\/wp-content\/uploads\/2025\/10\/5b6b94d510df62466bd694977cc0df89.png\" alt=\"PPF transparente \u2013 Cobertura completa do ve\u00edculo com filme de TPU de alto brilho\" width=\"800\" height=\"491\" srcset=\"https:\/\/www.carliseppf.com\/wp-content\/uploads\/2025\/10\/5b6b94d510df62466bd694977cc0df89.png 800w, https:\/\/www.carliseppf.com\/wp-content\/uploads\/2025\/10\/5b6b94d510df62466bd694977cc0df89-300x184.png 300w, https:\/\/www.carliseppf.com\/wp-content\/uploads\/2025\/10\/5b6b94d510df62466bd694977cc0df89-768x471.png 768w, https:\/\/www.carliseppf.com\/wp-content\/uploads\/2025\/10\/5b6b94d510df62466bd694977cc0df89-370x227.png 370w, https:\/\/www.carliseppf.com\/wp-content\/uploads\/2025\/10\/5b6b94d510df62466bd694977cc0df89-410x252.png 410w, https:\/\/www.carliseppf.com\/wp-content\/uploads\/2025\/10\/5b6b94d510df62466bd694977cc0df89-730x448.png 730w\" sizes=\"(max-width: 800px) 100vw, 800px\" \/> <img loading=\"lazy\" decoding=\"async\" class=\"alignnone wp-image-9256 size-full\" src=\"https:\/\/www.carliseppf.com\/wp-content\/uploads\/2025\/10\/567c3cfba8d37c87cd094403c3bf00b5.png\" alt=\"PPF transparente \u2013 Instala\u00e7\u00e3o profissional para prote\u00e7\u00e3o de carro de alto brilho\" width=\"800\" height=\"465\" srcset=\"https:\/\/www.carliseppf.com\/wp-content\/uploads\/2025\/10\/567c3cfba8d37c87cd094403c3bf00b5.png 800w, https:\/\/www.carliseppf.com\/wp-content\/uploads\/2025\/10\/567c3cfba8d37c87cd094403c3bf00b5-300x174.png 300w, https:\/\/www.carliseppf.com\/wp-content\/uploads\/2025\/10\/567c3cfba8d37c87cd094403c3bf00b5-768x446.png 768w, https:\/\/www.carliseppf.com\/wp-content\/uploads\/2025\/10\/567c3cfba8d37c87cd094403c3bf00b5-370x215.png 370w, https:\/\/www.carliseppf.com\/wp-content\/uploads\/2025\/10\/567c3cfba8d37c87cd094403c3bf00b5-410x238.png 410w, https:\/\/www.carliseppf.com\/wp-content\/uploads\/2025\/10\/567c3cfba8d37c87cd094403c3bf00b5-730x424.png 730w\" sizes=\"(max-width: 800px) 100vw, 800px\" \/><\/p>","protected":false},"excerpt":{"rendered":"<p>Proteja seu ve\u00edculo com este <strong data-start=\"446\" data-end=\"459\">PPF transparente<\/strong> \u2013 filme de prote\u00e7\u00e3o de pintura de alto brilho hidrof\u00f3bico de TPU de 7,5 mil oferecendo autorrecupera\u00e7\u00e3o, resist\u00eancia a riscos e durabilidade de longa dura\u00e7\u00e3o. Fornecimento direto da f\u00e1brica, totalmente personaliz\u00e1vel para pedidos em grande quantidade. Ideal para instaladores profissionais, oficinas automotivas e entusiastas de carros.<\/p>","protected":false},"featured_media":9262,"comment_status":"open","ping_status":"closed","template":"","meta":[],"product_brand":[],"product_cat":[215],"product_tag":[],"class_list":{"0":"post-9261","1":"product","2":"type-product","3":"status-publish","4":"has-post-thumbnail","6":"product_cat-paint-protection-film-ppf","8":"first","9":"instock","10":"shipping-taxable","11":"product-type-simple"},"_links":{"self":[{"href":"https:\/\/www.carliseppf.com\/pt\/wp-json\/wp\/v2\/product\/9261","targetHints":{"allow":["GET"]}}],"collection":[{"href":"https:\/\/www.carliseppf.com\/pt\/wp-json\/wp\/v2\/product"}],"about":[{"href":"https:\/\/www.carliseppf.com\/pt\/wp-json\/wp\/v2\/types\/product"}],"replies":[{"embeddable":true,"href":"https:\/\/www.carliseppf.com\/pt\/wp-json\/wp\/v2\/comments?post=9261"}],"wp:featuredmedia":[{"embeddable":true,"href":"https:\/\/www.carliseppf.com\/pt\/wp-json\/wp\/v2\/media\/9262"}],"wp:attachment":[{"href":"https:\/\/www.carliseppf.com\/pt\/wp-json\/wp\/v2\/media?parent=9261"}],"wp:term":[{"taxonomy":"product_brand","embeddable":true,"href":"https:\/\/www.carliseppf.com\/pt\/wp-json\/wp\/v2\/product_brand?post=9261"},{"taxonomy":"product_cat","embeddable":true,"href":"https:\/\/www.carliseppf.com\/pt\/wp-json\/wp\/v2\/product_cat?post=9261"},{"taxonomy":"product_tag","embeddable":true,"href":"https:\/\/www.carliseppf.com\/pt\/wp-json\/wp\/v2\/product_tag?post=9261"}],"curies":[{"name":"wp","href":"https:\/\/api.w.org\/{rel}","templated":true}]}}