{"id":9264,"date":"2025-10-28T03:45:44","date_gmt":"2025-10-28T03:45:44","guid":{"rendered":"https:\/\/www.carliseppf.com\/?post_type=product&#038;p=9264"},"modified":"2025-11-20T11:38:26","modified_gmt":"2025-11-20T11:38:26","slug":"ppf-wrap-hydrophobic-7-5mil-clear","status":"publish","type":"product","link":"https:\/\/www.carliseppf.com\/pt\/product\/ppf-wrap-hydrophobic-7-5mil-clear\/","title":{"rendered":"PPF Transparente Hidrof\u00f3bico de 7,5 mil \u2013 Envolt\u00f3rio de Prote\u00e7\u00e3o de Pintura de Carro Premium"},"content":{"rendered":"<h2 data-start=\"676\" data-end=\"697\">Vis\u00e3o Geral do Produto<\/h2>\n<p data-start=\"698\" data-end=\"1037\">Este <strong data-start=\"703\" data-end=\"715\">ppf wrap<\/strong> \u00e9 feito de material TPU transparente de alta qualidade de 7,5 mil, oferecendo prote\u00e7\u00e3o hidrof\u00f3bica, autorrecuper\u00e1vel e resistente a riscos para o seu carro. Perfeito para wraps completos ou parciais em carros, motocicletas, cap\u00f4s, espelhos e pain\u00e9is decorativos. Fornecimento direto de f\u00e1brica garante pedidos em grande quantidade e tamanhos personaliz\u00e1veis para instaladores profissionais.<\/p>\n<h2 style=\"color: #ffffff; font-family: Manrope, sans-serif; font-size: 47.005px; font-weight: 600; font-style: normal; line-height: 47.9921px; text-decoration: none; text-transform: none; letter-spacing: normal; margin-top: 31.4934px; margin-bottom: 22.5624px; outline: 0px;\" data-start=\"1358\" data-end=\"1384\"><img fetchpriority=\"high\" decoding=\"async\" class=\"alignnone wp-image-9255 size-full\" style=\"color: #c0c0c1; font-size: 17px; font-weight: 400;\" src=\"https:\/\/www.carliseppf.com\/wp-content\/uploads\/2025\/10\/25c7ff18d03fce79381c95f5f50cfe95.png\" alt=\"ppf wrap\" width=\"800\" height=\"800\" srcset=\"https:\/\/www.carliseppf.com\/wp-content\/uploads\/2025\/10\/25c7ff18d03fce79381c95f5f50cfe95.png 800w, https:\/\/www.carliseppf.com\/wp-content\/uploads\/2025\/10\/25c7ff18d03fce79381c95f5f50cfe95-300x300.png 300w, https:\/\/www.carliseppf.com\/wp-content\/uploads\/2025\/10\/25c7ff18d03fce79381c95f5f50cfe95-150x150.png 150w, https:\/\/www.carliseppf.com\/wp-content\/uploads\/2025\/10\/25c7ff18d03fce79381c95f5f50cfe95-768x768.png 768w, https:\/\/www.carliseppf.com\/wp-content\/uploads\/2025\/10\/25c7ff18d03fce79381c95f5f50cfe95-370x370.png 370w, https:\/\/www.carliseppf.com\/wp-content\/uploads\/2025\/10\/25c7ff18d03fce79381c95f5f50cfe95-120x120.png 120w, https:\/\/www.carliseppf.com\/wp-content\/uploads\/2025\/10\/25c7ff18d03fce79381c95f5f50cfe95-410x410.png 410w, https:\/\/www.carliseppf.com\/wp-content\/uploads\/2025\/10\/25c7ff18d03fce79381c95f5f50cfe95-630x630.png 630w, https:\/\/www.carliseppf.com\/wp-content\/uploads\/2025\/10\/25c7ff18d03fce79381c95f5f50cfe95-730x730.png 730w, https:\/\/www.carliseppf.com\/wp-content\/uploads\/2025\/10\/25c7ff18d03fce79381c95f5f50cfe95-460x460.png 460w\" sizes=\"(max-width: 800px) 100vw, 800px\" \/><\/h2>\n<h2 data-start=\"1039\" data-end=\"1063\">Recursos &amp; Benef\u00edcios<\/h2>\n<ul data-start=\"1064\" data-end=\"1356\">\n<li data-start=\"1064\" data-end=\"1120\">\n<p data-start=\"1066\" data-end=\"1120\">Filme transparente hidrof\u00f3bico para resist\u00eancia superior \u00e0 \u00e1gua<\/p>\n<\/li>\n<li data-start=\"1121\" data-end=\"1165\">\n<p data-start=\"1123\" data-end=\"1165\">Tecnologia de auto-reparo e anti-risco<\/p>\n<\/li>\n<li data-start=\"1166\" data-end=\"1215\">\n<p data-start=\"1168\" data-end=\"1215\">Espessura de 7,5 mil para prote\u00e7\u00e3o duradoura<\/p>\n<\/li>\n<li data-start=\"1216\" data-end=\"1275\">\n<p data-start=\"1218\" data-end=\"1275\">Flex\u00edvel e resistente, f\u00e1cil de aplicar em curvas e arestas<\/p>\n<\/li>\n<li data-start=\"1276\" data-end=\"1356\">\n<p data-start=\"1278\" data-end=\"1356\">Ideal para cobertura total ou parcial do ve\u00edculo, pedidos em grande quantidade e projetos personalizados<\/p>\n<\/li>\n<\/ul>\n<h2 data-start=\"1358\" data-end=\"1384\">Material de Alta Qualidade<\/h2>\n<ul data-start=\"1385\" data-end=\"1509\">\n<li data-start=\"1385\" data-end=\"1417\">\n<p data-start=\"1387\" data-end=\"1417\">Vinil automotivo TPU premium<\/p>\n<\/li>\n<li data-start=\"1418\" data-end=\"1449\">\n<p data-start=\"1420\" data-end=\"1449\">Resistente a UV e \u00e0 \u00e1gua<\/p>\n<\/li>\n<li data-start=\"1450\" data-end=\"1472\">\n<p data-start=\"1452\" data-end=\"1472\">Seguro para pintura OEM<\/p>\n<\/li>\n<li data-start=\"1473\" data-end=\"1509\">\n<p data-start=\"1475\" data-end=\"1509\">Desempenho externo de longa dura\u00e7\u00e3o<\/p>\n<\/li>\n<\/ul>\n<h2 data-start=\"1511\" data-end=\"1544\">Instala\u00e7\u00e3o &amp; Personaliza\u00e7\u00e3o<\/h2>\n<ul data-start=\"1545\" data-end=\"1743\">\n<li data-start=\"1545\" data-end=\"1597\">\n<p data-start=\"1547\" data-end=\"1597\">Adesivo de libera\u00e7\u00e3o de ar para aplica\u00e7\u00e3o sem bolhas<\/p>\n<\/li>\n<li data-start=\"1598\" data-end=\"1636\">\n<p data-start=\"1600\" data-end=\"1636\">Form\u00e1vel ao calor para curvas e arestas<\/p>\n<\/li>\n<li data-start=\"1637\" data-end=\"1688\">\n<p data-start=\"1639\" data-end=\"1688\">Rolos personaliz\u00e1veis para pedidos em grande quantidade ou atacado<\/p>\n<\/li>\n<li data-start=\"1689\" data-end=\"1743\">\n<p data-start=\"1691\" data-end=\"1743\">Adequado para instaladores profissionais e usu\u00e1rios de bricolagem<\/p>\n<\/li>\n<\/ul>\n<h2 data-start=\"1745\" data-end=\"1762\">Aplica\u00e7\u00f5es<\/h2>\n<ul data-start=\"1763\" data-end=\"1940\">\n<li data-start=\"1763\" data-end=\"1810\">\n<p data-start=\"1765\" data-end=\"1810\">Envelopamentos completos de ve\u00edculos: carros, SUVs, motocicletas<\/p>\n<\/li>\n<li data-start=\"1811\" data-end=\"1861\">\n<p data-start=\"1813\" data-end=\"1861\">Envelopamentos parciais: cap\u00f4s, tetos, espelhos, spoilers<\/p>\n<\/li>\n<li data-start=\"1862\" data-end=\"1902\">\n<p data-start=\"1864\" data-end=\"1902\">Acabamentos internos e pain\u00e9is decorativos<\/p>\n<\/li>\n<li data-start=\"1903\" data-end=\"1940\">\n<p data-start=\"1905\" data-end=\"1940\">Perfeito para <strong data-start=\"1917\" data-end=\"1929\">ppf wrap<\/strong> projetos<\/p>\n<\/li>\n<\/ul>\n<h2 data-start=\"1942\" data-end=\"1961\">Vantagens principais<\/h2>\n<ul data-start=\"1962\" data-end=\"2234\">\n<li data-start=\"1962\" data-end=\"1994\">\n<p data-start=\"1964\" data-end=\"1994\">Premium <strong data-start=\"1972\" data-end=\"1984\">ppf wrap<\/strong> qualidade<\/p>\n<\/li>\n<li data-start=\"1995\" data-end=\"2053\">\n<p data-start=\"1997\" data-end=\"2053\">Prote\u00e7\u00e3o hidrof\u00f3bica, autorrecupera\u00e7\u00e3o e resist\u00eancia a riscos<\/p>\n<\/li>\n<li data-start=\"2054\" data-end=\"2108\">\n<p data-start=\"2056\" data-end=\"2108\">Direto da f\u00e1brica, totalmente personaliz\u00e1vel para pedidos em grande quantidade<\/p>\n<\/li>\n<li data-start=\"2109\" data-end=\"2172\">\n<p data-start=\"2111\" data-end=\"2172\">Instala\u00e7\u00e3o f\u00e1cil para usu\u00e1rios de bricolagem e instaladores profissionais<\/p>\n<\/li>\n<li data-start=\"2173\" data-end=\"2234\">\n<p data-start=\"2175\" data-end=\"2234\">Perfeito para oficinas automotivas, instaladores e entusiastas<\/p>\n<\/li>\n<\/ul>\n<h2 data-start=\"2236\" data-end=\"2257\">Inclui no pacote<\/h2>\n<ul data-start=\"2258\" data-end=\"2375\">\n<li data-start=\"2258\" data-end=\"2306\">\n<p data-start=\"2260\" data-end=\"2306\">1 Rolo de Filme PPF Transparente Hidrof\u00f3bico de 7,5 mil<\/p>\n<\/li>\n<li data-start=\"2307\" data-end=\"2375\">\n<p data-start=\"2309\" data-end=\"2375\">Kit de instala\u00e7\u00e3o opcional: esp\u00e1tula, l\u00e2mina, pano de microfibra<\/p>\n<\/li>\n<\/ul>\n<h2 data-start=\"2377\" data-end=\"2406\">Por que escolher este produto?<\/h2>\n<p data-start=\"2407\" data-end=\"2644\">Este direto da f\u00e1brica <strong data-start=\"2427\" data-end=\"2439\">ppf wrap<\/strong> oferece prote\u00e7\u00e3o de n\u00edvel profissional, desempenho hidrof\u00f3bico e durabilidade de longa dura\u00e7\u00e3o. Totalmente personaliz\u00e1vel para pedidos em grande quantidade ou individuais, ideal para instaladores, atacadistas e entusiastas automotivos.<\/p>\n<p>\u00a0<img decoding=\"async\" class=\"alignnone wp-image-9253 size-full\" src=\"https:\/\/www.carliseppf.com\/wp-content\/uploads\/2025\/10\/3a997d47de1f32ea3c0c6af268b88a03.png\" alt=\"PPF Wrap \u2013 Filme de Prote\u00e7\u00e3o de Pintura Transparente Hidrof\u00f3bico de 7,5 mil para Envelopamento Completo de Carros\" width=\"800\" height=\"800\" srcset=\"https:\/\/www.carliseppf.com\/wp-content\/uploads\/2025\/10\/3a997d47de1f32ea3c0c6af268b88a03.png 800w, https:\/\/www.carliseppf.com\/wp-content\/uploads\/2025\/10\/3a997d47de1f32ea3c0c6af268b88a03-300x300.png 300w, https:\/\/www.carliseppf.com\/wp-content\/uploads\/2025\/10\/3a997d47de1f32ea3c0c6af268b88a03-150x150.png 150w, https:\/\/www.carliseppf.com\/wp-content\/uploads\/2025\/10\/3a997d47de1f32ea3c0c6af268b88a03-768x768.png 768w, https:\/\/www.carliseppf.com\/wp-content\/uploads\/2025\/10\/3a997d47de1f32ea3c0c6af268b88a03-370x370.png 370w, https:\/\/www.carliseppf.com\/wp-content\/uploads\/2025\/10\/3a997d47de1f32ea3c0c6af268b88a03-120x120.png 120w, https:\/\/www.carliseppf.com\/wp-content\/uploads\/2025\/10\/3a997d47de1f32ea3c0c6af268b88a03-410x410.png 410w, https:\/\/www.carliseppf.com\/wp-content\/uploads\/2025\/10\/3a997d47de1f32ea3c0c6af268b88a03-630x630.png 630w, https:\/\/www.carliseppf.com\/wp-content\/uploads\/2025\/10\/3a997d47de1f32ea3c0c6af268b88a03-730x730.png 730w, https:\/\/www.carliseppf.com\/wp-content\/uploads\/2025\/10\/3a997d47de1f32ea3c0c6af268b88a03-460x460.png 460w\" sizes=\"(max-width: 800px) 100vw, 800px\" \/> <img decoding=\"async\" class=\"alignnone wp-image-9257 size-full\" src=\"https:\/\/www.carliseppf.com\/wp-content\/uploads\/2025\/10\/2672cc8791b66ee7f2c8b62c55ce68f7.png\" alt=\"PPF Wrap \u2013 Filme TPU Hidrof\u00f3bico Autorrecuper\u00e1vel e Resistente a Riscos para Prote\u00e7\u00e3o de Carros\" width=\"800\" height=\"800\" srcset=\"https:\/\/www.carliseppf.com\/wp-content\/uploads\/2025\/10\/2672cc8791b66ee7f2c8b62c55ce68f7.png 800w, https:\/\/www.carliseppf.com\/wp-content\/uploads\/2025\/10\/2672cc8791b66ee7f2c8b62c55ce68f7-300x300.png 300w, https:\/\/www.carliseppf.com\/wp-content\/uploads\/2025\/10\/2672cc8791b66ee7f2c8b62c55ce68f7-150x150.png 150w, https:\/\/www.carliseppf.com\/wp-content\/uploads\/2025\/10\/2672cc8791b66ee7f2c8b62c55ce68f7-768x768.png 768w, https:\/\/www.carliseppf.com\/wp-content\/uploads\/2025\/10\/2672cc8791b66ee7f2c8b62c55ce68f7-370x370.png 370w, https:\/\/www.carliseppf.com\/wp-content\/uploads\/2025\/10\/2672cc8791b66ee7f2c8b62c55ce68f7-120x120.png 120w, https:\/\/www.carliseppf.com\/wp-content\/uploads\/2025\/10\/2672cc8791b66ee7f2c8b62c55ce68f7-410x410.png 410w, https:\/\/www.carliseppf.com\/wp-content\/uploads\/2025\/10\/2672cc8791b66ee7f2c8b62c55ce68f7-630x630.png 630w, https:\/\/www.carliseppf.com\/wp-content\/uploads\/2025\/10\/2672cc8791b66ee7f2c8b62c55ce68f7-730x730.png 730w, https:\/\/www.carliseppf.com\/wp-content\/uploads\/2025\/10\/2672cc8791b66ee7f2c8b62c55ce68f7-460x460.png 460w\" sizes=\"(max-width: 800px) 100vw, 800px\" \/> <img loading=\"lazy\" decoding=\"async\" class=\"alignnone size-full wp-image-9258\" src=\"https:\/\/www.carliseppf.com\/wp-content\/uploads\/2025\/10\/864618d976298df0cf3cabf0e6edd00d.png\" alt=\"\" width=\"800\" height=\"800\" srcset=\"https:\/\/www.carliseppf.com\/wp-content\/uploads\/2025\/10\/864618d976298df0cf3cabf0e6edd00d.png 800w, https:\/\/www.carliseppf.com\/wp-content\/uploads\/2025\/10\/864618d976298df0cf3cabf0e6edd00d-300x300.png 300w, https:\/\/www.carliseppf.com\/wp-content\/uploads\/2025\/10\/864618d976298df0cf3cabf0e6edd00d-150x150.png 150w, https:\/\/www.carliseppf.com\/wp-content\/uploads\/2025\/10\/864618d976298df0cf3cabf0e6edd00d-768x768.png 768w, https:\/\/www.carliseppf.com\/wp-content\/uploads\/2025\/10\/864618d976298df0cf3cabf0e6edd00d-370x370.png 370w, https:\/\/www.carliseppf.com\/wp-content\/uploads\/2025\/10\/864618d976298df0cf3cabf0e6edd00d-120x120.png 120w, https:\/\/www.carliseppf.com\/wp-content\/uploads\/2025\/10\/864618d976298df0cf3cabf0e6edd00d-410x410.png 410w, https:\/\/www.carliseppf.com\/wp-content\/uploads\/2025\/10\/864618d976298df0cf3cabf0e6edd00d-630x630.png 630w, https:\/\/www.carliseppf.com\/wp-content\/uploads\/2025\/10\/864618d976298df0cf3cabf0e6edd00d-730x730.png 730w, https:\/\/www.carliseppf.com\/wp-content\/uploads\/2025\/10\/864618d976298df0cf3cabf0e6edd00d-460x460.png 460w\" sizes=\"(max-width: 800px) 100vw, 800px\" \/> <img loading=\"lazy\" decoding=\"async\" class=\"alignnone wp-image-9254 size-full\" src=\"https:\/\/www.carliseppf.com\/wp-content\/uploads\/2025\/10\/5b6b94d510df62466bd694977cc0df89.png\" alt=\"PPF Wrap \u2013 Filme de Prote\u00e7\u00e3o de Pintura Transparente de 7,5 mil Hidrof\u00f3bico Vista Lateral\" width=\"800\" height=\"491\" srcset=\"https:\/\/www.carliseppf.com\/wp-content\/uploads\/2025\/10\/5b6b94d510df62466bd694977cc0df89.png 800w, https:\/\/www.carliseppf.com\/wp-content\/uploads\/2025\/10\/5b6b94d510df62466bd694977cc0df89-300x184.png 300w, https:\/\/www.carliseppf.com\/wp-content\/uploads\/2025\/10\/5b6b94d510df62466bd694977cc0df89-768x471.png 768w, https:\/\/www.carliseppf.com\/wp-content\/uploads\/2025\/10\/5b6b94d510df62466bd694977cc0df89-370x227.png 370w, https:\/\/www.carliseppf.com\/wp-content\/uploads\/2025\/10\/5b6b94d510df62466bd694977cc0df89-410x252.png 410w, https:\/\/www.carliseppf.com\/wp-content\/uploads\/2025\/10\/5b6b94d510df62466bd694977cc0df89-730x448.png 730w\" sizes=\"(max-width: 800px) 100vw, 800px\" \/> <img loading=\"lazy\" decoding=\"async\" class=\"alignnone wp-image-9256 size-full\" src=\"https:\/\/www.carliseppf.com\/wp-content\/uploads\/2025\/10\/567c3cfba8d37c87cd094403c3bf00b5.png\" alt=\"PPF Wrap \u2013 Cobertura Completa do Ve\u00edculo, Filme de TPU Transparente Hidrof\u00f3bico\" width=\"800\" height=\"465\" srcset=\"https:\/\/www.carliseppf.com\/wp-content\/uploads\/2025\/10\/567c3cfba8d37c87cd094403c3bf00b5.png 800w, https:\/\/www.carliseppf.com\/wp-content\/uploads\/2025\/10\/567c3cfba8d37c87cd094403c3bf00b5-300x174.png 300w, https:\/\/www.carliseppf.com\/wp-content\/uploads\/2025\/10\/567c3cfba8d37c87cd094403c3bf00b5-768x446.png 768w, https:\/\/www.carliseppf.com\/wp-content\/uploads\/2025\/10\/567c3cfba8d37c87cd094403c3bf00b5-370x215.png 370w, https:\/\/www.carliseppf.com\/wp-content\/uploads\/2025\/10\/567c3cfba8d37c87cd094403c3bf00b5-410x238.png 410w, https:\/\/www.carliseppf.com\/wp-content\/uploads\/2025\/10\/567c3cfba8d37c87cd094403c3bf00b5-730x424.png 730w\" sizes=\"(max-width: 800px) 100vw, 800px\" \/><\/p>","protected":false},"excerpt":{"rendered":"<p data-start=\"361\" data-end=\"656\">Proteja seu ve\u00edculo com este <strong data-start=\"392\" data-end=\"404\">ppf wrap<\/strong> \u2013 Filme de prote\u00e7\u00e3o de pintura transparente hidrof\u00f3bico de 7,5 mil, oferecendo autorrecupera\u00e7\u00e3o, resist\u00eancia a riscos e durabilidade de longa dura\u00e7\u00e3o. Fornecimento direto de f\u00e1brica, totalmente personaliz\u00e1vel para pedidos em grande quantidade. Ideal para instaladores profissionais, oficinas automotivas e entusiastas de carros.<\/p>","protected":false},"featured_media":9265,"comment_status":"open","ping_status":"closed","template":"","meta":[],"product_brand":[],"product_cat":[215],"product_tag":[],"class_list":{"0":"post-9264","1":"product","2":"type-product","3":"status-publish","4":"has-post-thumbnail","6":"product_cat-paint-protection-film-ppf","8":"first","9":"instock","10":"shipping-taxable","11":"product-type-simple"},"_links":{"self":[{"href":"https:\/\/www.carliseppf.com\/pt\/wp-json\/wp\/v2\/product\/9264","targetHints":{"allow":["GET"]}}],"collection":[{"href":"https:\/\/www.carliseppf.com\/pt\/wp-json\/wp\/v2\/product"}],"about":[{"href":"https:\/\/www.carliseppf.com\/pt\/wp-json\/wp\/v2\/types\/product"}],"replies":[{"embeddable":true,"href":"https:\/\/www.carliseppf.com\/pt\/wp-json\/wp\/v2\/comments?post=9264"}],"wp:featuredmedia":[{"embeddable":true,"href":"https:\/\/www.carliseppf.com\/pt\/wp-json\/wp\/v2\/media\/9265"}],"wp:attachment":[{"href":"https:\/\/www.carliseppf.com\/pt\/wp-json\/wp\/v2\/media?parent=9264"}],"wp:term":[{"taxonomy":"product_brand","embeddable":true,"href":"https:\/\/www.carliseppf.com\/pt\/wp-json\/wp\/v2\/product_brand?post=9264"},{"taxonomy":"product_cat","embeddable":true,"href":"https:\/\/www.carliseppf.com\/pt\/wp-json\/wp\/v2\/product_cat?post=9264"},{"taxonomy":"product_tag","embeddable":true,"href":"https:\/\/www.carliseppf.com\/pt\/wp-json\/wp\/v2\/product_tag?post=9264"}],"curies":[{"name":"wp","href":"https:\/\/api.w.org\/{rel}","templated":true}]}}