{"id":9275,"date":"2025-10-28T04:03:03","date_gmt":"2025-10-28T04:03:03","guid":{"rendered":"https:\/\/www.carliseppf.com\/?post_type=product&#038;p=9275"},"modified":"2025-11-20T12:11:20","modified_gmt":"2025-11-20T12:11:20","slug":"window-tint-kit-blue-2mil","status":"publish","type":"product","link":"https:\/\/www.carliseppf.com\/pt\/product\/window-tint-kit-blue-2mil\/","title":{"rendered":"Kit de Filme Chameleon Azul de 2 mil \u2013 Kit de Filme de Janela Premium"},"content":{"rendered":"<h2 data-start=\"674\" data-end=\"695\">Vis\u00e3o Geral do Produto<\/h2>\n<p data-start=\"696\" data-end=\"1007\">Este <strong data-start=\"701\" data-end=\"720\">kit de filme para janelas<\/strong> possui espessura de 2 mil e um efeito \u00fanico de chameleon azul, oferecendo rejei\u00e7\u00e3o superior de calor, prote\u00e7\u00e3o UV e privacidade aprimorada para o ve\u00edculo. Perfeito para carros, SUVs, caminh\u00f5es e motocicletas. Fornecimento direto de f\u00e1brica apoia pedidos em grande quantidade e tamanhos personaliz\u00e1veis para instaladores profissionais.<\/p>\n<h2 data-start=\"1009\" data-end=\"1033\">Recursos &amp; Benef\u00edcios<\/h2>\n<ul data-start=\"1034\" data-end=\"1317\">\n<li data-start=\"1034\" data-end=\"1091\">\n<p data-start=\"1036\" data-end=\"1091\">Alta qualidade <strong data-start=\"1049\" data-end=\"1068\">kit de filme para janelas<\/strong> com espessura de 2 mil<\/p>\n<\/li>\n<li data-start=\"1092\" data-end=\"1146\">\n<p data-start=\"1094\" data-end=\"1146\">Cor azul chameleon \u00fanica para apar\u00eancia estilosa<\/p>\n<\/li>\n<li data-start=\"1147\" data-end=\"1205\">\n<p data-start=\"1149\" data-end=\"1205\">Propriedades resistentes a UV, redu\u00e7\u00e3o de calor e anti-reflexo<\/p>\n<\/li>\n<li data-start=\"1206\" data-end=\"1246\">\n<p data-start=\"1208\" data-end=\"1246\">F\u00e1cil de aplicar em todas as janelas do ve\u00edculo<\/p>\n<\/li>\n<li data-start=\"1247\" data-end=\"1317\">\n<p data-start=\"1249\" data-end=\"1317\">Ideal para pedidos em grande quantidade, tamanhos personalizados e instala\u00e7\u00e3o profissional<\/p>\n<\/li>\n<\/ul>\n<h2 data-start=\"1319\" data-end=\"1342\">Material e Qualidade<\/h2>\n<ul data-start=\"1343\" data-end=\"1504\">\n<li data-start=\"1343\" data-end=\"1380\">\n<p data-start=\"1345\" data-end=\"1380\">Filme PET de grau automotivo premium<\/p>\n<\/li>\n<li data-start=\"1381\" data-end=\"1429\">\n<p data-start=\"1383\" data-end=\"1429\">Dur\u00e1vel, resistente a riscos e de longa dura\u00e7\u00e3o<\/p>\n<\/li>\n<li data-start=\"1430\" data-end=\"1475\">\n<p data-start=\"1432\" data-end=\"1475\">Mant\u00e9m a clareza enquanto fornece privacidade<\/p>\n<\/li>\n<li data-start=\"1476\" data-end=\"1504\">\n<p data-start=\"1478\" data-end=\"1504\">Seguro para todas as janelas OEM<\/p>\n<\/li>\n<\/ul>\n<h2 data-start=\"1506\" data-end=\"1539\">Instala\u00e7\u00e3o &amp; Personaliza\u00e7\u00e3o<\/h2>\n<ul data-start=\"1540\" data-end=\"1748\">\n<li data-start=\"1540\" data-end=\"1592\">\n<p data-start=\"1542\" data-end=\"1592\">Adesivo de libera\u00e7\u00e3o de ar para aplica\u00e7\u00e3o sem bolhas<\/p>\n<\/li>\n<li data-start=\"1593\" data-end=\"1631\">\n<p data-start=\"1595\" data-end=\"1631\">Form\u00e1vel ao calor para curvas e arestas<\/p>\n<\/li>\n<li data-start=\"1632\" data-end=\"1693\">\n<p data-start=\"1634\" data-end=\"1693\">Bobinas personaliz\u00e1veis dispon\u00edveis para pedidos em grande quantidade ou atacado<\/p>\n<\/li>\n<li data-start=\"1694\" data-end=\"1748\">\n<p data-start=\"1696\" data-end=\"1748\">Adequado para instaladores profissionais e usu\u00e1rios de bricolagem<\/p>\n<\/li>\n<\/ul>\n<h2 data-start=\"1750\" data-end=\"1767\">Aplica\u00e7\u00f5es<\/h2>\n<ul data-start=\"1768\" data-end=\"1939\">\n<li data-start=\"1768\" data-end=\"1827\">\n<p data-start=\"1770\" data-end=\"1827\">Cobertura completa das janelas do carro para privacidade e rejei\u00e7\u00e3o de calor<\/p>\n<\/li>\n<li data-start=\"1828\" data-end=\"1887\">\n<p data-start=\"1830\" data-end=\"1887\">Aplica\u00e7\u00e3o parcial de filme nas janelas dianteiras, laterais ou traseiras<\/p>\n<\/li>\n<li data-start=\"1888\" data-end=\"1939\">\n<p data-start=\"1890\" data-end=\"1939\">Perfeito para carros, SUVs, caminh\u00f5es e motocicletas<\/p>\n<\/li>\n<\/ul>\n<h2 data-start=\"1941\" data-end=\"1960\">Vantagens principais<\/h2>\n<ul data-start=\"1961\" data-end=\"2258\">\n<li data-start=\"1961\" data-end=\"2020\">\n<p data-start=\"1963\" data-end=\"2020\">Efeito estiloso de chameleon azul para uma apar\u00eancia \u00fanica do ve\u00edculo<\/p>\n<\/li>\n<li data-start=\"2021\" data-end=\"2079\">\n<p data-start=\"2023\" data-end=\"2079\">Fornecimento direto de f\u00e1brica e personaliza\u00e7\u00e3o em grande quantidade dispon\u00edveis<\/p>\n<\/li>\n<li data-start=\"2080\" data-end=\"2130\">\n<p data-start=\"2082\" data-end=\"2130\">De grau profissional <strong data-start=\"2101\" data-end=\"2120\">kit de filme para janelas<\/strong> qualidade<\/p>\n<\/li>\n<li data-start=\"2131\" data-end=\"2194\">\n<p data-start=\"2133\" data-end=\"2194\">Instala\u00e7\u00e3o f\u00e1cil para usu\u00e1rios de bricolagem e instaladores profissionais<\/p>\n<\/li>\n<li data-start=\"2195\" data-end=\"2258\">\n<p data-start=\"2197\" data-end=\"2258\">Ideal para oficinas automotivas, instaladores e entusiastas de carros<\/p>\n<\/li>\n<\/ul>\n<h2 data-start=\"2260\" data-end=\"2281\">Inclui no pacote<\/h2>\n<ul data-start=\"2282\" data-end=\"2402\">\n<li data-start=\"2282\" data-end=\"2333\">\n<p data-start=\"2284\" data-end=\"2333\">1 Rolo de Filme de Filme de Vidro Azul Camale\u00e3o de 2 mil<\/p>\n<\/li>\n<li data-start=\"2334\" data-end=\"2402\">\n<p data-start=\"2336\" data-end=\"2402\">Kit de instala\u00e7\u00e3o opcional: esp\u00e1tula, l\u00e2mina, pano de microfibra<\/p>\n<\/li>\n<\/ul>\n<h2 data-start=\"2404\" data-end=\"2433\">Por que escolher este produto?<\/h2>\n<p data-start=\"2434\" data-end=\"2657\">Este filme premium <strong data-start=\"2447\" data-end=\"2466\">kit de filme para janelas<\/strong> oferece um equil\u00edbrio perfeito entre estilo, prote\u00e7\u00e3o UV, rejei\u00e7\u00e3o de calor e privacidade. Fornecimento direto de f\u00e1brica garante pedidos em grande quantidade e personaliza\u00e7\u00e3o para instaladores profissionais ou entusiastas de carros.<\/p>\n<p><img fetchpriority=\"high\" decoding=\"async\" class=\"alignnone wp-image-9268 size-full\" src=\"https:\/\/www.carliseppf.com\/wp-content\/uploads\/2025\/10\/7ff4d022d5fb57cf43e71cfed1c3d236.png\" alt=\"kit de filme para janelas\" width=\"800\" height=\"800\" srcset=\"https:\/\/www.carliseppf.com\/wp-content\/uploads\/2025\/10\/7ff4d022d5fb57cf43e71cfed1c3d236.png 800w, https:\/\/www.carliseppf.com\/wp-content\/uploads\/2025\/10\/7ff4d022d5fb57cf43e71cfed1c3d236-300x300.png 300w, https:\/\/www.carliseppf.com\/wp-content\/uploads\/2025\/10\/7ff4d022d5fb57cf43e71cfed1c3d236-150x150.png 150w, https:\/\/www.carliseppf.com\/wp-content\/uploads\/2025\/10\/7ff4d022d5fb57cf43e71cfed1c3d236-768x768.png 768w, https:\/\/www.carliseppf.com\/wp-content\/uploads\/2025\/10\/7ff4d022d5fb57cf43e71cfed1c3d236-370x370.png 370w, https:\/\/www.carliseppf.com\/wp-content\/uploads\/2025\/10\/7ff4d022d5fb57cf43e71cfed1c3d236-120x120.png 120w, https:\/\/www.carliseppf.com\/wp-content\/uploads\/2025\/10\/7ff4d022d5fb57cf43e71cfed1c3d236-410x410.png 410w, https:\/\/www.carliseppf.com\/wp-content\/uploads\/2025\/10\/7ff4d022d5fb57cf43e71cfed1c3d236-630x630.png 630w, https:\/\/www.carliseppf.com\/wp-content\/uploads\/2025\/10\/7ff4d022d5fb57cf43e71cfed1c3d236-730x730.png 730w, https:\/\/www.carliseppf.com\/wp-content\/uploads\/2025\/10\/7ff4d022d5fb57cf43e71cfed1c3d236-460x460.png 460w\" sizes=\"(max-width: 800px) 100vw, 800px\" \/> <img decoding=\"async\" class=\"alignnone wp-image-9269 size-full\" src=\"https:\/\/www.carliseppf.com\/wp-content\/uploads\/2025\/10\/ba2d5564652e49302b748bd4da89e49d.png\" alt=\"Kit de Filme de Filme de Vidro \u2013 Filme Camale\u00e3o Azul de 2 mil para Cobertura Completa do Ve\u00edculo\" width=\"800\" height=\"800\" srcset=\"https:\/\/www.carliseppf.com\/wp-content\/uploads\/2025\/10\/ba2d5564652e49302b748bd4da89e49d.png 800w, https:\/\/www.carliseppf.com\/wp-content\/uploads\/2025\/10\/ba2d5564652e49302b748bd4da89e49d-300x300.png 300w, https:\/\/www.carliseppf.com\/wp-content\/uploads\/2025\/10\/ba2d5564652e49302b748bd4da89e49d-150x150.png 150w, https:\/\/www.carliseppf.com\/wp-content\/uploads\/2025\/10\/ba2d5564652e49302b748bd4da89e49d-768x768.png 768w, https:\/\/www.carliseppf.com\/wp-content\/uploads\/2025\/10\/ba2d5564652e49302b748bd4da89e49d-370x370.png 370w, https:\/\/www.carliseppf.com\/wp-content\/uploads\/2025\/10\/ba2d5564652e49302b748bd4da89e49d-120x120.png 120w, https:\/\/www.carliseppf.com\/wp-content\/uploads\/2025\/10\/ba2d5564652e49302b748bd4da89e49d-410x410.png 410w, https:\/\/www.carliseppf.com\/wp-content\/uploads\/2025\/10\/ba2d5564652e49302b748bd4da89e49d-630x630.png 630w, https:\/\/www.carliseppf.com\/wp-content\/uploads\/2025\/10\/ba2d5564652e49302b748bd4da89e49d-730x730.png 730w, https:\/\/www.carliseppf.com\/wp-content\/uploads\/2025\/10\/ba2d5564652e49302b748bd4da89e49d-460x460.png 460w\" sizes=\"(max-width: 800px) 100vw, 800px\" \/> <img decoding=\"async\" class=\"alignnone wp-image-9273 size-full\" src=\"https:\/\/www.carliseppf.com\/wp-content\/uploads\/2025\/10\/2a17e4b44799b2f3aabc02d82c4e1fcd.png\" alt=\"Kit Premium de Filme de Filme de Vidro \u2013 Filme de Prote\u00e7\u00e3o UV e Rejei\u00e7\u00e3o de Calor\" width=\"800\" height=\"989\" srcset=\"https:\/\/www.carliseppf.com\/wp-content\/uploads\/2025\/10\/2a17e4b44799b2f3aabc02d82c4e1fcd.png 800w, https:\/\/www.carliseppf.com\/wp-content\/uploads\/2025\/10\/2a17e4b44799b2f3aabc02d82c4e1fcd-243x300.png 243w, https:\/\/www.carliseppf.com\/wp-content\/uploads\/2025\/10\/2a17e4b44799b2f3aabc02d82c4e1fcd-768x949.png 768w, https:\/\/www.carliseppf.com\/wp-content\/uploads\/2025\/10\/2a17e4b44799b2f3aabc02d82c4e1fcd-370x457.png 370w, https:\/\/www.carliseppf.com\/wp-content\/uploads\/2025\/10\/2a17e4b44799b2f3aabc02d82c4e1fcd-410x507.png 410w, https:\/\/www.carliseppf.com\/wp-content\/uploads\/2025\/10\/2a17e4b44799b2f3aabc02d82c4e1fcd-730x902.png 730w\" sizes=\"(max-width: 800px) 100vw, 800px\" \/> <img loading=\"lazy\" decoding=\"async\" class=\"alignnone wp-image-9274 size-full\" src=\"https:\/\/www.carliseppf.com\/wp-content\/uploads\/2025\/10\/0c6be8a5589ebcb8d9bda893698f4c8c.png\" alt=\"Kit de Filme de Vidro Estiloso Azul \u2013 Filme Dur\u00e1vel e Resistente a Arranh\u00f5es\" width=\"800\" height=\"800\" srcset=\"https:\/\/www.carliseppf.com\/wp-content\/uploads\/2025\/10\/0c6be8a5589ebcb8d9bda893698f4c8c.png 800w, https:\/\/www.carliseppf.com\/wp-content\/uploads\/2025\/10\/0c6be8a5589ebcb8d9bda893698f4c8c-300x300.png 300w, https:\/\/www.carliseppf.com\/wp-content\/uploads\/2025\/10\/0c6be8a5589ebcb8d9bda893698f4c8c-150x150.png 150w, https:\/\/www.carliseppf.com\/wp-content\/uploads\/2025\/10\/0c6be8a5589ebcb8d9bda893698f4c8c-768x768.png 768w, https:\/\/www.carliseppf.com\/wp-content\/uploads\/2025\/10\/0c6be8a5589ebcb8d9bda893698f4c8c-370x370.png 370w, https:\/\/www.carliseppf.com\/wp-content\/uploads\/2025\/10\/0c6be8a5589ebcb8d9bda893698f4c8c-120x120.png 120w, https:\/\/www.carliseppf.com\/wp-content\/uploads\/2025\/10\/0c6be8a5589ebcb8d9bda893698f4c8c-410x410.png 410w, https:\/\/www.carliseppf.com\/wp-content\/uploads\/2025\/10\/0c6be8a5589ebcb8d9bda893698f4c8c-630x630.png 630w, https:\/\/www.carliseppf.com\/wp-content\/uploads\/2025\/10\/0c6be8a5589ebcb8d9bda893698f4c8c-730x730.png 730w, https:\/\/www.carliseppf.com\/wp-content\/uploads\/2025\/10\/0c6be8a5589ebcb8d9bda893698f4c8c-460x460.png 460w\" sizes=\"(max-width: 800px) 100vw, 800px\" \/> <img loading=\"lazy\" decoding=\"async\" class=\"alignnone wp-image-9271 size-full\" src=\"https:\/\/www.carliseppf.com\/wp-content\/uploads\/2025\/10\/c5d2f6550e7a34e29d3e3bc4c9aef7b2.png\" alt=\"Kit de Filme de Filme de Vidro Direto de F\u00e1brica \u2013 Filme Camale\u00e3o de 2 mil para Carros e SUVs\" width=\"800\" height=\"800\" srcset=\"https:\/\/www.carliseppf.com\/wp-content\/uploads\/2025\/10\/c5d2f6550e7a34e29d3e3bc4c9aef7b2.png 800w, https:\/\/www.carliseppf.com\/wp-content\/uploads\/2025\/10\/c5d2f6550e7a34e29d3e3bc4c9aef7b2-300x300.png 300w, https:\/\/www.carliseppf.com\/wp-content\/uploads\/2025\/10\/c5d2f6550e7a34e29d3e3bc4c9aef7b2-150x150.png 150w, https:\/\/www.carliseppf.com\/wp-content\/uploads\/2025\/10\/c5d2f6550e7a34e29d3e3bc4c9aef7b2-768x768.png 768w, https:\/\/www.carliseppf.com\/wp-content\/uploads\/2025\/10\/c5d2f6550e7a34e29d3e3bc4c9aef7b2-370x370.png 370w, https:\/\/www.carliseppf.com\/wp-content\/uploads\/2025\/10\/c5d2f6550e7a34e29d3e3bc4c9aef7b2-120x120.png 120w, https:\/\/www.carliseppf.com\/wp-content\/uploads\/2025\/10\/c5d2f6550e7a34e29d3e3bc4c9aef7b2-410x410.png 410w, https:\/\/www.carliseppf.com\/wp-content\/uploads\/2025\/10\/c5d2f6550e7a34e29d3e3bc4c9aef7b2-630x630.png 630w, https:\/\/www.carliseppf.com\/wp-content\/uploads\/2025\/10\/c5d2f6550e7a34e29d3e3bc4c9aef7b2-730x730.png 730w, https:\/\/www.carliseppf.com\/wp-content\/uploads\/2025\/10\/c5d2f6550e7a34e29d3e3bc4c9aef7b2-460x460.png 460w\" sizes=\"(max-width: 800px) 100vw, 800px\" \/><\/p>","protected":false},"excerpt":{"rendered":"<p>Premium <strong data-start=\"401\" data-end=\"420\">kit de filme para janelas<\/strong> com espessura de 2 mil na cor chameleon azul. Oferece prote\u00e7\u00e3o UV, rejei\u00e7\u00e3o de calor e maior privacidade para ve\u00edculos. Fornecimento direto de f\u00e1brica apoia pedidos em grande quantidade e personaliza\u00e7\u00e3o, ideal para profissionais e entusiastas de autom\u00f3veis.<\/p>","protected":false},"featured_media":9278,"comment_status":"open","ping_status":"closed","template":"","meta":[],"product_brand":[],"product_cat":[217],"product_tag":[],"class_list":{"0":"post-9275","1":"product","2":"type-product","3":"status-publish","4":"has-post-thumbnail","6":"product_cat-window-tint-films","8":"first","9":"instock","10":"shipping-taxable","11":"product-type-simple"},"_links":{"self":[{"href":"https:\/\/www.carliseppf.com\/pt\/wp-json\/wp\/v2\/product\/9275","targetHints":{"allow":["GET"]}}],"collection":[{"href":"https:\/\/www.carliseppf.com\/pt\/wp-json\/wp\/v2\/product"}],"about":[{"href":"https:\/\/www.carliseppf.com\/pt\/wp-json\/wp\/v2\/types\/product"}],"replies":[{"embeddable":true,"href":"https:\/\/www.carliseppf.com\/pt\/wp-json\/wp\/v2\/comments?post=9275"}],"wp:featuredmedia":[{"embeddable":true,"href":"https:\/\/www.carliseppf.com\/pt\/wp-json\/wp\/v2\/media\/9278"}],"wp:attachment":[{"href":"https:\/\/www.carliseppf.com\/pt\/wp-json\/wp\/v2\/media?parent=9275"}],"wp:term":[{"taxonomy":"product_brand","embeddable":true,"href":"https:\/\/www.carliseppf.com\/pt\/wp-json\/wp\/v2\/product_brand?post=9275"},{"taxonomy":"product_cat","embeddable":true,"href":"https:\/\/www.carliseppf.com\/pt\/wp-json\/wp\/v2\/product_cat?post=9275"},{"taxonomy":"product_tag","embeddable":true,"href":"https:\/\/www.carliseppf.com\/pt\/wp-json\/wp\/v2\/product_tag?post=9275"}],"curies":[{"name":"wp","href":"https:\/\/api.w.org\/{rel}","templated":true}]}}